{"id":2082,"date":"2023-10-04T01:30:53","date_gmt":"2023-10-03T23:30:53","guid":{"rendered":"https:\/\/nuevaweb.cpl.es\/producto\/cercania-y-palabra-9788498058741\/"},"modified":"2023-10-04T01:30:56","modified_gmt":"2023-10-03T23:30:56","slug":"cercania-y-palabra-9788498058741","status":"publish","type":"product","link":"https:\/\/www.cpl.es\/ca\/producto\/cercania-y-palabra-9788498058741\/","title":{"rendered":"Cercan\u00eda y palabra"},"content":{"rendered":"<p>Esta edici\u00f3n se ha elaborado a partir de dos tipos de documentos aut\u00e9nticos y exclusivos. Unidos recrean la unidad de este volumen. Por un lado, don Javier [Javier Garde] ha elaborado un diario donde recopila sus actividades diarias impregnadas de su amor y desvelos por los dem\u00e1s, en especial por los m\u00e1s necesitados. Todo ello conforma sus vivencias y dedicaci\u00f3n religiosas d\u00eda a d\u00eda durante el a\u00f1o 2012.<br \/>Desde las primeras l\u00edneas del diario nos advierte que los pilares sobre los que se asienta su mensaje se aleja mucho del mundo material. Don Javier se muestra un maestro en recoger los avatares de su vida cotidiana. A primera vista, manifiesta en sus vivencias unos l\u00edmites precisos y habituales, pero su acierto profundo hay que buscarlo en el secreto de esa trivialidad o sencillez.<\/p>\n<p>Javier Garde De Miguel Vio la luz de este mundo en M\u00e9lida (Navarra). Desde ni\u00f1o se acercaba al Monasterio de La Oliva para participar en la salmodia de los monjes. Cumplidos los a\u00f1os del Seminario Diocesano de Pamplona, lleg\u00f3 a la Universidad Pontificia de Comillas donde curs\u00f3 la licenciatura de Teolog\u00eda y Derecho, como base de su futuro humano y pastoral. Este p\u00e1rroco ha vivido el Concilio Vaticano II y lo acogi\u00f3 con inmenso entusiasmo con sus hechos y rasgos fundamentales. Durante medio siglo realiz\u00f3 esfuerzos notables para asumir el Concilio y estar informado. En este per\u00edodo lee, piensa, sufre, ora, participa en la vida diocesana, en encuentros y foros teol\u00f3gicos. Procuraba unir la palabra y las obras. Desde los a\u00f1os setenta, se dedica a la parroquia, con todo lo que significa esta instituci\u00f3n, perenne y amada con pasi\u00f3n. Supo compaginar la entrega incondicional a la comunidad cristiana de El Huerto con la atenci\u00f3n pastoral de la di\u00f3cesis. En el colegio mayor Roncesvalles, como capell\u00e1n, hemos o\u00eddo la voz de los m\u00e1s notables expertos en los temas de Fe y Cultura, a lo largo de 40 ediciones de &#8216;La Semana del Pensamiento Cristiano y Di\u00e1logo'. Pero, lo suyo ha sido la comunidad parroquial: iglesia, hospitales, amigos y fieles de cualquier condici\u00f3n. Reuniones y encuentros, el hogar familiar, otras parroquias &#8230; la sacrist\u00eda y las monjas de El Huerto. La dedicaci\u00f3n pastoral en la parroquia de Nuestra Se\u00f1ora del Huerto culmina con la jubilaci\u00f3n en 2006.<br \/>Hoy sigue desempe\u00f1ando su obra como Vicario Pastoral.<\/p>\n","protected":false},"excerpt":{"rendered":"<p>Garde de Miguel, Javier<\/p>\n","protected":false},"featured_media":2083,"template":"","meta":{"_acf_changed":false,"inline_featured_image":false},"product_brand":[],"product_cat":[90],"product_tag":[],"class_list":{"0":"post-2082","1":"product","2":"type-product","3":"status-publish","4":"has-post-thumbnail","6":"product_cat-liturgia-y-espiritualidad","8":"first","9":"instock","10":"taxable","11":"shipping-taxable","12":"purchasable","13":"product-type-simple"},"acf":{"autor":"Garde de Miguel, Javier","codart":"150016","ediciones":"1","encuadernacion":"R\u00fastica","fecha_de_publicacion":"30\/12\/2015","novedad":false,"paginas":"368","subtitulo":"Un a\u00f1o en la vida de un cura en su parroquia","orden":"999","portada":false,"idioma":"spa","editorial":[{"ID":6736,"post_author":"2","post_date":"2023-10-06 08:35:24","post_date_gmt":"2023-10-06 06:35:24","post_content":"","post_title":"CPL","post_excerpt":"","post_status":"publish","comment_status":"closed","ping_status":"closed","post_password":"","post_name":"cpl","to_ping":"","pinged":"","post_modified":"2023-10-06 08:35:24","post_modified_gmt":"2023-10-06 06:35:24","post_content_filtered":"","post_parent":0,"guid":"https:\/\/nuevaweb.cpl.es\/editorial\/cpl\/","menu_order":0,"post_type":"editorial","post_mime_type":"","comment_count":"0","filter":"raw"}]},"yoast_head":"<!-- This site is optimized with the Yoast SEO plugin v27.3 - https:\/\/yoast.com\/product\/yoast-seo-wordpress\/ -->\n<title>Cercan\u00eda y palabra - CPL<\/title>\n<meta name=\"robots\" content=\"index, follow, max-snippet:-1, max-image-preview:large, max-video-preview:-1\" \/>\n<link rel=\"canonical\" href=\"https:\/\/www.cpl.es\/producto\/cercania-y-palabra-9788498058741\/\" \/>\n<meta property=\"og:locale\" content=\"ca_ES\" \/>\n<meta property=\"og:type\" content=\"article\" \/>\n<meta property=\"og:title\" content=\"Cercan\u00eda y palabra - CPL\" \/>\n<meta property=\"og:description\" content=\"Garde de Miguel, Javier\" \/>\n<meta property=\"og:url\" content=\"https:\/\/www.cpl.es\/producto\/cercania-y-palabra-9788498058741\/\" \/>\n<meta property=\"og:site_name\" content=\"CPL\" \/>\n<meta property=\"article:modified_time\" content=\"2023-10-03T23:30:56+00:00\" \/>\n<meta property=\"og:image\" content=\"https:\/\/www.cpl.es\/wp-content\/uploads\/150016.jpg\" \/>\n\t<meta property=\"og:image:width\" content=\"280\" \/>\n\t<meta property=\"og:image:height\" content=\"411\" \/>\n\t<meta property=\"og:image:type\" content=\"image\/jpeg\" \/>\n<meta name=\"twitter:card\" content=\"summary_large_image\" \/>\n<meta name=\"twitter:label1\" content=\"Temps estimat de lectura\" \/>\n\t<meta name=\"twitter:data1\" content=\"2 minuts\" \/>\n<script type=\"application\/ld+json\" class=\"yoast-schema-graph\">{\"@context\":\"https:\\\/\\\/schema.org\",\"@graph\":[{\"@type\":\"WebPage\",\"@id\":\"https:\\\/\\\/www.cpl.es\\\/producto\\\/cercania-y-palabra-9788498058741\\\/\",\"url\":\"https:\\\/\\\/www.cpl.es\\\/producto\\\/cercania-y-palabra-9788498058741\\\/\",\"name\":\"Cercan\u00eda y palabra - CPL\",\"isPartOf\":{\"@id\":\"https:\\\/\\\/www.cpl.es\\\/#website\"},\"primaryImageOfPage\":{\"@id\":\"https:\\\/\\\/www.cpl.es\\\/producto\\\/cercania-y-palabra-9788498058741\\\/#primaryimage\"},\"image\":{\"@id\":\"https:\\\/\\\/www.cpl.es\\\/producto\\\/cercania-y-palabra-9788498058741\\\/#primaryimage\"},\"thumbnailUrl\":\"https:\\\/\\\/www.cpl.es\\\/wp-content\\\/uploads\\\/150016.jpg\",\"datePublished\":\"2023-10-03T23:30:53+00:00\",\"dateModified\":\"2023-10-03T23:30:56+00:00\",\"breadcrumb\":{\"@id\":\"https:\\\/\\\/www.cpl.es\\\/producto\\\/cercania-y-palabra-9788498058741\\\/#breadcrumb\"},\"inLanguage\":\"ca\",\"potentialAction\":[{\"@type\":\"ReadAction\",\"target\":[\"https:\\\/\\\/www.cpl.es\\\/producto\\\/cercania-y-palabra-9788498058741\\\/\"]}]},{\"@type\":\"ImageObject\",\"inLanguage\":\"ca\",\"@id\":\"https:\\\/\\\/www.cpl.es\\\/producto\\\/cercania-y-palabra-9788498058741\\\/#primaryimage\",\"url\":\"https:\\\/\\\/www.cpl.es\\\/wp-content\\\/uploads\\\/150016.jpg\",\"contentUrl\":\"https:\\\/\\\/www.cpl.es\\\/wp-content\\\/uploads\\\/150016.jpg\",\"width\":280,\"height\":411,\"caption\":\"150016.jpg\"},{\"@type\":\"BreadcrumbList\",\"@id\":\"https:\\\/\\\/www.cpl.es\\\/producto\\\/cercania-y-palabra-9788498058741\\\/#breadcrumb\",\"itemListElement\":[{\"@type\":\"ListItem\",\"position\":1,\"name\":\"Portada\",\"item\":\"https:\\\/\\\/www.cpl.es\\\/ca\\\/\"},{\"@type\":\"ListItem\",\"position\":2,\"name\":\"Cat\u00e0leg\",\"item\":\"https:\\\/\\\/www.cpl.es\\\/ca\\\/cataleg\\\/\"},{\"@type\":\"ListItem\",\"position\":3,\"name\":\"Cercan\u00eda y palabra\"}]},{\"@type\":\"WebSite\",\"@id\":\"https:\\\/\\\/www.cpl.es\\\/#website\",\"url\":\"https:\\\/\\\/www.cpl.es\\\/\",\"name\":\"CPL\",\"description\":\"Centre de Pastoral Lit\u00fargica de Barcelona\",\"publisher\":{\"@id\":\"https:\\\/\\\/www.cpl.es\\\/#organization\"},\"alternateName\":\"Centre de Pastoral Lit\u00fargica\",\"potentialAction\":[{\"@type\":\"SearchAction\",\"target\":{\"@type\":\"EntryPoint\",\"urlTemplate\":\"https:\\\/\\\/www.cpl.es\\\/?s={search_term_string}\"},\"query-input\":{\"@type\":\"PropertyValueSpecification\",\"valueRequired\":true,\"valueName\":\"search_term_string\"}}],\"inLanguage\":\"ca\"},{\"@type\":\"Organization\",\"@id\":\"https:\\\/\\\/www.cpl.es\\\/#organization\",\"name\":\"Centre de Pastoral Lit\u00fargica\",\"alternateName\":\"Centre de Pastoral Lit\u00fargica de Barcelona\",\"url\":\"https:\\\/\\\/www.cpl.es\\\/\",\"logo\":{\"@type\":\"ImageObject\",\"inLanguage\":\"ca\",\"@id\":\"https:\\\/\\\/www.cpl.es\\\/#\\\/schema\\\/logo\\\/image\\\/\",\"url\":\"https:\\\/\\\/www.cpl.es\\\/wp-content\\\/uploads\\\/logo-cpl.svg\",\"contentUrl\":\"https:\\\/\\\/www.cpl.es\\\/wp-content\\\/uploads\\\/logo-cpl.svg\",\"caption\":\"Centre de Pastoral Lit\u00fargica\"},\"image\":{\"@id\":\"https:\\\/\\\/www.cpl.es\\\/#\\\/schema\\\/logo\\\/image\\\/\"}}]}<\/script>\n<!-- \/ Yoast SEO plugin. -->","yoast_head_json":{"title":"Cercan\u00eda y palabra - CPL","robots":{"index":"index","follow":"follow","max-snippet":"max-snippet:-1","max-image-preview":"max-image-preview:large","max-video-preview":"max-video-preview:-1"},"canonical":"https:\/\/www.cpl.es\/producto\/cercania-y-palabra-9788498058741\/","og_locale":"ca_ES","og_type":"article","og_title":"Cercan\u00eda y palabra - CPL","og_description":"Garde de Miguel, Javier","og_url":"https:\/\/www.cpl.es\/producto\/cercania-y-palabra-9788498058741\/","og_site_name":"CPL","article_modified_time":"2023-10-03T23:30:56+00:00","og_image":[{"width":280,"height":411,"url":"https:\/\/www.cpl.es\/wp-content\/uploads\/150016.jpg","type":"image\/jpeg"}],"twitter_card":"summary_large_image","twitter_misc":{"Temps estimat de lectura":"2 minuts"},"schema":{"@context":"https:\/\/schema.org","@graph":[{"@type":"WebPage","@id":"https:\/\/www.cpl.es\/producto\/cercania-y-palabra-9788498058741\/","url":"https:\/\/www.cpl.es\/producto\/cercania-y-palabra-9788498058741\/","name":"Cercan\u00eda y palabra - CPL","isPartOf":{"@id":"https:\/\/www.cpl.es\/#website"},"primaryImageOfPage":{"@id":"https:\/\/www.cpl.es\/producto\/cercania-y-palabra-9788498058741\/#primaryimage"},"image":{"@id":"https:\/\/www.cpl.es\/producto\/cercania-y-palabra-9788498058741\/#primaryimage"},"thumbnailUrl":"https:\/\/www.cpl.es\/wp-content\/uploads\/150016.jpg","datePublished":"2023-10-03T23:30:53+00:00","dateModified":"2023-10-03T23:30:56+00:00","breadcrumb":{"@id":"https:\/\/www.cpl.es\/producto\/cercania-y-palabra-9788498058741\/#breadcrumb"},"inLanguage":"ca","potentialAction":[{"@type":"ReadAction","target":["https:\/\/www.cpl.es\/producto\/cercania-y-palabra-9788498058741\/"]}]},{"@type":"ImageObject","inLanguage":"ca","@id":"https:\/\/www.cpl.es\/producto\/cercania-y-palabra-9788498058741\/#primaryimage","url":"https:\/\/www.cpl.es\/wp-content\/uploads\/150016.jpg","contentUrl":"https:\/\/www.cpl.es\/wp-content\/uploads\/150016.jpg","width":280,"height":411,"caption":"150016.jpg"},{"@type":"BreadcrumbList","@id":"https:\/\/www.cpl.es\/producto\/cercania-y-palabra-9788498058741\/#breadcrumb","itemListElement":[{"@type":"ListItem","position":1,"name":"Portada","item":"https:\/\/www.cpl.es\/ca\/"},{"@type":"ListItem","position":2,"name":"Cat\u00e0leg","item":"https:\/\/www.cpl.es\/ca\/cataleg\/"},{"@type":"ListItem","position":3,"name":"Cercan\u00eda y palabra"}]},{"@type":"WebSite","@id":"https:\/\/www.cpl.es\/#website","url":"https:\/\/www.cpl.es\/","name":"CPL","description":"Centre de Pastoral Lit\u00fargica de Barcelona","publisher":{"@id":"https:\/\/www.cpl.es\/#organization"},"alternateName":"Centre de Pastoral Lit\u00fargica","potentialAction":[{"@type":"SearchAction","target":{"@type":"EntryPoint","urlTemplate":"https:\/\/www.cpl.es\/?s={search_term_string}"},"query-input":{"@type":"PropertyValueSpecification","valueRequired":true,"valueName":"search_term_string"}}],"inLanguage":"ca"},{"@type":"Organization","@id":"https:\/\/www.cpl.es\/#organization","name":"Centre de Pastoral Lit\u00fargica","alternateName":"Centre de Pastoral Lit\u00fargica de Barcelona","url":"https:\/\/www.cpl.es\/","logo":{"@type":"ImageObject","inLanguage":"ca","@id":"https:\/\/www.cpl.es\/#\/schema\/logo\/image\/","url":"https:\/\/www.cpl.es\/wp-content\/uploads\/logo-cpl.svg","contentUrl":"https:\/\/www.cpl.es\/wp-content\/uploads\/logo-cpl.svg","caption":"Centre de Pastoral Lit\u00fargica"},"image":{"@id":"https:\/\/www.cpl.es\/#\/schema\/logo\/image\/"}}]}},"_links":{"self":[{"href":"https:\/\/www.cpl.es\/ca\/wp-json\/wp\/v2\/product\/2082","targetHints":{"allow":["GET"]}}],"collection":[{"href":"https:\/\/www.cpl.es\/ca\/wp-json\/wp\/v2\/product"}],"about":[{"href":"https:\/\/www.cpl.es\/ca\/wp-json\/wp\/v2\/types\/product"}],"wp:featuredmedia":[{"embeddable":true,"href":"https:\/\/www.cpl.es\/ca\/wp-json\/wp\/v2\/media\/2083"}],"wp:attachment":[{"href":"https:\/\/www.cpl.es\/ca\/wp-json\/wp\/v2\/media?parent=2082"}],"wp:term":[{"taxonomy":"product_brand","embeddable":true,"href":"https:\/\/www.cpl.es\/ca\/wp-json\/wp\/v2\/product_brand?post=2082"},{"taxonomy":"product_cat","embeddable":true,"href":"https:\/\/www.cpl.es\/ca\/wp-json\/wp\/v2\/product_cat?post=2082"},{"taxonomy":"product_tag","embeddable":true,"href":"https:\/\/www.cpl.es\/ca\/wp-json\/wp\/v2\/product_tag?post=2082"}],"curies":[{"name":"wp","href":"https:\/\/api.w.org\/{rel}","templated":true}]}}