{"id":20760,"date":"2025-10-16T12:24:11","date_gmt":"2025-10-16T10:24:11","guid":{"rendered":"https:\/\/www.cpl.es\/?post_type=product&#038;p=20760"},"modified":"2025-10-29T09:50:49","modified_gmt":"2025-10-29T08:50:49","slug":"agenda-parroquial-25-26","status":"publish","type":"product","link":"https:\/\/www.cpl.es\/ca\/producto\/agenda-parroquial-25-26\/","title":{"rendered":"Agenda Parroquial &#8211; 25\/26"},"content":{"rendered":"<p>Pensada en concret per a les parr\u00f2quies: un dia per p\u00e0gina, especialment dissabte i diumenge; inclou 15 mesos, per tal de comprendre l'any lit\u00fargic i el curs escolar; amb les solemnitats, festes i mem\u00f2ries obligat\u00f2ries de la Tarraconense; les lectures de la missa; i les jornades i col\u00b7lectes.<\/p>\n","protected":false},"excerpt":{"rendered":"<p>Pensada en concret per a les parr\u00f2quies: un dia per p\u00e0gina, especialment dissabte i diumenge; inclou 15 mesos, per tal de comprendre l&#8217;any lit\u00fargic i el curs escolar; amb les solemnitats, festes i mem\u00f2ries obligat\u00f2ries de la Tarraconense; les lectures de la missa; i les jornades i col\u00b7lectes.<\/p>\n","protected":false},"featured_media":20156,"template":"","meta":{"_acf_changed":false,"inline_featured_image":false},"product_brand":[],"product_cat":[15],"product_tag":[],"class_list":{"0":"post-20760","1":"product","2":"type-product","3":"status-publish","4":"has-post-thumbnail","6":"product_cat-sin-categorizar","8":"first","9":"instock","10":"taxable","11":"shipping-taxable","12":"purchasable","13":"product-type-simple"},"acf":{"subtitulo":"","editorial":[{"ID":6736,"post_author":"2","post_date":"2023-10-06 08:35:24","post_date_gmt":"2023-10-06 06:35:24","post_content":"","post_title":"CPL","post_excerpt":"","post_status":"publish","comment_status":"closed","ping_status":"closed","post_password":"","post_name":"cpl","to_ping":"","pinged":"","post_modified":"2023-10-06 08:35:24","post_modified_gmt":"2023-10-06 06:35:24","post_content_filtered":"","post_parent":0,"guid":"https:\/\/nuevaweb.cpl.es\/editorial\/cpl\/","menu_order":0,"post_type":"editorial","post_mime_type":"","comment_count":"0","filter":"raw"}],"autor":"","autores-libros":"","traductores-libros":"","ilustradores-libros":"","fecha_de_publicacion":"15\/09\/2025","coleccion":"","coleccion_num":"","paginas":"468","encuadernacion":"","ediciones":"","formato":"","idioma":"Catal\u00e0","ficha":"","muestra":"","presentacion":"","booktrailer":"","Venta_ebook_1_url":"","Venta_ebook_1_tienda":"","Venta_ebook_1_precio":"","Venta_ebook_2_url":"","Venta_ebook_2_tienda":"","Venta_ebook_2_precio":"","Venta_ebook_3_url":"","Venta_ebook_3_tienda":"","Venta_ebook_3_precio":"","Venta_ebook_4_url":"","Venta_ebook_4_tienda":"","Venta_ebook_4_precio":"","Venta_ebook_5_url":"","Venta_ebook_5_tienda":"","Venta_ebook_5_precio":"","Venta_ebook_6_url":"","Venta_ebook_6_tienda":"","Venta_ebook_6_precio":"","codart":"219001","recomendamos":"","novedad":true,"portada":true,"orden":"999","mas_vendido":"","tarifa":""},"yoast_head":"<!-- This site is optimized with the Yoast SEO plugin v27.3 - https:\/\/yoast.com\/product\/yoast-seo-wordpress\/ -->\n<title>Agenda Parroquial - 25\/26 - CPL<\/title>\n<meta name=\"robots\" content=\"index, follow, max-snippet:-1, max-image-preview:large, max-video-preview:-1\" \/>\n<link rel=\"canonical\" href=\"https:\/\/www.cpl.es\/producto\/agenda-parroquial-25-26\/\" \/>\n<meta property=\"og:locale\" content=\"ca_ES\" \/>\n<meta property=\"og:type\" content=\"article\" \/>\n<meta property=\"og:title\" content=\"Agenda Parroquial - 25\/26 - CPL\" \/>\n<meta property=\"og:description\" content=\"Pensada en concret per a les parr\u00f2quies: un dia per p\u00e0gina, especialment dissabte i diumenge; inclou 15 mesos, per tal de comprendre l&#039;any lit\u00fargic i el curs escolar; amb les solemnitats, festes i mem\u00f2ries obligat\u00f2ries de la Tarraconense; les lectures de la missa; i les jornades i col\u00b7lectes.\" \/>\n<meta property=\"og:url\" content=\"https:\/\/www.cpl.es\/producto\/agenda-parroquial-25-26\/\" \/>\n<meta property=\"og:site_name\" content=\"CPL\" \/>\n<meta property=\"article:modified_time\" content=\"2025-10-29T08:50:49+00:00\" \/>\n<meta property=\"og:image\" content=\"https:\/\/www.cpl.es\/wp-content\/uploads\/9788491657064.jpeg\" \/>\n\t<meta property=\"og:image:width\" content=\"1480\" \/>\n\t<meta property=\"og:image:height\" content=\"2048\" \/>\n\t<meta property=\"og:image:type\" content=\"image\/jpeg\" \/>\n<meta name=\"twitter:card\" content=\"summary_large_image\" \/>\n<meta name=\"twitter:label1\" content=\"Temps estimat de lectura\" \/>\n\t<meta name=\"twitter:data1\" content=\"1 minut\" \/>\n<script type=\"application\/ld+json\" class=\"yoast-schema-graph\">{\"@context\":\"https:\\\/\\\/schema.org\",\"@graph\":[{\"@type\":\"WebPage\",\"@id\":\"https:\\\/\\\/www.cpl.es\\\/producto\\\/agenda-parroquial-25-26\\\/\",\"url\":\"https:\\\/\\\/www.cpl.es\\\/producto\\\/agenda-parroquial-25-26\\\/\",\"name\":\"Agenda Parroquial - 25\\\/26 - CPL\",\"isPartOf\":{\"@id\":\"https:\\\/\\\/www.cpl.es\\\/#website\"},\"primaryImageOfPage\":{\"@id\":\"https:\\\/\\\/www.cpl.es\\\/producto\\\/agenda-parroquial-25-26\\\/#primaryimage\"},\"image\":{\"@id\":\"https:\\\/\\\/www.cpl.es\\\/producto\\\/agenda-parroquial-25-26\\\/#primaryimage\"},\"thumbnailUrl\":\"https:\\\/\\\/www.cpl.es\\\/wp-content\\\/uploads\\\/9788491657064.jpeg\",\"datePublished\":\"2025-10-16T10:24:11+00:00\",\"dateModified\":\"2025-10-29T08:50:49+00:00\",\"breadcrumb\":{\"@id\":\"https:\\\/\\\/www.cpl.es\\\/producto\\\/agenda-parroquial-25-26\\\/#breadcrumb\"},\"inLanguage\":\"ca\",\"potentialAction\":[{\"@type\":\"ReadAction\",\"target\":[\"https:\\\/\\\/www.cpl.es\\\/producto\\\/agenda-parroquial-25-26\\\/\"]}]},{\"@type\":\"ImageObject\",\"inLanguage\":\"ca\",\"@id\":\"https:\\\/\\\/www.cpl.es\\\/producto\\\/agenda-parroquial-25-26\\\/#primaryimage\",\"url\":\"https:\\\/\\\/www.cpl.es\\\/wp-content\\\/uploads\\\/9788491657064.jpeg\",\"contentUrl\":\"https:\\\/\\\/www.cpl.es\\\/wp-content\\\/uploads\\\/9788491657064.jpeg\",\"width\":1480,\"height\":2048,\"caption\":\"9788491657064.jpeg\"},{\"@type\":\"BreadcrumbList\",\"@id\":\"https:\\\/\\\/www.cpl.es\\\/producto\\\/agenda-parroquial-25-26\\\/#breadcrumb\",\"itemListElement\":[{\"@type\":\"ListItem\",\"position\":1,\"name\":\"Portada\",\"item\":\"https:\\\/\\\/www.cpl.es\\\/ca\\\/\"},{\"@type\":\"ListItem\",\"position\":2,\"name\":\"Cat\u00e0leg\",\"item\":\"https:\\\/\\\/www.cpl.es\\\/ca\\\/cataleg\\\/\"},{\"@type\":\"ListItem\",\"position\":3,\"name\":\"Agenda Parroquial &#8211; 25\\\/26\"}]},{\"@type\":\"WebSite\",\"@id\":\"https:\\\/\\\/www.cpl.es\\\/#website\",\"url\":\"https:\\\/\\\/www.cpl.es\\\/\",\"name\":\"CPL\",\"description\":\"Centre de Pastoral Lit\u00fargica de Barcelona\",\"publisher\":{\"@id\":\"https:\\\/\\\/www.cpl.es\\\/#organization\"},\"alternateName\":\"Centre de Pastoral Lit\u00fargica\",\"potentialAction\":[{\"@type\":\"SearchAction\",\"target\":{\"@type\":\"EntryPoint\",\"urlTemplate\":\"https:\\\/\\\/www.cpl.es\\\/?s={search_term_string}\"},\"query-input\":{\"@type\":\"PropertyValueSpecification\",\"valueRequired\":true,\"valueName\":\"search_term_string\"}}],\"inLanguage\":\"ca\"},{\"@type\":\"Organization\",\"@id\":\"https:\\\/\\\/www.cpl.es\\\/#organization\",\"name\":\"Centre de Pastoral Lit\u00fargica\",\"alternateName\":\"Centre de Pastoral Lit\u00fargica de Barcelona\",\"url\":\"https:\\\/\\\/www.cpl.es\\\/\",\"logo\":{\"@type\":\"ImageObject\",\"inLanguage\":\"ca\",\"@id\":\"https:\\\/\\\/www.cpl.es\\\/#\\\/schema\\\/logo\\\/image\\\/\",\"url\":\"https:\\\/\\\/www.cpl.es\\\/wp-content\\\/uploads\\\/logo-cpl.svg\",\"contentUrl\":\"https:\\\/\\\/www.cpl.es\\\/wp-content\\\/uploads\\\/logo-cpl.svg\",\"caption\":\"Centre de Pastoral Lit\u00fargica\"},\"image\":{\"@id\":\"https:\\\/\\\/www.cpl.es\\\/#\\\/schema\\\/logo\\\/image\\\/\"}}]}<\/script>\n<!-- \/ Yoast SEO plugin. -->","yoast_head_json":{"title":"Agenda Parroquial - 25\/26 - CPL","robots":{"index":"index","follow":"follow","max-snippet":"max-snippet:-1","max-image-preview":"max-image-preview:large","max-video-preview":"max-video-preview:-1"},"canonical":"https:\/\/www.cpl.es\/producto\/agenda-parroquial-25-26\/","og_locale":"ca_ES","og_type":"article","og_title":"Agenda Parroquial - 25\/26 - CPL","og_description":"Pensada en concret per a les parr\u00f2quies: un dia per p\u00e0gina, especialment dissabte i diumenge; inclou 15 mesos, per tal de comprendre l'any lit\u00fargic i el curs escolar; amb les solemnitats, festes i mem\u00f2ries obligat\u00f2ries de la Tarraconense; les lectures de la missa; i les jornades i col\u00b7lectes.","og_url":"https:\/\/www.cpl.es\/producto\/agenda-parroquial-25-26\/","og_site_name":"CPL","article_modified_time":"2025-10-29T08:50:49+00:00","og_image":[{"width":1480,"height":2048,"url":"https:\/\/www.cpl.es\/wp-content\/uploads\/9788491657064.jpeg","type":"image\/jpeg"}],"twitter_card":"summary_large_image","twitter_misc":{"Temps estimat de lectura":"1 minut"},"schema":{"@context":"https:\/\/schema.org","@graph":[{"@type":"WebPage","@id":"https:\/\/www.cpl.es\/producto\/agenda-parroquial-25-26\/","url":"https:\/\/www.cpl.es\/producto\/agenda-parroquial-25-26\/","name":"Agenda Parroquial - 25\/26 - CPL","isPartOf":{"@id":"https:\/\/www.cpl.es\/#website"},"primaryImageOfPage":{"@id":"https:\/\/www.cpl.es\/producto\/agenda-parroquial-25-26\/#primaryimage"},"image":{"@id":"https:\/\/www.cpl.es\/producto\/agenda-parroquial-25-26\/#primaryimage"},"thumbnailUrl":"https:\/\/www.cpl.es\/wp-content\/uploads\/9788491657064.jpeg","datePublished":"2025-10-16T10:24:11+00:00","dateModified":"2025-10-29T08:50:49+00:00","breadcrumb":{"@id":"https:\/\/www.cpl.es\/producto\/agenda-parroquial-25-26\/#breadcrumb"},"inLanguage":"ca","potentialAction":[{"@type":"ReadAction","target":["https:\/\/www.cpl.es\/producto\/agenda-parroquial-25-26\/"]}]},{"@type":"ImageObject","inLanguage":"ca","@id":"https:\/\/www.cpl.es\/producto\/agenda-parroquial-25-26\/#primaryimage","url":"https:\/\/www.cpl.es\/wp-content\/uploads\/9788491657064.jpeg","contentUrl":"https:\/\/www.cpl.es\/wp-content\/uploads\/9788491657064.jpeg","width":1480,"height":2048,"caption":"9788491657064.jpeg"},{"@type":"BreadcrumbList","@id":"https:\/\/www.cpl.es\/producto\/agenda-parroquial-25-26\/#breadcrumb","itemListElement":[{"@type":"ListItem","position":1,"name":"Portada","item":"https:\/\/www.cpl.es\/ca\/"},{"@type":"ListItem","position":2,"name":"Cat\u00e0leg","item":"https:\/\/www.cpl.es\/ca\/cataleg\/"},{"@type":"ListItem","position":3,"name":"Agenda Parroquial &#8211; 25\/26"}]},{"@type":"WebSite","@id":"https:\/\/www.cpl.es\/#website","url":"https:\/\/www.cpl.es\/","name":"CPL","description":"Centre de Pastoral Lit\u00fargica de Barcelona","publisher":{"@id":"https:\/\/www.cpl.es\/#organization"},"alternateName":"Centre de Pastoral Lit\u00fargica","potentialAction":[{"@type":"SearchAction","target":{"@type":"EntryPoint","urlTemplate":"https:\/\/www.cpl.es\/?s={search_term_string}"},"query-input":{"@type":"PropertyValueSpecification","valueRequired":true,"valueName":"search_term_string"}}],"inLanguage":"ca"},{"@type":"Organization","@id":"https:\/\/www.cpl.es\/#organization","name":"Centre de Pastoral Lit\u00fargica","alternateName":"Centre de Pastoral Lit\u00fargica de Barcelona","url":"https:\/\/www.cpl.es\/","logo":{"@type":"ImageObject","inLanguage":"ca","@id":"https:\/\/www.cpl.es\/#\/schema\/logo\/image\/","url":"https:\/\/www.cpl.es\/wp-content\/uploads\/logo-cpl.svg","contentUrl":"https:\/\/www.cpl.es\/wp-content\/uploads\/logo-cpl.svg","caption":"Centre de Pastoral Lit\u00fargica"},"image":{"@id":"https:\/\/www.cpl.es\/#\/schema\/logo\/image\/"}}]}},"_links":{"self":[{"href":"https:\/\/www.cpl.es\/ca\/wp-json\/wp\/v2\/product\/20760","targetHints":{"allow":["GET"]}}],"collection":[{"href":"https:\/\/www.cpl.es\/ca\/wp-json\/wp\/v2\/product"}],"about":[{"href":"https:\/\/www.cpl.es\/ca\/wp-json\/wp\/v2\/types\/product"}],"wp:featuredmedia":[{"embeddable":true,"href":"https:\/\/www.cpl.es\/ca\/wp-json\/wp\/v2\/media\/20156"}],"wp:attachment":[{"href":"https:\/\/www.cpl.es\/ca\/wp-json\/wp\/v2\/media?parent=20760"}],"wp:term":[{"taxonomy":"product_brand","embeddable":true,"href":"https:\/\/www.cpl.es\/ca\/wp-json\/wp\/v2\/product_brand?post=20760"},{"taxonomy":"product_cat","embeddable":true,"href":"https:\/\/www.cpl.es\/ca\/wp-json\/wp\/v2\/product_cat?post=20760"},{"taxonomy":"product_tag","embeddable":true,"href":"https:\/\/www.cpl.es\/ca\/wp-json\/wp\/v2\/product_tag?post=20760"}],"curies":[{"name":"wp","href":"https:\/\/api.w.org\/{rel}","templated":true}]}}