{"id":2049,"date":"2023-10-04T01:29:49","date_gmt":"2023-10-03T23:29:49","guid":{"rendered":"https:\/\/nuevaweb.cpl.es\/producto\/a-traves-del-ano-liturgico-9788498058970\/"},"modified":"2024-02-06T13:48:18","modified_gmt":"2024-02-06T12:48:18","slug":"a-traves-del-ano-liturgico-9788498058970","status":"publish","type":"product","link":"https:\/\/www.cpl.es\/ca\/producto\/a-traves-del-ano-liturgico-9788498058970\/","title":{"rendered":"A traves del A\u00f1o Lit\u00fargico"},"content":{"rendered":"<p>Las p\u00e1ginas de este libro son fruto de a\u00f1os de estudio y ense\u00f1anza del profesor liturgista Mat\u00edas Aug\u00e9. M\u00e1s all\u00e1 de la abundante producci\u00f3n literaria sobre el A\u00f1o Lit\u00fargico, esta publicaci\u00f3n es \u00fanica y original; sobre todo porque el m\u00e9todo de an\u00e1lisis tiene como intenci\u00f3n privilegiar la dimensi\u00f3n teol\u00f3gica y espiritual del A\u00f1o Lit\u00fargico. En sus p\u00e1ginas est\u00e1 presente la historia y la celebraci\u00f3n, sin embargo, se enfoca principalmente en aspectos teol\u00f3gicos y vida espiritual.<\/p>\n<p>Mat\u00edas Aug\u00e9 (Perafort, Tarragona, 1936), claretiano, es profesor de teolog\u00eda en el Instituto Lit\u00fargico de Roma (&#8216;Anselmianum') y de liturgia en la Universidad Lateranense. Es presidente del Instituto de Teolog\u00eda de la vida religiosa &#8216;Claretianum'. Autor de diversos estudios sobre liturgia y espiritualidad, publicados sobre todo en Italia.<\/p>\n<p>(Biblioteca Lit\u00fargica 49)<\/p>\n","protected":false},"excerpt":{"rendered":"<p>Aug\u00e9, Mat\u00edas<\/p>\n","protected":false},"featured_media":2050,"template":"","meta":{"_acf_changed":false,"inline_featured_image":false},"product_brand":[],"product_cat":[148,149,74,46],"product_tag":[],"class_list":{"0":"post-2049","1":"product","2":"type-product","3":"status-publish","4":"has-post-thumbnail","6":"product_cat-ano-liturgico-ano-liturgico-por-temas","7":"product_cat-any-liturgic-any-liturgic-per-temes","8":"product_cat-biblioteca-liturgica-colleccions-catala","9":"product_cat-biblioteca-liturgica","11":"first","12":"instock","13":"taxable","14":"shipping-taxable","15":"purchasable","16":"product-type-simple"},"acf":{"autor":"Aug\u00e9, Mat\u00edas","codart":"111049","ediciones":"1","encuadernacion":"Cartone","fecha_de_publicacion":"17\/03\/2016","novedad":false,"paginas":"348","subtitulo":"Cristo mismo, presente en su Iglesia","orden":"0","portada":false,"idioma":"spa","editorial":[{"ID":6736,"post_author":"2","post_date":"2023-10-06 08:35:24","post_date_gmt":"2023-10-06 06:35:24","post_content":"","post_title":"CPL","post_excerpt":"","post_status":"publish","comment_status":"closed","ping_status":"closed","post_password":"","post_name":"cpl","to_ping":"","pinged":"","post_modified":"2023-10-06 08:35:24","post_modified_gmt":"2023-10-06 06:35:24","post_content_filtered":"","post_parent":0,"guid":"https:\/\/nuevaweb.cpl.es\/editorial\/cpl\/","menu_order":0,"post_type":"editorial","post_mime_type":"","comment_count":"0","filter":"raw"}]},"yoast_head":"<!-- This site is optimized with the Yoast SEO plugin v27.5 - https:\/\/yoast.com\/product\/yoast-seo-wordpress\/ -->\n<title>A traves del A\u00f1o Lit\u00fargico - CPL<\/title>\n<meta name=\"robots\" content=\"index, follow, max-snippet:-1, max-image-preview:large, max-video-preview:-1\" \/>\n<link rel=\"canonical\" href=\"https:\/\/www.cpl.es\/producto\/a-traves-del-ano-liturgico-9788498058970\/\" \/>\n<meta property=\"og:locale\" content=\"ca_ES\" \/>\n<meta property=\"og:type\" content=\"article\" \/>\n<meta property=\"og:title\" content=\"A traves del A\u00f1o Lit\u00fargico - CPL\" \/>\n<meta property=\"og:description\" content=\"Aug\u00e9, Mat\u00edas\" \/>\n<meta property=\"og:url\" content=\"https:\/\/www.cpl.es\/producto\/a-traves-del-ano-liturgico-9788498058970\/\" \/>\n<meta property=\"og:site_name\" content=\"CPL\" \/>\n<meta property=\"article:modified_time\" content=\"2024-02-06T12:48:18+00:00\" \/>\n<meta property=\"og:image\" content=\"https:\/\/www.cpl.es\/wp-content\/uploads\/111049.jpg\" \/>\n\t<meta property=\"og:image:width\" content=\"280\" \/>\n\t<meta property=\"og:image:height\" content=\"385\" \/>\n\t<meta property=\"og:image:type\" content=\"image\/jpeg\" \/>\n<meta name=\"twitter:card\" content=\"summary_large_image\" \/>\n<meta name=\"twitter:label1\" content=\"Temps estimat de lectura\" \/>\n\t<meta name=\"twitter:data1\" content=\"1 minut\" \/>\n<script type=\"application\/ld+json\" class=\"yoast-schema-graph\">{\"@context\":\"https:\\\/\\\/schema.org\",\"@graph\":[{\"@type\":\"WebPage\",\"@id\":\"https:\\\/\\\/www.cpl.es\\\/producto\\\/a-traves-del-ano-liturgico-9788498058970\\\/\",\"url\":\"https:\\\/\\\/www.cpl.es\\\/producto\\\/a-traves-del-ano-liturgico-9788498058970\\\/\",\"name\":\"A traves del A\u00f1o Lit\u00fargico - CPL\",\"isPartOf\":{\"@id\":\"https:\\\/\\\/www.cpl.es\\\/#website\"},\"primaryImageOfPage\":{\"@id\":\"https:\\\/\\\/www.cpl.es\\\/producto\\\/a-traves-del-ano-liturgico-9788498058970\\\/#primaryimage\"},\"image\":{\"@id\":\"https:\\\/\\\/www.cpl.es\\\/producto\\\/a-traves-del-ano-liturgico-9788498058970\\\/#primaryimage\"},\"thumbnailUrl\":\"https:\\\/\\\/www.cpl.es\\\/wp-content\\\/uploads\\\/111049.jpg\",\"datePublished\":\"2023-10-03T23:29:49+00:00\",\"dateModified\":\"2024-02-06T12:48:18+00:00\",\"breadcrumb\":{\"@id\":\"https:\\\/\\\/www.cpl.es\\\/producto\\\/a-traves-del-ano-liturgico-9788498058970\\\/#breadcrumb\"},\"inLanguage\":\"ca\",\"potentialAction\":[{\"@type\":\"ReadAction\",\"target\":[\"https:\\\/\\\/www.cpl.es\\\/producto\\\/a-traves-del-ano-liturgico-9788498058970\\\/\"]}]},{\"@type\":\"ImageObject\",\"inLanguage\":\"ca\",\"@id\":\"https:\\\/\\\/www.cpl.es\\\/producto\\\/a-traves-del-ano-liturgico-9788498058970\\\/#primaryimage\",\"url\":\"https:\\\/\\\/www.cpl.es\\\/wp-content\\\/uploads\\\/111049.jpg\",\"contentUrl\":\"https:\\\/\\\/www.cpl.es\\\/wp-content\\\/uploads\\\/111049.jpg\",\"width\":280,\"height\":385,\"caption\":\"111049.jpg\"},{\"@type\":\"BreadcrumbList\",\"@id\":\"https:\\\/\\\/www.cpl.es\\\/producto\\\/a-traves-del-ano-liturgico-9788498058970\\\/#breadcrumb\",\"itemListElement\":[{\"@type\":\"ListItem\",\"position\":1,\"name\":\"Portada\",\"item\":\"https:\\\/\\\/www.cpl.es\\\/ca\\\/\"},{\"@type\":\"ListItem\",\"position\":2,\"name\":\"Cat\u00e0leg\",\"item\":\"https:\\\/\\\/www.cpl.es\\\/ca\\\/cataleg\\\/\"},{\"@type\":\"ListItem\",\"position\":3,\"name\":\"A traves del A\u00f1o Lit\u00fargico\"}]},{\"@type\":\"WebSite\",\"@id\":\"https:\\\/\\\/www.cpl.es\\\/#website\",\"url\":\"https:\\\/\\\/www.cpl.es\\\/\",\"name\":\"CPL\",\"description\":\"Centre de Pastoral Lit\u00fargica de Barcelona\",\"publisher\":{\"@id\":\"https:\\\/\\\/www.cpl.es\\\/#organization\"},\"alternateName\":\"Centre de Pastoral Lit\u00fargica\",\"potentialAction\":[{\"@type\":\"SearchAction\",\"target\":{\"@type\":\"EntryPoint\",\"urlTemplate\":\"https:\\\/\\\/www.cpl.es\\\/?s={search_term_string}\"},\"query-input\":{\"@type\":\"PropertyValueSpecification\",\"valueRequired\":true,\"valueName\":\"search_term_string\"}}],\"inLanguage\":\"ca\"},{\"@type\":\"Organization\",\"@id\":\"https:\\\/\\\/www.cpl.es\\\/#organization\",\"name\":\"Centre de Pastoral Lit\u00fargica\",\"alternateName\":\"Centre de Pastoral Lit\u00fargica de Barcelona\",\"url\":\"https:\\\/\\\/www.cpl.es\\\/\",\"logo\":{\"@type\":\"ImageObject\",\"inLanguage\":\"ca\",\"@id\":\"https:\\\/\\\/www.cpl.es\\\/#\\\/schema\\\/logo\\\/image\\\/\",\"url\":\"https:\\\/\\\/www.cpl.es\\\/wp-content\\\/uploads\\\/logo-cpl.svg\",\"contentUrl\":\"https:\\\/\\\/www.cpl.es\\\/wp-content\\\/uploads\\\/logo-cpl.svg\",\"caption\":\"Centre de Pastoral Lit\u00fargica\"},\"image\":{\"@id\":\"https:\\\/\\\/www.cpl.es\\\/#\\\/schema\\\/logo\\\/image\\\/\"}}]}<\/script>\n<!-- \/ Yoast SEO plugin. -->","yoast_head_json":{"title":"A traves del A\u00f1o Lit\u00fargico - CPL","robots":{"index":"index","follow":"follow","max-snippet":"max-snippet:-1","max-image-preview":"max-image-preview:large","max-video-preview":"max-video-preview:-1"},"canonical":"https:\/\/www.cpl.es\/producto\/a-traves-del-ano-liturgico-9788498058970\/","og_locale":"ca_ES","og_type":"article","og_title":"A traves del A\u00f1o Lit\u00fargico - CPL","og_description":"Aug\u00e9, Mat\u00edas","og_url":"https:\/\/www.cpl.es\/producto\/a-traves-del-ano-liturgico-9788498058970\/","og_site_name":"CPL","article_modified_time":"2024-02-06T12:48:18+00:00","og_image":[{"width":280,"height":385,"url":"https:\/\/www.cpl.es\/wp-content\/uploads\/111049.jpg","type":"image\/jpeg"}],"twitter_card":"summary_large_image","twitter_misc":{"Temps estimat de lectura":"1 minut"},"schema":{"@context":"https:\/\/schema.org","@graph":[{"@type":"WebPage","@id":"https:\/\/www.cpl.es\/producto\/a-traves-del-ano-liturgico-9788498058970\/","url":"https:\/\/www.cpl.es\/producto\/a-traves-del-ano-liturgico-9788498058970\/","name":"A traves del A\u00f1o Lit\u00fargico - CPL","isPartOf":{"@id":"https:\/\/www.cpl.es\/#website"},"primaryImageOfPage":{"@id":"https:\/\/www.cpl.es\/producto\/a-traves-del-ano-liturgico-9788498058970\/#primaryimage"},"image":{"@id":"https:\/\/www.cpl.es\/producto\/a-traves-del-ano-liturgico-9788498058970\/#primaryimage"},"thumbnailUrl":"https:\/\/www.cpl.es\/wp-content\/uploads\/111049.jpg","datePublished":"2023-10-03T23:29:49+00:00","dateModified":"2024-02-06T12:48:18+00:00","breadcrumb":{"@id":"https:\/\/www.cpl.es\/producto\/a-traves-del-ano-liturgico-9788498058970\/#breadcrumb"},"inLanguage":"ca","potentialAction":[{"@type":"ReadAction","target":["https:\/\/www.cpl.es\/producto\/a-traves-del-ano-liturgico-9788498058970\/"]}]},{"@type":"ImageObject","inLanguage":"ca","@id":"https:\/\/www.cpl.es\/producto\/a-traves-del-ano-liturgico-9788498058970\/#primaryimage","url":"https:\/\/www.cpl.es\/wp-content\/uploads\/111049.jpg","contentUrl":"https:\/\/www.cpl.es\/wp-content\/uploads\/111049.jpg","width":280,"height":385,"caption":"111049.jpg"},{"@type":"BreadcrumbList","@id":"https:\/\/www.cpl.es\/producto\/a-traves-del-ano-liturgico-9788498058970\/#breadcrumb","itemListElement":[{"@type":"ListItem","position":1,"name":"Portada","item":"https:\/\/www.cpl.es\/ca\/"},{"@type":"ListItem","position":2,"name":"Cat\u00e0leg","item":"https:\/\/www.cpl.es\/ca\/cataleg\/"},{"@type":"ListItem","position":3,"name":"A traves del A\u00f1o Lit\u00fargico"}]},{"@type":"WebSite","@id":"https:\/\/www.cpl.es\/#website","url":"https:\/\/www.cpl.es\/","name":"CPL","description":"Centre de Pastoral Lit\u00fargica de Barcelona","publisher":{"@id":"https:\/\/www.cpl.es\/#organization"},"alternateName":"Centre de Pastoral Lit\u00fargica","potentialAction":[{"@type":"SearchAction","target":{"@type":"EntryPoint","urlTemplate":"https:\/\/www.cpl.es\/?s={search_term_string}"},"query-input":{"@type":"PropertyValueSpecification","valueRequired":true,"valueName":"search_term_string"}}],"inLanguage":"ca"},{"@type":"Organization","@id":"https:\/\/www.cpl.es\/#organization","name":"Centre de Pastoral Lit\u00fargica","alternateName":"Centre de Pastoral Lit\u00fargica de Barcelona","url":"https:\/\/www.cpl.es\/","logo":{"@type":"ImageObject","inLanguage":"ca","@id":"https:\/\/www.cpl.es\/#\/schema\/logo\/image\/","url":"https:\/\/www.cpl.es\/wp-content\/uploads\/logo-cpl.svg","contentUrl":"https:\/\/www.cpl.es\/wp-content\/uploads\/logo-cpl.svg","caption":"Centre de Pastoral Lit\u00fargica"},"image":{"@id":"https:\/\/www.cpl.es\/#\/schema\/logo\/image\/"}}]}},"_links":{"self":[{"href":"https:\/\/www.cpl.es\/ca\/wp-json\/wp\/v2\/product\/2049","targetHints":{"allow":["GET"]}}],"collection":[{"href":"https:\/\/www.cpl.es\/ca\/wp-json\/wp\/v2\/product"}],"about":[{"href":"https:\/\/www.cpl.es\/ca\/wp-json\/wp\/v2\/types\/product"}],"wp:featuredmedia":[{"embeddable":true,"href":"https:\/\/www.cpl.es\/ca\/wp-json\/wp\/v2\/media\/2050"}],"wp:attachment":[{"href":"https:\/\/www.cpl.es\/ca\/wp-json\/wp\/v2\/media?parent=2049"}],"wp:term":[{"taxonomy":"product_brand","embeddable":true,"href":"https:\/\/www.cpl.es\/ca\/wp-json\/wp\/v2\/product_brand?post=2049"},{"taxonomy":"product_cat","embeddable":true,"href":"https:\/\/www.cpl.es\/ca\/wp-json\/wp\/v2\/product_cat?post=2049"},{"taxonomy":"product_tag","embeddable":true,"href":"https:\/\/www.cpl.es\/ca\/wp-json\/wp\/v2\/product_tag?post=2049"}],"curies":[{"name":"wp","href":"https:\/\/api.w.org\/{rel}","templated":true}]}}