{"id":2046,"date":"2023-10-04T01:29:44","date_gmt":"2023-10-03T23:29:44","guid":{"rendered":"https:\/\/nuevaweb.cpl.es\/producto\/la-evolucion-del-concepto-de-sacramento-a-traves-de-los-siglos-9788498058963\/"},"modified":"2024-02-06T13:48:13","modified_gmt":"2024-02-06T12:48:13","slug":"la-evolucion-del-concepto-de-sacramento-a-traves-de-los-siglos-9788498058963","status":"publish","type":"product","link":"https:\/\/www.cpl.es\/ca\/producto\/la-evolucion-del-concepto-de-sacramento-a-traves-de-los-siglos-9788498058963\/","title":{"rendered":"La evoluci\u00f3n del concepto de sacramento a trav\u00e9s de los siglos"},"content":{"rendered":"<p>La visi\u00f3n escol\u00e1stica de los sacramentos, que constituye una rica herencia para la Iglesia, ha contribuido a una comprensi\u00f3n global y particular de cada uno de ellos, que pone el acento en su diversidad en relaci\u00f3n a las diferentes etapas y necesidades de la vida humana. Una perspectiva diversa nos ha dado el Concilio Vaticano II que trata de los sacramentos en relaci\u00f3n al misterio de fe y que, en su Constituci\u00f3n Sacrosanctum Concilium, se\u00f1ala que su fruto est\u00e1 unido a la participaci\u00f3n activa en los mismos, cuyo n\u00facleo com\u00fan originante no es otro que la Pascua de Cristo.<br \/>Bajo esta perspectiva, este estudio de Juan Javier Flores aborda los sacramentos dentro de una visi\u00f3n amplia y totalizante que incluye tambi\u00e9n su celebraci\u00f3n, y lo hace desde una perspectiva sacramental, lit\u00fargica e hist\u00f3rica desde los inicios del cristianismo hasta la actualidad. Partir de la celebraci\u00f3n o volver a la celebraci\u00f3n es el mejor modo -nos dice el autor- de volver a colocar los sacramentos donde siempre han estado y tienen que estar: en el coraz\u00f3n de la Iglesia. La obra tiene su origen en los cursos que el autor imparte en el Pontificio Instituto Lit\u00fargico del Pontificio Ateneo San Anselmo de Roma.<\/p>\n<p>Juan Javier Flores Arcas naci\u00f3 en Linares (Ja\u00e9n) en 1951 y es monje benedictino de la Abad\u00eda de Santo Domingo de Silos (Burgos), donde profes\u00f3 en 1978, orden\u00e1ndose de presb\u00edtero en 1981. Licenciado en Filolog\u00eda Hisp\u00e1nica por la Universidad Complutense (1973) y Doctor en Sagrada Liturgia por el Instituto Pontificio de Liturgia (1995) del que ha sido durante ocho a\u00f1os (2000-2008) presidente. Actualmente es Rector Magn\u00edfico del Ateneo Pontificio de San<br \/>Anselmo en Roma. Es profesor &#8216;ordinario' de dicha universidad. Actualmente tiene la c\u00e1tedra de Teolog\u00eda lit\u00fargico-sacramental, dictando los cursos de &#8216;Teolog\u00eda lit\u00fargica', &#8216;Iniciaci\u00f3n cristiana' y &#8216;Los sacramentales'. Tambi\u00e9n es consultor de la Congregaci\u00f3n del Culto Divino y la Disciplina de los Sacramentos y miembro del Comit\u00e9 Pontificio para los Congresos Eucar\u00edsticos. Ha participado como experto en los S\u00ednodos sobre la Eucarist\u00eda, Palabra de Dios y la Nueva Evangelizaci\u00f3n. Ha publicado diversos libros como Las horas diurnas del &#8216;Liber Horarum' de Silos. Introducci\u00f3n y edici\u00f3n cr\u00edtica (Studia Silensia XXI), Rituale Romanum, en esta misma colecci\u00f3n, Introducci\u00f3n a la Teolog\u00eda lit\u00fargica y Los sacramentales. Bendiciones, exorcismos y dedicaci\u00f3n de las iglesias.<\/p>\n<p>(Biblioteca Lit\u00fargica 48)<\/p>\n","protected":false},"excerpt":{"rendered":"<p>Flores Arcas, Juan Javier<\/p>\n","protected":false},"featured_media":2047,"template":"","meta":{"_acf_changed":false,"inline_featured_image":false},"product_brand":[],"product_cat":[74,46,84,61],"product_tag":[],"class_list":{"0":"post-2046","1":"product","2":"type-product","3":"status-publish","4":"has-post-thumbnail","6":"product_cat-biblioteca-liturgica-colleccions-catala","7":"product_cat-biblioteca-liturgica","8":"product_cat-liturgia-i-teologia","9":"product_cat-liturgia-y-teologia","11":"first","12":"instock","13":"taxable","14":"shipping-taxable","15":"purchasable","16":"product-type-simple"},"acf":{"autor":"Flores Arcas, Juan Javier","codart":"111048","ediciones":"1","encuadernacion":"Cartone","fecha_de_publicacion":"24\/10\/2019","novedad":false,"paginas":"284","subtitulo":"Una visi\u00f3n lit\u00fargica de la sacramentalidad de la Iglesia","orden":"0","portada":false,"idioma":"spa","editorial":[{"ID":6736,"post_author":"2","post_date":"2023-10-06 08:35:24","post_date_gmt":"2023-10-06 06:35:24","post_content":"","post_title":"CPL","post_excerpt":"","post_status":"publish","comment_status":"closed","ping_status":"closed","post_password":"","post_name":"cpl","to_ping":"","pinged":"","post_modified":"2023-10-06 08:35:24","post_modified_gmt":"2023-10-06 06:35:24","post_content_filtered":"","post_parent":0,"guid":"https:\/\/nuevaweb.cpl.es\/editorial\/cpl\/","menu_order":0,"post_type":"editorial","post_mime_type":"","comment_count":"0","filter":"raw"}]},"yoast_head":"<!-- This site is optimized with the Yoast SEO plugin v27.5 - https:\/\/yoast.com\/product\/yoast-seo-wordpress\/ -->\n<title>La evoluci\u00f3n del concepto de sacramento a trav\u00e9s de los siglos - CPL<\/title>\n<meta name=\"robots\" content=\"index, follow, max-snippet:-1, max-image-preview:large, max-video-preview:-1\" \/>\n<link rel=\"canonical\" href=\"https:\/\/www.cpl.es\/producto\/la-evolucion-del-concepto-de-sacramento-a-traves-de-los-siglos-9788498058963\/\" \/>\n<meta property=\"og:locale\" content=\"ca_ES\" \/>\n<meta property=\"og:type\" content=\"article\" \/>\n<meta property=\"og:title\" content=\"La evoluci\u00f3n del concepto de sacramento a trav\u00e9s de los siglos - CPL\" \/>\n<meta property=\"og:description\" content=\"Flores Arcas, Juan Javier\" \/>\n<meta property=\"og:url\" content=\"https:\/\/www.cpl.es\/producto\/la-evolucion-del-concepto-de-sacramento-a-traves-de-los-siglos-9788498058963\/\" \/>\n<meta property=\"og:site_name\" content=\"CPL\" \/>\n<meta property=\"article:modified_time\" content=\"2024-02-06T12:48:13+00:00\" \/>\n<meta property=\"og:image\" content=\"https:\/\/www.cpl.es\/wp-content\/uploads\/111048.jpg\" \/>\n\t<meta property=\"og:image:width\" content=\"280\" \/>\n\t<meta property=\"og:image:height\" content=\"383\" \/>\n\t<meta property=\"og:image:type\" content=\"image\/jpeg\" \/>\n<meta name=\"twitter:card\" content=\"summary_large_image\" \/>\n<meta name=\"twitter:label1\" content=\"Temps estimat de lectura\" \/>\n\t<meta name=\"twitter:data1\" content=\"2 minuts\" \/>\n<script type=\"application\/ld+json\" class=\"yoast-schema-graph\">{\"@context\":\"https:\\\/\\\/schema.org\",\"@graph\":[{\"@type\":\"WebPage\",\"@id\":\"https:\\\/\\\/www.cpl.es\\\/producto\\\/la-evolucion-del-concepto-de-sacramento-a-traves-de-los-siglos-9788498058963\\\/\",\"url\":\"https:\\\/\\\/www.cpl.es\\\/producto\\\/la-evolucion-del-concepto-de-sacramento-a-traves-de-los-siglos-9788498058963\\\/\",\"name\":\"La evoluci\u00f3n del concepto de sacramento a trav\u00e9s de los siglos - CPL\",\"isPartOf\":{\"@id\":\"https:\\\/\\\/www.cpl.es\\\/#website\"},\"primaryImageOfPage\":{\"@id\":\"https:\\\/\\\/www.cpl.es\\\/producto\\\/la-evolucion-del-concepto-de-sacramento-a-traves-de-los-siglos-9788498058963\\\/#primaryimage\"},\"image\":{\"@id\":\"https:\\\/\\\/www.cpl.es\\\/producto\\\/la-evolucion-del-concepto-de-sacramento-a-traves-de-los-siglos-9788498058963\\\/#primaryimage\"},\"thumbnailUrl\":\"https:\\\/\\\/www.cpl.es\\\/wp-content\\\/uploads\\\/111048.jpg\",\"datePublished\":\"2023-10-03T23:29:44+00:00\",\"dateModified\":\"2024-02-06T12:48:13+00:00\",\"breadcrumb\":{\"@id\":\"https:\\\/\\\/www.cpl.es\\\/producto\\\/la-evolucion-del-concepto-de-sacramento-a-traves-de-los-siglos-9788498058963\\\/#breadcrumb\"},\"inLanguage\":\"ca\",\"potentialAction\":[{\"@type\":\"ReadAction\",\"target\":[\"https:\\\/\\\/www.cpl.es\\\/producto\\\/la-evolucion-del-concepto-de-sacramento-a-traves-de-los-siglos-9788498058963\\\/\"]}]},{\"@type\":\"ImageObject\",\"inLanguage\":\"ca\",\"@id\":\"https:\\\/\\\/www.cpl.es\\\/producto\\\/la-evolucion-del-concepto-de-sacramento-a-traves-de-los-siglos-9788498058963\\\/#primaryimage\",\"url\":\"https:\\\/\\\/www.cpl.es\\\/wp-content\\\/uploads\\\/111048.jpg\",\"contentUrl\":\"https:\\\/\\\/www.cpl.es\\\/wp-content\\\/uploads\\\/111048.jpg\",\"width\":280,\"height\":383,\"caption\":\"111048.jpg\"},{\"@type\":\"BreadcrumbList\",\"@id\":\"https:\\\/\\\/www.cpl.es\\\/producto\\\/la-evolucion-del-concepto-de-sacramento-a-traves-de-los-siglos-9788498058963\\\/#breadcrumb\",\"itemListElement\":[{\"@type\":\"ListItem\",\"position\":1,\"name\":\"Portada\",\"item\":\"https:\\\/\\\/www.cpl.es\\\/ca\\\/\"},{\"@type\":\"ListItem\",\"position\":2,\"name\":\"Cat\u00e0leg\",\"item\":\"https:\\\/\\\/www.cpl.es\\\/ca\\\/cataleg\\\/\"},{\"@type\":\"ListItem\",\"position\":3,\"name\":\"La evoluci\u00f3n del concepto de sacramento a trav\u00e9s de los siglos\"}]},{\"@type\":\"WebSite\",\"@id\":\"https:\\\/\\\/www.cpl.es\\\/#website\",\"url\":\"https:\\\/\\\/www.cpl.es\\\/\",\"name\":\"CPL\",\"description\":\"Centre de Pastoral Lit\u00fargica de Barcelona\",\"publisher\":{\"@id\":\"https:\\\/\\\/www.cpl.es\\\/#organization\"},\"alternateName\":\"Centre de Pastoral Lit\u00fargica\",\"potentialAction\":[{\"@type\":\"SearchAction\",\"target\":{\"@type\":\"EntryPoint\",\"urlTemplate\":\"https:\\\/\\\/www.cpl.es\\\/?s={search_term_string}\"},\"query-input\":{\"@type\":\"PropertyValueSpecification\",\"valueRequired\":true,\"valueName\":\"search_term_string\"}}],\"inLanguage\":\"ca\"},{\"@type\":\"Organization\",\"@id\":\"https:\\\/\\\/www.cpl.es\\\/#organization\",\"name\":\"Centre de Pastoral Lit\u00fargica\",\"alternateName\":\"Centre de Pastoral Lit\u00fargica de Barcelona\",\"url\":\"https:\\\/\\\/www.cpl.es\\\/\",\"logo\":{\"@type\":\"ImageObject\",\"inLanguage\":\"ca\",\"@id\":\"https:\\\/\\\/www.cpl.es\\\/#\\\/schema\\\/logo\\\/image\\\/\",\"url\":\"https:\\\/\\\/www.cpl.es\\\/wp-content\\\/uploads\\\/logo-cpl.svg\",\"contentUrl\":\"https:\\\/\\\/www.cpl.es\\\/wp-content\\\/uploads\\\/logo-cpl.svg\",\"caption\":\"Centre de Pastoral Lit\u00fargica\"},\"image\":{\"@id\":\"https:\\\/\\\/www.cpl.es\\\/#\\\/schema\\\/logo\\\/image\\\/\"}}]}<\/script>\n<!-- \/ Yoast SEO plugin. -->","yoast_head_json":{"title":"La evoluci\u00f3n del concepto de sacramento a trav\u00e9s de los siglos - CPL","robots":{"index":"index","follow":"follow","max-snippet":"max-snippet:-1","max-image-preview":"max-image-preview:large","max-video-preview":"max-video-preview:-1"},"canonical":"https:\/\/www.cpl.es\/producto\/la-evolucion-del-concepto-de-sacramento-a-traves-de-los-siglos-9788498058963\/","og_locale":"ca_ES","og_type":"article","og_title":"La evoluci\u00f3n del concepto de sacramento a trav\u00e9s de los siglos - CPL","og_description":"Flores Arcas, Juan Javier","og_url":"https:\/\/www.cpl.es\/producto\/la-evolucion-del-concepto-de-sacramento-a-traves-de-los-siglos-9788498058963\/","og_site_name":"CPL","article_modified_time":"2024-02-06T12:48:13+00:00","og_image":[{"width":280,"height":383,"url":"https:\/\/www.cpl.es\/wp-content\/uploads\/111048.jpg","type":"image\/jpeg"}],"twitter_card":"summary_large_image","twitter_misc":{"Temps estimat de lectura":"2 minuts"},"schema":{"@context":"https:\/\/schema.org","@graph":[{"@type":"WebPage","@id":"https:\/\/www.cpl.es\/producto\/la-evolucion-del-concepto-de-sacramento-a-traves-de-los-siglos-9788498058963\/","url":"https:\/\/www.cpl.es\/producto\/la-evolucion-del-concepto-de-sacramento-a-traves-de-los-siglos-9788498058963\/","name":"La evoluci\u00f3n del concepto de sacramento a trav\u00e9s de los siglos - CPL","isPartOf":{"@id":"https:\/\/www.cpl.es\/#website"},"primaryImageOfPage":{"@id":"https:\/\/www.cpl.es\/producto\/la-evolucion-del-concepto-de-sacramento-a-traves-de-los-siglos-9788498058963\/#primaryimage"},"image":{"@id":"https:\/\/www.cpl.es\/producto\/la-evolucion-del-concepto-de-sacramento-a-traves-de-los-siglos-9788498058963\/#primaryimage"},"thumbnailUrl":"https:\/\/www.cpl.es\/wp-content\/uploads\/111048.jpg","datePublished":"2023-10-03T23:29:44+00:00","dateModified":"2024-02-06T12:48:13+00:00","breadcrumb":{"@id":"https:\/\/www.cpl.es\/producto\/la-evolucion-del-concepto-de-sacramento-a-traves-de-los-siglos-9788498058963\/#breadcrumb"},"inLanguage":"ca","potentialAction":[{"@type":"ReadAction","target":["https:\/\/www.cpl.es\/producto\/la-evolucion-del-concepto-de-sacramento-a-traves-de-los-siglos-9788498058963\/"]}]},{"@type":"ImageObject","inLanguage":"ca","@id":"https:\/\/www.cpl.es\/producto\/la-evolucion-del-concepto-de-sacramento-a-traves-de-los-siglos-9788498058963\/#primaryimage","url":"https:\/\/www.cpl.es\/wp-content\/uploads\/111048.jpg","contentUrl":"https:\/\/www.cpl.es\/wp-content\/uploads\/111048.jpg","width":280,"height":383,"caption":"111048.jpg"},{"@type":"BreadcrumbList","@id":"https:\/\/www.cpl.es\/producto\/la-evolucion-del-concepto-de-sacramento-a-traves-de-los-siglos-9788498058963\/#breadcrumb","itemListElement":[{"@type":"ListItem","position":1,"name":"Portada","item":"https:\/\/www.cpl.es\/ca\/"},{"@type":"ListItem","position":2,"name":"Cat\u00e0leg","item":"https:\/\/www.cpl.es\/ca\/cataleg\/"},{"@type":"ListItem","position":3,"name":"La evoluci\u00f3n del concepto de sacramento a trav\u00e9s de los siglos"}]},{"@type":"WebSite","@id":"https:\/\/www.cpl.es\/#website","url":"https:\/\/www.cpl.es\/","name":"CPL","description":"Centre de Pastoral Lit\u00fargica de Barcelona","publisher":{"@id":"https:\/\/www.cpl.es\/#organization"},"alternateName":"Centre de Pastoral Lit\u00fargica","potentialAction":[{"@type":"SearchAction","target":{"@type":"EntryPoint","urlTemplate":"https:\/\/www.cpl.es\/?s={search_term_string}"},"query-input":{"@type":"PropertyValueSpecification","valueRequired":true,"valueName":"search_term_string"}}],"inLanguage":"ca"},{"@type":"Organization","@id":"https:\/\/www.cpl.es\/#organization","name":"Centre de Pastoral Lit\u00fargica","alternateName":"Centre de Pastoral Lit\u00fargica de Barcelona","url":"https:\/\/www.cpl.es\/","logo":{"@type":"ImageObject","inLanguage":"ca","@id":"https:\/\/www.cpl.es\/#\/schema\/logo\/image\/","url":"https:\/\/www.cpl.es\/wp-content\/uploads\/logo-cpl.svg","contentUrl":"https:\/\/www.cpl.es\/wp-content\/uploads\/logo-cpl.svg","caption":"Centre de Pastoral Lit\u00fargica"},"image":{"@id":"https:\/\/www.cpl.es\/#\/schema\/logo\/image\/"}}]}},"_links":{"self":[{"href":"https:\/\/www.cpl.es\/ca\/wp-json\/wp\/v2\/product\/2046","targetHints":{"allow":["GET"]}}],"collection":[{"href":"https:\/\/www.cpl.es\/ca\/wp-json\/wp\/v2\/product"}],"about":[{"href":"https:\/\/www.cpl.es\/ca\/wp-json\/wp\/v2\/types\/product"}],"wp:featuredmedia":[{"embeddable":true,"href":"https:\/\/www.cpl.es\/ca\/wp-json\/wp\/v2\/media\/2047"}],"wp:attachment":[{"href":"https:\/\/www.cpl.es\/ca\/wp-json\/wp\/v2\/media?parent=2046"}],"wp:term":[{"taxonomy":"product_brand","embeddable":true,"href":"https:\/\/www.cpl.es\/ca\/wp-json\/wp\/v2\/product_brand?post=2046"},{"taxonomy":"product_cat","embeddable":true,"href":"https:\/\/www.cpl.es\/ca\/wp-json\/wp\/v2\/product_cat?post=2046"},{"taxonomy":"product_tag","embeddable":true,"href":"https:\/\/www.cpl.es\/ca\/wp-json\/wp\/v2\/product_tag?post=2046"}],"curies":[{"name":"wp","href":"https:\/\/api.w.org\/{rel}","templated":true}]}}