{"id":20275,"date":"2025-10-03T09:58:01","date_gmt":"2025-10-03T07:58:01","guid":{"rendered":"https:\/\/www.cpl.es\/producto\/jornadas-y-colectas-material-para-la-pastoral-y-sugerencias-liturgicas-9788491657156\/"},"modified":"2026-01-09T12:38:05","modified_gmt":"2026-01-09T11:38:05","slug":"jornadas-y-colectas-material-para-la-pastoral-y-sugerencias-liturgicas-9788491657156","status":"publish","type":"product","link":"https:\/\/www.cpl.es\/ca\/producto\/jornadas-y-colectas-material-para-la-pastoral-y-sugerencias-liturgicas-9788491657156\/","title":{"rendered":"Jornadas y colectas. Material para la pastoral y sugerencias lit\u00fargicas"},"content":{"rendered":"<p>A lo largo del a\u00f1o lit\u00fargico, la Iglesia cat\u00f3lica celebra varias jornadas que hacen hincapi\u00e9 sobre aspectos concretos de la vida cristiana, de la misi\u00f3n de la Iglesia y de las realidades sociales y espirituales de la vida de los creyentes. Estas jornadas \u2013como por ejemplo la Jornada Mundial de la Paz, la Jornada del Enfermo o la Jornada de las Misiones, entre otras\u2013 son oportunidades privilegiadas para profundizar en el compromiso cristiano desde perspectivas espec\u00edficas, ofreciendo motivos de reflexi\u00f3n, de oraci\u00f3n y de acci\u00f3n comunitaria, manteniendo la centralidad del domingo.<\/p>\n<p>El presente dossier nace con la voluntad de ser un recurso que facilite el conocimiento y la preparaci\u00f3n anticipada de estas jornadas, incluso antes de que llegue el material concreto de cada a\u00f1o. Esto puede facilitar la posibilidad de hacer una programaci\u00f3n anual, coherente y conectada con los diversos tiempos lit\u00fargicos y las necesidades de cada comunidad.<\/p>\n<p><\/p>\n<p>Carles Cahuana Bartra (1976), es presb\u00edtero de la di\u00f3cesis de Terrassa. Licenciado en ciencias pol\u00edticas. Delegado general de liturgia y espiritualidad. Rector de las parroquias de Terrassa del Santo Esp\u00edritu, de San Valent\u00edn y de la iglesia de San Jaime del Pla del Bon Aire. Preside la misa del programa La Missa de la 2 de TVE en catal\u00e1n desde 2013.<\/p>\n<p>Es miembro del Centre de Pastoral Lit\u00fargica, director de la colecci\u00f3n Dossiers CPL y miembro del Consejo de redacci\u00f3n de la revista Misa Dominical.<\/p>\n","protected":false},"excerpt":{"rendered":"<p>Cahuana Bartra, Carles<\/p>\n","protected":false},"featured_media":21017,"template":"","meta":{"_acf_changed":false,"inline_featured_image":false},"product_brand":[],"product_cat":[32,33,44,75],"product_tag":[],"class_list":{"0":"post-20275","1":"product","2":"type-product","3":"status-publish","4":"has-post-thumbnail","6":"product_cat-castellano","7":"product_cat-catala","8":"product_cat-dossiers-cpl","9":"product_cat-dossiers-cpl-colleccions-catala","11":"first","12":"instock","13":"taxable","14":"shipping-taxable","15":"purchasable","16":"product-type-simple"},"acf":{"autor":"Cahuana Bartra, Carles","codart":"101165","ediciones":"1","encuadernacion":"R\u00fastica","fecha_de_publicacion":"20\/10\/2025","novedad":false,"paginas":"106","subtitulo":"","orden":"999","portada":false,"idioma":"spa","coleccion_num":"165","editorial":[{"ID":6736,"post_author":"2","post_date":"2023-10-06 08:35:24","post_date_gmt":"2023-10-06 06:35:24","post_content":"","post_title":"CPL","post_excerpt":"","post_status":"publish","comment_status":"closed","ping_status":"closed","post_password":"","post_name":"cpl","to_ping":"","pinged":"","post_modified":"2023-10-06 08:35:24","post_modified_gmt":"2023-10-06 06:35:24","post_content_filtered":"","post_parent":0,"guid":"https:\/\/nuevaweb.cpl.es\/editorial\/cpl\/","menu_order":0,"post_type":"editorial","post_mime_type":"","comment_count":"0","filter":"raw"}]},"yoast_head":"<!-- This site is optimized with the Yoast SEO plugin v27.3 - https:\/\/yoast.com\/product\/yoast-seo-wordpress\/ -->\n<title>Jornadas y colectas. Material para la pastoral y sugerencias lit\u00fargicas - CPL<\/title>\n<meta name=\"robots\" content=\"index, follow, max-snippet:-1, max-image-preview:large, max-video-preview:-1\" \/>\n<link rel=\"canonical\" href=\"https:\/\/www.cpl.es\/producto\/jornadas-y-colectas-material-para-la-pastoral-y-sugerencias-liturgicas-9788491657156\/\" \/>\n<meta property=\"og:locale\" content=\"ca_ES\" \/>\n<meta property=\"og:type\" content=\"article\" \/>\n<meta property=\"og:title\" content=\"Jornadas y colectas. Material para la pastoral y sugerencias lit\u00fargicas - CPL\" \/>\n<meta property=\"og:description\" content=\"Cahuana Bartra, Carles\" \/>\n<meta property=\"og:url\" content=\"https:\/\/www.cpl.es\/producto\/jornadas-y-colectas-material-para-la-pastoral-y-sugerencias-liturgicas-9788491657156\/\" \/>\n<meta property=\"og:site_name\" content=\"CPL\" \/>\n<meta property=\"article:modified_time\" content=\"2026-01-09T11:38:05+00:00\" \/>\n<meta property=\"og:image\" content=\"https:\/\/www.cpl.es\/wp-content\/uploads\/9788491657156-7-1024x1420.jpg\" \/>\n\t<meta property=\"og:image:width\" content=\"1024\" \/>\n\t<meta property=\"og:image:height\" content=\"1420\" \/>\n\t<meta property=\"og:image:type\" content=\"image\/jpeg\" \/>\n<meta name=\"twitter:card\" content=\"summary_large_image\" \/>\n<meta name=\"twitter:label1\" content=\"Temps estimat de lectura\" \/>\n\t<meta name=\"twitter:data1\" content=\"1 minut\" \/>\n<script type=\"application\/ld+json\" class=\"yoast-schema-graph\">{\"@context\":\"https:\\\/\\\/schema.org\",\"@graph\":[{\"@type\":\"WebPage\",\"@id\":\"https:\\\/\\\/www.cpl.es\\\/producto\\\/jornadas-y-colectas-material-para-la-pastoral-y-sugerencias-liturgicas-9788491657156\\\/\",\"url\":\"https:\\\/\\\/www.cpl.es\\\/producto\\\/jornadas-y-colectas-material-para-la-pastoral-y-sugerencias-liturgicas-9788491657156\\\/\",\"name\":\"Jornadas y colectas. Material para la pastoral y sugerencias lit\u00fargicas - CPL\",\"isPartOf\":{\"@id\":\"https:\\\/\\\/www.cpl.es\\\/#website\"},\"primaryImageOfPage\":{\"@id\":\"https:\\\/\\\/www.cpl.es\\\/producto\\\/jornadas-y-colectas-material-para-la-pastoral-y-sugerencias-liturgicas-9788491657156\\\/#primaryimage\"},\"image\":{\"@id\":\"https:\\\/\\\/www.cpl.es\\\/producto\\\/jornadas-y-colectas-material-para-la-pastoral-y-sugerencias-liturgicas-9788491657156\\\/#primaryimage\"},\"thumbnailUrl\":\"https:\\\/\\\/www.cpl.es\\\/wp-content\\\/uploads\\\/9788491657156-7.jpg\",\"datePublished\":\"2025-10-03T07:58:01+00:00\",\"dateModified\":\"2026-01-09T11:38:05+00:00\",\"breadcrumb\":{\"@id\":\"https:\\\/\\\/www.cpl.es\\\/producto\\\/jornadas-y-colectas-material-para-la-pastoral-y-sugerencias-liturgicas-9788491657156\\\/#breadcrumb\"},\"inLanguage\":\"ca\",\"potentialAction\":[{\"@type\":\"ReadAction\",\"target\":[\"https:\\\/\\\/www.cpl.es\\\/producto\\\/jornadas-y-colectas-material-para-la-pastoral-y-sugerencias-liturgicas-9788491657156\\\/\"]}]},{\"@type\":\"ImageObject\",\"inLanguage\":\"ca\",\"@id\":\"https:\\\/\\\/www.cpl.es\\\/producto\\\/jornadas-y-colectas-material-para-la-pastoral-y-sugerencias-liturgicas-9788491657156\\\/#primaryimage\",\"url\":\"https:\\\/\\\/www.cpl.es\\\/wp-content\\\/uploads\\\/9788491657156-7.jpg\",\"contentUrl\":\"https:\\\/\\\/www.cpl.es\\\/wp-content\\\/uploads\\\/9788491657156-7.jpg\",\"width\":1831,\"height\":2539,\"caption\":\"9788491657156.jpg\"},{\"@type\":\"BreadcrumbList\",\"@id\":\"https:\\\/\\\/www.cpl.es\\\/producto\\\/jornadas-y-colectas-material-para-la-pastoral-y-sugerencias-liturgicas-9788491657156\\\/#breadcrumb\",\"itemListElement\":[{\"@type\":\"ListItem\",\"position\":1,\"name\":\"Portada\",\"item\":\"https:\\\/\\\/www.cpl.es\\\/ca\\\/\"},{\"@type\":\"ListItem\",\"position\":2,\"name\":\"Cat\u00e0leg\",\"item\":\"https:\\\/\\\/www.cpl.es\\\/ca\\\/cataleg\\\/\"},{\"@type\":\"ListItem\",\"position\":3,\"name\":\"Jornadas y colectas. Material para la pastoral y sugerencias lit\u00fargicas\"}]},{\"@type\":\"WebSite\",\"@id\":\"https:\\\/\\\/www.cpl.es\\\/#website\",\"url\":\"https:\\\/\\\/www.cpl.es\\\/\",\"name\":\"CPL\",\"description\":\"Centre de Pastoral Lit\u00fargica de Barcelona\",\"publisher\":{\"@id\":\"https:\\\/\\\/www.cpl.es\\\/#organization\"},\"alternateName\":\"Centre de Pastoral Lit\u00fargica\",\"potentialAction\":[{\"@type\":\"SearchAction\",\"target\":{\"@type\":\"EntryPoint\",\"urlTemplate\":\"https:\\\/\\\/www.cpl.es\\\/?s={search_term_string}\"},\"query-input\":{\"@type\":\"PropertyValueSpecification\",\"valueRequired\":true,\"valueName\":\"search_term_string\"}}],\"inLanguage\":\"ca\"},{\"@type\":\"Organization\",\"@id\":\"https:\\\/\\\/www.cpl.es\\\/#organization\",\"name\":\"Centre de Pastoral Lit\u00fargica\",\"alternateName\":\"Centre de Pastoral Lit\u00fargica de Barcelona\",\"url\":\"https:\\\/\\\/www.cpl.es\\\/\",\"logo\":{\"@type\":\"ImageObject\",\"inLanguage\":\"ca\",\"@id\":\"https:\\\/\\\/www.cpl.es\\\/#\\\/schema\\\/logo\\\/image\\\/\",\"url\":\"https:\\\/\\\/www.cpl.es\\\/wp-content\\\/uploads\\\/logo-cpl.svg\",\"contentUrl\":\"https:\\\/\\\/www.cpl.es\\\/wp-content\\\/uploads\\\/logo-cpl.svg\",\"caption\":\"Centre de Pastoral Lit\u00fargica\"},\"image\":{\"@id\":\"https:\\\/\\\/www.cpl.es\\\/#\\\/schema\\\/logo\\\/image\\\/\"}}]}<\/script>\n<!-- \/ Yoast SEO plugin. -->","yoast_head_json":{"title":"Jornadas y colectas. Material para la pastoral y sugerencias lit\u00fargicas - CPL","robots":{"index":"index","follow":"follow","max-snippet":"max-snippet:-1","max-image-preview":"max-image-preview:large","max-video-preview":"max-video-preview:-1"},"canonical":"https:\/\/www.cpl.es\/producto\/jornadas-y-colectas-material-para-la-pastoral-y-sugerencias-liturgicas-9788491657156\/","og_locale":"ca_ES","og_type":"article","og_title":"Jornadas y colectas. Material para la pastoral y sugerencias lit\u00fargicas - CPL","og_description":"Cahuana Bartra, Carles","og_url":"https:\/\/www.cpl.es\/producto\/jornadas-y-colectas-material-para-la-pastoral-y-sugerencias-liturgicas-9788491657156\/","og_site_name":"CPL","article_modified_time":"2026-01-09T11:38:05+00:00","og_image":[{"width":1024,"height":1420,"url":"https:\/\/www.cpl.es\/wp-content\/uploads\/9788491657156-7-1024x1420.jpg","type":"image\/jpeg"}],"twitter_card":"summary_large_image","twitter_misc":{"Temps estimat de lectura":"1 minut"},"schema":{"@context":"https:\/\/schema.org","@graph":[{"@type":"WebPage","@id":"https:\/\/www.cpl.es\/producto\/jornadas-y-colectas-material-para-la-pastoral-y-sugerencias-liturgicas-9788491657156\/","url":"https:\/\/www.cpl.es\/producto\/jornadas-y-colectas-material-para-la-pastoral-y-sugerencias-liturgicas-9788491657156\/","name":"Jornadas y colectas. Material para la pastoral y sugerencias lit\u00fargicas - CPL","isPartOf":{"@id":"https:\/\/www.cpl.es\/#website"},"primaryImageOfPage":{"@id":"https:\/\/www.cpl.es\/producto\/jornadas-y-colectas-material-para-la-pastoral-y-sugerencias-liturgicas-9788491657156\/#primaryimage"},"image":{"@id":"https:\/\/www.cpl.es\/producto\/jornadas-y-colectas-material-para-la-pastoral-y-sugerencias-liturgicas-9788491657156\/#primaryimage"},"thumbnailUrl":"https:\/\/www.cpl.es\/wp-content\/uploads\/9788491657156-7.jpg","datePublished":"2025-10-03T07:58:01+00:00","dateModified":"2026-01-09T11:38:05+00:00","breadcrumb":{"@id":"https:\/\/www.cpl.es\/producto\/jornadas-y-colectas-material-para-la-pastoral-y-sugerencias-liturgicas-9788491657156\/#breadcrumb"},"inLanguage":"ca","potentialAction":[{"@type":"ReadAction","target":["https:\/\/www.cpl.es\/producto\/jornadas-y-colectas-material-para-la-pastoral-y-sugerencias-liturgicas-9788491657156\/"]}]},{"@type":"ImageObject","inLanguage":"ca","@id":"https:\/\/www.cpl.es\/producto\/jornadas-y-colectas-material-para-la-pastoral-y-sugerencias-liturgicas-9788491657156\/#primaryimage","url":"https:\/\/www.cpl.es\/wp-content\/uploads\/9788491657156-7.jpg","contentUrl":"https:\/\/www.cpl.es\/wp-content\/uploads\/9788491657156-7.jpg","width":1831,"height":2539,"caption":"9788491657156.jpg"},{"@type":"BreadcrumbList","@id":"https:\/\/www.cpl.es\/producto\/jornadas-y-colectas-material-para-la-pastoral-y-sugerencias-liturgicas-9788491657156\/#breadcrumb","itemListElement":[{"@type":"ListItem","position":1,"name":"Portada","item":"https:\/\/www.cpl.es\/ca\/"},{"@type":"ListItem","position":2,"name":"Cat\u00e0leg","item":"https:\/\/www.cpl.es\/ca\/cataleg\/"},{"@type":"ListItem","position":3,"name":"Jornadas y colectas. Material para la pastoral y sugerencias lit\u00fargicas"}]},{"@type":"WebSite","@id":"https:\/\/www.cpl.es\/#website","url":"https:\/\/www.cpl.es\/","name":"CPL","description":"Centre de Pastoral Lit\u00fargica de Barcelona","publisher":{"@id":"https:\/\/www.cpl.es\/#organization"},"alternateName":"Centre de Pastoral Lit\u00fargica","potentialAction":[{"@type":"SearchAction","target":{"@type":"EntryPoint","urlTemplate":"https:\/\/www.cpl.es\/?s={search_term_string}"},"query-input":{"@type":"PropertyValueSpecification","valueRequired":true,"valueName":"search_term_string"}}],"inLanguage":"ca"},{"@type":"Organization","@id":"https:\/\/www.cpl.es\/#organization","name":"Centre de Pastoral Lit\u00fargica","alternateName":"Centre de Pastoral Lit\u00fargica de Barcelona","url":"https:\/\/www.cpl.es\/","logo":{"@type":"ImageObject","inLanguage":"ca","@id":"https:\/\/www.cpl.es\/#\/schema\/logo\/image\/","url":"https:\/\/www.cpl.es\/wp-content\/uploads\/logo-cpl.svg","contentUrl":"https:\/\/www.cpl.es\/wp-content\/uploads\/logo-cpl.svg","caption":"Centre de Pastoral Lit\u00fargica"},"image":{"@id":"https:\/\/www.cpl.es\/#\/schema\/logo\/image\/"}}]}},"_links":{"self":[{"href":"https:\/\/www.cpl.es\/ca\/wp-json\/wp\/v2\/product\/20275","targetHints":{"allow":["GET"]}}],"collection":[{"href":"https:\/\/www.cpl.es\/ca\/wp-json\/wp\/v2\/product"}],"about":[{"href":"https:\/\/www.cpl.es\/ca\/wp-json\/wp\/v2\/types\/product"}],"wp:featuredmedia":[{"embeddable":true,"href":"https:\/\/www.cpl.es\/ca\/wp-json\/wp\/v2\/media\/21017"}],"wp:attachment":[{"href":"https:\/\/www.cpl.es\/ca\/wp-json\/wp\/v2\/media?parent=20275"}],"wp:term":[{"taxonomy":"product_brand","embeddable":true,"href":"https:\/\/www.cpl.es\/ca\/wp-json\/wp\/v2\/product_brand?post=20275"},{"taxonomy":"product_cat","embeddable":true,"href":"https:\/\/www.cpl.es\/ca\/wp-json\/wp\/v2\/product_cat?post=20275"},{"taxonomy":"product_tag","embeddable":true,"href":"https:\/\/www.cpl.es\/ca\/wp-json\/wp\/v2\/product_tag?post=20275"}],"curies":[{"name":"wp","href":"https:\/\/api.w.org\/{rel}","templated":true}]}}