{"id":20272,"date":"2025-10-03T09:53:01","date_gmt":"2025-10-03T07:53:01","guid":{"rendered":"https:\/\/www.cpl.es\/producto\/el-camino-de-la-renovacion-liturgica-9788491657149\/"},"modified":"2026-02-12T16:47:49","modified_gmt":"2026-02-12T15:47:49","slug":"el-camino-de-la-renovacion-liturgica-9788491657149","status":"publish","type":"product","link":"https:\/\/www.cpl.es\/ca\/producto\/el-camino-de-la-renovacion-liturgica-9788491657149\/","title":{"rendered":"El camino de la renovaci\u00f3n lit\u00fargica"},"content":{"rendered":"<p>Resumen: Ofrecemos en este Cuaderno la intervenci\u00f3n de Mons. Aurelio Garc\u00eda, subsecretario del Dicasterio para el Culto Divino y la Disciplina de los Sacramentos, en su recepci\u00f3n del X Memorial Pere Tena; la laudatio del Dr. Salvador Pi\u00e9-Ninot; y la traducci\u00f3n de los editoriales de la revista Notitiae preparados por Mons. Pere Tena i Garriga durante su etapa romana como subsecretario de la misma Congregaci\u00f3n (1987-1993).<\/p>\n<p>Palabras clave: Congregaci\u00f3n para el Culto Divino y la Disciplina de los Sacramentos, Notitiae, reforma lit\u00fargica del Vaticano II, teolog\u00eda lit\u00fargica.<\/p>\n<p>Abstract: This Cuaderno features the remarks of bishop Aurelio Garc\u00eda, undersecretary of the Dicastery for Divine Worship and the Discipline of the Sacraments, on his reception of the 10th Pere Tena Memorial; the laudatio of Dr. Salvador Pi\u00e9-Ninot; and the translation of the editorials from the journal Notitiae prepared by bishop Pere Tena i Garriga during his time in Rome as undersecretary of the same Congregation (1987-1993).<\/p>\n<p>Keywords: Congregation for Divine Worship and the Discipline of the Sacraments, Notitiae, liturgical reform of Vatican II, liturgical theology.<\/p>\n","protected":false},"excerpt":{"rendered":"<p>vvaa<\/p>\n","protected":false},"featured_media":21027,"template":"","meta":{"_acf_changed":false,"inline_featured_image":false},"product_brand":[],"product_cat":[32,33,69,54],"product_tag":[],"class_list":{"0":"post-20272","1":"product","2":"type-product","3":"status-publish","4":"has-post-thumbnail","6":"product_cat-castellano","7":"product_cat-catala","8":"product_cat-cuadernos-phase-colleccions-catala","9":"product_cat-cuadernos-phase","11":"first","12":"instock","13":"taxable","14":"shipping-taxable","15":"purchasable","16":"product-type-simple"},"acf":{"autor":"vvaa","codart":"110288","ediciones":"1","encuadernacion":"R\u00fastica","fecha_de_publicacion":"20\/10\/2025","novedad":false,"paginas":"144","subtitulo":"","orden":"999","portada":false,"idioma":"spa","coleccion_num":"288","editorial":[{"ID":6736,"post_author":"2","post_date":"2023-10-06 08:35:24","post_date_gmt":"2023-10-06 06:35:24","post_content":"","post_title":"CPL","post_excerpt":"","post_status":"publish","comment_status":"closed","ping_status":"closed","post_password":"","post_name":"cpl","to_ping":"","pinged":"","post_modified":"2023-10-06 08:35:24","post_modified_gmt":"2023-10-06 06:35:24","post_content_filtered":"","post_parent":0,"guid":"https:\/\/nuevaweb.cpl.es\/editorial\/cpl\/","menu_order":0,"post_type":"editorial","post_mime_type":"","comment_count":"0","filter":"raw"}]},"yoast_head":"<!-- This site is optimized with the Yoast SEO plugin v27.3 - https:\/\/yoast.com\/product\/yoast-seo-wordpress\/ -->\n<title>El camino de la renovaci\u00f3n lit\u00fargica - CPL<\/title>\n<meta name=\"robots\" content=\"index, follow, max-snippet:-1, max-image-preview:large, max-video-preview:-1\" \/>\n<link rel=\"canonical\" href=\"https:\/\/www.cpl.es\/producto\/el-camino-de-la-renovacion-liturgica-9788491657149\/\" \/>\n<meta property=\"og:locale\" content=\"ca_ES\" \/>\n<meta property=\"og:type\" content=\"article\" \/>\n<meta property=\"og:title\" content=\"El camino de la renovaci\u00f3n lit\u00fargica - CPL\" \/>\n<meta property=\"og:description\" content=\"vvaa\" \/>\n<meta property=\"og:url\" content=\"https:\/\/www.cpl.es\/producto\/el-camino-de-la-renovacion-liturgica-9788491657149\/\" \/>\n<meta property=\"og:site_name\" content=\"CPL\" \/>\n<meta property=\"article:modified_time\" content=\"2026-02-12T15:47:49+00:00\" \/>\n<meta property=\"og:image\" content=\"https:\/\/www.cpl.es\/wp-content\/uploads\/9788491657149-4.jpg\" \/>\n\t<meta property=\"og:image:width\" content=\"1606\" \/>\n\t<meta property=\"og:image:height\" content=\"2421\" \/>\n\t<meta property=\"og:image:type\" content=\"image\/jpeg\" \/>\n<meta name=\"twitter:card\" content=\"summary_large_image\" \/>\n<meta name=\"twitter:label1\" content=\"Temps estimat de lectura\" \/>\n\t<meta name=\"twitter:data1\" content=\"1 minut\" \/>\n<script type=\"application\/ld+json\" class=\"yoast-schema-graph\">{\"@context\":\"https:\\\/\\\/schema.org\",\"@graph\":[{\"@type\":\"WebPage\",\"@id\":\"https:\\\/\\\/www.cpl.es\\\/producto\\\/el-camino-de-la-renovacion-liturgica-9788491657149\\\/\",\"url\":\"https:\\\/\\\/www.cpl.es\\\/producto\\\/el-camino-de-la-renovacion-liturgica-9788491657149\\\/\",\"name\":\"El camino de la renovaci\u00f3n lit\u00fargica - CPL\",\"isPartOf\":{\"@id\":\"https:\\\/\\\/www.cpl.es\\\/#website\"},\"primaryImageOfPage\":{\"@id\":\"https:\\\/\\\/www.cpl.es\\\/producto\\\/el-camino-de-la-renovacion-liturgica-9788491657149\\\/#primaryimage\"},\"image\":{\"@id\":\"https:\\\/\\\/www.cpl.es\\\/producto\\\/el-camino-de-la-renovacion-liturgica-9788491657149\\\/#primaryimage\"},\"thumbnailUrl\":\"https:\\\/\\\/www.cpl.es\\\/wp-content\\\/uploads\\\/9788491657149-4.jpg\",\"datePublished\":\"2025-10-03T07:53:01+00:00\",\"dateModified\":\"2026-02-12T15:47:49+00:00\",\"breadcrumb\":{\"@id\":\"https:\\\/\\\/www.cpl.es\\\/producto\\\/el-camino-de-la-renovacion-liturgica-9788491657149\\\/#breadcrumb\"},\"inLanguage\":\"ca\",\"potentialAction\":[{\"@type\":\"ReadAction\",\"target\":[\"https:\\\/\\\/www.cpl.es\\\/producto\\\/el-camino-de-la-renovacion-liturgica-9788491657149\\\/\"]}]},{\"@type\":\"ImageObject\",\"inLanguage\":\"ca\",\"@id\":\"https:\\\/\\\/www.cpl.es\\\/producto\\\/el-camino-de-la-renovacion-liturgica-9788491657149\\\/#primaryimage\",\"url\":\"https:\\\/\\\/www.cpl.es\\\/wp-content\\\/uploads\\\/9788491657149-4.jpg\",\"contentUrl\":\"https:\\\/\\\/www.cpl.es\\\/wp-content\\\/uploads\\\/9788491657149-4.jpg\",\"width\":1606,\"height\":2421,\"caption\":\"9788491657149.jpg\"},{\"@type\":\"BreadcrumbList\",\"@id\":\"https:\\\/\\\/www.cpl.es\\\/producto\\\/el-camino-de-la-renovacion-liturgica-9788491657149\\\/#breadcrumb\",\"itemListElement\":[{\"@type\":\"ListItem\",\"position\":1,\"name\":\"Portada\",\"item\":\"https:\\\/\\\/www.cpl.es\\\/ca\\\/\"},{\"@type\":\"ListItem\",\"position\":2,\"name\":\"Cat\u00e0leg\",\"item\":\"https:\\\/\\\/www.cpl.es\\\/ca\\\/cataleg\\\/\"},{\"@type\":\"ListItem\",\"position\":3,\"name\":\"El camino de la renovaci\u00f3n lit\u00fargica\"}]},{\"@type\":\"WebSite\",\"@id\":\"https:\\\/\\\/www.cpl.es\\\/#website\",\"url\":\"https:\\\/\\\/www.cpl.es\\\/\",\"name\":\"CPL\",\"description\":\"Centre de Pastoral Lit\u00fargica de Barcelona\",\"publisher\":{\"@id\":\"https:\\\/\\\/www.cpl.es\\\/#organization\"},\"alternateName\":\"Centre de Pastoral Lit\u00fargica\",\"potentialAction\":[{\"@type\":\"SearchAction\",\"target\":{\"@type\":\"EntryPoint\",\"urlTemplate\":\"https:\\\/\\\/www.cpl.es\\\/?s={search_term_string}\"},\"query-input\":{\"@type\":\"PropertyValueSpecification\",\"valueRequired\":true,\"valueName\":\"search_term_string\"}}],\"inLanguage\":\"ca\"},{\"@type\":\"Organization\",\"@id\":\"https:\\\/\\\/www.cpl.es\\\/#organization\",\"name\":\"Centre de Pastoral Lit\u00fargica\",\"alternateName\":\"Centre de Pastoral Lit\u00fargica de Barcelona\",\"url\":\"https:\\\/\\\/www.cpl.es\\\/\",\"logo\":{\"@type\":\"ImageObject\",\"inLanguage\":\"ca\",\"@id\":\"https:\\\/\\\/www.cpl.es\\\/#\\\/schema\\\/logo\\\/image\\\/\",\"url\":\"https:\\\/\\\/www.cpl.es\\\/wp-content\\\/uploads\\\/logo-cpl.svg\",\"contentUrl\":\"https:\\\/\\\/www.cpl.es\\\/wp-content\\\/uploads\\\/logo-cpl.svg\",\"caption\":\"Centre de Pastoral Lit\u00fargica\"},\"image\":{\"@id\":\"https:\\\/\\\/www.cpl.es\\\/#\\\/schema\\\/logo\\\/image\\\/\"}}]}<\/script>\n<!-- \/ Yoast SEO plugin. -->","yoast_head_json":{"title":"El camino de la renovaci\u00f3n lit\u00fargica - CPL","robots":{"index":"index","follow":"follow","max-snippet":"max-snippet:-1","max-image-preview":"max-image-preview:large","max-video-preview":"max-video-preview:-1"},"canonical":"https:\/\/www.cpl.es\/producto\/el-camino-de-la-renovacion-liturgica-9788491657149\/","og_locale":"ca_ES","og_type":"article","og_title":"El camino de la renovaci\u00f3n lit\u00fargica - CPL","og_description":"vvaa","og_url":"https:\/\/www.cpl.es\/producto\/el-camino-de-la-renovacion-liturgica-9788491657149\/","og_site_name":"CPL","article_modified_time":"2026-02-12T15:47:49+00:00","og_image":[{"width":1606,"height":2421,"url":"https:\/\/www.cpl.es\/wp-content\/uploads\/9788491657149-4.jpg","type":"image\/jpeg"}],"twitter_card":"summary_large_image","twitter_misc":{"Temps estimat de lectura":"1 minut"},"schema":{"@context":"https:\/\/schema.org","@graph":[{"@type":"WebPage","@id":"https:\/\/www.cpl.es\/producto\/el-camino-de-la-renovacion-liturgica-9788491657149\/","url":"https:\/\/www.cpl.es\/producto\/el-camino-de-la-renovacion-liturgica-9788491657149\/","name":"El camino de la renovaci\u00f3n lit\u00fargica - CPL","isPartOf":{"@id":"https:\/\/www.cpl.es\/#website"},"primaryImageOfPage":{"@id":"https:\/\/www.cpl.es\/producto\/el-camino-de-la-renovacion-liturgica-9788491657149\/#primaryimage"},"image":{"@id":"https:\/\/www.cpl.es\/producto\/el-camino-de-la-renovacion-liturgica-9788491657149\/#primaryimage"},"thumbnailUrl":"https:\/\/www.cpl.es\/wp-content\/uploads\/9788491657149-4.jpg","datePublished":"2025-10-03T07:53:01+00:00","dateModified":"2026-02-12T15:47:49+00:00","breadcrumb":{"@id":"https:\/\/www.cpl.es\/producto\/el-camino-de-la-renovacion-liturgica-9788491657149\/#breadcrumb"},"inLanguage":"ca","potentialAction":[{"@type":"ReadAction","target":["https:\/\/www.cpl.es\/producto\/el-camino-de-la-renovacion-liturgica-9788491657149\/"]}]},{"@type":"ImageObject","inLanguage":"ca","@id":"https:\/\/www.cpl.es\/producto\/el-camino-de-la-renovacion-liturgica-9788491657149\/#primaryimage","url":"https:\/\/www.cpl.es\/wp-content\/uploads\/9788491657149-4.jpg","contentUrl":"https:\/\/www.cpl.es\/wp-content\/uploads\/9788491657149-4.jpg","width":1606,"height":2421,"caption":"9788491657149.jpg"},{"@type":"BreadcrumbList","@id":"https:\/\/www.cpl.es\/producto\/el-camino-de-la-renovacion-liturgica-9788491657149\/#breadcrumb","itemListElement":[{"@type":"ListItem","position":1,"name":"Portada","item":"https:\/\/www.cpl.es\/ca\/"},{"@type":"ListItem","position":2,"name":"Cat\u00e0leg","item":"https:\/\/www.cpl.es\/ca\/cataleg\/"},{"@type":"ListItem","position":3,"name":"El camino de la renovaci\u00f3n lit\u00fargica"}]},{"@type":"WebSite","@id":"https:\/\/www.cpl.es\/#website","url":"https:\/\/www.cpl.es\/","name":"CPL","description":"Centre de Pastoral Lit\u00fargica de Barcelona","publisher":{"@id":"https:\/\/www.cpl.es\/#organization"},"alternateName":"Centre de Pastoral Lit\u00fargica","potentialAction":[{"@type":"SearchAction","target":{"@type":"EntryPoint","urlTemplate":"https:\/\/www.cpl.es\/?s={search_term_string}"},"query-input":{"@type":"PropertyValueSpecification","valueRequired":true,"valueName":"search_term_string"}}],"inLanguage":"ca"},{"@type":"Organization","@id":"https:\/\/www.cpl.es\/#organization","name":"Centre de Pastoral Lit\u00fargica","alternateName":"Centre de Pastoral Lit\u00fargica de Barcelona","url":"https:\/\/www.cpl.es\/","logo":{"@type":"ImageObject","inLanguage":"ca","@id":"https:\/\/www.cpl.es\/#\/schema\/logo\/image\/","url":"https:\/\/www.cpl.es\/wp-content\/uploads\/logo-cpl.svg","contentUrl":"https:\/\/www.cpl.es\/wp-content\/uploads\/logo-cpl.svg","caption":"Centre de Pastoral Lit\u00fargica"},"image":{"@id":"https:\/\/www.cpl.es\/#\/schema\/logo\/image\/"}}]}},"_links":{"self":[{"href":"https:\/\/www.cpl.es\/ca\/wp-json\/wp\/v2\/product\/20272","targetHints":{"allow":["GET"]}}],"collection":[{"href":"https:\/\/www.cpl.es\/ca\/wp-json\/wp\/v2\/product"}],"about":[{"href":"https:\/\/www.cpl.es\/ca\/wp-json\/wp\/v2\/types\/product"}],"wp:featuredmedia":[{"embeddable":true,"href":"https:\/\/www.cpl.es\/ca\/wp-json\/wp\/v2\/media\/21027"}],"wp:attachment":[{"href":"https:\/\/www.cpl.es\/ca\/wp-json\/wp\/v2\/media?parent=20272"}],"wp:term":[{"taxonomy":"product_brand","embeddable":true,"href":"https:\/\/www.cpl.es\/ca\/wp-json\/wp\/v2\/product_brand?post=20272"},{"taxonomy":"product_cat","embeddable":true,"href":"https:\/\/www.cpl.es\/ca\/wp-json\/wp\/v2\/product_cat?post=20272"},{"taxonomy":"product_tag","embeddable":true,"href":"https:\/\/www.cpl.es\/ca\/wp-json\/wp\/v2\/product_tag?post=20272"}],"curies":[{"name":"wp","href":"https:\/\/api.w.org\/{rel}","templated":true}]}}