{"id":1983,"date":"2023-10-04T01:27:49","date_gmt":"2023-10-03T23:27:49","guid":{"rendered":"https:\/\/nuevaweb.cpl.es\/producto\/la-confessio-sagrament-de-la-misericordia-9788498059014\/"},"modified":"2024-03-11T09:07:53","modified_gmt":"2024-03-11T08:07:53","slug":"la-confessio-sagrament-de-la-misericordia-9788498059014","status":"publish","type":"product","link":"https:\/\/www.cpl.es\/ca\/producto\/la-confessio-sagrament-de-la-misericordia-9788498059014\/","title":{"rendered":"La confessi\u00f3, sagrament de la Miseric\u00f2rdia"},"content":{"rendered":"<p>En convocar un Jubileu extraordinari que t\u00e9 com a centre la miseric\u00f2rdia de D\u00e9u, el papa Francesc ha volgut caracteritzar-lo com \u00abuna nova etapa del cam\u00ed de l\u2019Esgl\u00e9sia en la seva missi\u00f3 de portar a cada persona l\u2019Evangeli de<br \/>la miseric\u00f2rdia\u00bb. Hi ha afegit despr\u00e9s: \u00abEstic conven\u00e7ut que tota l\u2019Esgl\u00e9sia podr\u00e0 trobar en aquest Jubileu la joia per redescobrir i fer fecunda la miseric\u00f2rdia de D\u00e9u, amb la qual tothom est\u00e0 cridat a donar consol a cada home i a cada dona del nostre temps\u00bb.<br \/>Intentant oferir una aportaci\u00f3 com a resposta a aquestes expectatives i tot recordant que \u00abl\u2019Evangeli \u00e9s la revelaci\u00f3, en Jesucrist, de la miseric\u00f2rdia de D\u00e9u envers els pecadors\u00bb (CEC 1486), en aquest volum s\u2019ofereixen algunes reflexions per tal de comprendre millor el sagrament de la confessi\u00f3, el sagrament dels qui en Crist experimenten l\u2019amor misericordi\u00f3s de D\u00e9u.<\/p>\n","protected":false},"excerpt":{"rendered":"<p>Pontifici Consell per a la Promoci\u00f3 de la Nova Evangelitzaci\u00f3<\/p>\n","protected":false},"featured_media":1984,"template":"","meta":{"_acf_changed":false,"inline_featured_image":false},"product_brand":[],"product_cat":[15],"product_tag":[],"class_list":{"0":"post-1983","1":"product","2":"type-product","3":"status-publish","4":"has-post-thumbnail","6":"product_cat-sin-categorizar","8":"first","9":"instock","10":"taxable","11":"shipping-taxable","12":"purchasable","13":"product-type-simple"},"acf":{"autor":"Pontifici Consell per a la Promoci\u00f3 de la Nova Evangelitzaci\u00f3","codart":"213025","ediciones":"1","encuadernacion":"R\u00fastica","fecha_de_publicacion":"20\/04\/2016","novedad":false,"paginas":"96","subtitulo":"Misericordiosos com el Pare 5","orden":"999","portada":false,"idioma":"cat","editorial":[{"ID":6736,"post_author":"2","post_date":"2023-10-06 08:35:24","post_date_gmt":"2023-10-06 06:35:24","post_content":"","post_title":"CPL","post_excerpt":"","post_status":"publish","comment_status":"closed","ping_status":"closed","post_password":"","post_name":"cpl","to_ping":"","pinged":"","post_modified":"2023-10-06 08:35:24","post_modified_gmt":"2023-10-06 06:35:24","post_content_filtered":"","post_parent":0,"guid":"https:\/\/nuevaweb.cpl.es\/editorial\/cpl\/","menu_order":0,"post_type":"editorial","post_mime_type":"","comment_count":"0","filter":"raw"}],"coleccion_num":"25"},"yoast_head":"<!-- This site is optimized with the Yoast SEO plugin v27.3 - https:\/\/yoast.com\/product\/yoast-seo-wordpress\/ -->\n<title>La confessi\u00f3, sagrament de la Miseric\u00f2rdia - CPL<\/title>\n<meta name=\"robots\" content=\"index, follow, max-snippet:-1, max-image-preview:large, max-video-preview:-1\" \/>\n<link rel=\"canonical\" href=\"https:\/\/www.cpl.es\/producto\/la-confessio-sagrament-de-la-misericordia-9788498059014\/\" \/>\n<meta property=\"og:locale\" content=\"ca_ES\" \/>\n<meta property=\"og:type\" content=\"article\" \/>\n<meta property=\"og:title\" content=\"La confessi\u00f3, sagrament de la Miseric\u00f2rdia - CPL\" \/>\n<meta property=\"og:description\" content=\"Pontifici Consell per a la Promoci\u00f3 de la Nova Evangelitzaci\u00f3\" \/>\n<meta property=\"og:url\" content=\"https:\/\/www.cpl.es\/producto\/la-confessio-sagrament-de-la-misericordia-9788498059014\/\" \/>\n<meta property=\"og:site_name\" content=\"CPL\" \/>\n<meta property=\"article:modified_time\" content=\"2024-03-11T08:07:53+00:00\" \/>\n<meta property=\"og:image\" content=\"https:\/\/www.cpl.es\/wp-content\/uploads\/213025.jpg\" \/>\n\t<meta property=\"og:image:width\" content=\"280\" \/>\n\t<meta property=\"og:image:height\" content=\"459\" \/>\n\t<meta property=\"og:image:type\" content=\"image\/jpeg\" \/>\n<meta name=\"twitter:card\" content=\"summary_large_image\" \/>\n<meta name=\"twitter:label1\" content=\"Temps estimat de lectura\" \/>\n\t<meta name=\"twitter:data1\" content=\"1 minut\" \/>\n<script type=\"application\/ld+json\" class=\"yoast-schema-graph\">{\"@context\":\"https:\\\/\\\/schema.org\",\"@graph\":[{\"@type\":\"WebPage\",\"@id\":\"https:\\\/\\\/www.cpl.es\\\/producto\\\/la-confessio-sagrament-de-la-misericordia-9788498059014\\\/\",\"url\":\"https:\\\/\\\/www.cpl.es\\\/producto\\\/la-confessio-sagrament-de-la-misericordia-9788498059014\\\/\",\"name\":\"La confessi\u00f3, sagrament de la Miseric\u00f2rdia - CPL\",\"isPartOf\":{\"@id\":\"https:\\\/\\\/www.cpl.es\\\/#website\"},\"primaryImageOfPage\":{\"@id\":\"https:\\\/\\\/www.cpl.es\\\/producto\\\/la-confessio-sagrament-de-la-misericordia-9788498059014\\\/#primaryimage\"},\"image\":{\"@id\":\"https:\\\/\\\/www.cpl.es\\\/producto\\\/la-confessio-sagrament-de-la-misericordia-9788498059014\\\/#primaryimage\"},\"thumbnailUrl\":\"https:\\\/\\\/www.cpl.es\\\/wp-content\\\/uploads\\\/213025.jpg\",\"datePublished\":\"2023-10-03T23:27:49+00:00\",\"dateModified\":\"2024-03-11T08:07:53+00:00\",\"breadcrumb\":{\"@id\":\"https:\\\/\\\/www.cpl.es\\\/producto\\\/la-confessio-sagrament-de-la-misericordia-9788498059014\\\/#breadcrumb\"},\"inLanguage\":\"ca\",\"potentialAction\":[{\"@type\":\"ReadAction\",\"target\":[\"https:\\\/\\\/www.cpl.es\\\/producto\\\/la-confessio-sagrament-de-la-misericordia-9788498059014\\\/\"]}]},{\"@type\":\"ImageObject\",\"inLanguage\":\"ca\",\"@id\":\"https:\\\/\\\/www.cpl.es\\\/producto\\\/la-confessio-sagrament-de-la-misericordia-9788498059014\\\/#primaryimage\",\"url\":\"https:\\\/\\\/www.cpl.es\\\/wp-content\\\/uploads\\\/213025.jpg\",\"contentUrl\":\"https:\\\/\\\/www.cpl.es\\\/wp-content\\\/uploads\\\/213025.jpg\",\"width\":280,\"height\":459,\"caption\":\"213025.jpg\"},{\"@type\":\"BreadcrumbList\",\"@id\":\"https:\\\/\\\/www.cpl.es\\\/producto\\\/la-confessio-sagrament-de-la-misericordia-9788498059014\\\/#breadcrumb\",\"itemListElement\":[{\"@type\":\"ListItem\",\"position\":1,\"name\":\"Portada\",\"item\":\"https:\\\/\\\/www.cpl.es\\\/ca\\\/\"},{\"@type\":\"ListItem\",\"position\":2,\"name\":\"Cat\u00e0leg\",\"item\":\"https:\\\/\\\/www.cpl.es\\\/ca\\\/cataleg\\\/\"},{\"@type\":\"ListItem\",\"position\":3,\"name\":\"La confessi\u00f3, sagrament de la Miseric\u00f2rdia\"}]},{\"@type\":\"WebSite\",\"@id\":\"https:\\\/\\\/www.cpl.es\\\/#website\",\"url\":\"https:\\\/\\\/www.cpl.es\\\/\",\"name\":\"CPL\",\"description\":\"Centre de Pastoral Lit\u00fargica de Barcelona\",\"publisher\":{\"@id\":\"https:\\\/\\\/www.cpl.es\\\/#organization\"},\"alternateName\":\"Centre de Pastoral Lit\u00fargica\",\"potentialAction\":[{\"@type\":\"SearchAction\",\"target\":{\"@type\":\"EntryPoint\",\"urlTemplate\":\"https:\\\/\\\/www.cpl.es\\\/?s={search_term_string}\"},\"query-input\":{\"@type\":\"PropertyValueSpecification\",\"valueRequired\":true,\"valueName\":\"search_term_string\"}}],\"inLanguage\":\"ca\"},{\"@type\":\"Organization\",\"@id\":\"https:\\\/\\\/www.cpl.es\\\/#organization\",\"name\":\"Centre de Pastoral Lit\u00fargica\",\"alternateName\":\"Centre de Pastoral Lit\u00fargica de Barcelona\",\"url\":\"https:\\\/\\\/www.cpl.es\\\/\",\"logo\":{\"@type\":\"ImageObject\",\"inLanguage\":\"ca\",\"@id\":\"https:\\\/\\\/www.cpl.es\\\/#\\\/schema\\\/logo\\\/image\\\/\",\"url\":\"https:\\\/\\\/www.cpl.es\\\/wp-content\\\/uploads\\\/logo-cpl.svg\",\"contentUrl\":\"https:\\\/\\\/www.cpl.es\\\/wp-content\\\/uploads\\\/logo-cpl.svg\",\"caption\":\"Centre de Pastoral Lit\u00fargica\"},\"image\":{\"@id\":\"https:\\\/\\\/www.cpl.es\\\/#\\\/schema\\\/logo\\\/image\\\/\"}}]}<\/script>\n<!-- \/ Yoast SEO plugin. -->","yoast_head_json":{"title":"La confessi\u00f3, sagrament de la Miseric\u00f2rdia - CPL","robots":{"index":"index","follow":"follow","max-snippet":"max-snippet:-1","max-image-preview":"max-image-preview:large","max-video-preview":"max-video-preview:-1"},"canonical":"https:\/\/www.cpl.es\/producto\/la-confessio-sagrament-de-la-misericordia-9788498059014\/","og_locale":"ca_ES","og_type":"article","og_title":"La confessi\u00f3, sagrament de la Miseric\u00f2rdia - CPL","og_description":"Pontifici Consell per a la Promoci\u00f3 de la Nova Evangelitzaci\u00f3","og_url":"https:\/\/www.cpl.es\/producto\/la-confessio-sagrament-de-la-misericordia-9788498059014\/","og_site_name":"CPL","article_modified_time":"2024-03-11T08:07:53+00:00","og_image":[{"width":280,"height":459,"url":"https:\/\/www.cpl.es\/wp-content\/uploads\/213025.jpg","type":"image\/jpeg"}],"twitter_card":"summary_large_image","twitter_misc":{"Temps estimat de lectura":"1 minut"},"schema":{"@context":"https:\/\/schema.org","@graph":[{"@type":"WebPage","@id":"https:\/\/www.cpl.es\/producto\/la-confessio-sagrament-de-la-misericordia-9788498059014\/","url":"https:\/\/www.cpl.es\/producto\/la-confessio-sagrament-de-la-misericordia-9788498059014\/","name":"La confessi\u00f3, sagrament de la Miseric\u00f2rdia - CPL","isPartOf":{"@id":"https:\/\/www.cpl.es\/#website"},"primaryImageOfPage":{"@id":"https:\/\/www.cpl.es\/producto\/la-confessio-sagrament-de-la-misericordia-9788498059014\/#primaryimage"},"image":{"@id":"https:\/\/www.cpl.es\/producto\/la-confessio-sagrament-de-la-misericordia-9788498059014\/#primaryimage"},"thumbnailUrl":"https:\/\/www.cpl.es\/wp-content\/uploads\/213025.jpg","datePublished":"2023-10-03T23:27:49+00:00","dateModified":"2024-03-11T08:07:53+00:00","breadcrumb":{"@id":"https:\/\/www.cpl.es\/producto\/la-confessio-sagrament-de-la-misericordia-9788498059014\/#breadcrumb"},"inLanguage":"ca","potentialAction":[{"@type":"ReadAction","target":["https:\/\/www.cpl.es\/producto\/la-confessio-sagrament-de-la-misericordia-9788498059014\/"]}]},{"@type":"ImageObject","inLanguage":"ca","@id":"https:\/\/www.cpl.es\/producto\/la-confessio-sagrament-de-la-misericordia-9788498059014\/#primaryimage","url":"https:\/\/www.cpl.es\/wp-content\/uploads\/213025.jpg","contentUrl":"https:\/\/www.cpl.es\/wp-content\/uploads\/213025.jpg","width":280,"height":459,"caption":"213025.jpg"},{"@type":"BreadcrumbList","@id":"https:\/\/www.cpl.es\/producto\/la-confessio-sagrament-de-la-misericordia-9788498059014\/#breadcrumb","itemListElement":[{"@type":"ListItem","position":1,"name":"Portada","item":"https:\/\/www.cpl.es\/ca\/"},{"@type":"ListItem","position":2,"name":"Cat\u00e0leg","item":"https:\/\/www.cpl.es\/ca\/cataleg\/"},{"@type":"ListItem","position":3,"name":"La confessi\u00f3, sagrament de la Miseric\u00f2rdia"}]},{"@type":"WebSite","@id":"https:\/\/www.cpl.es\/#website","url":"https:\/\/www.cpl.es\/","name":"CPL","description":"Centre de Pastoral Lit\u00fargica de Barcelona","publisher":{"@id":"https:\/\/www.cpl.es\/#organization"},"alternateName":"Centre de Pastoral Lit\u00fargica","potentialAction":[{"@type":"SearchAction","target":{"@type":"EntryPoint","urlTemplate":"https:\/\/www.cpl.es\/?s={search_term_string}"},"query-input":{"@type":"PropertyValueSpecification","valueRequired":true,"valueName":"search_term_string"}}],"inLanguage":"ca"},{"@type":"Organization","@id":"https:\/\/www.cpl.es\/#organization","name":"Centre de Pastoral Lit\u00fargica","alternateName":"Centre de Pastoral Lit\u00fargica de Barcelona","url":"https:\/\/www.cpl.es\/","logo":{"@type":"ImageObject","inLanguage":"ca","@id":"https:\/\/www.cpl.es\/#\/schema\/logo\/image\/","url":"https:\/\/www.cpl.es\/wp-content\/uploads\/logo-cpl.svg","contentUrl":"https:\/\/www.cpl.es\/wp-content\/uploads\/logo-cpl.svg","caption":"Centre de Pastoral Lit\u00fargica"},"image":{"@id":"https:\/\/www.cpl.es\/#\/schema\/logo\/image\/"}}]}},"_links":{"self":[{"href":"https:\/\/www.cpl.es\/ca\/wp-json\/wp\/v2\/product\/1983","targetHints":{"allow":["GET"]}}],"collection":[{"href":"https:\/\/www.cpl.es\/ca\/wp-json\/wp\/v2\/product"}],"about":[{"href":"https:\/\/www.cpl.es\/ca\/wp-json\/wp\/v2\/types\/product"}],"wp:featuredmedia":[{"embeddable":true,"href":"https:\/\/www.cpl.es\/ca\/wp-json\/wp\/v2\/media\/1984"}],"wp:attachment":[{"href":"https:\/\/www.cpl.es\/ca\/wp-json\/wp\/v2\/media?parent=1983"}],"wp:term":[{"taxonomy":"product_brand","embeddable":true,"href":"https:\/\/www.cpl.es\/ca\/wp-json\/wp\/v2\/product_brand?post=1983"},{"taxonomy":"product_cat","embeddable":true,"href":"https:\/\/www.cpl.es\/ca\/wp-json\/wp\/v2\/product_cat?post=1983"},{"taxonomy":"product_tag","embeddable":true,"href":"https:\/\/www.cpl.es\/ca\/wp-json\/wp\/v2\/product_tag?post=1983"}],"curies":[{"name":"wp","href":"https:\/\/api.w.org\/{rel}","templated":true}]}}