{"id":19411,"date":"2025-06-05T15:53:01","date_gmt":"2025-06-05T13:53:01","guid":{"rendered":"https:\/\/www.cpl.es\/producto\/hacia-una-pastoral-liturgica-en-salida-9788491656951\/"},"modified":"2026-02-12T16:47:39","modified_gmt":"2026-02-12T15:47:39","slug":"hacia-una-pastoral-liturgica-en-salida-9788491656951","status":"publish","type":"product","link":"https:\/\/www.cpl.es\/ca\/producto\/hacia-una-pastoral-liturgica-en-salida-9788491656951\/","title":{"rendered":"Hacia una pastoral lit\u00fargica en salida"},"content":{"rendered":"<p> Resumen: : La \u00abpastoral lit\u00fargica en salida\u00bb encuentra su fundamento en la exhortaci\u00f3n apost\u00f3lica Evangelii gaudium, que llama a la Iglesia a abandonar la comodidad de lo conocido y a asumir una actitud misionera. Esta \u00absalida\u00bb no es meramente f\u00edsica, sino tambi\u00e9n espiritual. La liturgia no puede ser vista como un acto aislado, de individualismo o intimismo comunitario, sino como el motor que impulsa a la comunidad hacia una acci\u00f3n transformadora en el mundo. El presente documento se inscribe en esta visi\u00f3n eclesial y propone un recorrido reflexivo a trav\u00e9s de tres grandes ejes: los sacramentos de iniciaci\u00f3n cristiana como camino en favor de la vida social; los sacramentos de curaci\u00f3n en el contexto de los m\u00e1s necesitados; y la construcci\u00f3n de una pastoral lit\u00fargica con opci\u00f3n preferencial por los pobres. Palabras clave: Pastoral lit\u00fargica, liturgia, iniciaci\u00f3n cristiana, sacramentos de curaci\u00f3n, pobres, esperanza. Abstract: \u00abLiturgical pastoral care which goes forth\u00bb finds its foundation in the apostolic exhortation Evangelii gaudium, which calls the Church to abandon the comfort of the known and to adopt a missionary attitude. This \u00abgoing forth\u00bb is not merely physical, but also spiritual. The liturgy cannot be seen as an isolated act of individualism or communal intimacy, but rather as the driving force that propels the community toward transformative action in the world. This document is inscribed within this ecclesial vision and proposes a reflective journey through three main themes: the sacraments of christian initiation as a path to social life; the sacraments of healing in the context of those most in need; and the construction of a liturgical pastoral care with a preferential option for the poor. Keywords: Liturgical pastoral care, liturgy, christian initiation, sacraments of healing, poor, hope.<\/p>\n","protected":false},"excerpt":{"rendered":"<p>Guzm\u00e1n Karadima, Gonzalo Mat\u00edas<\/p>\n","protected":false},"featured_media":19414,"template":"","meta":{"_acf_changed":false,"inline_featured_image":false},"product_brand":[],"product_cat":[69,54],"product_tag":[],"class_list":{"0":"post-19411","1":"product","2":"type-product","3":"status-publish","4":"has-post-thumbnail","6":"product_cat-cuadernos-phase-colleccions-catala","7":"product_cat-cuadernos-phase","9":"first","10":"instock","11":"taxable","12":"shipping-taxable","13":"purchasable","14":"product-type-simple"},"acf":{"autor":"Guzm\u00e1n Karadima, Gonzalo Mat\u00edas","codart":"110285","ediciones":"1","encuadernacion":"R\u00fastica","fecha_de_publicacion":"28\/05\/2025","novedad":true,"paginas":"64","subtitulo":"","orden":"999","portada":true,"idioma":"spa","coleccion_num":"285","editorial":[{"ID":6736,"post_author":"2","post_date":"2023-10-06 08:35:24","post_date_gmt":"2023-10-06 06:35:24","post_content":"","post_title":"CPL","post_excerpt":"","post_status":"publish","comment_status":"closed","ping_status":"closed","post_password":"","post_name":"cpl","to_ping":"","pinged":"","post_modified":"2023-10-06 08:35:24","post_modified_gmt":"2023-10-06 06:35:24","post_content_filtered":"","post_parent":0,"guid":"https:\/\/nuevaweb.cpl.es\/editorial\/cpl\/","menu_order":0,"post_type":"editorial","post_mime_type":"","comment_count":"0","filter":"raw"}],"booktrailer":"","ficha":"","muestra":"","presentacion":""},"yoast_head":"<!-- This site is optimized with the Yoast SEO plugin v27.3 - https:\/\/yoast.com\/product\/yoast-seo-wordpress\/ -->\n<title>Hacia una pastoral lit\u00fargica en salida - CPL<\/title>\n<meta name=\"robots\" content=\"index, follow, max-snippet:-1, max-image-preview:large, max-video-preview:-1\" \/>\n<link rel=\"canonical\" href=\"https:\/\/www.cpl.es\/producto\/hacia-una-pastoral-liturgica-en-salida-9788491656951\/\" \/>\n<meta property=\"og:locale\" content=\"ca_ES\" \/>\n<meta property=\"og:type\" content=\"article\" \/>\n<meta property=\"og:title\" content=\"Hacia una pastoral lit\u00fargica en salida - CPL\" \/>\n<meta property=\"og:description\" content=\"Guzm\u00e1n Karadima, Gonzalo Mat\u00edas\" \/>\n<meta property=\"og:url\" content=\"https:\/\/www.cpl.es\/producto\/hacia-una-pastoral-liturgica-en-salida-9788491656951\/\" \/>\n<meta property=\"og:site_name\" content=\"CPL\" \/>\n<meta property=\"article:modified_time\" content=\"2026-02-12T15:47:39+00:00\" \/>\n<meta property=\"og:image\" content=\"https:\/\/www.cpl.es\/wp-content\/uploads\/9788491656951-1.jpg\" \/>\n\t<meta property=\"og:image:width\" content=\"199\" \/>\n\t<meta property=\"og:image:height\" content=\"300\" \/>\n\t<meta property=\"og:image:type\" content=\"image\/jpeg\" \/>\n<meta name=\"twitter:card\" content=\"summary_large_image\" \/>\n<meta name=\"twitter:label1\" content=\"Temps estimat de lectura\" \/>\n\t<meta name=\"twitter:data1\" content=\"1 minut\" \/>\n<script type=\"application\/ld+json\" class=\"yoast-schema-graph\">{\"@context\":\"https:\\\/\\\/schema.org\",\"@graph\":[{\"@type\":\"WebPage\",\"@id\":\"https:\\\/\\\/www.cpl.es\\\/producto\\\/hacia-una-pastoral-liturgica-en-salida-9788491656951\\\/\",\"url\":\"https:\\\/\\\/www.cpl.es\\\/producto\\\/hacia-una-pastoral-liturgica-en-salida-9788491656951\\\/\",\"name\":\"Hacia una pastoral lit\u00fargica en salida - CPL\",\"isPartOf\":{\"@id\":\"https:\\\/\\\/www.cpl.es\\\/#website\"},\"primaryImageOfPage\":{\"@id\":\"https:\\\/\\\/www.cpl.es\\\/producto\\\/hacia-una-pastoral-liturgica-en-salida-9788491656951\\\/#primaryimage\"},\"image\":{\"@id\":\"https:\\\/\\\/www.cpl.es\\\/producto\\\/hacia-una-pastoral-liturgica-en-salida-9788491656951\\\/#primaryimage\"},\"thumbnailUrl\":\"https:\\\/\\\/www.cpl.es\\\/wp-content\\\/uploads\\\/9788491656951-1.jpg\",\"datePublished\":\"2025-06-05T13:53:01+00:00\",\"dateModified\":\"2026-02-12T15:47:39+00:00\",\"breadcrumb\":{\"@id\":\"https:\\\/\\\/www.cpl.es\\\/producto\\\/hacia-una-pastoral-liturgica-en-salida-9788491656951\\\/#breadcrumb\"},\"inLanguage\":\"ca\",\"potentialAction\":[{\"@type\":\"ReadAction\",\"target\":[\"https:\\\/\\\/www.cpl.es\\\/producto\\\/hacia-una-pastoral-liturgica-en-salida-9788491656951\\\/\"]}]},{\"@type\":\"ImageObject\",\"inLanguage\":\"ca\",\"@id\":\"https:\\\/\\\/www.cpl.es\\\/producto\\\/hacia-una-pastoral-liturgica-en-salida-9788491656951\\\/#primaryimage\",\"url\":\"https:\\\/\\\/www.cpl.es\\\/wp-content\\\/uploads\\\/9788491656951-1.jpg\",\"contentUrl\":\"https:\\\/\\\/www.cpl.es\\\/wp-content\\\/uploads\\\/9788491656951-1.jpg\",\"width\":199,\"height\":300,\"caption\":\"9788491656951.jpg\"},{\"@type\":\"BreadcrumbList\",\"@id\":\"https:\\\/\\\/www.cpl.es\\\/producto\\\/hacia-una-pastoral-liturgica-en-salida-9788491656951\\\/#breadcrumb\",\"itemListElement\":[{\"@type\":\"ListItem\",\"position\":1,\"name\":\"Portada\",\"item\":\"https:\\\/\\\/www.cpl.es\\\/ca\\\/\"},{\"@type\":\"ListItem\",\"position\":2,\"name\":\"Cat\u00e0leg\",\"item\":\"https:\\\/\\\/www.cpl.es\\\/ca\\\/cataleg\\\/\"},{\"@type\":\"ListItem\",\"position\":3,\"name\":\"Hacia una pastoral lit\u00fargica en salida\"}]},{\"@type\":\"WebSite\",\"@id\":\"https:\\\/\\\/www.cpl.es\\\/#website\",\"url\":\"https:\\\/\\\/www.cpl.es\\\/\",\"name\":\"CPL\",\"description\":\"Centre de Pastoral Lit\u00fargica de Barcelona\",\"publisher\":{\"@id\":\"https:\\\/\\\/www.cpl.es\\\/#organization\"},\"alternateName\":\"Centre de Pastoral Lit\u00fargica\",\"potentialAction\":[{\"@type\":\"SearchAction\",\"target\":{\"@type\":\"EntryPoint\",\"urlTemplate\":\"https:\\\/\\\/www.cpl.es\\\/?s={search_term_string}\"},\"query-input\":{\"@type\":\"PropertyValueSpecification\",\"valueRequired\":true,\"valueName\":\"search_term_string\"}}],\"inLanguage\":\"ca\"},{\"@type\":\"Organization\",\"@id\":\"https:\\\/\\\/www.cpl.es\\\/#organization\",\"name\":\"Centre de Pastoral Lit\u00fargica\",\"alternateName\":\"Centre de Pastoral Lit\u00fargica de Barcelona\",\"url\":\"https:\\\/\\\/www.cpl.es\\\/\",\"logo\":{\"@type\":\"ImageObject\",\"inLanguage\":\"ca\",\"@id\":\"https:\\\/\\\/www.cpl.es\\\/#\\\/schema\\\/logo\\\/image\\\/\",\"url\":\"https:\\\/\\\/www.cpl.es\\\/wp-content\\\/uploads\\\/logo-cpl.svg\",\"contentUrl\":\"https:\\\/\\\/www.cpl.es\\\/wp-content\\\/uploads\\\/logo-cpl.svg\",\"caption\":\"Centre de Pastoral Lit\u00fargica\"},\"image\":{\"@id\":\"https:\\\/\\\/www.cpl.es\\\/#\\\/schema\\\/logo\\\/image\\\/\"}}]}<\/script>\n<!-- \/ Yoast SEO plugin. -->","yoast_head_json":{"title":"Hacia una pastoral lit\u00fargica en salida - CPL","robots":{"index":"index","follow":"follow","max-snippet":"max-snippet:-1","max-image-preview":"max-image-preview:large","max-video-preview":"max-video-preview:-1"},"canonical":"https:\/\/www.cpl.es\/producto\/hacia-una-pastoral-liturgica-en-salida-9788491656951\/","og_locale":"ca_ES","og_type":"article","og_title":"Hacia una pastoral lit\u00fargica en salida - CPL","og_description":"Guzm\u00e1n Karadima, Gonzalo Mat\u00edas","og_url":"https:\/\/www.cpl.es\/producto\/hacia-una-pastoral-liturgica-en-salida-9788491656951\/","og_site_name":"CPL","article_modified_time":"2026-02-12T15:47:39+00:00","og_image":[{"width":199,"height":300,"url":"https:\/\/www.cpl.es\/wp-content\/uploads\/9788491656951-1.jpg","type":"image\/jpeg"}],"twitter_card":"summary_large_image","twitter_misc":{"Temps estimat de lectura":"1 minut"},"schema":{"@context":"https:\/\/schema.org","@graph":[{"@type":"WebPage","@id":"https:\/\/www.cpl.es\/producto\/hacia-una-pastoral-liturgica-en-salida-9788491656951\/","url":"https:\/\/www.cpl.es\/producto\/hacia-una-pastoral-liturgica-en-salida-9788491656951\/","name":"Hacia una pastoral lit\u00fargica en salida - CPL","isPartOf":{"@id":"https:\/\/www.cpl.es\/#website"},"primaryImageOfPage":{"@id":"https:\/\/www.cpl.es\/producto\/hacia-una-pastoral-liturgica-en-salida-9788491656951\/#primaryimage"},"image":{"@id":"https:\/\/www.cpl.es\/producto\/hacia-una-pastoral-liturgica-en-salida-9788491656951\/#primaryimage"},"thumbnailUrl":"https:\/\/www.cpl.es\/wp-content\/uploads\/9788491656951-1.jpg","datePublished":"2025-06-05T13:53:01+00:00","dateModified":"2026-02-12T15:47:39+00:00","breadcrumb":{"@id":"https:\/\/www.cpl.es\/producto\/hacia-una-pastoral-liturgica-en-salida-9788491656951\/#breadcrumb"},"inLanguage":"ca","potentialAction":[{"@type":"ReadAction","target":["https:\/\/www.cpl.es\/producto\/hacia-una-pastoral-liturgica-en-salida-9788491656951\/"]}]},{"@type":"ImageObject","inLanguage":"ca","@id":"https:\/\/www.cpl.es\/producto\/hacia-una-pastoral-liturgica-en-salida-9788491656951\/#primaryimage","url":"https:\/\/www.cpl.es\/wp-content\/uploads\/9788491656951-1.jpg","contentUrl":"https:\/\/www.cpl.es\/wp-content\/uploads\/9788491656951-1.jpg","width":199,"height":300,"caption":"9788491656951.jpg"},{"@type":"BreadcrumbList","@id":"https:\/\/www.cpl.es\/producto\/hacia-una-pastoral-liturgica-en-salida-9788491656951\/#breadcrumb","itemListElement":[{"@type":"ListItem","position":1,"name":"Portada","item":"https:\/\/www.cpl.es\/ca\/"},{"@type":"ListItem","position":2,"name":"Cat\u00e0leg","item":"https:\/\/www.cpl.es\/ca\/cataleg\/"},{"@type":"ListItem","position":3,"name":"Hacia una pastoral lit\u00fargica en salida"}]},{"@type":"WebSite","@id":"https:\/\/www.cpl.es\/#website","url":"https:\/\/www.cpl.es\/","name":"CPL","description":"Centre de Pastoral Lit\u00fargica de Barcelona","publisher":{"@id":"https:\/\/www.cpl.es\/#organization"},"alternateName":"Centre de Pastoral Lit\u00fargica","potentialAction":[{"@type":"SearchAction","target":{"@type":"EntryPoint","urlTemplate":"https:\/\/www.cpl.es\/?s={search_term_string}"},"query-input":{"@type":"PropertyValueSpecification","valueRequired":true,"valueName":"search_term_string"}}],"inLanguage":"ca"},{"@type":"Organization","@id":"https:\/\/www.cpl.es\/#organization","name":"Centre de Pastoral Lit\u00fargica","alternateName":"Centre de Pastoral Lit\u00fargica de Barcelona","url":"https:\/\/www.cpl.es\/","logo":{"@type":"ImageObject","inLanguage":"ca","@id":"https:\/\/www.cpl.es\/#\/schema\/logo\/image\/","url":"https:\/\/www.cpl.es\/wp-content\/uploads\/logo-cpl.svg","contentUrl":"https:\/\/www.cpl.es\/wp-content\/uploads\/logo-cpl.svg","caption":"Centre de Pastoral Lit\u00fargica"},"image":{"@id":"https:\/\/www.cpl.es\/#\/schema\/logo\/image\/"}}]}},"_links":{"self":[{"href":"https:\/\/www.cpl.es\/ca\/wp-json\/wp\/v2\/product\/19411","targetHints":{"allow":["GET"]}}],"collection":[{"href":"https:\/\/www.cpl.es\/ca\/wp-json\/wp\/v2\/product"}],"about":[{"href":"https:\/\/www.cpl.es\/ca\/wp-json\/wp\/v2\/types\/product"}],"wp:featuredmedia":[{"embeddable":true,"href":"https:\/\/www.cpl.es\/ca\/wp-json\/wp\/v2\/media\/19414"}],"wp:attachment":[{"href":"https:\/\/www.cpl.es\/ca\/wp-json\/wp\/v2\/media?parent=19411"}],"wp:term":[{"taxonomy":"product_brand","embeddable":true,"href":"https:\/\/www.cpl.es\/ca\/wp-json\/wp\/v2\/product_brand?post=19411"},{"taxonomy":"product_cat","embeddable":true,"href":"https:\/\/www.cpl.es\/ca\/wp-json\/wp\/v2\/product_cat?post=19411"},{"taxonomy":"product_tag","embeddable":true,"href":"https:\/\/www.cpl.es\/ca\/wp-json\/wp\/v2\/product_tag?post=19411"}],"curies":[{"name":"wp","href":"https:\/\/api.w.org\/{rel}","templated":true}]}}