{"id":1938,"date":"2023-10-04T01:26:23","date_gmt":"2023-10-03T23:26:23","guid":{"rendered":"https:\/\/nuevaweb.cpl.es\/producto\/san-ferreol-soldado-de-dios-9788498059199\/"},"modified":"2026-02-12T17:18:35","modified_gmt":"2026-02-12T16:18:35","slug":"san-ferreol-soldado-de-dios-9788498059199","status":"publish","type":"product","link":"https:\/\/www.cpl.es\/ca\/producto\/san-ferreol-soldado-de-dios-9788498059199\/","title":{"rendered":"San Ferreol, soldado de Dios"},"content":{"rendered":"<p>Un oficial romano, m\u00e1rtir en el a\u00f1o 304 por negarse a detener a los cristianos.<\/p>\n<p>Y la historia empieza as\u00ed:<\/p>\n<p>&#8216;San Ferreol vivi\u00f3 a finales del siglo III y principios del IV en la ciudad francesa de Viena del Delfinado (Vienne en franc\u00e9s), situada actualmente en la regi\u00f3n del R\u00f3dano-Alpes. Su no renuncia a la fe cristiana, su martirio y sus virtudes se propagaron por todas partes, siendo ya citado en los primeros martirologios. De \u00e9l habla el que se considera el martirologio m\u00e1s antiguo, escrito en Italia durante la segunda mitad del siglo V, el Martyriologium Hieronymianum (conocido con este nombre, Martirologio Jeronimiano, por ser atribuido falsamente a san Jer\u00f3nimo). Tambi\u00e9n en el que escribi\u00f3 en el a\u00f1o 858 San At\u00f3n, que fue arzobispo de la misma ciudad de Viena. No falta tampoco en el martirologio oficial de la Iglesia Cat\u00f3lica -el Martirologio Romano- en su primera edici\u00f3n del a\u00f1o 1584, ni tampoco en<br \/>la \u00faltima, la del a\u00f1o 2004, en que es definido de esta manera el d\u00eda de su fiesta, el 18 de septiembre:&#8230;.'<\/p>\n","protected":false},"excerpt":{"rendered":"<p>Rodr\u00edguez Vilagran, \u00c1ngel<\/p>\n","protected":false},"featured_media":1939,"template":"","meta":{"_acf_changed":false,"inline_featured_image":false},"product_brand":[],"product_cat":[64,87,53,70,154],"product_tag":[],"class_list":{"0":"post-1938","1":"product","2":"type-product","3":"status-publish","4":"has-post-thumbnail","6":"product_cat-religiosidad-popular","7":"product_cat-religiositat-popular","8":"product_cat-santos-y-santas","9":"product_cat-sants-i-santes","10":"product_cat-vida-de-santos","12":"first","13":"instock","14":"taxable","15":"shipping-taxable","16":"purchasable","17":"product-type-simple"},"acf":{"autor":"Rodr\u00edguez Vilagran, \u00c1ngel","codart":"112240","ediciones":"1","encuadernacion":"Grapado","fecha_de_publicacion":"07\/07\/2016","novedad":false,"paginas":"24","subtitulo":"","orden":"999","portada":false,"idioma":"spa","editorial":[{"ID":6736,"post_author":"2","post_date":"2023-10-06 08:35:24","post_date_gmt":"2023-10-06 06:35:24","post_content":"","post_title":"CPL","post_excerpt":"","post_status":"publish","comment_status":"closed","ping_status":"closed","post_password":"","post_name":"cpl","to_ping":"","pinged":"","post_modified":"2023-10-06 08:35:24","post_modified_gmt":"2023-10-06 06:35:24","post_content_filtered":"","post_parent":0,"guid":"https:\/\/nuevaweb.cpl.es\/editorial\/cpl\/","menu_order":0,"post_type":"editorial","post_mime_type":"","comment_count":"0","filter":"raw"}],"coleccion_num":"240"},"yoast_head":"<!-- This site is optimized with the Yoast SEO plugin v27.3 - https:\/\/yoast.com\/product\/yoast-seo-wordpress\/ -->\n<title>San Ferreol, soldado de Dios - CPL<\/title>\n<meta name=\"robots\" content=\"index, follow, max-snippet:-1, max-image-preview:large, max-video-preview:-1\" \/>\n<link rel=\"canonical\" href=\"https:\/\/www.cpl.es\/producto\/san-ferreol-soldado-de-dios-9788498059199\/\" \/>\n<meta property=\"og:locale\" content=\"ca_ES\" \/>\n<meta property=\"og:type\" content=\"article\" \/>\n<meta property=\"og:title\" content=\"San Ferreol, soldado de Dios - CPL\" \/>\n<meta property=\"og:description\" content=\"Rodr\u00edguez Vilagran, \u00c1ngel\" \/>\n<meta property=\"og:url\" content=\"https:\/\/www.cpl.es\/producto\/san-ferreol-soldado-de-dios-9788498059199\/\" \/>\n<meta property=\"og:site_name\" content=\"CPL\" \/>\n<meta property=\"article:modified_time\" content=\"2026-02-12T16:18:35+00:00\" \/>\n<meta property=\"og:image\" content=\"https:\/\/www.cpl.es\/wp-content\/uploads\/112240.jpg\" \/>\n\t<meta property=\"og:image:width\" content=\"280\" \/>\n\t<meta property=\"og:image:height\" content=\"414\" \/>\n\t<meta property=\"og:image:type\" content=\"image\/jpeg\" \/>\n<meta name=\"twitter:card\" content=\"summary_large_image\" \/>\n<meta name=\"twitter:label1\" content=\"Temps estimat de lectura\" \/>\n\t<meta name=\"twitter:data1\" content=\"1 minut\" \/>\n<script type=\"application\/ld+json\" class=\"yoast-schema-graph\">{\"@context\":\"https:\\\/\\\/schema.org\",\"@graph\":[{\"@type\":\"WebPage\",\"@id\":\"https:\\\/\\\/www.cpl.es\\\/producto\\\/san-ferreol-soldado-de-dios-9788498059199\\\/\",\"url\":\"https:\\\/\\\/www.cpl.es\\\/producto\\\/san-ferreol-soldado-de-dios-9788498059199\\\/\",\"name\":\"San Ferreol, soldado de Dios - CPL\",\"isPartOf\":{\"@id\":\"https:\\\/\\\/www.cpl.es\\\/#website\"},\"primaryImageOfPage\":{\"@id\":\"https:\\\/\\\/www.cpl.es\\\/producto\\\/san-ferreol-soldado-de-dios-9788498059199\\\/#primaryimage\"},\"image\":{\"@id\":\"https:\\\/\\\/www.cpl.es\\\/producto\\\/san-ferreol-soldado-de-dios-9788498059199\\\/#primaryimage\"},\"thumbnailUrl\":\"https:\\\/\\\/www.cpl.es\\\/wp-content\\\/uploads\\\/112240.jpg\",\"datePublished\":\"2023-10-03T23:26:23+00:00\",\"dateModified\":\"2026-02-12T16:18:35+00:00\",\"breadcrumb\":{\"@id\":\"https:\\\/\\\/www.cpl.es\\\/producto\\\/san-ferreol-soldado-de-dios-9788498059199\\\/#breadcrumb\"},\"inLanguage\":\"ca\",\"potentialAction\":[{\"@type\":\"ReadAction\",\"target\":[\"https:\\\/\\\/www.cpl.es\\\/producto\\\/san-ferreol-soldado-de-dios-9788498059199\\\/\"]}]},{\"@type\":\"ImageObject\",\"inLanguage\":\"ca\",\"@id\":\"https:\\\/\\\/www.cpl.es\\\/producto\\\/san-ferreol-soldado-de-dios-9788498059199\\\/#primaryimage\",\"url\":\"https:\\\/\\\/www.cpl.es\\\/wp-content\\\/uploads\\\/112240.jpg\",\"contentUrl\":\"https:\\\/\\\/www.cpl.es\\\/wp-content\\\/uploads\\\/112240.jpg\",\"width\":280,\"height\":414,\"caption\":\"112240.jpg\"},{\"@type\":\"BreadcrumbList\",\"@id\":\"https:\\\/\\\/www.cpl.es\\\/producto\\\/san-ferreol-soldado-de-dios-9788498059199\\\/#breadcrumb\",\"itemListElement\":[{\"@type\":\"ListItem\",\"position\":1,\"name\":\"Portada\",\"item\":\"https:\\\/\\\/www.cpl.es\\\/ca\\\/\"},{\"@type\":\"ListItem\",\"position\":2,\"name\":\"Cat\u00e0leg\",\"item\":\"https:\\\/\\\/www.cpl.es\\\/ca\\\/cataleg\\\/\"},{\"@type\":\"ListItem\",\"position\":3,\"name\":\"San Ferreol, soldado de Dios\"}]},{\"@type\":\"WebSite\",\"@id\":\"https:\\\/\\\/www.cpl.es\\\/#website\",\"url\":\"https:\\\/\\\/www.cpl.es\\\/\",\"name\":\"CPL\",\"description\":\"Centre de Pastoral Lit\u00fargica de Barcelona\",\"publisher\":{\"@id\":\"https:\\\/\\\/www.cpl.es\\\/#organization\"},\"alternateName\":\"Centre de Pastoral Lit\u00fargica\",\"potentialAction\":[{\"@type\":\"SearchAction\",\"target\":{\"@type\":\"EntryPoint\",\"urlTemplate\":\"https:\\\/\\\/www.cpl.es\\\/?s={search_term_string}\"},\"query-input\":{\"@type\":\"PropertyValueSpecification\",\"valueRequired\":true,\"valueName\":\"search_term_string\"}}],\"inLanguage\":\"ca\"},{\"@type\":\"Organization\",\"@id\":\"https:\\\/\\\/www.cpl.es\\\/#organization\",\"name\":\"Centre de Pastoral Lit\u00fargica\",\"alternateName\":\"Centre de Pastoral Lit\u00fargica de Barcelona\",\"url\":\"https:\\\/\\\/www.cpl.es\\\/\",\"logo\":{\"@type\":\"ImageObject\",\"inLanguage\":\"ca\",\"@id\":\"https:\\\/\\\/www.cpl.es\\\/#\\\/schema\\\/logo\\\/image\\\/\",\"url\":\"https:\\\/\\\/www.cpl.es\\\/wp-content\\\/uploads\\\/logo-cpl.svg\",\"contentUrl\":\"https:\\\/\\\/www.cpl.es\\\/wp-content\\\/uploads\\\/logo-cpl.svg\",\"caption\":\"Centre de Pastoral Lit\u00fargica\"},\"image\":{\"@id\":\"https:\\\/\\\/www.cpl.es\\\/#\\\/schema\\\/logo\\\/image\\\/\"}}]}<\/script>\n<!-- \/ Yoast SEO plugin. -->","yoast_head_json":{"title":"San Ferreol, soldado de Dios - CPL","robots":{"index":"index","follow":"follow","max-snippet":"max-snippet:-1","max-image-preview":"max-image-preview:large","max-video-preview":"max-video-preview:-1"},"canonical":"https:\/\/www.cpl.es\/producto\/san-ferreol-soldado-de-dios-9788498059199\/","og_locale":"ca_ES","og_type":"article","og_title":"San Ferreol, soldado de Dios - CPL","og_description":"Rodr\u00edguez Vilagran, \u00c1ngel","og_url":"https:\/\/www.cpl.es\/producto\/san-ferreol-soldado-de-dios-9788498059199\/","og_site_name":"CPL","article_modified_time":"2026-02-12T16:18:35+00:00","og_image":[{"width":280,"height":414,"url":"https:\/\/www.cpl.es\/wp-content\/uploads\/112240.jpg","type":"image\/jpeg"}],"twitter_card":"summary_large_image","twitter_misc":{"Temps estimat de lectura":"1 minut"},"schema":{"@context":"https:\/\/schema.org","@graph":[{"@type":"WebPage","@id":"https:\/\/www.cpl.es\/producto\/san-ferreol-soldado-de-dios-9788498059199\/","url":"https:\/\/www.cpl.es\/producto\/san-ferreol-soldado-de-dios-9788498059199\/","name":"San Ferreol, soldado de Dios - CPL","isPartOf":{"@id":"https:\/\/www.cpl.es\/#website"},"primaryImageOfPage":{"@id":"https:\/\/www.cpl.es\/producto\/san-ferreol-soldado-de-dios-9788498059199\/#primaryimage"},"image":{"@id":"https:\/\/www.cpl.es\/producto\/san-ferreol-soldado-de-dios-9788498059199\/#primaryimage"},"thumbnailUrl":"https:\/\/www.cpl.es\/wp-content\/uploads\/112240.jpg","datePublished":"2023-10-03T23:26:23+00:00","dateModified":"2026-02-12T16:18:35+00:00","breadcrumb":{"@id":"https:\/\/www.cpl.es\/producto\/san-ferreol-soldado-de-dios-9788498059199\/#breadcrumb"},"inLanguage":"ca","potentialAction":[{"@type":"ReadAction","target":["https:\/\/www.cpl.es\/producto\/san-ferreol-soldado-de-dios-9788498059199\/"]}]},{"@type":"ImageObject","inLanguage":"ca","@id":"https:\/\/www.cpl.es\/producto\/san-ferreol-soldado-de-dios-9788498059199\/#primaryimage","url":"https:\/\/www.cpl.es\/wp-content\/uploads\/112240.jpg","contentUrl":"https:\/\/www.cpl.es\/wp-content\/uploads\/112240.jpg","width":280,"height":414,"caption":"112240.jpg"},{"@type":"BreadcrumbList","@id":"https:\/\/www.cpl.es\/producto\/san-ferreol-soldado-de-dios-9788498059199\/#breadcrumb","itemListElement":[{"@type":"ListItem","position":1,"name":"Portada","item":"https:\/\/www.cpl.es\/ca\/"},{"@type":"ListItem","position":2,"name":"Cat\u00e0leg","item":"https:\/\/www.cpl.es\/ca\/cataleg\/"},{"@type":"ListItem","position":3,"name":"San Ferreol, soldado de Dios"}]},{"@type":"WebSite","@id":"https:\/\/www.cpl.es\/#website","url":"https:\/\/www.cpl.es\/","name":"CPL","description":"Centre de Pastoral Lit\u00fargica de Barcelona","publisher":{"@id":"https:\/\/www.cpl.es\/#organization"},"alternateName":"Centre de Pastoral Lit\u00fargica","potentialAction":[{"@type":"SearchAction","target":{"@type":"EntryPoint","urlTemplate":"https:\/\/www.cpl.es\/?s={search_term_string}"},"query-input":{"@type":"PropertyValueSpecification","valueRequired":true,"valueName":"search_term_string"}}],"inLanguage":"ca"},{"@type":"Organization","@id":"https:\/\/www.cpl.es\/#organization","name":"Centre de Pastoral Lit\u00fargica","alternateName":"Centre de Pastoral Lit\u00fargica de Barcelona","url":"https:\/\/www.cpl.es\/","logo":{"@type":"ImageObject","inLanguage":"ca","@id":"https:\/\/www.cpl.es\/#\/schema\/logo\/image\/","url":"https:\/\/www.cpl.es\/wp-content\/uploads\/logo-cpl.svg","contentUrl":"https:\/\/www.cpl.es\/wp-content\/uploads\/logo-cpl.svg","caption":"Centre de Pastoral Lit\u00fargica"},"image":{"@id":"https:\/\/www.cpl.es\/#\/schema\/logo\/image\/"}}]}},"_links":{"self":[{"href":"https:\/\/www.cpl.es\/ca\/wp-json\/wp\/v2\/product\/1938","targetHints":{"allow":["GET"]}}],"collection":[{"href":"https:\/\/www.cpl.es\/ca\/wp-json\/wp\/v2\/product"}],"about":[{"href":"https:\/\/www.cpl.es\/ca\/wp-json\/wp\/v2\/types\/product"}],"wp:featuredmedia":[{"embeddable":true,"href":"https:\/\/www.cpl.es\/ca\/wp-json\/wp\/v2\/media\/1939"}],"wp:attachment":[{"href":"https:\/\/www.cpl.es\/ca\/wp-json\/wp\/v2\/media?parent=1938"}],"wp:term":[{"taxonomy":"product_brand","embeddable":true,"href":"https:\/\/www.cpl.es\/ca\/wp-json\/wp\/v2\/product_brand?post=1938"},{"taxonomy":"product_cat","embeddable":true,"href":"https:\/\/www.cpl.es\/ca\/wp-json\/wp\/v2\/product_cat?post=1938"},{"taxonomy":"product_tag","embeddable":true,"href":"https:\/\/www.cpl.es\/ca\/wp-json\/wp\/v2\/product_tag?post=1938"}],"curies":[{"name":"wp","href":"https:\/\/api.w.org\/{rel}","templated":true}]}}