{"id":1935,"date":"2023-10-04T01:26:17","date_gmt":"2023-10-03T23:26:17","guid":{"rendered":"https:\/\/nuevaweb.cpl.es\/producto\/luis-y-celia-martin-padres-de-teresa-de-lisieux-9788498059182\/"},"modified":"2026-02-12T17:18:32","modified_gmt":"2026-02-12T16:18:32","slug":"luis-y-celia-martin-padres-de-teresa-de-lisieux-9788498059182","status":"publish","type":"product","link":"https:\/\/www.cpl.es\/ca\/producto\/luis-y-celia-martin-padres-de-teresa-de-lisieux-9788498059182\/","title":{"rendered":"Luis y Celia Martin, padres de Teresa de Lisieux"},"content":{"rendered":"<p>Un matrimonio que vivi\u00f3 y transmiti\u00f3 una fe profunda  y una total entrega a Dios.<\/p>\n<p>Y la historia empieza as\u00ed:<\/p>\n<p>&#8216;Luis Martin y Celia Gu\u00e9rin, padres de Teresa de Lisieux, fueron canonizados el 18 de octubre de 2015 con ocasi\u00f3n del S\u00ednodo de la Familia. Fue una grata noticia para la espiritualidad familiar, que cuenta en el santoral de la Iglesia con escasos modelos. Los santos han sido mayoritariamente c\u00e9libes, y mayormente tambi\u00e9n religiosos, ligados por unos votos o por el sacerdocio, con una consagraci\u00f3n que los pone en un estado de vida diferente de la mayor parte del pueblo de Dios. Monjes, frailes, sacerdotes, obispos, papas, misioneros&#8230; o monjas y religiosas, todos han profesado el voto de castidad o han renunciado de alg\u00fan modo a la vida conyugal por el reino de los cielos&#8230;.'<\/p>\n<p><\/p>\n","protected":false},"excerpt":{"rendered":"<p>Ros Carballar, Carlos<\/p>\n","protected":false},"featured_media":1936,"template":"","meta":{"_acf_changed":false,"inline_featured_image":false},"product_brand":[],"product_cat":[64,87,53,70,154],"product_tag":[],"class_list":{"0":"post-1935","1":"product","2":"type-product","3":"status-publish","4":"has-post-thumbnail","6":"product_cat-religiosidad-popular","7":"product_cat-religiositat-popular","8":"product_cat-santos-y-santas","9":"product_cat-sants-i-santes","10":"product_cat-vida-de-santos","12":"first","13":"instock","14":"taxable","15":"shipping-taxable","16":"purchasable","17":"product-type-simple"},"acf":{"autor":"Ros Carballar, Carlos","codart":"112239","ediciones":"1","encuadernacion":"Grapado","fecha_de_publicacion":"07\/07\/2016","novedad":false,"paginas":"28","subtitulo":"","orden":"999","portada":false,"idioma":"spa","editorial":[{"ID":6736,"post_author":"2","post_date":"2023-10-06 08:35:24","post_date_gmt":"2023-10-06 06:35:24","post_content":"","post_title":"CPL","post_excerpt":"","post_status":"publish","comment_status":"closed","ping_status":"closed","post_password":"","post_name":"cpl","to_ping":"","pinged":"","post_modified":"2023-10-06 08:35:24","post_modified_gmt":"2023-10-06 06:35:24","post_content_filtered":"","post_parent":0,"guid":"https:\/\/nuevaweb.cpl.es\/editorial\/cpl\/","menu_order":0,"post_type":"editorial","post_mime_type":"","comment_count":"0","filter":"raw"}],"coleccion_num":"239"},"yoast_head":"<!-- This site is optimized with the Yoast SEO plugin v27.5 - https:\/\/yoast.com\/product\/yoast-seo-wordpress\/ -->\n<title>Luis y Celia Martin, padres de Teresa de Lisieux - CPL<\/title>\n<meta name=\"robots\" content=\"index, follow, max-snippet:-1, max-image-preview:large, max-video-preview:-1\" \/>\n<link rel=\"canonical\" href=\"https:\/\/www.cpl.es\/producto\/luis-y-celia-martin-padres-de-teresa-de-lisieux-9788498059182\/\" \/>\n<meta property=\"og:locale\" content=\"ca_ES\" \/>\n<meta property=\"og:type\" content=\"article\" \/>\n<meta property=\"og:title\" content=\"Luis y Celia Martin, padres de Teresa de Lisieux - CPL\" \/>\n<meta property=\"og:description\" content=\"Ros Carballar, Carlos\" \/>\n<meta property=\"og:url\" content=\"https:\/\/www.cpl.es\/producto\/luis-y-celia-martin-padres-de-teresa-de-lisieux-9788498059182\/\" \/>\n<meta property=\"og:site_name\" content=\"CPL\" \/>\n<meta property=\"article:modified_time\" content=\"2026-02-12T16:18:32+00:00\" \/>\n<meta property=\"og:image\" content=\"https:\/\/www.cpl.es\/wp-content\/uploads\/112239.jpg\" \/>\n\t<meta property=\"og:image:width\" content=\"280\" \/>\n\t<meta property=\"og:image:height\" content=\"416\" \/>\n\t<meta property=\"og:image:type\" content=\"image\/jpeg\" \/>\n<meta name=\"twitter:card\" content=\"summary_large_image\" \/>\n<meta name=\"twitter:label1\" content=\"Temps estimat de lectura\" \/>\n\t<meta name=\"twitter:data1\" content=\"1 minut\" \/>\n<script type=\"application\/ld+json\" class=\"yoast-schema-graph\">{\"@context\":\"https:\\\/\\\/schema.org\",\"@graph\":[{\"@type\":\"WebPage\",\"@id\":\"https:\\\/\\\/www.cpl.es\\\/producto\\\/luis-y-celia-martin-padres-de-teresa-de-lisieux-9788498059182\\\/\",\"url\":\"https:\\\/\\\/www.cpl.es\\\/producto\\\/luis-y-celia-martin-padres-de-teresa-de-lisieux-9788498059182\\\/\",\"name\":\"Luis y Celia Martin, padres de Teresa de Lisieux - CPL\",\"isPartOf\":{\"@id\":\"https:\\\/\\\/www.cpl.es\\\/#website\"},\"primaryImageOfPage\":{\"@id\":\"https:\\\/\\\/www.cpl.es\\\/producto\\\/luis-y-celia-martin-padres-de-teresa-de-lisieux-9788498059182\\\/#primaryimage\"},\"image\":{\"@id\":\"https:\\\/\\\/www.cpl.es\\\/producto\\\/luis-y-celia-martin-padres-de-teresa-de-lisieux-9788498059182\\\/#primaryimage\"},\"thumbnailUrl\":\"https:\\\/\\\/www.cpl.es\\\/wp-content\\\/uploads\\\/112239.jpg\",\"datePublished\":\"2023-10-03T23:26:17+00:00\",\"dateModified\":\"2026-02-12T16:18:32+00:00\",\"breadcrumb\":{\"@id\":\"https:\\\/\\\/www.cpl.es\\\/producto\\\/luis-y-celia-martin-padres-de-teresa-de-lisieux-9788498059182\\\/#breadcrumb\"},\"inLanguage\":\"ca\",\"potentialAction\":[{\"@type\":\"ReadAction\",\"target\":[\"https:\\\/\\\/www.cpl.es\\\/producto\\\/luis-y-celia-martin-padres-de-teresa-de-lisieux-9788498059182\\\/\"]}]},{\"@type\":\"ImageObject\",\"inLanguage\":\"ca\",\"@id\":\"https:\\\/\\\/www.cpl.es\\\/producto\\\/luis-y-celia-martin-padres-de-teresa-de-lisieux-9788498059182\\\/#primaryimage\",\"url\":\"https:\\\/\\\/www.cpl.es\\\/wp-content\\\/uploads\\\/112239.jpg\",\"contentUrl\":\"https:\\\/\\\/www.cpl.es\\\/wp-content\\\/uploads\\\/112239.jpg\",\"width\":280,\"height\":416,\"caption\":\"112239.jpg\"},{\"@type\":\"BreadcrumbList\",\"@id\":\"https:\\\/\\\/www.cpl.es\\\/producto\\\/luis-y-celia-martin-padres-de-teresa-de-lisieux-9788498059182\\\/#breadcrumb\",\"itemListElement\":[{\"@type\":\"ListItem\",\"position\":1,\"name\":\"Portada\",\"item\":\"https:\\\/\\\/www.cpl.es\\\/ca\\\/\"},{\"@type\":\"ListItem\",\"position\":2,\"name\":\"Cat\u00e0leg\",\"item\":\"https:\\\/\\\/www.cpl.es\\\/ca\\\/cataleg\\\/\"},{\"@type\":\"ListItem\",\"position\":3,\"name\":\"Luis y Celia Martin, padres de Teresa de Lisieux\"}]},{\"@type\":\"WebSite\",\"@id\":\"https:\\\/\\\/www.cpl.es\\\/#website\",\"url\":\"https:\\\/\\\/www.cpl.es\\\/\",\"name\":\"CPL\",\"description\":\"Centre de Pastoral Lit\u00fargica de Barcelona\",\"publisher\":{\"@id\":\"https:\\\/\\\/www.cpl.es\\\/#organization\"},\"alternateName\":\"Centre de Pastoral Lit\u00fargica\",\"potentialAction\":[{\"@type\":\"SearchAction\",\"target\":{\"@type\":\"EntryPoint\",\"urlTemplate\":\"https:\\\/\\\/www.cpl.es\\\/?s={search_term_string}\"},\"query-input\":{\"@type\":\"PropertyValueSpecification\",\"valueRequired\":true,\"valueName\":\"search_term_string\"}}],\"inLanguage\":\"ca\"},{\"@type\":\"Organization\",\"@id\":\"https:\\\/\\\/www.cpl.es\\\/#organization\",\"name\":\"Centre de Pastoral Lit\u00fargica\",\"alternateName\":\"Centre de Pastoral Lit\u00fargica de Barcelona\",\"url\":\"https:\\\/\\\/www.cpl.es\\\/\",\"logo\":{\"@type\":\"ImageObject\",\"inLanguage\":\"ca\",\"@id\":\"https:\\\/\\\/www.cpl.es\\\/#\\\/schema\\\/logo\\\/image\\\/\",\"url\":\"https:\\\/\\\/www.cpl.es\\\/wp-content\\\/uploads\\\/logo-cpl.svg\",\"contentUrl\":\"https:\\\/\\\/www.cpl.es\\\/wp-content\\\/uploads\\\/logo-cpl.svg\",\"caption\":\"Centre de Pastoral Lit\u00fargica\"},\"image\":{\"@id\":\"https:\\\/\\\/www.cpl.es\\\/#\\\/schema\\\/logo\\\/image\\\/\"}}]}<\/script>\n<!-- \/ Yoast SEO plugin. -->","yoast_head_json":{"title":"Luis y Celia Martin, padres de Teresa de Lisieux - CPL","robots":{"index":"index","follow":"follow","max-snippet":"max-snippet:-1","max-image-preview":"max-image-preview:large","max-video-preview":"max-video-preview:-1"},"canonical":"https:\/\/www.cpl.es\/producto\/luis-y-celia-martin-padres-de-teresa-de-lisieux-9788498059182\/","og_locale":"ca_ES","og_type":"article","og_title":"Luis y Celia Martin, padres de Teresa de Lisieux - CPL","og_description":"Ros Carballar, Carlos","og_url":"https:\/\/www.cpl.es\/producto\/luis-y-celia-martin-padres-de-teresa-de-lisieux-9788498059182\/","og_site_name":"CPL","article_modified_time":"2026-02-12T16:18:32+00:00","og_image":[{"width":280,"height":416,"url":"https:\/\/www.cpl.es\/wp-content\/uploads\/112239.jpg","type":"image\/jpeg"}],"twitter_card":"summary_large_image","twitter_misc":{"Temps estimat de lectura":"1 minut"},"schema":{"@context":"https:\/\/schema.org","@graph":[{"@type":"WebPage","@id":"https:\/\/www.cpl.es\/producto\/luis-y-celia-martin-padres-de-teresa-de-lisieux-9788498059182\/","url":"https:\/\/www.cpl.es\/producto\/luis-y-celia-martin-padres-de-teresa-de-lisieux-9788498059182\/","name":"Luis y Celia Martin, padres de Teresa de Lisieux - CPL","isPartOf":{"@id":"https:\/\/www.cpl.es\/#website"},"primaryImageOfPage":{"@id":"https:\/\/www.cpl.es\/producto\/luis-y-celia-martin-padres-de-teresa-de-lisieux-9788498059182\/#primaryimage"},"image":{"@id":"https:\/\/www.cpl.es\/producto\/luis-y-celia-martin-padres-de-teresa-de-lisieux-9788498059182\/#primaryimage"},"thumbnailUrl":"https:\/\/www.cpl.es\/wp-content\/uploads\/112239.jpg","datePublished":"2023-10-03T23:26:17+00:00","dateModified":"2026-02-12T16:18:32+00:00","breadcrumb":{"@id":"https:\/\/www.cpl.es\/producto\/luis-y-celia-martin-padres-de-teresa-de-lisieux-9788498059182\/#breadcrumb"},"inLanguage":"ca","potentialAction":[{"@type":"ReadAction","target":["https:\/\/www.cpl.es\/producto\/luis-y-celia-martin-padres-de-teresa-de-lisieux-9788498059182\/"]}]},{"@type":"ImageObject","inLanguage":"ca","@id":"https:\/\/www.cpl.es\/producto\/luis-y-celia-martin-padres-de-teresa-de-lisieux-9788498059182\/#primaryimage","url":"https:\/\/www.cpl.es\/wp-content\/uploads\/112239.jpg","contentUrl":"https:\/\/www.cpl.es\/wp-content\/uploads\/112239.jpg","width":280,"height":416,"caption":"112239.jpg"},{"@type":"BreadcrumbList","@id":"https:\/\/www.cpl.es\/producto\/luis-y-celia-martin-padres-de-teresa-de-lisieux-9788498059182\/#breadcrumb","itemListElement":[{"@type":"ListItem","position":1,"name":"Portada","item":"https:\/\/www.cpl.es\/ca\/"},{"@type":"ListItem","position":2,"name":"Cat\u00e0leg","item":"https:\/\/www.cpl.es\/ca\/cataleg\/"},{"@type":"ListItem","position":3,"name":"Luis y Celia Martin, padres de Teresa de Lisieux"}]},{"@type":"WebSite","@id":"https:\/\/www.cpl.es\/#website","url":"https:\/\/www.cpl.es\/","name":"CPL","description":"Centre de Pastoral Lit\u00fargica de Barcelona","publisher":{"@id":"https:\/\/www.cpl.es\/#organization"},"alternateName":"Centre de Pastoral Lit\u00fargica","potentialAction":[{"@type":"SearchAction","target":{"@type":"EntryPoint","urlTemplate":"https:\/\/www.cpl.es\/?s={search_term_string}"},"query-input":{"@type":"PropertyValueSpecification","valueRequired":true,"valueName":"search_term_string"}}],"inLanguage":"ca"},{"@type":"Organization","@id":"https:\/\/www.cpl.es\/#organization","name":"Centre de Pastoral Lit\u00fargica","alternateName":"Centre de Pastoral Lit\u00fargica de Barcelona","url":"https:\/\/www.cpl.es\/","logo":{"@type":"ImageObject","inLanguage":"ca","@id":"https:\/\/www.cpl.es\/#\/schema\/logo\/image\/","url":"https:\/\/www.cpl.es\/wp-content\/uploads\/logo-cpl.svg","contentUrl":"https:\/\/www.cpl.es\/wp-content\/uploads\/logo-cpl.svg","caption":"Centre de Pastoral Lit\u00fargica"},"image":{"@id":"https:\/\/www.cpl.es\/#\/schema\/logo\/image\/"}}]}},"_links":{"self":[{"href":"https:\/\/www.cpl.es\/ca\/wp-json\/wp\/v2\/product\/1935","targetHints":{"allow":["GET"]}}],"collection":[{"href":"https:\/\/www.cpl.es\/ca\/wp-json\/wp\/v2\/product"}],"about":[{"href":"https:\/\/www.cpl.es\/ca\/wp-json\/wp\/v2\/types\/product"}],"wp:featuredmedia":[{"embeddable":true,"href":"https:\/\/www.cpl.es\/ca\/wp-json\/wp\/v2\/media\/1936"}],"wp:attachment":[{"href":"https:\/\/www.cpl.es\/ca\/wp-json\/wp\/v2\/media?parent=1935"}],"wp:term":[{"taxonomy":"product_brand","embeddable":true,"href":"https:\/\/www.cpl.es\/ca\/wp-json\/wp\/v2\/product_brand?post=1935"},{"taxonomy":"product_cat","embeddable":true,"href":"https:\/\/www.cpl.es\/ca\/wp-json\/wp\/v2\/product_cat?post=1935"},{"taxonomy":"product_tag","embeddable":true,"href":"https:\/\/www.cpl.es\/ca\/wp-json\/wp\/v2\/product_tag?post=1935"}],"curies":[{"name":"wp","href":"https:\/\/api.w.org\/{rel}","templated":true}]}}