{"id":1929,"date":"2023-10-04T01:26:06","date_gmt":"2023-10-03T23:26:06","guid":{"rendered":"https:\/\/nuevaweb.cpl.es\/producto\/san-pio-x-un-papa-renovador-9788498059168\/"},"modified":"2026-02-12T17:18:26","modified_gmt":"2026-02-12T16:18:26","slug":"san-pio-x-un-papa-renovador-9788498059168","status":"publish","type":"product","link":"https:\/\/www.cpl.es\/ca\/producto\/san-pio-x-un-papa-renovador-9788498059168\/","title":{"rendered":"San Pio X, un papa renovador"},"content":{"rendered":"<p>Un papa pastor, que condujo el camino de la Iglesia a principios del siglo XX.<\/p>\n<p>Y la historia empieza as\u00ed:<\/p>\n<p>&#8216;Ya hemos dicho donde naci\u00f3 nuestro papa, pero no hemos dicho cu\u00e1ndo. Fue el 2 de junio de 1835, cuando la primavera ya se ve vencida y el calor se va imponiendo. Aquel d\u00eda, pues, la se\u00f1ora Margherita Sanson, campesina de Vedelago, daba a luz su segundo hijo. El primero, a quien pusieron por nombre Giuseppe, vivi\u00f3 muy poco. No lleg\u00f3 a ocho d\u00edas. En medio de las heladas de febrero, aquel joven matrimonio de campesinos, llevaron a enterrar a su peque\u00f1ito, con el coraz\u00f3n encogido y el alma desolada por el fr\u00edo que deja un hijo que se va para siempre m\u00e1s&#8230;.'<\/p>\n","protected":false},"excerpt":{"rendered":"<p>Gonz\u00e1lez Padr\u00f3s, Jaume<\/p>\n","protected":false},"featured_media":1930,"template":"","meta":{"_acf_changed":false,"inline_featured_image":false},"product_brand":[],"product_cat":[64,87,53,70,154],"product_tag":[],"class_list":{"0":"post-1929","1":"product","2":"type-product","3":"status-publish","4":"has-post-thumbnail","6":"product_cat-religiosidad-popular","7":"product_cat-religiositat-popular","8":"product_cat-santos-y-santas","9":"product_cat-sants-i-santes","10":"product_cat-vida-de-santos","12":"first","13":"instock","14":"taxable","15":"shipping-taxable","16":"purchasable","17":"product-type-simple"},"acf":{"autor":"Gonz\u00e1lez Padr\u00f3s, Jaume","codart":"112237","ediciones":"1","encuadernacion":"Grapado","fecha_de_publicacion":"07\/07\/2016","novedad":false,"paginas":"36","subtitulo":"","orden":"200","portada":false,"idioma":"spa","editorial":[{"ID":6736,"post_author":"2","post_date":"2023-10-06 08:35:24","post_date_gmt":"2023-10-06 06:35:24","post_content":"","post_title":"CPL","post_excerpt":"","post_status":"publish","comment_status":"closed","ping_status":"closed","post_password":"","post_name":"cpl","to_ping":"","pinged":"","post_modified":"2023-10-06 08:35:24","post_modified_gmt":"2023-10-06 06:35:24","post_content_filtered":"","post_parent":0,"guid":"https:\/\/nuevaweb.cpl.es\/editorial\/cpl\/","menu_order":0,"post_type":"editorial","post_mime_type":"","comment_count":"0","filter":"raw"}],"coleccion_num":"237"},"yoast_head":"<!-- This site is optimized with the Yoast SEO plugin v27.5 - https:\/\/yoast.com\/product\/yoast-seo-wordpress\/ -->\n<title>San Pio X, un papa renovador - CPL<\/title>\n<meta name=\"robots\" content=\"index, follow, max-snippet:-1, max-image-preview:large, max-video-preview:-1\" \/>\n<link rel=\"canonical\" href=\"https:\/\/www.cpl.es\/producto\/san-pio-x-un-papa-renovador-9788498059168\/\" \/>\n<meta property=\"og:locale\" content=\"ca_ES\" \/>\n<meta property=\"og:type\" content=\"article\" \/>\n<meta property=\"og:title\" content=\"San Pio X, un papa renovador - CPL\" \/>\n<meta property=\"og:description\" content=\"Gonz\u00e1lez Padr\u00f3s, Jaume\" \/>\n<meta property=\"og:url\" content=\"https:\/\/www.cpl.es\/producto\/san-pio-x-un-papa-renovador-9788498059168\/\" \/>\n<meta property=\"og:site_name\" content=\"CPL\" \/>\n<meta property=\"article:modified_time\" content=\"2026-02-12T16:18:26+00:00\" \/>\n<meta property=\"og:image\" content=\"https:\/\/www.cpl.es\/wp-content\/uploads\/112237.jpg\" \/>\n\t<meta property=\"og:image:width\" content=\"280\" \/>\n\t<meta property=\"og:image:height\" content=\"416\" \/>\n\t<meta property=\"og:image:type\" content=\"image\/jpeg\" \/>\n<meta name=\"twitter:card\" content=\"summary_large_image\" \/>\n<meta name=\"twitter:label1\" content=\"Temps estimat de lectura\" \/>\n\t<meta name=\"twitter:data1\" content=\"1 minut\" \/>\n<script type=\"application\/ld+json\" class=\"yoast-schema-graph\">{\"@context\":\"https:\\\/\\\/schema.org\",\"@graph\":[{\"@type\":\"WebPage\",\"@id\":\"https:\\\/\\\/www.cpl.es\\\/producto\\\/san-pio-x-un-papa-renovador-9788498059168\\\/\",\"url\":\"https:\\\/\\\/www.cpl.es\\\/producto\\\/san-pio-x-un-papa-renovador-9788498059168\\\/\",\"name\":\"San Pio X, un papa renovador - CPL\",\"isPartOf\":{\"@id\":\"https:\\\/\\\/www.cpl.es\\\/#website\"},\"primaryImageOfPage\":{\"@id\":\"https:\\\/\\\/www.cpl.es\\\/producto\\\/san-pio-x-un-papa-renovador-9788498059168\\\/#primaryimage\"},\"image\":{\"@id\":\"https:\\\/\\\/www.cpl.es\\\/producto\\\/san-pio-x-un-papa-renovador-9788498059168\\\/#primaryimage\"},\"thumbnailUrl\":\"https:\\\/\\\/www.cpl.es\\\/wp-content\\\/uploads\\\/112237.jpg\",\"datePublished\":\"2023-10-03T23:26:06+00:00\",\"dateModified\":\"2026-02-12T16:18:26+00:00\",\"breadcrumb\":{\"@id\":\"https:\\\/\\\/www.cpl.es\\\/producto\\\/san-pio-x-un-papa-renovador-9788498059168\\\/#breadcrumb\"},\"inLanguage\":\"ca\",\"potentialAction\":[{\"@type\":\"ReadAction\",\"target\":[\"https:\\\/\\\/www.cpl.es\\\/producto\\\/san-pio-x-un-papa-renovador-9788498059168\\\/\"]}]},{\"@type\":\"ImageObject\",\"inLanguage\":\"ca\",\"@id\":\"https:\\\/\\\/www.cpl.es\\\/producto\\\/san-pio-x-un-papa-renovador-9788498059168\\\/#primaryimage\",\"url\":\"https:\\\/\\\/www.cpl.es\\\/wp-content\\\/uploads\\\/112237.jpg\",\"contentUrl\":\"https:\\\/\\\/www.cpl.es\\\/wp-content\\\/uploads\\\/112237.jpg\",\"width\":280,\"height\":416,\"caption\":\"112237.jpg\"},{\"@type\":\"BreadcrumbList\",\"@id\":\"https:\\\/\\\/www.cpl.es\\\/producto\\\/san-pio-x-un-papa-renovador-9788498059168\\\/#breadcrumb\",\"itemListElement\":[{\"@type\":\"ListItem\",\"position\":1,\"name\":\"Portada\",\"item\":\"https:\\\/\\\/www.cpl.es\\\/ca\\\/\"},{\"@type\":\"ListItem\",\"position\":2,\"name\":\"Cat\u00e0leg\",\"item\":\"https:\\\/\\\/www.cpl.es\\\/ca\\\/cataleg\\\/\"},{\"@type\":\"ListItem\",\"position\":3,\"name\":\"San Pio X, un papa renovador\"}]},{\"@type\":\"WebSite\",\"@id\":\"https:\\\/\\\/www.cpl.es\\\/#website\",\"url\":\"https:\\\/\\\/www.cpl.es\\\/\",\"name\":\"CPL\",\"description\":\"Centre de Pastoral Lit\u00fargica de Barcelona\",\"publisher\":{\"@id\":\"https:\\\/\\\/www.cpl.es\\\/#organization\"},\"alternateName\":\"Centre de Pastoral Lit\u00fargica\",\"potentialAction\":[{\"@type\":\"SearchAction\",\"target\":{\"@type\":\"EntryPoint\",\"urlTemplate\":\"https:\\\/\\\/www.cpl.es\\\/?s={search_term_string}\"},\"query-input\":{\"@type\":\"PropertyValueSpecification\",\"valueRequired\":true,\"valueName\":\"search_term_string\"}}],\"inLanguage\":\"ca\"},{\"@type\":\"Organization\",\"@id\":\"https:\\\/\\\/www.cpl.es\\\/#organization\",\"name\":\"Centre de Pastoral Lit\u00fargica\",\"alternateName\":\"Centre de Pastoral Lit\u00fargica de Barcelona\",\"url\":\"https:\\\/\\\/www.cpl.es\\\/\",\"logo\":{\"@type\":\"ImageObject\",\"inLanguage\":\"ca\",\"@id\":\"https:\\\/\\\/www.cpl.es\\\/#\\\/schema\\\/logo\\\/image\\\/\",\"url\":\"https:\\\/\\\/www.cpl.es\\\/wp-content\\\/uploads\\\/logo-cpl.svg\",\"contentUrl\":\"https:\\\/\\\/www.cpl.es\\\/wp-content\\\/uploads\\\/logo-cpl.svg\",\"caption\":\"Centre de Pastoral Lit\u00fargica\"},\"image\":{\"@id\":\"https:\\\/\\\/www.cpl.es\\\/#\\\/schema\\\/logo\\\/image\\\/\"}}]}<\/script>\n<!-- \/ Yoast SEO plugin. -->","yoast_head_json":{"title":"San Pio X, un papa renovador - CPL","robots":{"index":"index","follow":"follow","max-snippet":"max-snippet:-1","max-image-preview":"max-image-preview:large","max-video-preview":"max-video-preview:-1"},"canonical":"https:\/\/www.cpl.es\/producto\/san-pio-x-un-papa-renovador-9788498059168\/","og_locale":"ca_ES","og_type":"article","og_title":"San Pio X, un papa renovador - CPL","og_description":"Gonz\u00e1lez Padr\u00f3s, Jaume","og_url":"https:\/\/www.cpl.es\/producto\/san-pio-x-un-papa-renovador-9788498059168\/","og_site_name":"CPL","article_modified_time":"2026-02-12T16:18:26+00:00","og_image":[{"width":280,"height":416,"url":"https:\/\/www.cpl.es\/wp-content\/uploads\/112237.jpg","type":"image\/jpeg"}],"twitter_card":"summary_large_image","twitter_misc":{"Temps estimat de lectura":"1 minut"},"schema":{"@context":"https:\/\/schema.org","@graph":[{"@type":"WebPage","@id":"https:\/\/www.cpl.es\/producto\/san-pio-x-un-papa-renovador-9788498059168\/","url":"https:\/\/www.cpl.es\/producto\/san-pio-x-un-papa-renovador-9788498059168\/","name":"San Pio X, un papa renovador - CPL","isPartOf":{"@id":"https:\/\/www.cpl.es\/#website"},"primaryImageOfPage":{"@id":"https:\/\/www.cpl.es\/producto\/san-pio-x-un-papa-renovador-9788498059168\/#primaryimage"},"image":{"@id":"https:\/\/www.cpl.es\/producto\/san-pio-x-un-papa-renovador-9788498059168\/#primaryimage"},"thumbnailUrl":"https:\/\/www.cpl.es\/wp-content\/uploads\/112237.jpg","datePublished":"2023-10-03T23:26:06+00:00","dateModified":"2026-02-12T16:18:26+00:00","breadcrumb":{"@id":"https:\/\/www.cpl.es\/producto\/san-pio-x-un-papa-renovador-9788498059168\/#breadcrumb"},"inLanguage":"ca","potentialAction":[{"@type":"ReadAction","target":["https:\/\/www.cpl.es\/producto\/san-pio-x-un-papa-renovador-9788498059168\/"]}]},{"@type":"ImageObject","inLanguage":"ca","@id":"https:\/\/www.cpl.es\/producto\/san-pio-x-un-papa-renovador-9788498059168\/#primaryimage","url":"https:\/\/www.cpl.es\/wp-content\/uploads\/112237.jpg","contentUrl":"https:\/\/www.cpl.es\/wp-content\/uploads\/112237.jpg","width":280,"height":416,"caption":"112237.jpg"},{"@type":"BreadcrumbList","@id":"https:\/\/www.cpl.es\/producto\/san-pio-x-un-papa-renovador-9788498059168\/#breadcrumb","itemListElement":[{"@type":"ListItem","position":1,"name":"Portada","item":"https:\/\/www.cpl.es\/ca\/"},{"@type":"ListItem","position":2,"name":"Cat\u00e0leg","item":"https:\/\/www.cpl.es\/ca\/cataleg\/"},{"@type":"ListItem","position":3,"name":"San Pio X, un papa renovador"}]},{"@type":"WebSite","@id":"https:\/\/www.cpl.es\/#website","url":"https:\/\/www.cpl.es\/","name":"CPL","description":"Centre de Pastoral Lit\u00fargica de Barcelona","publisher":{"@id":"https:\/\/www.cpl.es\/#organization"},"alternateName":"Centre de Pastoral Lit\u00fargica","potentialAction":[{"@type":"SearchAction","target":{"@type":"EntryPoint","urlTemplate":"https:\/\/www.cpl.es\/?s={search_term_string}"},"query-input":{"@type":"PropertyValueSpecification","valueRequired":true,"valueName":"search_term_string"}}],"inLanguage":"ca"},{"@type":"Organization","@id":"https:\/\/www.cpl.es\/#organization","name":"Centre de Pastoral Lit\u00fargica","alternateName":"Centre de Pastoral Lit\u00fargica de Barcelona","url":"https:\/\/www.cpl.es\/","logo":{"@type":"ImageObject","inLanguage":"ca","@id":"https:\/\/www.cpl.es\/#\/schema\/logo\/image\/","url":"https:\/\/www.cpl.es\/wp-content\/uploads\/logo-cpl.svg","contentUrl":"https:\/\/www.cpl.es\/wp-content\/uploads\/logo-cpl.svg","caption":"Centre de Pastoral Lit\u00fargica"},"image":{"@id":"https:\/\/www.cpl.es\/#\/schema\/logo\/image\/"}}]}},"_links":{"self":[{"href":"https:\/\/www.cpl.es\/ca\/wp-json\/wp\/v2\/product\/1929","targetHints":{"allow":["GET"]}}],"collection":[{"href":"https:\/\/www.cpl.es\/ca\/wp-json\/wp\/v2\/product"}],"about":[{"href":"https:\/\/www.cpl.es\/ca\/wp-json\/wp\/v2\/types\/product"}],"wp:featuredmedia":[{"embeddable":true,"href":"https:\/\/www.cpl.es\/ca\/wp-json\/wp\/v2\/media\/1930"}],"wp:attachment":[{"href":"https:\/\/www.cpl.es\/ca\/wp-json\/wp\/v2\/media?parent=1929"}],"wp:term":[{"taxonomy":"product_brand","embeddable":true,"href":"https:\/\/www.cpl.es\/ca\/wp-json\/wp\/v2\/product_brand?post=1929"},{"taxonomy":"product_cat","embeddable":true,"href":"https:\/\/www.cpl.es\/ca\/wp-json\/wp\/v2\/product_cat?post=1929"},{"taxonomy":"product_tag","embeddable":true,"href":"https:\/\/www.cpl.es\/ca\/wp-json\/wp\/v2\/product_tag?post=1929"}],"curies":[{"name":"wp","href":"https:\/\/api.w.org\/{rel}","templated":true}]}}