{"id":19009,"date":"2025-05-07T08:38:01","date_gmt":"2025-05-07T06:38:01","guid":{"rendered":"https:\/\/www.cpl.es\/producto\/lote-9-catequesis-del-papa-francisco-9788491659976\/"},"modified":"2025-12-11T09:13:11","modified_gmt":"2025-12-11T08:13:11","slug":"lote-9-catequesis-del-papa-francisco-9788491659976","status":"publish","type":"product","link":"https:\/\/www.cpl.es\/ca\/producto\/lote-9-catequesis-del-papa-francisco-9788491659976\/","title":{"rendered":"Lote 9 catequesis del Papa Francisco"},"content":{"rendered":"<p> <strong>La Misa, coraz\u00f3n de la Iglesia<\/strong>: Ad\u00e9ntrate en el misterio de la Eucarist\u00eda con 15 catequesis que te ayudar\u00e1n a comprender y vivir cada parte de la misa con una participaci\u00f3n m\u00e1s consciente y profunda. <strong>Bautismo y Confirmaci\u00f3n<\/strong>: Aprende a valorar los signos y el sentido de estos dos sacramentos fundamentales de la iniciaci\u00f3n cristiana, esenciales para entender tu camino de fe. <strong>El Padrenuestro<\/strong>: Descubre la oraci\u00f3n que une a todos los cristianos. Diecis\u00e9is catequesis para rezar con el coraz\u00f3n, desde la vida y con plena confianza en Dios Padre. <strong>Vicios y virtudes<\/strong>: Transforma tu vida con una fe encarnada. Aprende a vencer lo que te aleja del bien y a cultivar lo que te acerca al Evangelio, con ejemplos concretos y actuales. <strong>La oraci\u00f3n<\/strong>: Mejora tu vida espiritual con ense\u00f1anzas pr\u00e1cticas y accesibles. \u00bfC\u00f3mo rezar? \u00bfC\u00f3mo vencer las distracciones? \u00bfC\u00f3mo hacer de la oraci\u00f3n un verdadero di\u00e1logo con Dios? <strong>San Jos\u00e9<\/strong>: D\u00e9jate inspirar por la figura discreta y fuerte del padre terrenal de Jes\u00fas. Conoce su historia a trav\u00e9s de la carta <em>Patris corde<\/em> y catequesis llenas de sabidur\u00eda y ternura. <strong>El discernimiento<\/strong>: Aprende a tomar decisiones con sentido y profundidad. El Papa nos ofrece claves espirituales para descubrir el proyecto de Dios en nuestra vida. <strong>Las Bienaventuranzas<\/strong>: El mensaje m\u00e1s revolucionario de Jes\u00fas explicado con claridad y cercan\u00eda. Una gu\u00eda para vivir con alegr\u00eda y esperanza en un mundo que busca sentido. <strong>La pasi\u00f3n por la evangelizaci\u00f3n<\/strong>: Redescubre la misi\u00f3n de la Iglesia: anunciar con alegr\u00eda el Evangelio de Jes\u00fas en el mundo de hoy. Catequesis que encienden el coraz\u00f3n misionero<\/p>\n","protected":false},"excerpt":{"rendered":"<p>&#8211;<\/p>\n","protected":false},"featured_media":19013,"template":"","meta":{"_acf_changed":false,"inline_featured_image":false},"product_brand":[],"product_cat":[32,33,42,43],"product_tag":[],"class_list":{"0":"post-19009","1":"product","2":"type-product","3":"status-publish","4":"has-post-thumbnail","6":"product_cat-castellano","7":"product_cat-catala","8":"product_cat-formas-y-gel","9":"product_cat-formes-i-gel","11":"first","12":"instock","13":"taxable","14":"shipping-taxable","15":"purchasable","16":"product-type-simple"},"acf":{"codart":"Z2"},"yoast_head":"<!-- This site is optimized with the Yoast SEO plugin v27.3 - https:\/\/yoast.com\/product\/yoast-seo-wordpress\/ -->\n<title>Lote 9 catequesis del Papa Francisco - CPL<\/title>\n<meta name=\"robots\" content=\"index, follow, max-snippet:-1, max-image-preview:large, max-video-preview:-1\" \/>\n<link rel=\"canonical\" href=\"https:\/\/www.cpl.es\/producto\/lote-9-catequesis-del-papa-francisco-9788491659976\/\" \/>\n<meta property=\"og:locale\" content=\"ca_ES\" \/>\n<meta property=\"og:type\" content=\"article\" \/>\n<meta property=\"og:title\" content=\"Lote 9 catequesis del Papa Francisco - CPL\" \/>\n<meta property=\"og:description\" content=\"-\" \/>\n<meta property=\"og:url\" content=\"https:\/\/www.cpl.es\/producto\/lote-9-catequesis-del-papa-francisco-9788491659976\/\" \/>\n<meta property=\"og:site_name\" content=\"CPL\" \/>\n<meta property=\"article:modified_time\" content=\"2025-12-11T08:13:11+00:00\" \/>\n<meta property=\"og:image\" content=\"https:\/\/www.cpl.es\/wp-content\/uploads\/Z2-1.png\" \/>\n\t<meta property=\"og:image:width\" content=\"2000\" \/>\n\t<meta property=\"og:image:height\" content=\"924\" \/>\n\t<meta property=\"og:image:type\" content=\"image\/png\" \/>\n<meta name=\"twitter:card\" content=\"summary_large_image\" \/>\n<meta name=\"twitter:label1\" content=\"Temps estimat de lectura\" \/>\n\t<meta name=\"twitter:data1\" content=\"1 minut\" \/>\n<script type=\"application\/ld+json\" class=\"yoast-schema-graph\">{\"@context\":\"https:\\\/\\\/schema.org\",\"@graph\":[{\"@type\":\"WebPage\",\"@id\":\"https:\\\/\\\/www.cpl.es\\\/producto\\\/lote-9-catequesis-del-papa-francisco-9788491659976\\\/\",\"url\":\"https:\\\/\\\/www.cpl.es\\\/producto\\\/lote-9-catequesis-del-papa-francisco-9788491659976\\\/\",\"name\":\"Lote 9 catequesis del Papa Francisco - CPL\",\"isPartOf\":{\"@id\":\"https:\\\/\\\/www.cpl.es\\\/#website\"},\"primaryImageOfPage\":{\"@id\":\"https:\\\/\\\/www.cpl.es\\\/producto\\\/lote-9-catequesis-del-papa-francisco-9788491659976\\\/#primaryimage\"},\"image\":{\"@id\":\"https:\\\/\\\/www.cpl.es\\\/producto\\\/lote-9-catequesis-del-papa-francisco-9788491659976\\\/#primaryimage\"},\"thumbnailUrl\":\"https:\\\/\\\/www.cpl.es\\\/wp-content\\\/uploads\\\/Z2-1.png\",\"datePublished\":\"2025-05-07T06:38:01+00:00\",\"dateModified\":\"2025-12-11T08:13:11+00:00\",\"breadcrumb\":{\"@id\":\"https:\\\/\\\/www.cpl.es\\\/producto\\\/lote-9-catequesis-del-papa-francisco-9788491659976\\\/#breadcrumb\"},\"inLanguage\":\"ca\",\"potentialAction\":[{\"@type\":\"ReadAction\",\"target\":[\"https:\\\/\\\/www.cpl.es\\\/producto\\\/lote-9-catequesis-del-papa-francisco-9788491659976\\\/\"]}]},{\"@type\":\"ImageObject\",\"inLanguage\":\"ca\",\"@id\":\"https:\\\/\\\/www.cpl.es\\\/producto\\\/lote-9-catequesis-del-papa-francisco-9788491659976\\\/#primaryimage\",\"url\":\"https:\\\/\\\/www.cpl.es\\\/wp-content\\\/uploads\\\/Z2-1.png\",\"contentUrl\":\"https:\\\/\\\/www.cpl.es\\\/wp-content\\\/uploads\\\/Z2-1.png\",\"width\":2000,\"height\":924,\"caption\":\"Z2.png\"},{\"@type\":\"BreadcrumbList\",\"@id\":\"https:\\\/\\\/www.cpl.es\\\/producto\\\/lote-9-catequesis-del-papa-francisco-9788491659976\\\/#breadcrumb\",\"itemListElement\":[{\"@type\":\"ListItem\",\"position\":1,\"name\":\"Portada\",\"item\":\"https:\\\/\\\/www.cpl.es\\\/ca\\\/\"},{\"@type\":\"ListItem\",\"position\":2,\"name\":\"Cat\u00e0leg\",\"item\":\"https:\\\/\\\/www.cpl.es\\\/ca\\\/cataleg\\\/\"},{\"@type\":\"ListItem\",\"position\":3,\"name\":\"Lote 9 catequesis del Papa Francisco\"}]},{\"@type\":\"WebSite\",\"@id\":\"https:\\\/\\\/www.cpl.es\\\/#website\",\"url\":\"https:\\\/\\\/www.cpl.es\\\/\",\"name\":\"CPL\",\"description\":\"Centre de Pastoral Lit\u00fargica de Barcelona\",\"publisher\":{\"@id\":\"https:\\\/\\\/www.cpl.es\\\/#organization\"},\"alternateName\":\"Centre de Pastoral Lit\u00fargica\",\"potentialAction\":[{\"@type\":\"SearchAction\",\"target\":{\"@type\":\"EntryPoint\",\"urlTemplate\":\"https:\\\/\\\/www.cpl.es\\\/?s={search_term_string}\"},\"query-input\":{\"@type\":\"PropertyValueSpecification\",\"valueRequired\":true,\"valueName\":\"search_term_string\"}}],\"inLanguage\":\"ca\"},{\"@type\":\"Organization\",\"@id\":\"https:\\\/\\\/www.cpl.es\\\/#organization\",\"name\":\"Centre de Pastoral Lit\u00fargica\",\"alternateName\":\"Centre de Pastoral Lit\u00fargica de Barcelona\",\"url\":\"https:\\\/\\\/www.cpl.es\\\/\",\"logo\":{\"@type\":\"ImageObject\",\"inLanguage\":\"ca\",\"@id\":\"https:\\\/\\\/www.cpl.es\\\/#\\\/schema\\\/logo\\\/image\\\/\",\"url\":\"https:\\\/\\\/www.cpl.es\\\/wp-content\\\/uploads\\\/logo-cpl.svg\",\"contentUrl\":\"https:\\\/\\\/www.cpl.es\\\/wp-content\\\/uploads\\\/logo-cpl.svg\",\"caption\":\"Centre de Pastoral Lit\u00fargica\"},\"image\":{\"@id\":\"https:\\\/\\\/www.cpl.es\\\/#\\\/schema\\\/logo\\\/image\\\/\"}}]}<\/script>\n<!-- \/ Yoast SEO plugin. -->","yoast_head_json":{"title":"Lote 9 catequesis del Papa Francisco - CPL","robots":{"index":"index","follow":"follow","max-snippet":"max-snippet:-1","max-image-preview":"max-image-preview:large","max-video-preview":"max-video-preview:-1"},"canonical":"https:\/\/www.cpl.es\/producto\/lote-9-catequesis-del-papa-francisco-9788491659976\/","og_locale":"ca_ES","og_type":"article","og_title":"Lote 9 catequesis del Papa Francisco - CPL","og_description":"-","og_url":"https:\/\/www.cpl.es\/producto\/lote-9-catequesis-del-papa-francisco-9788491659976\/","og_site_name":"CPL","article_modified_time":"2025-12-11T08:13:11+00:00","og_image":[{"width":2000,"height":924,"url":"https:\/\/www.cpl.es\/wp-content\/uploads\/Z2-1.png","type":"image\/png"}],"twitter_card":"summary_large_image","twitter_misc":{"Temps estimat de lectura":"1 minut"},"schema":{"@context":"https:\/\/schema.org","@graph":[{"@type":"WebPage","@id":"https:\/\/www.cpl.es\/producto\/lote-9-catequesis-del-papa-francisco-9788491659976\/","url":"https:\/\/www.cpl.es\/producto\/lote-9-catequesis-del-papa-francisco-9788491659976\/","name":"Lote 9 catequesis del Papa Francisco - CPL","isPartOf":{"@id":"https:\/\/www.cpl.es\/#website"},"primaryImageOfPage":{"@id":"https:\/\/www.cpl.es\/producto\/lote-9-catequesis-del-papa-francisco-9788491659976\/#primaryimage"},"image":{"@id":"https:\/\/www.cpl.es\/producto\/lote-9-catequesis-del-papa-francisco-9788491659976\/#primaryimage"},"thumbnailUrl":"https:\/\/www.cpl.es\/wp-content\/uploads\/Z2-1.png","datePublished":"2025-05-07T06:38:01+00:00","dateModified":"2025-12-11T08:13:11+00:00","breadcrumb":{"@id":"https:\/\/www.cpl.es\/producto\/lote-9-catequesis-del-papa-francisco-9788491659976\/#breadcrumb"},"inLanguage":"ca","potentialAction":[{"@type":"ReadAction","target":["https:\/\/www.cpl.es\/producto\/lote-9-catequesis-del-papa-francisco-9788491659976\/"]}]},{"@type":"ImageObject","inLanguage":"ca","@id":"https:\/\/www.cpl.es\/producto\/lote-9-catequesis-del-papa-francisco-9788491659976\/#primaryimage","url":"https:\/\/www.cpl.es\/wp-content\/uploads\/Z2-1.png","contentUrl":"https:\/\/www.cpl.es\/wp-content\/uploads\/Z2-1.png","width":2000,"height":924,"caption":"Z2.png"},{"@type":"BreadcrumbList","@id":"https:\/\/www.cpl.es\/producto\/lote-9-catequesis-del-papa-francisco-9788491659976\/#breadcrumb","itemListElement":[{"@type":"ListItem","position":1,"name":"Portada","item":"https:\/\/www.cpl.es\/ca\/"},{"@type":"ListItem","position":2,"name":"Cat\u00e0leg","item":"https:\/\/www.cpl.es\/ca\/cataleg\/"},{"@type":"ListItem","position":3,"name":"Lote 9 catequesis del Papa Francisco"}]},{"@type":"WebSite","@id":"https:\/\/www.cpl.es\/#website","url":"https:\/\/www.cpl.es\/","name":"CPL","description":"Centre de Pastoral Lit\u00fargica de Barcelona","publisher":{"@id":"https:\/\/www.cpl.es\/#organization"},"alternateName":"Centre de Pastoral Lit\u00fargica","potentialAction":[{"@type":"SearchAction","target":{"@type":"EntryPoint","urlTemplate":"https:\/\/www.cpl.es\/?s={search_term_string}"},"query-input":{"@type":"PropertyValueSpecification","valueRequired":true,"valueName":"search_term_string"}}],"inLanguage":"ca"},{"@type":"Organization","@id":"https:\/\/www.cpl.es\/#organization","name":"Centre de Pastoral Lit\u00fargica","alternateName":"Centre de Pastoral Lit\u00fargica de Barcelona","url":"https:\/\/www.cpl.es\/","logo":{"@type":"ImageObject","inLanguage":"ca","@id":"https:\/\/www.cpl.es\/#\/schema\/logo\/image\/","url":"https:\/\/www.cpl.es\/wp-content\/uploads\/logo-cpl.svg","contentUrl":"https:\/\/www.cpl.es\/wp-content\/uploads\/logo-cpl.svg","caption":"Centre de Pastoral Lit\u00fargica"},"image":{"@id":"https:\/\/www.cpl.es\/#\/schema\/logo\/image\/"}}]}},"_links":{"self":[{"href":"https:\/\/www.cpl.es\/ca\/wp-json\/wp\/v2\/product\/19009","targetHints":{"allow":["GET"]}}],"collection":[{"href":"https:\/\/www.cpl.es\/ca\/wp-json\/wp\/v2\/product"}],"about":[{"href":"https:\/\/www.cpl.es\/ca\/wp-json\/wp\/v2\/types\/product"}],"wp:featuredmedia":[{"embeddable":true,"href":"https:\/\/www.cpl.es\/ca\/wp-json\/wp\/v2\/media\/19013"}],"wp:attachment":[{"href":"https:\/\/www.cpl.es\/ca\/wp-json\/wp\/v2\/media?parent=19009"}],"wp:term":[{"taxonomy":"product_brand","embeddable":true,"href":"https:\/\/www.cpl.es\/ca\/wp-json\/wp\/v2\/product_brand?post=19009"},{"taxonomy":"product_cat","embeddable":true,"href":"https:\/\/www.cpl.es\/ca\/wp-json\/wp\/v2\/product_cat?post=19009"},{"taxonomy":"product_tag","embeddable":true,"href":"https:\/\/www.cpl.es\/ca\/wp-json\/wp\/v2\/product_tag?post=19009"}],"curies":[{"name":"wp","href":"https:\/\/api.w.org\/{rel}","templated":true}]}}