{"id":1899,"date":"2023-10-04T01:25:12","date_gmt":"2023-10-03T23:25:12","guid":{"rendered":"https:\/\/nuevaweb.cpl.es\/producto\/la-buena-noticia-de-la-semana-ciclo-a-9788498055207\/"},"modified":"2026-02-12T17:46:41","modified_gmt":"2026-02-12T16:46:41","slug":"la-buena-noticia-de-la-semana-ciclo-a-9788498055207","status":"publish","type":"product","link":"https:\/\/www.cpl.es\/ca\/producto\/la-buena-noticia-de-la-semana-ciclo-a-9788498055207\/","title":{"rendered":"La Buena Noticia de la semana. Ciclo A"},"content":{"rendered":"<p>Con el fin de ayudarnos a que la palabra evang\u00e9lica toque de lleno nuestra vida humana y cristiana, y nos acompa\u00f1e a lo largo de toda la semana, este libro ofrece, para cada domingo o fiesta, el texto evang\u00e9lico correspondiente, y luego, una reflexi\u00f3n breve, incisiva, que no se queda en un comentario individualista o moral, sino que sit\u00faa la palabra de Jes\u00fas como Buena Noticia para toda la realidad humana: la m\u00e1s personal y espiritual, y al mismo tiempo la m\u00e1s social y colectiva. Para as\u00ed ayudarnos a vivir, en nuestra vida cotidiana, el caudal de novedad y de fuerza transformadora del mensaje que Jes\u00fas nos dej\u00f3 con sus palabras y con sus hechos.<\/p>\n<p>Ignacio Ota\u00f1o Echaniz (San Sebastian, 1938) es sacerdote marianista, licenciado en pedagogia y en teologia, y ha ejercido su actividad tanto en el campo educativo como parroquial. Ha sido responsable del Seminario Internacional Marianista de Roma y actualmente forma parte de la comunidad marianista de Vitoria.<\/p>\n","protected":false},"excerpt":{"rendered":"<p>Ota\u00f1o Ech\u00e1niz, Ignacio<\/p>\n","protected":false},"featured_media":1900,"template":"","meta":{"_acf_changed":false,"inline_featured_image":false},"product_brand":[],"product_cat":[73,49,65,88],"product_tag":[],"class_list":{"0":"post-1899","1":"product","2":"type-product","3":"status-publish","4":"has-post-thumbnail","6":"product_cat-emaus-colleccions-catala","7":"product_cat-emaus","8":"product_cat-espiritualidad","9":"product_cat-espiritualitat","11":"first","12":"instock","13":"taxable","14":"shipping-taxable","15":"purchasable","16":"product-type-simple"},"acf":{"autor":"Ota\u00f1o Ech\u00e1niz, Ignacio","codart":"108135","ediciones":"1","encuadernacion":"R\u00fastica","fecha_de_publicacion":"30\/09\/2016","novedad":false,"paginas":"256","subtitulo":"","orden":"0","portada":false,"idioma":"spa","editorial":[{"ID":6736,"post_author":"2","post_date":"2023-10-06 08:35:24","post_date_gmt":"2023-10-06 06:35:24","post_content":"","post_title":"CPL","post_excerpt":"","post_status":"publish","comment_status":"closed","ping_status":"closed","post_password":"","post_name":"cpl","to_ping":"","pinged":"","post_modified":"2023-10-06 08:35:24","post_modified_gmt":"2023-10-06 06:35:24","post_content_filtered":"","post_parent":0,"guid":"https:\/\/nuevaweb.cpl.es\/editorial\/cpl\/","menu_order":0,"post_type":"editorial","post_mime_type":"","comment_count":"0","filter":"raw"}],"coleccion_num":"135"},"yoast_head":"<!-- This site is optimized with the Yoast SEO plugin v27.3 - https:\/\/yoast.com\/product\/yoast-seo-wordpress\/ -->\n<title>La Buena Noticia de la semana. Ciclo A - CPL<\/title>\n<meta name=\"robots\" content=\"index, follow, max-snippet:-1, max-image-preview:large, max-video-preview:-1\" \/>\n<link rel=\"canonical\" href=\"https:\/\/www.cpl.es\/producto\/la-buena-noticia-de-la-semana-ciclo-a-9788498055207\/\" \/>\n<meta property=\"og:locale\" content=\"ca_ES\" \/>\n<meta property=\"og:type\" content=\"article\" \/>\n<meta property=\"og:title\" content=\"La Buena Noticia de la semana. Ciclo A - CPL\" \/>\n<meta property=\"og:description\" content=\"Ota\u00f1o Ech\u00e1niz, Ignacio\" \/>\n<meta property=\"og:url\" content=\"https:\/\/www.cpl.es\/producto\/la-buena-noticia-de-la-semana-ciclo-a-9788498055207\/\" \/>\n<meta property=\"og:site_name\" content=\"CPL\" \/>\n<meta property=\"article:modified_time\" content=\"2026-02-12T16:46:41+00:00\" \/>\n<meta property=\"og:image\" content=\"https:\/\/www.cpl.es\/wp-content\/uploads\/108135.jpg\" \/>\n\t<meta property=\"og:image:width\" content=\"794\" \/>\n\t<meta property=\"og:image:height\" content=\"1259\" \/>\n\t<meta property=\"og:image:type\" content=\"image\/jpeg\" \/>\n<meta name=\"twitter:card\" content=\"summary_large_image\" \/>\n<meta name=\"twitter:label1\" content=\"Temps estimat de lectura\" \/>\n\t<meta name=\"twitter:data1\" content=\"1 minut\" \/>\n<script type=\"application\/ld+json\" class=\"yoast-schema-graph\">{\"@context\":\"https:\\\/\\\/schema.org\",\"@graph\":[{\"@type\":\"WebPage\",\"@id\":\"https:\\\/\\\/www.cpl.es\\\/producto\\\/la-buena-noticia-de-la-semana-ciclo-a-9788498055207\\\/\",\"url\":\"https:\\\/\\\/www.cpl.es\\\/producto\\\/la-buena-noticia-de-la-semana-ciclo-a-9788498055207\\\/\",\"name\":\"La Buena Noticia de la semana. Ciclo A - CPL\",\"isPartOf\":{\"@id\":\"https:\\\/\\\/www.cpl.es\\\/#website\"},\"primaryImageOfPage\":{\"@id\":\"https:\\\/\\\/www.cpl.es\\\/producto\\\/la-buena-noticia-de-la-semana-ciclo-a-9788498055207\\\/#primaryimage\"},\"image\":{\"@id\":\"https:\\\/\\\/www.cpl.es\\\/producto\\\/la-buena-noticia-de-la-semana-ciclo-a-9788498055207\\\/#primaryimage\"},\"thumbnailUrl\":\"https:\\\/\\\/www.cpl.es\\\/wp-content\\\/uploads\\\/108135.jpg\",\"datePublished\":\"2023-10-03T23:25:12+00:00\",\"dateModified\":\"2026-02-12T16:46:41+00:00\",\"breadcrumb\":{\"@id\":\"https:\\\/\\\/www.cpl.es\\\/producto\\\/la-buena-noticia-de-la-semana-ciclo-a-9788498055207\\\/#breadcrumb\"},\"inLanguage\":\"ca\",\"potentialAction\":[{\"@type\":\"ReadAction\",\"target\":[\"https:\\\/\\\/www.cpl.es\\\/producto\\\/la-buena-noticia-de-la-semana-ciclo-a-9788498055207\\\/\"]}]},{\"@type\":\"ImageObject\",\"inLanguage\":\"ca\",\"@id\":\"https:\\\/\\\/www.cpl.es\\\/producto\\\/la-buena-noticia-de-la-semana-ciclo-a-9788498055207\\\/#primaryimage\",\"url\":\"https:\\\/\\\/www.cpl.es\\\/wp-content\\\/uploads\\\/108135.jpg\",\"contentUrl\":\"https:\\\/\\\/www.cpl.es\\\/wp-content\\\/uploads\\\/108135.jpg\",\"width\":794,\"height\":1259,\"caption\":\"108135.jpg\"},{\"@type\":\"BreadcrumbList\",\"@id\":\"https:\\\/\\\/www.cpl.es\\\/producto\\\/la-buena-noticia-de-la-semana-ciclo-a-9788498055207\\\/#breadcrumb\",\"itemListElement\":[{\"@type\":\"ListItem\",\"position\":1,\"name\":\"Portada\",\"item\":\"https:\\\/\\\/www.cpl.es\\\/ca\\\/\"},{\"@type\":\"ListItem\",\"position\":2,\"name\":\"Cat\u00e0leg\",\"item\":\"https:\\\/\\\/www.cpl.es\\\/ca\\\/cataleg\\\/\"},{\"@type\":\"ListItem\",\"position\":3,\"name\":\"La Buena Noticia de la semana. Ciclo A\"}]},{\"@type\":\"WebSite\",\"@id\":\"https:\\\/\\\/www.cpl.es\\\/#website\",\"url\":\"https:\\\/\\\/www.cpl.es\\\/\",\"name\":\"CPL\",\"description\":\"Centre de Pastoral Lit\u00fargica de Barcelona\",\"publisher\":{\"@id\":\"https:\\\/\\\/www.cpl.es\\\/#organization\"},\"alternateName\":\"Centre de Pastoral Lit\u00fargica\",\"potentialAction\":[{\"@type\":\"SearchAction\",\"target\":{\"@type\":\"EntryPoint\",\"urlTemplate\":\"https:\\\/\\\/www.cpl.es\\\/?s={search_term_string}\"},\"query-input\":{\"@type\":\"PropertyValueSpecification\",\"valueRequired\":true,\"valueName\":\"search_term_string\"}}],\"inLanguage\":\"ca\"},{\"@type\":\"Organization\",\"@id\":\"https:\\\/\\\/www.cpl.es\\\/#organization\",\"name\":\"Centre de Pastoral Lit\u00fargica\",\"alternateName\":\"Centre de Pastoral Lit\u00fargica de Barcelona\",\"url\":\"https:\\\/\\\/www.cpl.es\\\/\",\"logo\":{\"@type\":\"ImageObject\",\"inLanguage\":\"ca\",\"@id\":\"https:\\\/\\\/www.cpl.es\\\/#\\\/schema\\\/logo\\\/image\\\/\",\"url\":\"https:\\\/\\\/www.cpl.es\\\/wp-content\\\/uploads\\\/logo-cpl.svg\",\"contentUrl\":\"https:\\\/\\\/www.cpl.es\\\/wp-content\\\/uploads\\\/logo-cpl.svg\",\"caption\":\"Centre de Pastoral Lit\u00fargica\"},\"image\":{\"@id\":\"https:\\\/\\\/www.cpl.es\\\/#\\\/schema\\\/logo\\\/image\\\/\"}}]}<\/script>\n<!-- \/ Yoast SEO plugin. -->","yoast_head_json":{"title":"La Buena Noticia de la semana. Ciclo A - CPL","robots":{"index":"index","follow":"follow","max-snippet":"max-snippet:-1","max-image-preview":"max-image-preview:large","max-video-preview":"max-video-preview:-1"},"canonical":"https:\/\/www.cpl.es\/producto\/la-buena-noticia-de-la-semana-ciclo-a-9788498055207\/","og_locale":"ca_ES","og_type":"article","og_title":"La Buena Noticia de la semana. Ciclo A - CPL","og_description":"Ota\u00f1o Ech\u00e1niz, Ignacio","og_url":"https:\/\/www.cpl.es\/producto\/la-buena-noticia-de-la-semana-ciclo-a-9788498055207\/","og_site_name":"CPL","article_modified_time":"2026-02-12T16:46:41+00:00","og_image":[{"width":794,"height":1259,"url":"https:\/\/www.cpl.es\/wp-content\/uploads\/108135.jpg","type":"image\/jpeg"}],"twitter_card":"summary_large_image","twitter_misc":{"Temps estimat de lectura":"1 minut"},"schema":{"@context":"https:\/\/schema.org","@graph":[{"@type":"WebPage","@id":"https:\/\/www.cpl.es\/producto\/la-buena-noticia-de-la-semana-ciclo-a-9788498055207\/","url":"https:\/\/www.cpl.es\/producto\/la-buena-noticia-de-la-semana-ciclo-a-9788498055207\/","name":"La Buena Noticia de la semana. Ciclo A - CPL","isPartOf":{"@id":"https:\/\/www.cpl.es\/#website"},"primaryImageOfPage":{"@id":"https:\/\/www.cpl.es\/producto\/la-buena-noticia-de-la-semana-ciclo-a-9788498055207\/#primaryimage"},"image":{"@id":"https:\/\/www.cpl.es\/producto\/la-buena-noticia-de-la-semana-ciclo-a-9788498055207\/#primaryimage"},"thumbnailUrl":"https:\/\/www.cpl.es\/wp-content\/uploads\/108135.jpg","datePublished":"2023-10-03T23:25:12+00:00","dateModified":"2026-02-12T16:46:41+00:00","breadcrumb":{"@id":"https:\/\/www.cpl.es\/producto\/la-buena-noticia-de-la-semana-ciclo-a-9788498055207\/#breadcrumb"},"inLanguage":"ca","potentialAction":[{"@type":"ReadAction","target":["https:\/\/www.cpl.es\/producto\/la-buena-noticia-de-la-semana-ciclo-a-9788498055207\/"]}]},{"@type":"ImageObject","inLanguage":"ca","@id":"https:\/\/www.cpl.es\/producto\/la-buena-noticia-de-la-semana-ciclo-a-9788498055207\/#primaryimage","url":"https:\/\/www.cpl.es\/wp-content\/uploads\/108135.jpg","contentUrl":"https:\/\/www.cpl.es\/wp-content\/uploads\/108135.jpg","width":794,"height":1259,"caption":"108135.jpg"},{"@type":"BreadcrumbList","@id":"https:\/\/www.cpl.es\/producto\/la-buena-noticia-de-la-semana-ciclo-a-9788498055207\/#breadcrumb","itemListElement":[{"@type":"ListItem","position":1,"name":"Portada","item":"https:\/\/www.cpl.es\/ca\/"},{"@type":"ListItem","position":2,"name":"Cat\u00e0leg","item":"https:\/\/www.cpl.es\/ca\/cataleg\/"},{"@type":"ListItem","position":3,"name":"La Buena Noticia de la semana. Ciclo A"}]},{"@type":"WebSite","@id":"https:\/\/www.cpl.es\/#website","url":"https:\/\/www.cpl.es\/","name":"CPL","description":"Centre de Pastoral Lit\u00fargica de Barcelona","publisher":{"@id":"https:\/\/www.cpl.es\/#organization"},"alternateName":"Centre de Pastoral Lit\u00fargica","potentialAction":[{"@type":"SearchAction","target":{"@type":"EntryPoint","urlTemplate":"https:\/\/www.cpl.es\/?s={search_term_string}"},"query-input":{"@type":"PropertyValueSpecification","valueRequired":true,"valueName":"search_term_string"}}],"inLanguage":"ca"},{"@type":"Organization","@id":"https:\/\/www.cpl.es\/#organization","name":"Centre de Pastoral Lit\u00fargica","alternateName":"Centre de Pastoral Lit\u00fargica de Barcelona","url":"https:\/\/www.cpl.es\/","logo":{"@type":"ImageObject","inLanguage":"ca","@id":"https:\/\/www.cpl.es\/#\/schema\/logo\/image\/","url":"https:\/\/www.cpl.es\/wp-content\/uploads\/logo-cpl.svg","contentUrl":"https:\/\/www.cpl.es\/wp-content\/uploads\/logo-cpl.svg","caption":"Centre de Pastoral Lit\u00fargica"},"image":{"@id":"https:\/\/www.cpl.es\/#\/schema\/logo\/image\/"}}]}},"_links":{"self":[{"href":"https:\/\/www.cpl.es\/ca\/wp-json\/wp\/v2\/product\/1899","targetHints":{"allow":["GET"]}}],"collection":[{"href":"https:\/\/www.cpl.es\/ca\/wp-json\/wp\/v2\/product"}],"about":[{"href":"https:\/\/www.cpl.es\/ca\/wp-json\/wp\/v2\/types\/product"}],"wp:featuredmedia":[{"embeddable":true,"href":"https:\/\/www.cpl.es\/ca\/wp-json\/wp\/v2\/media\/1900"}],"wp:attachment":[{"href":"https:\/\/www.cpl.es\/ca\/wp-json\/wp\/v2\/media?parent=1899"}],"wp:term":[{"taxonomy":"product_brand","embeddable":true,"href":"https:\/\/www.cpl.es\/ca\/wp-json\/wp\/v2\/product_brand?post=1899"},{"taxonomy":"product_cat","embeddable":true,"href":"https:\/\/www.cpl.es\/ca\/wp-json\/wp\/v2\/product_cat?post=1899"},{"taxonomy":"product_tag","embeddable":true,"href":"https:\/\/www.cpl.es\/ca\/wp-json\/wp\/v2\/product_tag?post=1899"}],"curies":[{"name":"wp","href":"https:\/\/api.w.org\/{rel}","templated":true}]}}