{"id":1893,"date":"2023-10-04T01:25:00","date_gmt":"2023-10-03T23:25:00","guid":{"rendered":"https:\/\/nuevaweb.cpl.es\/producto\/la-iglesia-misterio-de-unidad-9788498057072\/"},"modified":"2026-02-12T17:38:56","modified_gmt":"2026-02-12T16:38:56","slug":"la-iglesia-misterio-de-unidad-9788498057072","status":"publish","type":"product","link":"https:\/\/www.cpl.es\/ca\/producto\/la-iglesia-misterio-de-unidad-9788498057072\/","title":{"rendered":"La iglesia, misterio de unidad"},"content":{"rendered":"<p>Dos textos y dos autores separados por nueve siglos, pero unidos por una misma conclusi\u00f3n: en la vida de la comunidad todo se explica por el misterio de unidad.<\/p>\n<p>San Pedro Dami\u00e1n. Naci\u00f3 en R\u00e1vena en el a\u00f1o 1007. Fue ermita\u00f1o en Fonte Avellana en 1035 y un promotor de la reforma eclesi\u00e1stica y de las costumbres. Vivi\u00f3 en una tensi\u00f3n continua, que pasaba de la contemplaci\u00f3n a la solicitud reformadora y a un compromiso directo con ella, a pesar del deseo de permanecer alejado de cualquier v\u00ednculo jer\u00e1rquico, para mantenerse libre para retornar a la solitaria b\u00fasqueda de la inspiraci\u00f3n divina en la oraci\u00f3n y la lectura de los textos b\u00edblicos y patr\u00edsticos, \u00fanica posibilidad humana de salvaci\u00f3n. Uno de sus textos m\u00e1s valorado es el titulado Dominus vobiscum. Muri\u00f3 siendo cardenal en Faenza en el a\u00f1o 1072. Fue proclamado doctor de la Iglesia en 1828.<br \/>Henri de Lubac. Te\u00f3logo jesuita franc\u00e9s. Naci\u00f3 el 20 de febrero de 1896 en Cambrai. A los diecisiete a\u00f1os estudi\u00f3 filosof\u00eda en Inglaterra y en Francia. Tuvo que alistarse en el ej\u00e9rcito durante la Primera Guerra Mundial. Las heridas que recibi\u00f3 en esta contienda tuvieron consecuencias para su salud a lo largo de su vida. En 1929 inici\u00f3 su labor docente en la Facultad de los jesuitas en Ly\u00f3n-Fourviere. Dict\u00f3 las asignaturas de Teolog\u00eda fundamental e Historia de las religiones. En la Segunda Guerra Mundial fue arrestado diversas veces durante la ocupaci\u00f3n alemana de Francia. En 1950 fue suspendido de la ense\u00f1anza por la Santa Sede. Esta situaci\u00f3n dur\u00f3 diez a\u00f1os en los que no dej\u00f3 de investigar. La sanci\u00f3n fue levantada durante el pontificado de Juan XXIII. Particip\u00f3 en la preparaci\u00f3n del Vaticano II, y en el mismo Concilio como perito. <\/p>\n","protected":false},"excerpt":{"rendered":"<p>San Pedro Dami\u00e1n; Lubac, Henri de<\/p>\n","protected":false},"featured_media":1894,"template":"","meta":{"_acf_changed":false,"inline_featured_image":false},"product_brand":[],"product_cat":[151,153,69,54,85,62],"product_tag":[],"class_list":{"0":"post-1893","1":"product","2":"type-product","3":"status-publish","4":"has-post-thumbnail","6":"product_cat-celebracio-de-la-missa-celebracio-de-la-missa-per-temes","7":"product_cat-celebracion-de-la-misa-celebracion-de-la-misa-por-temas","8":"product_cat-cuadernos-phase-colleccions-catala","9":"product_cat-cuadernos-phase","10":"product_cat-historia-de-la-liturgia-per-temes-catala","11":"product_cat-historia-de-la-liturgia","13":"first","14":"instock","15":"taxable","16":"shipping-taxable","17":"purchasable","18":"product-type-simple"},"acf":{"autor":"San Pedro Dami\u00e1n; Lubac, Henri de","codart":"110234","ediciones":"1","encuadernacion":"R\u00fastica","fecha_de_publicacion":"06\/10\/2016","novedad":false,"paginas":"100","subtitulo":"","orden":"999","portada":false,"idioma":"spa","editorial":[{"ID":6736,"post_author":"2","post_date":"2023-10-06 08:35:24","post_date_gmt":"2023-10-06 06:35:24","post_content":"","post_title":"CPL","post_excerpt":"","post_status":"publish","comment_status":"closed","ping_status":"closed","post_password":"","post_name":"cpl","to_ping":"","pinged":"","post_modified":"2023-10-06 08:35:24","post_modified_gmt":"2023-10-06 06:35:24","post_content_filtered":"","post_parent":0,"guid":"https:\/\/nuevaweb.cpl.es\/editorial\/cpl\/","menu_order":0,"post_type":"editorial","post_mime_type":"","comment_count":"0","filter":"raw"}],"coleccion_num":"234"},"yoast_head":"<!-- This site is optimized with the Yoast SEO plugin v27.3 - https:\/\/yoast.com\/product\/yoast-seo-wordpress\/ -->\n<title>La iglesia, misterio de unidad - CPL<\/title>\n<meta name=\"robots\" content=\"index, follow, max-snippet:-1, max-image-preview:large, max-video-preview:-1\" \/>\n<link rel=\"canonical\" href=\"https:\/\/www.cpl.es\/producto\/la-iglesia-misterio-de-unidad-9788498057072\/\" \/>\n<meta property=\"og:locale\" content=\"ca_ES\" \/>\n<meta property=\"og:type\" content=\"article\" \/>\n<meta property=\"og:title\" content=\"La iglesia, misterio de unidad - CPL\" \/>\n<meta property=\"og:description\" content=\"San Pedro Dami\u00e1n; Lubac, Henri de\" \/>\n<meta property=\"og:url\" content=\"https:\/\/www.cpl.es\/producto\/la-iglesia-misterio-de-unidad-9788498057072\/\" \/>\n<meta property=\"og:site_name\" content=\"CPL\" \/>\n<meta property=\"article:modified_time\" content=\"2026-02-12T16:38:56+00:00\" \/>\n<meta property=\"og:image\" content=\"https:\/\/www.cpl.es\/wp-content\/uploads\/110234.jpg\" \/>\n\t<meta property=\"og:image:width\" content=\"281\" \/>\n\t<meta property=\"og:image:height\" content=\"422\" \/>\n\t<meta property=\"og:image:type\" content=\"image\/jpeg\" \/>\n<meta name=\"twitter:card\" content=\"summary_large_image\" \/>\n<meta name=\"twitter:label1\" content=\"Temps estimat de lectura\" \/>\n\t<meta name=\"twitter:data1\" content=\"2 minuts\" \/>\n<script type=\"application\/ld+json\" class=\"yoast-schema-graph\">{\"@context\":\"https:\\\/\\\/schema.org\",\"@graph\":[{\"@type\":\"WebPage\",\"@id\":\"https:\\\/\\\/www.cpl.es\\\/producto\\\/la-iglesia-misterio-de-unidad-9788498057072\\\/\",\"url\":\"https:\\\/\\\/www.cpl.es\\\/producto\\\/la-iglesia-misterio-de-unidad-9788498057072\\\/\",\"name\":\"La iglesia, misterio de unidad - CPL\",\"isPartOf\":{\"@id\":\"https:\\\/\\\/www.cpl.es\\\/#website\"},\"primaryImageOfPage\":{\"@id\":\"https:\\\/\\\/www.cpl.es\\\/producto\\\/la-iglesia-misterio-de-unidad-9788498057072\\\/#primaryimage\"},\"image\":{\"@id\":\"https:\\\/\\\/www.cpl.es\\\/producto\\\/la-iglesia-misterio-de-unidad-9788498057072\\\/#primaryimage\"},\"thumbnailUrl\":\"https:\\\/\\\/www.cpl.es\\\/wp-content\\\/uploads\\\/110234.jpg\",\"datePublished\":\"2023-10-03T23:25:00+00:00\",\"dateModified\":\"2026-02-12T16:38:56+00:00\",\"breadcrumb\":{\"@id\":\"https:\\\/\\\/www.cpl.es\\\/producto\\\/la-iglesia-misterio-de-unidad-9788498057072\\\/#breadcrumb\"},\"inLanguage\":\"ca\",\"potentialAction\":[{\"@type\":\"ReadAction\",\"target\":[\"https:\\\/\\\/www.cpl.es\\\/producto\\\/la-iglesia-misterio-de-unidad-9788498057072\\\/\"]}]},{\"@type\":\"ImageObject\",\"inLanguage\":\"ca\",\"@id\":\"https:\\\/\\\/www.cpl.es\\\/producto\\\/la-iglesia-misterio-de-unidad-9788498057072\\\/#primaryimage\",\"url\":\"https:\\\/\\\/www.cpl.es\\\/wp-content\\\/uploads\\\/110234.jpg\",\"contentUrl\":\"https:\\\/\\\/www.cpl.es\\\/wp-content\\\/uploads\\\/110234.jpg\",\"width\":281,\"height\":422,\"caption\":\"110234.jpg\"},{\"@type\":\"BreadcrumbList\",\"@id\":\"https:\\\/\\\/www.cpl.es\\\/producto\\\/la-iglesia-misterio-de-unidad-9788498057072\\\/#breadcrumb\",\"itemListElement\":[{\"@type\":\"ListItem\",\"position\":1,\"name\":\"Portada\",\"item\":\"https:\\\/\\\/www.cpl.es\\\/ca\\\/\"},{\"@type\":\"ListItem\",\"position\":2,\"name\":\"Cat\u00e0leg\",\"item\":\"https:\\\/\\\/www.cpl.es\\\/ca\\\/cataleg\\\/\"},{\"@type\":\"ListItem\",\"position\":3,\"name\":\"La iglesia, misterio de unidad\"}]},{\"@type\":\"WebSite\",\"@id\":\"https:\\\/\\\/www.cpl.es\\\/#website\",\"url\":\"https:\\\/\\\/www.cpl.es\\\/\",\"name\":\"CPL\",\"description\":\"Centre de Pastoral Lit\u00fargica de Barcelona\",\"publisher\":{\"@id\":\"https:\\\/\\\/www.cpl.es\\\/#organization\"},\"alternateName\":\"Centre de Pastoral Lit\u00fargica\",\"potentialAction\":[{\"@type\":\"SearchAction\",\"target\":{\"@type\":\"EntryPoint\",\"urlTemplate\":\"https:\\\/\\\/www.cpl.es\\\/?s={search_term_string}\"},\"query-input\":{\"@type\":\"PropertyValueSpecification\",\"valueRequired\":true,\"valueName\":\"search_term_string\"}}],\"inLanguage\":\"ca\"},{\"@type\":\"Organization\",\"@id\":\"https:\\\/\\\/www.cpl.es\\\/#organization\",\"name\":\"Centre de Pastoral Lit\u00fargica\",\"alternateName\":\"Centre de Pastoral Lit\u00fargica de Barcelona\",\"url\":\"https:\\\/\\\/www.cpl.es\\\/\",\"logo\":{\"@type\":\"ImageObject\",\"inLanguage\":\"ca\",\"@id\":\"https:\\\/\\\/www.cpl.es\\\/#\\\/schema\\\/logo\\\/image\\\/\",\"url\":\"https:\\\/\\\/www.cpl.es\\\/wp-content\\\/uploads\\\/logo-cpl.svg\",\"contentUrl\":\"https:\\\/\\\/www.cpl.es\\\/wp-content\\\/uploads\\\/logo-cpl.svg\",\"caption\":\"Centre de Pastoral Lit\u00fargica\"},\"image\":{\"@id\":\"https:\\\/\\\/www.cpl.es\\\/#\\\/schema\\\/logo\\\/image\\\/\"}}]}<\/script>\n<!-- \/ Yoast SEO plugin. -->","yoast_head_json":{"title":"La iglesia, misterio de unidad - CPL","robots":{"index":"index","follow":"follow","max-snippet":"max-snippet:-1","max-image-preview":"max-image-preview:large","max-video-preview":"max-video-preview:-1"},"canonical":"https:\/\/www.cpl.es\/producto\/la-iglesia-misterio-de-unidad-9788498057072\/","og_locale":"ca_ES","og_type":"article","og_title":"La iglesia, misterio de unidad - CPL","og_description":"San Pedro Dami\u00e1n; Lubac, Henri de","og_url":"https:\/\/www.cpl.es\/producto\/la-iglesia-misterio-de-unidad-9788498057072\/","og_site_name":"CPL","article_modified_time":"2026-02-12T16:38:56+00:00","og_image":[{"width":281,"height":422,"url":"https:\/\/www.cpl.es\/wp-content\/uploads\/110234.jpg","type":"image\/jpeg"}],"twitter_card":"summary_large_image","twitter_misc":{"Temps estimat de lectura":"2 minuts"},"schema":{"@context":"https:\/\/schema.org","@graph":[{"@type":"WebPage","@id":"https:\/\/www.cpl.es\/producto\/la-iglesia-misterio-de-unidad-9788498057072\/","url":"https:\/\/www.cpl.es\/producto\/la-iglesia-misterio-de-unidad-9788498057072\/","name":"La iglesia, misterio de unidad - CPL","isPartOf":{"@id":"https:\/\/www.cpl.es\/#website"},"primaryImageOfPage":{"@id":"https:\/\/www.cpl.es\/producto\/la-iglesia-misterio-de-unidad-9788498057072\/#primaryimage"},"image":{"@id":"https:\/\/www.cpl.es\/producto\/la-iglesia-misterio-de-unidad-9788498057072\/#primaryimage"},"thumbnailUrl":"https:\/\/www.cpl.es\/wp-content\/uploads\/110234.jpg","datePublished":"2023-10-03T23:25:00+00:00","dateModified":"2026-02-12T16:38:56+00:00","breadcrumb":{"@id":"https:\/\/www.cpl.es\/producto\/la-iglesia-misterio-de-unidad-9788498057072\/#breadcrumb"},"inLanguage":"ca","potentialAction":[{"@type":"ReadAction","target":["https:\/\/www.cpl.es\/producto\/la-iglesia-misterio-de-unidad-9788498057072\/"]}]},{"@type":"ImageObject","inLanguage":"ca","@id":"https:\/\/www.cpl.es\/producto\/la-iglesia-misterio-de-unidad-9788498057072\/#primaryimage","url":"https:\/\/www.cpl.es\/wp-content\/uploads\/110234.jpg","contentUrl":"https:\/\/www.cpl.es\/wp-content\/uploads\/110234.jpg","width":281,"height":422,"caption":"110234.jpg"},{"@type":"BreadcrumbList","@id":"https:\/\/www.cpl.es\/producto\/la-iglesia-misterio-de-unidad-9788498057072\/#breadcrumb","itemListElement":[{"@type":"ListItem","position":1,"name":"Portada","item":"https:\/\/www.cpl.es\/ca\/"},{"@type":"ListItem","position":2,"name":"Cat\u00e0leg","item":"https:\/\/www.cpl.es\/ca\/cataleg\/"},{"@type":"ListItem","position":3,"name":"La iglesia, misterio de unidad"}]},{"@type":"WebSite","@id":"https:\/\/www.cpl.es\/#website","url":"https:\/\/www.cpl.es\/","name":"CPL","description":"Centre de Pastoral Lit\u00fargica de Barcelona","publisher":{"@id":"https:\/\/www.cpl.es\/#organization"},"alternateName":"Centre de Pastoral Lit\u00fargica","potentialAction":[{"@type":"SearchAction","target":{"@type":"EntryPoint","urlTemplate":"https:\/\/www.cpl.es\/?s={search_term_string}"},"query-input":{"@type":"PropertyValueSpecification","valueRequired":true,"valueName":"search_term_string"}}],"inLanguage":"ca"},{"@type":"Organization","@id":"https:\/\/www.cpl.es\/#organization","name":"Centre de Pastoral Lit\u00fargica","alternateName":"Centre de Pastoral Lit\u00fargica de Barcelona","url":"https:\/\/www.cpl.es\/","logo":{"@type":"ImageObject","inLanguage":"ca","@id":"https:\/\/www.cpl.es\/#\/schema\/logo\/image\/","url":"https:\/\/www.cpl.es\/wp-content\/uploads\/logo-cpl.svg","contentUrl":"https:\/\/www.cpl.es\/wp-content\/uploads\/logo-cpl.svg","caption":"Centre de Pastoral Lit\u00fargica"},"image":{"@id":"https:\/\/www.cpl.es\/#\/schema\/logo\/image\/"}}]}},"_links":{"self":[{"href":"https:\/\/www.cpl.es\/ca\/wp-json\/wp\/v2\/product\/1893","targetHints":{"allow":["GET"]}}],"collection":[{"href":"https:\/\/www.cpl.es\/ca\/wp-json\/wp\/v2\/product"}],"about":[{"href":"https:\/\/www.cpl.es\/ca\/wp-json\/wp\/v2\/types\/product"}],"wp:featuredmedia":[{"embeddable":true,"href":"https:\/\/www.cpl.es\/ca\/wp-json\/wp\/v2\/media\/1894"}],"wp:attachment":[{"href":"https:\/\/www.cpl.es\/ca\/wp-json\/wp\/v2\/media?parent=1893"}],"wp:term":[{"taxonomy":"product_brand","embeddable":true,"href":"https:\/\/www.cpl.es\/ca\/wp-json\/wp\/v2\/product_brand?post=1893"},{"taxonomy":"product_cat","embeddable":true,"href":"https:\/\/www.cpl.es\/ca\/wp-json\/wp\/v2\/product_cat?post=1893"},{"taxonomy":"product_tag","embeddable":true,"href":"https:\/\/www.cpl.es\/ca\/wp-json\/wp\/v2\/product_tag?post=1893"}],"curies":[{"name":"wp","href":"https:\/\/api.w.org\/{rel}","templated":true}]}}