{"id":18406,"date":"2025-02-27T16:43:01","date_gmt":"2025-02-27T15:43:01","guid":{"rendered":"https:\/\/www.cpl.es\/producto\/los-vicios-y-las-virtudes-9788491656838\/"},"modified":"2025-11-21T13:08:04","modified_gmt":"2025-11-21T12:08:04","slug":"los-vicios-y-las-virtudes-9788491656838","status":"publish","type":"product","link":"https:\/\/www.cpl.es\/ca\/producto\/los-vicios-y-las-virtudes-9788491656838\/","title":{"rendered":"Los vicios y las virtudes"},"content":{"rendered":"<p> La pr\u00e1ctica de las virtudes y la victoria sobre el mundo de los vicios tiene que llegar a la vida concreta. La vida virtuosa tiene mucho que ver con el misterio de la encarnaci\u00f3n, es por este motivo que el papa Francisco insiste, y no pocas veces, en la necesidad de recaer en planteamientos que toquen \u00abla carne sufriente\u00bb (EG 24). Nos referimos a la necesidad de concretar el Evangelio en nuestra vida, porque mientras el pensamiento humano tiende a elevarse y as\u00ed alejarse de la realidad, el planteamiento de Jes\u00fas se percibe en direcci\u00f3n contraria porque aterriza, concreta y, en definitiva, se encarna. En el libro que ten\u00e9is en las manos encontrar\u00e9is las catequesis del papa Francisco sobre la pasi\u00f3n por la evangelizaci\u00f3n, pronunciadas en las audiencias generales de los mi\u00e9rcoles, entre el 27 de diciembre de 2023 y el 22 de mayo de 2024.<\/p>\n","protected":false},"excerpt":{"rendered":"<p>Francisco, Papa<\/p>\n","protected":false},"featured_media":18613,"template":"","meta":{"_acf_changed":false,"inline_featured_image":false},"product_brand":[],"product_cat":[32,33,83,60,158,65,88,63,86],"product_tag":[],"class_list":{"0":"post-18406","1":"product","2":"type-product","3":"status-publish","4":"has-post-thumbnail","6":"product_cat-castellano","7":"product_cat-catala","8":"product_cat-catequesi-liturgica","9":"product_cat-catequesis-liturgica","10":"product_cat-documentacion-documentacion-por-temas","11":"product_cat-espiritualidad","12":"product_cat-espiritualitat","13":"product_cat-oracion","14":"product_cat-pregaria","16":"first","17":"instock","18":"taxable","19":"shipping-taxable","20":"purchasable","21":"product-type-simple"},"acf":{"autor":"Francisco, Papa","codart":"113040","ediciones":"1","encuadernacion":"R\u00fastica","fecha_de_publicacion":"27\/02\/2025","novedad":true,"paginas":"84","subtitulo":"","orden":"999","portada":false,"idioma":"spa","coleccion_num":"40","editorial":[{"ID":6736,"post_author":"2","post_date":"2023-10-06 08:35:24","post_date_gmt":"2023-10-06 06:35:24","post_content":"","post_title":"CPL","post_excerpt":"","post_status":"publish","comment_status":"closed","ping_status":"closed","post_password":"","post_name":"cpl","to_ping":"","pinged":"","post_modified":"2023-10-06 08:35:24","post_modified_gmt":"2023-10-06 06:35:24","post_content_filtered":"","post_parent":0,"guid":"https:\/\/nuevaweb.cpl.es\/editorial\/cpl\/","menu_order":0,"post_type":"editorial","post_mime_type":"","comment_count":"0","filter":"raw"}],"booktrailer":"","ficha":"","muestra":"","presentacion":""},"yoast_head":"<!-- This site is optimized with the Yoast SEO plugin v27.3 - https:\/\/yoast.com\/product\/yoast-seo-wordpress\/ -->\n<title>Los vicios y las virtudes - CPL<\/title>\n<meta name=\"robots\" content=\"index, follow, max-snippet:-1, max-image-preview:large, max-video-preview:-1\" \/>\n<link rel=\"canonical\" href=\"https:\/\/www.cpl.es\/producto\/los-vicios-y-las-virtudes-9788491656838\/\" \/>\n<meta property=\"og:locale\" content=\"ca_ES\" \/>\n<meta property=\"og:type\" content=\"article\" \/>\n<meta property=\"og:title\" content=\"Los vicios y las virtudes - CPL\" \/>\n<meta property=\"og:description\" content=\"Francisco, Papa\" \/>\n<meta property=\"og:url\" content=\"https:\/\/www.cpl.es\/producto\/los-vicios-y-las-virtudes-9788491656838\/\" \/>\n<meta property=\"og:site_name\" content=\"CPL\" \/>\n<meta property=\"article:modified_time\" content=\"2025-11-21T12:08:04+00:00\" \/>\n<meta property=\"og:image\" content=\"https:\/\/www.cpl.es\/wp-content\/uploads\/9788491656838-1.jpg\" \/>\n\t<meta property=\"og:image:width\" content=\"183\" \/>\n\t<meta property=\"og:image:height\" content=\"300\" \/>\n\t<meta property=\"og:image:type\" content=\"image\/jpeg\" \/>\n<meta name=\"twitter:card\" content=\"summary_large_image\" \/>\n<meta name=\"twitter:label1\" content=\"Temps estimat de lectura\" \/>\n\t<meta name=\"twitter:data1\" content=\"1 minut\" \/>\n<script type=\"application\/ld+json\" class=\"yoast-schema-graph\">{\"@context\":\"https:\\\/\\\/schema.org\",\"@graph\":[{\"@type\":\"WebPage\",\"@id\":\"https:\\\/\\\/www.cpl.es\\\/producto\\\/los-vicios-y-las-virtudes-9788491656838\\\/\",\"url\":\"https:\\\/\\\/www.cpl.es\\\/producto\\\/los-vicios-y-las-virtudes-9788491656838\\\/\",\"name\":\"Los vicios y las virtudes - CPL\",\"isPartOf\":{\"@id\":\"https:\\\/\\\/www.cpl.es\\\/#website\"},\"primaryImageOfPage\":{\"@id\":\"https:\\\/\\\/www.cpl.es\\\/producto\\\/los-vicios-y-las-virtudes-9788491656838\\\/#primaryimage\"},\"image\":{\"@id\":\"https:\\\/\\\/www.cpl.es\\\/producto\\\/los-vicios-y-las-virtudes-9788491656838\\\/#primaryimage\"},\"thumbnailUrl\":\"https:\\\/\\\/www.cpl.es\\\/wp-content\\\/uploads\\\/9788491656838-1.jpg\",\"datePublished\":\"2025-02-27T15:43:01+00:00\",\"dateModified\":\"2025-11-21T12:08:04+00:00\",\"breadcrumb\":{\"@id\":\"https:\\\/\\\/www.cpl.es\\\/producto\\\/los-vicios-y-las-virtudes-9788491656838\\\/#breadcrumb\"},\"inLanguage\":\"ca\",\"potentialAction\":[{\"@type\":\"ReadAction\",\"target\":[\"https:\\\/\\\/www.cpl.es\\\/producto\\\/los-vicios-y-las-virtudes-9788491656838\\\/\"]}]},{\"@type\":\"ImageObject\",\"inLanguage\":\"ca\",\"@id\":\"https:\\\/\\\/www.cpl.es\\\/producto\\\/los-vicios-y-las-virtudes-9788491656838\\\/#primaryimage\",\"url\":\"https:\\\/\\\/www.cpl.es\\\/wp-content\\\/uploads\\\/9788491656838-1.jpg\",\"contentUrl\":\"https:\\\/\\\/www.cpl.es\\\/wp-content\\\/uploads\\\/9788491656838-1.jpg\",\"width\":183,\"height\":300,\"caption\":\"9788491656838.jpg\"},{\"@type\":\"BreadcrumbList\",\"@id\":\"https:\\\/\\\/www.cpl.es\\\/producto\\\/los-vicios-y-las-virtudes-9788491656838\\\/#breadcrumb\",\"itemListElement\":[{\"@type\":\"ListItem\",\"position\":1,\"name\":\"Portada\",\"item\":\"https:\\\/\\\/www.cpl.es\\\/ca\\\/\"},{\"@type\":\"ListItem\",\"position\":2,\"name\":\"Cat\u00e0leg\",\"item\":\"https:\\\/\\\/www.cpl.es\\\/ca\\\/cataleg\\\/\"},{\"@type\":\"ListItem\",\"position\":3,\"name\":\"Los vicios y las virtudes\"}]},{\"@type\":\"WebSite\",\"@id\":\"https:\\\/\\\/www.cpl.es\\\/#website\",\"url\":\"https:\\\/\\\/www.cpl.es\\\/\",\"name\":\"CPL\",\"description\":\"Centre de Pastoral Lit\u00fargica de Barcelona\",\"publisher\":{\"@id\":\"https:\\\/\\\/www.cpl.es\\\/#organization\"},\"alternateName\":\"Centre de Pastoral Lit\u00fargica\",\"potentialAction\":[{\"@type\":\"SearchAction\",\"target\":{\"@type\":\"EntryPoint\",\"urlTemplate\":\"https:\\\/\\\/www.cpl.es\\\/?s={search_term_string}\"},\"query-input\":{\"@type\":\"PropertyValueSpecification\",\"valueRequired\":true,\"valueName\":\"search_term_string\"}}],\"inLanguage\":\"ca\"},{\"@type\":\"Organization\",\"@id\":\"https:\\\/\\\/www.cpl.es\\\/#organization\",\"name\":\"Centre de Pastoral Lit\u00fargica\",\"alternateName\":\"Centre de Pastoral Lit\u00fargica de Barcelona\",\"url\":\"https:\\\/\\\/www.cpl.es\\\/\",\"logo\":{\"@type\":\"ImageObject\",\"inLanguage\":\"ca\",\"@id\":\"https:\\\/\\\/www.cpl.es\\\/#\\\/schema\\\/logo\\\/image\\\/\",\"url\":\"https:\\\/\\\/www.cpl.es\\\/wp-content\\\/uploads\\\/logo-cpl.svg\",\"contentUrl\":\"https:\\\/\\\/www.cpl.es\\\/wp-content\\\/uploads\\\/logo-cpl.svg\",\"caption\":\"Centre de Pastoral Lit\u00fargica\"},\"image\":{\"@id\":\"https:\\\/\\\/www.cpl.es\\\/#\\\/schema\\\/logo\\\/image\\\/\"}}]}<\/script>\n<!-- \/ Yoast SEO plugin. -->","yoast_head_json":{"title":"Los vicios y las virtudes - CPL","robots":{"index":"index","follow":"follow","max-snippet":"max-snippet:-1","max-image-preview":"max-image-preview:large","max-video-preview":"max-video-preview:-1"},"canonical":"https:\/\/www.cpl.es\/producto\/los-vicios-y-las-virtudes-9788491656838\/","og_locale":"ca_ES","og_type":"article","og_title":"Los vicios y las virtudes - CPL","og_description":"Francisco, Papa","og_url":"https:\/\/www.cpl.es\/producto\/los-vicios-y-las-virtudes-9788491656838\/","og_site_name":"CPL","article_modified_time":"2025-11-21T12:08:04+00:00","og_image":[{"width":183,"height":300,"url":"https:\/\/www.cpl.es\/wp-content\/uploads\/9788491656838-1.jpg","type":"image\/jpeg"}],"twitter_card":"summary_large_image","twitter_misc":{"Temps estimat de lectura":"1 minut"},"schema":{"@context":"https:\/\/schema.org","@graph":[{"@type":"WebPage","@id":"https:\/\/www.cpl.es\/producto\/los-vicios-y-las-virtudes-9788491656838\/","url":"https:\/\/www.cpl.es\/producto\/los-vicios-y-las-virtudes-9788491656838\/","name":"Los vicios y las virtudes - CPL","isPartOf":{"@id":"https:\/\/www.cpl.es\/#website"},"primaryImageOfPage":{"@id":"https:\/\/www.cpl.es\/producto\/los-vicios-y-las-virtudes-9788491656838\/#primaryimage"},"image":{"@id":"https:\/\/www.cpl.es\/producto\/los-vicios-y-las-virtudes-9788491656838\/#primaryimage"},"thumbnailUrl":"https:\/\/www.cpl.es\/wp-content\/uploads\/9788491656838-1.jpg","datePublished":"2025-02-27T15:43:01+00:00","dateModified":"2025-11-21T12:08:04+00:00","breadcrumb":{"@id":"https:\/\/www.cpl.es\/producto\/los-vicios-y-las-virtudes-9788491656838\/#breadcrumb"},"inLanguage":"ca","potentialAction":[{"@type":"ReadAction","target":["https:\/\/www.cpl.es\/producto\/los-vicios-y-las-virtudes-9788491656838\/"]}]},{"@type":"ImageObject","inLanguage":"ca","@id":"https:\/\/www.cpl.es\/producto\/los-vicios-y-las-virtudes-9788491656838\/#primaryimage","url":"https:\/\/www.cpl.es\/wp-content\/uploads\/9788491656838-1.jpg","contentUrl":"https:\/\/www.cpl.es\/wp-content\/uploads\/9788491656838-1.jpg","width":183,"height":300,"caption":"9788491656838.jpg"},{"@type":"BreadcrumbList","@id":"https:\/\/www.cpl.es\/producto\/los-vicios-y-las-virtudes-9788491656838\/#breadcrumb","itemListElement":[{"@type":"ListItem","position":1,"name":"Portada","item":"https:\/\/www.cpl.es\/ca\/"},{"@type":"ListItem","position":2,"name":"Cat\u00e0leg","item":"https:\/\/www.cpl.es\/ca\/cataleg\/"},{"@type":"ListItem","position":3,"name":"Los vicios y las virtudes"}]},{"@type":"WebSite","@id":"https:\/\/www.cpl.es\/#website","url":"https:\/\/www.cpl.es\/","name":"CPL","description":"Centre de Pastoral Lit\u00fargica de Barcelona","publisher":{"@id":"https:\/\/www.cpl.es\/#organization"},"alternateName":"Centre de Pastoral Lit\u00fargica","potentialAction":[{"@type":"SearchAction","target":{"@type":"EntryPoint","urlTemplate":"https:\/\/www.cpl.es\/?s={search_term_string}"},"query-input":{"@type":"PropertyValueSpecification","valueRequired":true,"valueName":"search_term_string"}}],"inLanguage":"ca"},{"@type":"Organization","@id":"https:\/\/www.cpl.es\/#organization","name":"Centre de Pastoral Lit\u00fargica","alternateName":"Centre de Pastoral Lit\u00fargica de Barcelona","url":"https:\/\/www.cpl.es\/","logo":{"@type":"ImageObject","inLanguage":"ca","@id":"https:\/\/www.cpl.es\/#\/schema\/logo\/image\/","url":"https:\/\/www.cpl.es\/wp-content\/uploads\/logo-cpl.svg","contentUrl":"https:\/\/www.cpl.es\/wp-content\/uploads\/logo-cpl.svg","caption":"Centre de Pastoral Lit\u00fargica"},"image":{"@id":"https:\/\/www.cpl.es\/#\/schema\/logo\/image\/"}}]}},"_links":{"self":[{"href":"https:\/\/www.cpl.es\/ca\/wp-json\/wp\/v2\/product\/18406","targetHints":{"allow":["GET"]}}],"collection":[{"href":"https:\/\/www.cpl.es\/ca\/wp-json\/wp\/v2\/product"}],"about":[{"href":"https:\/\/www.cpl.es\/ca\/wp-json\/wp\/v2\/types\/product"}],"wp:featuredmedia":[{"embeddable":true,"href":"https:\/\/www.cpl.es\/ca\/wp-json\/wp\/v2\/media\/18613"}],"wp:attachment":[{"href":"https:\/\/www.cpl.es\/ca\/wp-json\/wp\/v2\/media?parent=18406"}],"wp:term":[{"taxonomy":"product_brand","embeddable":true,"href":"https:\/\/www.cpl.es\/ca\/wp-json\/wp\/v2\/product_brand?post=18406"},{"taxonomy":"product_cat","embeddable":true,"href":"https:\/\/www.cpl.es\/ca\/wp-json\/wp\/v2\/product_cat?post=18406"},{"taxonomy":"product_tag","embeddable":true,"href":"https:\/\/www.cpl.es\/ca\/wp-json\/wp\/v2\/product_tag?post=18406"}],"curies":[{"name":"wp","href":"https:\/\/api.w.org\/{rel}","templated":true}]}}