{"id":18354,"date":"2025-02-20T11:48:28","date_gmt":"2025-02-20T10:48:28","guid":{"rendered":"https:\/\/www.cpl.es\/producto\/no-tot-te-un-preu-deu-es-gratuit-9788491656821\/"},"modified":"2026-02-12T17:02:52","modified_gmt":"2026-02-12T16:02:52","slug":"no-tot-te-un-preu-deu-es-gratuit-9788491656821","status":"publish","type":"product","link":"https:\/\/www.cpl.es\/ca\/producto\/no-tot-te-un-preu-deu-es-gratuit-9788491656821\/","title":{"rendered":"No tot t\u00e9 un preu, D\u00e9u \u00e9s gratu\u00eft"},"content":{"rendered":"<p> En el nostre m\u00f3n, el d\u00e9u diner ha acabat imposant-se com a valor de tot. Tot es pot comprar i vendre, i tot ha acabat comercialitzant-se; fi ns i tot el que la naturalesa ens regala, els sentiments o els valors espirituals. Malauradament, aquesta mentalitat se\u2019ns ha acabat imposant en el m\u00f3n de la religi\u00f3. La mateixa gr\u00e0cia sovint \u00e9s entesa i viscuda com a moneda d\u2019unes relacions comercials amb D\u00e9u. El papa Francesc, en la seva enc\u00edclica Dilexit nos, ens adverteix d\u2019aquest perill i ens recorda que no podem reduir Jesucrist a aquests esquemes monetaris, perqu\u00e8 ell \u00e9s, i vol ser, el gran regal de la gratu\u00eftat. Oriol Xirinachs, amb un to senzill i proper, ens brinda un text que reflexiona sobre aquesta q\u00fcesti\u00f3, tan actual en el nostre m\u00f3n, i l\u2019acompanya amb diverses preguntes i poemes per facilitar el treball personal. <br \/> Oriol Xirinachs (Barcelona, 1935) \u00e9s capell\u00e0 de la di\u00f2cesi de Barcelona i membre de l\u2019Associaci\u00f3 de Preveres del Prad\u00f3. Tot el seu ministeri com a capell\u00e0 l\u2019ha exercit en barris obrers i populars, alhora que ha estat membre actiu en organitzacions en el m\u00f3n de la marginaci\u00f3 i en tasques de pastoral social.<\/p>\n","protected":false},"excerpt":{"rendered":"<p>Xirinachs Benavent, Oriol<\/p>\n","protected":false},"featured_media":18417,"template":"","meta":{"_acf_changed":false,"inline_featured_image":false},"product_brand":[],"product_cat":[33,73],"product_tag":[],"class_list":{"0":"post-18354","1":"product","2":"type-product","3":"status-publish","4":"has-post-thumbnail","6":"product_cat-catala","7":"product_cat-emaus-colleccions-catala","9":"first","10":"instock","11":"taxable","12":"shipping-taxable","13":"purchasable","14":"product-type-simple"},"acf":{"autor":"Xirinachs Benavent, Oriol","codart":"208183","ediciones":"1","encuadernacion":"R\u00fastica","fecha_de_publicacion":"10\/02\/2025","novedad":false,"paginas":"88","subtitulo":"","orden":"999","portada":false,"idioma":"cat","coleccion_num":"183","editorial":[{"ID":6736,"post_author":"2","post_date":"2023-10-06 08:35:24","post_date_gmt":"2023-10-06 06:35:24","post_content":"","post_title":"CPL","post_excerpt":"","post_status":"publish","comment_status":"closed","ping_status":"closed","post_password":"","post_name":"cpl","to_ping":"","pinged":"","post_modified":"2023-10-06 08:35:24","post_modified_gmt":"2023-10-06 06:35:24","post_content_filtered":"","post_parent":0,"guid":"https:\/\/nuevaweb.cpl.es\/editorial\/cpl\/","menu_order":0,"post_type":"editorial","post_mime_type":"","comment_count":"0","filter":"raw"}]},"yoast_head":"<!-- This site is optimized with the Yoast SEO plugin v27.3 - https:\/\/yoast.com\/product\/yoast-seo-wordpress\/ -->\n<title>No tot t\u00e9 un preu, D\u00e9u \u00e9s gratu\u00eft - CPL<\/title>\n<meta name=\"robots\" content=\"index, follow, max-snippet:-1, max-image-preview:large, max-video-preview:-1\" \/>\n<link rel=\"canonical\" href=\"https:\/\/www.cpl.es\/producto\/no-tot-te-un-preu-deu-es-gratuit-9788491656821\/\" \/>\n<meta property=\"og:locale\" content=\"ca_ES\" \/>\n<meta property=\"og:type\" content=\"article\" \/>\n<meta property=\"og:title\" content=\"No tot t\u00e9 un preu, D\u00e9u \u00e9s gratu\u00eft - CPL\" \/>\n<meta property=\"og:description\" content=\"Xirinachs Benavent, Oriol\" \/>\n<meta property=\"og:url\" content=\"https:\/\/www.cpl.es\/producto\/no-tot-te-un-preu-deu-es-gratuit-9788491656821\/\" \/>\n<meta property=\"og:site_name\" content=\"CPL\" \/>\n<meta property=\"article:modified_time\" content=\"2026-02-12T16:02:52+00:00\" \/>\n<meta property=\"og:image\" content=\"https:\/\/www.cpl.es\/wp-content\/uploads\/9788491656821-1.jpg\" \/>\n\t<meta property=\"og:image:width\" content=\"181\" \/>\n\t<meta property=\"og:image:height\" content=\"300\" \/>\n\t<meta property=\"og:image:type\" content=\"image\/jpeg\" \/>\n<meta name=\"twitter:card\" content=\"summary_large_image\" \/>\n<meta name=\"twitter:label1\" content=\"Temps estimat de lectura\" \/>\n\t<meta name=\"twitter:data1\" content=\"1 minut\" \/>\n<script type=\"application\/ld+json\" class=\"yoast-schema-graph\">{\"@context\":\"https:\\\/\\\/schema.org\",\"@graph\":[{\"@type\":\"WebPage\",\"@id\":\"https:\\\/\\\/www.cpl.es\\\/producto\\\/no-tot-te-un-preu-deu-es-gratuit-9788491656821\\\/\",\"url\":\"https:\\\/\\\/www.cpl.es\\\/producto\\\/no-tot-te-un-preu-deu-es-gratuit-9788491656821\\\/\",\"name\":\"No tot t\u00e9 un preu, D\u00e9u \u00e9s gratu\u00eft - CPL\",\"isPartOf\":{\"@id\":\"https:\\\/\\\/www.cpl.es\\\/#website\"},\"primaryImageOfPage\":{\"@id\":\"https:\\\/\\\/www.cpl.es\\\/producto\\\/no-tot-te-un-preu-deu-es-gratuit-9788491656821\\\/#primaryimage\"},\"image\":{\"@id\":\"https:\\\/\\\/www.cpl.es\\\/producto\\\/no-tot-te-un-preu-deu-es-gratuit-9788491656821\\\/#primaryimage\"},\"thumbnailUrl\":\"https:\\\/\\\/www.cpl.es\\\/wp-content\\\/uploads\\\/9788491656821-1.jpg\",\"datePublished\":\"2025-02-20T10:48:28+00:00\",\"dateModified\":\"2026-02-12T16:02:52+00:00\",\"breadcrumb\":{\"@id\":\"https:\\\/\\\/www.cpl.es\\\/producto\\\/no-tot-te-un-preu-deu-es-gratuit-9788491656821\\\/#breadcrumb\"},\"inLanguage\":\"ca\",\"potentialAction\":[{\"@type\":\"ReadAction\",\"target\":[\"https:\\\/\\\/www.cpl.es\\\/producto\\\/no-tot-te-un-preu-deu-es-gratuit-9788491656821\\\/\"]}]},{\"@type\":\"ImageObject\",\"inLanguage\":\"ca\",\"@id\":\"https:\\\/\\\/www.cpl.es\\\/producto\\\/no-tot-te-un-preu-deu-es-gratuit-9788491656821\\\/#primaryimage\",\"url\":\"https:\\\/\\\/www.cpl.es\\\/wp-content\\\/uploads\\\/9788491656821-1.jpg\",\"contentUrl\":\"https:\\\/\\\/www.cpl.es\\\/wp-content\\\/uploads\\\/9788491656821-1.jpg\",\"width\":181,\"height\":300,\"caption\":\"9788491656821.jpg\"},{\"@type\":\"BreadcrumbList\",\"@id\":\"https:\\\/\\\/www.cpl.es\\\/producto\\\/no-tot-te-un-preu-deu-es-gratuit-9788491656821\\\/#breadcrumb\",\"itemListElement\":[{\"@type\":\"ListItem\",\"position\":1,\"name\":\"Portada\",\"item\":\"https:\\\/\\\/www.cpl.es\\\/ca\\\/\"},{\"@type\":\"ListItem\",\"position\":2,\"name\":\"Cat\u00e0leg\",\"item\":\"https:\\\/\\\/www.cpl.es\\\/ca\\\/cataleg\\\/\"},{\"@type\":\"ListItem\",\"position\":3,\"name\":\"No tot t\u00e9 un preu, D\u00e9u \u00e9s gratu\u00eft\"}]},{\"@type\":\"WebSite\",\"@id\":\"https:\\\/\\\/www.cpl.es\\\/#website\",\"url\":\"https:\\\/\\\/www.cpl.es\\\/\",\"name\":\"CPL\",\"description\":\"Centre de Pastoral Lit\u00fargica de Barcelona\",\"publisher\":{\"@id\":\"https:\\\/\\\/www.cpl.es\\\/#organization\"},\"alternateName\":\"Centre de Pastoral Lit\u00fargica\",\"potentialAction\":[{\"@type\":\"SearchAction\",\"target\":{\"@type\":\"EntryPoint\",\"urlTemplate\":\"https:\\\/\\\/www.cpl.es\\\/?s={search_term_string}\"},\"query-input\":{\"@type\":\"PropertyValueSpecification\",\"valueRequired\":true,\"valueName\":\"search_term_string\"}}],\"inLanguage\":\"ca\"},{\"@type\":\"Organization\",\"@id\":\"https:\\\/\\\/www.cpl.es\\\/#organization\",\"name\":\"Centre de Pastoral Lit\u00fargica\",\"alternateName\":\"Centre de Pastoral Lit\u00fargica de Barcelona\",\"url\":\"https:\\\/\\\/www.cpl.es\\\/\",\"logo\":{\"@type\":\"ImageObject\",\"inLanguage\":\"ca\",\"@id\":\"https:\\\/\\\/www.cpl.es\\\/#\\\/schema\\\/logo\\\/image\\\/\",\"url\":\"https:\\\/\\\/www.cpl.es\\\/wp-content\\\/uploads\\\/logo-cpl.svg\",\"contentUrl\":\"https:\\\/\\\/www.cpl.es\\\/wp-content\\\/uploads\\\/logo-cpl.svg\",\"caption\":\"Centre de Pastoral Lit\u00fargica\"},\"image\":{\"@id\":\"https:\\\/\\\/www.cpl.es\\\/#\\\/schema\\\/logo\\\/image\\\/\"}}]}<\/script>\n<!-- \/ Yoast SEO plugin. -->","yoast_head_json":{"title":"No tot t\u00e9 un preu, D\u00e9u \u00e9s gratu\u00eft - CPL","robots":{"index":"index","follow":"follow","max-snippet":"max-snippet:-1","max-image-preview":"max-image-preview:large","max-video-preview":"max-video-preview:-1"},"canonical":"https:\/\/www.cpl.es\/producto\/no-tot-te-un-preu-deu-es-gratuit-9788491656821\/","og_locale":"ca_ES","og_type":"article","og_title":"No tot t\u00e9 un preu, D\u00e9u \u00e9s gratu\u00eft - CPL","og_description":"Xirinachs Benavent, Oriol","og_url":"https:\/\/www.cpl.es\/producto\/no-tot-te-un-preu-deu-es-gratuit-9788491656821\/","og_site_name":"CPL","article_modified_time":"2026-02-12T16:02:52+00:00","og_image":[{"width":181,"height":300,"url":"https:\/\/www.cpl.es\/wp-content\/uploads\/9788491656821-1.jpg","type":"image\/jpeg"}],"twitter_card":"summary_large_image","twitter_misc":{"Temps estimat de lectura":"1 minut"},"schema":{"@context":"https:\/\/schema.org","@graph":[{"@type":"WebPage","@id":"https:\/\/www.cpl.es\/producto\/no-tot-te-un-preu-deu-es-gratuit-9788491656821\/","url":"https:\/\/www.cpl.es\/producto\/no-tot-te-un-preu-deu-es-gratuit-9788491656821\/","name":"No tot t\u00e9 un preu, D\u00e9u \u00e9s gratu\u00eft - CPL","isPartOf":{"@id":"https:\/\/www.cpl.es\/#website"},"primaryImageOfPage":{"@id":"https:\/\/www.cpl.es\/producto\/no-tot-te-un-preu-deu-es-gratuit-9788491656821\/#primaryimage"},"image":{"@id":"https:\/\/www.cpl.es\/producto\/no-tot-te-un-preu-deu-es-gratuit-9788491656821\/#primaryimage"},"thumbnailUrl":"https:\/\/www.cpl.es\/wp-content\/uploads\/9788491656821-1.jpg","datePublished":"2025-02-20T10:48:28+00:00","dateModified":"2026-02-12T16:02:52+00:00","breadcrumb":{"@id":"https:\/\/www.cpl.es\/producto\/no-tot-te-un-preu-deu-es-gratuit-9788491656821\/#breadcrumb"},"inLanguage":"ca","potentialAction":[{"@type":"ReadAction","target":["https:\/\/www.cpl.es\/producto\/no-tot-te-un-preu-deu-es-gratuit-9788491656821\/"]}]},{"@type":"ImageObject","inLanguage":"ca","@id":"https:\/\/www.cpl.es\/producto\/no-tot-te-un-preu-deu-es-gratuit-9788491656821\/#primaryimage","url":"https:\/\/www.cpl.es\/wp-content\/uploads\/9788491656821-1.jpg","contentUrl":"https:\/\/www.cpl.es\/wp-content\/uploads\/9788491656821-1.jpg","width":181,"height":300,"caption":"9788491656821.jpg"},{"@type":"BreadcrumbList","@id":"https:\/\/www.cpl.es\/producto\/no-tot-te-un-preu-deu-es-gratuit-9788491656821\/#breadcrumb","itemListElement":[{"@type":"ListItem","position":1,"name":"Portada","item":"https:\/\/www.cpl.es\/ca\/"},{"@type":"ListItem","position":2,"name":"Cat\u00e0leg","item":"https:\/\/www.cpl.es\/ca\/cataleg\/"},{"@type":"ListItem","position":3,"name":"No tot t\u00e9 un preu, D\u00e9u \u00e9s gratu\u00eft"}]},{"@type":"WebSite","@id":"https:\/\/www.cpl.es\/#website","url":"https:\/\/www.cpl.es\/","name":"CPL","description":"Centre de Pastoral Lit\u00fargica de Barcelona","publisher":{"@id":"https:\/\/www.cpl.es\/#organization"},"alternateName":"Centre de Pastoral Lit\u00fargica","potentialAction":[{"@type":"SearchAction","target":{"@type":"EntryPoint","urlTemplate":"https:\/\/www.cpl.es\/?s={search_term_string}"},"query-input":{"@type":"PropertyValueSpecification","valueRequired":true,"valueName":"search_term_string"}}],"inLanguage":"ca"},{"@type":"Organization","@id":"https:\/\/www.cpl.es\/#organization","name":"Centre de Pastoral Lit\u00fargica","alternateName":"Centre de Pastoral Lit\u00fargica de Barcelona","url":"https:\/\/www.cpl.es\/","logo":{"@type":"ImageObject","inLanguage":"ca","@id":"https:\/\/www.cpl.es\/#\/schema\/logo\/image\/","url":"https:\/\/www.cpl.es\/wp-content\/uploads\/logo-cpl.svg","contentUrl":"https:\/\/www.cpl.es\/wp-content\/uploads\/logo-cpl.svg","caption":"Centre de Pastoral Lit\u00fargica"},"image":{"@id":"https:\/\/www.cpl.es\/#\/schema\/logo\/image\/"}}]}},"_links":{"self":[{"href":"https:\/\/www.cpl.es\/ca\/wp-json\/wp\/v2\/product\/18354","targetHints":{"allow":["GET"]}}],"collection":[{"href":"https:\/\/www.cpl.es\/ca\/wp-json\/wp\/v2\/product"}],"about":[{"href":"https:\/\/www.cpl.es\/ca\/wp-json\/wp\/v2\/types\/product"}],"wp:featuredmedia":[{"embeddable":true,"href":"https:\/\/www.cpl.es\/ca\/wp-json\/wp\/v2\/media\/18417"}],"wp:attachment":[{"href":"https:\/\/www.cpl.es\/ca\/wp-json\/wp\/v2\/media?parent=18354"}],"wp:term":[{"taxonomy":"product_brand","embeddable":true,"href":"https:\/\/www.cpl.es\/ca\/wp-json\/wp\/v2\/product_brand?post=18354"},{"taxonomy":"product_cat","embeddable":true,"href":"https:\/\/www.cpl.es\/ca\/wp-json\/wp\/v2\/product_cat?post=18354"},{"taxonomy":"product_tag","embeddable":true,"href":"https:\/\/www.cpl.es\/ca\/wp-json\/wp\/v2\/product_tag?post=18354"}],"curies":[{"name":"wp","href":"https:\/\/api.w.org\/{rel}","templated":true}]}}