{"id":18351,"date":"2025-02-20T11:48:22","date_gmt":"2025-02-20T10:48:22","guid":{"rendered":"https:\/\/www.cpl.es\/producto\/no-todo-tiene-un-precio-dios-es-gratuito-9788491656814\/"},"modified":"2026-02-12T16:57:23","modified_gmt":"2026-02-12T15:57:23","slug":"no-todo-tiene-un-precio-dios-es-gratuito-9788491656814","status":"publish","type":"product","link":"https:\/\/www.cpl.es\/ca\/producto\/no-todo-tiene-un-precio-dios-es-gratuito-9788491656814\/","title":{"rendered":"No todo tiene un precio, Dios es gratuito"},"content":{"rendered":"<p> En nuestro mundo, el dios dinero se ha impuesto como valor de todo. Todo se puede comprar y vender, y todo se ha comercializado; incluso lo que la naturaleza nos regala, los sentimientos o los valores espirituales. Desgraciadamente, esta mentalidad se ha impuesto tambi\u00e9n en el mundo religioso. La misma gracia a menudo es entendida y vivida como moneda de unas relaciones comerciales con Dios. El papa Francisco, en su enc\u00edclica Dilexit nos, nos advierte de este peligro y nos recuerda que no podemos reducir a Jesucristo a estos esquemas monetarios, ya que \u00e9l es, y quiere ser, el gran regalo de la gratuidad. Oriol Xirinachs, con un tono sencillo y cercano, nos presenta un texto que reflexiona sobre esta cuesti\u00f3n, tan actual en nuestro mundo, y lo acompa\u00f1a con varias preguntas y poemas para facilitar la reflexi\u00f3n personal. <br \/> Oriol Xirinachs (Barcelona, 1935) es presb\u00edtero de la di\u00f3cesis de Barcelona y miembro de la Asociaci\u00f3n de Presb\u00edteros del Prado. Ha ejercido todo su ministerio como presb\u00edtero en barrios obreros y populares, a la vez que ha sido miembro activo de organizaciones en el mundo de la marginaci\u00f3n y en las tareas de pastoral social.<\/p>\n","protected":false},"excerpt":{"rendered":"<p>Xirinachs Benavent, Oriol<\/p>\n","protected":false},"featured_media":18415,"template":"","meta":{"_acf_changed":false,"inline_featured_image":false},"product_brand":[],"product_cat":[32,33,49,73],"product_tag":[],"class_list":{"0":"post-18351","1":"product","2":"type-product","3":"status-publish","4":"has-post-thumbnail","6":"product_cat-castellano","7":"product_cat-catala","8":"product_cat-emaus","9":"product_cat-emaus-colleccions-catala","11":"first","12":"instock","13":"taxable","14":"shipping-taxable","15":"purchasable","16":"product-type-simple"},"acf":{"autor":"Xirinachs Benavent, Oriol","codart":"108183","ediciones":"1","encuadernacion":"R\u00fastica","fecha_de_publicacion":"10\/02\/2025","novedad":false,"paginas":"92","subtitulo":"","orden":"999","portada":false,"idioma":"spa","coleccion_num":"183","editorial":[{"ID":6736,"post_author":"2","post_date":"2023-10-06 08:35:24","post_date_gmt":"2023-10-06 06:35:24","post_content":"","post_title":"CPL","post_excerpt":"","post_status":"publish","comment_status":"closed","ping_status":"closed","post_password":"","post_name":"cpl","to_ping":"","pinged":"","post_modified":"2023-10-06 08:35:24","post_modified_gmt":"2023-10-06 06:35:24","post_content_filtered":"","post_parent":0,"guid":"https:\/\/nuevaweb.cpl.es\/editorial\/cpl\/","menu_order":0,"post_type":"editorial","post_mime_type":"","comment_count":"0","filter":"raw"}]},"yoast_head":"<!-- This site is optimized with the Yoast SEO plugin v27.3 - https:\/\/yoast.com\/product\/yoast-seo-wordpress\/ -->\n<title>No todo tiene un precio, Dios es gratuito - CPL<\/title>\n<meta name=\"robots\" content=\"index, follow, max-snippet:-1, max-image-preview:large, max-video-preview:-1\" \/>\n<link rel=\"canonical\" href=\"https:\/\/www.cpl.es\/producto\/no-todo-tiene-un-precio-dios-es-gratuito-9788491656814\/\" \/>\n<meta property=\"og:locale\" content=\"ca_ES\" \/>\n<meta property=\"og:type\" content=\"article\" \/>\n<meta property=\"og:title\" content=\"No todo tiene un precio, Dios es gratuito - CPL\" \/>\n<meta property=\"og:description\" content=\"Xirinachs Benavent, Oriol\" \/>\n<meta property=\"og:url\" content=\"https:\/\/www.cpl.es\/producto\/no-todo-tiene-un-precio-dios-es-gratuito-9788491656814\/\" \/>\n<meta property=\"og:site_name\" content=\"CPL\" \/>\n<meta property=\"article:modified_time\" content=\"2026-02-12T15:57:23+00:00\" \/>\n<meta property=\"og:image\" content=\"https:\/\/www.cpl.es\/wp-content\/uploads\/9788491656814-1.jpg\" \/>\n\t<meta property=\"og:image:width\" content=\"180\" \/>\n\t<meta property=\"og:image:height\" content=\"300\" \/>\n\t<meta property=\"og:image:type\" content=\"image\/jpeg\" \/>\n<meta name=\"twitter:card\" content=\"summary_large_image\" \/>\n<meta name=\"twitter:label1\" content=\"Temps estimat de lectura\" \/>\n\t<meta name=\"twitter:data1\" content=\"1 minut\" \/>\n<script type=\"application\/ld+json\" class=\"yoast-schema-graph\">{\"@context\":\"https:\\\/\\\/schema.org\",\"@graph\":[{\"@type\":\"WebPage\",\"@id\":\"https:\\\/\\\/www.cpl.es\\\/producto\\\/no-todo-tiene-un-precio-dios-es-gratuito-9788491656814\\\/\",\"url\":\"https:\\\/\\\/www.cpl.es\\\/producto\\\/no-todo-tiene-un-precio-dios-es-gratuito-9788491656814\\\/\",\"name\":\"No todo tiene un precio, Dios es gratuito - CPL\",\"isPartOf\":{\"@id\":\"https:\\\/\\\/www.cpl.es\\\/#website\"},\"primaryImageOfPage\":{\"@id\":\"https:\\\/\\\/www.cpl.es\\\/producto\\\/no-todo-tiene-un-precio-dios-es-gratuito-9788491656814\\\/#primaryimage\"},\"image\":{\"@id\":\"https:\\\/\\\/www.cpl.es\\\/producto\\\/no-todo-tiene-un-precio-dios-es-gratuito-9788491656814\\\/#primaryimage\"},\"thumbnailUrl\":\"https:\\\/\\\/www.cpl.es\\\/wp-content\\\/uploads\\\/9788491656814-1.jpg\",\"datePublished\":\"2025-02-20T10:48:22+00:00\",\"dateModified\":\"2026-02-12T15:57:23+00:00\",\"breadcrumb\":{\"@id\":\"https:\\\/\\\/www.cpl.es\\\/producto\\\/no-todo-tiene-un-precio-dios-es-gratuito-9788491656814\\\/#breadcrumb\"},\"inLanguage\":\"ca\",\"potentialAction\":[{\"@type\":\"ReadAction\",\"target\":[\"https:\\\/\\\/www.cpl.es\\\/producto\\\/no-todo-tiene-un-precio-dios-es-gratuito-9788491656814\\\/\"]}]},{\"@type\":\"ImageObject\",\"inLanguage\":\"ca\",\"@id\":\"https:\\\/\\\/www.cpl.es\\\/producto\\\/no-todo-tiene-un-precio-dios-es-gratuito-9788491656814\\\/#primaryimage\",\"url\":\"https:\\\/\\\/www.cpl.es\\\/wp-content\\\/uploads\\\/9788491656814-1.jpg\",\"contentUrl\":\"https:\\\/\\\/www.cpl.es\\\/wp-content\\\/uploads\\\/9788491656814-1.jpg\",\"width\":180,\"height\":300,\"caption\":\"9788491656814.jpg\"},{\"@type\":\"BreadcrumbList\",\"@id\":\"https:\\\/\\\/www.cpl.es\\\/producto\\\/no-todo-tiene-un-precio-dios-es-gratuito-9788491656814\\\/#breadcrumb\",\"itemListElement\":[{\"@type\":\"ListItem\",\"position\":1,\"name\":\"Portada\",\"item\":\"https:\\\/\\\/www.cpl.es\\\/ca\\\/\"},{\"@type\":\"ListItem\",\"position\":2,\"name\":\"Cat\u00e0leg\",\"item\":\"https:\\\/\\\/www.cpl.es\\\/ca\\\/cataleg\\\/\"},{\"@type\":\"ListItem\",\"position\":3,\"name\":\"No todo tiene un precio, Dios es gratuito\"}]},{\"@type\":\"WebSite\",\"@id\":\"https:\\\/\\\/www.cpl.es\\\/#website\",\"url\":\"https:\\\/\\\/www.cpl.es\\\/\",\"name\":\"CPL\",\"description\":\"Centre de Pastoral Lit\u00fargica de Barcelona\",\"publisher\":{\"@id\":\"https:\\\/\\\/www.cpl.es\\\/#organization\"},\"alternateName\":\"Centre de Pastoral Lit\u00fargica\",\"potentialAction\":[{\"@type\":\"SearchAction\",\"target\":{\"@type\":\"EntryPoint\",\"urlTemplate\":\"https:\\\/\\\/www.cpl.es\\\/?s={search_term_string}\"},\"query-input\":{\"@type\":\"PropertyValueSpecification\",\"valueRequired\":true,\"valueName\":\"search_term_string\"}}],\"inLanguage\":\"ca\"},{\"@type\":\"Organization\",\"@id\":\"https:\\\/\\\/www.cpl.es\\\/#organization\",\"name\":\"Centre de Pastoral Lit\u00fargica\",\"alternateName\":\"Centre de Pastoral Lit\u00fargica de Barcelona\",\"url\":\"https:\\\/\\\/www.cpl.es\\\/\",\"logo\":{\"@type\":\"ImageObject\",\"inLanguage\":\"ca\",\"@id\":\"https:\\\/\\\/www.cpl.es\\\/#\\\/schema\\\/logo\\\/image\\\/\",\"url\":\"https:\\\/\\\/www.cpl.es\\\/wp-content\\\/uploads\\\/logo-cpl.svg\",\"contentUrl\":\"https:\\\/\\\/www.cpl.es\\\/wp-content\\\/uploads\\\/logo-cpl.svg\",\"caption\":\"Centre de Pastoral Lit\u00fargica\"},\"image\":{\"@id\":\"https:\\\/\\\/www.cpl.es\\\/#\\\/schema\\\/logo\\\/image\\\/\"}}]}<\/script>\n<!-- \/ Yoast SEO plugin. -->","yoast_head_json":{"title":"No todo tiene un precio, Dios es gratuito - CPL","robots":{"index":"index","follow":"follow","max-snippet":"max-snippet:-1","max-image-preview":"max-image-preview:large","max-video-preview":"max-video-preview:-1"},"canonical":"https:\/\/www.cpl.es\/producto\/no-todo-tiene-un-precio-dios-es-gratuito-9788491656814\/","og_locale":"ca_ES","og_type":"article","og_title":"No todo tiene un precio, Dios es gratuito - CPL","og_description":"Xirinachs Benavent, Oriol","og_url":"https:\/\/www.cpl.es\/producto\/no-todo-tiene-un-precio-dios-es-gratuito-9788491656814\/","og_site_name":"CPL","article_modified_time":"2026-02-12T15:57:23+00:00","og_image":[{"width":180,"height":300,"url":"https:\/\/www.cpl.es\/wp-content\/uploads\/9788491656814-1.jpg","type":"image\/jpeg"}],"twitter_card":"summary_large_image","twitter_misc":{"Temps estimat de lectura":"1 minut"},"schema":{"@context":"https:\/\/schema.org","@graph":[{"@type":"WebPage","@id":"https:\/\/www.cpl.es\/producto\/no-todo-tiene-un-precio-dios-es-gratuito-9788491656814\/","url":"https:\/\/www.cpl.es\/producto\/no-todo-tiene-un-precio-dios-es-gratuito-9788491656814\/","name":"No todo tiene un precio, Dios es gratuito - CPL","isPartOf":{"@id":"https:\/\/www.cpl.es\/#website"},"primaryImageOfPage":{"@id":"https:\/\/www.cpl.es\/producto\/no-todo-tiene-un-precio-dios-es-gratuito-9788491656814\/#primaryimage"},"image":{"@id":"https:\/\/www.cpl.es\/producto\/no-todo-tiene-un-precio-dios-es-gratuito-9788491656814\/#primaryimage"},"thumbnailUrl":"https:\/\/www.cpl.es\/wp-content\/uploads\/9788491656814-1.jpg","datePublished":"2025-02-20T10:48:22+00:00","dateModified":"2026-02-12T15:57:23+00:00","breadcrumb":{"@id":"https:\/\/www.cpl.es\/producto\/no-todo-tiene-un-precio-dios-es-gratuito-9788491656814\/#breadcrumb"},"inLanguage":"ca","potentialAction":[{"@type":"ReadAction","target":["https:\/\/www.cpl.es\/producto\/no-todo-tiene-un-precio-dios-es-gratuito-9788491656814\/"]}]},{"@type":"ImageObject","inLanguage":"ca","@id":"https:\/\/www.cpl.es\/producto\/no-todo-tiene-un-precio-dios-es-gratuito-9788491656814\/#primaryimage","url":"https:\/\/www.cpl.es\/wp-content\/uploads\/9788491656814-1.jpg","contentUrl":"https:\/\/www.cpl.es\/wp-content\/uploads\/9788491656814-1.jpg","width":180,"height":300,"caption":"9788491656814.jpg"},{"@type":"BreadcrumbList","@id":"https:\/\/www.cpl.es\/producto\/no-todo-tiene-un-precio-dios-es-gratuito-9788491656814\/#breadcrumb","itemListElement":[{"@type":"ListItem","position":1,"name":"Portada","item":"https:\/\/www.cpl.es\/ca\/"},{"@type":"ListItem","position":2,"name":"Cat\u00e0leg","item":"https:\/\/www.cpl.es\/ca\/cataleg\/"},{"@type":"ListItem","position":3,"name":"No todo tiene un precio, Dios es gratuito"}]},{"@type":"WebSite","@id":"https:\/\/www.cpl.es\/#website","url":"https:\/\/www.cpl.es\/","name":"CPL","description":"Centre de Pastoral Lit\u00fargica de Barcelona","publisher":{"@id":"https:\/\/www.cpl.es\/#organization"},"alternateName":"Centre de Pastoral Lit\u00fargica","potentialAction":[{"@type":"SearchAction","target":{"@type":"EntryPoint","urlTemplate":"https:\/\/www.cpl.es\/?s={search_term_string}"},"query-input":{"@type":"PropertyValueSpecification","valueRequired":true,"valueName":"search_term_string"}}],"inLanguage":"ca"},{"@type":"Organization","@id":"https:\/\/www.cpl.es\/#organization","name":"Centre de Pastoral Lit\u00fargica","alternateName":"Centre de Pastoral Lit\u00fargica de Barcelona","url":"https:\/\/www.cpl.es\/","logo":{"@type":"ImageObject","inLanguage":"ca","@id":"https:\/\/www.cpl.es\/#\/schema\/logo\/image\/","url":"https:\/\/www.cpl.es\/wp-content\/uploads\/logo-cpl.svg","contentUrl":"https:\/\/www.cpl.es\/wp-content\/uploads\/logo-cpl.svg","caption":"Centre de Pastoral Lit\u00fargica"},"image":{"@id":"https:\/\/www.cpl.es\/#\/schema\/logo\/image\/"}}]}},"_links":{"self":[{"href":"https:\/\/www.cpl.es\/ca\/wp-json\/wp\/v2\/product\/18351","targetHints":{"allow":["GET"]}}],"collection":[{"href":"https:\/\/www.cpl.es\/ca\/wp-json\/wp\/v2\/product"}],"about":[{"href":"https:\/\/www.cpl.es\/ca\/wp-json\/wp\/v2\/types\/product"}],"wp:featuredmedia":[{"embeddable":true,"href":"https:\/\/www.cpl.es\/ca\/wp-json\/wp\/v2\/media\/18415"}],"wp:attachment":[{"href":"https:\/\/www.cpl.es\/ca\/wp-json\/wp\/v2\/media?parent=18351"}],"wp:term":[{"taxonomy":"product_brand","embeddable":true,"href":"https:\/\/www.cpl.es\/ca\/wp-json\/wp\/v2\/product_brand?post=18351"},{"taxonomy":"product_cat","embeddable":true,"href":"https:\/\/www.cpl.es\/ca\/wp-json\/wp\/v2\/product_cat?post=18351"},{"taxonomy":"product_tag","embeddable":true,"href":"https:\/\/www.cpl.es\/ca\/wp-json\/wp\/v2\/product_tag?post=18351"}],"curies":[{"name":"wp","href":"https:\/\/api.w.org\/{rel}","templated":true}]}}