{"id":18340,"date":"2025-02-20T11:48:09","date_gmt":"2025-02-20T10:48:09","guid":{"rendered":"https:\/\/www.cpl.es\/producto\/juan-pablo-i-el-papa-de-la-sonrisa-9788491656708\/"},"modified":"2026-02-12T17:29:01","modified_gmt":"2026-02-12T16:29:01","slug":"juan-pablo-i-el-papa-de-la-sonrisa-9788491656708","status":"publish","type":"product","link":"https:\/\/www.cpl.es\/ca\/producto\/juan-pablo-i-el-papa-de-la-sonrisa-9788491656708\/","title":{"rendered":"Juan Pablo I. El Papa de la sonrisa"},"content":{"rendered":"<p> San Juan Pablo I ten\u00eda una fe profunda. Fue un hombre que trat\u00f3, con constancia, de cumplir y amar la voluntad de Dios. En muchas ocasiones consider\u00f3 que la providencia le ped\u00eda m\u00e1s de lo que pod\u00eda dar, pero nunca dio un paso atr\u00e1s. Quiz\u00e1s el secreto de su vida y de su espiritualidad se encuentra \u2013junto con su vida de oraci\u00f3n\u2013 en el buen humor y su sentido com\u00fan. Fiesta: 26 de agosto<\/p>\n","protected":false},"excerpt":{"rendered":"<p>Dalmau Ribalta, Bernab\u00e9<\/p>\n","protected":false},"featured_media":18341,"template":"","meta":{"_acf_changed":false,"inline_featured_image":false},"product_brand":[],"product_cat":[32,33,53,70],"product_tag":[],"class_list":{"0":"post-18340","1":"product","2":"type-product","3":"status-publish","4":"has-post-thumbnail","6":"product_cat-castellano","7":"product_cat-catala","8":"product_cat-santos-y-santas","9":"product_cat-sants-i-santes","11":"first","12":"instock","13":"taxable","14":"shipping-taxable","15":"purchasable","16":"product-type-simple"},"acf":{"autor":"Dalmau Ribalta, Bernab\u00e9","codart":"112304","ediciones":"1","encuadernacion":"Grapado","fecha_de_publicacion":"10\/02\/2025","novedad":false,"paginas":"24","subtitulo":"","orden":"999","portada":false,"idioma":"spa","coleccion_num":"304","editorial":[{"ID":6736,"post_author":"2","post_date":"2023-10-06 08:35:24","post_date_gmt":"2023-10-06 06:35:24","post_content":"","post_title":"CPL","post_excerpt":"","post_status":"publish","comment_status":"closed","ping_status":"closed","post_password":"","post_name":"cpl","to_ping":"","pinged":"","post_modified":"2023-10-06 08:35:24","post_modified_gmt":"2023-10-06 06:35:24","post_content_filtered":"","post_parent":0,"guid":"https:\/\/nuevaweb.cpl.es\/editorial\/cpl\/","menu_order":0,"post_type":"editorial","post_mime_type":"","comment_count":"0","filter":"raw"}]},"yoast_head":"<!-- This site is optimized with the Yoast SEO plugin v27.5 - https:\/\/yoast.com\/product\/yoast-seo-wordpress\/ -->\n<title>Juan Pablo I. El Papa de la sonrisa - CPL<\/title>\n<meta name=\"robots\" content=\"index, follow, max-snippet:-1, max-image-preview:large, max-video-preview:-1\" \/>\n<link rel=\"canonical\" href=\"https:\/\/www.cpl.es\/producto\/juan-pablo-i-el-papa-de-la-sonrisa-9788491656708\/\" \/>\n<meta property=\"og:locale\" content=\"ca_ES\" \/>\n<meta property=\"og:type\" content=\"article\" \/>\n<meta property=\"og:title\" content=\"Juan Pablo I. El Papa de la sonrisa - CPL\" \/>\n<meta property=\"og:description\" content=\"Dalmau Ribalta, Bernab\u00e9\" \/>\n<meta property=\"og:url\" content=\"https:\/\/www.cpl.es\/producto\/juan-pablo-i-el-papa-de-la-sonrisa-9788491656708\/\" \/>\n<meta property=\"og:site_name\" content=\"CPL\" \/>\n<meta property=\"article:modified_time\" content=\"2026-02-12T16:29:01+00:00\" \/>\n<meta property=\"og:image\" content=\"https:\/\/www.cpl.es\/wp-content\/uploads\/9788491656708.jpg\" \/>\n\t<meta property=\"og:image:width\" content=\"203\" \/>\n\t<meta property=\"og:image:height\" content=\"300\" \/>\n\t<meta property=\"og:image:type\" content=\"image\/jpeg\" \/>\n<meta name=\"twitter:card\" content=\"summary_large_image\" \/>\n<script type=\"application\/ld+json\" class=\"yoast-schema-graph\">{\"@context\":\"https:\\\/\\\/schema.org\",\"@graph\":[{\"@type\":\"WebPage\",\"@id\":\"https:\\\/\\\/www.cpl.es\\\/producto\\\/juan-pablo-i-el-papa-de-la-sonrisa-9788491656708\\\/\",\"url\":\"https:\\\/\\\/www.cpl.es\\\/producto\\\/juan-pablo-i-el-papa-de-la-sonrisa-9788491656708\\\/\",\"name\":\"Juan Pablo I. El Papa de la sonrisa - CPL\",\"isPartOf\":{\"@id\":\"https:\\\/\\\/www.cpl.es\\\/#website\"},\"primaryImageOfPage\":{\"@id\":\"https:\\\/\\\/www.cpl.es\\\/producto\\\/juan-pablo-i-el-papa-de-la-sonrisa-9788491656708\\\/#primaryimage\"},\"image\":{\"@id\":\"https:\\\/\\\/www.cpl.es\\\/producto\\\/juan-pablo-i-el-papa-de-la-sonrisa-9788491656708\\\/#primaryimage\"},\"thumbnailUrl\":\"https:\\\/\\\/www.cpl.es\\\/wp-content\\\/uploads\\\/9788491656708.jpg\",\"datePublished\":\"2025-02-20T10:48:09+00:00\",\"dateModified\":\"2026-02-12T16:29:01+00:00\",\"breadcrumb\":{\"@id\":\"https:\\\/\\\/www.cpl.es\\\/producto\\\/juan-pablo-i-el-papa-de-la-sonrisa-9788491656708\\\/#breadcrumb\"},\"inLanguage\":\"ca\",\"potentialAction\":[{\"@type\":\"ReadAction\",\"target\":[\"https:\\\/\\\/www.cpl.es\\\/producto\\\/juan-pablo-i-el-papa-de-la-sonrisa-9788491656708\\\/\"]}]},{\"@type\":\"ImageObject\",\"inLanguage\":\"ca\",\"@id\":\"https:\\\/\\\/www.cpl.es\\\/producto\\\/juan-pablo-i-el-papa-de-la-sonrisa-9788491656708\\\/#primaryimage\",\"url\":\"https:\\\/\\\/www.cpl.es\\\/wp-content\\\/uploads\\\/9788491656708.jpg\",\"contentUrl\":\"https:\\\/\\\/www.cpl.es\\\/wp-content\\\/uploads\\\/9788491656708.jpg\",\"width\":203,\"height\":300,\"caption\":\"9788491656708.jpg\"},{\"@type\":\"BreadcrumbList\",\"@id\":\"https:\\\/\\\/www.cpl.es\\\/producto\\\/juan-pablo-i-el-papa-de-la-sonrisa-9788491656708\\\/#breadcrumb\",\"itemListElement\":[{\"@type\":\"ListItem\",\"position\":1,\"name\":\"Portada\",\"item\":\"https:\\\/\\\/www.cpl.es\\\/ca\\\/\"},{\"@type\":\"ListItem\",\"position\":2,\"name\":\"Cat\u00e0leg\",\"item\":\"https:\\\/\\\/www.cpl.es\\\/ca\\\/cataleg\\\/\"},{\"@type\":\"ListItem\",\"position\":3,\"name\":\"Juan Pablo I. El Papa de la sonrisa\"}]},{\"@type\":\"WebSite\",\"@id\":\"https:\\\/\\\/www.cpl.es\\\/#website\",\"url\":\"https:\\\/\\\/www.cpl.es\\\/\",\"name\":\"CPL\",\"description\":\"Centre de Pastoral Lit\u00fargica de Barcelona\",\"publisher\":{\"@id\":\"https:\\\/\\\/www.cpl.es\\\/#organization\"},\"alternateName\":\"Centre de Pastoral Lit\u00fargica\",\"potentialAction\":[{\"@type\":\"SearchAction\",\"target\":{\"@type\":\"EntryPoint\",\"urlTemplate\":\"https:\\\/\\\/www.cpl.es\\\/?s={search_term_string}\"},\"query-input\":{\"@type\":\"PropertyValueSpecification\",\"valueRequired\":true,\"valueName\":\"search_term_string\"}}],\"inLanguage\":\"ca\"},{\"@type\":\"Organization\",\"@id\":\"https:\\\/\\\/www.cpl.es\\\/#organization\",\"name\":\"Centre de Pastoral Lit\u00fargica\",\"alternateName\":\"Centre de Pastoral Lit\u00fargica de Barcelona\",\"url\":\"https:\\\/\\\/www.cpl.es\\\/\",\"logo\":{\"@type\":\"ImageObject\",\"inLanguage\":\"ca\",\"@id\":\"https:\\\/\\\/www.cpl.es\\\/#\\\/schema\\\/logo\\\/image\\\/\",\"url\":\"https:\\\/\\\/www.cpl.es\\\/wp-content\\\/uploads\\\/logo-cpl.svg\",\"contentUrl\":\"https:\\\/\\\/www.cpl.es\\\/wp-content\\\/uploads\\\/logo-cpl.svg\",\"caption\":\"Centre de Pastoral Lit\u00fargica\"},\"image\":{\"@id\":\"https:\\\/\\\/www.cpl.es\\\/#\\\/schema\\\/logo\\\/image\\\/\"}}]}<\/script>\n<!-- \/ Yoast SEO plugin. -->","yoast_head_json":{"title":"Juan Pablo I. El Papa de la sonrisa - CPL","robots":{"index":"index","follow":"follow","max-snippet":"max-snippet:-1","max-image-preview":"max-image-preview:large","max-video-preview":"max-video-preview:-1"},"canonical":"https:\/\/www.cpl.es\/producto\/juan-pablo-i-el-papa-de-la-sonrisa-9788491656708\/","og_locale":"ca_ES","og_type":"article","og_title":"Juan Pablo I. El Papa de la sonrisa - CPL","og_description":"Dalmau Ribalta, Bernab\u00e9","og_url":"https:\/\/www.cpl.es\/producto\/juan-pablo-i-el-papa-de-la-sonrisa-9788491656708\/","og_site_name":"CPL","article_modified_time":"2026-02-12T16:29:01+00:00","og_image":[{"width":203,"height":300,"url":"https:\/\/www.cpl.es\/wp-content\/uploads\/9788491656708.jpg","type":"image\/jpeg"}],"twitter_card":"summary_large_image","schema":{"@context":"https:\/\/schema.org","@graph":[{"@type":"WebPage","@id":"https:\/\/www.cpl.es\/producto\/juan-pablo-i-el-papa-de-la-sonrisa-9788491656708\/","url":"https:\/\/www.cpl.es\/producto\/juan-pablo-i-el-papa-de-la-sonrisa-9788491656708\/","name":"Juan Pablo I. El Papa de la sonrisa - CPL","isPartOf":{"@id":"https:\/\/www.cpl.es\/#website"},"primaryImageOfPage":{"@id":"https:\/\/www.cpl.es\/producto\/juan-pablo-i-el-papa-de-la-sonrisa-9788491656708\/#primaryimage"},"image":{"@id":"https:\/\/www.cpl.es\/producto\/juan-pablo-i-el-papa-de-la-sonrisa-9788491656708\/#primaryimage"},"thumbnailUrl":"https:\/\/www.cpl.es\/wp-content\/uploads\/9788491656708.jpg","datePublished":"2025-02-20T10:48:09+00:00","dateModified":"2026-02-12T16:29:01+00:00","breadcrumb":{"@id":"https:\/\/www.cpl.es\/producto\/juan-pablo-i-el-papa-de-la-sonrisa-9788491656708\/#breadcrumb"},"inLanguage":"ca","potentialAction":[{"@type":"ReadAction","target":["https:\/\/www.cpl.es\/producto\/juan-pablo-i-el-papa-de-la-sonrisa-9788491656708\/"]}]},{"@type":"ImageObject","inLanguage":"ca","@id":"https:\/\/www.cpl.es\/producto\/juan-pablo-i-el-papa-de-la-sonrisa-9788491656708\/#primaryimage","url":"https:\/\/www.cpl.es\/wp-content\/uploads\/9788491656708.jpg","contentUrl":"https:\/\/www.cpl.es\/wp-content\/uploads\/9788491656708.jpg","width":203,"height":300,"caption":"9788491656708.jpg"},{"@type":"BreadcrumbList","@id":"https:\/\/www.cpl.es\/producto\/juan-pablo-i-el-papa-de-la-sonrisa-9788491656708\/#breadcrumb","itemListElement":[{"@type":"ListItem","position":1,"name":"Portada","item":"https:\/\/www.cpl.es\/ca\/"},{"@type":"ListItem","position":2,"name":"Cat\u00e0leg","item":"https:\/\/www.cpl.es\/ca\/cataleg\/"},{"@type":"ListItem","position":3,"name":"Juan Pablo I. El Papa de la sonrisa"}]},{"@type":"WebSite","@id":"https:\/\/www.cpl.es\/#website","url":"https:\/\/www.cpl.es\/","name":"CPL","description":"Centre de Pastoral Lit\u00fargica de Barcelona","publisher":{"@id":"https:\/\/www.cpl.es\/#organization"},"alternateName":"Centre de Pastoral Lit\u00fargica","potentialAction":[{"@type":"SearchAction","target":{"@type":"EntryPoint","urlTemplate":"https:\/\/www.cpl.es\/?s={search_term_string}"},"query-input":{"@type":"PropertyValueSpecification","valueRequired":true,"valueName":"search_term_string"}}],"inLanguage":"ca"},{"@type":"Organization","@id":"https:\/\/www.cpl.es\/#organization","name":"Centre de Pastoral Lit\u00fargica","alternateName":"Centre de Pastoral Lit\u00fargica de Barcelona","url":"https:\/\/www.cpl.es\/","logo":{"@type":"ImageObject","inLanguage":"ca","@id":"https:\/\/www.cpl.es\/#\/schema\/logo\/image\/","url":"https:\/\/www.cpl.es\/wp-content\/uploads\/logo-cpl.svg","contentUrl":"https:\/\/www.cpl.es\/wp-content\/uploads\/logo-cpl.svg","caption":"Centre de Pastoral Lit\u00fargica"},"image":{"@id":"https:\/\/www.cpl.es\/#\/schema\/logo\/image\/"}}]}},"_links":{"self":[{"href":"https:\/\/www.cpl.es\/ca\/wp-json\/wp\/v2\/product\/18340","targetHints":{"allow":["GET"]}}],"collection":[{"href":"https:\/\/www.cpl.es\/ca\/wp-json\/wp\/v2\/product"}],"about":[{"href":"https:\/\/www.cpl.es\/ca\/wp-json\/wp\/v2\/types\/product"}],"wp:featuredmedia":[{"embeddable":true,"href":"https:\/\/www.cpl.es\/ca\/wp-json\/wp\/v2\/media\/18341"}],"wp:attachment":[{"href":"https:\/\/www.cpl.es\/ca\/wp-json\/wp\/v2\/media?parent=18340"}],"wp:term":[{"taxonomy":"product_brand","embeddable":true,"href":"https:\/\/www.cpl.es\/ca\/wp-json\/wp\/v2\/product_brand?post=18340"},{"taxonomy":"product_cat","embeddable":true,"href":"https:\/\/www.cpl.es\/ca\/wp-json\/wp\/v2\/product_cat?post=18340"},{"taxonomy":"product_tag","embeddable":true,"href":"https:\/\/www.cpl.es\/ca\/wp-json\/wp\/v2\/product_tag?post=18340"}],"curies":[{"name":"wp","href":"https:\/\/api.w.org\/{rel}","templated":true}]}}