{"id":1806,"date":"2023-10-04T01:22:22","date_gmt":"2023-10-03T23:22:22","guid":{"rendered":"https:\/\/nuevaweb.cpl.es\/producto\/cristo-pontifice-misericordioso-9788498059601\/"},"modified":"2026-02-12T17:39:03","modified_gmt":"2026-02-12T16:39:03","slug":"cristo-pontifice-misericordioso-9788498059601","status":"publish","type":"product","link":"https:\/\/www.cpl.es\/ca\/producto\/cristo-pontifice-misericordioso-9788498059601\/","title":{"rendered":"Cristo, Pont\u00edfice misericordioso"},"content":{"rendered":"<p>Recopilaci\u00f3n de seis conferencias de Albert Vanhoye, jesuita y doctor en Sagrada Escritura, sobre el sacerdocio de Jes\u00fas, a partir de la carta a los Hebreos. Un sacerdocio que es una novedad y que est\u00e1 en la base del sacerdocio com\u00fan y del ministerial, tal como lo entendemos en la Iglesia. <\/p>\n<p>Albert Vanhoye naci\u00f3 en Hazebrouck (Francia) el 24 de julio de 1923. Miembro de la Compa\u00f1\u00eda de Jes\u00fas y ordenado presb\u00edtero el 26 de julio de 1954. Licenciado en literatura, filosof\u00eda y teolog\u00eda y doctor en Sagrada Escritura. A partir de 1963 fue profesor en el Pontificio Instituto B\u00edblico de Roma, instituci\u00f3n de la cual fue decano (1969-1975) y rector (1984-1990). Particip\u00f3 en la preparaci\u00f3n del Concilio Vaticano II. Fue consultor de diversas Congregaciones Romanas y creado cardenal por Benedicto XVI el 24 de mayo de 2006. Tiene publicadas diversas obras de comentarios b\u00edblicos sobre temas o libros del Nuevo Testamento.<\/p>\n<p><\/p>\n","protected":false},"excerpt":{"rendered":"<p>Vanhoye, Albert<\/p>\n","protected":false},"featured_media":1807,"template":"","meta":{"_acf_changed":false,"inline_featured_image":false},"product_brand":[],"product_cat":[69,54],"product_tag":[],"class_list":{"0":"post-1806","1":"product","2":"type-product","3":"status-publish","4":"has-post-thumbnail","6":"product_cat-cuadernos-phase-colleccions-catala","7":"product_cat-cuadernos-phase","9":"first","10":"instock","11":"taxable","12":"shipping-taxable","13":"purchasable","14":"product-type-simple"},"acf":{"autor":"Vanhoye, Albert","codart":"110236","ediciones":"1","encuadernacion":"R\u00fastica","fecha_de_publicacion":"15\/02\/2017","novedad":false,"paginas":"120","subtitulo":"El sacerdocio en la carta a los Hebreos","orden":"999","portada":false,"idioma":"spa","editorial":[{"ID":6736,"post_author":"2","post_date":"2023-10-06 08:35:24","post_date_gmt":"2023-10-06 06:35:24","post_content":"","post_title":"CPL","post_excerpt":"","post_status":"publish","comment_status":"closed","ping_status":"closed","post_password":"","post_name":"cpl","to_ping":"","pinged":"","post_modified":"2023-10-06 08:35:24","post_modified_gmt":"2023-10-06 06:35:24","post_content_filtered":"","post_parent":0,"guid":"https:\/\/nuevaweb.cpl.es\/editorial\/cpl\/","menu_order":0,"post_type":"editorial","post_mime_type":"","comment_count":"0","filter":"raw"}],"coleccion_num":"236"},"yoast_head":"<!-- This site is optimized with the Yoast SEO plugin v27.3 - https:\/\/yoast.com\/product\/yoast-seo-wordpress\/ -->\n<title>Cristo, Pont\u00edfice misericordioso - CPL<\/title>\n<meta name=\"robots\" content=\"index, follow, max-snippet:-1, max-image-preview:large, max-video-preview:-1\" \/>\n<link rel=\"canonical\" href=\"https:\/\/www.cpl.es\/producto\/cristo-pontifice-misericordioso-9788498059601\/\" \/>\n<meta property=\"og:locale\" content=\"ca_ES\" \/>\n<meta property=\"og:type\" content=\"article\" \/>\n<meta property=\"og:title\" content=\"Cristo, Pont\u00edfice misericordioso - CPL\" \/>\n<meta property=\"og:description\" content=\"Vanhoye, Albert\" \/>\n<meta property=\"og:url\" content=\"https:\/\/www.cpl.es\/producto\/cristo-pontifice-misericordioso-9788498059601\/\" \/>\n<meta property=\"og:site_name\" content=\"CPL\" \/>\n<meta property=\"article:modified_time\" content=\"2026-02-12T16:39:03+00:00\" \/>\n<meta property=\"og:image\" content=\"https:\/\/www.cpl.es\/wp-content\/uploads\/110236.jpg\" \/>\n\t<meta property=\"og:image:width\" content=\"281\" \/>\n\t<meta property=\"og:image:height\" content=\"422\" \/>\n\t<meta property=\"og:image:type\" content=\"image\/jpeg\" \/>\n<meta name=\"twitter:card\" content=\"summary_large_image\" \/>\n<meta name=\"twitter:label1\" content=\"Temps estimat de lectura\" \/>\n\t<meta name=\"twitter:data1\" content=\"1 minut\" \/>\n<script type=\"application\/ld+json\" class=\"yoast-schema-graph\">{\"@context\":\"https:\\\/\\\/schema.org\",\"@graph\":[{\"@type\":\"WebPage\",\"@id\":\"https:\\\/\\\/www.cpl.es\\\/producto\\\/cristo-pontifice-misericordioso-9788498059601\\\/\",\"url\":\"https:\\\/\\\/www.cpl.es\\\/producto\\\/cristo-pontifice-misericordioso-9788498059601\\\/\",\"name\":\"Cristo, Pont\u00edfice misericordioso - CPL\",\"isPartOf\":{\"@id\":\"https:\\\/\\\/www.cpl.es\\\/#website\"},\"primaryImageOfPage\":{\"@id\":\"https:\\\/\\\/www.cpl.es\\\/producto\\\/cristo-pontifice-misericordioso-9788498059601\\\/#primaryimage\"},\"image\":{\"@id\":\"https:\\\/\\\/www.cpl.es\\\/producto\\\/cristo-pontifice-misericordioso-9788498059601\\\/#primaryimage\"},\"thumbnailUrl\":\"https:\\\/\\\/www.cpl.es\\\/wp-content\\\/uploads\\\/110236.jpg\",\"datePublished\":\"2023-10-03T23:22:22+00:00\",\"dateModified\":\"2026-02-12T16:39:03+00:00\",\"breadcrumb\":{\"@id\":\"https:\\\/\\\/www.cpl.es\\\/producto\\\/cristo-pontifice-misericordioso-9788498059601\\\/#breadcrumb\"},\"inLanguage\":\"ca\",\"potentialAction\":[{\"@type\":\"ReadAction\",\"target\":[\"https:\\\/\\\/www.cpl.es\\\/producto\\\/cristo-pontifice-misericordioso-9788498059601\\\/\"]}]},{\"@type\":\"ImageObject\",\"inLanguage\":\"ca\",\"@id\":\"https:\\\/\\\/www.cpl.es\\\/producto\\\/cristo-pontifice-misericordioso-9788498059601\\\/#primaryimage\",\"url\":\"https:\\\/\\\/www.cpl.es\\\/wp-content\\\/uploads\\\/110236.jpg\",\"contentUrl\":\"https:\\\/\\\/www.cpl.es\\\/wp-content\\\/uploads\\\/110236.jpg\",\"width\":281,\"height\":422,\"caption\":\"110236.jpg\"},{\"@type\":\"BreadcrumbList\",\"@id\":\"https:\\\/\\\/www.cpl.es\\\/producto\\\/cristo-pontifice-misericordioso-9788498059601\\\/#breadcrumb\",\"itemListElement\":[{\"@type\":\"ListItem\",\"position\":1,\"name\":\"Portada\",\"item\":\"https:\\\/\\\/www.cpl.es\\\/ca\\\/\"},{\"@type\":\"ListItem\",\"position\":2,\"name\":\"Cat\u00e0leg\",\"item\":\"https:\\\/\\\/www.cpl.es\\\/ca\\\/cataleg\\\/\"},{\"@type\":\"ListItem\",\"position\":3,\"name\":\"Cristo, Pont\u00edfice misericordioso\"}]},{\"@type\":\"WebSite\",\"@id\":\"https:\\\/\\\/www.cpl.es\\\/#website\",\"url\":\"https:\\\/\\\/www.cpl.es\\\/\",\"name\":\"CPL\",\"description\":\"Centre de Pastoral Lit\u00fargica de Barcelona\",\"publisher\":{\"@id\":\"https:\\\/\\\/www.cpl.es\\\/#organization\"},\"alternateName\":\"Centre de Pastoral Lit\u00fargica\",\"potentialAction\":[{\"@type\":\"SearchAction\",\"target\":{\"@type\":\"EntryPoint\",\"urlTemplate\":\"https:\\\/\\\/www.cpl.es\\\/?s={search_term_string}\"},\"query-input\":{\"@type\":\"PropertyValueSpecification\",\"valueRequired\":true,\"valueName\":\"search_term_string\"}}],\"inLanguage\":\"ca\"},{\"@type\":\"Organization\",\"@id\":\"https:\\\/\\\/www.cpl.es\\\/#organization\",\"name\":\"Centre de Pastoral Lit\u00fargica\",\"alternateName\":\"Centre de Pastoral Lit\u00fargica de Barcelona\",\"url\":\"https:\\\/\\\/www.cpl.es\\\/\",\"logo\":{\"@type\":\"ImageObject\",\"inLanguage\":\"ca\",\"@id\":\"https:\\\/\\\/www.cpl.es\\\/#\\\/schema\\\/logo\\\/image\\\/\",\"url\":\"https:\\\/\\\/www.cpl.es\\\/wp-content\\\/uploads\\\/logo-cpl.svg\",\"contentUrl\":\"https:\\\/\\\/www.cpl.es\\\/wp-content\\\/uploads\\\/logo-cpl.svg\",\"caption\":\"Centre de Pastoral Lit\u00fargica\"},\"image\":{\"@id\":\"https:\\\/\\\/www.cpl.es\\\/#\\\/schema\\\/logo\\\/image\\\/\"}}]}<\/script>\n<!-- \/ Yoast SEO plugin. -->","yoast_head_json":{"title":"Cristo, Pont\u00edfice misericordioso - CPL","robots":{"index":"index","follow":"follow","max-snippet":"max-snippet:-1","max-image-preview":"max-image-preview:large","max-video-preview":"max-video-preview:-1"},"canonical":"https:\/\/www.cpl.es\/producto\/cristo-pontifice-misericordioso-9788498059601\/","og_locale":"ca_ES","og_type":"article","og_title":"Cristo, Pont\u00edfice misericordioso - CPL","og_description":"Vanhoye, Albert","og_url":"https:\/\/www.cpl.es\/producto\/cristo-pontifice-misericordioso-9788498059601\/","og_site_name":"CPL","article_modified_time":"2026-02-12T16:39:03+00:00","og_image":[{"width":281,"height":422,"url":"https:\/\/www.cpl.es\/wp-content\/uploads\/110236.jpg","type":"image\/jpeg"}],"twitter_card":"summary_large_image","twitter_misc":{"Temps estimat de lectura":"1 minut"},"schema":{"@context":"https:\/\/schema.org","@graph":[{"@type":"WebPage","@id":"https:\/\/www.cpl.es\/producto\/cristo-pontifice-misericordioso-9788498059601\/","url":"https:\/\/www.cpl.es\/producto\/cristo-pontifice-misericordioso-9788498059601\/","name":"Cristo, Pont\u00edfice misericordioso - CPL","isPartOf":{"@id":"https:\/\/www.cpl.es\/#website"},"primaryImageOfPage":{"@id":"https:\/\/www.cpl.es\/producto\/cristo-pontifice-misericordioso-9788498059601\/#primaryimage"},"image":{"@id":"https:\/\/www.cpl.es\/producto\/cristo-pontifice-misericordioso-9788498059601\/#primaryimage"},"thumbnailUrl":"https:\/\/www.cpl.es\/wp-content\/uploads\/110236.jpg","datePublished":"2023-10-03T23:22:22+00:00","dateModified":"2026-02-12T16:39:03+00:00","breadcrumb":{"@id":"https:\/\/www.cpl.es\/producto\/cristo-pontifice-misericordioso-9788498059601\/#breadcrumb"},"inLanguage":"ca","potentialAction":[{"@type":"ReadAction","target":["https:\/\/www.cpl.es\/producto\/cristo-pontifice-misericordioso-9788498059601\/"]}]},{"@type":"ImageObject","inLanguage":"ca","@id":"https:\/\/www.cpl.es\/producto\/cristo-pontifice-misericordioso-9788498059601\/#primaryimage","url":"https:\/\/www.cpl.es\/wp-content\/uploads\/110236.jpg","contentUrl":"https:\/\/www.cpl.es\/wp-content\/uploads\/110236.jpg","width":281,"height":422,"caption":"110236.jpg"},{"@type":"BreadcrumbList","@id":"https:\/\/www.cpl.es\/producto\/cristo-pontifice-misericordioso-9788498059601\/#breadcrumb","itemListElement":[{"@type":"ListItem","position":1,"name":"Portada","item":"https:\/\/www.cpl.es\/ca\/"},{"@type":"ListItem","position":2,"name":"Cat\u00e0leg","item":"https:\/\/www.cpl.es\/ca\/cataleg\/"},{"@type":"ListItem","position":3,"name":"Cristo, Pont\u00edfice misericordioso"}]},{"@type":"WebSite","@id":"https:\/\/www.cpl.es\/#website","url":"https:\/\/www.cpl.es\/","name":"CPL","description":"Centre de Pastoral Lit\u00fargica de Barcelona","publisher":{"@id":"https:\/\/www.cpl.es\/#organization"},"alternateName":"Centre de Pastoral Lit\u00fargica","potentialAction":[{"@type":"SearchAction","target":{"@type":"EntryPoint","urlTemplate":"https:\/\/www.cpl.es\/?s={search_term_string}"},"query-input":{"@type":"PropertyValueSpecification","valueRequired":true,"valueName":"search_term_string"}}],"inLanguage":"ca"},{"@type":"Organization","@id":"https:\/\/www.cpl.es\/#organization","name":"Centre de Pastoral Lit\u00fargica","alternateName":"Centre de Pastoral Lit\u00fargica de Barcelona","url":"https:\/\/www.cpl.es\/","logo":{"@type":"ImageObject","inLanguage":"ca","@id":"https:\/\/www.cpl.es\/#\/schema\/logo\/image\/","url":"https:\/\/www.cpl.es\/wp-content\/uploads\/logo-cpl.svg","contentUrl":"https:\/\/www.cpl.es\/wp-content\/uploads\/logo-cpl.svg","caption":"Centre de Pastoral Lit\u00fargica"},"image":{"@id":"https:\/\/www.cpl.es\/#\/schema\/logo\/image\/"}}]}},"_links":{"self":[{"href":"https:\/\/www.cpl.es\/ca\/wp-json\/wp\/v2\/product\/1806","targetHints":{"allow":["GET"]}}],"collection":[{"href":"https:\/\/www.cpl.es\/ca\/wp-json\/wp\/v2\/product"}],"about":[{"href":"https:\/\/www.cpl.es\/ca\/wp-json\/wp\/v2\/types\/product"}],"wp:featuredmedia":[{"embeddable":true,"href":"https:\/\/www.cpl.es\/ca\/wp-json\/wp\/v2\/media\/1807"}],"wp:attachment":[{"href":"https:\/\/www.cpl.es\/ca\/wp-json\/wp\/v2\/media?parent=1806"}],"wp:term":[{"taxonomy":"product_brand","embeddable":true,"href":"https:\/\/www.cpl.es\/ca\/wp-json\/wp\/v2\/product_brand?post=1806"},{"taxonomy":"product_cat","embeddable":true,"href":"https:\/\/www.cpl.es\/ca\/wp-json\/wp\/v2\/product_cat?post=1806"},{"taxonomy":"product_tag","embeddable":true,"href":"https:\/\/www.cpl.es\/ca\/wp-json\/wp\/v2\/product_tag?post=1806"}],"curies":[{"name":"wp","href":"https:\/\/api.w.org\/{rel}","templated":true}]}}