{"id":1797,"date":"2023-10-04T01:22:05","date_gmt":"2023-10-03T23:22:05","guid":{"rendered":"https:\/\/nuevaweb.cpl.es\/producto\/vesperal-hispanomozarabe-9788498059748\/"},"modified":"2024-03-19T18:41:59","modified_gmt":"2024-03-19T17:41:59","slug":"vesperal-hispanomozarabe-9788498059748","status":"publish","type":"product","link":"https:\/\/www.cpl.es\/ca\/producto\/vesperal-hispanomozarabe-9788498059748\/","title":{"rendered":"Vesperal hispano-moz\u00e1rabe"},"content":{"rendered":"<p>El oficio hisp\u00e1nico de la tarde, al igual que en las dem\u00e1s familias lit\u00fargicas cristianas, desde el principio conoci\u00f3 el uso del libro de los salmos, pero bastante pronto, probablemente en el siglo VII, se introduce paulatinamente la costumbre de reemplazar la salmodia cl\u00e1sica por unas ant\u00edfonas de forma responsorial de rica musicalizaci\u00f3n. Esta novedad estructural y la gran creatividad de los autores lit\u00fargicos de aquel siglo han dejado un aut\u00e9ntico tesoro espiritual, que queda bien reflejado en la edici\u00f3n de este Vesperal.<\/p>\n","protected":false},"excerpt":{"rendered":"<p>Gisbert Tarruell, Jorge; Escribano L\u00f3pez, Juan Carlos<\/p>\n","protected":false},"featured_media":1798,"template":"","meta":{"_acf_changed":false,"inline_featured_image":false},"product_brand":[],"product_cat":[99,100,35],"product_tag":[],"class_list":{"0":"post-1797","1":"product","2":"type-product","3":"status-publish","4":"has-post-thumbnail","6":"product_cat-cpl-libri","7":"product_cat-cpl-libri-colleccions-catala","8":"product_cat-hispano-mozarabe","10":"first","11":"instock","12":"taxable","13":"shipping-taxable","14":"purchasable","15":"product-type-simple"},"acf":{"autor":"Gisbert Tarruell, Jorge; Escribano L\u00f3pez, Juan Carlos","codart":"117030","ediciones":"1","encuadernacion":"R\u00fastica","fecha_de_publicacion":"19\/03\/2019","novedad":false,"paginas":"488","subtitulo":"Textos escogidos para la oraci\u00f3n de la tarde","orden":"5","portada":false,"idioma":"spa","editorial":[{"ID":6736,"post_author":"2","post_date":"2023-10-06 08:35:24","post_date_gmt":"2023-10-06 06:35:24","post_content":"","post_title":"CPL","post_excerpt":"","post_status":"publish","comment_status":"closed","ping_status":"closed","post_password":"","post_name":"cpl","to_ping":"","pinged":"","post_modified":"2023-10-06 08:35:24","post_modified_gmt":"2023-10-06 06:35:24","post_content_filtered":"","post_parent":0,"guid":"https:\/\/nuevaweb.cpl.es\/editorial\/cpl\/","menu_order":0,"post_type":"editorial","post_mime_type":"","comment_count":"0","filter":"raw"}],"coleccion_num":"30"},"yoast_head":"<!-- This site is optimized with the Yoast SEO plugin v27.3 - https:\/\/yoast.com\/product\/yoast-seo-wordpress\/ -->\n<title>Vesperal hispano-moz\u00e1rabe - CPL<\/title>\n<meta name=\"robots\" content=\"index, follow, max-snippet:-1, max-image-preview:large, max-video-preview:-1\" \/>\n<link rel=\"canonical\" href=\"https:\/\/www.cpl.es\/producto\/vesperal-hispanomozarabe-9788498059748\/\" \/>\n<meta property=\"og:locale\" content=\"ca_ES\" \/>\n<meta property=\"og:type\" content=\"article\" \/>\n<meta property=\"og:title\" content=\"Vesperal hispano-moz\u00e1rabe - CPL\" \/>\n<meta property=\"og:description\" content=\"Gisbert Tarruell, Jorge; Escribano L\u00f3pez, Juan Carlos\" \/>\n<meta property=\"og:url\" content=\"https:\/\/www.cpl.es\/producto\/vesperal-hispanomozarabe-9788498059748\/\" \/>\n<meta property=\"og:site_name\" content=\"CPL\" \/>\n<meta property=\"article:modified_time\" content=\"2024-03-19T17:41:59+00:00\" \/>\n<meta property=\"og:image\" content=\"https:\/\/www.cpl.es\/wp-content\/uploads\/117030.jpg\" \/>\n\t<meta property=\"og:image:width\" content=\"281\" \/>\n\t<meta property=\"og:image:height\" content=\"408\" \/>\n\t<meta property=\"og:image:type\" content=\"image\/jpeg\" \/>\n<meta name=\"twitter:card\" content=\"summary_large_image\" \/>\n<script type=\"application\/ld+json\" class=\"yoast-schema-graph\">{\"@context\":\"https:\\\/\\\/schema.org\",\"@graph\":[{\"@type\":\"WebPage\",\"@id\":\"https:\\\/\\\/www.cpl.es\\\/producto\\\/vesperal-hispanomozarabe-9788498059748\\\/\",\"url\":\"https:\\\/\\\/www.cpl.es\\\/producto\\\/vesperal-hispanomozarabe-9788498059748\\\/\",\"name\":\"Vesperal hispano-moz\u00e1rabe - CPL\",\"isPartOf\":{\"@id\":\"https:\\\/\\\/www.cpl.es\\\/#website\"},\"primaryImageOfPage\":{\"@id\":\"https:\\\/\\\/www.cpl.es\\\/producto\\\/vesperal-hispanomozarabe-9788498059748\\\/#primaryimage\"},\"image\":{\"@id\":\"https:\\\/\\\/www.cpl.es\\\/producto\\\/vesperal-hispanomozarabe-9788498059748\\\/#primaryimage\"},\"thumbnailUrl\":\"https:\\\/\\\/www.cpl.es\\\/wp-content\\\/uploads\\\/117030.jpg\",\"datePublished\":\"2023-10-03T23:22:05+00:00\",\"dateModified\":\"2024-03-19T17:41:59+00:00\",\"breadcrumb\":{\"@id\":\"https:\\\/\\\/www.cpl.es\\\/producto\\\/vesperal-hispanomozarabe-9788498059748\\\/#breadcrumb\"},\"inLanguage\":\"ca\",\"potentialAction\":[{\"@type\":\"ReadAction\",\"target\":[\"https:\\\/\\\/www.cpl.es\\\/producto\\\/vesperal-hispanomozarabe-9788498059748\\\/\"]}]},{\"@type\":\"ImageObject\",\"inLanguage\":\"ca\",\"@id\":\"https:\\\/\\\/www.cpl.es\\\/producto\\\/vesperal-hispanomozarabe-9788498059748\\\/#primaryimage\",\"url\":\"https:\\\/\\\/www.cpl.es\\\/wp-content\\\/uploads\\\/117030.jpg\",\"contentUrl\":\"https:\\\/\\\/www.cpl.es\\\/wp-content\\\/uploads\\\/117030.jpg\",\"width\":281,\"height\":408,\"caption\":\"117030.jpg\"},{\"@type\":\"BreadcrumbList\",\"@id\":\"https:\\\/\\\/www.cpl.es\\\/producto\\\/vesperal-hispanomozarabe-9788498059748\\\/#breadcrumb\",\"itemListElement\":[{\"@type\":\"ListItem\",\"position\":1,\"name\":\"Portada\",\"item\":\"https:\\\/\\\/www.cpl.es\\\/ca\\\/\"},{\"@type\":\"ListItem\",\"position\":2,\"name\":\"Cat\u00e0leg\",\"item\":\"https:\\\/\\\/www.cpl.es\\\/ca\\\/cataleg\\\/\"},{\"@type\":\"ListItem\",\"position\":3,\"name\":\"Vesperal hispano-moz\u00e1rabe\"}]},{\"@type\":\"WebSite\",\"@id\":\"https:\\\/\\\/www.cpl.es\\\/#website\",\"url\":\"https:\\\/\\\/www.cpl.es\\\/\",\"name\":\"CPL\",\"description\":\"Centre de Pastoral Lit\u00fargica de Barcelona\",\"publisher\":{\"@id\":\"https:\\\/\\\/www.cpl.es\\\/#organization\"},\"alternateName\":\"Centre de Pastoral Lit\u00fargica\",\"potentialAction\":[{\"@type\":\"SearchAction\",\"target\":{\"@type\":\"EntryPoint\",\"urlTemplate\":\"https:\\\/\\\/www.cpl.es\\\/?s={search_term_string}\"},\"query-input\":{\"@type\":\"PropertyValueSpecification\",\"valueRequired\":true,\"valueName\":\"search_term_string\"}}],\"inLanguage\":\"ca\"},{\"@type\":\"Organization\",\"@id\":\"https:\\\/\\\/www.cpl.es\\\/#organization\",\"name\":\"Centre de Pastoral Lit\u00fargica\",\"alternateName\":\"Centre de Pastoral Lit\u00fargica de Barcelona\",\"url\":\"https:\\\/\\\/www.cpl.es\\\/\",\"logo\":{\"@type\":\"ImageObject\",\"inLanguage\":\"ca\",\"@id\":\"https:\\\/\\\/www.cpl.es\\\/#\\\/schema\\\/logo\\\/image\\\/\",\"url\":\"https:\\\/\\\/www.cpl.es\\\/wp-content\\\/uploads\\\/logo-cpl.svg\",\"contentUrl\":\"https:\\\/\\\/www.cpl.es\\\/wp-content\\\/uploads\\\/logo-cpl.svg\",\"caption\":\"Centre de Pastoral Lit\u00fargica\"},\"image\":{\"@id\":\"https:\\\/\\\/www.cpl.es\\\/#\\\/schema\\\/logo\\\/image\\\/\"}}]}<\/script>\n<!-- \/ Yoast SEO plugin. -->","yoast_head_json":{"title":"Vesperal hispano-moz\u00e1rabe - CPL","robots":{"index":"index","follow":"follow","max-snippet":"max-snippet:-1","max-image-preview":"max-image-preview:large","max-video-preview":"max-video-preview:-1"},"canonical":"https:\/\/www.cpl.es\/producto\/vesperal-hispanomozarabe-9788498059748\/","og_locale":"ca_ES","og_type":"article","og_title":"Vesperal hispano-moz\u00e1rabe - CPL","og_description":"Gisbert Tarruell, Jorge; Escribano L\u00f3pez, Juan Carlos","og_url":"https:\/\/www.cpl.es\/producto\/vesperal-hispanomozarabe-9788498059748\/","og_site_name":"CPL","article_modified_time":"2024-03-19T17:41:59+00:00","og_image":[{"width":281,"height":408,"url":"https:\/\/www.cpl.es\/wp-content\/uploads\/117030.jpg","type":"image\/jpeg"}],"twitter_card":"summary_large_image","schema":{"@context":"https:\/\/schema.org","@graph":[{"@type":"WebPage","@id":"https:\/\/www.cpl.es\/producto\/vesperal-hispanomozarabe-9788498059748\/","url":"https:\/\/www.cpl.es\/producto\/vesperal-hispanomozarabe-9788498059748\/","name":"Vesperal hispano-moz\u00e1rabe - CPL","isPartOf":{"@id":"https:\/\/www.cpl.es\/#website"},"primaryImageOfPage":{"@id":"https:\/\/www.cpl.es\/producto\/vesperal-hispanomozarabe-9788498059748\/#primaryimage"},"image":{"@id":"https:\/\/www.cpl.es\/producto\/vesperal-hispanomozarabe-9788498059748\/#primaryimage"},"thumbnailUrl":"https:\/\/www.cpl.es\/wp-content\/uploads\/117030.jpg","datePublished":"2023-10-03T23:22:05+00:00","dateModified":"2024-03-19T17:41:59+00:00","breadcrumb":{"@id":"https:\/\/www.cpl.es\/producto\/vesperal-hispanomozarabe-9788498059748\/#breadcrumb"},"inLanguage":"ca","potentialAction":[{"@type":"ReadAction","target":["https:\/\/www.cpl.es\/producto\/vesperal-hispanomozarabe-9788498059748\/"]}]},{"@type":"ImageObject","inLanguage":"ca","@id":"https:\/\/www.cpl.es\/producto\/vesperal-hispanomozarabe-9788498059748\/#primaryimage","url":"https:\/\/www.cpl.es\/wp-content\/uploads\/117030.jpg","contentUrl":"https:\/\/www.cpl.es\/wp-content\/uploads\/117030.jpg","width":281,"height":408,"caption":"117030.jpg"},{"@type":"BreadcrumbList","@id":"https:\/\/www.cpl.es\/producto\/vesperal-hispanomozarabe-9788498059748\/#breadcrumb","itemListElement":[{"@type":"ListItem","position":1,"name":"Portada","item":"https:\/\/www.cpl.es\/ca\/"},{"@type":"ListItem","position":2,"name":"Cat\u00e0leg","item":"https:\/\/www.cpl.es\/ca\/cataleg\/"},{"@type":"ListItem","position":3,"name":"Vesperal hispano-moz\u00e1rabe"}]},{"@type":"WebSite","@id":"https:\/\/www.cpl.es\/#website","url":"https:\/\/www.cpl.es\/","name":"CPL","description":"Centre de Pastoral Lit\u00fargica de Barcelona","publisher":{"@id":"https:\/\/www.cpl.es\/#organization"},"alternateName":"Centre de Pastoral Lit\u00fargica","potentialAction":[{"@type":"SearchAction","target":{"@type":"EntryPoint","urlTemplate":"https:\/\/www.cpl.es\/?s={search_term_string}"},"query-input":{"@type":"PropertyValueSpecification","valueRequired":true,"valueName":"search_term_string"}}],"inLanguage":"ca"},{"@type":"Organization","@id":"https:\/\/www.cpl.es\/#organization","name":"Centre de Pastoral Lit\u00fargica","alternateName":"Centre de Pastoral Lit\u00fargica de Barcelona","url":"https:\/\/www.cpl.es\/","logo":{"@type":"ImageObject","inLanguage":"ca","@id":"https:\/\/www.cpl.es\/#\/schema\/logo\/image\/","url":"https:\/\/www.cpl.es\/wp-content\/uploads\/logo-cpl.svg","contentUrl":"https:\/\/www.cpl.es\/wp-content\/uploads\/logo-cpl.svg","caption":"Centre de Pastoral Lit\u00fargica"},"image":{"@id":"https:\/\/www.cpl.es\/#\/schema\/logo\/image\/"}}]}},"_links":{"self":[{"href":"https:\/\/www.cpl.es\/ca\/wp-json\/wp\/v2\/product\/1797","targetHints":{"allow":["GET"]}}],"collection":[{"href":"https:\/\/www.cpl.es\/ca\/wp-json\/wp\/v2\/product"}],"about":[{"href":"https:\/\/www.cpl.es\/ca\/wp-json\/wp\/v2\/types\/product"}],"wp:featuredmedia":[{"embeddable":true,"href":"https:\/\/www.cpl.es\/ca\/wp-json\/wp\/v2\/media\/1798"}],"wp:attachment":[{"href":"https:\/\/www.cpl.es\/ca\/wp-json\/wp\/v2\/media?parent=1797"}],"wp:term":[{"taxonomy":"product_brand","embeddable":true,"href":"https:\/\/www.cpl.es\/ca\/wp-json\/wp\/v2\/product_brand?post=1797"},{"taxonomy":"product_cat","embeddable":true,"href":"https:\/\/www.cpl.es\/ca\/wp-json\/wp\/v2\/product_cat?post=1797"},{"taxonomy":"product_tag","embeddable":true,"href":"https:\/\/www.cpl.es\/ca\/wp-json\/wp\/v2\/product_tag?post=1797"}],"curies":[{"name":"wp","href":"https:\/\/api.w.org\/{rel}","templated":true}]}}