{"id":1791,"date":"2023-10-04T01:21:53","date_gmt":"2023-10-03T23:21:53","guid":{"rendered":"https:\/\/nuevaweb.cpl.es\/producto\/ordinario-de-la-misa-9788498059731\/"},"modified":"2026-04-08T16:38:02","modified_gmt":"2026-04-08T14:38:02","slug":"ordinario-de-la-misa-9788498059731","status":"publish","type":"product","link":"https:\/\/www.cpl.es\/ca\/producto\/ordinario-de-la-misa-9788498059731\/","title":{"rendered":"Ordinario de la Misa"},"content":{"rendered":"<p>Un libro esperado y solicitado. Publicamos, en efecto, dentro de la colecci\u00f3n Celebrar, el Ordinario de la Misa, actualmente dif\u00edcil de encontrar. Contiene todos los textos del Ordinario, con todas las respuestas y textos que deben recitar los fieles, as\u00ed como todas las plegarias eucar\u00edsticas, dispuestas para ser utilizadas en la concelebraci\u00f3n.<\/p>\n<p>Sumario<br \/>Ritos iniciales   <br \/>Saludo   <br \/>Acto penitencial   <br \/>Invocaciones   <br \/>Gloria   <br \/>Oraci\u00f3n colecta  <br \/>Liturgia de la Palabra   <br \/>Primera lectura   <br \/>Salmo responsorial   <br \/>Segunda lectura   <br \/>Evangelio   <br \/>Homil\u00eda   <br \/>Credo   <br \/>Oraci\u00f3n universal  <br \/>Liturgia Eucar\u00edstica   <br \/>Preparaci\u00f3n de los dones   <br \/>Oraci\u00f3n sobre las ofrendas   <br \/>Plegaria eucar\u00edstica   <br \/>Plegaria eucar\u00edstica I o canon romano   <br \/>Plegaria eucar\u00edstica II   <br \/>Plegaria eucar\u00edstica III   <br \/>Plegaria eucar\u00edstica IV  <br \/>Plegaria eucar\u00edstica &#8216;de la reconciliaci\u00f3n' I  <br \/>Plegaria eucar\u00edstica &#8216;de la reconciliaci\u00f3n' II  <br \/>Plegaria eucar\u00edstica por diversas circunstancias I La Iglesia en camino hacia la unidad  <br \/>Plegaria eucar\u00edstica por diversas circunstancias II Dios gu\u00eda a su Iglesia por el camino de salvaci\u00f3n <br \/>Plegaria eucar\u00edstica por diversas circunstancias III Jes\u00fas, camino hacia el Padre  <br \/>Plegaria eucar\u00edstica por diversas circunstancias IV Jes\u00fas, que pas\u00f3 haciendo el bien  <br \/>Plegaria eucar\u00edstica para las misas con ni\u00f1os I   <br \/>Plegaria eucar\u00edstica para las misas con ni\u00f1os II  <br \/>Plegaria eucar\u00edstica para las misas con ni\u00f1os III   <br \/> Tiempo de Adviento  <br \/> Tiempo de Navidad  <br \/> Tiempo de Cuaresma  <br \/> Tiempo de Pascua  <br \/> Tiempo ordinario <br \/>Rito de la comuni\u00f3n   <br \/>Oraci\u00f3n dominical   <br \/>Rito de la paz   <br \/>Fracci\u00f3n del pan   <br \/>Comuni\u00f3n   <br \/>Oraci\u00f3n despu\u00e9s de la comuni\u00f3n  <br \/>Ritos de conclusi\u00f3n   <br \/>Bendici\u00f3n<br \/>Despedida <\/p>\n","protected":false},"excerpt":{"rendered":"<p>Lligadas Vendrell, Josep<\/p>\n","protected":false},"featured_media":16184,"template":"","meta":{"_acf_changed":false,"inline_featured_image":false},"product_brand":[],"product_cat":[151,153,45,77,122,144],"product_tag":[],"class_list":{"0":"post-1791","1":"product","2":"type-product","3":"status-publish","4":"has-post-thumbnail","6":"product_cat-celebracio-de-la-missa-celebracio-de-la-missa-per-temes","7":"product_cat-celebracion-de-la-misa-celebracion-de-la-misa-por-temas","8":"product_cat-celebrar","9":"product_cat-celebrar-colleccions-catala","10":"product_cat-ministerios","11":"product_cat-ministeris","13":"first","14":"instock","15":"taxable","16":"shipping-taxable","17":"purchasable","18":"product-type-simple"},"acf":{"autor":"Lligadas Vendrell, Josep","codart":"102092","ediciones":"2","encuadernacion":"Espiral","fecha_de_publicacion":"26\/10\/2021","novedad":false,"paginas":"120","subtitulo":"","orden":"11","portada":false,"idioma":"spa","editorial":[{"ID":6736,"post_author":"2","post_date":"2023-10-06 08:35:24","post_date_gmt":"2023-10-06 06:35:24","post_content":"","post_title":"CPL","post_excerpt":"","post_status":"publish","comment_status":"closed","ping_status":"closed","post_password":"","post_name":"cpl","to_ping":"","pinged":"","post_modified":"2023-10-06 08:35:24","post_modified_gmt":"2023-10-06 06:35:24","post_content_filtered":"","post_parent":0,"guid":"https:\/\/nuevaweb.cpl.es\/editorial\/cpl\/","menu_order":0,"post_type":"editorial","post_mime_type":"","comment_count":"0","filter":"raw"}],"coleccion_num":"92"},"yoast_head":"<!-- This site is optimized with the Yoast SEO plugin v27.3 - https:\/\/yoast.com\/product\/yoast-seo-wordpress\/ -->\n<title>Ordinario de la Misa - CPL<\/title>\n<meta name=\"robots\" content=\"index, follow, max-snippet:-1, max-image-preview:large, max-video-preview:-1\" \/>\n<link rel=\"canonical\" href=\"https:\/\/www.cpl.es\/producto\/ordinario-de-la-misa-9788498059731\/\" \/>\n<meta property=\"og:locale\" content=\"ca_ES\" \/>\n<meta property=\"og:type\" content=\"article\" \/>\n<meta property=\"og:title\" content=\"Ordinario de la Misa - CPL\" \/>\n<meta property=\"og:description\" content=\"Lligadas Vendrell, Josep\" \/>\n<meta property=\"og:url\" content=\"https:\/\/www.cpl.es\/producto\/ordinario-de-la-misa-9788498059731\/\" \/>\n<meta property=\"og:site_name\" content=\"CPL\" \/>\n<meta property=\"article:modified_time\" content=\"2026-04-08T14:38:02+00:00\" \/>\n<meta property=\"og:image\" content=\"https:\/\/www.cpl.es\/wp-content\/uploads\/102092-3.jpg\" \/>\n\t<meta property=\"og:image:width\" content=\"281\" \/>\n\t<meta property=\"og:image:height\" content=\"397\" \/>\n\t<meta property=\"og:image:type\" content=\"image\/jpeg\" \/>\n<meta name=\"twitter:card\" content=\"summary_large_image\" \/>\n<meta name=\"twitter:label1\" content=\"Temps estimat de lectura\" \/>\n\t<meta name=\"twitter:data1\" content=\"1 minut\" \/>\n<script type=\"application\/ld+json\" class=\"yoast-schema-graph\">{\"@context\":\"https:\\\/\\\/schema.org\",\"@graph\":[{\"@type\":\"WebPage\",\"@id\":\"https:\\\/\\\/www.cpl.es\\\/producto\\\/ordinario-de-la-misa-9788498059731\\\/\",\"url\":\"https:\\\/\\\/www.cpl.es\\\/producto\\\/ordinario-de-la-misa-9788498059731\\\/\",\"name\":\"Ordinario de la Misa - CPL\",\"isPartOf\":{\"@id\":\"https:\\\/\\\/www.cpl.es\\\/#website\"},\"primaryImageOfPage\":{\"@id\":\"https:\\\/\\\/www.cpl.es\\\/producto\\\/ordinario-de-la-misa-9788498059731\\\/#primaryimage\"},\"image\":{\"@id\":\"https:\\\/\\\/www.cpl.es\\\/producto\\\/ordinario-de-la-misa-9788498059731\\\/#primaryimage\"},\"thumbnailUrl\":\"https:\\\/\\\/www.cpl.es\\\/wp-content\\\/uploads\\\/102092-3.jpg\",\"datePublished\":\"2023-10-03T23:21:53+00:00\",\"dateModified\":\"2026-04-08T14:38:02+00:00\",\"breadcrumb\":{\"@id\":\"https:\\\/\\\/www.cpl.es\\\/producto\\\/ordinario-de-la-misa-9788498059731\\\/#breadcrumb\"},\"inLanguage\":\"ca\",\"potentialAction\":[{\"@type\":\"ReadAction\",\"target\":[\"https:\\\/\\\/www.cpl.es\\\/producto\\\/ordinario-de-la-misa-9788498059731\\\/\"]}]},{\"@type\":\"ImageObject\",\"inLanguage\":\"ca\",\"@id\":\"https:\\\/\\\/www.cpl.es\\\/producto\\\/ordinario-de-la-misa-9788498059731\\\/#primaryimage\",\"url\":\"https:\\\/\\\/www.cpl.es\\\/wp-content\\\/uploads\\\/102092-3.jpg\",\"contentUrl\":\"https:\\\/\\\/www.cpl.es\\\/wp-content\\\/uploads\\\/102092-3.jpg\",\"width\":281,\"height\":397,\"caption\":\"102092.jpg\"},{\"@type\":\"BreadcrumbList\",\"@id\":\"https:\\\/\\\/www.cpl.es\\\/producto\\\/ordinario-de-la-misa-9788498059731\\\/#breadcrumb\",\"itemListElement\":[{\"@type\":\"ListItem\",\"position\":1,\"name\":\"Portada\",\"item\":\"https:\\\/\\\/www.cpl.es\\\/ca\\\/\"},{\"@type\":\"ListItem\",\"position\":2,\"name\":\"Cat\u00e0leg\",\"item\":\"https:\\\/\\\/www.cpl.es\\\/ca\\\/cataleg\\\/\"},{\"@type\":\"ListItem\",\"position\":3,\"name\":\"Ordinario de la Misa\"}]},{\"@type\":\"WebSite\",\"@id\":\"https:\\\/\\\/www.cpl.es\\\/#website\",\"url\":\"https:\\\/\\\/www.cpl.es\\\/\",\"name\":\"CPL\",\"description\":\"Centre de Pastoral Lit\u00fargica de Barcelona\",\"publisher\":{\"@id\":\"https:\\\/\\\/www.cpl.es\\\/#organization\"},\"alternateName\":\"Centre de Pastoral Lit\u00fargica\",\"potentialAction\":[{\"@type\":\"SearchAction\",\"target\":{\"@type\":\"EntryPoint\",\"urlTemplate\":\"https:\\\/\\\/www.cpl.es\\\/?s={search_term_string}\"},\"query-input\":{\"@type\":\"PropertyValueSpecification\",\"valueRequired\":true,\"valueName\":\"search_term_string\"}}],\"inLanguage\":\"ca\"},{\"@type\":\"Organization\",\"@id\":\"https:\\\/\\\/www.cpl.es\\\/#organization\",\"name\":\"Centre de Pastoral Lit\u00fargica\",\"alternateName\":\"Centre de Pastoral Lit\u00fargica de Barcelona\",\"url\":\"https:\\\/\\\/www.cpl.es\\\/\",\"logo\":{\"@type\":\"ImageObject\",\"inLanguage\":\"ca\",\"@id\":\"https:\\\/\\\/www.cpl.es\\\/#\\\/schema\\\/logo\\\/image\\\/\",\"url\":\"https:\\\/\\\/www.cpl.es\\\/wp-content\\\/uploads\\\/logo-cpl.svg\",\"contentUrl\":\"https:\\\/\\\/www.cpl.es\\\/wp-content\\\/uploads\\\/logo-cpl.svg\",\"caption\":\"Centre de Pastoral Lit\u00fargica\"},\"image\":{\"@id\":\"https:\\\/\\\/www.cpl.es\\\/#\\\/schema\\\/logo\\\/image\\\/\"}}]}<\/script>\n<!-- \/ Yoast SEO plugin. -->","yoast_head_json":{"title":"Ordinario de la Misa - CPL","robots":{"index":"index","follow":"follow","max-snippet":"max-snippet:-1","max-image-preview":"max-image-preview:large","max-video-preview":"max-video-preview:-1"},"canonical":"https:\/\/www.cpl.es\/producto\/ordinario-de-la-misa-9788498059731\/","og_locale":"ca_ES","og_type":"article","og_title":"Ordinario de la Misa - CPL","og_description":"Lligadas Vendrell, Josep","og_url":"https:\/\/www.cpl.es\/producto\/ordinario-de-la-misa-9788498059731\/","og_site_name":"CPL","article_modified_time":"2026-04-08T14:38:02+00:00","og_image":[{"width":281,"height":397,"url":"https:\/\/www.cpl.es\/wp-content\/uploads\/102092-3.jpg","type":"image\/jpeg"}],"twitter_card":"summary_large_image","twitter_misc":{"Temps estimat de lectura":"1 minut"},"schema":{"@context":"https:\/\/schema.org","@graph":[{"@type":"WebPage","@id":"https:\/\/www.cpl.es\/producto\/ordinario-de-la-misa-9788498059731\/","url":"https:\/\/www.cpl.es\/producto\/ordinario-de-la-misa-9788498059731\/","name":"Ordinario de la Misa - CPL","isPartOf":{"@id":"https:\/\/www.cpl.es\/#website"},"primaryImageOfPage":{"@id":"https:\/\/www.cpl.es\/producto\/ordinario-de-la-misa-9788498059731\/#primaryimage"},"image":{"@id":"https:\/\/www.cpl.es\/producto\/ordinario-de-la-misa-9788498059731\/#primaryimage"},"thumbnailUrl":"https:\/\/www.cpl.es\/wp-content\/uploads\/102092-3.jpg","datePublished":"2023-10-03T23:21:53+00:00","dateModified":"2026-04-08T14:38:02+00:00","breadcrumb":{"@id":"https:\/\/www.cpl.es\/producto\/ordinario-de-la-misa-9788498059731\/#breadcrumb"},"inLanguage":"ca","potentialAction":[{"@type":"ReadAction","target":["https:\/\/www.cpl.es\/producto\/ordinario-de-la-misa-9788498059731\/"]}]},{"@type":"ImageObject","inLanguage":"ca","@id":"https:\/\/www.cpl.es\/producto\/ordinario-de-la-misa-9788498059731\/#primaryimage","url":"https:\/\/www.cpl.es\/wp-content\/uploads\/102092-3.jpg","contentUrl":"https:\/\/www.cpl.es\/wp-content\/uploads\/102092-3.jpg","width":281,"height":397,"caption":"102092.jpg"},{"@type":"BreadcrumbList","@id":"https:\/\/www.cpl.es\/producto\/ordinario-de-la-misa-9788498059731\/#breadcrumb","itemListElement":[{"@type":"ListItem","position":1,"name":"Portada","item":"https:\/\/www.cpl.es\/ca\/"},{"@type":"ListItem","position":2,"name":"Cat\u00e0leg","item":"https:\/\/www.cpl.es\/ca\/cataleg\/"},{"@type":"ListItem","position":3,"name":"Ordinario de la Misa"}]},{"@type":"WebSite","@id":"https:\/\/www.cpl.es\/#website","url":"https:\/\/www.cpl.es\/","name":"CPL","description":"Centre de Pastoral Lit\u00fargica de Barcelona","publisher":{"@id":"https:\/\/www.cpl.es\/#organization"},"alternateName":"Centre de Pastoral Lit\u00fargica","potentialAction":[{"@type":"SearchAction","target":{"@type":"EntryPoint","urlTemplate":"https:\/\/www.cpl.es\/?s={search_term_string}"},"query-input":{"@type":"PropertyValueSpecification","valueRequired":true,"valueName":"search_term_string"}}],"inLanguage":"ca"},{"@type":"Organization","@id":"https:\/\/www.cpl.es\/#organization","name":"Centre de Pastoral Lit\u00fargica","alternateName":"Centre de Pastoral Lit\u00fargica de Barcelona","url":"https:\/\/www.cpl.es\/","logo":{"@type":"ImageObject","inLanguage":"ca","@id":"https:\/\/www.cpl.es\/#\/schema\/logo\/image\/","url":"https:\/\/www.cpl.es\/wp-content\/uploads\/logo-cpl.svg","contentUrl":"https:\/\/www.cpl.es\/wp-content\/uploads\/logo-cpl.svg","caption":"Centre de Pastoral Lit\u00fargica"},"image":{"@id":"https:\/\/www.cpl.es\/#\/schema\/logo\/image\/"}}]}},"_links":{"self":[{"href":"https:\/\/www.cpl.es\/ca\/wp-json\/wp\/v2\/product\/1791","targetHints":{"allow":["GET"]}}],"collection":[{"href":"https:\/\/www.cpl.es\/ca\/wp-json\/wp\/v2\/product"}],"about":[{"href":"https:\/\/www.cpl.es\/ca\/wp-json\/wp\/v2\/types\/product"}],"wp:featuredmedia":[{"embeddable":true,"href":"https:\/\/www.cpl.es\/ca\/wp-json\/wp\/v2\/media\/16184"}],"wp:attachment":[{"href":"https:\/\/www.cpl.es\/ca\/wp-json\/wp\/v2\/media?parent=1791"}],"wp:term":[{"taxonomy":"product_brand","embeddable":true,"href":"https:\/\/www.cpl.es\/ca\/wp-json\/wp\/v2\/product_brand?post=1791"},{"taxonomy":"product_cat","embeddable":true,"href":"https:\/\/www.cpl.es\/ca\/wp-json\/wp\/v2\/product_cat?post=1791"},{"taxonomy":"product_tag","embeddable":true,"href":"https:\/\/www.cpl.es\/ca\/wp-json\/wp\/v2\/product_tag?post=1791"}],"curies":[{"name":"wp","href":"https:\/\/api.w.org\/{rel}","templated":true}]}}