{"id":1755,"date":"2023-10-04T01:20:47","date_gmt":"2023-10-03T23:20:47","guid":{"rendered":"https:\/\/nuevaweb.cpl.es\/producto\/urgencia-de-amor-divino-9788491650133\/"},"modified":"2023-12-05T13:37:17","modified_gmt":"2023-12-05T12:37:17","slug":"urgencia-de-amor-divino-9788491650133","status":"publish","type":"product","link":"https:\/\/www.cpl.es\/ca\/producto\/urgencia-de-amor-divino-9788491650133\/","title":{"rendered":"Urgencia de amor divino"},"content":{"rendered":"<p>Un libro singular Ciertamente lo es si se considera su contenido, una amalgama de los m\u00e1s variados temas que se aportan en un intento de arrojar luz sobre los caminos del Pueblo de Dios que se ven envueltos en la crisis de civilizaci\u00f3n que padece en lo m\u00e1s profundo de su humanidad, en la familia, la sociedad, la vida religiosa y la Iglesia.<br \/>El papa Francisco est\u00e1 intentando alcanzar las periferias para hacer de la Iglesia un hospital de sangre en la guerra contra el ateismo galopante y salvar de la muerte eterna a incontables ovejas descarriadas. Las p\u00e1ginas de este libro est\u00e1n escritas para que aparezca la urgencia de una respuesta de amor a Dios.<br \/>El papa san Juan Pablo II llam\u00f3 la atenci\u00f3n sobre el misterio fundamental de nuestra fe. \u00bfQu\u00e9 verdad hay de m\u00e1s fundamental y m\u00e1s universal en el Evangelio que Dios sea nuestro Padre y nosotros seamos sus hijos? Propuso al mismo tiempo a la santa de Lisieux como el icono perfecto de nuestra respuesta de amor.<br \/>Esta, a su vez, gracias a una vida animada por un hero\u00edsmo de nuevo cu\u00f1o, en una fidelidad total, con l\u00e1grimas y sin fuerzas, en el silencio y la obscuridad, realiz\u00f3 la paradoja de conseguir nada menos que seis gestas desconocidas hasta entonces en la hagiograf\u00eda, que se exponen como seis &#8216;primeras' escaladas alpinas, desbrozando as\u00ed el camino del cielo al simplificar las cosas, como dijo el cardenal Bourne. La aut\u00e9ntica santidad aparece al alcance de todo ser humano.<\/p>\n","protected":false},"excerpt":{"rendered":"<p>Gavarres, \u00c0ngel de les<\/p>\n","protected":false},"featured_media":1756,"template":"","meta":{"_acf_changed":false,"inline_featured_image":false},"product_brand":[],"product_cat":[67,56],"product_tag":[],"class_list":{"0":"post-1755","1":"product","2":"type-product","3":"status-publish","4":"has-post-thumbnail","6":"product_cat-altres-publicacions","7":"product_cat-otras-publicaciones","9":"first","10":"instock","11":"taxable","12":"shipping-taxable","13":"purchasable","14":"product-type-simple"},"acf":{"autor":"Gavarres, \u00c0ngel de les","codart":"150021","ediciones":"1","encuadernacion":"R\u00fastica","fecha_de_publicacion":"22\/05\/2017","novedad":false,"paginas":"276","subtitulo":"","orden":"92","portada":false,"idioma":"spa","editorial":[{"ID":6736,"post_author":"2","post_date":"2023-10-06 08:35:24","post_date_gmt":"2023-10-06 06:35:24","post_content":"","post_title":"CPL","post_excerpt":"","post_status":"publish","comment_status":"closed","ping_status":"closed","post_password":"","post_name":"cpl","to_ping":"","pinged":"","post_modified":"2023-10-06 08:35:24","post_modified_gmt":"2023-10-06 06:35:24","post_content_filtered":"","post_parent":0,"guid":"https:\/\/nuevaweb.cpl.es\/editorial\/cpl\/","menu_order":0,"post_type":"editorial","post_mime_type":"","comment_count":"0","filter":"raw"}]},"yoast_head":"<!-- This site is optimized with the Yoast SEO plugin v27.3 - https:\/\/yoast.com\/product\/yoast-seo-wordpress\/ -->\n<title>Urgencia de amor divino - CPL<\/title>\n<meta name=\"robots\" content=\"index, follow, max-snippet:-1, max-image-preview:large, max-video-preview:-1\" \/>\n<link rel=\"canonical\" href=\"https:\/\/www.cpl.es\/producto\/urgencia-de-amor-divino-9788491650133\/\" \/>\n<meta property=\"og:locale\" content=\"ca_ES\" \/>\n<meta property=\"og:type\" content=\"article\" \/>\n<meta property=\"og:title\" content=\"Urgencia de amor divino - CPL\" \/>\n<meta property=\"og:description\" content=\"Gavarres, \u00c0ngel de les\" \/>\n<meta property=\"og:url\" content=\"https:\/\/www.cpl.es\/producto\/urgencia-de-amor-divino-9788491650133\/\" \/>\n<meta property=\"og:site_name\" content=\"CPL\" \/>\n<meta property=\"article:modified_time\" content=\"2023-12-05T12:37:17+00:00\" \/>\n<meta property=\"og:image\" content=\"https:\/\/www.cpl.es\/wp-content\/uploads\/150021.jpg\" \/>\n\t<meta property=\"og:image:width\" content=\"280\" \/>\n\t<meta property=\"og:image:height\" content=\"407\" \/>\n\t<meta property=\"og:image:type\" content=\"image\/jpeg\" \/>\n<meta name=\"twitter:card\" content=\"summary_large_image\" \/>\n<meta name=\"twitter:label1\" content=\"Temps estimat de lectura\" \/>\n\t<meta name=\"twitter:data1\" content=\"1 minut\" \/>\n<script type=\"application\/ld+json\" class=\"yoast-schema-graph\">{\"@context\":\"https:\\\/\\\/schema.org\",\"@graph\":[{\"@type\":\"WebPage\",\"@id\":\"https:\\\/\\\/www.cpl.es\\\/producto\\\/urgencia-de-amor-divino-9788491650133\\\/\",\"url\":\"https:\\\/\\\/www.cpl.es\\\/producto\\\/urgencia-de-amor-divino-9788491650133\\\/\",\"name\":\"Urgencia de amor divino - CPL\",\"isPartOf\":{\"@id\":\"https:\\\/\\\/www.cpl.es\\\/#website\"},\"primaryImageOfPage\":{\"@id\":\"https:\\\/\\\/www.cpl.es\\\/producto\\\/urgencia-de-amor-divino-9788491650133\\\/#primaryimage\"},\"image\":{\"@id\":\"https:\\\/\\\/www.cpl.es\\\/producto\\\/urgencia-de-amor-divino-9788491650133\\\/#primaryimage\"},\"thumbnailUrl\":\"https:\\\/\\\/www.cpl.es\\\/wp-content\\\/uploads\\\/150021.jpg\",\"datePublished\":\"2023-10-03T23:20:47+00:00\",\"dateModified\":\"2023-12-05T12:37:17+00:00\",\"breadcrumb\":{\"@id\":\"https:\\\/\\\/www.cpl.es\\\/producto\\\/urgencia-de-amor-divino-9788491650133\\\/#breadcrumb\"},\"inLanguage\":\"ca\",\"potentialAction\":[{\"@type\":\"ReadAction\",\"target\":[\"https:\\\/\\\/www.cpl.es\\\/producto\\\/urgencia-de-amor-divino-9788491650133\\\/\"]}]},{\"@type\":\"ImageObject\",\"inLanguage\":\"ca\",\"@id\":\"https:\\\/\\\/www.cpl.es\\\/producto\\\/urgencia-de-amor-divino-9788491650133\\\/#primaryimage\",\"url\":\"https:\\\/\\\/www.cpl.es\\\/wp-content\\\/uploads\\\/150021.jpg\",\"contentUrl\":\"https:\\\/\\\/www.cpl.es\\\/wp-content\\\/uploads\\\/150021.jpg\",\"width\":280,\"height\":407,\"caption\":\"150021.jpg\"},{\"@type\":\"BreadcrumbList\",\"@id\":\"https:\\\/\\\/www.cpl.es\\\/producto\\\/urgencia-de-amor-divino-9788491650133\\\/#breadcrumb\",\"itemListElement\":[{\"@type\":\"ListItem\",\"position\":1,\"name\":\"Portada\",\"item\":\"https:\\\/\\\/www.cpl.es\\\/ca\\\/\"},{\"@type\":\"ListItem\",\"position\":2,\"name\":\"Cat\u00e0leg\",\"item\":\"https:\\\/\\\/www.cpl.es\\\/ca\\\/cataleg\\\/\"},{\"@type\":\"ListItem\",\"position\":3,\"name\":\"Urgencia de amor divino\"}]},{\"@type\":\"WebSite\",\"@id\":\"https:\\\/\\\/www.cpl.es\\\/#website\",\"url\":\"https:\\\/\\\/www.cpl.es\\\/\",\"name\":\"CPL\",\"description\":\"Centre de Pastoral Lit\u00fargica de Barcelona\",\"publisher\":{\"@id\":\"https:\\\/\\\/www.cpl.es\\\/#organization\"},\"alternateName\":\"Centre de Pastoral Lit\u00fargica\",\"potentialAction\":[{\"@type\":\"SearchAction\",\"target\":{\"@type\":\"EntryPoint\",\"urlTemplate\":\"https:\\\/\\\/www.cpl.es\\\/?s={search_term_string}\"},\"query-input\":{\"@type\":\"PropertyValueSpecification\",\"valueRequired\":true,\"valueName\":\"search_term_string\"}}],\"inLanguage\":\"ca\"},{\"@type\":\"Organization\",\"@id\":\"https:\\\/\\\/www.cpl.es\\\/#organization\",\"name\":\"Centre de Pastoral Lit\u00fargica\",\"alternateName\":\"Centre de Pastoral Lit\u00fargica de Barcelona\",\"url\":\"https:\\\/\\\/www.cpl.es\\\/\",\"logo\":{\"@type\":\"ImageObject\",\"inLanguage\":\"ca\",\"@id\":\"https:\\\/\\\/www.cpl.es\\\/#\\\/schema\\\/logo\\\/image\\\/\",\"url\":\"https:\\\/\\\/www.cpl.es\\\/wp-content\\\/uploads\\\/logo-cpl.svg\",\"contentUrl\":\"https:\\\/\\\/www.cpl.es\\\/wp-content\\\/uploads\\\/logo-cpl.svg\",\"caption\":\"Centre de Pastoral Lit\u00fargica\"},\"image\":{\"@id\":\"https:\\\/\\\/www.cpl.es\\\/#\\\/schema\\\/logo\\\/image\\\/\"}}]}<\/script>\n<!-- \/ Yoast SEO plugin. -->","yoast_head_json":{"title":"Urgencia de amor divino - CPL","robots":{"index":"index","follow":"follow","max-snippet":"max-snippet:-1","max-image-preview":"max-image-preview:large","max-video-preview":"max-video-preview:-1"},"canonical":"https:\/\/www.cpl.es\/producto\/urgencia-de-amor-divino-9788491650133\/","og_locale":"ca_ES","og_type":"article","og_title":"Urgencia de amor divino - CPL","og_description":"Gavarres, \u00c0ngel de les","og_url":"https:\/\/www.cpl.es\/producto\/urgencia-de-amor-divino-9788491650133\/","og_site_name":"CPL","article_modified_time":"2023-12-05T12:37:17+00:00","og_image":[{"width":280,"height":407,"url":"https:\/\/www.cpl.es\/wp-content\/uploads\/150021.jpg","type":"image\/jpeg"}],"twitter_card":"summary_large_image","twitter_misc":{"Temps estimat de lectura":"1 minut"},"schema":{"@context":"https:\/\/schema.org","@graph":[{"@type":"WebPage","@id":"https:\/\/www.cpl.es\/producto\/urgencia-de-amor-divino-9788491650133\/","url":"https:\/\/www.cpl.es\/producto\/urgencia-de-amor-divino-9788491650133\/","name":"Urgencia de amor divino - CPL","isPartOf":{"@id":"https:\/\/www.cpl.es\/#website"},"primaryImageOfPage":{"@id":"https:\/\/www.cpl.es\/producto\/urgencia-de-amor-divino-9788491650133\/#primaryimage"},"image":{"@id":"https:\/\/www.cpl.es\/producto\/urgencia-de-amor-divino-9788491650133\/#primaryimage"},"thumbnailUrl":"https:\/\/www.cpl.es\/wp-content\/uploads\/150021.jpg","datePublished":"2023-10-03T23:20:47+00:00","dateModified":"2023-12-05T12:37:17+00:00","breadcrumb":{"@id":"https:\/\/www.cpl.es\/producto\/urgencia-de-amor-divino-9788491650133\/#breadcrumb"},"inLanguage":"ca","potentialAction":[{"@type":"ReadAction","target":["https:\/\/www.cpl.es\/producto\/urgencia-de-amor-divino-9788491650133\/"]}]},{"@type":"ImageObject","inLanguage":"ca","@id":"https:\/\/www.cpl.es\/producto\/urgencia-de-amor-divino-9788491650133\/#primaryimage","url":"https:\/\/www.cpl.es\/wp-content\/uploads\/150021.jpg","contentUrl":"https:\/\/www.cpl.es\/wp-content\/uploads\/150021.jpg","width":280,"height":407,"caption":"150021.jpg"},{"@type":"BreadcrumbList","@id":"https:\/\/www.cpl.es\/producto\/urgencia-de-amor-divino-9788491650133\/#breadcrumb","itemListElement":[{"@type":"ListItem","position":1,"name":"Portada","item":"https:\/\/www.cpl.es\/ca\/"},{"@type":"ListItem","position":2,"name":"Cat\u00e0leg","item":"https:\/\/www.cpl.es\/ca\/cataleg\/"},{"@type":"ListItem","position":3,"name":"Urgencia de amor divino"}]},{"@type":"WebSite","@id":"https:\/\/www.cpl.es\/#website","url":"https:\/\/www.cpl.es\/","name":"CPL","description":"Centre de Pastoral Lit\u00fargica de Barcelona","publisher":{"@id":"https:\/\/www.cpl.es\/#organization"},"alternateName":"Centre de Pastoral Lit\u00fargica","potentialAction":[{"@type":"SearchAction","target":{"@type":"EntryPoint","urlTemplate":"https:\/\/www.cpl.es\/?s={search_term_string}"},"query-input":{"@type":"PropertyValueSpecification","valueRequired":true,"valueName":"search_term_string"}}],"inLanguage":"ca"},{"@type":"Organization","@id":"https:\/\/www.cpl.es\/#organization","name":"Centre de Pastoral Lit\u00fargica","alternateName":"Centre de Pastoral Lit\u00fargica de Barcelona","url":"https:\/\/www.cpl.es\/","logo":{"@type":"ImageObject","inLanguage":"ca","@id":"https:\/\/www.cpl.es\/#\/schema\/logo\/image\/","url":"https:\/\/www.cpl.es\/wp-content\/uploads\/logo-cpl.svg","contentUrl":"https:\/\/www.cpl.es\/wp-content\/uploads\/logo-cpl.svg","caption":"Centre de Pastoral Lit\u00fargica"},"image":{"@id":"https:\/\/www.cpl.es\/#\/schema\/logo\/image\/"}}]}},"_links":{"self":[{"href":"https:\/\/www.cpl.es\/ca\/wp-json\/wp\/v2\/product\/1755","targetHints":{"allow":["GET"]}}],"collection":[{"href":"https:\/\/www.cpl.es\/ca\/wp-json\/wp\/v2\/product"}],"about":[{"href":"https:\/\/www.cpl.es\/ca\/wp-json\/wp\/v2\/types\/product"}],"wp:featuredmedia":[{"embeddable":true,"href":"https:\/\/www.cpl.es\/ca\/wp-json\/wp\/v2\/media\/1756"}],"wp:attachment":[{"href":"https:\/\/www.cpl.es\/ca\/wp-json\/wp\/v2\/media?parent=1755"}],"wp:term":[{"taxonomy":"product_brand","embeddable":true,"href":"https:\/\/www.cpl.es\/ca\/wp-json\/wp\/v2\/product_brand?post=1755"},{"taxonomy":"product_cat","embeddable":true,"href":"https:\/\/www.cpl.es\/ca\/wp-json\/wp\/v2\/product_cat?post=1755"},{"taxonomy":"product_tag","embeddable":true,"href":"https:\/\/www.cpl.es\/ca\/wp-json\/wp\/v2\/product_tag?post=1755"}],"curies":[{"name":"wp","href":"https:\/\/api.w.org\/{rel}","templated":true}]}}