{"id":16969,"date":"2024-11-20T16:48:01","date_gmt":"2024-11-20T15:48:01","guid":{"rendered":"https:\/\/www.cpl.es\/producto\/peregrinos-de-esperanza-guia-y-materiales-para-vivir-el-jubileo-2025-9788491656548\/"},"modified":"2026-01-07T08:33:49","modified_gmt":"2026-01-07T07:33:49","slug":"peregrinos-de-esperanza-guia-y-materiales-para-vivir-el-jubileo-2025-9788491656548","status":"publish","type":"product","link":"https:\/\/www.cpl.es\/ca\/producto\/peregrinos-de-esperanza-guia-y-materiales-para-vivir-el-jubileo-2025-9788491656548\/","title":{"rendered":"Peregrinos de esperanza. Gu\u00eda y materiales para vivir el Jubileo 2025"},"content":{"rendered":"<p> El Jubileo 2025 abre un camino de esperanza para todas aquellas personas que desean vivir un encuentro vivo y personal con Jesucristo, puerta de salvaci\u00f3n. El presente libro puede ayudarnos en este camino, puesto que nos adentra en el significado del Jubileo a partir de sus ra\u00edces b\u00edblicas y su desarrollo en la historia de la Iglesia. Expone tambi\u00e9n los signos caracter\u00edsticos de todo A\u00f1o Santo, as\u00ed como la documentaci\u00f3n del Jubileo 2025: lema, logo, oraci\u00f3n, himno, calendario, bula, indulgencias. Como Roma es el centro hacia el cual tienden las peregrinaciones jubilares, se presentan brevemente sus iglesias vinculadas al presente A\u00f1o Santo. Finalmente, se recoge la liturgia preparada para el Jubileo 2025: los tres formularios de misa con sus lecturas, complementadas con un subsidio lit\u00fargico.;<\/p>\n","protected":false},"excerpt":{"rendered":"<p>Go\u00f1i Beasoain de Paulorena, Jos\u00e9 Antonio<\/p>\n","protected":false},"featured_media":21286,"template":"","meta":{"_acf_changed":false,"inline_featured_image":false},"product_brand":[],"product_cat":[44,75],"product_tag":[],"class_list":{"0":"post-16969","1":"product","2":"type-product","3":"status-publish","4":"has-post-thumbnail","6":"product_cat-dossiers-cpl","7":"product_cat-dossiers-cpl-colleccions-catala","9":"first","10":"instock","11":"taxable","12":"shipping-taxable","13":"purchasable","14":"product-type-simple"},"acf":{"autor":"Go\u00f1i Beasoain de Paulorena, Jos\u00e9 Antonio","codart":"101164","ediciones":"1","encuadernacion":"R\u00fastica","fecha_de_publicacion":"20\/11\/2024","novedad":true,"paginas":"188","subtitulo":"","orden":"999","portada":true,"idioma":"spa","coleccion_num":"164","booktrailer":"","ficha":"","muestra":"","presentacion":"","editorial":[{"ID":6736,"post_author":"2","post_date":"2023-10-06 08:35:24","post_date_gmt":"2023-10-06 06:35:24","post_content":"","post_title":"CPL","post_excerpt":"","post_status":"publish","comment_status":"closed","ping_status":"closed","post_password":"","post_name":"cpl","to_ping":"","pinged":"","post_modified":"2023-10-06 08:35:24","post_modified_gmt":"2023-10-06 06:35:24","post_content_filtered":"","post_parent":0,"guid":"https:\/\/nuevaweb.cpl.es\/editorial\/cpl\/","menu_order":0,"post_type":"editorial","post_mime_type":"","comment_count":"0","filter":"raw"}],"autores-libros":"","traductores-libros":"","ilustradores-libros":"","coleccion":"","formato":"","Venta_ebook_1_url":"","Venta_ebook_1_tienda":"","Venta_ebook_1_precio":"","Venta_ebook_2_url":"","Venta_ebook_2_tienda":"","Venta_ebook_2_precio":"","Venta_ebook_3_url":"","Venta_ebook_3_tienda":"","Venta_ebook_3_precio":"","Venta_ebook_4_url":"","Venta_ebook_4_tienda":"","Venta_ebook_4_precio":"","Venta_ebook_5_url":"","Venta_ebook_5_tienda":"","Venta_ebook_5_precio":"","Venta_ebook_6_url":"","Venta_ebook_6_tienda":"","Venta_ebook_6_precio":"","recomendamos":"","mas_vendido":"","tarifa":""},"yoast_head":"<!-- This site is optimized with the Yoast SEO plugin v27.5 - https:\/\/yoast.com\/product\/yoast-seo-wordpress\/ -->\n<title>Peregrinos de esperanza. Gu\u00eda y materiales para vivir el Jubileo 2025 - CPL<\/title>\n<meta name=\"robots\" content=\"index, follow, max-snippet:-1, max-image-preview:large, max-video-preview:-1\" \/>\n<link rel=\"canonical\" href=\"https:\/\/www.cpl.es\/producto\/peregrinos-de-esperanza-guia-y-materiales-para-vivir-el-jubileo-2025-9788491656548\/\" \/>\n<meta property=\"og:locale\" content=\"ca_ES\" \/>\n<meta property=\"og:type\" content=\"article\" \/>\n<meta property=\"og:title\" content=\"Peregrinos de esperanza. Gu\u00eda y materiales para vivir el Jubileo 2025 - CPL\" \/>\n<meta property=\"og:description\" content=\"Go\u00f1i Beasoain de Paulorena, Jos\u00e9 Antonio\" \/>\n<meta property=\"og:url\" content=\"https:\/\/www.cpl.es\/producto\/peregrinos-de-esperanza-guia-y-materiales-para-vivir-el-jubileo-2025-9788491656548\/\" \/>\n<meta property=\"og:site_name\" content=\"CPL\" \/>\n<meta property=\"article:modified_time\" content=\"2026-01-07T07:33:49+00:00\" \/>\n<meta property=\"og:image\" content=\"https:\/\/www.cpl.es\/wp-content\/uploads\/9788491656548-6.jpg\" \/>\n\t<meta property=\"og:image:width\" content=\"216\" \/>\n\t<meta property=\"og:image:height\" content=\"300\" \/>\n\t<meta property=\"og:image:type\" content=\"image\/jpeg\" \/>\n<meta name=\"twitter:card\" content=\"summary_large_image\" \/>\n<meta name=\"twitter:label1\" content=\"Temps estimat de lectura\" \/>\n\t<meta name=\"twitter:data1\" content=\"1 minut\" \/>\n<script type=\"application\/ld+json\" class=\"yoast-schema-graph\">{\"@context\":\"https:\\\/\\\/schema.org\",\"@graph\":[{\"@type\":\"WebPage\",\"@id\":\"https:\\\/\\\/www.cpl.es\\\/producto\\\/peregrinos-de-esperanza-guia-y-materiales-para-vivir-el-jubileo-2025-9788491656548\\\/\",\"url\":\"https:\\\/\\\/www.cpl.es\\\/producto\\\/peregrinos-de-esperanza-guia-y-materiales-para-vivir-el-jubileo-2025-9788491656548\\\/\",\"name\":\"Peregrinos de esperanza. Gu\u00eda y materiales para vivir el Jubileo 2025 - CPL\",\"isPartOf\":{\"@id\":\"https:\\\/\\\/www.cpl.es\\\/#website\"},\"primaryImageOfPage\":{\"@id\":\"https:\\\/\\\/www.cpl.es\\\/producto\\\/peregrinos-de-esperanza-guia-y-materiales-para-vivir-el-jubileo-2025-9788491656548\\\/#primaryimage\"},\"image\":{\"@id\":\"https:\\\/\\\/www.cpl.es\\\/producto\\\/peregrinos-de-esperanza-guia-y-materiales-para-vivir-el-jubileo-2025-9788491656548\\\/#primaryimage\"},\"thumbnailUrl\":\"https:\\\/\\\/www.cpl.es\\\/wp-content\\\/uploads\\\/9788491656548-6.jpg\",\"datePublished\":\"2024-11-20T15:48:01+00:00\",\"dateModified\":\"2026-01-07T07:33:49+00:00\",\"breadcrumb\":{\"@id\":\"https:\\\/\\\/www.cpl.es\\\/producto\\\/peregrinos-de-esperanza-guia-y-materiales-para-vivir-el-jubileo-2025-9788491656548\\\/#breadcrumb\"},\"inLanguage\":\"ca\",\"potentialAction\":[{\"@type\":\"ReadAction\",\"target\":[\"https:\\\/\\\/www.cpl.es\\\/producto\\\/peregrinos-de-esperanza-guia-y-materiales-para-vivir-el-jubileo-2025-9788491656548\\\/\"]}]},{\"@type\":\"ImageObject\",\"inLanguage\":\"ca\",\"@id\":\"https:\\\/\\\/www.cpl.es\\\/producto\\\/peregrinos-de-esperanza-guia-y-materiales-para-vivir-el-jubileo-2025-9788491656548\\\/#primaryimage\",\"url\":\"https:\\\/\\\/www.cpl.es\\\/wp-content\\\/uploads\\\/9788491656548-6.jpg\",\"contentUrl\":\"https:\\\/\\\/www.cpl.es\\\/wp-content\\\/uploads\\\/9788491656548-6.jpg\",\"width\":216,\"height\":300,\"caption\":\"9788491656548.jpg\"},{\"@type\":\"BreadcrumbList\",\"@id\":\"https:\\\/\\\/www.cpl.es\\\/producto\\\/peregrinos-de-esperanza-guia-y-materiales-para-vivir-el-jubileo-2025-9788491656548\\\/#breadcrumb\",\"itemListElement\":[{\"@type\":\"ListItem\",\"position\":1,\"name\":\"Portada\",\"item\":\"https:\\\/\\\/www.cpl.es\\\/ca\\\/\"},{\"@type\":\"ListItem\",\"position\":2,\"name\":\"Cat\u00e0leg\",\"item\":\"https:\\\/\\\/www.cpl.es\\\/ca\\\/cataleg\\\/\"},{\"@type\":\"ListItem\",\"position\":3,\"name\":\"Peregrinos de esperanza. Gu\u00eda y materiales para vivir el Jubileo 2025\"}]},{\"@type\":\"WebSite\",\"@id\":\"https:\\\/\\\/www.cpl.es\\\/#website\",\"url\":\"https:\\\/\\\/www.cpl.es\\\/\",\"name\":\"CPL\",\"description\":\"Centre de Pastoral Lit\u00fargica de Barcelona\",\"publisher\":{\"@id\":\"https:\\\/\\\/www.cpl.es\\\/#organization\"},\"alternateName\":\"Centre de Pastoral Lit\u00fargica\",\"potentialAction\":[{\"@type\":\"SearchAction\",\"target\":{\"@type\":\"EntryPoint\",\"urlTemplate\":\"https:\\\/\\\/www.cpl.es\\\/?s={search_term_string}\"},\"query-input\":{\"@type\":\"PropertyValueSpecification\",\"valueRequired\":true,\"valueName\":\"search_term_string\"}}],\"inLanguage\":\"ca\"},{\"@type\":\"Organization\",\"@id\":\"https:\\\/\\\/www.cpl.es\\\/#organization\",\"name\":\"Centre de Pastoral Lit\u00fargica\",\"alternateName\":\"Centre de Pastoral Lit\u00fargica de Barcelona\",\"url\":\"https:\\\/\\\/www.cpl.es\\\/\",\"logo\":{\"@type\":\"ImageObject\",\"inLanguage\":\"ca\",\"@id\":\"https:\\\/\\\/www.cpl.es\\\/#\\\/schema\\\/logo\\\/image\\\/\",\"url\":\"https:\\\/\\\/www.cpl.es\\\/wp-content\\\/uploads\\\/logo-cpl.svg\",\"contentUrl\":\"https:\\\/\\\/www.cpl.es\\\/wp-content\\\/uploads\\\/logo-cpl.svg\",\"caption\":\"Centre de Pastoral Lit\u00fargica\"},\"image\":{\"@id\":\"https:\\\/\\\/www.cpl.es\\\/#\\\/schema\\\/logo\\\/image\\\/\"}}]}<\/script>\n<!-- \/ Yoast SEO plugin. -->","yoast_head_json":{"title":"Peregrinos de esperanza. Gu\u00eda y materiales para vivir el Jubileo 2025 - CPL","robots":{"index":"index","follow":"follow","max-snippet":"max-snippet:-1","max-image-preview":"max-image-preview:large","max-video-preview":"max-video-preview:-1"},"canonical":"https:\/\/www.cpl.es\/producto\/peregrinos-de-esperanza-guia-y-materiales-para-vivir-el-jubileo-2025-9788491656548\/","og_locale":"ca_ES","og_type":"article","og_title":"Peregrinos de esperanza. Gu\u00eda y materiales para vivir el Jubileo 2025 - CPL","og_description":"Go\u00f1i Beasoain de Paulorena, Jos\u00e9 Antonio","og_url":"https:\/\/www.cpl.es\/producto\/peregrinos-de-esperanza-guia-y-materiales-para-vivir-el-jubileo-2025-9788491656548\/","og_site_name":"CPL","article_modified_time":"2026-01-07T07:33:49+00:00","og_image":[{"width":216,"height":300,"url":"https:\/\/www.cpl.es\/wp-content\/uploads\/9788491656548-6.jpg","type":"image\/jpeg"}],"twitter_card":"summary_large_image","twitter_misc":{"Temps estimat de lectura":"1 minut"},"schema":{"@context":"https:\/\/schema.org","@graph":[{"@type":"WebPage","@id":"https:\/\/www.cpl.es\/producto\/peregrinos-de-esperanza-guia-y-materiales-para-vivir-el-jubileo-2025-9788491656548\/","url":"https:\/\/www.cpl.es\/producto\/peregrinos-de-esperanza-guia-y-materiales-para-vivir-el-jubileo-2025-9788491656548\/","name":"Peregrinos de esperanza. Gu\u00eda y materiales para vivir el Jubileo 2025 - CPL","isPartOf":{"@id":"https:\/\/www.cpl.es\/#website"},"primaryImageOfPage":{"@id":"https:\/\/www.cpl.es\/producto\/peregrinos-de-esperanza-guia-y-materiales-para-vivir-el-jubileo-2025-9788491656548\/#primaryimage"},"image":{"@id":"https:\/\/www.cpl.es\/producto\/peregrinos-de-esperanza-guia-y-materiales-para-vivir-el-jubileo-2025-9788491656548\/#primaryimage"},"thumbnailUrl":"https:\/\/www.cpl.es\/wp-content\/uploads\/9788491656548-6.jpg","datePublished":"2024-11-20T15:48:01+00:00","dateModified":"2026-01-07T07:33:49+00:00","breadcrumb":{"@id":"https:\/\/www.cpl.es\/producto\/peregrinos-de-esperanza-guia-y-materiales-para-vivir-el-jubileo-2025-9788491656548\/#breadcrumb"},"inLanguage":"ca","potentialAction":[{"@type":"ReadAction","target":["https:\/\/www.cpl.es\/producto\/peregrinos-de-esperanza-guia-y-materiales-para-vivir-el-jubileo-2025-9788491656548\/"]}]},{"@type":"ImageObject","inLanguage":"ca","@id":"https:\/\/www.cpl.es\/producto\/peregrinos-de-esperanza-guia-y-materiales-para-vivir-el-jubileo-2025-9788491656548\/#primaryimage","url":"https:\/\/www.cpl.es\/wp-content\/uploads\/9788491656548-6.jpg","contentUrl":"https:\/\/www.cpl.es\/wp-content\/uploads\/9788491656548-6.jpg","width":216,"height":300,"caption":"9788491656548.jpg"},{"@type":"BreadcrumbList","@id":"https:\/\/www.cpl.es\/producto\/peregrinos-de-esperanza-guia-y-materiales-para-vivir-el-jubileo-2025-9788491656548\/#breadcrumb","itemListElement":[{"@type":"ListItem","position":1,"name":"Portada","item":"https:\/\/www.cpl.es\/ca\/"},{"@type":"ListItem","position":2,"name":"Cat\u00e0leg","item":"https:\/\/www.cpl.es\/ca\/cataleg\/"},{"@type":"ListItem","position":3,"name":"Peregrinos de esperanza. Gu\u00eda y materiales para vivir el Jubileo 2025"}]},{"@type":"WebSite","@id":"https:\/\/www.cpl.es\/#website","url":"https:\/\/www.cpl.es\/","name":"CPL","description":"Centre de Pastoral Lit\u00fargica de Barcelona","publisher":{"@id":"https:\/\/www.cpl.es\/#organization"},"alternateName":"Centre de Pastoral Lit\u00fargica","potentialAction":[{"@type":"SearchAction","target":{"@type":"EntryPoint","urlTemplate":"https:\/\/www.cpl.es\/?s={search_term_string}"},"query-input":{"@type":"PropertyValueSpecification","valueRequired":true,"valueName":"search_term_string"}}],"inLanguage":"ca"},{"@type":"Organization","@id":"https:\/\/www.cpl.es\/#organization","name":"Centre de Pastoral Lit\u00fargica","alternateName":"Centre de Pastoral Lit\u00fargica de Barcelona","url":"https:\/\/www.cpl.es\/","logo":{"@type":"ImageObject","inLanguage":"ca","@id":"https:\/\/www.cpl.es\/#\/schema\/logo\/image\/","url":"https:\/\/www.cpl.es\/wp-content\/uploads\/logo-cpl.svg","contentUrl":"https:\/\/www.cpl.es\/wp-content\/uploads\/logo-cpl.svg","caption":"Centre de Pastoral Lit\u00fargica"},"image":{"@id":"https:\/\/www.cpl.es\/#\/schema\/logo\/image\/"}}]}},"_links":{"self":[{"href":"https:\/\/www.cpl.es\/ca\/wp-json\/wp\/v2\/product\/16969","targetHints":{"allow":["GET"]}}],"collection":[{"href":"https:\/\/www.cpl.es\/ca\/wp-json\/wp\/v2\/product"}],"about":[{"href":"https:\/\/www.cpl.es\/ca\/wp-json\/wp\/v2\/types\/product"}],"wp:featuredmedia":[{"embeddable":true,"href":"https:\/\/www.cpl.es\/ca\/wp-json\/wp\/v2\/media\/21286"}],"wp:attachment":[{"href":"https:\/\/www.cpl.es\/ca\/wp-json\/wp\/v2\/media?parent=16969"}],"wp:term":[{"taxonomy":"product_brand","embeddable":true,"href":"https:\/\/www.cpl.es\/ca\/wp-json\/wp\/v2\/product_brand?post=16969"},{"taxonomy":"product_cat","embeddable":true,"href":"https:\/\/www.cpl.es\/ca\/wp-json\/wp\/v2\/product_cat?post=16969"},{"taxonomy":"product_tag","embeddable":true,"href":"https:\/\/www.cpl.es\/ca\/wp-json\/wp\/v2\/product_tag?post=16969"}],"curies":[{"name":"wp","href":"https:\/\/api.w.org\/{rel}","templated":true}]}}