{"id":1647,"date":"2023-10-04T01:17:29","date_gmt":"2023-10-03T23:17:29","guid":{"rendered":"https:\/\/nuevaweb.cpl.es\/producto\/los-pobres-salvaran-al-mundo-9788491650485\/"},"modified":"2026-02-12T17:47:04","modified_gmt":"2026-02-12T16:47:04","slug":"los-pobres-salvaran-al-mundo-9788491650485","status":"publish","type":"product","link":"https:\/\/www.cpl.es\/ca\/producto\/los-pobres-salvaran-al-mundo-9788491650485\/","title":{"rendered":"Los pobres salvar\u00e1n al mundo"},"content":{"rendered":"<p>Los pobres nos dan lo que ni las revoluciones, ni las ideolog\u00edas, ni los progresos t\u00e9cnicos y cient\u00edficos nos han dado: la salvaci\u00f3n, entendida como el mundo humano, equilibrado, acogedor, feliz&#8230; que todos so\u00f1amos. Esta visi\u00f3n, inspirada en el texto de Mons. Macry Crechi. Lo que la Iglesia pierde sin los pobres, cambia nuestra mirada en relaci\u00f3n a las personas que padecen cualquier clase de pobreza, y nos hace mucho m\u00e1s comprensible el Evangelio de Jes\u00fas.<br \/>Sin recurrir a idealizaciones, bien al contrario, Oriol Xirinachs nos muestra a partir de su dilatada experiencia, actitudes, cuestionamientos, percepciones, que se convierten en pistas para descubrir la presencia de Dios y la Buena Noticia de Jes\u00fas entre nosotros. Un libro que nos remite a la esperanza en medio de esta sociedad occidental tan afectada por crisis de toda clase.<\/p>\n<p>Oriol Xirinachs (Barcelona, 1935) es sacerdote de la di\u00f3cesis de Barcelona y miembro de la Asociaci\u00f3n de Sacerdotes del Prado. Ha ejercido todo su ministerio sacerdotal en barrios obreros y populares, a la vez que ha sido miembro activo en organizaciones en el mundo de la marginaci\u00f3n y en tareas de pastoral social. Es autor del libro Devolver a Jes\u00fas a los pobres, publicado en esta misma colecci\u00f3n.<\/p>\n<p><\/p>\n","protected":false},"excerpt":{"rendered":"<p>Xirinachs Benavent, Oriol<\/p>\n","protected":false},"featured_media":1648,"template":"","meta":{"_acf_changed":false,"inline_featured_image":false},"product_brand":[],"product_cat":[73,49,65,88],"product_tag":[],"class_list":{"0":"post-1647","1":"product","2":"type-product","3":"status-publish","4":"has-post-thumbnail","6":"product_cat-emaus-colleccions-catala","7":"product_cat-emaus","8":"product_cat-espiritualidad","9":"product_cat-espiritualitat","11":"first","12":"instock","13":"taxable","14":"shipping-taxable","15":"purchasable","16":"product-type-simple"},"acf":{"autor":"Xirinachs Benavent, Oriol","codart":"108144","ediciones":"1","encuadernacion":"R\u00fastica","fecha_de_publicacion":"21\/11\/2017","novedad":false,"paginas":"108","subtitulo":"","orden":"999","portada":false,"idioma":"spa","editorial":[{"ID":6736,"post_author":"2","post_date":"2023-10-06 08:35:24","post_date_gmt":"2023-10-06 06:35:24","post_content":"","post_title":"CPL","post_excerpt":"","post_status":"publish","comment_status":"closed","ping_status":"closed","post_password":"","post_name":"cpl","to_ping":"","pinged":"","post_modified":"2023-10-06 08:35:24","post_modified_gmt":"2023-10-06 06:35:24","post_content_filtered":"","post_parent":0,"guid":"https:\/\/nuevaweb.cpl.es\/editorial\/cpl\/","menu_order":0,"post_type":"editorial","post_mime_type":"","comment_count":"0","filter":"raw"}],"coleccion_num":"144"},"yoast_head":"<!-- This site is optimized with the Yoast SEO plugin v27.3 - https:\/\/yoast.com\/product\/yoast-seo-wordpress\/ -->\n<title>Los pobres salvar\u00e1n al mundo - CPL<\/title>\n<meta name=\"robots\" content=\"index, follow, max-snippet:-1, max-image-preview:large, max-video-preview:-1\" \/>\n<link rel=\"canonical\" href=\"https:\/\/www.cpl.es\/producto\/los-pobres-salvaran-al-mundo-9788491650485\/\" \/>\n<meta property=\"og:locale\" content=\"ca_ES\" \/>\n<meta property=\"og:type\" content=\"article\" \/>\n<meta property=\"og:title\" content=\"Los pobres salvar\u00e1n al mundo - CPL\" \/>\n<meta property=\"og:description\" content=\"Xirinachs Benavent, Oriol\" \/>\n<meta property=\"og:url\" content=\"https:\/\/www.cpl.es\/producto\/los-pobres-salvaran-al-mundo-9788491650485\/\" \/>\n<meta property=\"og:site_name\" content=\"CPL\" \/>\n<meta property=\"article:modified_time\" content=\"2026-02-12T16:47:04+00:00\" \/>\n<meta property=\"og:image\" content=\"https:\/\/www.cpl.es\/wp-content\/uploads\/108144.jpg\" \/>\n\t<meta property=\"og:image:width\" content=\"280\" \/>\n\t<meta property=\"og:image:height\" content=\"443\" \/>\n\t<meta property=\"og:image:type\" content=\"image\/jpeg\" \/>\n<meta name=\"twitter:card\" content=\"summary_large_image\" \/>\n<meta name=\"twitter:label1\" content=\"Temps estimat de lectura\" \/>\n\t<meta name=\"twitter:data1\" content=\"1 minut\" \/>\n<script type=\"application\/ld+json\" class=\"yoast-schema-graph\">{\"@context\":\"https:\\\/\\\/schema.org\",\"@graph\":[{\"@type\":\"WebPage\",\"@id\":\"https:\\\/\\\/www.cpl.es\\\/producto\\\/los-pobres-salvaran-al-mundo-9788491650485\\\/\",\"url\":\"https:\\\/\\\/www.cpl.es\\\/producto\\\/los-pobres-salvaran-al-mundo-9788491650485\\\/\",\"name\":\"Los pobres salvar\u00e1n al mundo - CPL\",\"isPartOf\":{\"@id\":\"https:\\\/\\\/www.cpl.es\\\/#website\"},\"primaryImageOfPage\":{\"@id\":\"https:\\\/\\\/www.cpl.es\\\/producto\\\/los-pobres-salvaran-al-mundo-9788491650485\\\/#primaryimage\"},\"image\":{\"@id\":\"https:\\\/\\\/www.cpl.es\\\/producto\\\/los-pobres-salvaran-al-mundo-9788491650485\\\/#primaryimage\"},\"thumbnailUrl\":\"https:\\\/\\\/www.cpl.es\\\/wp-content\\\/uploads\\\/108144.jpg\",\"datePublished\":\"2023-10-03T23:17:29+00:00\",\"dateModified\":\"2026-02-12T16:47:04+00:00\",\"breadcrumb\":{\"@id\":\"https:\\\/\\\/www.cpl.es\\\/producto\\\/los-pobres-salvaran-al-mundo-9788491650485\\\/#breadcrumb\"},\"inLanguage\":\"ca\",\"potentialAction\":[{\"@type\":\"ReadAction\",\"target\":[\"https:\\\/\\\/www.cpl.es\\\/producto\\\/los-pobres-salvaran-al-mundo-9788491650485\\\/\"]}]},{\"@type\":\"ImageObject\",\"inLanguage\":\"ca\",\"@id\":\"https:\\\/\\\/www.cpl.es\\\/producto\\\/los-pobres-salvaran-al-mundo-9788491650485\\\/#primaryimage\",\"url\":\"https:\\\/\\\/www.cpl.es\\\/wp-content\\\/uploads\\\/108144.jpg\",\"contentUrl\":\"https:\\\/\\\/www.cpl.es\\\/wp-content\\\/uploads\\\/108144.jpg\",\"width\":280,\"height\":443,\"caption\":\"108144.jpg\"},{\"@type\":\"BreadcrumbList\",\"@id\":\"https:\\\/\\\/www.cpl.es\\\/producto\\\/los-pobres-salvaran-al-mundo-9788491650485\\\/#breadcrumb\",\"itemListElement\":[{\"@type\":\"ListItem\",\"position\":1,\"name\":\"Portada\",\"item\":\"https:\\\/\\\/www.cpl.es\\\/ca\\\/\"},{\"@type\":\"ListItem\",\"position\":2,\"name\":\"Cat\u00e0leg\",\"item\":\"https:\\\/\\\/www.cpl.es\\\/ca\\\/cataleg\\\/\"},{\"@type\":\"ListItem\",\"position\":3,\"name\":\"Los pobres salvar\u00e1n al mundo\"}]},{\"@type\":\"WebSite\",\"@id\":\"https:\\\/\\\/www.cpl.es\\\/#website\",\"url\":\"https:\\\/\\\/www.cpl.es\\\/\",\"name\":\"CPL\",\"description\":\"Centre de Pastoral Lit\u00fargica de Barcelona\",\"publisher\":{\"@id\":\"https:\\\/\\\/www.cpl.es\\\/#organization\"},\"alternateName\":\"Centre de Pastoral Lit\u00fargica\",\"potentialAction\":[{\"@type\":\"SearchAction\",\"target\":{\"@type\":\"EntryPoint\",\"urlTemplate\":\"https:\\\/\\\/www.cpl.es\\\/?s={search_term_string}\"},\"query-input\":{\"@type\":\"PropertyValueSpecification\",\"valueRequired\":true,\"valueName\":\"search_term_string\"}}],\"inLanguage\":\"ca\"},{\"@type\":\"Organization\",\"@id\":\"https:\\\/\\\/www.cpl.es\\\/#organization\",\"name\":\"Centre de Pastoral Lit\u00fargica\",\"alternateName\":\"Centre de Pastoral Lit\u00fargica de Barcelona\",\"url\":\"https:\\\/\\\/www.cpl.es\\\/\",\"logo\":{\"@type\":\"ImageObject\",\"inLanguage\":\"ca\",\"@id\":\"https:\\\/\\\/www.cpl.es\\\/#\\\/schema\\\/logo\\\/image\\\/\",\"url\":\"https:\\\/\\\/www.cpl.es\\\/wp-content\\\/uploads\\\/logo-cpl.svg\",\"contentUrl\":\"https:\\\/\\\/www.cpl.es\\\/wp-content\\\/uploads\\\/logo-cpl.svg\",\"caption\":\"Centre de Pastoral Lit\u00fargica\"},\"image\":{\"@id\":\"https:\\\/\\\/www.cpl.es\\\/#\\\/schema\\\/logo\\\/image\\\/\"}}]}<\/script>\n<!-- \/ Yoast SEO plugin. -->","yoast_head_json":{"title":"Los pobres salvar\u00e1n al mundo - CPL","robots":{"index":"index","follow":"follow","max-snippet":"max-snippet:-1","max-image-preview":"max-image-preview:large","max-video-preview":"max-video-preview:-1"},"canonical":"https:\/\/www.cpl.es\/producto\/los-pobres-salvaran-al-mundo-9788491650485\/","og_locale":"ca_ES","og_type":"article","og_title":"Los pobres salvar\u00e1n al mundo - CPL","og_description":"Xirinachs Benavent, Oriol","og_url":"https:\/\/www.cpl.es\/producto\/los-pobres-salvaran-al-mundo-9788491650485\/","og_site_name":"CPL","article_modified_time":"2026-02-12T16:47:04+00:00","og_image":[{"width":280,"height":443,"url":"https:\/\/www.cpl.es\/wp-content\/uploads\/108144.jpg","type":"image\/jpeg"}],"twitter_card":"summary_large_image","twitter_misc":{"Temps estimat de lectura":"1 minut"},"schema":{"@context":"https:\/\/schema.org","@graph":[{"@type":"WebPage","@id":"https:\/\/www.cpl.es\/producto\/los-pobres-salvaran-al-mundo-9788491650485\/","url":"https:\/\/www.cpl.es\/producto\/los-pobres-salvaran-al-mundo-9788491650485\/","name":"Los pobres salvar\u00e1n al mundo - CPL","isPartOf":{"@id":"https:\/\/www.cpl.es\/#website"},"primaryImageOfPage":{"@id":"https:\/\/www.cpl.es\/producto\/los-pobres-salvaran-al-mundo-9788491650485\/#primaryimage"},"image":{"@id":"https:\/\/www.cpl.es\/producto\/los-pobres-salvaran-al-mundo-9788491650485\/#primaryimage"},"thumbnailUrl":"https:\/\/www.cpl.es\/wp-content\/uploads\/108144.jpg","datePublished":"2023-10-03T23:17:29+00:00","dateModified":"2026-02-12T16:47:04+00:00","breadcrumb":{"@id":"https:\/\/www.cpl.es\/producto\/los-pobres-salvaran-al-mundo-9788491650485\/#breadcrumb"},"inLanguage":"ca","potentialAction":[{"@type":"ReadAction","target":["https:\/\/www.cpl.es\/producto\/los-pobres-salvaran-al-mundo-9788491650485\/"]}]},{"@type":"ImageObject","inLanguage":"ca","@id":"https:\/\/www.cpl.es\/producto\/los-pobres-salvaran-al-mundo-9788491650485\/#primaryimage","url":"https:\/\/www.cpl.es\/wp-content\/uploads\/108144.jpg","contentUrl":"https:\/\/www.cpl.es\/wp-content\/uploads\/108144.jpg","width":280,"height":443,"caption":"108144.jpg"},{"@type":"BreadcrumbList","@id":"https:\/\/www.cpl.es\/producto\/los-pobres-salvaran-al-mundo-9788491650485\/#breadcrumb","itemListElement":[{"@type":"ListItem","position":1,"name":"Portada","item":"https:\/\/www.cpl.es\/ca\/"},{"@type":"ListItem","position":2,"name":"Cat\u00e0leg","item":"https:\/\/www.cpl.es\/ca\/cataleg\/"},{"@type":"ListItem","position":3,"name":"Los pobres salvar\u00e1n al mundo"}]},{"@type":"WebSite","@id":"https:\/\/www.cpl.es\/#website","url":"https:\/\/www.cpl.es\/","name":"CPL","description":"Centre de Pastoral Lit\u00fargica de Barcelona","publisher":{"@id":"https:\/\/www.cpl.es\/#organization"},"alternateName":"Centre de Pastoral Lit\u00fargica","potentialAction":[{"@type":"SearchAction","target":{"@type":"EntryPoint","urlTemplate":"https:\/\/www.cpl.es\/?s={search_term_string}"},"query-input":{"@type":"PropertyValueSpecification","valueRequired":true,"valueName":"search_term_string"}}],"inLanguage":"ca"},{"@type":"Organization","@id":"https:\/\/www.cpl.es\/#organization","name":"Centre de Pastoral Lit\u00fargica","alternateName":"Centre de Pastoral Lit\u00fargica de Barcelona","url":"https:\/\/www.cpl.es\/","logo":{"@type":"ImageObject","inLanguage":"ca","@id":"https:\/\/www.cpl.es\/#\/schema\/logo\/image\/","url":"https:\/\/www.cpl.es\/wp-content\/uploads\/logo-cpl.svg","contentUrl":"https:\/\/www.cpl.es\/wp-content\/uploads\/logo-cpl.svg","caption":"Centre de Pastoral Lit\u00fargica"},"image":{"@id":"https:\/\/www.cpl.es\/#\/schema\/logo\/image\/"}}]}},"_links":{"self":[{"href":"https:\/\/www.cpl.es\/ca\/wp-json\/wp\/v2\/product\/1647","targetHints":{"allow":["GET"]}}],"collection":[{"href":"https:\/\/www.cpl.es\/ca\/wp-json\/wp\/v2\/product"}],"about":[{"href":"https:\/\/www.cpl.es\/ca\/wp-json\/wp\/v2\/types\/product"}],"wp:featuredmedia":[{"embeddable":true,"href":"https:\/\/www.cpl.es\/ca\/wp-json\/wp\/v2\/media\/1648"}],"wp:attachment":[{"href":"https:\/\/www.cpl.es\/ca\/wp-json\/wp\/v2\/media?parent=1647"}],"wp:term":[{"taxonomy":"product_brand","embeddable":true,"href":"https:\/\/www.cpl.es\/ca\/wp-json\/wp\/v2\/product_brand?post=1647"},{"taxonomy":"product_cat","embeddable":true,"href":"https:\/\/www.cpl.es\/ca\/wp-json\/wp\/v2\/product_cat?post=1647"},{"taxonomy":"product_tag","embeddable":true,"href":"https:\/\/www.cpl.es\/ca\/wp-json\/wp\/v2\/product_tag?post=1647"}],"curies":[{"name":"wp","href":"https:\/\/api.w.org\/{rel}","templated":true}]}}