{"id":16315,"date":"2024-10-10T16:53:03","date_gmt":"2024-10-10T14:53:03","guid":{"rendered":"https:\/\/www.cpl.es\/producto\/els-evangelis-vistos-amb-humor-9788491656364\/"},"modified":"2025-10-03T11:14:28","modified_gmt":"2025-10-03T09:14:28","slug":"els-evangelis-vistos-amb-humor-9788491656364","status":"publish","type":"product","link":"https:\/\/www.cpl.es\/ca\/producto\/els-evangelis-vistos-amb-humor-9788491656364\/","title":{"rendered":"Els evangelis vistos amb humor"},"content":{"rendered":"<p> Les veritats que trobem en aquest llibre s\u00f3n ben grosses i sovint for\u00e7a punyents, per\u00f2 el sentit de l\u2019humor les fa m\u00e9s entenedores, per una part, i menys feridores, per una altra. El nou llibre d\u2019Enric Aren\u00f3s, Quique, ens apropa a temes que es repeteixen en els texts evang\u00e8lics des de diferents vessants, deixant ben clar la riquesa de la Paraula d\u2019aquests quatre codis de conducta que ens farien feli\u00e7os de veritat si la nostra vida s\u2019hi ajust\u00e9s. Els acudits que trobem en aquest llibre, s\u00f3n un bon ant\u00eddot contra la tristesa i el mal humor. D\u2019ac\u00ed que a la catequesi de les parr\u00f2quies i en les reflexions dels preveres per preparar les homilies, aniria molt b\u00e9 comentar i compartir el sentit d\u2019aquests dibuixos que ens aporten alegria i bon humor. Enric Aren\u00f3s Cort\u00e9s, Quique, va n\u00e9ixer a Vila-real (Castell\u00f3). \u00c9s un declarat admirador i seguidor de Mingote. Durant la seva traject\u00f2ria com a dibuixant ha fet m\u00e9s de 30.000 vinyetes en m\u00e9s de 60 revistes i diaris. Quan estudiava magisteri, la seva ocupaci\u00f3 principal, va fer el curs de dibuix humor\u00edstic dirigit per Josep Escobar a Barcelona. Quique, que \u00e9s el nom amb el qual signa, tamb\u00e9 ha publicat llibres sobre temes diversos, entre els quals el religi\u00f3s ocupa un lloc preferent. El 2010 aconsegu\u00ed el premi Mingote, el 2017 va rebre la medalla al m\u00e8rit cultural de la Generalitat Valenciana i el 2018, el premi Notari de l\u2019Humor de la Universitat d\u2019Alacant. La seva obra est\u00e0 exposada en diversos museus d\u2019humor. Editat en aquesta mateixa col\u00b7lecci\u00f3 La B\u00edblia vista amb humor.<\/p>\n","protected":false},"excerpt":{"rendered":"<p>Aren\u00f3s Cort\u00e9s, Enric Quique<\/p>\n","protected":false},"featured_media":16316,"template":"","meta":{"_acf_changed":false,"inline_featured_image":false},"product_brand":[],"product_cat":[100],"product_tag":[],"class_list":{"0":"post-16315","1":"product","2":"type-product","3":"status-publish","4":"has-post-thumbnail","6":"product_cat-cpl-libri-colleccions-catala","8":"first","9":"instock","10":"taxable","11":"shipping-taxable","12":"purchasable","13":"product-type-simple"},"acf":{"autor":"Aren\u00f3s Cort\u00e9s, Enric 'Quique'","codart":"217062","ediciones":"1","encuadernacion":"R\u00fastica","fecha_de_publicacion":"17\/09\/2024","novedad":true,"paginas":"140","subtitulo":"","orden":"999","portada":true,"idioma":"cat","coleccion_num":"62","editorial":[{"ID":6736,"post_author":"2","post_date":"2023-10-06 08:35:24","post_date_gmt":"2023-10-06 06:35:24","post_content":"","post_title":"CPL","post_excerpt":"","post_status":"publish","comment_status":"closed","ping_status":"closed","post_password":"","post_name":"cpl","to_ping":"","pinged":"","post_modified":"2023-10-06 08:35:24","post_modified_gmt":"2023-10-06 06:35:24","post_content_filtered":"","post_parent":0,"guid":"https:\/\/nuevaweb.cpl.es\/editorial\/cpl\/","menu_order":0,"post_type":"editorial","post_mime_type":"","comment_count":"0","filter":"raw"}],"booktrailer":"","ficha":"","muestra":"","presentacion":""},"yoast_head":"<!-- This site is optimized with the Yoast SEO plugin v27.3 - https:\/\/yoast.com\/product\/yoast-seo-wordpress\/ -->\n<title>Els evangelis vistos amb humor - CPL<\/title>\n<meta name=\"robots\" content=\"index, follow, max-snippet:-1, max-image-preview:large, max-video-preview:-1\" \/>\n<link rel=\"canonical\" href=\"https:\/\/www.cpl.es\/producto\/els-evangelis-vistos-amb-humor-9788491656364\/\" \/>\n<meta property=\"og:locale\" content=\"ca_ES\" \/>\n<meta property=\"og:type\" content=\"article\" \/>\n<meta property=\"og:title\" content=\"Els evangelis vistos amb humor - CPL\" \/>\n<meta property=\"og:description\" content=\"Aren\u00f3s Cort\u00e9s, Enric Quique\" \/>\n<meta property=\"og:url\" content=\"https:\/\/www.cpl.es\/producto\/els-evangelis-vistos-amb-humor-9788491656364\/\" \/>\n<meta property=\"og:site_name\" content=\"CPL\" \/>\n<meta property=\"article:modified_time\" content=\"2025-10-03T09:14:28+00:00\" \/>\n<meta property=\"og:image\" content=\"https:\/\/www.cpl.es\/wp-content\/uploads\/9788491656364.jpg\" \/>\n\t<meta property=\"og:image:width\" content=\"214\" \/>\n\t<meta property=\"og:image:height\" content=\"300\" \/>\n\t<meta property=\"og:image:type\" content=\"image\/jpeg\" \/>\n<meta name=\"twitter:card\" content=\"summary_large_image\" \/>\n<meta name=\"twitter:label1\" content=\"Temps estimat de lectura\" \/>\n\t<meta name=\"twitter:data1\" content=\"1 minut\" \/>\n<script type=\"application\/ld+json\" class=\"yoast-schema-graph\">{\"@context\":\"https:\\\/\\\/schema.org\",\"@graph\":[{\"@type\":\"WebPage\",\"@id\":\"https:\\\/\\\/www.cpl.es\\\/producto\\\/els-evangelis-vistos-amb-humor-9788491656364\\\/\",\"url\":\"https:\\\/\\\/www.cpl.es\\\/producto\\\/els-evangelis-vistos-amb-humor-9788491656364\\\/\",\"name\":\"Els evangelis vistos amb humor - CPL\",\"isPartOf\":{\"@id\":\"https:\\\/\\\/www.cpl.es\\\/#website\"},\"primaryImageOfPage\":{\"@id\":\"https:\\\/\\\/www.cpl.es\\\/producto\\\/els-evangelis-vistos-amb-humor-9788491656364\\\/#primaryimage\"},\"image\":{\"@id\":\"https:\\\/\\\/www.cpl.es\\\/producto\\\/els-evangelis-vistos-amb-humor-9788491656364\\\/#primaryimage\"},\"thumbnailUrl\":\"https:\\\/\\\/www.cpl.es\\\/wp-content\\\/uploads\\\/9788491656364.jpg\",\"datePublished\":\"2024-10-10T14:53:03+00:00\",\"dateModified\":\"2025-10-03T09:14:28+00:00\",\"breadcrumb\":{\"@id\":\"https:\\\/\\\/www.cpl.es\\\/producto\\\/els-evangelis-vistos-amb-humor-9788491656364\\\/#breadcrumb\"},\"inLanguage\":\"ca\",\"potentialAction\":[{\"@type\":\"ReadAction\",\"target\":[\"https:\\\/\\\/www.cpl.es\\\/producto\\\/els-evangelis-vistos-amb-humor-9788491656364\\\/\"]}]},{\"@type\":\"ImageObject\",\"inLanguage\":\"ca\",\"@id\":\"https:\\\/\\\/www.cpl.es\\\/producto\\\/els-evangelis-vistos-amb-humor-9788491656364\\\/#primaryimage\",\"url\":\"https:\\\/\\\/www.cpl.es\\\/wp-content\\\/uploads\\\/9788491656364.jpg\",\"contentUrl\":\"https:\\\/\\\/www.cpl.es\\\/wp-content\\\/uploads\\\/9788491656364.jpg\",\"width\":214,\"height\":300,\"caption\":\"9788491656364.jpg\"},{\"@type\":\"BreadcrumbList\",\"@id\":\"https:\\\/\\\/www.cpl.es\\\/producto\\\/els-evangelis-vistos-amb-humor-9788491656364\\\/#breadcrumb\",\"itemListElement\":[{\"@type\":\"ListItem\",\"position\":1,\"name\":\"Portada\",\"item\":\"https:\\\/\\\/www.cpl.es\\\/ca\\\/\"},{\"@type\":\"ListItem\",\"position\":2,\"name\":\"Cat\u00e0leg\",\"item\":\"https:\\\/\\\/www.cpl.es\\\/ca\\\/cataleg\\\/\"},{\"@type\":\"ListItem\",\"position\":3,\"name\":\"Els evangelis vistos amb humor\"}]},{\"@type\":\"WebSite\",\"@id\":\"https:\\\/\\\/www.cpl.es\\\/#website\",\"url\":\"https:\\\/\\\/www.cpl.es\\\/\",\"name\":\"CPL\",\"description\":\"Centre de Pastoral Lit\u00fargica de Barcelona\",\"publisher\":{\"@id\":\"https:\\\/\\\/www.cpl.es\\\/#organization\"},\"alternateName\":\"Centre de Pastoral Lit\u00fargica\",\"potentialAction\":[{\"@type\":\"SearchAction\",\"target\":{\"@type\":\"EntryPoint\",\"urlTemplate\":\"https:\\\/\\\/www.cpl.es\\\/?s={search_term_string}\"},\"query-input\":{\"@type\":\"PropertyValueSpecification\",\"valueRequired\":true,\"valueName\":\"search_term_string\"}}],\"inLanguage\":\"ca\"},{\"@type\":\"Organization\",\"@id\":\"https:\\\/\\\/www.cpl.es\\\/#organization\",\"name\":\"Centre de Pastoral Lit\u00fargica\",\"alternateName\":\"Centre de Pastoral Lit\u00fargica de Barcelona\",\"url\":\"https:\\\/\\\/www.cpl.es\\\/\",\"logo\":{\"@type\":\"ImageObject\",\"inLanguage\":\"ca\",\"@id\":\"https:\\\/\\\/www.cpl.es\\\/#\\\/schema\\\/logo\\\/image\\\/\",\"url\":\"https:\\\/\\\/www.cpl.es\\\/wp-content\\\/uploads\\\/logo-cpl.svg\",\"contentUrl\":\"https:\\\/\\\/www.cpl.es\\\/wp-content\\\/uploads\\\/logo-cpl.svg\",\"caption\":\"Centre de Pastoral Lit\u00fargica\"},\"image\":{\"@id\":\"https:\\\/\\\/www.cpl.es\\\/#\\\/schema\\\/logo\\\/image\\\/\"}}]}<\/script>\n<!-- \/ Yoast SEO plugin. -->","yoast_head_json":{"title":"Els evangelis vistos amb humor - CPL","robots":{"index":"index","follow":"follow","max-snippet":"max-snippet:-1","max-image-preview":"max-image-preview:large","max-video-preview":"max-video-preview:-1"},"canonical":"https:\/\/www.cpl.es\/producto\/els-evangelis-vistos-amb-humor-9788491656364\/","og_locale":"ca_ES","og_type":"article","og_title":"Els evangelis vistos amb humor - CPL","og_description":"Aren\u00f3s Cort\u00e9s, Enric Quique","og_url":"https:\/\/www.cpl.es\/producto\/els-evangelis-vistos-amb-humor-9788491656364\/","og_site_name":"CPL","article_modified_time":"2025-10-03T09:14:28+00:00","og_image":[{"width":214,"height":300,"url":"https:\/\/www.cpl.es\/wp-content\/uploads\/9788491656364.jpg","type":"image\/jpeg"}],"twitter_card":"summary_large_image","twitter_misc":{"Temps estimat de lectura":"1 minut"},"schema":{"@context":"https:\/\/schema.org","@graph":[{"@type":"WebPage","@id":"https:\/\/www.cpl.es\/producto\/els-evangelis-vistos-amb-humor-9788491656364\/","url":"https:\/\/www.cpl.es\/producto\/els-evangelis-vistos-amb-humor-9788491656364\/","name":"Els evangelis vistos amb humor - CPL","isPartOf":{"@id":"https:\/\/www.cpl.es\/#website"},"primaryImageOfPage":{"@id":"https:\/\/www.cpl.es\/producto\/els-evangelis-vistos-amb-humor-9788491656364\/#primaryimage"},"image":{"@id":"https:\/\/www.cpl.es\/producto\/els-evangelis-vistos-amb-humor-9788491656364\/#primaryimage"},"thumbnailUrl":"https:\/\/www.cpl.es\/wp-content\/uploads\/9788491656364.jpg","datePublished":"2024-10-10T14:53:03+00:00","dateModified":"2025-10-03T09:14:28+00:00","breadcrumb":{"@id":"https:\/\/www.cpl.es\/producto\/els-evangelis-vistos-amb-humor-9788491656364\/#breadcrumb"},"inLanguage":"ca","potentialAction":[{"@type":"ReadAction","target":["https:\/\/www.cpl.es\/producto\/els-evangelis-vistos-amb-humor-9788491656364\/"]}]},{"@type":"ImageObject","inLanguage":"ca","@id":"https:\/\/www.cpl.es\/producto\/els-evangelis-vistos-amb-humor-9788491656364\/#primaryimage","url":"https:\/\/www.cpl.es\/wp-content\/uploads\/9788491656364.jpg","contentUrl":"https:\/\/www.cpl.es\/wp-content\/uploads\/9788491656364.jpg","width":214,"height":300,"caption":"9788491656364.jpg"},{"@type":"BreadcrumbList","@id":"https:\/\/www.cpl.es\/producto\/els-evangelis-vistos-amb-humor-9788491656364\/#breadcrumb","itemListElement":[{"@type":"ListItem","position":1,"name":"Portada","item":"https:\/\/www.cpl.es\/ca\/"},{"@type":"ListItem","position":2,"name":"Cat\u00e0leg","item":"https:\/\/www.cpl.es\/ca\/cataleg\/"},{"@type":"ListItem","position":3,"name":"Els evangelis vistos amb humor"}]},{"@type":"WebSite","@id":"https:\/\/www.cpl.es\/#website","url":"https:\/\/www.cpl.es\/","name":"CPL","description":"Centre de Pastoral Lit\u00fargica de Barcelona","publisher":{"@id":"https:\/\/www.cpl.es\/#organization"},"alternateName":"Centre de Pastoral Lit\u00fargica","potentialAction":[{"@type":"SearchAction","target":{"@type":"EntryPoint","urlTemplate":"https:\/\/www.cpl.es\/?s={search_term_string}"},"query-input":{"@type":"PropertyValueSpecification","valueRequired":true,"valueName":"search_term_string"}}],"inLanguage":"ca"},{"@type":"Organization","@id":"https:\/\/www.cpl.es\/#organization","name":"Centre de Pastoral Lit\u00fargica","alternateName":"Centre de Pastoral Lit\u00fargica de Barcelona","url":"https:\/\/www.cpl.es\/","logo":{"@type":"ImageObject","inLanguage":"ca","@id":"https:\/\/www.cpl.es\/#\/schema\/logo\/image\/","url":"https:\/\/www.cpl.es\/wp-content\/uploads\/logo-cpl.svg","contentUrl":"https:\/\/www.cpl.es\/wp-content\/uploads\/logo-cpl.svg","caption":"Centre de Pastoral Lit\u00fargica"},"image":{"@id":"https:\/\/www.cpl.es\/#\/schema\/logo\/image\/"}}]}},"_links":{"self":[{"href":"https:\/\/www.cpl.es\/ca\/wp-json\/wp\/v2\/product\/16315","targetHints":{"allow":["GET"]}}],"collection":[{"href":"https:\/\/www.cpl.es\/ca\/wp-json\/wp\/v2\/product"}],"about":[{"href":"https:\/\/www.cpl.es\/ca\/wp-json\/wp\/v2\/types\/product"}],"wp:featuredmedia":[{"embeddable":true,"href":"https:\/\/www.cpl.es\/ca\/wp-json\/wp\/v2\/media\/16316"}],"wp:attachment":[{"href":"https:\/\/www.cpl.es\/ca\/wp-json\/wp\/v2\/media?parent=16315"}],"wp:term":[{"taxonomy":"product_brand","embeddable":true,"href":"https:\/\/www.cpl.es\/ca\/wp-json\/wp\/v2\/product_brand?post=16315"},{"taxonomy":"product_cat","embeddable":true,"href":"https:\/\/www.cpl.es\/ca\/wp-json\/wp\/v2\/product_cat?post=16315"},{"taxonomy":"product_tag","embeddable":true,"href":"https:\/\/www.cpl.es\/ca\/wp-json\/wp\/v2\/product_tag?post=16315"}],"curies":[{"name":"wp","href":"https:\/\/api.w.org\/{rel}","templated":true}]}}