{"id":16166,"date":"2024-09-26T10:53:02","date_gmt":"2024-09-26T08:53:02","guid":{"rendered":"https:\/\/www.cpl.es\/producto\/los-evangelios-vistos-con-humor-9788491656357\/"},"modified":"2025-10-03T11:11:48","modified_gmt":"2025-10-03T09:11:48","slug":"los-evangelios-vistos-con-humor-9788491656357","status":"publish","type":"product","link":"https:\/\/www.cpl.es\/ca\/producto\/los-evangelios-vistos-con-humor-9788491656357\/","title":{"rendered":"Los evangelios vistos con humor"},"content":{"rendered":"<p> Las verdades que encontramos en este libro son considerables y, a menudo, bastante punzantes, pero el sentido de humor las hace m\u00e1s entendibles, por un lado, y menos hirientes, por otro. El nuevo libro de Enric Aren\u00f3s, Quique, nos acerca a los temas que se repiten en los textos evang\u00e9licos desde distintas perspectivas, dejando clara la riqueza de la Palabra de estos cuatro c\u00f3dices de conducta, que nos har\u00edan felices de verdad si nuestra vida se ajustara a ellos. Los chistes que encontramos en este libro, son un buen ant\u00eddoto contra la tristeza y el mal humor. De aqu\u00ed que en la catequesis de las parroquias y en las reflexiones de los sacerdotes para preparar las homil\u00edas, ir\u00eda muy bien comentar y compartir el sentido de estos dibujos que nos aportan alegr\u00eda y buen humor. Enric Aren\u00f3s Cort\u00e9s, Quique, naci\u00f3 en Vila-real (Castell\u00f3n). Es un declarado admirador y seguidor de Mingote. En su trayectoria como dibujante ha hecho m\u00e1sde 30.000 vi\u00f1etas en m\u00e1s de 60  revistas y diarios. Cuando estudiaba magisterio, su ocupaci\u00f3n principal, hizo el curso de dibujo humor\u00edstico dirigido por Josep Escobar en Barcelona. Quique, que es el nombre con el que firma, tambi\u00e9n ha publicado libros sobre temas diversos, entre los cuales el religioso ocupa un lugar preferente. En el a\u00f1o 2010 consigui\u00f3 el premio Mingote, en el 2017 recibi\u00f3 la medalla al m\u00e9rito cultural de la Generalitat Valenciana y en el 2018, el premio Notario del Humor de la Universidad de Alicante. El autor tiene obra expuesta en varios museos de humor. Editado en esta misma colecci\u00f3n La B\u00edblia vista con humor.<\/p>\n","protected":false},"excerpt":{"rendered":"<p>Aren\u00f3s Cort\u00e9s, Enric Quique<\/p>\n","protected":false},"featured_media":16246,"template":"","meta":{"_acf_changed":false,"inline_featured_image":false},"product_brand":[],"product_cat":[100,99],"product_tag":[],"class_list":{"0":"post-16166","1":"product","2":"type-product","3":"status-publish","4":"has-post-thumbnail","6":"product_cat-cpl-libri-colleccions-catala","7":"product_cat-cpl-libri","9":"first","10":"instock","11":"taxable","12":"shipping-taxable","13":"purchasable","14":"product-type-simple"},"acf":{"autor":"Aren\u00f3s Cort\u00e9s, Enric 'Quique'","codart":"117062","ediciones":"1","encuadernacion":"R\u00fastica","fecha_de_publicacion":"17\/09\/2024","novedad":true,"paginas":"140","subtitulo":"","orden":"20","portada":true,"idioma":"spa","coleccion_num":"62","editorial":[{"ID":6736,"post_author":"2","post_date":"2023-10-06 08:35:24","post_date_gmt":"2023-10-06 06:35:24","post_content":"","post_title":"CPL","post_excerpt":"","post_status":"publish","comment_status":"closed","ping_status":"closed","post_password":"","post_name":"cpl","to_ping":"","pinged":"","post_modified":"2023-10-06 08:35:24","post_modified_gmt":"2023-10-06 06:35:24","post_content_filtered":"","post_parent":0,"guid":"https:\/\/nuevaweb.cpl.es\/editorial\/cpl\/","menu_order":0,"post_type":"editorial","post_mime_type":"","comment_count":"0","filter":"raw"}],"booktrailer":"","ficha":"","muestra":"","presentacion":""},"yoast_head":"<!-- This site is optimized with the Yoast SEO plugin v27.3 - https:\/\/yoast.com\/product\/yoast-seo-wordpress\/ -->\n<title>Los evangelios vistos con humor - CPL<\/title>\n<meta name=\"robots\" content=\"index, follow, max-snippet:-1, max-image-preview:large, max-video-preview:-1\" \/>\n<link rel=\"canonical\" href=\"https:\/\/www.cpl.es\/producto\/los-evangelios-vistos-con-humor-9788491656357\/\" \/>\n<meta property=\"og:locale\" content=\"ca_ES\" \/>\n<meta property=\"og:type\" content=\"article\" \/>\n<meta property=\"og:title\" content=\"Los evangelios vistos con humor - CPL\" \/>\n<meta property=\"og:description\" content=\"Aren\u00f3s Cort\u00e9s, Enric Quique\" \/>\n<meta property=\"og:url\" content=\"https:\/\/www.cpl.es\/producto\/los-evangelios-vistos-con-humor-9788491656357\/\" \/>\n<meta property=\"og:site_name\" content=\"CPL\" \/>\n<meta property=\"article:modified_time\" content=\"2025-10-03T09:11:48+00:00\" \/>\n<meta property=\"og:image\" content=\"https:\/\/www.cpl.es\/wp-content\/uploads\/9788491656357-2.jpg\" \/>\n\t<meta property=\"og:image:width\" content=\"214\" \/>\n\t<meta property=\"og:image:height\" content=\"300\" \/>\n\t<meta property=\"og:image:type\" content=\"image\/jpeg\" \/>\n<meta name=\"twitter:card\" content=\"summary_large_image\" \/>\n<meta name=\"twitter:label1\" content=\"Temps estimat de lectura\" \/>\n\t<meta name=\"twitter:data1\" content=\"1 minut\" \/>\n<script type=\"application\/ld+json\" class=\"yoast-schema-graph\">{\"@context\":\"https:\\\/\\\/schema.org\",\"@graph\":[{\"@type\":\"WebPage\",\"@id\":\"https:\\\/\\\/www.cpl.es\\\/producto\\\/los-evangelios-vistos-con-humor-9788491656357\\\/\",\"url\":\"https:\\\/\\\/www.cpl.es\\\/producto\\\/los-evangelios-vistos-con-humor-9788491656357\\\/\",\"name\":\"Los evangelios vistos con humor - CPL\",\"isPartOf\":{\"@id\":\"https:\\\/\\\/www.cpl.es\\\/#website\"},\"primaryImageOfPage\":{\"@id\":\"https:\\\/\\\/www.cpl.es\\\/producto\\\/los-evangelios-vistos-con-humor-9788491656357\\\/#primaryimage\"},\"image\":{\"@id\":\"https:\\\/\\\/www.cpl.es\\\/producto\\\/los-evangelios-vistos-con-humor-9788491656357\\\/#primaryimage\"},\"thumbnailUrl\":\"https:\\\/\\\/www.cpl.es\\\/wp-content\\\/uploads\\\/9788491656357-2.jpg\",\"datePublished\":\"2024-09-26T08:53:02+00:00\",\"dateModified\":\"2025-10-03T09:11:48+00:00\",\"breadcrumb\":{\"@id\":\"https:\\\/\\\/www.cpl.es\\\/producto\\\/los-evangelios-vistos-con-humor-9788491656357\\\/#breadcrumb\"},\"inLanguage\":\"ca\",\"potentialAction\":[{\"@type\":\"ReadAction\",\"target\":[\"https:\\\/\\\/www.cpl.es\\\/producto\\\/los-evangelios-vistos-con-humor-9788491656357\\\/\"]}]},{\"@type\":\"ImageObject\",\"inLanguage\":\"ca\",\"@id\":\"https:\\\/\\\/www.cpl.es\\\/producto\\\/los-evangelios-vistos-con-humor-9788491656357\\\/#primaryimage\",\"url\":\"https:\\\/\\\/www.cpl.es\\\/wp-content\\\/uploads\\\/9788491656357-2.jpg\",\"contentUrl\":\"https:\\\/\\\/www.cpl.es\\\/wp-content\\\/uploads\\\/9788491656357-2.jpg\",\"width\":214,\"height\":300,\"caption\":\"9788491656357.jpg\"},{\"@type\":\"BreadcrumbList\",\"@id\":\"https:\\\/\\\/www.cpl.es\\\/producto\\\/los-evangelios-vistos-con-humor-9788491656357\\\/#breadcrumb\",\"itemListElement\":[{\"@type\":\"ListItem\",\"position\":1,\"name\":\"Portada\",\"item\":\"https:\\\/\\\/www.cpl.es\\\/ca\\\/\"},{\"@type\":\"ListItem\",\"position\":2,\"name\":\"Cat\u00e0leg\",\"item\":\"https:\\\/\\\/www.cpl.es\\\/ca\\\/cataleg\\\/\"},{\"@type\":\"ListItem\",\"position\":3,\"name\":\"Los evangelios vistos con humor\"}]},{\"@type\":\"WebSite\",\"@id\":\"https:\\\/\\\/www.cpl.es\\\/#website\",\"url\":\"https:\\\/\\\/www.cpl.es\\\/\",\"name\":\"CPL\",\"description\":\"Centre de Pastoral Lit\u00fargica de Barcelona\",\"publisher\":{\"@id\":\"https:\\\/\\\/www.cpl.es\\\/#organization\"},\"alternateName\":\"Centre de Pastoral Lit\u00fargica\",\"potentialAction\":[{\"@type\":\"SearchAction\",\"target\":{\"@type\":\"EntryPoint\",\"urlTemplate\":\"https:\\\/\\\/www.cpl.es\\\/?s={search_term_string}\"},\"query-input\":{\"@type\":\"PropertyValueSpecification\",\"valueRequired\":true,\"valueName\":\"search_term_string\"}}],\"inLanguage\":\"ca\"},{\"@type\":\"Organization\",\"@id\":\"https:\\\/\\\/www.cpl.es\\\/#organization\",\"name\":\"Centre de Pastoral Lit\u00fargica\",\"alternateName\":\"Centre de Pastoral Lit\u00fargica de Barcelona\",\"url\":\"https:\\\/\\\/www.cpl.es\\\/\",\"logo\":{\"@type\":\"ImageObject\",\"inLanguage\":\"ca\",\"@id\":\"https:\\\/\\\/www.cpl.es\\\/#\\\/schema\\\/logo\\\/image\\\/\",\"url\":\"https:\\\/\\\/www.cpl.es\\\/wp-content\\\/uploads\\\/logo-cpl.svg\",\"contentUrl\":\"https:\\\/\\\/www.cpl.es\\\/wp-content\\\/uploads\\\/logo-cpl.svg\",\"caption\":\"Centre de Pastoral Lit\u00fargica\"},\"image\":{\"@id\":\"https:\\\/\\\/www.cpl.es\\\/#\\\/schema\\\/logo\\\/image\\\/\"}}]}<\/script>\n<!-- \/ Yoast SEO plugin. -->","yoast_head_json":{"title":"Los evangelios vistos con humor - CPL","robots":{"index":"index","follow":"follow","max-snippet":"max-snippet:-1","max-image-preview":"max-image-preview:large","max-video-preview":"max-video-preview:-1"},"canonical":"https:\/\/www.cpl.es\/producto\/los-evangelios-vistos-con-humor-9788491656357\/","og_locale":"ca_ES","og_type":"article","og_title":"Los evangelios vistos con humor - CPL","og_description":"Aren\u00f3s Cort\u00e9s, Enric Quique","og_url":"https:\/\/www.cpl.es\/producto\/los-evangelios-vistos-con-humor-9788491656357\/","og_site_name":"CPL","article_modified_time":"2025-10-03T09:11:48+00:00","og_image":[{"width":214,"height":300,"url":"https:\/\/www.cpl.es\/wp-content\/uploads\/9788491656357-2.jpg","type":"image\/jpeg"}],"twitter_card":"summary_large_image","twitter_misc":{"Temps estimat de lectura":"1 minut"},"schema":{"@context":"https:\/\/schema.org","@graph":[{"@type":"WebPage","@id":"https:\/\/www.cpl.es\/producto\/los-evangelios-vistos-con-humor-9788491656357\/","url":"https:\/\/www.cpl.es\/producto\/los-evangelios-vistos-con-humor-9788491656357\/","name":"Los evangelios vistos con humor - CPL","isPartOf":{"@id":"https:\/\/www.cpl.es\/#website"},"primaryImageOfPage":{"@id":"https:\/\/www.cpl.es\/producto\/los-evangelios-vistos-con-humor-9788491656357\/#primaryimage"},"image":{"@id":"https:\/\/www.cpl.es\/producto\/los-evangelios-vistos-con-humor-9788491656357\/#primaryimage"},"thumbnailUrl":"https:\/\/www.cpl.es\/wp-content\/uploads\/9788491656357-2.jpg","datePublished":"2024-09-26T08:53:02+00:00","dateModified":"2025-10-03T09:11:48+00:00","breadcrumb":{"@id":"https:\/\/www.cpl.es\/producto\/los-evangelios-vistos-con-humor-9788491656357\/#breadcrumb"},"inLanguage":"ca","potentialAction":[{"@type":"ReadAction","target":["https:\/\/www.cpl.es\/producto\/los-evangelios-vistos-con-humor-9788491656357\/"]}]},{"@type":"ImageObject","inLanguage":"ca","@id":"https:\/\/www.cpl.es\/producto\/los-evangelios-vistos-con-humor-9788491656357\/#primaryimage","url":"https:\/\/www.cpl.es\/wp-content\/uploads\/9788491656357-2.jpg","contentUrl":"https:\/\/www.cpl.es\/wp-content\/uploads\/9788491656357-2.jpg","width":214,"height":300,"caption":"9788491656357.jpg"},{"@type":"BreadcrumbList","@id":"https:\/\/www.cpl.es\/producto\/los-evangelios-vistos-con-humor-9788491656357\/#breadcrumb","itemListElement":[{"@type":"ListItem","position":1,"name":"Portada","item":"https:\/\/www.cpl.es\/ca\/"},{"@type":"ListItem","position":2,"name":"Cat\u00e0leg","item":"https:\/\/www.cpl.es\/ca\/cataleg\/"},{"@type":"ListItem","position":3,"name":"Los evangelios vistos con humor"}]},{"@type":"WebSite","@id":"https:\/\/www.cpl.es\/#website","url":"https:\/\/www.cpl.es\/","name":"CPL","description":"Centre de Pastoral Lit\u00fargica de Barcelona","publisher":{"@id":"https:\/\/www.cpl.es\/#organization"},"alternateName":"Centre de Pastoral Lit\u00fargica","potentialAction":[{"@type":"SearchAction","target":{"@type":"EntryPoint","urlTemplate":"https:\/\/www.cpl.es\/?s={search_term_string}"},"query-input":{"@type":"PropertyValueSpecification","valueRequired":true,"valueName":"search_term_string"}}],"inLanguage":"ca"},{"@type":"Organization","@id":"https:\/\/www.cpl.es\/#organization","name":"Centre de Pastoral Lit\u00fargica","alternateName":"Centre de Pastoral Lit\u00fargica de Barcelona","url":"https:\/\/www.cpl.es\/","logo":{"@type":"ImageObject","inLanguage":"ca","@id":"https:\/\/www.cpl.es\/#\/schema\/logo\/image\/","url":"https:\/\/www.cpl.es\/wp-content\/uploads\/logo-cpl.svg","contentUrl":"https:\/\/www.cpl.es\/wp-content\/uploads\/logo-cpl.svg","caption":"Centre de Pastoral Lit\u00fargica"},"image":{"@id":"https:\/\/www.cpl.es\/#\/schema\/logo\/image\/"}}]}},"_links":{"self":[{"href":"https:\/\/www.cpl.es\/ca\/wp-json\/wp\/v2\/product\/16166","targetHints":{"allow":["GET"]}}],"collection":[{"href":"https:\/\/www.cpl.es\/ca\/wp-json\/wp\/v2\/product"}],"about":[{"href":"https:\/\/www.cpl.es\/ca\/wp-json\/wp\/v2\/types\/product"}],"wp:featuredmedia":[{"embeddable":true,"href":"https:\/\/www.cpl.es\/ca\/wp-json\/wp\/v2\/media\/16246"}],"wp:attachment":[{"href":"https:\/\/www.cpl.es\/ca\/wp-json\/wp\/v2\/media?parent=16166"}],"wp:term":[{"taxonomy":"product_brand","embeddable":true,"href":"https:\/\/www.cpl.es\/ca\/wp-json\/wp\/v2\/product_brand?post=16166"},{"taxonomy":"product_cat","embeddable":true,"href":"https:\/\/www.cpl.es\/ca\/wp-json\/wp\/v2\/product_cat?post=16166"},{"taxonomy":"product_tag","embeddable":true,"href":"https:\/\/www.cpl.es\/ca\/wp-json\/wp\/v2\/product_tag?post=16166"}],"curies":[{"name":"wp","href":"https:\/\/api.w.org\/{rel}","templated":true}]}}