{"id":1605,"date":"2023-10-04T01:16:11","date_gmt":"2023-10-03T23:16:11","guid":{"rendered":"https:\/\/nuevaweb.cpl.es\/producto\/la-forma-de-la-liturgia-9788491650409\/"},"modified":"2023-12-05T13:36:52","modified_gmt":"2023-12-05T12:36:52","slug":"la-forma-de-la-liturgia-9788491650409","status":"publish","type":"product","link":"https:\/\/www.cpl.es\/ca\/producto\/la-forma-de-la-liturgia-9788491650409\/","title":{"rendered":"La forma de la liturgia"},"content":{"rendered":"<p>&#8216;El esquema ritual de la Eucarist\u00eda revela la comprensi\u00f3n esencial cristiana de la vida humana'. Esta afirmaci\u00f3n, que el monje benedictino anglicano Gregory Dix (1901- 1952) incluye en la introducci\u00f3n a La forma de la liturgia, encuentra su plena justificaci\u00f3n con este exhaustivo estudio de los ritos de la Eucarist\u00eda, un cl\u00e1sico escrito en 1945, cuya primera traducci\u00f3n completa al castellano ofrecemos en la colecci\u00f3n Biblioteca Lit\u00fargica. Dix ofrece una visi\u00f3n que coincide ampliamente avant la lettre con el esp\u00edritu conciliar del Vaticano II y que se desarrolla en un lenguaje divulgativo al alcance de todos. Un libro imprescindible.<\/p>\n<p>Gregory Dix, nacido en Londres como George Eglinton Alston (1901- 1952), fue un monje benedictino de la Comuni\u00f3n anglicana. Profesor de historia en el Keble College de Oxford, fue ordenado sacerdote en 1925. Al a\u00f1o siguiente ingres\u00f3 en la abad\u00eda Nashdom, de la que fue nombrado prior en 1945. Dix se dedic\u00f3 especialmente al estudio de la liturgia. Trabaj\u00f3 en la edici\u00f3n de la Tradici\u00f3n Apost\u00f3lica en 1935 y su obra culminante es, sin duda, La forma de la liturgia, que ejerci\u00f3 una amplia influencia en la reforma de la liturgia anglicana a mediados del siglo XX. La liturgia eucar\u00edstica, como centro y plenitud de la vida cristiana, es analizada en La forma de la liturgia desde un punto de vista teol\u00f3gico e hist\u00f3rico, en relaci\u00f3n simbi\u00f3tica con los hechos que han ido marcando a la Iglesia y a la sociedad en la que esta se ha desarrollado.<\/p>\n","protected":false},"excerpt":{"rendered":"<p>Dix, Gregory<\/p>\n","protected":false},"featured_media":1606,"template":"","meta":{"_acf_changed":false,"inline_featured_image":false},"product_brand":[],"product_cat":[46,74,115,137,62,85,84,61],"product_tag":[],"class_list":{"0":"post-1605","1":"product","2":"type-product","3":"status-publish","4":"has-post-thumbnail","6":"product_cat-biblioteca-liturgica","7":"product_cat-biblioteca-liturgica-colleccions-catala","8":"product_cat-eucaristia","9":"product_cat-eucaristia-sagraments-per-temes","10":"product_cat-historia-de-la-liturgia","11":"product_cat-historia-de-la-liturgia-per-temes-catala","12":"product_cat-liturgia-i-teologia","13":"product_cat-liturgia-y-teologia","15":"first","16":"instock","17":"taxable","18":"shipping-taxable","19":"purchasable","20":"product-type-simple"},"acf":{"autor":"Dix, Gregory","codart":"111054","ediciones":"1","encuadernacion":"Cartone","fecha_de_publicacion":"29\/12\/2017","novedad":false,"paginas":"980","subtitulo":"","orden":"999","portada":false,"idioma":"spa","editorial":[{"ID":6736,"post_author":"2","post_date":"2023-10-06 08:35:24","post_date_gmt":"2023-10-06 06:35:24","post_content":"","post_title":"CPL","post_excerpt":"","post_status":"publish","comment_status":"closed","ping_status":"closed","post_password":"","post_name":"cpl","to_ping":"","pinged":"","post_modified":"2023-10-06 08:35:24","post_modified_gmt":"2023-10-06 06:35:24","post_content_filtered":"","post_parent":0,"guid":"https:\/\/nuevaweb.cpl.es\/editorial\/cpl\/","menu_order":0,"post_type":"editorial","post_mime_type":"","comment_count":"0","filter":"raw"}]},"yoast_head":"<!-- This site is optimized with the Yoast SEO plugin v27.3 - https:\/\/yoast.com\/product\/yoast-seo-wordpress\/ -->\n<title>La forma de la liturgia - CPL<\/title>\n<meta name=\"robots\" content=\"index, follow, max-snippet:-1, max-image-preview:large, max-video-preview:-1\" \/>\n<link rel=\"canonical\" href=\"https:\/\/www.cpl.es\/ca\/producto\/la-forma-de-la-liturgia-9788491650409\/\" \/>\n<meta property=\"og:locale\" content=\"ca_ES\" \/>\n<meta property=\"og:type\" content=\"article\" \/>\n<meta property=\"og:title\" content=\"La forma de la liturgia - CPL\" \/>\n<meta property=\"og:description\" content=\"Dix, Gregory\" \/>\n<meta property=\"og:url\" content=\"https:\/\/www.cpl.es\/ca\/producto\/la-forma-de-la-liturgia-9788491650409\/\" \/>\n<meta property=\"og:site_name\" content=\"CPL\" \/>\n<meta property=\"article:modified_time\" content=\"2023-12-05T12:36:52+00:00\" \/>\n<meta property=\"og:image\" content=\"https:\/\/www.cpl.es\/wp-content\/uploads\/111054.jpg\" \/>\n\t<meta property=\"og:image:width\" content=\"280\" \/>\n\t<meta property=\"og:image:height\" content=\"385\" \/>\n\t<meta property=\"og:image:type\" content=\"image\/jpeg\" \/>\n<meta name=\"twitter:card\" content=\"summary_large_image\" \/>\n<meta name=\"twitter:label1\" content=\"Temps estimat de lectura\" \/>\n\t<meta name=\"twitter:data1\" content=\"1 minut\" \/>\n<script type=\"application\/ld+json\" class=\"yoast-schema-graph\">{\"@context\":\"https:\\\/\\\/schema.org\",\"@graph\":[{\"@type\":\"WebPage\",\"@id\":\"https:\\\/\\\/www.cpl.es\\\/ca\\\/producto\\\/la-forma-de-la-liturgia-9788491650409\\\/\",\"url\":\"https:\\\/\\\/www.cpl.es\\\/ca\\\/producto\\\/la-forma-de-la-liturgia-9788491650409\\\/\",\"name\":\"La forma de la liturgia - CPL\",\"isPartOf\":{\"@id\":\"https:\\\/\\\/www.cpl.es\\\/#website\"},\"primaryImageOfPage\":{\"@id\":\"https:\\\/\\\/www.cpl.es\\\/ca\\\/producto\\\/la-forma-de-la-liturgia-9788491650409\\\/#primaryimage\"},\"image\":{\"@id\":\"https:\\\/\\\/www.cpl.es\\\/ca\\\/producto\\\/la-forma-de-la-liturgia-9788491650409\\\/#primaryimage\"},\"thumbnailUrl\":\"https:\\\/\\\/www.cpl.es\\\/wp-content\\\/uploads\\\/111054.jpg\",\"datePublished\":\"2023-10-03T23:16:11+00:00\",\"dateModified\":\"2023-12-05T12:36:52+00:00\",\"breadcrumb\":{\"@id\":\"https:\\\/\\\/www.cpl.es\\\/ca\\\/producto\\\/la-forma-de-la-liturgia-9788491650409\\\/#breadcrumb\"},\"inLanguage\":\"ca\",\"potentialAction\":[{\"@type\":\"ReadAction\",\"target\":[\"https:\\\/\\\/www.cpl.es\\\/ca\\\/producto\\\/la-forma-de-la-liturgia-9788491650409\\\/\"]}]},{\"@type\":\"ImageObject\",\"inLanguage\":\"ca\",\"@id\":\"https:\\\/\\\/www.cpl.es\\\/ca\\\/producto\\\/la-forma-de-la-liturgia-9788491650409\\\/#primaryimage\",\"url\":\"https:\\\/\\\/www.cpl.es\\\/wp-content\\\/uploads\\\/111054.jpg\",\"contentUrl\":\"https:\\\/\\\/www.cpl.es\\\/wp-content\\\/uploads\\\/111054.jpg\",\"width\":280,\"height\":385,\"caption\":\"111054.jpg\"},{\"@type\":\"BreadcrumbList\",\"@id\":\"https:\\\/\\\/www.cpl.es\\\/ca\\\/producto\\\/la-forma-de-la-liturgia-9788491650409\\\/#breadcrumb\",\"itemListElement\":[{\"@type\":\"ListItem\",\"position\":1,\"name\":\"Portada\",\"item\":\"https:\\\/\\\/www.cpl.es\\\/ca\\\/\"},{\"@type\":\"ListItem\",\"position\":2,\"name\":\"Cat\u00e0leg\",\"item\":\"https:\\\/\\\/www.cpl.es\\\/ca\\\/cataleg\\\/\"},{\"@type\":\"ListItem\",\"position\":3,\"name\":\"La forma de la liturgia\"}]},{\"@type\":\"WebSite\",\"@id\":\"https:\\\/\\\/www.cpl.es\\\/#website\",\"url\":\"https:\\\/\\\/www.cpl.es\\\/\",\"name\":\"CPL\",\"description\":\"Centre de Pastoral Lit\u00fargica de Barcelona\",\"publisher\":{\"@id\":\"https:\\\/\\\/www.cpl.es\\\/#organization\"},\"alternateName\":\"Centre de Pastoral Lit\u00fargica\",\"potentialAction\":[{\"@type\":\"SearchAction\",\"target\":{\"@type\":\"EntryPoint\",\"urlTemplate\":\"https:\\\/\\\/www.cpl.es\\\/?s={search_term_string}\"},\"query-input\":{\"@type\":\"PropertyValueSpecification\",\"valueRequired\":true,\"valueName\":\"search_term_string\"}}],\"inLanguage\":\"ca\"},{\"@type\":\"Organization\",\"@id\":\"https:\\\/\\\/www.cpl.es\\\/#organization\",\"name\":\"Centre de Pastoral Lit\u00fargica\",\"alternateName\":\"Centre de Pastoral Lit\u00fargica de Barcelona\",\"url\":\"https:\\\/\\\/www.cpl.es\\\/\",\"logo\":{\"@type\":\"ImageObject\",\"inLanguage\":\"ca\",\"@id\":\"https:\\\/\\\/www.cpl.es\\\/#\\\/schema\\\/logo\\\/image\\\/\",\"url\":\"https:\\\/\\\/www.cpl.es\\\/wp-content\\\/uploads\\\/logo-cpl.svg\",\"contentUrl\":\"https:\\\/\\\/www.cpl.es\\\/wp-content\\\/uploads\\\/logo-cpl.svg\",\"caption\":\"Centre de Pastoral Lit\u00fargica\"},\"image\":{\"@id\":\"https:\\\/\\\/www.cpl.es\\\/#\\\/schema\\\/logo\\\/image\\\/\"}}]}<\/script>\n<!-- \/ Yoast SEO plugin. -->","yoast_head_json":{"title":"La forma de la liturgia - CPL","robots":{"index":"index","follow":"follow","max-snippet":"max-snippet:-1","max-image-preview":"max-image-preview:large","max-video-preview":"max-video-preview:-1"},"canonical":"https:\/\/www.cpl.es\/ca\/producto\/la-forma-de-la-liturgia-9788491650409\/","og_locale":"ca_ES","og_type":"article","og_title":"La forma de la liturgia - CPL","og_description":"Dix, Gregory","og_url":"https:\/\/www.cpl.es\/ca\/producto\/la-forma-de-la-liturgia-9788491650409\/","og_site_name":"CPL","article_modified_time":"2023-12-05T12:36:52+00:00","og_image":[{"width":280,"height":385,"url":"https:\/\/www.cpl.es\/wp-content\/uploads\/111054.jpg","type":"image\/jpeg"}],"twitter_card":"summary_large_image","twitter_misc":{"Temps estimat de lectura":"1 minut"},"schema":{"@context":"https:\/\/schema.org","@graph":[{"@type":"WebPage","@id":"https:\/\/www.cpl.es\/ca\/producto\/la-forma-de-la-liturgia-9788491650409\/","url":"https:\/\/www.cpl.es\/ca\/producto\/la-forma-de-la-liturgia-9788491650409\/","name":"La forma de la liturgia - CPL","isPartOf":{"@id":"https:\/\/www.cpl.es\/#website"},"primaryImageOfPage":{"@id":"https:\/\/www.cpl.es\/ca\/producto\/la-forma-de-la-liturgia-9788491650409\/#primaryimage"},"image":{"@id":"https:\/\/www.cpl.es\/ca\/producto\/la-forma-de-la-liturgia-9788491650409\/#primaryimage"},"thumbnailUrl":"https:\/\/www.cpl.es\/wp-content\/uploads\/111054.jpg","datePublished":"2023-10-03T23:16:11+00:00","dateModified":"2023-12-05T12:36:52+00:00","breadcrumb":{"@id":"https:\/\/www.cpl.es\/ca\/producto\/la-forma-de-la-liturgia-9788491650409\/#breadcrumb"},"inLanguage":"ca","potentialAction":[{"@type":"ReadAction","target":["https:\/\/www.cpl.es\/ca\/producto\/la-forma-de-la-liturgia-9788491650409\/"]}]},{"@type":"ImageObject","inLanguage":"ca","@id":"https:\/\/www.cpl.es\/ca\/producto\/la-forma-de-la-liturgia-9788491650409\/#primaryimage","url":"https:\/\/www.cpl.es\/wp-content\/uploads\/111054.jpg","contentUrl":"https:\/\/www.cpl.es\/wp-content\/uploads\/111054.jpg","width":280,"height":385,"caption":"111054.jpg"},{"@type":"BreadcrumbList","@id":"https:\/\/www.cpl.es\/ca\/producto\/la-forma-de-la-liturgia-9788491650409\/#breadcrumb","itemListElement":[{"@type":"ListItem","position":1,"name":"Portada","item":"https:\/\/www.cpl.es\/ca\/"},{"@type":"ListItem","position":2,"name":"Cat\u00e0leg","item":"https:\/\/www.cpl.es\/ca\/cataleg\/"},{"@type":"ListItem","position":3,"name":"La forma de la liturgia"}]},{"@type":"WebSite","@id":"https:\/\/www.cpl.es\/#website","url":"https:\/\/www.cpl.es\/","name":"CPL","description":"Centre de Pastoral Lit\u00fargica de Barcelona","publisher":{"@id":"https:\/\/www.cpl.es\/#organization"},"alternateName":"Centre de Pastoral Lit\u00fargica","potentialAction":[{"@type":"SearchAction","target":{"@type":"EntryPoint","urlTemplate":"https:\/\/www.cpl.es\/?s={search_term_string}"},"query-input":{"@type":"PropertyValueSpecification","valueRequired":true,"valueName":"search_term_string"}}],"inLanguage":"ca"},{"@type":"Organization","@id":"https:\/\/www.cpl.es\/#organization","name":"Centre de Pastoral Lit\u00fargica","alternateName":"Centre de Pastoral Lit\u00fargica de Barcelona","url":"https:\/\/www.cpl.es\/","logo":{"@type":"ImageObject","inLanguage":"ca","@id":"https:\/\/www.cpl.es\/#\/schema\/logo\/image\/","url":"https:\/\/www.cpl.es\/wp-content\/uploads\/logo-cpl.svg","contentUrl":"https:\/\/www.cpl.es\/wp-content\/uploads\/logo-cpl.svg","caption":"Centre de Pastoral Lit\u00fargica"},"image":{"@id":"https:\/\/www.cpl.es\/#\/schema\/logo\/image\/"}}]}},"_links":{"self":[{"href":"https:\/\/www.cpl.es\/ca\/wp-json\/wp\/v2\/product\/1605","targetHints":{"allow":["GET"]}}],"collection":[{"href":"https:\/\/www.cpl.es\/ca\/wp-json\/wp\/v2\/product"}],"about":[{"href":"https:\/\/www.cpl.es\/ca\/wp-json\/wp\/v2\/types\/product"}],"wp:featuredmedia":[{"embeddable":true,"href":"https:\/\/www.cpl.es\/ca\/wp-json\/wp\/v2\/media\/1606"}],"wp:attachment":[{"href":"https:\/\/www.cpl.es\/ca\/wp-json\/wp\/v2\/media?parent=1605"}],"wp:term":[{"taxonomy":"product_brand","embeddable":true,"href":"https:\/\/www.cpl.es\/ca\/wp-json\/wp\/v2\/product_brand?post=1605"},{"taxonomy":"product_cat","embeddable":true,"href":"https:\/\/www.cpl.es\/ca\/wp-json\/wp\/v2\/product_cat?post=1605"},{"taxonomy":"product_tag","embeddable":true,"href":"https:\/\/www.cpl.es\/ca\/wp-json\/wp\/v2\/product_tag?post=1605"}],"curies":[{"name":"wp","href":"https:\/\/api.w.org\/{rel}","templated":true}]}}