{"id":15268,"date":"2024-05-22T17:03:03","date_gmt":"2024-05-22T15:03:03","guid":{"rendered":"https:\/\/www.cpl.es\/producto\/no-esta-muerto-sino-que-duerme-9788491656265\/"},"modified":"2025-10-03T11:08:16","modified_gmt":"2025-10-03T09:08:16","slug":"no-esta-muerto-sino-que-duerme-9788491656265","status":"publish","type":"product","link":"https:\/\/www.cpl.es\/ca\/producto\/no-esta-muerto-sino-que-duerme-9788491656265\/","title":{"rendered":"No est\u00e1 muerto, sino que duerme"},"content":{"rendered":"<p> Tienes en tus manos un libro sobre el servicio religioso en los tanatorios. Se habla de la muerte, del duelo, pero nada de esto tiene significado sin hablar tambi\u00e9n de esperanza y de amor. La vida aparece como algo con un valor pleno cuando nos atrevemos a reflexionar sobre la muerte. De esto trata este ensayo, de c\u00f3mo transformar la muerte en vida, o por lo menos, de c\u00f3mo lo intentamos. El autor, Alberto J\u00e1imez, expone sus propios argumentos y reflexiones sobre este tema que le interesa mucho y es sabedor de lo que puede aportar. Ha derramado aqu\u00ed y all\u00e1 ideas que ha amasado en base a sus propias experiencias, en libros que ha le\u00eddo y lo que su lectura le ha sugerido&#8230; No olvida a las personas que le han dado consejos, a los expertos a los que ha escuchado y a toda la gente con la que ha hablado. Alberto J\u00e1imez Ortega (Vitoria, 1972). Ordenado di\u00e1cono en el 2015. Casado y dos veces padre, sirve en la di\u00f3cesis de Bilbao en la comarca de las Encartaciones, pero sobre todo como capell\u00e1n de tanatorios de Bilbao. Diplomado en Ciencias Religiosas por la Universidad de Navarra, licenciado en Estudios Eclesi\u00e1sticos, especializaci\u00f3n Universitaria en Ciencias de las Religiones, m\u00e1ster en Teolog\u00eda Fundamental por la universidad de Deusto, y actualmente doctorando en la Facultad de Teolog\u00eda del Norte de Espa\u00f1a, sede en Vitoria.<\/p>\n","protected":false},"excerpt":{"rendered":"<p>J\u00e1imez Ortega, Alberto<\/p>\n","protected":false},"featured_media":19252,"template":"","meta":{"_acf_changed":false,"inline_featured_image":false},"product_brand":[],"product_cat":[32,33,44,75],"product_tag":[],"class_list":{"0":"post-15268","1":"product","2":"type-product","3":"status-publish","4":"has-post-thumbnail","6":"product_cat-castellano","7":"product_cat-catala","8":"product_cat-dossiers-cpl","9":"product_cat-dossiers-cpl-colleccions-catala","11":"first","12":"instock","13":"taxable","14":"shipping-taxable","15":"purchasable","16":"product-type-simple"},"acf":{"autor":"J\u00e1imez Ortega, Alberto","codart":"101163","ediciones":"1","encuadernacion":"R\u00fastica","fecha_de_publicacion":"29\/05\/2025","novedad":false,"paginas":"256","subtitulo":"La atenci\u00f3n religiosa y pastoral en los tanatorios","orden":"999","portada":false,"idioma":"spa","coleccion_num":"163","editorial":[{"ID":6736,"post_author":"2","post_date":"2023-10-06 08:35:24","post_date_gmt":"2023-10-06 06:35:24","post_content":"","post_title":"CPL","post_excerpt":"","post_status":"publish","comment_status":"closed","ping_status":"closed","post_password":"","post_name":"cpl","to_ping":"","pinged":"","post_modified":"2023-10-06 08:35:24","post_modified_gmt":"2023-10-06 06:35:24","post_content_filtered":"","post_parent":0,"guid":"https:\/\/nuevaweb.cpl.es\/editorial\/cpl\/","menu_order":0,"post_type":"editorial","post_mime_type":"","comment_count":"0","filter":"raw"}],"booktrailer":"","ficha":"","muestra":"","presentacion":""},"yoast_head":"<!-- This site is optimized with the Yoast SEO plugin v27.3 - https:\/\/yoast.com\/product\/yoast-seo-wordpress\/ -->\n<title>No est\u00e1 muerto, sino que duerme - CPL<\/title>\n<meta name=\"robots\" content=\"index, follow, max-snippet:-1, max-image-preview:large, max-video-preview:-1\" \/>\n<link rel=\"canonical\" href=\"https:\/\/www.cpl.es\/producto\/no-esta-muerto-sino-que-duerme-9788491656265\/\" \/>\n<meta property=\"og:locale\" content=\"ca_ES\" \/>\n<meta property=\"og:type\" content=\"article\" \/>\n<meta property=\"og:title\" content=\"No est\u00e1 muerto, sino que duerme - CPL\" \/>\n<meta property=\"og:description\" content=\"J\u00e1imez Ortega, Alberto\" \/>\n<meta property=\"og:url\" content=\"https:\/\/www.cpl.es\/producto\/no-esta-muerto-sino-que-duerme-9788491656265\/\" \/>\n<meta property=\"og:site_name\" content=\"CPL\" \/>\n<meta property=\"article:modified_time\" content=\"2025-10-03T09:08:16+00:00\" \/>\n<meta property=\"og:image\" content=\"https:\/\/www.cpl.es\/wp-content\/uploads\/9788491656265-5.jpg\" \/>\n\t<meta property=\"og:image:width\" content=\"218\" \/>\n\t<meta property=\"og:image:height\" content=\"300\" \/>\n\t<meta property=\"og:image:type\" content=\"image\/jpeg\" \/>\n<meta name=\"twitter:card\" content=\"summary_large_image\" \/>\n<meta name=\"twitter:label1\" content=\"Temps estimat de lectura\" \/>\n\t<meta name=\"twitter:data1\" content=\"1 minut\" \/>\n<script type=\"application\/ld+json\" class=\"yoast-schema-graph\">{\"@context\":\"https:\\\/\\\/schema.org\",\"@graph\":[{\"@type\":\"WebPage\",\"@id\":\"https:\\\/\\\/www.cpl.es\\\/producto\\\/no-esta-muerto-sino-que-duerme-9788491656265\\\/\",\"url\":\"https:\\\/\\\/www.cpl.es\\\/producto\\\/no-esta-muerto-sino-que-duerme-9788491656265\\\/\",\"name\":\"No est\u00e1 muerto, sino que duerme - CPL\",\"isPartOf\":{\"@id\":\"https:\\\/\\\/www.cpl.es\\\/#website\"},\"primaryImageOfPage\":{\"@id\":\"https:\\\/\\\/www.cpl.es\\\/producto\\\/no-esta-muerto-sino-que-duerme-9788491656265\\\/#primaryimage\"},\"image\":{\"@id\":\"https:\\\/\\\/www.cpl.es\\\/producto\\\/no-esta-muerto-sino-que-duerme-9788491656265\\\/#primaryimage\"},\"thumbnailUrl\":\"https:\\\/\\\/www.cpl.es\\\/wp-content\\\/uploads\\\/9788491656265-5.jpg\",\"datePublished\":\"2024-05-22T15:03:03+00:00\",\"dateModified\":\"2025-10-03T09:08:16+00:00\",\"breadcrumb\":{\"@id\":\"https:\\\/\\\/www.cpl.es\\\/producto\\\/no-esta-muerto-sino-que-duerme-9788491656265\\\/#breadcrumb\"},\"inLanguage\":\"ca\",\"potentialAction\":[{\"@type\":\"ReadAction\",\"target\":[\"https:\\\/\\\/www.cpl.es\\\/producto\\\/no-esta-muerto-sino-que-duerme-9788491656265\\\/\"]}]},{\"@type\":\"ImageObject\",\"inLanguage\":\"ca\",\"@id\":\"https:\\\/\\\/www.cpl.es\\\/producto\\\/no-esta-muerto-sino-que-duerme-9788491656265\\\/#primaryimage\",\"url\":\"https:\\\/\\\/www.cpl.es\\\/wp-content\\\/uploads\\\/9788491656265-5.jpg\",\"contentUrl\":\"https:\\\/\\\/www.cpl.es\\\/wp-content\\\/uploads\\\/9788491656265-5.jpg\",\"width\":218,\"height\":300,\"caption\":\"9788491656265.jpg\"},{\"@type\":\"BreadcrumbList\",\"@id\":\"https:\\\/\\\/www.cpl.es\\\/producto\\\/no-esta-muerto-sino-que-duerme-9788491656265\\\/#breadcrumb\",\"itemListElement\":[{\"@type\":\"ListItem\",\"position\":1,\"name\":\"Portada\",\"item\":\"https:\\\/\\\/www.cpl.es\\\/ca\\\/\"},{\"@type\":\"ListItem\",\"position\":2,\"name\":\"Cat\u00e0leg\",\"item\":\"https:\\\/\\\/www.cpl.es\\\/ca\\\/cataleg\\\/\"},{\"@type\":\"ListItem\",\"position\":3,\"name\":\"No est\u00e1 muerto, sino que duerme\"}]},{\"@type\":\"WebSite\",\"@id\":\"https:\\\/\\\/www.cpl.es\\\/#website\",\"url\":\"https:\\\/\\\/www.cpl.es\\\/\",\"name\":\"CPL\",\"description\":\"Centre de Pastoral Lit\u00fargica de Barcelona\",\"publisher\":{\"@id\":\"https:\\\/\\\/www.cpl.es\\\/#organization\"},\"alternateName\":\"Centre de Pastoral Lit\u00fargica\",\"potentialAction\":[{\"@type\":\"SearchAction\",\"target\":{\"@type\":\"EntryPoint\",\"urlTemplate\":\"https:\\\/\\\/www.cpl.es\\\/?s={search_term_string}\"},\"query-input\":{\"@type\":\"PropertyValueSpecification\",\"valueRequired\":true,\"valueName\":\"search_term_string\"}}],\"inLanguage\":\"ca\"},{\"@type\":\"Organization\",\"@id\":\"https:\\\/\\\/www.cpl.es\\\/#organization\",\"name\":\"Centre de Pastoral Lit\u00fargica\",\"alternateName\":\"Centre de Pastoral Lit\u00fargica de Barcelona\",\"url\":\"https:\\\/\\\/www.cpl.es\\\/\",\"logo\":{\"@type\":\"ImageObject\",\"inLanguage\":\"ca\",\"@id\":\"https:\\\/\\\/www.cpl.es\\\/#\\\/schema\\\/logo\\\/image\\\/\",\"url\":\"https:\\\/\\\/www.cpl.es\\\/wp-content\\\/uploads\\\/logo-cpl.svg\",\"contentUrl\":\"https:\\\/\\\/www.cpl.es\\\/wp-content\\\/uploads\\\/logo-cpl.svg\",\"caption\":\"Centre de Pastoral Lit\u00fargica\"},\"image\":{\"@id\":\"https:\\\/\\\/www.cpl.es\\\/#\\\/schema\\\/logo\\\/image\\\/\"}}]}<\/script>\n<!-- \/ Yoast SEO plugin. -->","yoast_head_json":{"title":"No est\u00e1 muerto, sino que duerme - CPL","robots":{"index":"index","follow":"follow","max-snippet":"max-snippet:-1","max-image-preview":"max-image-preview:large","max-video-preview":"max-video-preview:-1"},"canonical":"https:\/\/www.cpl.es\/producto\/no-esta-muerto-sino-que-duerme-9788491656265\/","og_locale":"ca_ES","og_type":"article","og_title":"No est\u00e1 muerto, sino que duerme - CPL","og_description":"J\u00e1imez Ortega, Alberto","og_url":"https:\/\/www.cpl.es\/producto\/no-esta-muerto-sino-que-duerme-9788491656265\/","og_site_name":"CPL","article_modified_time":"2025-10-03T09:08:16+00:00","og_image":[{"width":218,"height":300,"url":"https:\/\/www.cpl.es\/wp-content\/uploads\/9788491656265-5.jpg","type":"image\/jpeg"}],"twitter_card":"summary_large_image","twitter_misc":{"Temps estimat de lectura":"1 minut"},"schema":{"@context":"https:\/\/schema.org","@graph":[{"@type":"WebPage","@id":"https:\/\/www.cpl.es\/producto\/no-esta-muerto-sino-que-duerme-9788491656265\/","url":"https:\/\/www.cpl.es\/producto\/no-esta-muerto-sino-que-duerme-9788491656265\/","name":"No est\u00e1 muerto, sino que duerme - CPL","isPartOf":{"@id":"https:\/\/www.cpl.es\/#website"},"primaryImageOfPage":{"@id":"https:\/\/www.cpl.es\/producto\/no-esta-muerto-sino-que-duerme-9788491656265\/#primaryimage"},"image":{"@id":"https:\/\/www.cpl.es\/producto\/no-esta-muerto-sino-que-duerme-9788491656265\/#primaryimage"},"thumbnailUrl":"https:\/\/www.cpl.es\/wp-content\/uploads\/9788491656265-5.jpg","datePublished":"2024-05-22T15:03:03+00:00","dateModified":"2025-10-03T09:08:16+00:00","breadcrumb":{"@id":"https:\/\/www.cpl.es\/producto\/no-esta-muerto-sino-que-duerme-9788491656265\/#breadcrumb"},"inLanguage":"ca","potentialAction":[{"@type":"ReadAction","target":["https:\/\/www.cpl.es\/producto\/no-esta-muerto-sino-que-duerme-9788491656265\/"]}]},{"@type":"ImageObject","inLanguage":"ca","@id":"https:\/\/www.cpl.es\/producto\/no-esta-muerto-sino-que-duerme-9788491656265\/#primaryimage","url":"https:\/\/www.cpl.es\/wp-content\/uploads\/9788491656265-5.jpg","contentUrl":"https:\/\/www.cpl.es\/wp-content\/uploads\/9788491656265-5.jpg","width":218,"height":300,"caption":"9788491656265.jpg"},{"@type":"BreadcrumbList","@id":"https:\/\/www.cpl.es\/producto\/no-esta-muerto-sino-que-duerme-9788491656265\/#breadcrumb","itemListElement":[{"@type":"ListItem","position":1,"name":"Portada","item":"https:\/\/www.cpl.es\/ca\/"},{"@type":"ListItem","position":2,"name":"Cat\u00e0leg","item":"https:\/\/www.cpl.es\/ca\/cataleg\/"},{"@type":"ListItem","position":3,"name":"No est\u00e1 muerto, sino que duerme"}]},{"@type":"WebSite","@id":"https:\/\/www.cpl.es\/#website","url":"https:\/\/www.cpl.es\/","name":"CPL","description":"Centre de Pastoral Lit\u00fargica de Barcelona","publisher":{"@id":"https:\/\/www.cpl.es\/#organization"},"alternateName":"Centre de Pastoral Lit\u00fargica","potentialAction":[{"@type":"SearchAction","target":{"@type":"EntryPoint","urlTemplate":"https:\/\/www.cpl.es\/?s={search_term_string}"},"query-input":{"@type":"PropertyValueSpecification","valueRequired":true,"valueName":"search_term_string"}}],"inLanguage":"ca"},{"@type":"Organization","@id":"https:\/\/www.cpl.es\/#organization","name":"Centre de Pastoral Lit\u00fargica","alternateName":"Centre de Pastoral Lit\u00fargica de Barcelona","url":"https:\/\/www.cpl.es\/","logo":{"@type":"ImageObject","inLanguage":"ca","@id":"https:\/\/www.cpl.es\/#\/schema\/logo\/image\/","url":"https:\/\/www.cpl.es\/wp-content\/uploads\/logo-cpl.svg","contentUrl":"https:\/\/www.cpl.es\/wp-content\/uploads\/logo-cpl.svg","caption":"Centre de Pastoral Lit\u00fargica"},"image":{"@id":"https:\/\/www.cpl.es\/#\/schema\/logo\/image\/"}}]}},"_links":{"self":[{"href":"https:\/\/www.cpl.es\/ca\/wp-json\/wp\/v2\/product\/15268","targetHints":{"allow":["GET"]}}],"collection":[{"href":"https:\/\/www.cpl.es\/ca\/wp-json\/wp\/v2\/product"}],"about":[{"href":"https:\/\/www.cpl.es\/ca\/wp-json\/wp\/v2\/types\/product"}],"wp:featuredmedia":[{"embeddable":true,"href":"https:\/\/www.cpl.es\/ca\/wp-json\/wp\/v2\/media\/19252"}],"wp:attachment":[{"href":"https:\/\/www.cpl.es\/ca\/wp-json\/wp\/v2\/media?parent=15268"}],"wp:term":[{"taxonomy":"product_brand","embeddable":true,"href":"https:\/\/www.cpl.es\/ca\/wp-json\/wp\/v2\/product_brand?post=15268"},{"taxonomy":"product_cat","embeddable":true,"href":"https:\/\/www.cpl.es\/ca\/wp-json\/wp\/v2\/product_cat?post=15268"},{"taxonomy":"product_tag","embeddable":true,"href":"https:\/\/www.cpl.es\/ca\/wp-json\/wp\/v2\/product_tag?post=15268"}],"curies":[{"name":"wp","href":"https:\/\/api.w.org\/{rel}","templated":true}]}}