{"id":15222,"date":"2024-05-15T16:03:02","date_gmt":"2024-05-15T14:03:02","guid":{"rendered":"https:\/\/www.cpl.es\/producto\/la-fisonomia-franciscana-de-santa-teresita-del-nino-jesus-9788491656258\/"},"modified":"2025-10-03T11:11:58","modified_gmt":"2025-10-03T09:11:58","slug":"la-fisonomia-franciscana-de-santa-teresita-del-nino-jesus-9788491656258","status":"publish","type":"product","link":"https:\/\/www.cpl.es\/ca\/producto\/la-fisonomia-franciscana-de-santa-teresita-del-nino-jesus-9788491656258\/","title":{"rendered":"La Fisonom\u00eda Franciscana de Santa Teresita del Ni\u00f1o Jes\u00fas"},"content":{"rendered":"<p> A lo largo de su vida destac\u00f3 por su gran amor y conocimiento profundo de la vida y espiritualidad de Santa Teresa de Lisieux. Adem\u00e1s de las obras tituladas La fisonom\u00eda franciscana de Santa Teresa del Ni\u00f1o Jes\u00fas (1930) y La joven cristiana en la escuela de Santa Teresita del Ni\u00f1o Jes\u00fas (1931), tambi\u00e9n es autor de El Protestantismo ante la Biblia (1923) con 9 ediciones, la \u00faltima en 1978. En la Fisonom\u00eda franciscana de Santa Teresa del Ni\u00f1o Jes\u00fas se evocan los rasgos m\u00e1s atractivos y sobresalientes de san Francisco de As\u00eds, y muestra c\u00f3mo coinciden con el fondo espiritual de la santa carmelita de Lisieux. Remigio de Papiol es el nombre de religioso del misionero capuchino Esteve Santacana Armengol (El Papiol, 1885 \u2013 Cerdanyola del Vall\u00e8s 1937). Profes\u00f3 la Regla de San Francisco en el convento de capuchinos de Arenys de Mar en 1902. Despu\u00e9s de recibir la ordenaci\u00f3n sacerdotal en 1909 fue destinado aquel mismo a\u00f1o como misionero a Filipinas y residi\u00f3 en Manila hasta el a\u00f1o 1914, cuando fue enviado a la nueva misi\u00f3n de Bluefields (en la costa atl\u00e1ntica de Nicaragua, a\u00f1os 1914-1917). Destinado a Costa Rica en 1918 destac\u00f3 como predicador y publicista en la ciudad de Cartago (a\u00f1os 1918-1921), donde asumi\u00f3 la direcci\u00f3n de la revista de divulgaci\u00f3n e informaci\u00f3n franciscana titulada El Heraldo Ser\u00e1fico. En el a\u00f1o 1921 el padre Remigio retorn\u00f3 a Catalu\u00f1a y fue destinado, sucesivamente, a los conventos de Arenys de Mar, Manresa (como maestro de novicios) y Sarri\u00e1. Durante la persecuci\u00f3n religiosa que se inici\u00f3 en el verano de 1936 fue identificado como religioso y, despu\u00e9s de confesar su fe, recibi\u00f3 el martirio el 21 de enero de 1937 en el cementerio de Cerdanyola del Vall\u00e8s. Fue beatificado en la catedral de Barcelona, junto con otros 25 capuchinos, el 21 de noviembre de 2015.<\/p>\n","protected":false},"excerpt":{"rendered":"<p>P. Remigio de Papiol, OFMCap<\/p>\n","protected":false},"featured_media":19319,"template":"","meta":{"_acf_changed":false,"inline_featured_image":false},"product_brand":[],"product_cat":[15],"product_tag":[],"class_list":{"0":"post-15222","1":"product","2":"type-product","3":"status-publish","4":"has-post-thumbnail","6":"product_cat-sin-categorizar","8":"first","9":"instock","10":"taxable","11":"shipping-taxable","12":"purchasable","13":"product-type-simple"},"acf":{"autor":"P. Remigio de Papiol, OFMCap","codart":"150043","ediciones":"1","encuadernacion":"R\u00fastica","fecha_de_publicacion":"08\/05\/2024","novedad":true,"paginas":"92","subtitulo":"","orden":"999","portada":false,"idioma":"spa","coleccion_num":"43","editorial":[{"ID":6736,"post_author":"2","post_date":"2023-10-06 08:35:24","post_date_gmt":"2023-10-06 06:35:24","post_content":"","post_title":"CPL","post_excerpt":"","post_status":"publish","comment_status":"closed","ping_status":"closed","post_password":"","post_name":"cpl","to_ping":"","pinged":"","post_modified":"2023-10-06 08:35:24","post_modified_gmt":"2023-10-06 06:35:24","post_content_filtered":"","post_parent":0,"guid":"https:\/\/nuevaweb.cpl.es\/editorial\/cpl\/","menu_order":0,"post_type":"editorial","post_mime_type":"","comment_count":"0","filter":"raw"}]},"yoast_head":"<!-- This site is optimized with the Yoast SEO plugin v27.3 - https:\/\/yoast.com\/product\/yoast-seo-wordpress\/ -->\n<title>La Fisonom\u00eda Franciscana de Santa Teresita del Ni\u00f1o Jes\u00fas - CPL<\/title>\n<meta name=\"robots\" content=\"index, follow, max-snippet:-1, max-image-preview:large, max-video-preview:-1\" \/>\n<link rel=\"canonical\" href=\"https:\/\/www.cpl.es\/producto\/la-fisonomia-franciscana-de-santa-teresita-del-nino-jesus-9788491656258\/\" \/>\n<meta property=\"og:locale\" content=\"ca_ES\" \/>\n<meta property=\"og:type\" content=\"article\" \/>\n<meta property=\"og:title\" content=\"La Fisonom\u00eda Franciscana de Santa Teresita del Ni\u00f1o Jes\u00fas - CPL\" \/>\n<meta property=\"og:description\" content=\"P. Remigio de Papiol, OFMCap\" \/>\n<meta property=\"og:url\" content=\"https:\/\/www.cpl.es\/producto\/la-fisonomia-franciscana-de-santa-teresita-del-nino-jesus-9788491656258\/\" \/>\n<meta property=\"og:site_name\" content=\"CPL\" \/>\n<meta property=\"article:modified_time\" content=\"2025-10-03T09:11:58+00:00\" \/>\n<meta property=\"og:image\" content=\"https:\/\/www.cpl.es\/wp-content\/uploads\/9788491656258-2.jpg\" \/>\n\t<meta property=\"og:image:width\" content=\"190\" \/>\n\t<meta property=\"og:image:height\" content=\"300\" \/>\n\t<meta property=\"og:image:type\" content=\"image\/jpeg\" \/>\n<meta name=\"twitter:card\" content=\"summary_large_image\" \/>\n<meta name=\"twitter:label1\" content=\"Temps estimat de lectura\" \/>\n\t<meta name=\"twitter:data1\" content=\"2 minuts\" \/>\n<script type=\"application\/ld+json\" class=\"yoast-schema-graph\">{\"@context\":\"https:\\\/\\\/schema.org\",\"@graph\":[{\"@type\":\"WebPage\",\"@id\":\"https:\\\/\\\/www.cpl.es\\\/producto\\\/la-fisonomia-franciscana-de-santa-teresita-del-nino-jesus-9788491656258\\\/\",\"url\":\"https:\\\/\\\/www.cpl.es\\\/producto\\\/la-fisonomia-franciscana-de-santa-teresita-del-nino-jesus-9788491656258\\\/\",\"name\":\"La Fisonom\u00eda Franciscana de Santa Teresita del Ni\u00f1o Jes\u00fas - CPL\",\"isPartOf\":{\"@id\":\"https:\\\/\\\/www.cpl.es\\\/#website\"},\"primaryImageOfPage\":{\"@id\":\"https:\\\/\\\/www.cpl.es\\\/producto\\\/la-fisonomia-franciscana-de-santa-teresita-del-nino-jesus-9788491656258\\\/#primaryimage\"},\"image\":{\"@id\":\"https:\\\/\\\/www.cpl.es\\\/producto\\\/la-fisonomia-franciscana-de-santa-teresita-del-nino-jesus-9788491656258\\\/#primaryimage\"},\"thumbnailUrl\":\"https:\\\/\\\/www.cpl.es\\\/wp-content\\\/uploads\\\/9788491656258-2.jpg\",\"datePublished\":\"2024-05-15T14:03:02+00:00\",\"dateModified\":\"2025-10-03T09:11:58+00:00\",\"breadcrumb\":{\"@id\":\"https:\\\/\\\/www.cpl.es\\\/producto\\\/la-fisonomia-franciscana-de-santa-teresita-del-nino-jesus-9788491656258\\\/#breadcrumb\"},\"inLanguage\":\"ca\",\"potentialAction\":[{\"@type\":\"ReadAction\",\"target\":[\"https:\\\/\\\/www.cpl.es\\\/producto\\\/la-fisonomia-franciscana-de-santa-teresita-del-nino-jesus-9788491656258\\\/\"]}]},{\"@type\":\"ImageObject\",\"inLanguage\":\"ca\",\"@id\":\"https:\\\/\\\/www.cpl.es\\\/producto\\\/la-fisonomia-franciscana-de-santa-teresita-del-nino-jesus-9788491656258\\\/#primaryimage\",\"url\":\"https:\\\/\\\/www.cpl.es\\\/wp-content\\\/uploads\\\/9788491656258-2.jpg\",\"contentUrl\":\"https:\\\/\\\/www.cpl.es\\\/wp-content\\\/uploads\\\/9788491656258-2.jpg\",\"width\":190,\"height\":300,\"caption\":\"9788491656258.jpg\"},{\"@type\":\"BreadcrumbList\",\"@id\":\"https:\\\/\\\/www.cpl.es\\\/producto\\\/la-fisonomia-franciscana-de-santa-teresita-del-nino-jesus-9788491656258\\\/#breadcrumb\",\"itemListElement\":[{\"@type\":\"ListItem\",\"position\":1,\"name\":\"Portada\",\"item\":\"https:\\\/\\\/www.cpl.es\\\/ca\\\/\"},{\"@type\":\"ListItem\",\"position\":2,\"name\":\"Cat\u00e0leg\",\"item\":\"https:\\\/\\\/www.cpl.es\\\/ca\\\/cataleg\\\/\"},{\"@type\":\"ListItem\",\"position\":3,\"name\":\"La Fisonom\u00eda Franciscana de Santa Teresita del Ni\u00f1o Jes\u00fas\"}]},{\"@type\":\"WebSite\",\"@id\":\"https:\\\/\\\/www.cpl.es\\\/#website\",\"url\":\"https:\\\/\\\/www.cpl.es\\\/\",\"name\":\"CPL\",\"description\":\"Centre de Pastoral Lit\u00fargica de Barcelona\",\"publisher\":{\"@id\":\"https:\\\/\\\/www.cpl.es\\\/#organization\"},\"alternateName\":\"Centre de Pastoral Lit\u00fargica\",\"potentialAction\":[{\"@type\":\"SearchAction\",\"target\":{\"@type\":\"EntryPoint\",\"urlTemplate\":\"https:\\\/\\\/www.cpl.es\\\/?s={search_term_string}\"},\"query-input\":{\"@type\":\"PropertyValueSpecification\",\"valueRequired\":true,\"valueName\":\"search_term_string\"}}],\"inLanguage\":\"ca\"},{\"@type\":\"Organization\",\"@id\":\"https:\\\/\\\/www.cpl.es\\\/#organization\",\"name\":\"Centre de Pastoral Lit\u00fargica\",\"alternateName\":\"Centre de Pastoral Lit\u00fargica de Barcelona\",\"url\":\"https:\\\/\\\/www.cpl.es\\\/\",\"logo\":{\"@type\":\"ImageObject\",\"inLanguage\":\"ca\",\"@id\":\"https:\\\/\\\/www.cpl.es\\\/#\\\/schema\\\/logo\\\/image\\\/\",\"url\":\"https:\\\/\\\/www.cpl.es\\\/wp-content\\\/uploads\\\/logo-cpl.svg\",\"contentUrl\":\"https:\\\/\\\/www.cpl.es\\\/wp-content\\\/uploads\\\/logo-cpl.svg\",\"caption\":\"Centre de Pastoral Lit\u00fargica\"},\"image\":{\"@id\":\"https:\\\/\\\/www.cpl.es\\\/#\\\/schema\\\/logo\\\/image\\\/\"}}]}<\/script>\n<!-- \/ Yoast SEO plugin. -->","yoast_head_json":{"title":"La Fisonom\u00eda Franciscana de Santa Teresita del Ni\u00f1o Jes\u00fas - CPL","robots":{"index":"index","follow":"follow","max-snippet":"max-snippet:-1","max-image-preview":"max-image-preview:large","max-video-preview":"max-video-preview:-1"},"canonical":"https:\/\/www.cpl.es\/producto\/la-fisonomia-franciscana-de-santa-teresita-del-nino-jesus-9788491656258\/","og_locale":"ca_ES","og_type":"article","og_title":"La Fisonom\u00eda Franciscana de Santa Teresita del Ni\u00f1o Jes\u00fas - CPL","og_description":"P. Remigio de Papiol, OFMCap","og_url":"https:\/\/www.cpl.es\/producto\/la-fisonomia-franciscana-de-santa-teresita-del-nino-jesus-9788491656258\/","og_site_name":"CPL","article_modified_time":"2025-10-03T09:11:58+00:00","og_image":[{"width":190,"height":300,"url":"https:\/\/www.cpl.es\/wp-content\/uploads\/9788491656258-2.jpg","type":"image\/jpeg"}],"twitter_card":"summary_large_image","twitter_misc":{"Temps estimat de lectura":"2 minuts"},"schema":{"@context":"https:\/\/schema.org","@graph":[{"@type":"WebPage","@id":"https:\/\/www.cpl.es\/producto\/la-fisonomia-franciscana-de-santa-teresita-del-nino-jesus-9788491656258\/","url":"https:\/\/www.cpl.es\/producto\/la-fisonomia-franciscana-de-santa-teresita-del-nino-jesus-9788491656258\/","name":"La Fisonom\u00eda Franciscana de Santa Teresita del Ni\u00f1o Jes\u00fas - CPL","isPartOf":{"@id":"https:\/\/www.cpl.es\/#website"},"primaryImageOfPage":{"@id":"https:\/\/www.cpl.es\/producto\/la-fisonomia-franciscana-de-santa-teresita-del-nino-jesus-9788491656258\/#primaryimage"},"image":{"@id":"https:\/\/www.cpl.es\/producto\/la-fisonomia-franciscana-de-santa-teresita-del-nino-jesus-9788491656258\/#primaryimage"},"thumbnailUrl":"https:\/\/www.cpl.es\/wp-content\/uploads\/9788491656258-2.jpg","datePublished":"2024-05-15T14:03:02+00:00","dateModified":"2025-10-03T09:11:58+00:00","breadcrumb":{"@id":"https:\/\/www.cpl.es\/producto\/la-fisonomia-franciscana-de-santa-teresita-del-nino-jesus-9788491656258\/#breadcrumb"},"inLanguage":"ca","potentialAction":[{"@type":"ReadAction","target":["https:\/\/www.cpl.es\/producto\/la-fisonomia-franciscana-de-santa-teresita-del-nino-jesus-9788491656258\/"]}]},{"@type":"ImageObject","inLanguage":"ca","@id":"https:\/\/www.cpl.es\/producto\/la-fisonomia-franciscana-de-santa-teresita-del-nino-jesus-9788491656258\/#primaryimage","url":"https:\/\/www.cpl.es\/wp-content\/uploads\/9788491656258-2.jpg","contentUrl":"https:\/\/www.cpl.es\/wp-content\/uploads\/9788491656258-2.jpg","width":190,"height":300,"caption":"9788491656258.jpg"},{"@type":"BreadcrumbList","@id":"https:\/\/www.cpl.es\/producto\/la-fisonomia-franciscana-de-santa-teresita-del-nino-jesus-9788491656258\/#breadcrumb","itemListElement":[{"@type":"ListItem","position":1,"name":"Portada","item":"https:\/\/www.cpl.es\/ca\/"},{"@type":"ListItem","position":2,"name":"Cat\u00e0leg","item":"https:\/\/www.cpl.es\/ca\/cataleg\/"},{"@type":"ListItem","position":3,"name":"La Fisonom\u00eda Franciscana de Santa Teresita del Ni\u00f1o Jes\u00fas"}]},{"@type":"WebSite","@id":"https:\/\/www.cpl.es\/#website","url":"https:\/\/www.cpl.es\/","name":"CPL","description":"Centre de Pastoral Lit\u00fargica de Barcelona","publisher":{"@id":"https:\/\/www.cpl.es\/#organization"},"alternateName":"Centre de Pastoral Lit\u00fargica","potentialAction":[{"@type":"SearchAction","target":{"@type":"EntryPoint","urlTemplate":"https:\/\/www.cpl.es\/?s={search_term_string}"},"query-input":{"@type":"PropertyValueSpecification","valueRequired":true,"valueName":"search_term_string"}}],"inLanguage":"ca"},{"@type":"Organization","@id":"https:\/\/www.cpl.es\/#organization","name":"Centre de Pastoral Lit\u00fargica","alternateName":"Centre de Pastoral Lit\u00fargica de Barcelona","url":"https:\/\/www.cpl.es\/","logo":{"@type":"ImageObject","inLanguage":"ca","@id":"https:\/\/www.cpl.es\/#\/schema\/logo\/image\/","url":"https:\/\/www.cpl.es\/wp-content\/uploads\/logo-cpl.svg","contentUrl":"https:\/\/www.cpl.es\/wp-content\/uploads\/logo-cpl.svg","caption":"Centre de Pastoral Lit\u00fargica"},"image":{"@id":"https:\/\/www.cpl.es\/#\/schema\/logo\/image\/"}}]}},"_links":{"self":[{"href":"https:\/\/www.cpl.es\/ca\/wp-json\/wp\/v2\/product\/15222","targetHints":{"allow":["GET"]}}],"collection":[{"href":"https:\/\/www.cpl.es\/ca\/wp-json\/wp\/v2\/product"}],"about":[{"href":"https:\/\/www.cpl.es\/ca\/wp-json\/wp\/v2\/types\/product"}],"wp:featuredmedia":[{"embeddable":true,"href":"https:\/\/www.cpl.es\/ca\/wp-json\/wp\/v2\/media\/19319"}],"wp:attachment":[{"href":"https:\/\/www.cpl.es\/ca\/wp-json\/wp\/v2\/media?parent=15222"}],"wp:term":[{"taxonomy":"product_brand","embeddable":true,"href":"https:\/\/www.cpl.es\/ca\/wp-json\/wp\/v2\/product_brand?post=15222"},{"taxonomy":"product_cat","embeddable":true,"href":"https:\/\/www.cpl.es\/ca\/wp-json\/wp\/v2\/product_cat?post=15222"},{"taxonomy":"product_tag","embeddable":true,"href":"https:\/\/www.cpl.es\/ca\/wp-json\/wp\/v2\/product_tag?post=15222"}],"curies":[{"name":"wp","href":"https:\/\/api.w.org\/{rel}","templated":true}]}}