{"id":15211,"date":"2024-05-15T13:04:41","date_gmt":"2024-05-15T11:04:41","guid":{"rendered":"https:\/\/www.cpl.es\/?post_type=product&#038;p=15211"},"modified":"2025-06-02T10:01:24","modified_gmt":"2025-06-02T08:01:24","slug":"blanca-8-cm-25-unidades","status":"publish","type":"product","link":"https:\/\/www.cpl.es\/ca\/producto\/blanca-8-cm-25-unidades\/","title":{"rendered":"Blanca 8 cm &#8211; 25 unidades"},"content":{"rendered":"<p>Formas Celebrante: Forma Blanca. Por su di\u00e1metro tambi\u00e9n puede utilizarse para la custodia cuando se expone el Sant\u00edsimo. Di\u00e1metro de 8 cm y 2'8 mm de espesor. Bolsa de 25 uni.<\/p>\n","protected":false},"excerpt":{"rendered":"<p>Formas Celebrante: Forma Blanca. Por su di\u00e1metro tambi\u00e9n puede utilizarse para la custodia cuando se expone el Sant\u00edsimo. Di\u00e1metro de 8 cm y 2&#8217;8 mm de espesor. Bolsa de 25 uni.<\/p>\n","protected":false},"featured_media":15212,"template":"","meta":{"_acf_changed":false,"inline_featured_image":false},"product_brand":[],"product_cat":[42,43],"product_tag":[],"class_list":{"0":"post-15211","1":"product","2":"type-product","3":"status-publish","4":"has-post-thumbnail","6":"product_cat-formas-y-gel","7":"product_cat-formes-i-gel","9":"first","10":"instock","11":"taxable","12":"shipping-taxable","13":"purchasable","14":"product-type-simple"},"acf":{"subtitulo":"","editorial":"","autor":"","autores-libros":"","traductores-libros":"","ilustradores-libros":"","fecha_de_publicacion":"","coleccion":"","coleccion_num":"","paginas":"","encuadernacion":"","ediciones":"","formato":"","idioma":"","ficha":"","muestra":"","presentacion":"","booktrailer":"","Venta_ebook_1_url":"","Venta_ebook_1_tienda":"","Venta_ebook_1_precio":"","Venta_ebook_2_url":"","Venta_ebook_2_tienda":"","Venta_ebook_2_precio":"","Venta_ebook_3_url":"","Venta_ebook_3_tienda":"","Venta_ebook_3_precio":"","Venta_ebook_4_url":"","Venta_ebook_4_tienda":"","Venta_ebook_4_precio":"","Venta_ebook_5_url":"","Venta_ebook_5_tienda":"","Venta_ebook_5_precio":"","Venta_ebook_6_url":"","Venta_ebook_6_tienda":"","Venta_ebook_6_precio":"","codart":"NB08025","recomendamos":"","novedad":false,"portada":false,"orden":"","mas_vendido":"","txt_ca":"<p>Formes Celebrant: Forma Blanca. Pel seu di\u00e0metre tamb\u00e9 pot fer-se servir per a la cust\u00f2dia quan s&#8217;exposa el Sant\u00edssim. Di\u00e0metre de 8 cm i 2&#8217;8 mm d&#8217;espessor. Bossa de 25 uni.<\/p>\n","titulo_ca":"Morena 8 cm - 25 unitats"},"yoast_head":"<!-- This site is optimized with the Yoast SEO plugin v27.3 - https:\/\/yoast.com\/product\/yoast-seo-wordpress\/ -->\n<title>Blanca 8 cm - 25 unidades - CPL<\/title>\n<meta name=\"robots\" content=\"index, follow, max-snippet:-1, max-image-preview:large, max-video-preview:-1\" \/>\n<link rel=\"canonical\" href=\"https:\/\/www.cpl.es\/producto\/blanca-8-cm-25-unidades\/\" \/>\n<meta property=\"og:locale\" content=\"ca_ES\" \/>\n<meta property=\"og:type\" content=\"article\" \/>\n<meta property=\"og:title\" content=\"Blanca 8 cm - 25 unidades - CPL\" \/>\n<meta property=\"og:description\" content=\"Formas Celebrante: Forma Blanca. Por su di\u00e1metro tambi\u00e9n puede utilizarse para la custodia cuando se expone el Sant\u00edsimo. Di\u00e1metro de 8 cm y 2&#039;8 mm de espesor. Bolsa de 25 uni.\" \/>\n<meta property=\"og:url\" content=\"https:\/\/www.cpl.es\/producto\/blanca-8-cm-25-unidades\/\" \/>\n<meta property=\"og:site_name\" content=\"CPL\" \/>\n<meta property=\"article:modified_time\" content=\"2025-06-02T08:01:24+00:00\" \/>\n<meta property=\"og:image\" content=\"https:\/\/www.cpl.es\/wp-content\/uploads\/Blanca-25-cast-scaled.jpg\" \/>\n\t<meta property=\"og:image:width\" content=\"1920\" \/>\n\t<meta property=\"og:image:height\" content=\"2560\" \/>\n\t<meta property=\"og:image:type\" content=\"image\/jpeg\" \/>\n<meta name=\"twitter:card\" content=\"summary_large_image\" \/>\n<meta name=\"twitter:label1\" content=\"Temps estimat de lectura\" \/>\n\t<meta name=\"twitter:data1\" content=\"1 minut\" \/>\n<script type=\"application\/ld+json\" class=\"yoast-schema-graph\">{\"@context\":\"https:\\\/\\\/schema.org\",\"@graph\":[{\"@type\":\"WebPage\",\"@id\":\"https:\\\/\\\/www.cpl.es\\\/producto\\\/blanca-8-cm-25-unidades\\\/\",\"url\":\"https:\\\/\\\/www.cpl.es\\\/producto\\\/blanca-8-cm-25-unidades\\\/\",\"name\":\"Blanca 8 cm - 25 unidades - CPL\",\"isPartOf\":{\"@id\":\"https:\\\/\\\/www.cpl.es\\\/#website\"},\"primaryImageOfPage\":{\"@id\":\"https:\\\/\\\/www.cpl.es\\\/producto\\\/blanca-8-cm-25-unidades\\\/#primaryimage\"},\"image\":{\"@id\":\"https:\\\/\\\/www.cpl.es\\\/producto\\\/blanca-8-cm-25-unidades\\\/#primaryimage\"},\"thumbnailUrl\":\"https:\\\/\\\/www.cpl.es\\\/wp-content\\\/uploads\\\/Blanca-25-cast-scaled.jpg\",\"datePublished\":\"2024-05-15T11:04:41+00:00\",\"dateModified\":\"2025-06-02T08:01:24+00:00\",\"breadcrumb\":{\"@id\":\"https:\\\/\\\/www.cpl.es\\\/producto\\\/blanca-8-cm-25-unidades\\\/#breadcrumb\"},\"inLanguage\":\"ca\",\"potentialAction\":[{\"@type\":\"ReadAction\",\"target\":[\"https:\\\/\\\/www.cpl.es\\\/producto\\\/blanca-8-cm-25-unidades\\\/\"]}]},{\"@type\":\"ImageObject\",\"inLanguage\":\"ca\",\"@id\":\"https:\\\/\\\/www.cpl.es\\\/producto\\\/blanca-8-cm-25-unidades\\\/#primaryimage\",\"url\":\"https:\\\/\\\/www.cpl.es\\\/wp-content\\\/uploads\\\/Blanca-25-cast-scaled.jpg\",\"contentUrl\":\"https:\\\/\\\/www.cpl.es\\\/wp-content\\\/uploads\\\/Blanca-25-cast-scaled.jpg\",\"width\":1920,\"height\":2560},{\"@type\":\"BreadcrumbList\",\"@id\":\"https:\\\/\\\/www.cpl.es\\\/producto\\\/blanca-8-cm-25-unidades\\\/#breadcrumb\",\"itemListElement\":[{\"@type\":\"ListItem\",\"position\":1,\"name\":\"Portada\",\"item\":\"https:\\\/\\\/www.cpl.es\\\/ca\\\/\"},{\"@type\":\"ListItem\",\"position\":2,\"name\":\"Cat\u00e0leg\",\"item\":\"https:\\\/\\\/www.cpl.es\\\/ca\\\/cataleg\\\/\"},{\"@type\":\"ListItem\",\"position\":3,\"name\":\"Blanca 8 cm &#8211; 25 unidades\"}]},{\"@type\":\"WebSite\",\"@id\":\"https:\\\/\\\/www.cpl.es\\\/#website\",\"url\":\"https:\\\/\\\/www.cpl.es\\\/\",\"name\":\"CPL\",\"description\":\"Centre de Pastoral Lit\u00fargica de Barcelona\",\"publisher\":{\"@id\":\"https:\\\/\\\/www.cpl.es\\\/#organization\"},\"alternateName\":\"Centre de Pastoral Lit\u00fargica\",\"potentialAction\":[{\"@type\":\"SearchAction\",\"target\":{\"@type\":\"EntryPoint\",\"urlTemplate\":\"https:\\\/\\\/www.cpl.es\\\/?s={search_term_string}\"},\"query-input\":{\"@type\":\"PropertyValueSpecification\",\"valueRequired\":true,\"valueName\":\"search_term_string\"}}],\"inLanguage\":\"ca\"},{\"@type\":\"Organization\",\"@id\":\"https:\\\/\\\/www.cpl.es\\\/#organization\",\"name\":\"Centre de Pastoral Lit\u00fargica\",\"alternateName\":\"Centre de Pastoral Lit\u00fargica de Barcelona\",\"url\":\"https:\\\/\\\/www.cpl.es\\\/\",\"logo\":{\"@type\":\"ImageObject\",\"inLanguage\":\"ca\",\"@id\":\"https:\\\/\\\/www.cpl.es\\\/#\\\/schema\\\/logo\\\/image\\\/\",\"url\":\"https:\\\/\\\/www.cpl.es\\\/wp-content\\\/uploads\\\/logo-cpl.svg\",\"contentUrl\":\"https:\\\/\\\/www.cpl.es\\\/wp-content\\\/uploads\\\/logo-cpl.svg\",\"caption\":\"Centre de Pastoral Lit\u00fargica\"},\"image\":{\"@id\":\"https:\\\/\\\/www.cpl.es\\\/#\\\/schema\\\/logo\\\/image\\\/\"}}]}<\/script>\n<!-- \/ Yoast SEO plugin. -->","yoast_head_json":{"title":"Blanca 8 cm - 25 unidades - CPL","robots":{"index":"index","follow":"follow","max-snippet":"max-snippet:-1","max-image-preview":"max-image-preview:large","max-video-preview":"max-video-preview:-1"},"canonical":"https:\/\/www.cpl.es\/producto\/blanca-8-cm-25-unidades\/","og_locale":"ca_ES","og_type":"article","og_title":"Blanca 8 cm - 25 unidades - CPL","og_description":"Formas Celebrante: Forma Blanca. Por su di\u00e1metro tambi\u00e9n puede utilizarse para la custodia cuando se expone el Sant\u00edsimo. Di\u00e1metro de 8 cm y 2'8 mm de espesor. Bolsa de 25 uni.","og_url":"https:\/\/www.cpl.es\/producto\/blanca-8-cm-25-unidades\/","og_site_name":"CPL","article_modified_time":"2025-06-02T08:01:24+00:00","og_image":[{"width":1920,"height":2560,"url":"https:\/\/www.cpl.es\/wp-content\/uploads\/Blanca-25-cast-scaled.jpg","type":"image\/jpeg"}],"twitter_card":"summary_large_image","twitter_misc":{"Temps estimat de lectura":"1 minut"},"schema":{"@context":"https:\/\/schema.org","@graph":[{"@type":"WebPage","@id":"https:\/\/www.cpl.es\/producto\/blanca-8-cm-25-unidades\/","url":"https:\/\/www.cpl.es\/producto\/blanca-8-cm-25-unidades\/","name":"Blanca 8 cm - 25 unidades - CPL","isPartOf":{"@id":"https:\/\/www.cpl.es\/#website"},"primaryImageOfPage":{"@id":"https:\/\/www.cpl.es\/producto\/blanca-8-cm-25-unidades\/#primaryimage"},"image":{"@id":"https:\/\/www.cpl.es\/producto\/blanca-8-cm-25-unidades\/#primaryimage"},"thumbnailUrl":"https:\/\/www.cpl.es\/wp-content\/uploads\/Blanca-25-cast-scaled.jpg","datePublished":"2024-05-15T11:04:41+00:00","dateModified":"2025-06-02T08:01:24+00:00","breadcrumb":{"@id":"https:\/\/www.cpl.es\/producto\/blanca-8-cm-25-unidades\/#breadcrumb"},"inLanguage":"ca","potentialAction":[{"@type":"ReadAction","target":["https:\/\/www.cpl.es\/producto\/blanca-8-cm-25-unidades\/"]}]},{"@type":"ImageObject","inLanguage":"ca","@id":"https:\/\/www.cpl.es\/producto\/blanca-8-cm-25-unidades\/#primaryimage","url":"https:\/\/www.cpl.es\/wp-content\/uploads\/Blanca-25-cast-scaled.jpg","contentUrl":"https:\/\/www.cpl.es\/wp-content\/uploads\/Blanca-25-cast-scaled.jpg","width":1920,"height":2560},{"@type":"BreadcrumbList","@id":"https:\/\/www.cpl.es\/producto\/blanca-8-cm-25-unidades\/#breadcrumb","itemListElement":[{"@type":"ListItem","position":1,"name":"Portada","item":"https:\/\/www.cpl.es\/ca\/"},{"@type":"ListItem","position":2,"name":"Cat\u00e0leg","item":"https:\/\/www.cpl.es\/ca\/cataleg\/"},{"@type":"ListItem","position":3,"name":"Blanca 8 cm &#8211; 25 unidades"}]},{"@type":"WebSite","@id":"https:\/\/www.cpl.es\/#website","url":"https:\/\/www.cpl.es\/","name":"CPL","description":"Centre de Pastoral Lit\u00fargica de Barcelona","publisher":{"@id":"https:\/\/www.cpl.es\/#organization"},"alternateName":"Centre de Pastoral Lit\u00fargica","potentialAction":[{"@type":"SearchAction","target":{"@type":"EntryPoint","urlTemplate":"https:\/\/www.cpl.es\/?s={search_term_string}"},"query-input":{"@type":"PropertyValueSpecification","valueRequired":true,"valueName":"search_term_string"}}],"inLanguage":"ca"},{"@type":"Organization","@id":"https:\/\/www.cpl.es\/#organization","name":"Centre de Pastoral Lit\u00fargica","alternateName":"Centre de Pastoral Lit\u00fargica de Barcelona","url":"https:\/\/www.cpl.es\/","logo":{"@type":"ImageObject","inLanguage":"ca","@id":"https:\/\/www.cpl.es\/#\/schema\/logo\/image\/","url":"https:\/\/www.cpl.es\/wp-content\/uploads\/logo-cpl.svg","contentUrl":"https:\/\/www.cpl.es\/wp-content\/uploads\/logo-cpl.svg","caption":"Centre de Pastoral Lit\u00fargica"},"image":{"@id":"https:\/\/www.cpl.es\/#\/schema\/logo\/image\/"}}]}},"_links":{"self":[{"href":"https:\/\/www.cpl.es\/ca\/wp-json\/wp\/v2\/product\/15211","targetHints":{"allow":["GET"]}}],"collection":[{"href":"https:\/\/www.cpl.es\/ca\/wp-json\/wp\/v2\/product"}],"about":[{"href":"https:\/\/www.cpl.es\/ca\/wp-json\/wp\/v2\/types\/product"}],"wp:featuredmedia":[{"embeddable":true,"href":"https:\/\/www.cpl.es\/ca\/wp-json\/wp\/v2\/media\/15212"}],"wp:attachment":[{"href":"https:\/\/www.cpl.es\/ca\/wp-json\/wp\/v2\/media?parent=15211"}],"wp:term":[{"taxonomy":"product_brand","embeddable":true,"href":"https:\/\/www.cpl.es\/ca\/wp-json\/wp\/v2\/product_brand?post=15211"},{"taxonomy":"product_cat","embeddable":true,"href":"https:\/\/www.cpl.es\/ca\/wp-json\/wp\/v2\/product_cat?post=15211"},{"taxonomy":"product_tag","embeddable":true,"href":"https:\/\/www.cpl.es\/ca\/wp-json\/wp\/v2\/product_tag?post=15211"}],"curies":[{"name":"wp","href":"https:\/\/api.w.org\/{rel}","templated":true}]}}