{"id":1497,"date":"2023-10-04T01:12:47","date_gmt":"2023-10-03T23:12:47","guid":{"rendered":"https:\/\/nuevaweb.cpl.es\/producto\/los-prefacios-y-las-secuencias-9788491651147\/"},"modified":"2023-12-05T13:36:23","modified_gmt":"2023-12-05T12:36:23","slug":"los-prefacios-y-las-secuencias-9788491651147","status":"publish","type":"product","link":"https:\/\/www.cpl.es\/ca\/producto\/los-prefacios-y-las-secuencias-9788491651147\/","title":{"rendered":"Los prefacios y las secuencias"},"content":{"rendered":"<p>El prefacio es la oraci\u00f3n con la que se inicia la parte central de la misa: la plegaria eucar\u00edstica. En el rito romano ha tenido siempre una especial importancia y una gran riqueza espiritual. Leerlos detenidamente, comentarlos y profundizar en su sentido es, sin duda, una buena manera de favorecer esta participaci\u00f3n activa en la liturgia en que tanto ha insistido el Magisterio desde el Concilio Vaticano II. Manuel Garrido, monje benedictino, y Juan Manuel Sierra, sacerdote diocesano, ambos expertos en liturgia, recorren el a\u00f1o lit\u00fargico siguiendo la tercera edici\u00f3n del Misal Romano y presentan cada uno de los prefacios.<br \/>Junto a este estudio de los prefacios, Pablo Cervera, escritor y te\u00f3logo, nos presenta las secuencias lit\u00fargicas, unos textos bell\u00edsimos que forman parte del patrimonio literario y musical de la Iglesia.<\/p>\n","protected":false},"excerpt":{"rendered":"<p>Juan Manuel Sierra; Manuel Garrido; Pablo Cervera<\/p>\n","protected":false},"featured_media":1498,"template":"","meta":{"_acf_changed":false,"inline_featured_image":false},"product_brand":[],"product_cat":[99,100,147,125],"product_tag":[],"class_list":{"0":"post-1497","1":"product","2":"type-product","3":"status-publish","4":"has-post-thumbnail","6":"product_cat-cpl-libri","7":"product_cat-cpl-libri-colleccions-catala","8":"product_cat-musica-i-celebracio","9":"product_cat-musica-y-celebracion","11":"first","12":"instock","13":"taxable","14":"shipping-taxable","15":"purchasable","16":"product-type-simple"},"acf":{"autor":"Juan Manuel Sierra; Manuel Garrido; Pablo Cervera","codart":"117034","ediciones":"1","encuadernacion":"R\u00fastica","fecha_de_publicacion":"18\/05\/2018","novedad":false,"paginas":"408","subtitulo":"","orden":"999","portada":false,"idioma":"spa","editorial":[{"ID":6736,"post_author":"2","post_date":"2023-10-06 08:35:24","post_date_gmt":"2023-10-06 06:35:24","post_content":"","post_title":"CPL","post_excerpt":"","post_status":"publish","comment_status":"closed","ping_status":"closed","post_password":"","post_name":"cpl","to_ping":"","pinged":"","post_modified":"2023-10-06 08:35:24","post_modified_gmt":"2023-10-06 06:35:24","post_content_filtered":"","post_parent":0,"guid":"https:\/\/nuevaweb.cpl.es\/editorial\/cpl\/","menu_order":0,"post_type":"editorial","post_mime_type":"","comment_count":"0","filter":"raw"}]},"yoast_head":"<!-- This site is optimized with the Yoast SEO plugin v27.3 - https:\/\/yoast.com\/product\/yoast-seo-wordpress\/ -->\n<title>Los prefacios y las secuencias - CPL<\/title>\n<meta name=\"robots\" content=\"index, follow, max-snippet:-1, max-image-preview:large, max-video-preview:-1\" \/>\n<link rel=\"canonical\" href=\"https:\/\/www.cpl.es\/producto\/los-prefacios-y-las-secuencias-9788491651147\/\" \/>\n<meta property=\"og:locale\" content=\"ca_ES\" \/>\n<meta property=\"og:type\" content=\"article\" \/>\n<meta property=\"og:title\" content=\"Los prefacios y las secuencias - CPL\" \/>\n<meta property=\"og:description\" content=\"Juan Manuel Sierra; Manuel Garrido; Pablo Cervera\" \/>\n<meta property=\"og:url\" content=\"https:\/\/www.cpl.es\/producto\/los-prefacios-y-las-secuencias-9788491651147\/\" \/>\n<meta property=\"og:site_name\" content=\"CPL\" \/>\n<meta property=\"article:modified_time\" content=\"2023-12-05T12:36:23+00:00\" \/>\n<meta property=\"og:image\" content=\"https:\/\/www.cpl.es\/wp-content\/uploads\/117034.jpg\" \/>\n\t<meta property=\"og:image:width\" content=\"280\" \/>\n\t<meta property=\"og:image:height\" content=\"410\" \/>\n\t<meta property=\"og:image:type\" content=\"image\/jpeg\" \/>\n<meta name=\"twitter:card\" content=\"summary_large_image\" \/>\n<meta name=\"twitter:label1\" content=\"Temps estimat de lectura\" \/>\n\t<meta name=\"twitter:data1\" content=\"1 minut\" \/>\n<script type=\"application\/ld+json\" class=\"yoast-schema-graph\">{\"@context\":\"https:\\\/\\\/schema.org\",\"@graph\":[{\"@type\":\"WebPage\",\"@id\":\"https:\\\/\\\/www.cpl.es\\\/producto\\\/los-prefacios-y-las-secuencias-9788491651147\\\/\",\"url\":\"https:\\\/\\\/www.cpl.es\\\/producto\\\/los-prefacios-y-las-secuencias-9788491651147\\\/\",\"name\":\"Los prefacios y las secuencias - CPL\",\"isPartOf\":{\"@id\":\"https:\\\/\\\/www.cpl.es\\\/#website\"},\"primaryImageOfPage\":{\"@id\":\"https:\\\/\\\/www.cpl.es\\\/producto\\\/los-prefacios-y-las-secuencias-9788491651147\\\/#primaryimage\"},\"image\":{\"@id\":\"https:\\\/\\\/www.cpl.es\\\/producto\\\/los-prefacios-y-las-secuencias-9788491651147\\\/#primaryimage\"},\"thumbnailUrl\":\"https:\\\/\\\/www.cpl.es\\\/wp-content\\\/uploads\\\/117034.jpg\",\"datePublished\":\"2023-10-03T23:12:47+00:00\",\"dateModified\":\"2023-12-05T12:36:23+00:00\",\"breadcrumb\":{\"@id\":\"https:\\\/\\\/www.cpl.es\\\/producto\\\/los-prefacios-y-las-secuencias-9788491651147\\\/#breadcrumb\"},\"inLanguage\":\"ca\",\"potentialAction\":[{\"@type\":\"ReadAction\",\"target\":[\"https:\\\/\\\/www.cpl.es\\\/producto\\\/los-prefacios-y-las-secuencias-9788491651147\\\/\"]}]},{\"@type\":\"ImageObject\",\"inLanguage\":\"ca\",\"@id\":\"https:\\\/\\\/www.cpl.es\\\/producto\\\/los-prefacios-y-las-secuencias-9788491651147\\\/#primaryimage\",\"url\":\"https:\\\/\\\/www.cpl.es\\\/wp-content\\\/uploads\\\/117034.jpg\",\"contentUrl\":\"https:\\\/\\\/www.cpl.es\\\/wp-content\\\/uploads\\\/117034.jpg\",\"width\":280,\"height\":410,\"caption\":\"117034.jpg\"},{\"@type\":\"BreadcrumbList\",\"@id\":\"https:\\\/\\\/www.cpl.es\\\/producto\\\/los-prefacios-y-las-secuencias-9788491651147\\\/#breadcrumb\",\"itemListElement\":[{\"@type\":\"ListItem\",\"position\":1,\"name\":\"Portada\",\"item\":\"https:\\\/\\\/www.cpl.es\\\/ca\\\/\"},{\"@type\":\"ListItem\",\"position\":2,\"name\":\"Cat\u00e0leg\",\"item\":\"https:\\\/\\\/www.cpl.es\\\/ca\\\/cataleg\\\/\"},{\"@type\":\"ListItem\",\"position\":3,\"name\":\"Los prefacios y las secuencias\"}]},{\"@type\":\"WebSite\",\"@id\":\"https:\\\/\\\/www.cpl.es\\\/#website\",\"url\":\"https:\\\/\\\/www.cpl.es\\\/\",\"name\":\"CPL\",\"description\":\"Centre de Pastoral Lit\u00fargica de Barcelona\",\"publisher\":{\"@id\":\"https:\\\/\\\/www.cpl.es\\\/#organization\"},\"alternateName\":\"Centre de Pastoral Lit\u00fargica\",\"potentialAction\":[{\"@type\":\"SearchAction\",\"target\":{\"@type\":\"EntryPoint\",\"urlTemplate\":\"https:\\\/\\\/www.cpl.es\\\/?s={search_term_string}\"},\"query-input\":{\"@type\":\"PropertyValueSpecification\",\"valueRequired\":true,\"valueName\":\"search_term_string\"}}],\"inLanguage\":\"ca\"},{\"@type\":\"Organization\",\"@id\":\"https:\\\/\\\/www.cpl.es\\\/#organization\",\"name\":\"Centre de Pastoral Lit\u00fargica\",\"alternateName\":\"Centre de Pastoral Lit\u00fargica de Barcelona\",\"url\":\"https:\\\/\\\/www.cpl.es\\\/\",\"logo\":{\"@type\":\"ImageObject\",\"inLanguage\":\"ca\",\"@id\":\"https:\\\/\\\/www.cpl.es\\\/#\\\/schema\\\/logo\\\/image\\\/\",\"url\":\"https:\\\/\\\/www.cpl.es\\\/wp-content\\\/uploads\\\/logo-cpl.svg\",\"contentUrl\":\"https:\\\/\\\/www.cpl.es\\\/wp-content\\\/uploads\\\/logo-cpl.svg\",\"caption\":\"Centre de Pastoral Lit\u00fargica\"},\"image\":{\"@id\":\"https:\\\/\\\/www.cpl.es\\\/#\\\/schema\\\/logo\\\/image\\\/\"}}]}<\/script>\n<!-- \/ Yoast SEO plugin. -->","yoast_head_json":{"title":"Los prefacios y las secuencias - CPL","robots":{"index":"index","follow":"follow","max-snippet":"max-snippet:-1","max-image-preview":"max-image-preview:large","max-video-preview":"max-video-preview:-1"},"canonical":"https:\/\/www.cpl.es\/producto\/los-prefacios-y-las-secuencias-9788491651147\/","og_locale":"ca_ES","og_type":"article","og_title":"Los prefacios y las secuencias - CPL","og_description":"Juan Manuel Sierra; Manuel Garrido; Pablo Cervera","og_url":"https:\/\/www.cpl.es\/producto\/los-prefacios-y-las-secuencias-9788491651147\/","og_site_name":"CPL","article_modified_time":"2023-12-05T12:36:23+00:00","og_image":[{"width":280,"height":410,"url":"https:\/\/www.cpl.es\/wp-content\/uploads\/117034.jpg","type":"image\/jpeg"}],"twitter_card":"summary_large_image","twitter_misc":{"Temps estimat de lectura":"1 minut"},"schema":{"@context":"https:\/\/schema.org","@graph":[{"@type":"WebPage","@id":"https:\/\/www.cpl.es\/producto\/los-prefacios-y-las-secuencias-9788491651147\/","url":"https:\/\/www.cpl.es\/producto\/los-prefacios-y-las-secuencias-9788491651147\/","name":"Los prefacios y las secuencias - CPL","isPartOf":{"@id":"https:\/\/www.cpl.es\/#website"},"primaryImageOfPage":{"@id":"https:\/\/www.cpl.es\/producto\/los-prefacios-y-las-secuencias-9788491651147\/#primaryimage"},"image":{"@id":"https:\/\/www.cpl.es\/producto\/los-prefacios-y-las-secuencias-9788491651147\/#primaryimage"},"thumbnailUrl":"https:\/\/www.cpl.es\/wp-content\/uploads\/117034.jpg","datePublished":"2023-10-03T23:12:47+00:00","dateModified":"2023-12-05T12:36:23+00:00","breadcrumb":{"@id":"https:\/\/www.cpl.es\/producto\/los-prefacios-y-las-secuencias-9788491651147\/#breadcrumb"},"inLanguage":"ca","potentialAction":[{"@type":"ReadAction","target":["https:\/\/www.cpl.es\/producto\/los-prefacios-y-las-secuencias-9788491651147\/"]}]},{"@type":"ImageObject","inLanguage":"ca","@id":"https:\/\/www.cpl.es\/producto\/los-prefacios-y-las-secuencias-9788491651147\/#primaryimage","url":"https:\/\/www.cpl.es\/wp-content\/uploads\/117034.jpg","contentUrl":"https:\/\/www.cpl.es\/wp-content\/uploads\/117034.jpg","width":280,"height":410,"caption":"117034.jpg"},{"@type":"BreadcrumbList","@id":"https:\/\/www.cpl.es\/producto\/los-prefacios-y-las-secuencias-9788491651147\/#breadcrumb","itemListElement":[{"@type":"ListItem","position":1,"name":"Portada","item":"https:\/\/www.cpl.es\/ca\/"},{"@type":"ListItem","position":2,"name":"Cat\u00e0leg","item":"https:\/\/www.cpl.es\/ca\/cataleg\/"},{"@type":"ListItem","position":3,"name":"Los prefacios y las secuencias"}]},{"@type":"WebSite","@id":"https:\/\/www.cpl.es\/#website","url":"https:\/\/www.cpl.es\/","name":"CPL","description":"Centre de Pastoral Lit\u00fargica de Barcelona","publisher":{"@id":"https:\/\/www.cpl.es\/#organization"},"alternateName":"Centre de Pastoral Lit\u00fargica","potentialAction":[{"@type":"SearchAction","target":{"@type":"EntryPoint","urlTemplate":"https:\/\/www.cpl.es\/?s={search_term_string}"},"query-input":{"@type":"PropertyValueSpecification","valueRequired":true,"valueName":"search_term_string"}}],"inLanguage":"ca"},{"@type":"Organization","@id":"https:\/\/www.cpl.es\/#organization","name":"Centre de Pastoral Lit\u00fargica","alternateName":"Centre de Pastoral Lit\u00fargica de Barcelona","url":"https:\/\/www.cpl.es\/","logo":{"@type":"ImageObject","inLanguage":"ca","@id":"https:\/\/www.cpl.es\/#\/schema\/logo\/image\/","url":"https:\/\/www.cpl.es\/wp-content\/uploads\/logo-cpl.svg","contentUrl":"https:\/\/www.cpl.es\/wp-content\/uploads\/logo-cpl.svg","caption":"Centre de Pastoral Lit\u00fargica"},"image":{"@id":"https:\/\/www.cpl.es\/#\/schema\/logo\/image\/"}}]}},"_links":{"self":[{"href":"https:\/\/www.cpl.es\/ca\/wp-json\/wp\/v2\/product\/1497","targetHints":{"allow":["GET"]}}],"collection":[{"href":"https:\/\/www.cpl.es\/ca\/wp-json\/wp\/v2\/product"}],"about":[{"href":"https:\/\/www.cpl.es\/ca\/wp-json\/wp\/v2\/types\/product"}],"wp:featuredmedia":[{"embeddable":true,"href":"https:\/\/www.cpl.es\/ca\/wp-json\/wp\/v2\/media\/1498"}],"wp:attachment":[{"href":"https:\/\/www.cpl.es\/ca\/wp-json\/wp\/v2\/media?parent=1497"}],"wp:term":[{"taxonomy":"product_brand","embeddable":true,"href":"https:\/\/www.cpl.es\/ca\/wp-json\/wp\/v2\/product_brand?post=1497"},{"taxonomy":"product_cat","embeddable":true,"href":"https:\/\/www.cpl.es\/ca\/wp-json\/wp\/v2\/product_cat?post=1497"},{"taxonomy":"product_tag","embeddable":true,"href":"https:\/\/www.cpl.es\/ca\/wp-json\/wp\/v2\/product_tag?post=1497"}],"curies":[{"name":"wp","href":"https:\/\/api.w.org\/{rel}","templated":true}]}}