{"id":1416,"date":"2023-10-04T01:10:15","date_gmt":"2023-10-03T23:10:15","guid":{"rendered":"https:\/\/nuevaweb.cpl.es\/producto\/el-numero-40-su-sentido-religioso-en-la-biblia-9788491651529\/"},"modified":"2026-02-12T17:39:35","modified_gmt":"2026-02-12T16:39:35","slug":"el-numero-40-su-sentido-religioso-en-la-biblia-9788491651529","status":"publish","type":"product","link":"https:\/\/www.cpl.es\/ca\/producto\/el-numero-40-su-sentido-religioso-en-la-biblia-9788491651529\/","title":{"rendered":"El n\u00famero 40. Su sentido religioso en la biblia"},"content":{"rendered":"<p>Los n\u00fameros y su simbolismo son elementos importantes en la literatura hebrea. La literatura oriental antigua, la primera pregunta que se impone es la de qu\u00e9 significan esos n\u00fameros. Casi  nunca deben entenderse como cifras absolutas, sino como s\u00edmbolos de alguna afirmaci\u00f3n.<br \/>En los textos b\u00edblicos se dan diversos casos en los que el n\u00famero de d\u00edas, de semanas o de a\u00f1os nos da la clave o es el camino para entender una determinada narraci\u00f3n. El n\u00famero cuarenta es uno de estos n\u00fameros de los que conviene conocer todos sus \u00absecretos\u00bb. Conocerlos nos puede ayudar a encontrar el sentido pleno y exacto de un texto que sin el concurso de este n\u00famero solo alcanzar\u00edamos a encontrar de manera balbuciente.<br \/>El P. Poelman, gran divulgador de los textos b\u00edblicos, nos ofrece un comentario de los principales textos b\u00edblicos que tienen el n\u00famero cuarenta como clave de lectura.<\/p>\n","protected":false},"excerpt":{"rendered":"<p>Poelman, Roger<\/p>\n","protected":false},"featured_media":1417,"template":"","meta":{"_acf_changed":false,"inline_featured_image":false},"product_brand":[],"product_cat":[82,59,69,54],"product_tag":[],"class_list":{"0":"post-1416","1":"product","2":"type-product","3":"status-publish","4":"has-post-thumbnail","6":"product_cat-biblia-per-temes-catala","7":"product_cat-biblia","8":"product_cat-cuadernos-phase-colleccions-catala","9":"product_cat-cuadernos-phase","11":"first","12":"instock","13":"taxable","14":"shipping-taxable","15":"purchasable","16":"product-type-simple"},"acf":{"autor":"Poelman, Roger","codart":"110246","ediciones":"1","encuadernacion":"R\u00fastica","fecha_de_publicacion":"26\/09\/2018","novedad":false,"paginas":"124","subtitulo":"","orden":"999","portada":false,"idioma":"spa","editorial":[{"ID":6736,"post_author":"2","post_date":"2023-10-06 08:35:24","post_date_gmt":"2023-10-06 06:35:24","post_content":"","post_title":"CPL","post_excerpt":"","post_status":"publish","comment_status":"closed","ping_status":"closed","post_password":"","post_name":"cpl","to_ping":"","pinged":"","post_modified":"2023-10-06 08:35:24","post_modified_gmt":"2023-10-06 06:35:24","post_content_filtered":"","post_parent":0,"guid":"https:\/\/nuevaweb.cpl.es\/editorial\/cpl\/","menu_order":0,"post_type":"editorial","post_mime_type":"","comment_count":"0","filter":"raw"}],"coleccion_num":"246"},"yoast_head":"<!-- This site is optimized with the Yoast SEO plugin v27.3 - https:\/\/yoast.com\/product\/yoast-seo-wordpress\/ -->\n<title>El n\u00famero 40. Su sentido religioso en la biblia - CPL<\/title>\n<meta name=\"robots\" content=\"index, follow, max-snippet:-1, max-image-preview:large, max-video-preview:-1\" \/>\n<link rel=\"canonical\" href=\"https:\/\/www.cpl.es\/producto\/el-numero-40-su-sentido-religioso-en-la-biblia-9788491651529\/\" \/>\n<meta property=\"og:locale\" content=\"ca_ES\" \/>\n<meta property=\"og:type\" content=\"article\" \/>\n<meta property=\"og:title\" content=\"El n\u00famero 40. Su sentido religioso en la biblia - CPL\" \/>\n<meta property=\"og:description\" content=\"Poelman, Roger\" \/>\n<meta property=\"og:url\" content=\"https:\/\/www.cpl.es\/producto\/el-numero-40-su-sentido-religioso-en-la-biblia-9788491651529\/\" \/>\n<meta property=\"og:site_name\" content=\"CPL\" \/>\n<meta property=\"article:modified_time\" content=\"2026-02-12T16:39:35+00:00\" \/>\n<meta property=\"og:image\" content=\"https:\/\/www.cpl.es\/wp-content\/uploads\/110246.jpg\" \/>\n\t<meta property=\"og:image:width\" content=\"281\" \/>\n\t<meta property=\"og:image:height\" content=\"422\" \/>\n\t<meta property=\"og:image:type\" content=\"image\/jpeg\" \/>\n<meta name=\"twitter:card\" content=\"summary_large_image\" \/>\n<meta name=\"twitter:label1\" content=\"Temps estimat de lectura\" \/>\n\t<meta name=\"twitter:data1\" content=\"1 minut\" \/>\n<script type=\"application\/ld+json\" class=\"yoast-schema-graph\">{\"@context\":\"https:\\\/\\\/schema.org\",\"@graph\":[{\"@type\":\"WebPage\",\"@id\":\"https:\\\/\\\/www.cpl.es\\\/producto\\\/el-numero-40-su-sentido-religioso-en-la-biblia-9788491651529\\\/\",\"url\":\"https:\\\/\\\/www.cpl.es\\\/producto\\\/el-numero-40-su-sentido-religioso-en-la-biblia-9788491651529\\\/\",\"name\":\"El n\u00famero 40. Su sentido religioso en la biblia - CPL\",\"isPartOf\":{\"@id\":\"https:\\\/\\\/www.cpl.es\\\/#website\"},\"primaryImageOfPage\":{\"@id\":\"https:\\\/\\\/www.cpl.es\\\/producto\\\/el-numero-40-su-sentido-religioso-en-la-biblia-9788491651529\\\/#primaryimage\"},\"image\":{\"@id\":\"https:\\\/\\\/www.cpl.es\\\/producto\\\/el-numero-40-su-sentido-religioso-en-la-biblia-9788491651529\\\/#primaryimage\"},\"thumbnailUrl\":\"https:\\\/\\\/www.cpl.es\\\/wp-content\\\/uploads\\\/110246.jpg\",\"datePublished\":\"2023-10-03T23:10:15+00:00\",\"dateModified\":\"2026-02-12T16:39:35+00:00\",\"breadcrumb\":{\"@id\":\"https:\\\/\\\/www.cpl.es\\\/producto\\\/el-numero-40-su-sentido-religioso-en-la-biblia-9788491651529\\\/#breadcrumb\"},\"inLanguage\":\"ca\",\"potentialAction\":[{\"@type\":\"ReadAction\",\"target\":[\"https:\\\/\\\/www.cpl.es\\\/producto\\\/el-numero-40-su-sentido-religioso-en-la-biblia-9788491651529\\\/\"]}]},{\"@type\":\"ImageObject\",\"inLanguage\":\"ca\",\"@id\":\"https:\\\/\\\/www.cpl.es\\\/producto\\\/el-numero-40-su-sentido-religioso-en-la-biblia-9788491651529\\\/#primaryimage\",\"url\":\"https:\\\/\\\/www.cpl.es\\\/wp-content\\\/uploads\\\/110246.jpg\",\"contentUrl\":\"https:\\\/\\\/www.cpl.es\\\/wp-content\\\/uploads\\\/110246.jpg\",\"width\":281,\"height\":422,\"caption\":\"110246.jpg\"},{\"@type\":\"BreadcrumbList\",\"@id\":\"https:\\\/\\\/www.cpl.es\\\/producto\\\/el-numero-40-su-sentido-religioso-en-la-biblia-9788491651529\\\/#breadcrumb\",\"itemListElement\":[{\"@type\":\"ListItem\",\"position\":1,\"name\":\"Portada\",\"item\":\"https:\\\/\\\/www.cpl.es\\\/ca\\\/\"},{\"@type\":\"ListItem\",\"position\":2,\"name\":\"Cat\u00e0leg\",\"item\":\"https:\\\/\\\/www.cpl.es\\\/ca\\\/cataleg\\\/\"},{\"@type\":\"ListItem\",\"position\":3,\"name\":\"El n\u00famero 40. Su sentido religioso en la biblia\"}]},{\"@type\":\"WebSite\",\"@id\":\"https:\\\/\\\/www.cpl.es\\\/#website\",\"url\":\"https:\\\/\\\/www.cpl.es\\\/\",\"name\":\"CPL\",\"description\":\"Centre de Pastoral Lit\u00fargica de Barcelona\",\"publisher\":{\"@id\":\"https:\\\/\\\/www.cpl.es\\\/#organization\"},\"alternateName\":\"Centre de Pastoral Lit\u00fargica\",\"potentialAction\":[{\"@type\":\"SearchAction\",\"target\":{\"@type\":\"EntryPoint\",\"urlTemplate\":\"https:\\\/\\\/www.cpl.es\\\/?s={search_term_string}\"},\"query-input\":{\"@type\":\"PropertyValueSpecification\",\"valueRequired\":true,\"valueName\":\"search_term_string\"}}],\"inLanguage\":\"ca\"},{\"@type\":\"Organization\",\"@id\":\"https:\\\/\\\/www.cpl.es\\\/#organization\",\"name\":\"Centre de Pastoral Lit\u00fargica\",\"alternateName\":\"Centre de Pastoral Lit\u00fargica de Barcelona\",\"url\":\"https:\\\/\\\/www.cpl.es\\\/\",\"logo\":{\"@type\":\"ImageObject\",\"inLanguage\":\"ca\",\"@id\":\"https:\\\/\\\/www.cpl.es\\\/#\\\/schema\\\/logo\\\/image\\\/\",\"url\":\"https:\\\/\\\/www.cpl.es\\\/wp-content\\\/uploads\\\/logo-cpl.svg\",\"contentUrl\":\"https:\\\/\\\/www.cpl.es\\\/wp-content\\\/uploads\\\/logo-cpl.svg\",\"caption\":\"Centre de Pastoral Lit\u00fargica\"},\"image\":{\"@id\":\"https:\\\/\\\/www.cpl.es\\\/#\\\/schema\\\/logo\\\/image\\\/\"}}]}<\/script>\n<!-- \/ Yoast SEO plugin. -->","yoast_head_json":{"title":"El n\u00famero 40. Su sentido religioso en la biblia - CPL","robots":{"index":"index","follow":"follow","max-snippet":"max-snippet:-1","max-image-preview":"max-image-preview:large","max-video-preview":"max-video-preview:-1"},"canonical":"https:\/\/www.cpl.es\/producto\/el-numero-40-su-sentido-religioso-en-la-biblia-9788491651529\/","og_locale":"ca_ES","og_type":"article","og_title":"El n\u00famero 40. Su sentido religioso en la biblia - CPL","og_description":"Poelman, Roger","og_url":"https:\/\/www.cpl.es\/producto\/el-numero-40-su-sentido-religioso-en-la-biblia-9788491651529\/","og_site_name":"CPL","article_modified_time":"2026-02-12T16:39:35+00:00","og_image":[{"width":281,"height":422,"url":"https:\/\/www.cpl.es\/wp-content\/uploads\/110246.jpg","type":"image\/jpeg"}],"twitter_card":"summary_large_image","twitter_misc":{"Temps estimat de lectura":"1 minut"},"schema":{"@context":"https:\/\/schema.org","@graph":[{"@type":"WebPage","@id":"https:\/\/www.cpl.es\/producto\/el-numero-40-su-sentido-religioso-en-la-biblia-9788491651529\/","url":"https:\/\/www.cpl.es\/producto\/el-numero-40-su-sentido-religioso-en-la-biblia-9788491651529\/","name":"El n\u00famero 40. Su sentido religioso en la biblia - CPL","isPartOf":{"@id":"https:\/\/www.cpl.es\/#website"},"primaryImageOfPage":{"@id":"https:\/\/www.cpl.es\/producto\/el-numero-40-su-sentido-religioso-en-la-biblia-9788491651529\/#primaryimage"},"image":{"@id":"https:\/\/www.cpl.es\/producto\/el-numero-40-su-sentido-religioso-en-la-biblia-9788491651529\/#primaryimage"},"thumbnailUrl":"https:\/\/www.cpl.es\/wp-content\/uploads\/110246.jpg","datePublished":"2023-10-03T23:10:15+00:00","dateModified":"2026-02-12T16:39:35+00:00","breadcrumb":{"@id":"https:\/\/www.cpl.es\/producto\/el-numero-40-su-sentido-religioso-en-la-biblia-9788491651529\/#breadcrumb"},"inLanguage":"ca","potentialAction":[{"@type":"ReadAction","target":["https:\/\/www.cpl.es\/producto\/el-numero-40-su-sentido-religioso-en-la-biblia-9788491651529\/"]}]},{"@type":"ImageObject","inLanguage":"ca","@id":"https:\/\/www.cpl.es\/producto\/el-numero-40-su-sentido-religioso-en-la-biblia-9788491651529\/#primaryimage","url":"https:\/\/www.cpl.es\/wp-content\/uploads\/110246.jpg","contentUrl":"https:\/\/www.cpl.es\/wp-content\/uploads\/110246.jpg","width":281,"height":422,"caption":"110246.jpg"},{"@type":"BreadcrumbList","@id":"https:\/\/www.cpl.es\/producto\/el-numero-40-su-sentido-religioso-en-la-biblia-9788491651529\/#breadcrumb","itemListElement":[{"@type":"ListItem","position":1,"name":"Portada","item":"https:\/\/www.cpl.es\/ca\/"},{"@type":"ListItem","position":2,"name":"Cat\u00e0leg","item":"https:\/\/www.cpl.es\/ca\/cataleg\/"},{"@type":"ListItem","position":3,"name":"El n\u00famero 40. Su sentido religioso en la biblia"}]},{"@type":"WebSite","@id":"https:\/\/www.cpl.es\/#website","url":"https:\/\/www.cpl.es\/","name":"CPL","description":"Centre de Pastoral Lit\u00fargica de Barcelona","publisher":{"@id":"https:\/\/www.cpl.es\/#organization"},"alternateName":"Centre de Pastoral Lit\u00fargica","potentialAction":[{"@type":"SearchAction","target":{"@type":"EntryPoint","urlTemplate":"https:\/\/www.cpl.es\/?s={search_term_string}"},"query-input":{"@type":"PropertyValueSpecification","valueRequired":true,"valueName":"search_term_string"}}],"inLanguage":"ca"},{"@type":"Organization","@id":"https:\/\/www.cpl.es\/#organization","name":"Centre de Pastoral Lit\u00fargica","alternateName":"Centre de Pastoral Lit\u00fargica de Barcelona","url":"https:\/\/www.cpl.es\/","logo":{"@type":"ImageObject","inLanguage":"ca","@id":"https:\/\/www.cpl.es\/#\/schema\/logo\/image\/","url":"https:\/\/www.cpl.es\/wp-content\/uploads\/logo-cpl.svg","contentUrl":"https:\/\/www.cpl.es\/wp-content\/uploads\/logo-cpl.svg","caption":"Centre de Pastoral Lit\u00fargica"},"image":{"@id":"https:\/\/www.cpl.es\/#\/schema\/logo\/image\/"}}]}},"_links":{"self":[{"href":"https:\/\/www.cpl.es\/ca\/wp-json\/wp\/v2\/product\/1416","targetHints":{"allow":["GET"]}}],"collection":[{"href":"https:\/\/www.cpl.es\/ca\/wp-json\/wp\/v2\/product"}],"about":[{"href":"https:\/\/www.cpl.es\/ca\/wp-json\/wp\/v2\/types\/product"}],"wp:featuredmedia":[{"embeddable":true,"href":"https:\/\/www.cpl.es\/ca\/wp-json\/wp\/v2\/media\/1417"}],"wp:attachment":[{"href":"https:\/\/www.cpl.es\/ca\/wp-json\/wp\/v2\/media?parent=1416"}],"wp:term":[{"taxonomy":"product_brand","embeddable":true,"href":"https:\/\/www.cpl.es\/ca\/wp-json\/wp\/v2\/product_brand?post=1416"},{"taxonomy":"product_cat","embeddable":true,"href":"https:\/\/www.cpl.es\/ca\/wp-json\/wp\/v2\/product_cat?post=1416"},{"taxonomy":"product_tag","embeddable":true,"href":"https:\/\/www.cpl.es\/ca\/wp-json\/wp\/v2\/product_tag?post=1416"}],"curies":[{"name":"wp","href":"https:\/\/api.w.org\/{rel}","templated":true}]}}