{"id":1395,"date":"2023-10-04T01:09:34","date_gmt":"2023-10-03T23:09:34","guid":{"rendered":"https:\/\/nuevaweb.cpl.es\/producto\/celebracion-cristiana-armonia-y-verdad-9788491651567\/"},"modified":"2026-02-12T17:47:27","modified_gmt":"2026-02-12T16:47:27","slug":"celebracion-cristiana-armonia-y-verdad-9788491651567","status":"publish","type":"product","link":"https:\/\/www.cpl.es\/ca\/producto\/celebracion-cristiana-armonia-y-verdad-9788491651567\/","title":{"rendered":"Celebraci\u00f3n cristiana, armon\u00eda y verdad"},"content":{"rendered":"<p>Con motivo de los 50 a\u00f1os que ha cumplido la revista Misa Dominical, la colecci\u00f3n Ema\u00fas ha querido recuperar los escritos de cuatro de sus colaboradores m\u00e1s significativos, dentro de la secci\u00f3n \u00ab\u00daltima p\u00e1gina\u00bb de esta publicaci\u00f3n. Los art\u00edculos de Xabier Basurko, Joaquim Gomis, Juan Mart\u00edn-Velasco y Pere Tena han sido editados simult\u00e1neamente en cuatro vol\u00famenes. La lectura correlativa de unos art\u00edculos escritos a lo largo de m\u00e1s de veinte a\u00f1os por cuatro reconocidos autores de car\u00e1cter y trayectoria tan diferentes, que se complementan perfectamente, se convierte en un fresco excelente de la recepci\u00f3n de la liturgia del Concilio Vaticano II. Ponen de relieve, con libertad, aciertos y retos de la forma de celebrar la Eucarist\u00eda dominical en nuestras comunidades cristianas.<br \/>Pere Tena, expresa con su habitual sutileza y amabilidad la b\u00fasqueda de unas celebraciones fieles al misterio pascual, a la identidad de la comunidad y al Concilio Vaticano II.<\/p>\n<p>Pere Tena (1928-2014), fue ordenado presb\u00edtero en Barcelona en 1951. Continu\u00f3 sus estudios en la Pontificia Universidad Gregoriana de Roma, donde alcanz\u00f3 el grado de doctor en Teolog\u00eda en 1954. Ejerci\u00f3 la docencia en el Seminario Diocesano y en la Facultad de Teolog\u00eda de Catalu\u00f1a, de la que fue decano y presidente. En 1958, fue<br \/>promotor y primer presidente del Centre de Pastoral Lit\u00fargica de Barcelona (CPL). Entre otras actuaciones en el CPL, fund\u00f3 la revista Phase en 1961 y la dirigi\u00f3 hasta 1987. En 1987 fue nombrado subsecretario de la Congregaci\u00f3n<br \/>para el Culto Divino, cargo que desempe\u00f1\u00f3 hasta 1993, en que fue elegido obispo auxiliar de Barcelona.<\/p>\n","protected":false},"excerpt":{"rendered":"<p>Tena Garriga, Pere<\/p>\n","protected":false},"featured_media":1396,"template":"","meta":{"_acf_changed":false,"inline_featured_image":false},"product_brand":[],"product_cat":[151,153,132,111,73,49,137,115,165,121,122,144],"product_tag":[],"class_list":{"0":"post-1395","1":"product","2":"type-product","3":"status-publish","4":"has-post-thumbnail","6":"product_cat-celebracio-de-la-missa-celebracio-de-la-missa-per-temes","7":"product_cat-celebracion-de-la-misa-celebracion-de-la-misa-por-temas","8":"product_cat-diumenge","9":"product_cat-domingo","10":"product_cat-emaus-colleccions-catala","11":"product_cat-emaus","12":"product_cat-eucaristia-sagraments-per-temes","13":"product_cat-eucaristia","14":"product_cat-lassemblea-liturgica-celebracio-de-la-missa-per-temes","15":"product_cat-la-asamblea-liturgica","16":"product_cat-ministerios","17":"product_cat-ministeris","19":"first","20":"instock","21":"taxable","22":"shipping-taxable","23":"purchasable","24":"product-type-simple"},"acf":{"autor":"Tena Garriga, Pere","codart":"108151","ediciones":"1","encuadernacion":"R\u00fastica","fecha_de_publicacion":"26\/09\/2018","novedad":false,"paginas":"140","subtitulo":"","orden":"999","portada":false,"idioma":"spa","editorial":[{"ID":6736,"post_author":"2","post_date":"2023-10-06 08:35:24","post_date_gmt":"2023-10-06 06:35:24","post_content":"","post_title":"CPL","post_excerpt":"","post_status":"publish","comment_status":"closed","ping_status":"closed","post_password":"","post_name":"cpl","to_ping":"","pinged":"","post_modified":"2023-10-06 08:35:24","post_modified_gmt":"2023-10-06 06:35:24","post_content_filtered":"","post_parent":0,"guid":"https:\/\/nuevaweb.cpl.es\/editorial\/cpl\/","menu_order":0,"post_type":"editorial","post_mime_type":"","comment_count":"0","filter":"raw"}],"coleccion_num":"151"},"yoast_head":"<!-- This site is optimized with the Yoast SEO plugin v27.3 - https:\/\/yoast.com\/product\/yoast-seo-wordpress\/ -->\n<title>Celebraci\u00f3n cristiana, armon\u00eda y verdad - CPL<\/title>\n<meta name=\"robots\" content=\"index, follow, max-snippet:-1, max-image-preview:large, max-video-preview:-1\" \/>\n<link rel=\"canonical\" href=\"https:\/\/www.cpl.es\/producto\/celebracion-cristiana-armonia-y-verdad-9788491651567\/\" \/>\n<meta property=\"og:locale\" content=\"ca_ES\" \/>\n<meta property=\"og:type\" content=\"article\" \/>\n<meta property=\"og:title\" content=\"Celebraci\u00f3n cristiana, armon\u00eda y verdad - CPL\" \/>\n<meta property=\"og:description\" content=\"Tena Garriga, Pere\" \/>\n<meta property=\"og:url\" content=\"https:\/\/www.cpl.es\/producto\/celebracion-cristiana-armonia-y-verdad-9788491651567\/\" \/>\n<meta property=\"og:site_name\" content=\"CPL\" \/>\n<meta property=\"article:modified_time\" content=\"2026-02-12T16:47:27+00:00\" \/>\n<meta property=\"og:image\" content=\"https:\/\/www.cpl.es\/wp-content\/uploads\/108151.jpg\" \/>\n\t<meta property=\"og:image:width\" content=\"1417\" \/>\n\t<meta property=\"og:image:height\" content=\"2244\" \/>\n\t<meta property=\"og:image:type\" content=\"image\/jpeg\" \/>\n<meta name=\"twitter:card\" content=\"summary_large_image\" \/>\n<meta name=\"twitter:label1\" content=\"Temps estimat de lectura\" \/>\n\t<meta name=\"twitter:data1\" content=\"1 minut\" \/>\n<script type=\"application\/ld+json\" class=\"yoast-schema-graph\">{\"@context\":\"https:\\\/\\\/schema.org\",\"@graph\":[{\"@type\":\"WebPage\",\"@id\":\"https:\\\/\\\/www.cpl.es\\\/producto\\\/celebracion-cristiana-armonia-y-verdad-9788491651567\\\/\",\"url\":\"https:\\\/\\\/www.cpl.es\\\/producto\\\/celebracion-cristiana-armonia-y-verdad-9788491651567\\\/\",\"name\":\"Celebraci\u00f3n cristiana, armon\u00eda y verdad - CPL\",\"isPartOf\":{\"@id\":\"https:\\\/\\\/www.cpl.es\\\/#website\"},\"primaryImageOfPage\":{\"@id\":\"https:\\\/\\\/www.cpl.es\\\/producto\\\/celebracion-cristiana-armonia-y-verdad-9788491651567\\\/#primaryimage\"},\"image\":{\"@id\":\"https:\\\/\\\/www.cpl.es\\\/producto\\\/celebracion-cristiana-armonia-y-verdad-9788491651567\\\/#primaryimage\"},\"thumbnailUrl\":\"https:\\\/\\\/www.cpl.es\\\/wp-content\\\/uploads\\\/108151.jpg\",\"datePublished\":\"2023-10-03T23:09:34+00:00\",\"dateModified\":\"2026-02-12T16:47:27+00:00\",\"breadcrumb\":{\"@id\":\"https:\\\/\\\/www.cpl.es\\\/producto\\\/celebracion-cristiana-armonia-y-verdad-9788491651567\\\/#breadcrumb\"},\"inLanguage\":\"ca\",\"potentialAction\":[{\"@type\":\"ReadAction\",\"target\":[\"https:\\\/\\\/www.cpl.es\\\/producto\\\/celebracion-cristiana-armonia-y-verdad-9788491651567\\\/\"]}]},{\"@type\":\"ImageObject\",\"inLanguage\":\"ca\",\"@id\":\"https:\\\/\\\/www.cpl.es\\\/producto\\\/celebracion-cristiana-armonia-y-verdad-9788491651567\\\/#primaryimage\",\"url\":\"https:\\\/\\\/www.cpl.es\\\/wp-content\\\/uploads\\\/108151.jpg\",\"contentUrl\":\"https:\\\/\\\/www.cpl.es\\\/wp-content\\\/uploads\\\/108151.jpg\",\"width\":1417,\"height\":2244,\"caption\":\"108151.jpg\"},{\"@type\":\"BreadcrumbList\",\"@id\":\"https:\\\/\\\/www.cpl.es\\\/producto\\\/celebracion-cristiana-armonia-y-verdad-9788491651567\\\/#breadcrumb\",\"itemListElement\":[{\"@type\":\"ListItem\",\"position\":1,\"name\":\"Portada\",\"item\":\"https:\\\/\\\/www.cpl.es\\\/ca\\\/\"},{\"@type\":\"ListItem\",\"position\":2,\"name\":\"Cat\u00e0leg\",\"item\":\"https:\\\/\\\/www.cpl.es\\\/ca\\\/cataleg\\\/\"},{\"@type\":\"ListItem\",\"position\":3,\"name\":\"Celebraci\u00f3n cristiana, armon\u00eda y verdad\"}]},{\"@type\":\"WebSite\",\"@id\":\"https:\\\/\\\/www.cpl.es\\\/#website\",\"url\":\"https:\\\/\\\/www.cpl.es\\\/\",\"name\":\"CPL\",\"description\":\"Centre de Pastoral Lit\u00fargica de Barcelona\",\"publisher\":{\"@id\":\"https:\\\/\\\/www.cpl.es\\\/#organization\"},\"alternateName\":\"Centre de Pastoral Lit\u00fargica\",\"potentialAction\":[{\"@type\":\"SearchAction\",\"target\":{\"@type\":\"EntryPoint\",\"urlTemplate\":\"https:\\\/\\\/www.cpl.es\\\/?s={search_term_string}\"},\"query-input\":{\"@type\":\"PropertyValueSpecification\",\"valueRequired\":true,\"valueName\":\"search_term_string\"}}],\"inLanguage\":\"ca\"},{\"@type\":\"Organization\",\"@id\":\"https:\\\/\\\/www.cpl.es\\\/#organization\",\"name\":\"Centre de Pastoral Lit\u00fargica\",\"alternateName\":\"Centre de Pastoral Lit\u00fargica de Barcelona\",\"url\":\"https:\\\/\\\/www.cpl.es\\\/\",\"logo\":{\"@type\":\"ImageObject\",\"inLanguage\":\"ca\",\"@id\":\"https:\\\/\\\/www.cpl.es\\\/#\\\/schema\\\/logo\\\/image\\\/\",\"url\":\"https:\\\/\\\/www.cpl.es\\\/wp-content\\\/uploads\\\/logo-cpl.svg\",\"contentUrl\":\"https:\\\/\\\/www.cpl.es\\\/wp-content\\\/uploads\\\/logo-cpl.svg\",\"caption\":\"Centre de Pastoral Lit\u00fargica\"},\"image\":{\"@id\":\"https:\\\/\\\/www.cpl.es\\\/#\\\/schema\\\/logo\\\/image\\\/\"}}]}<\/script>\n<!-- \/ Yoast SEO plugin. -->","yoast_head_json":{"title":"Celebraci\u00f3n cristiana, armon\u00eda y verdad - CPL","robots":{"index":"index","follow":"follow","max-snippet":"max-snippet:-1","max-image-preview":"max-image-preview:large","max-video-preview":"max-video-preview:-1"},"canonical":"https:\/\/www.cpl.es\/producto\/celebracion-cristiana-armonia-y-verdad-9788491651567\/","og_locale":"ca_ES","og_type":"article","og_title":"Celebraci\u00f3n cristiana, armon\u00eda y verdad - CPL","og_description":"Tena Garriga, Pere","og_url":"https:\/\/www.cpl.es\/producto\/celebracion-cristiana-armonia-y-verdad-9788491651567\/","og_site_name":"CPL","article_modified_time":"2026-02-12T16:47:27+00:00","og_image":[{"width":1417,"height":2244,"url":"https:\/\/www.cpl.es\/wp-content\/uploads\/108151.jpg","type":"image\/jpeg"}],"twitter_card":"summary_large_image","twitter_misc":{"Temps estimat de lectura":"1 minut"},"schema":{"@context":"https:\/\/schema.org","@graph":[{"@type":"WebPage","@id":"https:\/\/www.cpl.es\/producto\/celebracion-cristiana-armonia-y-verdad-9788491651567\/","url":"https:\/\/www.cpl.es\/producto\/celebracion-cristiana-armonia-y-verdad-9788491651567\/","name":"Celebraci\u00f3n cristiana, armon\u00eda y verdad - CPL","isPartOf":{"@id":"https:\/\/www.cpl.es\/#website"},"primaryImageOfPage":{"@id":"https:\/\/www.cpl.es\/producto\/celebracion-cristiana-armonia-y-verdad-9788491651567\/#primaryimage"},"image":{"@id":"https:\/\/www.cpl.es\/producto\/celebracion-cristiana-armonia-y-verdad-9788491651567\/#primaryimage"},"thumbnailUrl":"https:\/\/www.cpl.es\/wp-content\/uploads\/108151.jpg","datePublished":"2023-10-03T23:09:34+00:00","dateModified":"2026-02-12T16:47:27+00:00","breadcrumb":{"@id":"https:\/\/www.cpl.es\/producto\/celebracion-cristiana-armonia-y-verdad-9788491651567\/#breadcrumb"},"inLanguage":"ca","potentialAction":[{"@type":"ReadAction","target":["https:\/\/www.cpl.es\/producto\/celebracion-cristiana-armonia-y-verdad-9788491651567\/"]}]},{"@type":"ImageObject","inLanguage":"ca","@id":"https:\/\/www.cpl.es\/producto\/celebracion-cristiana-armonia-y-verdad-9788491651567\/#primaryimage","url":"https:\/\/www.cpl.es\/wp-content\/uploads\/108151.jpg","contentUrl":"https:\/\/www.cpl.es\/wp-content\/uploads\/108151.jpg","width":1417,"height":2244,"caption":"108151.jpg"},{"@type":"BreadcrumbList","@id":"https:\/\/www.cpl.es\/producto\/celebracion-cristiana-armonia-y-verdad-9788491651567\/#breadcrumb","itemListElement":[{"@type":"ListItem","position":1,"name":"Portada","item":"https:\/\/www.cpl.es\/ca\/"},{"@type":"ListItem","position":2,"name":"Cat\u00e0leg","item":"https:\/\/www.cpl.es\/ca\/cataleg\/"},{"@type":"ListItem","position":3,"name":"Celebraci\u00f3n cristiana, armon\u00eda y verdad"}]},{"@type":"WebSite","@id":"https:\/\/www.cpl.es\/#website","url":"https:\/\/www.cpl.es\/","name":"CPL","description":"Centre de Pastoral Lit\u00fargica de Barcelona","publisher":{"@id":"https:\/\/www.cpl.es\/#organization"},"alternateName":"Centre de Pastoral Lit\u00fargica","potentialAction":[{"@type":"SearchAction","target":{"@type":"EntryPoint","urlTemplate":"https:\/\/www.cpl.es\/?s={search_term_string}"},"query-input":{"@type":"PropertyValueSpecification","valueRequired":true,"valueName":"search_term_string"}}],"inLanguage":"ca"},{"@type":"Organization","@id":"https:\/\/www.cpl.es\/#organization","name":"Centre de Pastoral Lit\u00fargica","alternateName":"Centre de Pastoral Lit\u00fargica de Barcelona","url":"https:\/\/www.cpl.es\/","logo":{"@type":"ImageObject","inLanguage":"ca","@id":"https:\/\/www.cpl.es\/#\/schema\/logo\/image\/","url":"https:\/\/www.cpl.es\/wp-content\/uploads\/logo-cpl.svg","contentUrl":"https:\/\/www.cpl.es\/wp-content\/uploads\/logo-cpl.svg","caption":"Centre de Pastoral Lit\u00fargica"},"image":{"@id":"https:\/\/www.cpl.es\/#\/schema\/logo\/image\/"}}]}},"_links":{"self":[{"href":"https:\/\/www.cpl.es\/ca\/wp-json\/wp\/v2\/product\/1395","targetHints":{"allow":["GET"]}}],"collection":[{"href":"https:\/\/www.cpl.es\/ca\/wp-json\/wp\/v2\/product"}],"about":[{"href":"https:\/\/www.cpl.es\/ca\/wp-json\/wp\/v2\/types\/product"}],"wp:featuredmedia":[{"embeddable":true,"href":"https:\/\/www.cpl.es\/ca\/wp-json\/wp\/v2\/media\/1396"}],"wp:attachment":[{"href":"https:\/\/www.cpl.es\/ca\/wp-json\/wp\/v2\/media?parent=1395"}],"wp:term":[{"taxonomy":"product_brand","embeddable":true,"href":"https:\/\/www.cpl.es\/ca\/wp-json\/wp\/v2\/product_brand?post=1395"},{"taxonomy":"product_cat","embeddable":true,"href":"https:\/\/www.cpl.es\/ca\/wp-json\/wp\/v2\/product_cat?post=1395"},{"taxonomy":"product_tag","embeddable":true,"href":"https:\/\/www.cpl.es\/ca\/wp-json\/wp\/v2\/product_tag?post=1395"}],"curies":[{"name":"wp","href":"https:\/\/api.w.org\/{rel}","templated":true}]}}