{"id":1386,"date":"2023-10-04T01:09:17","date_gmt":"2023-10-03T23:09:17","guid":{"rendered":"https:\/\/nuevaweb.cpl.es\/producto\/celebracio-cristiana-miniatures-teologicoliturgiques-9788491651611\/"},"modified":"2026-02-12T17:54:54","modified_gmt":"2026-02-12T16:54:54","slug":"celebracio-cristiana-miniatures-teologicoliturgiques-9788491651611","status":"publish","type":"product","link":"https:\/\/www.cpl.es\/ca\/producto\/celebracio-cristiana-miniatures-teologicoliturgiques-9788491651611\/","title":{"rendered":"Celebraci\u00f3 cristiana, miniatures teologicolit\u00fargiques"},"content":{"rendered":"<p>Amb motiu dels 50 anys que ha acomplert la revista Missa Dominical, la col\u00b7lecci\u00f3 Ema\u00fas ha volgut recuperar els escrits de quatre dels seus col\u00b7laboradors m\u00e9s signifi catius, dins la secci\u00f3 \u00ab\u00daltima p\u00e0gina\u00bb d\u2019aquesta publicaci\u00f3. Els articles de Xabier Basurko, Joaquim Gomis, Juan Mart\u00edn-Velasco i Pere Tena han estat editats simult\u00e0niament en quatre volums. La lectura correlativa d\u2019uns articles escrits al llarg de m\u00e9s de vint anys per quatre reconeguts autors de car\u00e0cter i traject\u00f2ria ben diferent, que es complementen perfectament, esdev\u00e9 un fresc excel\u00b7lent de la recepci\u00f3 de la lit\u00fargia del Concili Vatic\u00e0 II a casa nostra. Posen en relleu, amb llibertat, uns encerts i reptes, ben vigents, de la forma de celebrar l\u2019Eucaristia dominical de les nostres comunitats cristianes. Xabier Basurko sap posar paraules a moltes de les inquietuds dels cristians: explica el perqu\u00e8 de les coses, l\u2019origen de determinades tradicions, la teologia que hi ha al darrere de gestos i s\u00edmbols, la relaci\u00f3 del llenguatge cristi\u00e0 amb la cultura del nostre m\u00f3n. Una mirada \u00e0mplia i oberta, ecum\u00e8nica i gens clerical.<\/p>\n<p>Xabier Basurko (Mutriku, 1937) \u00e9s professor em\u00e8rit de teologia i lit\u00fargia en el Seminari de Sant Sebasti\u00e0, a la Universitat de Deusto, en el centre d\u2019Estudis Teol\u00f2gics de Pamplona i a la Facultat de Teologia de Vitoria-Gasteiz. Entre les seves publicacions destaquen: la seva tesi doctoral El canto cristiano en la tradici\u00f3n primitiva, tradu\u00efda i editada tamb\u00e9 al Brasil; Para vivir el domingo; La Eucarist\u00eda \u00bfnos educa en la fe?, Para comprender la Eucarist\u00eda; Historia de la liturgia; Jacinto Argaya: Diario del Concilio; Veinte estudios sobre el culto y la cultura; Liturgia ulertu eta bizi.<\/p>\n","protected":false},"excerpt":{"rendered":"<p>Basurko Ulazia, Xabier<\/p>\n","protected":false},"featured_media":1387,"template":"","meta":{"_acf_changed":false,"inline_featured_image":false},"product_brand":[],"product_cat":[151,132,73,137,165,144],"product_tag":[],"class_list":{"0":"post-1386","1":"product","2":"type-product","3":"status-publish","4":"has-post-thumbnail","6":"product_cat-celebracio-de-la-missa-celebracio-de-la-missa-per-temes","7":"product_cat-diumenge","8":"product_cat-emaus-colleccions-catala","9":"product_cat-eucaristia-sagraments-per-temes","10":"product_cat-lassemblea-liturgica-celebracio-de-la-missa-per-temes","11":"product_cat-ministeris","13":"first","14":"instock","15":"taxable","16":"shipping-taxable","17":"purchasable","18":"product-type-simple"},"acf":{"autor":"Basurko Ulazia, Xabier","codart":"208154","ediciones":"1","encuadernacion":"R\u00fastica","fecha_de_publicacion":"26\/09\/2018","novedad":false,"paginas":"176","subtitulo":"","orden":"999","portada":false,"idioma":"cat","editorial":[{"ID":6736,"post_author":"2","post_date":"2023-10-06 08:35:24","post_date_gmt":"2023-10-06 06:35:24","post_content":"","post_title":"CPL","post_excerpt":"","post_status":"publish","comment_status":"closed","ping_status":"closed","post_password":"","post_name":"cpl","to_ping":"","pinged":"","post_modified":"2023-10-06 08:35:24","post_modified_gmt":"2023-10-06 06:35:24","post_content_filtered":"","post_parent":0,"guid":"https:\/\/nuevaweb.cpl.es\/editorial\/cpl\/","menu_order":0,"post_type":"editorial","post_mime_type":"","comment_count":"0","filter":"raw"}],"coleccion_num":"154"},"yoast_head":"<!-- This site is optimized with the Yoast SEO plugin v27.3 - https:\/\/yoast.com\/product\/yoast-seo-wordpress\/ -->\n<title>Celebraci\u00f3 cristiana, miniatures teologicolit\u00fargiques - CPL<\/title>\n<meta name=\"robots\" content=\"index, follow, max-snippet:-1, max-image-preview:large, max-video-preview:-1\" \/>\n<link rel=\"canonical\" href=\"https:\/\/www.cpl.es\/producto\/celebracio-cristiana-miniatures-teologicoliturgiques-9788491651611\/\" \/>\n<meta property=\"og:locale\" content=\"ca_ES\" \/>\n<meta property=\"og:type\" content=\"article\" \/>\n<meta property=\"og:title\" content=\"Celebraci\u00f3 cristiana, miniatures teologicolit\u00fargiques - CPL\" \/>\n<meta property=\"og:description\" content=\"Basurko Ulazia, Xabier\" \/>\n<meta property=\"og:url\" content=\"https:\/\/www.cpl.es\/producto\/celebracio-cristiana-miniatures-teologicoliturgiques-9788491651611\/\" \/>\n<meta property=\"og:site_name\" content=\"CPL\" \/>\n<meta property=\"article:modified_time\" content=\"2026-02-12T16:54:54+00:00\" \/>\n<meta property=\"og:image\" content=\"https:\/\/www.cpl.es\/wp-content\/uploads\/208154.jpg\" \/>\n\t<meta property=\"og:image:width\" content=\"280\" \/>\n\t<meta property=\"og:image:height\" content=\"443\" \/>\n\t<meta property=\"og:image:type\" content=\"image\/jpeg\" \/>\n<meta name=\"twitter:card\" content=\"summary_large_image\" \/>\n<meta name=\"twitter:label1\" content=\"Temps estimat de lectura\" \/>\n\t<meta name=\"twitter:data1\" content=\"1 minut\" \/>\n<script type=\"application\/ld+json\" class=\"yoast-schema-graph\">{\"@context\":\"https:\\\/\\\/schema.org\",\"@graph\":[{\"@type\":\"WebPage\",\"@id\":\"https:\\\/\\\/www.cpl.es\\\/producto\\\/celebracio-cristiana-miniatures-teologicoliturgiques-9788491651611\\\/\",\"url\":\"https:\\\/\\\/www.cpl.es\\\/producto\\\/celebracio-cristiana-miniatures-teologicoliturgiques-9788491651611\\\/\",\"name\":\"Celebraci\u00f3 cristiana, miniatures teologicolit\u00fargiques - CPL\",\"isPartOf\":{\"@id\":\"https:\\\/\\\/www.cpl.es\\\/#website\"},\"primaryImageOfPage\":{\"@id\":\"https:\\\/\\\/www.cpl.es\\\/producto\\\/celebracio-cristiana-miniatures-teologicoliturgiques-9788491651611\\\/#primaryimage\"},\"image\":{\"@id\":\"https:\\\/\\\/www.cpl.es\\\/producto\\\/celebracio-cristiana-miniatures-teologicoliturgiques-9788491651611\\\/#primaryimage\"},\"thumbnailUrl\":\"https:\\\/\\\/www.cpl.es\\\/wp-content\\\/uploads\\\/208154.jpg\",\"datePublished\":\"2023-10-03T23:09:17+00:00\",\"dateModified\":\"2026-02-12T16:54:54+00:00\",\"breadcrumb\":{\"@id\":\"https:\\\/\\\/www.cpl.es\\\/producto\\\/celebracio-cristiana-miniatures-teologicoliturgiques-9788491651611\\\/#breadcrumb\"},\"inLanguage\":\"ca\",\"potentialAction\":[{\"@type\":\"ReadAction\",\"target\":[\"https:\\\/\\\/www.cpl.es\\\/producto\\\/celebracio-cristiana-miniatures-teologicoliturgiques-9788491651611\\\/\"]}]},{\"@type\":\"ImageObject\",\"inLanguage\":\"ca\",\"@id\":\"https:\\\/\\\/www.cpl.es\\\/producto\\\/celebracio-cristiana-miniatures-teologicoliturgiques-9788491651611\\\/#primaryimage\",\"url\":\"https:\\\/\\\/www.cpl.es\\\/wp-content\\\/uploads\\\/208154.jpg\",\"contentUrl\":\"https:\\\/\\\/www.cpl.es\\\/wp-content\\\/uploads\\\/208154.jpg\",\"width\":280,\"height\":443,\"caption\":\"208154.jpg\"},{\"@type\":\"BreadcrumbList\",\"@id\":\"https:\\\/\\\/www.cpl.es\\\/producto\\\/celebracio-cristiana-miniatures-teologicoliturgiques-9788491651611\\\/#breadcrumb\",\"itemListElement\":[{\"@type\":\"ListItem\",\"position\":1,\"name\":\"Portada\",\"item\":\"https:\\\/\\\/www.cpl.es\\\/ca\\\/\"},{\"@type\":\"ListItem\",\"position\":2,\"name\":\"Cat\u00e0leg\",\"item\":\"https:\\\/\\\/www.cpl.es\\\/ca\\\/cataleg\\\/\"},{\"@type\":\"ListItem\",\"position\":3,\"name\":\"Celebraci\u00f3 cristiana, miniatures teologicolit\u00fargiques\"}]},{\"@type\":\"WebSite\",\"@id\":\"https:\\\/\\\/www.cpl.es\\\/#website\",\"url\":\"https:\\\/\\\/www.cpl.es\\\/\",\"name\":\"CPL\",\"description\":\"Centre de Pastoral Lit\u00fargica de Barcelona\",\"publisher\":{\"@id\":\"https:\\\/\\\/www.cpl.es\\\/#organization\"},\"alternateName\":\"Centre de Pastoral Lit\u00fargica\",\"potentialAction\":[{\"@type\":\"SearchAction\",\"target\":{\"@type\":\"EntryPoint\",\"urlTemplate\":\"https:\\\/\\\/www.cpl.es\\\/?s={search_term_string}\"},\"query-input\":{\"@type\":\"PropertyValueSpecification\",\"valueRequired\":true,\"valueName\":\"search_term_string\"}}],\"inLanguage\":\"ca\"},{\"@type\":\"Organization\",\"@id\":\"https:\\\/\\\/www.cpl.es\\\/#organization\",\"name\":\"Centre de Pastoral Lit\u00fargica\",\"alternateName\":\"Centre de Pastoral Lit\u00fargica de Barcelona\",\"url\":\"https:\\\/\\\/www.cpl.es\\\/\",\"logo\":{\"@type\":\"ImageObject\",\"inLanguage\":\"ca\",\"@id\":\"https:\\\/\\\/www.cpl.es\\\/#\\\/schema\\\/logo\\\/image\\\/\",\"url\":\"https:\\\/\\\/www.cpl.es\\\/wp-content\\\/uploads\\\/logo-cpl.svg\",\"contentUrl\":\"https:\\\/\\\/www.cpl.es\\\/wp-content\\\/uploads\\\/logo-cpl.svg\",\"caption\":\"Centre de Pastoral Lit\u00fargica\"},\"image\":{\"@id\":\"https:\\\/\\\/www.cpl.es\\\/#\\\/schema\\\/logo\\\/image\\\/\"}}]}<\/script>\n<!-- \/ Yoast SEO plugin. -->","yoast_head_json":{"title":"Celebraci\u00f3 cristiana, miniatures teologicolit\u00fargiques - CPL","robots":{"index":"index","follow":"follow","max-snippet":"max-snippet:-1","max-image-preview":"max-image-preview:large","max-video-preview":"max-video-preview:-1"},"canonical":"https:\/\/www.cpl.es\/producto\/celebracio-cristiana-miniatures-teologicoliturgiques-9788491651611\/","og_locale":"ca_ES","og_type":"article","og_title":"Celebraci\u00f3 cristiana, miniatures teologicolit\u00fargiques - CPL","og_description":"Basurko Ulazia, Xabier","og_url":"https:\/\/www.cpl.es\/producto\/celebracio-cristiana-miniatures-teologicoliturgiques-9788491651611\/","og_site_name":"CPL","article_modified_time":"2026-02-12T16:54:54+00:00","og_image":[{"width":280,"height":443,"url":"https:\/\/www.cpl.es\/wp-content\/uploads\/208154.jpg","type":"image\/jpeg"}],"twitter_card":"summary_large_image","twitter_misc":{"Temps estimat de lectura":"1 minut"},"schema":{"@context":"https:\/\/schema.org","@graph":[{"@type":"WebPage","@id":"https:\/\/www.cpl.es\/producto\/celebracio-cristiana-miniatures-teologicoliturgiques-9788491651611\/","url":"https:\/\/www.cpl.es\/producto\/celebracio-cristiana-miniatures-teologicoliturgiques-9788491651611\/","name":"Celebraci\u00f3 cristiana, miniatures teologicolit\u00fargiques - CPL","isPartOf":{"@id":"https:\/\/www.cpl.es\/#website"},"primaryImageOfPage":{"@id":"https:\/\/www.cpl.es\/producto\/celebracio-cristiana-miniatures-teologicoliturgiques-9788491651611\/#primaryimage"},"image":{"@id":"https:\/\/www.cpl.es\/producto\/celebracio-cristiana-miniatures-teologicoliturgiques-9788491651611\/#primaryimage"},"thumbnailUrl":"https:\/\/www.cpl.es\/wp-content\/uploads\/208154.jpg","datePublished":"2023-10-03T23:09:17+00:00","dateModified":"2026-02-12T16:54:54+00:00","breadcrumb":{"@id":"https:\/\/www.cpl.es\/producto\/celebracio-cristiana-miniatures-teologicoliturgiques-9788491651611\/#breadcrumb"},"inLanguage":"ca","potentialAction":[{"@type":"ReadAction","target":["https:\/\/www.cpl.es\/producto\/celebracio-cristiana-miniatures-teologicoliturgiques-9788491651611\/"]}]},{"@type":"ImageObject","inLanguage":"ca","@id":"https:\/\/www.cpl.es\/producto\/celebracio-cristiana-miniatures-teologicoliturgiques-9788491651611\/#primaryimage","url":"https:\/\/www.cpl.es\/wp-content\/uploads\/208154.jpg","contentUrl":"https:\/\/www.cpl.es\/wp-content\/uploads\/208154.jpg","width":280,"height":443,"caption":"208154.jpg"},{"@type":"BreadcrumbList","@id":"https:\/\/www.cpl.es\/producto\/celebracio-cristiana-miniatures-teologicoliturgiques-9788491651611\/#breadcrumb","itemListElement":[{"@type":"ListItem","position":1,"name":"Portada","item":"https:\/\/www.cpl.es\/ca\/"},{"@type":"ListItem","position":2,"name":"Cat\u00e0leg","item":"https:\/\/www.cpl.es\/ca\/cataleg\/"},{"@type":"ListItem","position":3,"name":"Celebraci\u00f3 cristiana, miniatures teologicolit\u00fargiques"}]},{"@type":"WebSite","@id":"https:\/\/www.cpl.es\/#website","url":"https:\/\/www.cpl.es\/","name":"CPL","description":"Centre de Pastoral Lit\u00fargica de Barcelona","publisher":{"@id":"https:\/\/www.cpl.es\/#organization"},"alternateName":"Centre de Pastoral Lit\u00fargica","potentialAction":[{"@type":"SearchAction","target":{"@type":"EntryPoint","urlTemplate":"https:\/\/www.cpl.es\/?s={search_term_string}"},"query-input":{"@type":"PropertyValueSpecification","valueRequired":true,"valueName":"search_term_string"}}],"inLanguage":"ca"},{"@type":"Organization","@id":"https:\/\/www.cpl.es\/#organization","name":"Centre de Pastoral Lit\u00fargica","alternateName":"Centre de Pastoral Lit\u00fargica de Barcelona","url":"https:\/\/www.cpl.es\/","logo":{"@type":"ImageObject","inLanguage":"ca","@id":"https:\/\/www.cpl.es\/#\/schema\/logo\/image\/","url":"https:\/\/www.cpl.es\/wp-content\/uploads\/logo-cpl.svg","contentUrl":"https:\/\/www.cpl.es\/wp-content\/uploads\/logo-cpl.svg","caption":"Centre de Pastoral Lit\u00fargica"},"image":{"@id":"https:\/\/www.cpl.es\/#\/schema\/logo\/image\/"}}]}},"_links":{"self":[{"href":"https:\/\/www.cpl.es\/ca\/wp-json\/wp\/v2\/product\/1386","targetHints":{"allow":["GET"]}}],"collection":[{"href":"https:\/\/www.cpl.es\/ca\/wp-json\/wp\/v2\/product"}],"about":[{"href":"https:\/\/www.cpl.es\/ca\/wp-json\/wp\/v2\/types\/product"}],"wp:featuredmedia":[{"embeddable":true,"href":"https:\/\/www.cpl.es\/ca\/wp-json\/wp\/v2\/media\/1387"}],"wp:attachment":[{"href":"https:\/\/www.cpl.es\/ca\/wp-json\/wp\/v2\/media?parent=1386"}],"wp:term":[{"taxonomy":"product_brand","embeddable":true,"href":"https:\/\/www.cpl.es\/ca\/wp-json\/wp\/v2\/product_brand?post=1386"},{"taxonomy":"product_cat","embeddable":true,"href":"https:\/\/www.cpl.es\/ca\/wp-json\/wp\/v2\/product_cat?post=1386"},{"taxonomy":"product_tag","embeddable":true,"href":"https:\/\/www.cpl.es\/ca\/wp-json\/wp\/v2\/product_tag?post=1386"}],"curies":[{"name":"wp","href":"https:\/\/api.w.org\/{rel}","templated":true}]}}