{"id":1383,"date":"2023-10-04T01:09:12","date_gmt":"2023-10-03T23:09:12","guid":{"rendered":"https:\/\/nuevaweb.cpl.es\/producto\/celebracio-cristiana-amb-passio-i-esperanca-9788491651598\/"},"modified":"2023-10-04T01:09:15","modified_gmt":"2023-10-03T23:09:15","slug":"celebracio-cristiana-amb-passio-i-esperanca-9788491651598","status":"publish","type":"product","link":"https:\/\/www.cpl.es\/ca\/producto\/celebracio-cristiana-amb-passio-i-esperanca-9788491651598\/","title":{"rendered":"Celebraci\u00f3 cristiana, amb passi\u00f3 i esperan\u00e7a"},"content":{"rendered":"<p>Amb motiu dels 50 anys que ha acomplert la revista Missa Dominical, la col\u00b7lecci\u00f3 Ema\u00fas ha volgut recuperar els escrits de quatre dels seus col\u00b7laboradors m\u00e9s significatius, dins la secci\u00f3 \u00ab\u00daltima p\u00e0gina\u00bb d\u2019aquesta publicaci\u00f3. Els articles de Xabier Basurko, Joaquim Gomis, Juan Mart\u00edn-Velasco i Pere Tena han estat editats simult\u00e0niament en quatre volums. La lectura correlativa d\u2019uns articles escrits al llarg de m\u00e9s de vint anys per quatre reconeguts autors de car\u00e0cter i traject\u00f2ria ben diferent, que es complementen perfectament, esdev\u00e9 un fresc excel\u00b7lent de la recepci\u00f3 de la lit\u00fargia del Concili Vatic\u00e0 II a casa nostra. Posen en relleu, amb llibertat, uns encerts i reptes, ben vigents, de la forma de celebrar l\u2019Eucaristia dominical de les nostres comunitats cristianes .<br \/>En els escrits de Juan Mart\u00edn Velasco, convergeixen un pensament de gran fi nor espiritual, un te\u00f2leg profund i competent, un esperit obert i en di\u00e0leg amb la societat contempor\u00e0nia, i un home de sensibilitat i fidelitat a l\u2019Esgl\u00e9sia.<\/p>\n<p>Juan de Dios Mart\u00edn Velasco, nascut a Santa Cruz del Valle (\u00c0vila) el 1934, \u00e9s prevere dioces\u00e0 de Madrid. A la seva di\u00f2cesi va ser rector del Seminari (1977-1987) i director de l\u2019Institut Superior de Pastoral durant 16 anys. Doctor en Filosofia a Lovaina, va ser professor de la Universitat de Salamanca i de la Facultat de Teologia \u00abSan D\u00e1maso\u00bb de Madrid. Autor de m\u00faltiples llibres i articles, la seva especialitat ha estat la fenomenologia de la religi\u00f3, i al seu voltant tamb\u00e9 tots els temes que empalmen el fet religi\u00f3s amb la cultura actual i el m\u00f3n modern.<\/p>\n","protected":false},"excerpt":{"rendered":"<p>Mart\u00edn Velasco, Juan<\/p>\n","protected":false},"featured_media":1384,"template":"","meta":{"_acf_changed":false,"inline_featured_image":false},"product_brand":[],"product_cat":[151,132,73,137,165,144],"product_tag":[],"class_list":{"0":"post-1383","1":"product","2":"type-product","3":"status-publish","4":"has-post-thumbnail","6":"product_cat-celebracio-de-la-missa-celebracio-de-la-missa-per-temes","7":"product_cat-diumenge","8":"product_cat-emaus-colleccions-catala","9":"product_cat-eucaristia-sagraments-per-temes","10":"product_cat-lassemblea-liturgica-celebracio-de-la-missa-per-temes","11":"product_cat-ministeris","13":"first","14":"instock","15":"taxable","16":"shipping-taxable","17":"purchasable","18":"product-type-simple"},"acf":{"autor":"Mart\u00edn Velasco, Juan","codart":"208153","ediciones":"1","encuadernacion":"R\u00fastica","fecha_de_publicacion":"26\/09\/2018","novedad":false,"paginas":"204","subtitulo":"","orden":"999","portada":false,"idioma":"cat","editorial":[{"ID":6736,"post_author":"2","post_date":"2023-10-06 08:35:24","post_date_gmt":"2023-10-06 06:35:24","post_content":"","post_title":"CPL","post_excerpt":"","post_status":"publish","comment_status":"closed","ping_status":"closed","post_password":"","post_name":"cpl","to_ping":"","pinged":"","post_modified":"2023-10-06 08:35:24","post_modified_gmt":"2023-10-06 06:35:24","post_content_filtered":"","post_parent":0,"guid":"https:\/\/nuevaweb.cpl.es\/editorial\/cpl\/","menu_order":0,"post_type":"editorial","post_mime_type":"","comment_count":"0","filter":"raw"}]},"yoast_head":"<!-- This site is optimized with the Yoast SEO plugin v27.3 - https:\/\/yoast.com\/product\/yoast-seo-wordpress\/ -->\n<title>Celebraci\u00f3 cristiana, amb passi\u00f3 i esperan\u00e7a - CPL<\/title>\n<meta name=\"robots\" content=\"index, follow, max-snippet:-1, max-image-preview:large, max-video-preview:-1\" \/>\n<link rel=\"canonical\" href=\"https:\/\/www.cpl.es\/producto\/celebracio-cristiana-amb-passio-i-esperanca-9788491651598\/\" \/>\n<meta property=\"og:locale\" content=\"ca_ES\" \/>\n<meta property=\"og:type\" content=\"article\" \/>\n<meta property=\"og:title\" content=\"Celebraci\u00f3 cristiana, amb passi\u00f3 i esperan\u00e7a - CPL\" \/>\n<meta property=\"og:description\" content=\"Mart\u00edn Velasco, Juan\" \/>\n<meta property=\"og:url\" content=\"https:\/\/www.cpl.es\/producto\/celebracio-cristiana-amb-passio-i-esperanca-9788491651598\/\" \/>\n<meta property=\"og:site_name\" content=\"CPL\" \/>\n<meta property=\"article:modified_time\" content=\"2023-10-03T23:09:15+00:00\" \/>\n<meta property=\"og:image\" content=\"https:\/\/www.cpl.es\/wp-content\/uploads\/208153.jpg\" \/>\n\t<meta property=\"og:image:width\" content=\"280\" \/>\n\t<meta property=\"og:image:height\" content=\"443\" \/>\n\t<meta property=\"og:image:type\" content=\"image\/jpeg\" \/>\n<meta name=\"twitter:card\" content=\"summary_large_image\" \/>\n<meta name=\"twitter:label1\" content=\"Temps estimat de lectura\" \/>\n\t<meta name=\"twitter:data1\" content=\"1 minut\" \/>\n<script type=\"application\/ld+json\" class=\"yoast-schema-graph\">{\"@context\":\"https:\\\/\\\/schema.org\",\"@graph\":[{\"@type\":\"WebPage\",\"@id\":\"https:\\\/\\\/www.cpl.es\\\/producto\\\/celebracio-cristiana-amb-passio-i-esperanca-9788491651598\\\/\",\"url\":\"https:\\\/\\\/www.cpl.es\\\/producto\\\/celebracio-cristiana-amb-passio-i-esperanca-9788491651598\\\/\",\"name\":\"Celebraci\u00f3 cristiana, amb passi\u00f3 i esperan\u00e7a - CPL\",\"isPartOf\":{\"@id\":\"https:\\\/\\\/www.cpl.es\\\/#website\"},\"primaryImageOfPage\":{\"@id\":\"https:\\\/\\\/www.cpl.es\\\/producto\\\/celebracio-cristiana-amb-passio-i-esperanca-9788491651598\\\/#primaryimage\"},\"image\":{\"@id\":\"https:\\\/\\\/www.cpl.es\\\/producto\\\/celebracio-cristiana-amb-passio-i-esperanca-9788491651598\\\/#primaryimage\"},\"thumbnailUrl\":\"https:\\\/\\\/www.cpl.es\\\/wp-content\\\/uploads\\\/208153.jpg\",\"datePublished\":\"2023-10-03T23:09:12+00:00\",\"dateModified\":\"2023-10-03T23:09:15+00:00\",\"breadcrumb\":{\"@id\":\"https:\\\/\\\/www.cpl.es\\\/producto\\\/celebracio-cristiana-amb-passio-i-esperanca-9788491651598\\\/#breadcrumb\"},\"inLanguage\":\"ca\",\"potentialAction\":[{\"@type\":\"ReadAction\",\"target\":[\"https:\\\/\\\/www.cpl.es\\\/producto\\\/celebracio-cristiana-amb-passio-i-esperanca-9788491651598\\\/\"]}]},{\"@type\":\"ImageObject\",\"inLanguage\":\"ca\",\"@id\":\"https:\\\/\\\/www.cpl.es\\\/producto\\\/celebracio-cristiana-amb-passio-i-esperanca-9788491651598\\\/#primaryimage\",\"url\":\"https:\\\/\\\/www.cpl.es\\\/wp-content\\\/uploads\\\/208153.jpg\",\"contentUrl\":\"https:\\\/\\\/www.cpl.es\\\/wp-content\\\/uploads\\\/208153.jpg\",\"width\":280,\"height\":443,\"caption\":\"208153.jpg\"},{\"@type\":\"BreadcrumbList\",\"@id\":\"https:\\\/\\\/www.cpl.es\\\/producto\\\/celebracio-cristiana-amb-passio-i-esperanca-9788491651598\\\/#breadcrumb\",\"itemListElement\":[{\"@type\":\"ListItem\",\"position\":1,\"name\":\"Portada\",\"item\":\"https:\\\/\\\/www.cpl.es\\\/ca\\\/\"},{\"@type\":\"ListItem\",\"position\":2,\"name\":\"Cat\u00e0leg\",\"item\":\"https:\\\/\\\/www.cpl.es\\\/ca\\\/cataleg\\\/\"},{\"@type\":\"ListItem\",\"position\":3,\"name\":\"Celebraci\u00f3 cristiana, amb passi\u00f3 i esperan\u00e7a\"}]},{\"@type\":\"WebSite\",\"@id\":\"https:\\\/\\\/www.cpl.es\\\/#website\",\"url\":\"https:\\\/\\\/www.cpl.es\\\/\",\"name\":\"CPL\",\"description\":\"Centre de Pastoral Lit\u00fargica de Barcelona\",\"publisher\":{\"@id\":\"https:\\\/\\\/www.cpl.es\\\/#organization\"},\"alternateName\":\"Centre de Pastoral Lit\u00fargica\",\"potentialAction\":[{\"@type\":\"SearchAction\",\"target\":{\"@type\":\"EntryPoint\",\"urlTemplate\":\"https:\\\/\\\/www.cpl.es\\\/?s={search_term_string}\"},\"query-input\":{\"@type\":\"PropertyValueSpecification\",\"valueRequired\":true,\"valueName\":\"search_term_string\"}}],\"inLanguage\":\"ca\"},{\"@type\":\"Organization\",\"@id\":\"https:\\\/\\\/www.cpl.es\\\/#organization\",\"name\":\"Centre de Pastoral Lit\u00fargica\",\"alternateName\":\"Centre de Pastoral Lit\u00fargica de Barcelona\",\"url\":\"https:\\\/\\\/www.cpl.es\\\/\",\"logo\":{\"@type\":\"ImageObject\",\"inLanguage\":\"ca\",\"@id\":\"https:\\\/\\\/www.cpl.es\\\/#\\\/schema\\\/logo\\\/image\\\/\",\"url\":\"https:\\\/\\\/www.cpl.es\\\/wp-content\\\/uploads\\\/logo-cpl.svg\",\"contentUrl\":\"https:\\\/\\\/www.cpl.es\\\/wp-content\\\/uploads\\\/logo-cpl.svg\",\"caption\":\"Centre de Pastoral Lit\u00fargica\"},\"image\":{\"@id\":\"https:\\\/\\\/www.cpl.es\\\/#\\\/schema\\\/logo\\\/image\\\/\"}}]}<\/script>\n<!-- \/ Yoast SEO plugin. -->","yoast_head_json":{"title":"Celebraci\u00f3 cristiana, amb passi\u00f3 i esperan\u00e7a - CPL","robots":{"index":"index","follow":"follow","max-snippet":"max-snippet:-1","max-image-preview":"max-image-preview:large","max-video-preview":"max-video-preview:-1"},"canonical":"https:\/\/www.cpl.es\/producto\/celebracio-cristiana-amb-passio-i-esperanca-9788491651598\/","og_locale":"ca_ES","og_type":"article","og_title":"Celebraci\u00f3 cristiana, amb passi\u00f3 i esperan\u00e7a - CPL","og_description":"Mart\u00edn Velasco, Juan","og_url":"https:\/\/www.cpl.es\/producto\/celebracio-cristiana-amb-passio-i-esperanca-9788491651598\/","og_site_name":"CPL","article_modified_time":"2023-10-03T23:09:15+00:00","og_image":[{"width":280,"height":443,"url":"https:\/\/www.cpl.es\/wp-content\/uploads\/208153.jpg","type":"image\/jpeg"}],"twitter_card":"summary_large_image","twitter_misc":{"Temps estimat de lectura":"1 minut"},"schema":{"@context":"https:\/\/schema.org","@graph":[{"@type":"WebPage","@id":"https:\/\/www.cpl.es\/producto\/celebracio-cristiana-amb-passio-i-esperanca-9788491651598\/","url":"https:\/\/www.cpl.es\/producto\/celebracio-cristiana-amb-passio-i-esperanca-9788491651598\/","name":"Celebraci\u00f3 cristiana, amb passi\u00f3 i esperan\u00e7a - CPL","isPartOf":{"@id":"https:\/\/www.cpl.es\/#website"},"primaryImageOfPage":{"@id":"https:\/\/www.cpl.es\/producto\/celebracio-cristiana-amb-passio-i-esperanca-9788491651598\/#primaryimage"},"image":{"@id":"https:\/\/www.cpl.es\/producto\/celebracio-cristiana-amb-passio-i-esperanca-9788491651598\/#primaryimage"},"thumbnailUrl":"https:\/\/www.cpl.es\/wp-content\/uploads\/208153.jpg","datePublished":"2023-10-03T23:09:12+00:00","dateModified":"2023-10-03T23:09:15+00:00","breadcrumb":{"@id":"https:\/\/www.cpl.es\/producto\/celebracio-cristiana-amb-passio-i-esperanca-9788491651598\/#breadcrumb"},"inLanguage":"ca","potentialAction":[{"@type":"ReadAction","target":["https:\/\/www.cpl.es\/producto\/celebracio-cristiana-amb-passio-i-esperanca-9788491651598\/"]}]},{"@type":"ImageObject","inLanguage":"ca","@id":"https:\/\/www.cpl.es\/producto\/celebracio-cristiana-amb-passio-i-esperanca-9788491651598\/#primaryimage","url":"https:\/\/www.cpl.es\/wp-content\/uploads\/208153.jpg","contentUrl":"https:\/\/www.cpl.es\/wp-content\/uploads\/208153.jpg","width":280,"height":443,"caption":"208153.jpg"},{"@type":"BreadcrumbList","@id":"https:\/\/www.cpl.es\/producto\/celebracio-cristiana-amb-passio-i-esperanca-9788491651598\/#breadcrumb","itemListElement":[{"@type":"ListItem","position":1,"name":"Portada","item":"https:\/\/www.cpl.es\/ca\/"},{"@type":"ListItem","position":2,"name":"Cat\u00e0leg","item":"https:\/\/www.cpl.es\/ca\/cataleg\/"},{"@type":"ListItem","position":3,"name":"Celebraci\u00f3 cristiana, amb passi\u00f3 i esperan\u00e7a"}]},{"@type":"WebSite","@id":"https:\/\/www.cpl.es\/#website","url":"https:\/\/www.cpl.es\/","name":"CPL","description":"Centre de Pastoral Lit\u00fargica de Barcelona","publisher":{"@id":"https:\/\/www.cpl.es\/#organization"},"alternateName":"Centre de Pastoral Lit\u00fargica","potentialAction":[{"@type":"SearchAction","target":{"@type":"EntryPoint","urlTemplate":"https:\/\/www.cpl.es\/?s={search_term_string}"},"query-input":{"@type":"PropertyValueSpecification","valueRequired":true,"valueName":"search_term_string"}}],"inLanguage":"ca"},{"@type":"Organization","@id":"https:\/\/www.cpl.es\/#organization","name":"Centre de Pastoral Lit\u00fargica","alternateName":"Centre de Pastoral Lit\u00fargica de Barcelona","url":"https:\/\/www.cpl.es\/","logo":{"@type":"ImageObject","inLanguage":"ca","@id":"https:\/\/www.cpl.es\/#\/schema\/logo\/image\/","url":"https:\/\/www.cpl.es\/wp-content\/uploads\/logo-cpl.svg","contentUrl":"https:\/\/www.cpl.es\/wp-content\/uploads\/logo-cpl.svg","caption":"Centre de Pastoral Lit\u00fargica"},"image":{"@id":"https:\/\/www.cpl.es\/#\/schema\/logo\/image\/"}}]}},"_links":{"self":[{"href":"https:\/\/www.cpl.es\/ca\/wp-json\/wp\/v2\/product\/1383","targetHints":{"allow":["GET"]}}],"collection":[{"href":"https:\/\/www.cpl.es\/ca\/wp-json\/wp\/v2\/product"}],"about":[{"href":"https:\/\/www.cpl.es\/ca\/wp-json\/wp\/v2\/types\/product"}],"wp:featuredmedia":[{"embeddable":true,"href":"https:\/\/www.cpl.es\/ca\/wp-json\/wp\/v2\/media\/1384"}],"wp:attachment":[{"href":"https:\/\/www.cpl.es\/ca\/wp-json\/wp\/v2\/media?parent=1383"}],"wp:term":[{"taxonomy":"product_brand","embeddable":true,"href":"https:\/\/www.cpl.es\/ca\/wp-json\/wp\/v2\/product_brand?post=1383"},{"taxonomy":"product_cat","embeddable":true,"href":"https:\/\/www.cpl.es\/ca\/wp-json\/wp\/v2\/product_cat?post=1383"},{"taxonomy":"product_tag","embeddable":true,"href":"https:\/\/www.cpl.es\/ca\/wp-json\/wp\/v2\/product_tag?post=1383"}],"curies":[{"name":"wp","href":"https:\/\/api.w.org\/{rel}","templated":true}]}}