{"id":1374,"date":"2023-10-04T01:08:56","date_gmt":"2023-10-03T23:08:56","guid":{"rendered":"https:\/\/nuevaweb.cpl.es\/producto\/santa-olimpia-noble-cristiana-i-diaconessa-9788491651659\/"},"modified":"2026-02-12T18:12:01","modified_gmt":"2026-02-12T17:12:01","slug":"santa-olimpia-noble-cristiana-i-diaconessa-9788491651659","status":"publish","type":"product","link":"https:\/\/www.cpl.es\/ca\/producto\/santa-olimpia-noble-cristiana-i-diaconessa-9788491651659\/","title":{"rendered":"Santa Ol\u00edmpia, noble cristiana i diaconessa"},"content":{"rendered":"<p>Ol\u00edmpia va n\u00e9ixer a Constantinoble cap a l\u2019any 360. Dona decidida, de fam\u00edlia noble i amb un abundant patrimoni, despr\u00e9s d\u2019un breu matrimoni va escollir el cam\u00ed de l\u2019asc\u00e8tica i la dedicaci\u00f3 a l\u2019Esgl\u00e9sia, i va ser ordenada diaconessa. Fidel amiga del bisbe sant Joan Cris\u00f2stom, el va ajudar amb els seus b\u00e9ns en m\u00faltiples projectes especialment al servei dels pobres, i el va seguir a l\u2019exili. Va morir a Nicom\u00e8dia cap a l\u2019any 408.<\/p>\n<p>I la hist\u00f2ria comen\u00e7a aix\u00ed:<\/p>\n<p>&#8216;Santa Ol\u00edmpia (c. 361 &#8211; c. 408) va viure en un temps conegut com a antiguitat tardana o baix imperi, un per\u00edode de transici\u00f3 entre un Imperi rom\u00e0 en permanent crisi -econ\u00f2mica, pol\u00edtica, social i cultural, les dues grans expressions de la qual seran la divisi\u00f3 definitiva entre la part occidental i l\u2019oriental i el pas del cristianisme de ser religi\u00f3 l\u00edcita a oficial-, i el naixement de la nova societat emergent: invasi\u00f3 dels pobles germ\u00e0nics i creaci\u00f3 de nous estats a Occident i  aparici\u00f3 de l\u2019Imperi bizant\u00ed a l\u2019Orient, per\u00edode que continuar\u00e0 fins a l\u2019edat mitjana&#8230;.'<\/p>\n","protected":false},"excerpt":{"rendered":"<p>Rivas Rebaque, Fernando<\/p>\n","protected":false},"featured_media":1375,"template":"","meta":{"_acf_changed":false,"inline_featured_image":false},"product_brand":[],"product_cat":[133,70,155],"product_tag":[],"class_list":{"0":"post-1374","1":"product","2":"type-product","3":"status-publish","4":"has-post-thumbnail","6":"product_cat-santoral-any-liturgic-per-temes","7":"product_cat-sants-i-santes","8":"product_cat-vida-de-sants","10":"first","11":"instock","12":"taxable","13":"shipping-taxable","14":"purchasable","15":"product-type-simple"},"acf":{"autor":"Rivas Rebaque, Fernando","codart":"212266","ediciones":"1","encuadernacion":"R\u00fastica","fecha_de_publicacion":"26\/09\/2018","novedad":false,"paginas":"28","subtitulo":"","orden":"999","portada":false,"idioma":"cat","editorial":[{"ID":6736,"post_author":"2","post_date":"2023-10-06 08:35:24","post_date_gmt":"2023-10-06 06:35:24","post_content":"","post_title":"CPL","post_excerpt":"","post_status":"publish","comment_status":"closed","ping_status":"closed","post_password":"","post_name":"cpl","to_ping":"","pinged":"","post_modified":"2023-10-06 08:35:24","post_modified_gmt":"2023-10-06 06:35:24","post_content_filtered":"","post_parent":0,"guid":"https:\/\/nuevaweb.cpl.es\/editorial\/cpl\/","menu_order":0,"post_type":"editorial","post_mime_type":"","comment_count":"0","filter":"raw"}],"coleccion_num":"266"},"yoast_head":"<!-- This site is optimized with the Yoast SEO plugin v27.3 - https:\/\/yoast.com\/product\/yoast-seo-wordpress\/ -->\n<title>Santa Ol\u00edmpia, noble cristiana i diaconessa - CPL<\/title>\n<meta name=\"robots\" content=\"index, follow, max-snippet:-1, max-image-preview:large, max-video-preview:-1\" \/>\n<link rel=\"canonical\" href=\"https:\/\/www.cpl.es\/producto\/santa-olimpia-noble-cristiana-i-diaconessa-9788491651659\/\" \/>\n<meta property=\"og:locale\" content=\"ca_ES\" \/>\n<meta property=\"og:type\" content=\"article\" \/>\n<meta property=\"og:title\" content=\"Santa Ol\u00edmpia, noble cristiana i diaconessa - CPL\" \/>\n<meta property=\"og:description\" content=\"Rivas Rebaque, Fernando\" \/>\n<meta property=\"og:url\" content=\"https:\/\/www.cpl.es\/producto\/santa-olimpia-noble-cristiana-i-diaconessa-9788491651659\/\" \/>\n<meta property=\"og:site_name\" content=\"CPL\" \/>\n<meta property=\"article:modified_time\" content=\"2026-02-12T17:12:01+00:00\" \/>\n<meta property=\"og:image\" content=\"https:\/\/www.cpl.es\/wp-content\/uploads\/212266.jpg\" \/>\n\t<meta property=\"og:image:width\" content=\"280\" \/>\n\t<meta property=\"og:image:height\" content=\"416\" \/>\n\t<meta property=\"og:image:type\" content=\"image\/jpeg\" \/>\n<meta name=\"twitter:card\" content=\"summary_large_image\" \/>\n<meta name=\"twitter:label1\" content=\"Temps estimat de lectura\" \/>\n\t<meta name=\"twitter:data1\" content=\"1 minut\" \/>\n<script type=\"application\/ld+json\" class=\"yoast-schema-graph\">{\"@context\":\"https:\\\/\\\/schema.org\",\"@graph\":[{\"@type\":\"WebPage\",\"@id\":\"https:\\\/\\\/www.cpl.es\\\/producto\\\/santa-olimpia-noble-cristiana-i-diaconessa-9788491651659\\\/\",\"url\":\"https:\\\/\\\/www.cpl.es\\\/producto\\\/santa-olimpia-noble-cristiana-i-diaconessa-9788491651659\\\/\",\"name\":\"Santa Ol\u00edmpia, noble cristiana i diaconessa - CPL\",\"isPartOf\":{\"@id\":\"https:\\\/\\\/www.cpl.es\\\/#website\"},\"primaryImageOfPage\":{\"@id\":\"https:\\\/\\\/www.cpl.es\\\/producto\\\/santa-olimpia-noble-cristiana-i-diaconessa-9788491651659\\\/#primaryimage\"},\"image\":{\"@id\":\"https:\\\/\\\/www.cpl.es\\\/producto\\\/santa-olimpia-noble-cristiana-i-diaconessa-9788491651659\\\/#primaryimage\"},\"thumbnailUrl\":\"https:\\\/\\\/www.cpl.es\\\/wp-content\\\/uploads\\\/212266.jpg\",\"datePublished\":\"2023-10-03T23:08:56+00:00\",\"dateModified\":\"2026-02-12T17:12:01+00:00\",\"breadcrumb\":{\"@id\":\"https:\\\/\\\/www.cpl.es\\\/producto\\\/santa-olimpia-noble-cristiana-i-diaconessa-9788491651659\\\/#breadcrumb\"},\"inLanguage\":\"ca\",\"potentialAction\":[{\"@type\":\"ReadAction\",\"target\":[\"https:\\\/\\\/www.cpl.es\\\/producto\\\/santa-olimpia-noble-cristiana-i-diaconessa-9788491651659\\\/\"]}]},{\"@type\":\"ImageObject\",\"inLanguage\":\"ca\",\"@id\":\"https:\\\/\\\/www.cpl.es\\\/producto\\\/santa-olimpia-noble-cristiana-i-diaconessa-9788491651659\\\/#primaryimage\",\"url\":\"https:\\\/\\\/www.cpl.es\\\/wp-content\\\/uploads\\\/212266.jpg\",\"contentUrl\":\"https:\\\/\\\/www.cpl.es\\\/wp-content\\\/uploads\\\/212266.jpg\",\"width\":280,\"height\":416,\"caption\":\"212266.jpg\"},{\"@type\":\"BreadcrumbList\",\"@id\":\"https:\\\/\\\/www.cpl.es\\\/producto\\\/santa-olimpia-noble-cristiana-i-diaconessa-9788491651659\\\/#breadcrumb\",\"itemListElement\":[{\"@type\":\"ListItem\",\"position\":1,\"name\":\"Portada\",\"item\":\"https:\\\/\\\/www.cpl.es\\\/ca\\\/\"},{\"@type\":\"ListItem\",\"position\":2,\"name\":\"Cat\u00e0leg\",\"item\":\"https:\\\/\\\/www.cpl.es\\\/ca\\\/cataleg\\\/\"},{\"@type\":\"ListItem\",\"position\":3,\"name\":\"Santa Ol\u00edmpia, noble cristiana i diaconessa\"}]},{\"@type\":\"WebSite\",\"@id\":\"https:\\\/\\\/www.cpl.es\\\/#website\",\"url\":\"https:\\\/\\\/www.cpl.es\\\/\",\"name\":\"CPL\",\"description\":\"Centre de Pastoral Lit\u00fargica de Barcelona\",\"publisher\":{\"@id\":\"https:\\\/\\\/www.cpl.es\\\/#organization\"},\"alternateName\":\"Centre de Pastoral Lit\u00fargica\",\"potentialAction\":[{\"@type\":\"SearchAction\",\"target\":{\"@type\":\"EntryPoint\",\"urlTemplate\":\"https:\\\/\\\/www.cpl.es\\\/?s={search_term_string}\"},\"query-input\":{\"@type\":\"PropertyValueSpecification\",\"valueRequired\":true,\"valueName\":\"search_term_string\"}}],\"inLanguage\":\"ca\"},{\"@type\":\"Organization\",\"@id\":\"https:\\\/\\\/www.cpl.es\\\/#organization\",\"name\":\"Centre de Pastoral Lit\u00fargica\",\"alternateName\":\"Centre de Pastoral Lit\u00fargica de Barcelona\",\"url\":\"https:\\\/\\\/www.cpl.es\\\/\",\"logo\":{\"@type\":\"ImageObject\",\"inLanguage\":\"ca\",\"@id\":\"https:\\\/\\\/www.cpl.es\\\/#\\\/schema\\\/logo\\\/image\\\/\",\"url\":\"https:\\\/\\\/www.cpl.es\\\/wp-content\\\/uploads\\\/logo-cpl.svg\",\"contentUrl\":\"https:\\\/\\\/www.cpl.es\\\/wp-content\\\/uploads\\\/logo-cpl.svg\",\"caption\":\"Centre de Pastoral Lit\u00fargica\"},\"image\":{\"@id\":\"https:\\\/\\\/www.cpl.es\\\/#\\\/schema\\\/logo\\\/image\\\/\"}}]}<\/script>\n<!-- \/ Yoast SEO plugin. -->","yoast_head_json":{"title":"Santa Ol\u00edmpia, noble cristiana i diaconessa - CPL","robots":{"index":"index","follow":"follow","max-snippet":"max-snippet:-1","max-image-preview":"max-image-preview:large","max-video-preview":"max-video-preview:-1"},"canonical":"https:\/\/www.cpl.es\/producto\/santa-olimpia-noble-cristiana-i-diaconessa-9788491651659\/","og_locale":"ca_ES","og_type":"article","og_title":"Santa Ol\u00edmpia, noble cristiana i diaconessa - CPL","og_description":"Rivas Rebaque, Fernando","og_url":"https:\/\/www.cpl.es\/producto\/santa-olimpia-noble-cristiana-i-diaconessa-9788491651659\/","og_site_name":"CPL","article_modified_time":"2026-02-12T17:12:01+00:00","og_image":[{"width":280,"height":416,"url":"https:\/\/www.cpl.es\/wp-content\/uploads\/212266.jpg","type":"image\/jpeg"}],"twitter_card":"summary_large_image","twitter_misc":{"Temps estimat de lectura":"1 minut"},"schema":{"@context":"https:\/\/schema.org","@graph":[{"@type":"WebPage","@id":"https:\/\/www.cpl.es\/producto\/santa-olimpia-noble-cristiana-i-diaconessa-9788491651659\/","url":"https:\/\/www.cpl.es\/producto\/santa-olimpia-noble-cristiana-i-diaconessa-9788491651659\/","name":"Santa Ol\u00edmpia, noble cristiana i diaconessa - CPL","isPartOf":{"@id":"https:\/\/www.cpl.es\/#website"},"primaryImageOfPage":{"@id":"https:\/\/www.cpl.es\/producto\/santa-olimpia-noble-cristiana-i-diaconessa-9788491651659\/#primaryimage"},"image":{"@id":"https:\/\/www.cpl.es\/producto\/santa-olimpia-noble-cristiana-i-diaconessa-9788491651659\/#primaryimage"},"thumbnailUrl":"https:\/\/www.cpl.es\/wp-content\/uploads\/212266.jpg","datePublished":"2023-10-03T23:08:56+00:00","dateModified":"2026-02-12T17:12:01+00:00","breadcrumb":{"@id":"https:\/\/www.cpl.es\/producto\/santa-olimpia-noble-cristiana-i-diaconessa-9788491651659\/#breadcrumb"},"inLanguage":"ca","potentialAction":[{"@type":"ReadAction","target":["https:\/\/www.cpl.es\/producto\/santa-olimpia-noble-cristiana-i-diaconessa-9788491651659\/"]}]},{"@type":"ImageObject","inLanguage":"ca","@id":"https:\/\/www.cpl.es\/producto\/santa-olimpia-noble-cristiana-i-diaconessa-9788491651659\/#primaryimage","url":"https:\/\/www.cpl.es\/wp-content\/uploads\/212266.jpg","contentUrl":"https:\/\/www.cpl.es\/wp-content\/uploads\/212266.jpg","width":280,"height":416,"caption":"212266.jpg"},{"@type":"BreadcrumbList","@id":"https:\/\/www.cpl.es\/producto\/santa-olimpia-noble-cristiana-i-diaconessa-9788491651659\/#breadcrumb","itemListElement":[{"@type":"ListItem","position":1,"name":"Portada","item":"https:\/\/www.cpl.es\/ca\/"},{"@type":"ListItem","position":2,"name":"Cat\u00e0leg","item":"https:\/\/www.cpl.es\/ca\/cataleg\/"},{"@type":"ListItem","position":3,"name":"Santa Ol\u00edmpia, noble cristiana i diaconessa"}]},{"@type":"WebSite","@id":"https:\/\/www.cpl.es\/#website","url":"https:\/\/www.cpl.es\/","name":"CPL","description":"Centre de Pastoral Lit\u00fargica de Barcelona","publisher":{"@id":"https:\/\/www.cpl.es\/#organization"},"alternateName":"Centre de Pastoral Lit\u00fargica","potentialAction":[{"@type":"SearchAction","target":{"@type":"EntryPoint","urlTemplate":"https:\/\/www.cpl.es\/?s={search_term_string}"},"query-input":{"@type":"PropertyValueSpecification","valueRequired":true,"valueName":"search_term_string"}}],"inLanguage":"ca"},{"@type":"Organization","@id":"https:\/\/www.cpl.es\/#organization","name":"Centre de Pastoral Lit\u00fargica","alternateName":"Centre de Pastoral Lit\u00fargica de Barcelona","url":"https:\/\/www.cpl.es\/","logo":{"@type":"ImageObject","inLanguage":"ca","@id":"https:\/\/www.cpl.es\/#\/schema\/logo\/image\/","url":"https:\/\/www.cpl.es\/wp-content\/uploads\/logo-cpl.svg","contentUrl":"https:\/\/www.cpl.es\/wp-content\/uploads\/logo-cpl.svg","caption":"Centre de Pastoral Lit\u00fargica"},"image":{"@id":"https:\/\/www.cpl.es\/#\/schema\/logo\/image\/"}}]}},"_links":{"self":[{"href":"https:\/\/www.cpl.es\/ca\/wp-json\/wp\/v2\/product\/1374","targetHints":{"allow":["GET"]}}],"collection":[{"href":"https:\/\/www.cpl.es\/ca\/wp-json\/wp\/v2\/product"}],"about":[{"href":"https:\/\/www.cpl.es\/ca\/wp-json\/wp\/v2\/types\/product"}],"wp:featuredmedia":[{"embeddable":true,"href":"https:\/\/www.cpl.es\/ca\/wp-json\/wp\/v2\/media\/1375"}],"wp:attachment":[{"href":"https:\/\/www.cpl.es\/ca\/wp-json\/wp\/v2\/media?parent=1374"}],"wp:term":[{"taxonomy":"product_brand","embeddable":true,"href":"https:\/\/www.cpl.es\/ca\/wp-json\/wp\/v2\/product_brand?post=1374"},{"taxonomy":"product_cat","embeddable":true,"href":"https:\/\/www.cpl.es\/ca\/wp-json\/wp\/v2\/product_cat?post=1374"},{"taxonomy":"product_tag","embeddable":true,"href":"https:\/\/www.cpl.es\/ca\/wp-json\/wp\/v2\/product_tag?post=1374"}],"curies":[{"name":"wp","href":"https:\/\/api.w.org\/{rel}","templated":true}]}}