{"id":1365,"date":"2023-10-04T01:08:40","date_gmt":"2023-10-03T23:08:40","guid":{"rendered":"https:\/\/nuevaweb.cpl.es\/producto\/un-viaje-siempre-nuevo-la-mision-9788491651499\/"},"modified":"2023-12-05T13:35:55","modified_gmt":"2023-12-05T12:35:55","slug":"un-viaje-siempre-nuevo-la-mision-9788491651499","status":"publish","type":"product","link":"https:\/\/www.cpl.es\/ca\/producto\/un-viaje-siempre-nuevo-la-mision-9788491651499\/","title":{"rendered":"Un viaje siempre nuevo. La misi\u00f3n"},"content":{"rendered":"<p>Dorotea inicia su largo viaje intergal\u00e1ctico para conocer la fe cristiana, una superstici\u00f3n con la que sus superiores quieren acabar. Pero a medida que la viajera se va adentrando en el signi cado de la fe en Jesucristo, y va conociendo a la comunidad cristiana, sus textos de referencia y la liturgia, experimenta un profundo cambio interior que la lleva a solicitar ser bautizada. Se trata de una odisea en tres vol\u00famenes que se pueden leer por separado: Viaje al coraz\u00f3n de la fe. El aterrizaje, El coraz\u00f3n del viaje. La exploraci\u00f3n, y este \u00faltimo t\u00edtulo, Un viaje siempre nuevo. La misi\u00f3n. La trilog\u00eda incluye una selecci\u00f3n de textos b\u00edblicos, patr\u00edsticos y lit\u00fargicos, que nos permiten seguir un itinerario de iniciaci\u00f3n a la fe y situar en su contexto muchos elementos de la tradici\u00f3n cristiana. La forma novelada de la ciencia  ficci\u00f3n lo hace muy agradable de leer.<\/p>\n<p>N\u00faria Ferret Canale (Barcelona, 1967), consagrada en la Orden de las V\u00edrgenes desde el a\u00f1o 2005, es licenciada en Ciencias de la Educaci\u00f3n por la Universidad de Barcelona, y ha trabajado en la ense\u00f1anza de la Religi\u00f3n en la escuela p\u00fablica durante diecinueve a\u00f1os. Particularmente interesada en la nueva evangelizaci\u00f3n, en la l\u00ednea de lo que propone el papa Francisco en la exhortaci\u00f3n Evangelii Gaudium, en 2015 public\u00f3 en el CPL su primer libro, La Palabra era Dios. 130 esquemas para la oraci\u00f3n, y en abril de 2016 inici\u00f3 su trilog\u00eda del Viaje, con Viaje al coraz\u00f3n de la fe. El aterrizaje, El coraz\u00f3n del viaje. La exploraci\u00f3n y ahora Un viaje siempre nuevo. La misi\u00f3n.<\/p>\n","protected":false},"excerpt":{"rendered":"<p>Ferret Canale, Nuria<\/p>\n","protected":false},"featured_media":1366,"template":"","meta":{"_acf_changed":false,"inline_featured_image":false},"product_brand":[],"product_cat":[83,60,99,100,65,88,134,104,63,86],"product_tag":[],"class_list":{"0":"post-1365","1":"product","2":"type-product","3":"status-publish","4":"has-post-thumbnail","6":"product_cat-catequesi-liturgica","7":"product_cat-catequesis-liturgica","8":"product_cat-cpl-libri","9":"product_cat-cpl-libri-colleccions-catala","10":"product_cat-espiritualidad","11":"product_cat-espiritualitat","12":"product_cat-iniciacio-cristiana","13":"product_cat-iniciacion-cristiana","14":"product_cat-oracion","15":"product_cat-pregaria","17":"first","18":"instock","19":"taxable","20":"shipping-taxable","21":"purchasable","22":"product-type-simple"},"acf":{"autor":"Ferret Canale, Nuria","codart":"117036","ediciones":"1","encuadernacion":"R\u00fastica","fecha_de_publicacion":"01\/10\/2018","novedad":false,"paginas":"204","subtitulo":"","orden":"999","portada":false,"idioma":"spa","editorial":[{"ID":6736,"post_author":"2","post_date":"2023-10-06 08:35:24","post_date_gmt":"2023-10-06 06:35:24","post_content":"","post_title":"CPL","post_excerpt":"","post_status":"publish","comment_status":"closed","ping_status":"closed","post_password":"","post_name":"cpl","to_ping":"","pinged":"","post_modified":"2023-10-06 08:35:24","post_modified_gmt":"2023-10-06 06:35:24","post_content_filtered":"","post_parent":0,"guid":"https:\/\/nuevaweb.cpl.es\/editorial\/cpl\/","menu_order":0,"post_type":"editorial","post_mime_type":"","comment_count":"0","filter":"raw"}]},"yoast_head":"<!-- This site is optimized with the Yoast SEO plugin v27.3 - https:\/\/yoast.com\/product\/yoast-seo-wordpress\/ -->\n<title>Un viaje siempre nuevo. La misi\u00f3n - CPL<\/title>\n<meta name=\"robots\" content=\"index, follow, max-snippet:-1, max-image-preview:large, max-video-preview:-1\" \/>\n<link rel=\"canonical\" href=\"https:\/\/www.cpl.es\/producto\/un-viaje-siempre-nuevo-la-mision-9788491651499\/\" \/>\n<meta property=\"og:locale\" content=\"ca_ES\" \/>\n<meta property=\"og:type\" content=\"article\" \/>\n<meta property=\"og:title\" content=\"Un viaje siempre nuevo. La misi\u00f3n - CPL\" \/>\n<meta property=\"og:description\" content=\"Ferret Canale, Nuria\" \/>\n<meta property=\"og:url\" content=\"https:\/\/www.cpl.es\/producto\/un-viaje-siempre-nuevo-la-mision-9788491651499\/\" \/>\n<meta property=\"og:site_name\" content=\"CPL\" \/>\n<meta property=\"article:modified_time\" content=\"2023-12-05T12:35:55+00:00\" \/>\n<meta property=\"og:image\" content=\"https:\/\/www.cpl.es\/wp-content\/uploads\/117036.jpg\" \/>\n\t<meta property=\"og:image:width\" content=\"280\" \/>\n\t<meta property=\"og:image:height\" content=\"416\" \/>\n\t<meta property=\"og:image:type\" content=\"image\/jpeg\" \/>\n<meta name=\"twitter:card\" content=\"summary_large_image\" \/>\n<meta name=\"twitter:label1\" content=\"Temps estimat de lectura\" \/>\n\t<meta name=\"twitter:data1\" content=\"1 minut\" \/>\n<script type=\"application\/ld+json\" class=\"yoast-schema-graph\">{\"@context\":\"https:\\\/\\\/schema.org\",\"@graph\":[{\"@type\":\"WebPage\",\"@id\":\"https:\\\/\\\/www.cpl.es\\\/producto\\\/un-viaje-siempre-nuevo-la-mision-9788491651499\\\/\",\"url\":\"https:\\\/\\\/www.cpl.es\\\/producto\\\/un-viaje-siempre-nuevo-la-mision-9788491651499\\\/\",\"name\":\"Un viaje siempre nuevo. La misi\u00f3n - CPL\",\"isPartOf\":{\"@id\":\"https:\\\/\\\/www.cpl.es\\\/#website\"},\"primaryImageOfPage\":{\"@id\":\"https:\\\/\\\/www.cpl.es\\\/producto\\\/un-viaje-siempre-nuevo-la-mision-9788491651499\\\/#primaryimage\"},\"image\":{\"@id\":\"https:\\\/\\\/www.cpl.es\\\/producto\\\/un-viaje-siempre-nuevo-la-mision-9788491651499\\\/#primaryimage\"},\"thumbnailUrl\":\"https:\\\/\\\/www.cpl.es\\\/wp-content\\\/uploads\\\/117036.jpg\",\"datePublished\":\"2023-10-03T23:08:40+00:00\",\"dateModified\":\"2023-12-05T12:35:55+00:00\",\"breadcrumb\":{\"@id\":\"https:\\\/\\\/www.cpl.es\\\/producto\\\/un-viaje-siempre-nuevo-la-mision-9788491651499\\\/#breadcrumb\"},\"inLanguage\":\"ca\",\"potentialAction\":[{\"@type\":\"ReadAction\",\"target\":[\"https:\\\/\\\/www.cpl.es\\\/producto\\\/un-viaje-siempre-nuevo-la-mision-9788491651499\\\/\"]}]},{\"@type\":\"ImageObject\",\"inLanguage\":\"ca\",\"@id\":\"https:\\\/\\\/www.cpl.es\\\/producto\\\/un-viaje-siempre-nuevo-la-mision-9788491651499\\\/#primaryimage\",\"url\":\"https:\\\/\\\/www.cpl.es\\\/wp-content\\\/uploads\\\/117036.jpg\",\"contentUrl\":\"https:\\\/\\\/www.cpl.es\\\/wp-content\\\/uploads\\\/117036.jpg\",\"width\":280,\"height\":416,\"caption\":\"117036.jpg\"},{\"@type\":\"BreadcrumbList\",\"@id\":\"https:\\\/\\\/www.cpl.es\\\/producto\\\/un-viaje-siempre-nuevo-la-mision-9788491651499\\\/#breadcrumb\",\"itemListElement\":[{\"@type\":\"ListItem\",\"position\":1,\"name\":\"Portada\",\"item\":\"https:\\\/\\\/www.cpl.es\\\/ca\\\/\"},{\"@type\":\"ListItem\",\"position\":2,\"name\":\"Cat\u00e0leg\",\"item\":\"https:\\\/\\\/www.cpl.es\\\/ca\\\/cataleg\\\/\"},{\"@type\":\"ListItem\",\"position\":3,\"name\":\"Un viaje siempre nuevo. La misi\u00f3n\"}]},{\"@type\":\"WebSite\",\"@id\":\"https:\\\/\\\/www.cpl.es\\\/#website\",\"url\":\"https:\\\/\\\/www.cpl.es\\\/\",\"name\":\"CPL\",\"description\":\"Centre de Pastoral Lit\u00fargica de Barcelona\",\"publisher\":{\"@id\":\"https:\\\/\\\/www.cpl.es\\\/#organization\"},\"alternateName\":\"Centre de Pastoral Lit\u00fargica\",\"potentialAction\":[{\"@type\":\"SearchAction\",\"target\":{\"@type\":\"EntryPoint\",\"urlTemplate\":\"https:\\\/\\\/www.cpl.es\\\/?s={search_term_string}\"},\"query-input\":{\"@type\":\"PropertyValueSpecification\",\"valueRequired\":true,\"valueName\":\"search_term_string\"}}],\"inLanguage\":\"ca\"},{\"@type\":\"Organization\",\"@id\":\"https:\\\/\\\/www.cpl.es\\\/#organization\",\"name\":\"Centre de Pastoral Lit\u00fargica\",\"alternateName\":\"Centre de Pastoral Lit\u00fargica de Barcelona\",\"url\":\"https:\\\/\\\/www.cpl.es\\\/\",\"logo\":{\"@type\":\"ImageObject\",\"inLanguage\":\"ca\",\"@id\":\"https:\\\/\\\/www.cpl.es\\\/#\\\/schema\\\/logo\\\/image\\\/\",\"url\":\"https:\\\/\\\/www.cpl.es\\\/wp-content\\\/uploads\\\/logo-cpl.svg\",\"contentUrl\":\"https:\\\/\\\/www.cpl.es\\\/wp-content\\\/uploads\\\/logo-cpl.svg\",\"caption\":\"Centre de Pastoral Lit\u00fargica\"},\"image\":{\"@id\":\"https:\\\/\\\/www.cpl.es\\\/#\\\/schema\\\/logo\\\/image\\\/\"}}]}<\/script>\n<!-- \/ Yoast SEO plugin. -->","yoast_head_json":{"title":"Un viaje siempre nuevo. La misi\u00f3n - CPL","robots":{"index":"index","follow":"follow","max-snippet":"max-snippet:-1","max-image-preview":"max-image-preview:large","max-video-preview":"max-video-preview:-1"},"canonical":"https:\/\/www.cpl.es\/producto\/un-viaje-siempre-nuevo-la-mision-9788491651499\/","og_locale":"ca_ES","og_type":"article","og_title":"Un viaje siempre nuevo. La misi\u00f3n - CPL","og_description":"Ferret Canale, Nuria","og_url":"https:\/\/www.cpl.es\/producto\/un-viaje-siempre-nuevo-la-mision-9788491651499\/","og_site_name":"CPL","article_modified_time":"2023-12-05T12:35:55+00:00","og_image":[{"width":280,"height":416,"url":"https:\/\/www.cpl.es\/wp-content\/uploads\/117036.jpg","type":"image\/jpeg"}],"twitter_card":"summary_large_image","twitter_misc":{"Temps estimat de lectura":"1 minut"},"schema":{"@context":"https:\/\/schema.org","@graph":[{"@type":"WebPage","@id":"https:\/\/www.cpl.es\/producto\/un-viaje-siempre-nuevo-la-mision-9788491651499\/","url":"https:\/\/www.cpl.es\/producto\/un-viaje-siempre-nuevo-la-mision-9788491651499\/","name":"Un viaje siempre nuevo. La misi\u00f3n - CPL","isPartOf":{"@id":"https:\/\/www.cpl.es\/#website"},"primaryImageOfPage":{"@id":"https:\/\/www.cpl.es\/producto\/un-viaje-siempre-nuevo-la-mision-9788491651499\/#primaryimage"},"image":{"@id":"https:\/\/www.cpl.es\/producto\/un-viaje-siempre-nuevo-la-mision-9788491651499\/#primaryimage"},"thumbnailUrl":"https:\/\/www.cpl.es\/wp-content\/uploads\/117036.jpg","datePublished":"2023-10-03T23:08:40+00:00","dateModified":"2023-12-05T12:35:55+00:00","breadcrumb":{"@id":"https:\/\/www.cpl.es\/producto\/un-viaje-siempre-nuevo-la-mision-9788491651499\/#breadcrumb"},"inLanguage":"ca","potentialAction":[{"@type":"ReadAction","target":["https:\/\/www.cpl.es\/producto\/un-viaje-siempre-nuevo-la-mision-9788491651499\/"]}]},{"@type":"ImageObject","inLanguage":"ca","@id":"https:\/\/www.cpl.es\/producto\/un-viaje-siempre-nuevo-la-mision-9788491651499\/#primaryimage","url":"https:\/\/www.cpl.es\/wp-content\/uploads\/117036.jpg","contentUrl":"https:\/\/www.cpl.es\/wp-content\/uploads\/117036.jpg","width":280,"height":416,"caption":"117036.jpg"},{"@type":"BreadcrumbList","@id":"https:\/\/www.cpl.es\/producto\/un-viaje-siempre-nuevo-la-mision-9788491651499\/#breadcrumb","itemListElement":[{"@type":"ListItem","position":1,"name":"Portada","item":"https:\/\/www.cpl.es\/ca\/"},{"@type":"ListItem","position":2,"name":"Cat\u00e0leg","item":"https:\/\/www.cpl.es\/ca\/cataleg\/"},{"@type":"ListItem","position":3,"name":"Un viaje siempre nuevo. La misi\u00f3n"}]},{"@type":"WebSite","@id":"https:\/\/www.cpl.es\/#website","url":"https:\/\/www.cpl.es\/","name":"CPL","description":"Centre de Pastoral Lit\u00fargica de Barcelona","publisher":{"@id":"https:\/\/www.cpl.es\/#organization"},"alternateName":"Centre de Pastoral Lit\u00fargica","potentialAction":[{"@type":"SearchAction","target":{"@type":"EntryPoint","urlTemplate":"https:\/\/www.cpl.es\/?s={search_term_string}"},"query-input":{"@type":"PropertyValueSpecification","valueRequired":true,"valueName":"search_term_string"}}],"inLanguage":"ca"},{"@type":"Organization","@id":"https:\/\/www.cpl.es\/#organization","name":"Centre de Pastoral Lit\u00fargica","alternateName":"Centre de Pastoral Lit\u00fargica de Barcelona","url":"https:\/\/www.cpl.es\/","logo":{"@type":"ImageObject","inLanguage":"ca","@id":"https:\/\/www.cpl.es\/#\/schema\/logo\/image\/","url":"https:\/\/www.cpl.es\/wp-content\/uploads\/logo-cpl.svg","contentUrl":"https:\/\/www.cpl.es\/wp-content\/uploads\/logo-cpl.svg","caption":"Centre de Pastoral Lit\u00fargica"},"image":{"@id":"https:\/\/www.cpl.es\/#\/schema\/logo\/image\/"}}]}},"_links":{"self":[{"href":"https:\/\/www.cpl.es\/ca\/wp-json\/wp\/v2\/product\/1365","targetHints":{"allow":["GET"]}}],"collection":[{"href":"https:\/\/www.cpl.es\/ca\/wp-json\/wp\/v2\/product"}],"about":[{"href":"https:\/\/www.cpl.es\/ca\/wp-json\/wp\/v2\/types\/product"}],"wp:featuredmedia":[{"embeddable":true,"href":"https:\/\/www.cpl.es\/ca\/wp-json\/wp\/v2\/media\/1366"}],"wp:attachment":[{"href":"https:\/\/www.cpl.es\/ca\/wp-json\/wp\/v2\/media?parent=1365"}],"wp:term":[{"taxonomy":"product_brand","embeddable":true,"href":"https:\/\/www.cpl.es\/ca\/wp-json\/wp\/v2\/product_brand?post=1365"},{"taxonomy":"product_cat","embeddable":true,"href":"https:\/\/www.cpl.es\/ca\/wp-json\/wp\/v2\/product_cat?post=1365"},{"taxonomy":"product_tag","embeddable":true,"href":"https:\/\/www.cpl.es\/ca\/wp-json\/wp\/v2\/product_tag?post=1365"}],"curies":[{"name":"wp","href":"https:\/\/api.w.org\/{rel}","templated":true}]}}