{"id":1362,"date":"2023-10-04T01:08:34","date_gmt":"2023-10-03T23:08:34","guid":{"rendered":"https:\/\/nuevaweb.cpl.es\/producto\/uncion-de-los-enfermos-liturgia-y-pastoral-9788491651451\/"},"modified":"2026-02-12T17:42:54","modified_gmt":"2026-02-12T16:42:54","slug":"uncion-de-los-enfermos-liturgia-y-pastoral-9788491651451","status":"publish","type":"product","link":"https:\/\/www.cpl.es\/ca\/producto\/uncion-de-los-enfermos-liturgia-y-pastoral-9788491651451\/","title":{"rendered":"Unci\u00f3n de los enfermos. Liturgia y pastoral"},"content":{"rendered":"<p>Eugenio Sapori nos ofrece una aproximaci\u00f3n al sacramento de la unci\u00f3n de los enfermos desde una perspectiva antropol\u00f3gica, hist\u00f3rica, teol\u00f3gica y lit\u00fargica. Su an\u00e1lisis de la traducci\u00f3n y recepci\u00f3n de los rituales despu\u00e9s del Concilio Vaticano II en diversas conferencias episcopales nos brinda una visi\u00f3n amplia de la pastoral lit\u00fargica en este campo y de los retos que presenta hoy la administraci\u00f3n de este sacramento.<\/p>\n<p>Eugenio Sapori, religioso camilo, fue ordenado sacerdote en 1972. Ha desarrollado su ministerio pastoral en diversos hospitales italianos durante cerca de 30 a\u00f1os. Doctorado en teolog\u00eda, con la especializaci\u00f3n en pastoral lit\u00fargica, en la Abad\u00eda de Santa Justina (Padua), ejerce la docencia desde 1995 en el Instituto Internacional de Teolog\u00eda Pastoral Sanitaria en Roma, del cual es vicepresidente desde 2013. La mayor parte de su investigaci\u00f3n se ha centrado en el sacramento de la unci\u00f3n en los concilios de Trento y Vaticano II, y en la oraci\u00f3n lit\u00fargica por el bien f\u00edsico y espiritual de quienes sufren. Entre sus publicaciones hay que destacar: La cura pastorale del malato nel Rituale di Paolo V (1614) e in alcuni Ordini religiosi del XVII secolo. Studio storicoliturgico (Roma 2002). Tambi\u00e9n ha colaborado, con otros autores en: Caracter\u00edsticas de la teolog\u00eda pastoral de la salud (Tur\u00edn 2013), San Camilo y sus amigos: \u00f3rdenes religiosos y arte entre renacimiento y barroco (Soveria Mannelli 2016). Ha intervenido como ponente en los siguientes actos de las semanas de estudio de la Associazione Professori di Liturgia (APL):\u00abCelebrar la unci\u00f3n de los enfermos\u00bb (Roma 2005), \u00abLa muerte y sus ritos. Para una celebraci\u00f3n cristiana de las exequias\u00bb (Roma 2007).<\/p>\n","protected":false},"excerpt":{"rendered":"<p>Sapori, Eugenio<\/p>\n","protected":false},"featured_media":1363,"template":"","meta":{"_acf_changed":false,"inline_featured_image":false},"product_brand":[],"product_cat":[74,46,152,150,139,117],"product_tag":[],"class_list":{"0":"post-1362","1":"product","2":"type-product","3":"status-publish","4":"has-post-thumbnail","6":"product_cat-biblioteca-liturgica-colleccions-catala","7":"product_cat-biblioteca-liturgica","8":"product_cat-sacramentos-sacramentos-por-temas","9":"product_cat-sagraments-sagraments-per-temes","10":"product_cat-uncio-dels-malalts","11":"product_cat-uncion-de-los-enfermos","13":"first","14":"instock","15":"taxable","16":"shipping-taxable","17":"purchasable","18":"product-type-simple"},"acf":{"autor":"Sapori, Eugenio","codart":"111057","ediciones":"1","encuadernacion":"Cartone","fecha_de_publicacion":"02\/10\/2018","novedad":false,"paginas":"380","subtitulo":"","orden":"999","portada":false,"idioma":"spa","editorial":[{"ID":6736,"post_author":"2","post_date":"2023-10-06 08:35:24","post_date_gmt":"2023-10-06 06:35:24","post_content":"","post_title":"CPL","post_excerpt":"","post_status":"publish","comment_status":"closed","ping_status":"closed","post_password":"","post_name":"cpl","to_ping":"","pinged":"","post_modified":"2023-10-06 08:35:24","post_modified_gmt":"2023-10-06 06:35:24","post_content_filtered":"","post_parent":0,"guid":"https:\/\/nuevaweb.cpl.es\/editorial\/cpl\/","menu_order":0,"post_type":"editorial","post_mime_type":"","comment_count":"0","filter":"raw"}],"coleccion_num":"57"},"yoast_head":"<!-- This site is optimized with the Yoast SEO plugin v27.3 - https:\/\/yoast.com\/product\/yoast-seo-wordpress\/ -->\n<title>Unci\u00f3n de los enfermos. Liturgia y pastoral - CPL<\/title>\n<meta name=\"robots\" content=\"index, follow, max-snippet:-1, max-image-preview:large, max-video-preview:-1\" \/>\n<link rel=\"canonical\" href=\"https:\/\/www.cpl.es\/producto\/uncion-de-los-enfermos-liturgia-y-pastoral-9788491651451\/\" \/>\n<meta property=\"og:locale\" content=\"ca_ES\" \/>\n<meta property=\"og:type\" content=\"article\" \/>\n<meta property=\"og:title\" content=\"Unci\u00f3n de los enfermos. Liturgia y pastoral - CPL\" \/>\n<meta property=\"og:description\" content=\"Sapori, Eugenio\" \/>\n<meta property=\"og:url\" content=\"https:\/\/www.cpl.es\/producto\/uncion-de-los-enfermos-liturgia-y-pastoral-9788491651451\/\" \/>\n<meta property=\"og:site_name\" content=\"CPL\" \/>\n<meta property=\"article:modified_time\" content=\"2026-02-12T16:42:54+00:00\" \/>\n<meta property=\"og:image\" content=\"https:\/\/www.cpl.es\/wp-content\/uploads\/111057.jpg\" \/>\n\t<meta property=\"og:image:width\" content=\"280\" \/>\n\t<meta property=\"og:image:height\" content=\"385\" \/>\n\t<meta property=\"og:image:type\" content=\"image\/jpeg\" \/>\n<meta name=\"twitter:card\" content=\"summary_large_image\" \/>\n<meta name=\"twitter:label1\" content=\"Temps estimat de lectura\" \/>\n\t<meta name=\"twitter:data1\" content=\"1 minut\" \/>\n<script type=\"application\/ld+json\" class=\"yoast-schema-graph\">{\"@context\":\"https:\\\/\\\/schema.org\",\"@graph\":[{\"@type\":\"WebPage\",\"@id\":\"https:\\\/\\\/www.cpl.es\\\/producto\\\/uncion-de-los-enfermos-liturgia-y-pastoral-9788491651451\\\/\",\"url\":\"https:\\\/\\\/www.cpl.es\\\/producto\\\/uncion-de-los-enfermos-liturgia-y-pastoral-9788491651451\\\/\",\"name\":\"Unci\u00f3n de los enfermos. Liturgia y pastoral - CPL\",\"isPartOf\":{\"@id\":\"https:\\\/\\\/www.cpl.es\\\/#website\"},\"primaryImageOfPage\":{\"@id\":\"https:\\\/\\\/www.cpl.es\\\/producto\\\/uncion-de-los-enfermos-liturgia-y-pastoral-9788491651451\\\/#primaryimage\"},\"image\":{\"@id\":\"https:\\\/\\\/www.cpl.es\\\/producto\\\/uncion-de-los-enfermos-liturgia-y-pastoral-9788491651451\\\/#primaryimage\"},\"thumbnailUrl\":\"https:\\\/\\\/www.cpl.es\\\/wp-content\\\/uploads\\\/111057.jpg\",\"datePublished\":\"2023-10-03T23:08:34+00:00\",\"dateModified\":\"2026-02-12T16:42:54+00:00\",\"breadcrumb\":{\"@id\":\"https:\\\/\\\/www.cpl.es\\\/producto\\\/uncion-de-los-enfermos-liturgia-y-pastoral-9788491651451\\\/#breadcrumb\"},\"inLanguage\":\"ca\",\"potentialAction\":[{\"@type\":\"ReadAction\",\"target\":[\"https:\\\/\\\/www.cpl.es\\\/producto\\\/uncion-de-los-enfermos-liturgia-y-pastoral-9788491651451\\\/\"]}]},{\"@type\":\"ImageObject\",\"inLanguage\":\"ca\",\"@id\":\"https:\\\/\\\/www.cpl.es\\\/producto\\\/uncion-de-los-enfermos-liturgia-y-pastoral-9788491651451\\\/#primaryimage\",\"url\":\"https:\\\/\\\/www.cpl.es\\\/wp-content\\\/uploads\\\/111057.jpg\",\"contentUrl\":\"https:\\\/\\\/www.cpl.es\\\/wp-content\\\/uploads\\\/111057.jpg\",\"width\":280,\"height\":385,\"caption\":\"111057.jpg\"},{\"@type\":\"BreadcrumbList\",\"@id\":\"https:\\\/\\\/www.cpl.es\\\/producto\\\/uncion-de-los-enfermos-liturgia-y-pastoral-9788491651451\\\/#breadcrumb\",\"itemListElement\":[{\"@type\":\"ListItem\",\"position\":1,\"name\":\"Portada\",\"item\":\"https:\\\/\\\/www.cpl.es\\\/ca\\\/\"},{\"@type\":\"ListItem\",\"position\":2,\"name\":\"Cat\u00e0leg\",\"item\":\"https:\\\/\\\/www.cpl.es\\\/ca\\\/cataleg\\\/\"},{\"@type\":\"ListItem\",\"position\":3,\"name\":\"Unci\u00f3n de los enfermos. Liturgia y pastoral\"}]},{\"@type\":\"WebSite\",\"@id\":\"https:\\\/\\\/www.cpl.es\\\/#website\",\"url\":\"https:\\\/\\\/www.cpl.es\\\/\",\"name\":\"CPL\",\"description\":\"Centre de Pastoral Lit\u00fargica de Barcelona\",\"publisher\":{\"@id\":\"https:\\\/\\\/www.cpl.es\\\/#organization\"},\"alternateName\":\"Centre de Pastoral Lit\u00fargica\",\"potentialAction\":[{\"@type\":\"SearchAction\",\"target\":{\"@type\":\"EntryPoint\",\"urlTemplate\":\"https:\\\/\\\/www.cpl.es\\\/?s={search_term_string}\"},\"query-input\":{\"@type\":\"PropertyValueSpecification\",\"valueRequired\":true,\"valueName\":\"search_term_string\"}}],\"inLanguage\":\"ca\"},{\"@type\":\"Organization\",\"@id\":\"https:\\\/\\\/www.cpl.es\\\/#organization\",\"name\":\"Centre de Pastoral Lit\u00fargica\",\"alternateName\":\"Centre de Pastoral Lit\u00fargica de Barcelona\",\"url\":\"https:\\\/\\\/www.cpl.es\\\/\",\"logo\":{\"@type\":\"ImageObject\",\"inLanguage\":\"ca\",\"@id\":\"https:\\\/\\\/www.cpl.es\\\/#\\\/schema\\\/logo\\\/image\\\/\",\"url\":\"https:\\\/\\\/www.cpl.es\\\/wp-content\\\/uploads\\\/logo-cpl.svg\",\"contentUrl\":\"https:\\\/\\\/www.cpl.es\\\/wp-content\\\/uploads\\\/logo-cpl.svg\",\"caption\":\"Centre de Pastoral Lit\u00fargica\"},\"image\":{\"@id\":\"https:\\\/\\\/www.cpl.es\\\/#\\\/schema\\\/logo\\\/image\\\/\"}}]}<\/script>\n<!-- \/ Yoast SEO plugin. -->","yoast_head_json":{"title":"Unci\u00f3n de los enfermos. Liturgia y pastoral - CPL","robots":{"index":"index","follow":"follow","max-snippet":"max-snippet:-1","max-image-preview":"max-image-preview:large","max-video-preview":"max-video-preview:-1"},"canonical":"https:\/\/www.cpl.es\/producto\/uncion-de-los-enfermos-liturgia-y-pastoral-9788491651451\/","og_locale":"ca_ES","og_type":"article","og_title":"Unci\u00f3n de los enfermos. Liturgia y pastoral - CPL","og_description":"Sapori, Eugenio","og_url":"https:\/\/www.cpl.es\/producto\/uncion-de-los-enfermos-liturgia-y-pastoral-9788491651451\/","og_site_name":"CPL","article_modified_time":"2026-02-12T16:42:54+00:00","og_image":[{"width":280,"height":385,"url":"https:\/\/www.cpl.es\/wp-content\/uploads\/111057.jpg","type":"image\/jpeg"}],"twitter_card":"summary_large_image","twitter_misc":{"Temps estimat de lectura":"1 minut"},"schema":{"@context":"https:\/\/schema.org","@graph":[{"@type":"WebPage","@id":"https:\/\/www.cpl.es\/producto\/uncion-de-los-enfermos-liturgia-y-pastoral-9788491651451\/","url":"https:\/\/www.cpl.es\/producto\/uncion-de-los-enfermos-liturgia-y-pastoral-9788491651451\/","name":"Unci\u00f3n de los enfermos. Liturgia y pastoral - CPL","isPartOf":{"@id":"https:\/\/www.cpl.es\/#website"},"primaryImageOfPage":{"@id":"https:\/\/www.cpl.es\/producto\/uncion-de-los-enfermos-liturgia-y-pastoral-9788491651451\/#primaryimage"},"image":{"@id":"https:\/\/www.cpl.es\/producto\/uncion-de-los-enfermos-liturgia-y-pastoral-9788491651451\/#primaryimage"},"thumbnailUrl":"https:\/\/www.cpl.es\/wp-content\/uploads\/111057.jpg","datePublished":"2023-10-03T23:08:34+00:00","dateModified":"2026-02-12T16:42:54+00:00","breadcrumb":{"@id":"https:\/\/www.cpl.es\/producto\/uncion-de-los-enfermos-liturgia-y-pastoral-9788491651451\/#breadcrumb"},"inLanguage":"ca","potentialAction":[{"@type":"ReadAction","target":["https:\/\/www.cpl.es\/producto\/uncion-de-los-enfermos-liturgia-y-pastoral-9788491651451\/"]}]},{"@type":"ImageObject","inLanguage":"ca","@id":"https:\/\/www.cpl.es\/producto\/uncion-de-los-enfermos-liturgia-y-pastoral-9788491651451\/#primaryimage","url":"https:\/\/www.cpl.es\/wp-content\/uploads\/111057.jpg","contentUrl":"https:\/\/www.cpl.es\/wp-content\/uploads\/111057.jpg","width":280,"height":385,"caption":"111057.jpg"},{"@type":"BreadcrumbList","@id":"https:\/\/www.cpl.es\/producto\/uncion-de-los-enfermos-liturgia-y-pastoral-9788491651451\/#breadcrumb","itemListElement":[{"@type":"ListItem","position":1,"name":"Portada","item":"https:\/\/www.cpl.es\/ca\/"},{"@type":"ListItem","position":2,"name":"Cat\u00e0leg","item":"https:\/\/www.cpl.es\/ca\/cataleg\/"},{"@type":"ListItem","position":3,"name":"Unci\u00f3n de los enfermos. Liturgia y pastoral"}]},{"@type":"WebSite","@id":"https:\/\/www.cpl.es\/#website","url":"https:\/\/www.cpl.es\/","name":"CPL","description":"Centre de Pastoral Lit\u00fargica de Barcelona","publisher":{"@id":"https:\/\/www.cpl.es\/#organization"},"alternateName":"Centre de Pastoral Lit\u00fargica","potentialAction":[{"@type":"SearchAction","target":{"@type":"EntryPoint","urlTemplate":"https:\/\/www.cpl.es\/?s={search_term_string}"},"query-input":{"@type":"PropertyValueSpecification","valueRequired":true,"valueName":"search_term_string"}}],"inLanguage":"ca"},{"@type":"Organization","@id":"https:\/\/www.cpl.es\/#organization","name":"Centre de Pastoral Lit\u00fargica","alternateName":"Centre de Pastoral Lit\u00fargica de Barcelona","url":"https:\/\/www.cpl.es\/","logo":{"@type":"ImageObject","inLanguage":"ca","@id":"https:\/\/www.cpl.es\/#\/schema\/logo\/image\/","url":"https:\/\/www.cpl.es\/wp-content\/uploads\/logo-cpl.svg","contentUrl":"https:\/\/www.cpl.es\/wp-content\/uploads\/logo-cpl.svg","caption":"Centre de Pastoral Lit\u00fargica"},"image":{"@id":"https:\/\/www.cpl.es\/#\/schema\/logo\/image\/"}}]}},"_links":{"self":[{"href":"https:\/\/www.cpl.es\/ca\/wp-json\/wp\/v2\/product\/1362","targetHints":{"allow":["GET"]}}],"collection":[{"href":"https:\/\/www.cpl.es\/ca\/wp-json\/wp\/v2\/product"}],"about":[{"href":"https:\/\/www.cpl.es\/ca\/wp-json\/wp\/v2\/types\/product"}],"wp:featuredmedia":[{"embeddable":true,"href":"https:\/\/www.cpl.es\/ca\/wp-json\/wp\/v2\/media\/1363"}],"wp:attachment":[{"href":"https:\/\/www.cpl.es\/ca\/wp-json\/wp\/v2\/media?parent=1362"}],"wp:term":[{"taxonomy":"product_brand","embeddable":true,"href":"https:\/\/www.cpl.es\/ca\/wp-json\/wp\/v2\/product_brand?post=1362"},{"taxonomy":"product_cat","embeddable":true,"href":"https:\/\/www.cpl.es\/ca\/wp-json\/wp\/v2\/product_cat?post=1362"},{"taxonomy":"product_tag","embeddable":true,"href":"https:\/\/www.cpl.es\/ca\/wp-json\/wp\/v2\/product_tag?post=1362"}],"curies":[{"name":"wp","href":"https:\/\/api.w.org\/{rel}","templated":true}]}}