{"id":1359,"date":"2023-10-04T01:08:29","date_gmt":"2023-10-03T23:08:29","guid":{"rendered":"https:\/\/nuevaweb.cpl.es\/producto\/el-libro-de-la-misa-diaria-dias-feriales-y-santoral-9788491651536\/"},"modified":"2025-04-03T08:38:03","modified_gmt":"2025-04-03T06:38:03","slug":"el-libro-de-la-misa-diaria-dias-feriales-y-santoral-9788491651536","status":"publish","type":"product","link":"https:\/\/www.cpl.es\/ca\/producto\/el-libro-de-la-misa-diaria-dias-feriales-y-santoral-9788491651536\/","title":{"rendered":"El libro de la Misa Diaria. D\u00edas feriales y Santoral"},"content":{"rendered":"<p>Este libro es, en definitiva, como la &#8216;Hoja para la celebraci\u00f3n' de Misa Dominical, pero para todos los d\u00edas del a\u00f1o, exceptuando los domingos y las fiestas del Propio del Tiempo, porque para ellos ya existe, naturalmente, Misa Dominical. Es decir, que para las ferias de todos los tiempos lit\u00fargicos y para todas las celebraciones del Propio de los Santos, el celebrante encontrar\u00e1 aqu\u00ed todo aquello que necesita para los momentos en los que no est\u00e1 en el altar (o est\u00e1 en el altar por motivos pr\u00e1cticos pero deber\u00eda estar en la sede o en el amb\u00f3n).<br \/>El libro contiene, para todas las ferias del Propio del Tiempo, para cada d\u00eda, la ant\u00edfona de entrada; el saludo; un acto penitencial propio seg\u00fan el modo tercero (es decir, el de las invocaciones al &#8216;Se\u00f1or, ten piedad'), aunque evidentemente, cuando se desee, pueden utilizarse los otros dos modos, que se encuentran en el Ordinario de la Misa al principio del libro; la oraci\u00f3n colecta; la introducci\u00f3n y la conclusi\u00f3n de la oraci\u00f3n de los fieles, con la indicaci\u00f3n de la p\u00e1gina del libro Oraci\u00f3n de los fieles en la que el lector encontrar\u00e1 las intenciones de oraci\u00f3n; y finalmente, la oraci\u00f3n poscomuni\u00f3n, a la que se a\u00f1ade, en tiempo de Cuaresma, la oraci\u00f3n sobre el pueblo.<br \/>Una novedad importante, adem\u00e1s, es que, para las ferias del tiempo ordinario, y seg\u00fan lo que prev\u00e9 el propio misal, se ofrece una distribuci\u00f3n de oraciones para cada d\u00eda de la semana, a fin de evitar la rutina de tener que repetir cada d\u00eda la misma oraci\u00f3n del domingo anterior.<br \/>Y luego est\u00e1 el Propio de los Santos. En \u00e9l se ofrece, para todas las solemnidades y fiestas, el mismo formulario completo que acabamos de describir para el Propio del Tiempo. Y para las memorias, ofrecemos todos los elementos propios (los no propios se toman del Propio del Tiempo), as\u00ed como, en un buen n\u00famero de casos, seg\u00fan de qu\u00e9 santo se trate, un formulario de oraci\u00f3n de los fieles propio.<br \/>Sin duda, un libro de gran utilidad.<\/p>\n","protected":false},"excerpt":{"rendered":"<p>Lligadas Vendrell, Josep<\/p>\n","protected":false},"featured_media":18605,"template":"","meta":{"_acf_changed":false,"inline_featured_image":false},"product_brand":[],"product_cat":[148,149,151,162,153,161,75,44,137,115],"product_tag":[],"class_list":{"0":"post-1359","1":"product","2":"type-product","3":"status-publish","4":"has-post-thumbnail","6":"product_cat-ano-liturgico-ano-liturgico-por-temas","7":"product_cat-any-liturgic-any-liturgic-per-temes","8":"product_cat-celebracio-de-la-missa-celebracio-de-la-missa-per-temes","9":"product_cat-celebracio-liturgica","10":"product_cat-celebracion-de-la-misa-celebracion-de-la-misa-por-temas","11":"product_cat-celebracion-liturgica","12":"product_cat-dossiers-cpl-colleccions-catala","13":"product_cat-dossiers-cpl","14":"product_cat-eucaristia-sagraments-per-temes","15":"product_cat-eucaristia","17":"first","18":"instock","19":"taxable","20":"shipping-taxable","21":"purchasable","22":"product-type-simple"},"acf":{"autor":"Lligadas Vendrell, Josep","codart":"101149","ediciones":"1","encuadernacion":"Cartone","fecha_de_publicacion":"12\/02\/2025","novedad":false,"paginas":"476","subtitulo":"","orden":"999","portada":false,"idioma":"spa","editorial":[{"ID":6736,"post_author":"2","post_date":"2023-10-06 08:35:24","post_date_gmt":"2023-10-06 06:35:24","post_content":"","post_title":"CPL","post_excerpt":"","post_status":"publish","comment_status":"closed","ping_status":"closed","post_password":"","post_name":"cpl","to_ping":"","pinged":"","post_modified":"2023-10-06 08:35:24","post_modified_gmt":"2023-10-06 06:35:24","post_content_filtered":"","post_parent":0,"guid":"https:\/\/nuevaweb.cpl.es\/editorial\/cpl\/","menu_order":0,"post_type":"editorial","post_mime_type":"","comment_count":"0","filter":"raw"}],"coleccion_num":"149"},"yoast_head":"<!-- This site is optimized with the Yoast SEO plugin v27.3 - https:\/\/yoast.com\/product\/yoast-seo-wordpress\/ -->\n<title>El libro de la Misa Diaria. D\u00edas feriales y Santoral - CPL<\/title>\n<meta name=\"robots\" content=\"index, follow, max-snippet:-1, max-image-preview:large, max-video-preview:-1\" \/>\n<link rel=\"canonical\" href=\"https:\/\/www.cpl.es\/producto\/el-libro-de-la-misa-diaria-dias-feriales-y-santoral-9788491651536\/\" \/>\n<meta property=\"og:locale\" content=\"ca_ES\" \/>\n<meta property=\"og:type\" content=\"article\" \/>\n<meta property=\"og:title\" content=\"El libro de la Misa Diaria. D\u00edas feriales y Santoral - CPL\" \/>\n<meta property=\"og:description\" content=\"Lligadas Vendrell, Josep\" \/>\n<meta property=\"og:url\" content=\"https:\/\/www.cpl.es\/producto\/el-libro-de-la-misa-diaria-dias-feriales-y-santoral-9788491651536\/\" \/>\n<meta property=\"og:site_name\" content=\"CPL\" \/>\n<meta property=\"article:modified_time\" content=\"2025-04-03T06:38:03+00:00\" \/>\n<meta property=\"og:image\" content=\"https:\/\/www.cpl.es\/wp-content\/uploads\/101149-1.jpg\" \/>\n\t<meta property=\"og:image:width\" content=\"280\" \/>\n\t<meta property=\"og:image:height\" content=\"394\" \/>\n\t<meta property=\"og:image:type\" content=\"image\/jpeg\" \/>\n<meta name=\"twitter:card\" content=\"summary_large_image\" \/>\n<meta name=\"twitter:label1\" content=\"Temps estimat de lectura\" \/>\n\t<meta name=\"twitter:data1\" content=\"2 minuts\" \/>\n<script type=\"application\/ld+json\" class=\"yoast-schema-graph\">{\"@context\":\"https:\\\/\\\/schema.org\",\"@graph\":[{\"@type\":\"WebPage\",\"@id\":\"https:\\\/\\\/www.cpl.es\\\/producto\\\/el-libro-de-la-misa-diaria-dias-feriales-y-santoral-9788491651536\\\/\",\"url\":\"https:\\\/\\\/www.cpl.es\\\/producto\\\/el-libro-de-la-misa-diaria-dias-feriales-y-santoral-9788491651536\\\/\",\"name\":\"El libro de la Misa Diaria. D\u00edas feriales y Santoral - CPL\",\"isPartOf\":{\"@id\":\"https:\\\/\\\/www.cpl.es\\\/#website\"},\"primaryImageOfPage\":{\"@id\":\"https:\\\/\\\/www.cpl.es\\\/producto\\\/el-libro-de-la-misa-diaria-dias-feriales-y-santoral-9788491651536\\\/#primaryimage\"},\"image\":{\"@id\":\"https:\\\/\\\/www.cpl.es\\\/producto\\\/el-libro-de-la-misa-diaria-dias-feriales-y-santoral-9788491651536\\\/#primaryimage\"},\"thumbnailUrl\":\"https:\\\/\\\/www.cpl.es\\\/wp-content\\\/uploads\\\/101149-1.jpg\",\"datePublished\":\"2023-10-03T23:08:29+00:00\",\"dateModified\":\"2025-04-03T06:38:03+00:00\",\"breadcrumb\":{\"@id\":\"https:\\\/\\\/www.cpl.es\\\/producto\\\/el-libro-de-la-misa-diaria-dias-feriales-y-santoral-9788491651536\\\/#breadcrumb\"},\"inLanguage\":\"ca\",\"potentialAction\":[{\"@type\":\"ReadAction\",\"target\":[\"https:\\\/\\\/www.cpl.es\\\/producto\\\/el-libro-de-la-misa-diaria-dias-feriales-y-santoral-9788491651536\\\/\"]}]},{\"@type\":\"ImageObject\",\"inLanguage\":\"ca\",\"@id\":\"https:\\\/\\\/www.cpl.es\\\/producto\\\/el-libro-de-la-misa-diaria-dias-feriales-y-santoral-9788491651536\\\/#primaryimage\",\"url\":\"https:\\\/\\\/www.cpl.es\\\/wp-content\\\/uploads\\\/101149-1.jpg\",\"contentUrl\":\"https:\\\/\\\/www.cpl.es\\\/wp-content\\\/uploads\\\/101149-1.jpg\",\"width\":280,\"height\":394,\"caption\":\"101149.jpg\"},{\"@type\":\"BreadcrumbList\",\"@id\":\"https:\\\/\\\/www.cpl.es\\\/producto\\\/el-libro-de-la-misa-diaria-dias-feriales-y-santoral-9788491651536\\\/#breadcrumb\",\"itemListElement\":[{\"@type\":\"ListItem\",\"position\":1,\"name\":\"Portada\",\"item\":\"https:\\\/\\\/www.cpl.es\\\/ca\\\/\"},{\"@type\":\"ListItem\",\"position\":2,\"name\":\"Cat\u00e0leg\",\"item\":\"https:\\\/\\\/www.cpl.es\\\/ca\\\/cataleg\\\/\"},{\"@type\":\"ListItem\",\"position\":3,\"name\":\"El libro de la Misa Diaria. D\u00edas feriales y Santoral\"}]},{\"@type\":\"WebSite\",\"@id\":\"https:\\\/\\\/www.cpl.es\\\/#website\",\"url\":\"https:\\\/\\\/www.cpl.es\\\/\",\"name\":\"CPL\",\"description\":\"Centre de Pastoral Lit\u00fargica de Barcelona\",\"publisher\":{\"@id\":\"https:\\\/\\\/www.cpl.es\\\/#organization\"},\"alternateName\":\"Centre de Pastoral Lit\u00fargica\",\"potentialAction\":[{\"@type\":\"SearchAction\",\"target\":{\"@type\":\"EntryPoint\",\"urlTemplate\":\"https:\\\/\\\/www.cpl.es\\\/?s={search_term_string}\"},\"query-input\":{\"@type\":\"PropertyValueSpecification\",\"valueRequired\":true,\"valueName\":\"search_term_string\"}}],\"inLanguage\":\"ca\"},{\"@type\":\"Organization\",\"@id\":\"https:\\\/\\\/www.cpl.es\\\/#organization\",\"name\":\"Centre de Pastoral Lit\u00fargica\",\"alternateName\":\"Centre de Pastoral Lit\u00fargica de Barcelona\",\"url\":\"https:\\\/\\\/www.cpl.es\\\/\",\"logo\":{\"@type\":\"ImageObject\",\"inLanguage\":\"ca\",\"@id\":\"https:\\\/\\\/www.cpl.es\\\/#\\\/schema\\\/logo\\\/image\\\/\",\"url\":\"https:\\\/\\\/www.cpl.es\\\/wp-content\\\/uploads\\\/logo-cpl.svg\",\"contentUrl\":\"https:\\\/\\\/www.cpl.es\\\/wp-content\\\/uploads\\\/logo-cpl.svg\",\"caption\":\"Centre de Pastoral Lit\u00fargica\"},\"image\":{\"@id\":\"https:\\\/\\\/www.cpl.es\\\/#\\\/schema\\\/logo\\\/image\\\/\"}}]}<\/script>\n<!-- \/ Yoast SEO plugin. -->","yoast_head_json":{"title":"El libro de la Misa Diaria. D\u00edas feriales y Santoral - CPL","robots":{"index":"index","follow":"follow","max-snippet":"max-snippet:-1","max-image-preview":"max-image-preview:large","max-video-preview":"max-video-preview:-1"},"canonical":"https:\/\/www.cpl.es\/producto\/el-libro-de-la-misa-diaria-dias-feriales-y-santoral-9788491651536\/","og_locale":"ca_ES","og_type":"article","og_title":"El libro de la Misa Diaria. D\u00edas feriales y Santoral - CPL","og_description":"Lligadas Vendrell, Josep","og_url":"https:\/\/www.cpl.es\/producto\/el-libro-de-la-misa-diaria-dias-feriales-y-santoral-9788491651536\/","og_site_name":"CPL","article_modified_time":"2025-04-03T06:38:03+00:00","og_image":[{"width":280,"height":394,"url":"https:\/\/www.cpl.es\/wp-content\/uploads\/101149-1.jpg","type":"image\/jpeg"}],"twitter_card":"summary_large_image","twitter_misc":{"Temps estimat de lectura":"2 minuts"},"schema":{"@context":"https:\/\/schema.org","@graph":[{"@type":"WebPage","@id":"https:\/\/www.cpl.es\/producto\/el-libro-de-la-misa-diaria-dias-feriales-y-santoral-9788491651536\/","url":"https:\/\/www.cpl.es\/producto\/el-libro-de-la-misa-diaria-dias-feriales-y-santoral-9788491651536\/","name":"El libro de la Misa Diaria. D\u00edas feriales y Santoral - CPL","isPartOf":{"@id":"https:\/\/www.cpl.es\/#website"},"primaryImageOfPage":{"@id":"https:\/\/www.cpl.es\/producto\/el-libro-de-la-misa-diaria-dias-feriales-y-santoral-9788491651536\/#primaryimage"},"image":{"@id":"https:\/\/www.cpl.es\/producto\/el-libro-de-la-misa-diaria-dias-feriales-y-santoral-9788491651536\/#primaryimage"},"thumbnailUrl":"https:\/\/www.cpl.es\/wp-content\/uploads\/101149-1.jpg","datePublished":"2023-10-03T23:08:29+00:00","dateModified":"2025-04-03T06:38:03+00:00","breadcrumb":{"@id":"https:\/\/www.cpl.es\/producto\/el-libro-de-la-misa-diaria-dias-feriales-y-santoral-9788491651536\/#breadcrumb"},"inLanguage":"ca","potentialAction":[{"@type":"ReadAction","target":["https:\/\/www.cpl.es\/producto\/el-libro-de-la-misa-diaria-dias-feriales-y-santoral-9788491651536\/"]}]},{"@type":"ImageObject","inLanguage":"ca","@id":"https:\/\/www.cpl.es\/producto\/el-libro-de-la-misa-diaria-dias-feriales-y-santoral-9788491651536\/#primaryimage","url":"https:\/\/www.cpl.es\/wp-content\/uploads\/101149-1.jpg","contentUrl":"https:\/\/www.cpl.es\/wp-content\/uploads\/101149-1.jpg","width":280,"height":394,"caption":"101149.jpg"},{"@type":"BreadcrumbList","@id":"https:\/\/www.cpl.es\/producto\/el-libro-de-la-misa-diaria-dias-feriales-y-santoral-9788491651536\/#breadcrumb","itemListElement":[{"@type":"ListItem","position":1,"name":"Portada","item":"https:\/\/www.cpl.es\/ca\/"},{"@type":"ListItem","position":2,"name":"Cat\u00e0leg","item":"https:\/\/www.cpl.es\/ca\/cataleg\/"},{"@type":"ListItem","position":3,"name":"El libro de la Misa Diaria. D\u00edas feriales y Santoral"}]},{"@type":"WebSite","@id":"https:\/\/www.cpl.es\/#website","url":"https:\/\/www.cpl.es\/","name":"CPL","description":"Centre de Pastoral Lit\u00fargica de Barcelona","publisher":{"@id":"https:\/\/www.cpl.es\/#organization"},"alternateName":"Centre de Pastoral Lit\u00fargica","potentialAction":[{"@type":"SearchAction","target":{"@type":"EntryPoint","urlTemplate":"https:\/\/www.cpl.es\/?s={search_term_string}"},"query-input":{"@type":"PropertyValueSpecification","valueRequired":true,"valueName":"search_term_string"}}],"inLanguage":"ca"},{"@type":"Organization","@id":"https:\/\/www.cpl.es\/#organization","name":"Centre de Pastoral Lit\u00fargica","alternateName":"Centre de Pastoral Lit\u00fargica de Barcelona","url":"https:\/\/www.cpl.es\/","logo":{"@type":"ImageObject","inLanguage":"ca","@id":"https:\/\/www.cpl.es\/#\/schema\/logo\/image\/","url":"https:\/\/www.cpl.es\/wp-content\/uploads\/logo-cpl.svg","contentUrl":"https:\/\/www.cpl.es\/wp-content\/uploads\/logo-cpl.svg","caption":"Centre de Pastoral Lit\u00fargica"},"image":{"@id":"https:\/\/www.cpl.es\/#\/schema\/logo\/image\/"}}]}},"_links":{"self":[{"href":"https:\/\/www.cpl.es\/ca\/wp-json\/wp\/v2\/product\/1359","targetHints":{"allow":["GET"]}}],"collection":[{"href":"https:\/\/www.cpl.es\/ca\/wp-json\/wp\/v2\/product"}],"about":[{"href":"https:\/\/www.cpl.es\/ca\/wp-json\/wp\/v2\/types\/product"}],"wp:featuredmedia":[{"embeddable":true,"href":"https:\/\/www.cpl.es\/ca\/wp-json\/wp\/v2\/media\/18605"}],"wp:attachment":[{"href":"https:\/\/www.cpl.es\/ca\/wp-json\/wp\/v2\/media?parent=1359"}],"wp:term":[{"taxonomy":"product_brand","embeddable":true,"href":"https:\/\/www.cpl.es\/ca\/wp-json\/wp\/v2\/product_brand?post=1359"},{"taxonomy":"product_cat","embeddable":true,"href":"https:\/\/www.cpl.es\/ca\/wp-json\/wp\/v2\/product_cat?post=1359"},{"taxonomy":"product_tag","embeddable":true,"href":"https:\/\/www.cpl.es\/ca\/wp-json\/wp\/v2\/product_tag?post=1359"}],"curies":[{"name":"wp","href":"https:\/\/api.w.org\/{rel}","templated":true}]}}