{"id":1332,"date":"2023-10-04T01:07:40","date_gmt":"2023-10-03T23:07:40","guid":{"rendered":"https:\/\/nuevaweb.cpl.es\/producto\/una-casa-una-mesa-un-solo-corazon-9788491651888\/"},"modified":"2023-12-05T13:35:53","modified_gmt":"2023-12-05T12:35:53","slug":"una-casa-una-mesa-un-solo-corazon-9788491651888","status":"publish","type":"product","link":"https:\/\/www.cpl.es\/ca\/producto\/una-casa-una-mesa-un-solo-corazon-9788491651888\/","title":{"rendered":"Una casa, una mesa, un solo coraz\u00f3n"},"content":{"rendered":"<p>Este escrito viene a ser como una s\u00edntesis del pensamiento de Mons. Pere Tena y su experiencia sobre la doctrina eclesial y sobre la vida misma de la Iglesia. Es una exposici\u00f3n mistag\u00f3gica hecha a partir del Ritual de la dedicaci\u00f3n de iglesias. Es un texto que, con suavidad y al mismo tiempo con firmeza, nos gu\u00eda hasta el coraz\u00f3n mismo de la Iglesia, as\u00ed como nos mueve a poner la Iglesia muy adentro nuestro coraz\u00f3n. <\/p>\n<p>Esta edici\u00f3n, por discreta y sencilla que sea, quiere ser, ciertamente, un cordial homenaje y tambi\u00e9n expresi\u00f3n del m\u00e1s sincero agradecimiento para con el obispo Pere Tena.<\/p>\n<p>Pere Tena Garriga (L\u2019Hospitalet de Llobregat, 1928 \u2013 Barcelona, 2014) fue te\u00f3logo, liturgista y obispo auxiliar de Barcelona. Doctor en Teolog\u00eda, promovi\u00f3 y fue el primer presidente del Centre de Pastoral Lit\u00fargica de Barcelona (1958), donde fund\u00f3 y dirigi\u00f3 durante a\u00f1os la revista Phase. Ejerci\u00f3 la docencia en el Seminario de Barcelona y luego en la Facultad de Teolog\u00eda de Catalu\u00f1a, de la que fue decano y presidente. En 1987 fue nombrado subsecretario de la Congregaci\u00f3n para el Culto Divino, cargo que ejerci\u00f3 hasta su nombramiento episcopal en 1993.<\/p>\n","protected":false},"excerpt":{"rendered":"<p>Tena Garriga, Pere<\/p>\n","protected":false},"featured_media":1333,"template":"","meta":{"_acf_changed":false,"inline_featured_image":false},"product_brand":[],"product_cat":[83,60,77,45,124,165,166,121,152,150],"product_tag":[],"class_list":{"0":"post-1332","1":"product","2":"type-product","3":"status-publish","4":"has-post-thumbnail","6":"product_cat-catequesi-liturgica","7":"product_cat-catequesis-liturgica","8":"product_cat-celebrar-colleccions-catala","9":"product_cat-celebrar","10":"product_cat-el-espacio-celebrativo","11":"product_cat-lassemblea-liturgica-celebracio-de-la-missa-per-temes","12":"product_cat-lespai-celebratiu-celebracio-de-la-missa-per-temes","13":"product_cat-la-asamblea-liturgica","14":"product_cat-sacramentos-sacramentos-por-temas","15":"product_cat-sagraments-sagraments-per-temes","17":"first","18":"instock","19":"taxable","20":"shipping-taxable","21":"purchasable","22":"product-type-simple"},"acf":{"autor":"Tena Garriga, Pere","codart":"102101","ediciones":"1","encuadernacion":"R\u00fastica","fecha_de_publicacion":"05\/02\/2019","novedad":false,"paginas":"76","subtitulo":"Catequesis mistag\u00f3gica de la dedicaci\u00f3n de una iglesia","orden":"999","portada":false,"idioma":"spa","editorial":[{"ID":6736,"post_author":"2","post_date":"2023-10-06 08:35:24","post_date_gmt":"2023-10-06 06:35:24","post_content":"","post_title":"CPL","post_excerpt":"","post_status":"publish","comment_status":"closed","ping_status":"closed","post_password":"","post_name":"cpl","to_ping":"","pinged":"","post_modified":"2023-10-06 08:35:24","post_modified_gmt":"2023-10-06 06:35:24","post_content_filtered":"","post_parent":0,"guid":"https:\/\/nuevaweb.cpl.es\/editorial\/cpl\/","menu_order":0,"post_type":"editorial","post_mime_type":"","comment_count":"0","filter":"raw"}]},"yoast_head":"<!-- This site is optimized with the Yoast SEO plugin v27.3 - https:\/\/yoast.com\/product\/yoast-seo-wordpress\/ -->\n<title>Una casa, una mesa, un solo coraz\u00f3n - CPL<\/title>\n<meta name=\"robots\" content=\"index, follow, max-snippet:-1, max-image-preview:large, max-video-preview:-1\" \/>\n<link rel=\"canonical\" href=\"https:\/\/www.cpl.es\/producto\/una-casa-una-mesa-un-solo-corazon-9788491651888\/\" \/>\n<meta property=\"og:locale\" content=\"ca_ES\" \/>\n<meta property=\"og:type\" content=\"article\" \/>\n<meta property=\"og:title\" content=\"Una casa, una mesa, un solo coraz\u00f3n - CPL\" \/>\n<meta property=\"og:description\" content=\"Tena Garriga, Pere\" \/>\n<meta property=\"og:url\" content=\"https:\/\/www.cpl.es\/producto\/una-casa-una-mesa-un-solo-corazon-9788491651888\/\" \/>\n<meta property=\"og:site_name\" content=\"CPL\" \/>\n<meta property=\"article:modified_time\" content=\"2023-12-05T12:35:53+00:00\" \/>\n<meta property=\"og:image\" content=\"https:\/\/www.cpl.es\/wp-content\/uploads\/102101.jpg\" \/>\n\t<meta property=\"og:image:width\" content=\"280\" \/>\n\t<meta property=\"og:image:height\" content=\"397\" \/>\n\t<meta property=\"og:image:type\" content=\"image\/jpeg\" \/>\n<meta name=\"twitter:card\" content=\"summary_large_image\" \/>\n<meta name=\"twitter:label1\" content=\"Temps estimat de lectura\" \/>\n\t<meta name=\"twitter:data1\" content=\"1 minut\" \/>\n<script type=\"application\/ld+json\" class=\"yoast-schema-graph\">{\"@context\":\"https:\\\/\\\/schema.org\",\"@graph\":[{\"@type\":\"WebPage\",\"@id\":\"https:\\\/\\\/www.cpl.es\\\/producto\\\/una-casa-una-mesa-un-solo-corazon-9788491651888\\\/\",\"url\":\"https:\\\/\\\/www.cpl.es\\\/producto\\\/una-casa-una-mesa-un-solo-corazon-9788491651888\\\/\",\"name\":\"Una casa, una mesa, un solo coraz\u00f3n - CPL\",\"isPartOf\":{\"@id\":\"https:\\\/\\\/www.cpl.es\\\/#website\"},\"primaryImageOfPage\":{\"@id\":\"https:\\\/\\\/www.cpl.es\\\/producto\\\/una-casa-una-mesa-un-solo-corazon-9788491651888\\\/#primaryimage\"},\"image\":{\"@id\":\"https:\\\/\\\/www.cpl.es\\\/producto\\\/una-casa-una-mesa-un-solo-corazon-9788491651888\\\/#primaryimage\"},\"thumbnailUrl\":\"https:\\\/\\\/www.cpl.es\\\/wp-content\\\/uploads\\\/102101.jpg\",\"datePublished\":\"2023-10-03T23:07:40+00:00\",\"dateModified\":\"2023-12-05T12:35:53+00:00\",\"breadcrumb\":{\"@id\":\"https:\\\/\\\/www.cpl.es\\\/producto\\\/una-casa-una-mesa-un-solo-corazon-9788491651888\\\/#breadcrumb\"},\"inLanguage\":\"ca\",\"potentialAction\":[{\"@type\":\"ReadAction\",\"target\":[\"https:\\\/\\\/www.cpl.es\\\/producto\\\/una-casa-una-mesa-un-solo-corazon-9788491651888\\\/\"]}]},{\"@type\":\"ImageObject\",\"inLanguage\":\"ca\",\"@id\":\"https:\\\/\\\/www.cpl.es\\\/producto\\\/una-casa-una-mesa-un-solo-corazon-9788491651888\\\/#primaryimage\",\"url\":\"https:\\\/\\\/www.cpl.es\\\/wp-content\\\/uploads\\\/102101.jpg\",\"contentUrl\":\"https:\\\/\\\/www.cpl.es\\\/wp-content\\\/uploads\\\/102101.jpg\",\"width\":280,\"height\":397,\"caption\":\"102101.jpg\"},{\"@type\":\"BreadcrumbList\",\"@id\":\"https:\\\/\\\/www.cpl.es\\\/producto\\\/una-casa-una-mesa-un-solo-corazon-9788491651888\\\/#breadcrumb\",\"itemListElement\":[{\"@type\":\"ListItem\",\"position\":1,\"name\":\"Portada\",\"item\":\"https:\\\/\\\/www.cpl.es\\\/ca\\\/\"},{\"@type\":\"ListItem\",\"position\":2,\"name\":\"Cat\u00e0leg\",\"item\":\"https:\\\/\\\/www.cpl.es\\\/ca\\\/cataleg\\\/\"},{\"@type\":\"ListItem\",\"position\":3,\"name\":\"Una casa, una mesa, un solo coraz\u00f3n\"}]},{\"@type\":\"WebSite\",\"@id\":\"https:\\\/\\\/www.cpl.es\\\/#website\",\"url\":\"https:\\\/\\\/www.cpl.es\\\/\",\"name\":\"CPL\",\"description\":\"Centre de Pastoral Lit\u00fargica de Barcelona\",\"publisher\":{\"@id\":\"https:\\\/\\\/www.cpl.es\\\/#organization\"},\"alternateName\":\"Centre de Pastoral Lit\u00fargica\",\"potentialAction\":[{\"@type\":\"SearchAction\",\"target\":{\"@type\":\"EntryPoint\",\"urlTemplate\":\"https:\\\/\\\/www.cpl.es\\\/?s={search_term_string}\"},\"query-input\":{\"@type\":\"PropertyValueSpecification\",\"valueRequired\":true,\"valueName\":\"search_term_string\"}}],\"inLanguage\":\"ca\"},{\"@type\":\"Organization\",\"@id\":\"https:\\\/\\\/www.cpl.es\\\/#organization\",\"name\":\"Centre de Pastoral Lit\u00fargica\",\"alternateName\":\"Centre de Pastoral Lit\u00fargica de Barcelona\",\"url\":\"https:\\\/\\\/www.cpl.es\\\/\",\"logo\":{\"@type\":\"ImageObject\",\"inLanguage\":\"ca\",\"@id\":\"https:\\\/\\\/www.cpl.es\\\/#\\\/schema\\\/logo\\\/image\\\/\",\"url\":\"https:\\\/\\\/www.cpl.es\\\/wp-content\\\/uploads\\\/logo-cpl.svg\",\"contentUrl\":\"https:\\\/\\\/www.cpl.es\\\/wp-content\\\/uploads\\\/logo-cpl.svg\",\"caption\":\"Centre de Pastoral Lit\u00fargica\"},\"image\":{\"@id\":\"https:\\\/\\\/www.cpl.es\\\/#\\\/schema\\\/logo\\\/image\\\/\"}}]}<\/script>\n<!-- \/ Yoast SEO plugin. -->","yoast_head_json":{"title":"Una casa, una mesa, un solo coraz\u00f3n - CPL","robots":{"index":"index","follow":"follow","max-snippet":"max-snippet:-1","max-image-preview":"max-image-preview:large","max-video-preview":"max-video-preview:-1"},"canonical":"https:\/\/www.cpl.es\/producto\/una-casa-una-mesa-un-solo-corazon-9788491651888\/","og_locale":"ca_ES","og_type":"article","og_title":"Una casa, una mesa, un solo coraz\u00f3n - CPL","og_description":"Tena Garriga, Pere","og_url":"https:\/\/www.cpl.es\/producto\/una-casa-una-mesa-un-solo-corazon-9788491651888\/","og_site_name":"CPL","article_modified_time":"2023-12-05T12:35:53+00:00","og_image":[{"width":280,"height":397,"url":"https:\/\/www.cpl.es\/wp-content\/uploads\/102101.jpg","type":"image\/jpeg"}],"twitter_card":"summary_large_image","twitter_misc":{"Temps estimat de lectura":"1 minut"},"schema":{"@context":"https:\/\/schema.org","@graph":[{"@type":"WebPage","@id":"https:\/\/www.cpl.es\/producto\/una-casa-una-mesa-un-solo-corazon-9788491651888\/","url":"https:\/\/www.cpl.es\/producto\/una-casa-una-mesa-un-solo-corazon-9788491651888\/","name":"Una casa, una mesa, un solo coraz\u00f3n - CPL","isPartOf":{"@id":"https:\/\/www.cpl.es\/#website"},"primaryImageOfPage":{"@id":"https:\/\/www.cpl.es\/producto\/una-casa-una-mesa-un-solo-corazon-9788491651888\/#primaryimage"},"image":{"@id":"https:\/\/www.cpl.es\/producto\/una-casa-una-mesa-un-solo-corazon-9788491651888\/#primaryimage"},"thumbnailUrl":"https:\/\/www.cpl.es\/wp-content\/uploads\/102101.jpg","datePublished":"2023-10-03T23:07:40+00:00","dateModified":"2023-12-05T12:35:53+00:00","breadcrumb":{"@id":"https:\/\/www.cpl.es\/producto\/una-casa-una-mesa-un-solo-corazon-9788491651888\/#breadcrumb"},"inLanguage":"ca","potentialAction":[{"@type":"ReadAction","target":["https:\/\/www.cpl.es\/producto\/una-casa-una-mesa-un-solo-corazon-9788491651888\/"]}]},{"@type":"ImageObject","inLanguage":"ca","@id":"https:\/\/www.cpl.es\/producto\/una-casa-una-mesa-un-solo-corazon-9788491651888\/#primaryimage","url":"https:\/\/www.cpl.es\/wp-content\/uploads\/102101.jpg","contentUrl":"https:\/\/www.cpl.es\/wp-content\/uploads\/102101.jpg","width":280,"height":397,"caption":"102101.jpg"},{"@type":"BreadcrumbList","@id":"https:\/\/www.cpl.es\/producto\/una-casa-una-mesa-un-solo-corazon-9788491651888\/#breadcrumb","itemListElement":[{"@type":"ListItem","position":1,"name":"Portada","item":"https:\/\/www.cpl.es\/ca\/"},{"@type":"ListItem","position":2,"name":"Cat\u00e0leg","item":"https:\/\/www.cpl.es\/ca\/cataleg\/"},{"@type":"ListItem","position":3,"name":"Una casa, una mesa, un solo coraz\u00f3n"}]},{"@type":"WebSite","@id":"https:\/\/www.cpl.es\/#website","url":"https:\/\/www.cpl.es\/","name":"CPL","description":"Centre de Pastoral Lit\u00fargica de Barcelona","publisher":{"@id":"https:\/\/www.cpl.es\/#organization"},"alternateName":"Centre de Pastoral Lit\u00fargica","potentialAction":[{"@type":"SearchAction","target":{"@type":"EntryPoint","urlTemplate":"https:\/\/www.cpl.es\/?s={search_term_string}"},"query-input":{"@type":"PropertyValueSpecification","valueRequired":true,"valueName":"search_term_string"}}],"inLanguage":"ca"},{"@type":"Organization","@id":"https:\/\/www.cpl.es\/#organization","name":"Centre de Pastoral Lit\u00fargica","alternateName":"Centre de Pastoral Lit\u00fargica de Barcelona","url":"https:\/\/www.cpl.es\/","logo":{"@type":"ImageObject","inLanguage":"ca","@id":"https:\/\/www.cpl.es\/#\/schema\/logo\/image\/","url":"https:\/\/www.cpl.es\/wp-content\/uploads\/logo-cpl.svg","contentUrl":"https:\/\/www.cpl.es\/wp-content\/uploads\/logo-cpl.svg","caption":"Centre de Pastoral Lit\u00fargica"},"image":{"@id":"https:\/\/www.cpl.es\/#\/schema\/logo\/image\/"}}]}},"_links":{"self":[{"href":"https:\/\/www.cpl.es\/ca\/wp-json\/wp\/v2\/product\/1332","targetHints":{"allow":["GET"]}}],"collection":[{"href":"https:\/\/www.cpl.es\/ca\/wp-json\/wp\/v2\/product"}],"about":[{"href":"https:\/\/www.cpl.es\/ca\/wp-json\/wp\/v2\/types\/product"}],"wp:featuredmedia":[{"embeddable":true,"href":"https:\/\/www.cpl.es\/ca\/wp-json\/wp\/v2\/media\/1333"}],"wp:attachment":[{"href":"https:\/\/www.cpl.es\/ca\/wp-json\/wp\/v2\/media?parent=1332"}],"wp:term":[{"taxonomy":"product_brand","embeddable":true,"href":"https:\/\/www.cpl.es\/ca\/wp-json\/wp\/v2\/product_brand?post=1332"},{"taxonomy":"product_cat","embeddable":true,"href":"https:\/\/www.cpl.es\/ca\/wp-json\/wp\/v2\/product_cat?post=1332"},{"taxonomy":"product_tag","embeddable":true,"href":"https:\/\/www.cpl.es\/ca\/wp-json\/wp\/v2\/product_tag?post=1332"}],"curies":[{"name":"wp","href":"https:\/\/api.w.org\/{rel}","templated":true}]}}