{"id":1329,"date":"2023-10-04T01:07:34","date_gmt":"2023-10-03T23:07:34","guid":{"rendered":"https:\/\/nuevaweb.cpl.es\/producto\/matutinal-hispanomozarabe-9788491651901\/"},"modified":"2023-12-05T13:35:47","modified_gmt":"2023-12-05T12:35:47","slug":"matutinal-hispanomozarabe-9788491651901","status":"publish","type":"product","link":"https:\/\/www.cpl.es\/ca\/producto\/matutinal-hispanomozarabe-9788491651901\/","title":{"rendered":"Matutinal hispano-moz\u00e1rabe"},"content":{"rendered":"<p>Junto con el Vesperal precedente, este Matutinal, que ahora ve la luz, es un subsidio que permite aproximarnos a unos textos lit\u00fargicos vertidos al castellano que alimentaron la fe y la piedad de muchas generaciones cristianas. Eran predecesores nuestros en la fe que sirvieron a Dios de acuerdo con las prescripciones de la Iglesia en la Hispania entre los albores del cristianismo en la pen\u00ednsula Ib\u00e9rica hasta el siglo xi, momento en el que tuvo lugar, por voluntad de la Sede Apost\u00f3lica, la sustituci\u00f3n de la secular liturgia propia por la liturgia romana. Pero a\u00fan despu\u00e9s de tal decisi\u00f3n, y hasta nuestros d\u00edas, no han faltado cristianos que han continuado utilizando, no sin dificultades e ingentes esfuerzos, estos textos, que son expresi\u00f3n de una intensa vida espiritual.<\/p>\n","protected":false},"excerpt":{"rendered":"<p>Gibert Tarruell, Jorge; Escribano L\u00f3pez, Juan Carlos<\/p>\n","protected":false},"featured_media":1330,"template":"","meta":{"_acf_changed":false,"inline_featured_image":false},"product_brand":[],"product_cat":[148,149,99,100,35,85,62,58,81,63,86],"product_tag":[],"class_list":{"0":"post-1329","1":"product","2":"type-product","3":"status-publish","4":"has-post-thumbnail","6":"product_cat-ano-liturgico-ano-liturgico-por-temas","7":"product_cat-any-liturgic-any-liturgic-per-temes","8":"product_cat-cpl-libri","9":"product_cat-cpl-libri-colleccions-catala","10":"product_cat-hispano-mozarabe","11":"product_cat-historia-de-la-liturgia-per-temes-catala","12":"product_cat-historia-de-la-liturgia","13":"product_cat-liturgia-de-las-horas","14":"product_cat-liturgia-de-les-hores","15":"product_cat-oracion","16":"product_cat-pregaria","18":"first","19":"instock","20":"taxable","21":"shipping-taxable","22":"purchasable","23":"product-type-simple"},"acf":{"autor":"Gibert Tarruell, Jorge; Escribano L\u00f3pez, Juan Carlos","codart":"117039","ediciones":"1","encuadernacion":"R\u00fastica","fecha_de_publicacion":"05\/02\/2019","novedad":false,"paginas":"512","subtitulo":"Textos escogidos para la oraci\u00f3n de la ma\u00f1ana de la Liturgia Hisp\u00e1nica","orden":"999","portada":false,"idioma":"spa","editorial":[{"ID":6736,"post_author":"2","post_date":"2023-10-06 08:35:24","post_date_gmt":"2023-10-06 06:35:24","post_content":"","post_title":"CPL","post_excerpt":"","post_status":"publish","comment_status":"closed","ping_status":"closed","post_password":"","post_name":"cpl","to_ping":"","pinged":"","post_modified":"2023-10-06 08:35:24","post_modified_gmt":"2023-10-06 06:35:24","post_content_filtered":"","post_parent":0,"guid":"https:\/\/nuevaweb.cpl.es\/editorial\/cpl\/","menu_order":0,"post_type":"editorial","post_mime_type":"","comment_count":"0","filter":"raw"}]},"yoast_head":"<!-- This site is optimized with the Yoast SEO plugin v27.3 - https:\/\/yoast.com\/product\/yoast-seo-wordpress\/ -->\n<title>Matutinal hispano-moz\u00e1rabe - CPL<\/title>\n<meta name=\"robots\" content=\"index, follow, max-snippet:-1, max-image-preview:large, max-video-preview:-1\" \/>\n<link rel=\"canonical\" href=\"https:\/\/www.cpl.es\/producto\/matutinal-hispanomozarabe-9788491651901\/\" \/>\n<meta property=\"og:locale\" content=\"ca_ES\" \/>\n<meta property=\"og:type\" content=\"article\" \/>\n<meta property=\"og:title\" content=\"Matutinal hispano-moz\u00e1rabe - CPL\" \/>\n<meta property=\"og:description\" content=\"Gibert Tarruell, Jorge; Escribano L\u00f3pez, Juan Carlos\" \/>\n<meta property=\"og:url\" content=\"https:\/\/www.cpl.es\/producto\/matutinal-hispanomozarabe-9788491651901\/\" \/>\n<meta property=\"og:site_name\" content=\"CPL\" \/>\n<meta property=\"article:modified_time\" content=\"2023-12-05T12:35:47+00:00\" \/>\n<meta property=\"og:image\" content=\"https:\/\/www.cpl.es\/wp-content\/uploads\/117039.jpg\" \/>\n\t<meta property=\"og:image:width\" content=\"281\" \/>\n\t<meta property=\"og:image:height\" content=\"408\" \/>\n\t<meta property=\"og:image:type\" content=\"image\/jpeg\" \/>\n<meta name=\"twitter:card\" content=\"summary_large_image\" \/>\n<meta name=\"twitter:label1\" content=\"Temps estimat de lectura\" \/>\n\t<meta name=\"twitter:data1\" content=\"1 minut\" \/>\n<script type=\"application\/ld+json\" class=\"yoast-schema-graph\">{\"@context\":\"https:\\\/\\\/schema.org\",\"@graph\":[{\"@type\":\"WebPage\",\"@id\":\"https:\\\/\\\/www.cpl.es\\\/producto\\\/matutinal-hispanomozarabe-9788491651901\\\/\",\"url\":\"https:\\\/\\\/www.cpl.es\\\/producto\\\/matutinal-hispanomozarabe-9788491651901\\\/\",\"name\":\"Matutinal hispano-moz\u00e1rabe - CPL\",\"isPartOf\":{\"@id\":\"https:\\\/\\\/www.cpl.es\\\/#website\"},\"primaryImageOfPage\":{\"@id\":\"https:\\\/\\\/www.cpl.es\\\/producto\\\/matutinal-hispanomozarabe-9788491651901\\\/#primaryimage\"},\"image\":{\"@id\":\"https:\\\/\\\/www.cpl.es\\\/producto\\\/matutinal-hispanomozarabe-9788491651901\\\/#primaryimage\"},\"thumbnailUrl\":\"https:\\\/\\\/www.cpl.es\\\/wp-content\\\/uploads\\\/117039.jpg\",\"datePublished\":\"2023-10-03T23:07:34+00:00\",\"dateModified\":\"2023-12-05T12:35:47+00:00\",\"breadcrumb\":{\"@id\":\"https:\\\/\\\/www.cpl.es\\\/producto\\\/matutinal-hispanomozarabe-9788491651901\\\/#breadcrumb\"},\"inLanguage\":\"ca\",\"potentialAction\":[{\"@type\":\"ReadAction\",\"target\":[\"https:\\\/\\\/www.cpl.es\\\/producto\\\/matutinal-hispanomozarabe-9788491651901\\\/\"]}]},{\"@type\":\"ImageObject\",\"inLanguage\":\"ca\",\"@id\":\"https:\\\/\\\/www.cpl.es\\\/producto\\\/matutinal-hispanomozarabe-9788491651901\\\/#primaryimage\",\"url\":\"https:\\\/\\\/www.cpl.es\\\/wp-content\\\/uploads\\\/117039.jpg\",\"contentUrl\":\"https:\\\/\\\/www.cpl.es\\\/wp-content\\\/uploads\\\/117039.jpg\",\"width\":281,\"height\":408,\"caption\":\"117039.jpg\"},{\"@type\":\"BreadcrumbList\",\"@id\":\"https:\\\/\\\/www.cpl.es\\\/producto\\\/matutinal-hispanomozarabe-9788491651901\\\/#breadcrumb\",\"itemListElement\":[{\"@type\":\"ListItem\",\"position\":1,\"name\":\"Portada\",\"item\":\"https:\\\/\\\/www.cpl.es\\\/ca\\\/\"},{\"@type\":\"ListItem\",\"position\":2,\"name\":\"Cat\u00e0leg\",\"item\":\"https:\\\/\\\/www.cpl.es\\\/ca\\\/cataleg\\\/\"},{\"@type\":\"ListItem\",\"position\":3,\"name\":\"Matutinal hispano-moz\u00e1rabe\"}]},{\"@type\":\"WebSite\",\"@id\":\"https:\\\/\\\/www.cpl.es\\\/#website\",\"url\":\"https:\\\/\\\/www.cpl.es\\\/\",\"name\":\"CPL\",\"description\":\"Centre de Pastoral Lit\u00fargica de Barcelona\",\"publisher\":{\"@id\":\"https:\\\/\\\/www.cpl.es\\\/#organization\"},\"alternateName\":\"Centre de Pastoral Lit\u00fargica\",\"potentialAction\":[{\"@type\":\"SearchAction\",\"target\":{\"@type\":\"EntryPoint\",\"urlTemplate\":\"https:\\\/\\\/www.cpl.es\\\/?s={search_term_string}\"},\"query-input\":{\"@type\":\"PropertyValueSpecification\",\"valueRequired\":true,\"valueName\":\"search_term_string\"}}],\"inLanguage\":\"ca\"},{\"@type\":\"Organization\",\"@id\":\"https:\\\/\\\/www.cpl.es\\\/#organization\",\"name\":\"Centre de Pastoral Lit\u00fargica\",\"alternateName\":\"Centre de Pastoral Lit\u00fargica de Barcelona\",\"url\":\"https:\\\/\\\/www.cpl.es\\\/\",\"logo\":{\"@type\":\"ImageObject\",\"inLanguage\":\"ca\",\"@id\":\"https:\\\/\\\/www.cpl.es\\\/#\\\/schema\\\/logo\\\/image\\\/\",\"url\":\"https:\\\/\\\/www.cpl.es\\\/wp-content\\\/uploads\\\/logo-cpl.svg\",\"contentUrl\":\"https:\\\/\\\/www.cpl.es\\\/wp-content\\\/uploads\\\/logo-cpl.svg\",\"caption\":\"Centre de Pastoral Lit\u00fargica\"},\"image\":{\"@id\":\"https:\\\/\\\/www.cpl.es\\\/#\\\/schema\\\/logo\\\/image\\\/\"}}]}<\/script>\n<!-- \/ Yoast SEO plugin. -->","yoast_head_json":{"title":"Matutinal hispano-moz\u00e1rabe - CPL","robots":{"index":"index","follow":"follow","max-snippet":"max-snippet:-1","max-image-preview":"max-image-preview:large","max-video-preview":"max-video-preview:-1"},"canonical":"https:\/\/www.cpl.es\/producto\/matutinal-hispanomozarabe-9788491651901\/","og_locale":"ca_ES","og_type":"article","og_title":"Matutinal hispano-moz\u00e1rabe - CPL","og_description":"Gibert Tarruell, Jorge; Escribano L\u00f3pez, Juan Carlos","og_url":"https:\/\/www.cpl.es\/producto\/matutinal-hispanomozarabe-9788491651901\/","og_site_name":"CPL","article_modified_time":"2023-12-05T12:35:47+00:00","og_image":[{"width":281,"height":408,"url":"https:\/\/www.cpl.es\/wp-content\/uploads\/117039.jpg","type":"image\/jpeg"}],"twitter_card":"summary_large_image","twitter_misc":{"Temps estimat de lectura":"1 minut"},"schema":{"@context":"https:\/\/schema.org","@graph":[{"@type":"WebPage","@id":"https:\/\/www.cpl.es\/producto\/matutinal-hispanomozarabe-9788491651901\/","url":"https:\/\/www.cpl.es\/producto\/matutinal-hispanomozarabe-9788491651901\/","name":"Matutinal hispano-moz\u00e1rabe - CPL","isPartOf":{"@id":"https:\/\/www.cpl.es\/#website"},"primaryImageOfPage":{"@id":"https:\/\/www.cpl.es\/producto\/matutinal-hispanomozarabe-9788491651901\/#primaryimage"},"image":{"@id":"https:\/\/www.cpl.es\/producto\/matutinal-hispanomozarabe-9788491651901\/#primaryimage"},"thumbnailUrl":"https:\/\/www.cpl.es\/wp-content\/uploads\/117039.jpg","datePublished":"2023-10-03T23:07:34+00:00","dateModified":"2023-12-05T12:35:47+00:00","breadcrumb":{"@id":"https:\/\/www.cpl.es\/producto\/matutinal-hispanomozarabe-9788491651901\/#breadcrumb"},"inLanguage":"ca","potentialAction":[{"@type":"ReadAction","target":["https:\/\/www.cpl.es\/producto\/matutinal-hispanomozarabe-9788491651901\/"]}]},{"@type":"ImageObject","inLanguage":"ca","@id":"https:\/\/www.cpl.es\/producto\/matutinal-hispanomozarabe-9788491651901\/#primaryimage","url":"https:\/\/www.cpl.es\/wp-content\/uploads\/117039.jpg","contentUrl":"https:\/\/www.cpl.es\/wp-content\/uploads\/117039.jpg","width":281,"height":408,"caption":"117039.jpg"},{"@type":"BreadcrumbList","@id":"https:\/\/www.cpl.es\/producto\/matutinal-hispanomozarabe-9788491651901\/#breadcrumb","itemListElement":[{"@type":"ListItem","position":1,"name":"Portada","item":"https:\/\/www.cpl.es\/ca\/"},{"@type":"ListItem","position":2,"name":"Cat\u00e0leg","item":"https:\/\/www.cpl.es\/ca\/cataleg\/"},{"@type":"ListItem","position":3,"name":"Matutinal hispano-moz\u00e1rabe"}]},{"@type":"WebSite","@id":"https:\/\/www.cpl.es\/#website","url":"https:\/\/www.cpl.es\/","name":"CPL","description":"Centre de Pastoral Lit\u00fargica de Barcelona","publisher":{"@id":"https:\/\/www.cpl.es\/#organization"},"alternateName":"Centre de Pastoral Lit\u00fargica","potentialAction":[{"@type":"SearchAction","target":{"@type":"EntryPoint","urlTemplate":"https:\/\/www.cpl.es\/?s={search_term_string}"},"query-input":{"@type":"PropertyValueSpecification","valueRequired":true,"valueName":"search_term_string"}}],"inLanguage":"ca"},{"@type":"Organization","@id":"https:\/\/www.cpl.es\/#organization","name":"Centre de Pastoral Lit\u00fargica","alternateName":"Centre de Pastoral Lit\u00fargica de Barcelona","url":"https:\/\/www.cpl.es\/","logo":{"@type":"ImageObject","inLanguage":"ca","@id":"https:\/\/www.cpl.es\/#\/schema\/logo\/image\/","url":"https:\/\/www.cpl.es\/wp-content\/uploads\/logo-cpl.svg","contentUrl":"https:\/\/www.cpl.es\/wp-content\/uploads\/logo-cpl.svg","caption":"Centre de Pastoral Lit\u00fargica"},"image":{"@id":"https:\/\/www.cpl.es\/#\/schema\/logo\/image\/"}}]}},"_links":{"self":[{"href":"https:\/\/www.cpl.es\/ca\/wp-json\/wp\/v2\/product\/1329","targetHints":{"allow":["GET"]}}],"collection":[{"href":"https:\/\/www.cpl.es\/ca\/wp-json\/wp\/v2\/product"}],"about":[{"href":"https:\/\/www.cpl.es\/ca\/wp-json\/wp\/v2\/types\/product"}],"wp:featuredmedia":[{"embeddable":true,"href":"https:\/\/www.cpl.es\/ca\/wp-json\/wp\/v2\/media\/1330"}],"wp:attachment":[{"href":"https:\/\/www.cpl.es\/ca\/wp-json\/wp\/v2\/media?parent=1329"}],"wp:term":[{"taxonomy":"product_brand","embeddable":true,"href":"https:\/\/www.cpl.es\/ca\/wp-json\/wp\/v2\/product_brand?post=1329"},{"taxonomy":"product_cat","embeddable":true,"href":"https:\/\/www.cpl.es\/ca\/wp-json\/wp\/v2\/product_cat?post=1329"},{"taxonomy":"product_tag","embeddable":true,"href":"https:\/\/www.cpl.es\/ca\/wp-json\/wp\/v2\/product_tag?post=1329"}],"curies":[{"name":"wp","href":"https:\/\/api.w.org\/{rel}","templated":true}]}}