{"id":1320,"date":"2023-10-04T01:07:17","date_gmt":"2023-10-03T23:07:17","guid":{"rendered":"https:\/\/nuevaweb.cpl.es\/producto\/el-sacerdocio-ministerial-9788491651918\/"},"modified":"2026-02-12T17:39:41","modified_gmt":"2026-02-12T16:39:41","slug":"el-sacerdocio-ministerial-9788491651918","status":"publish","type":"product","link":"https:\/\/www.cpl.es\/ca\/producto\/el-sacerdocio-ministerial-9788491651918\/","title":{"rendered":"El Sacerdocio ministerial"},"content":{"rendered":"<p>Los presb\u00edteros ejercen la funci\u00f3n de Cristo, Cabeza y Pastor, seg\u00fan la parte de autoridad que les corresponde. Re\u00fanen en nombre del obispo a la familia de Dios, como una fraternidad con una sola alma, y la conducen a Dios Padre por Cristo en el Esp\u00edritu. Para ejercer este ministerio, como para las dem\u00e1s funciones del presb\u00edtero, se les concede un poder espiritual, que ciertamente se da para edificaci\u00f3n. Para construir la Iglesia, los presb\u00edteros deben tener con todos un trato exquisitamente humano, a ejemplo del Se\u00f1or.<br \/>Como Padres de Cristo, han de preocuparse de los fieles que engendraron espiritualmente con el bautismo y la doctrina (cf. 1Cor 4,15; 1Pe 1,23). Convertidos libremente en modelos del reba\u00f1o (cf. 1Pe 5,3), deben presidir y estar al servicio de la comunidad local, de tal manera que esta merezca recibir aquel nombre que caracteriza al \u00fanico y entero Pueblo de Dios: Iglesia de Dios (cf. 1Cor 1,2; 2Cor 1,1 y passim). Recuerden que, con su conducta diaria y con su preocupaci\u00f3n, muestran a creyentes y no creyentes, a cat\u00f3licos y no cat\u00f3licos, la imagen del servicio verdaderamente sacerdotal y pastoral. <\/p>\n<p>Concilio Ecum\u00e9nico Vaticano II<br \/>S\u00ednodo episcopal de 1971<br \/>Pablo VI<br \/>Congregaci\u00f3n para la Doctrina de la Fe<br \/>Juan Pablo II<\/p>\n","protected":false},"excerpt":{"rendered":"<p>Documentos Vaticano<\/p>\n","protected":false},"featured_media":1321,"template":"","meta":{"_acf_changed":false,"inline_featured_image":false},"product_brand":[],"product_cat":[69,54,158,65,88,140,118,152,150],"product_tag":[],"class_list":{"0":"post-1320","1":"product","2":"type-product","3":"status-publish","4":"has-post-thumbnail","6":"product_cat-cuadernos-phase-colleccions-catala","7":"product_cat-cuadernos-phase","8":"product_cat-documentacion-documentacion-por-temas","9":"product_cat-espiritualidad","10":"product_cat-espiritualitat","11":"product_cat-ordenacio","12":"product_cat-ordenacion","13":"product_cat-sacramentos-sacramentos-por-temas","14":"product_cat-sagraments-sagraments-per-temes","16":"first","17":"instock","18":"taxable","19":"shipping-taxable","20":"purchasable","21":"product-type-simple"},"acf":{"autor":"Documentos Vaticano","codart":"110248","ediciones":"1","encuadernacion":"R\u00fastica","fecha_de_publicacion":"05\/02\/2019","novedad":false,"paginas":"124","subtitulo":"","orden":"999","portada":false,"idioma":"spa","editorial":[{"ID":6736,"post_author":"2","post_date":"2023-10-06 08:35:24","post_date_gmt":"2023-10-06 06:35:24","post_content":"","post_title":"CPL","post_excerpt":"","post_status":"publish","comment_status":"closed","ping_status":"closed","post_password":"","post_name":"cpl","to_ping":"","pinged":"","post_modified":"2023-10-06 08:35:24","post_modified_gmt":"2023-10-06 06:35:24","post_content_filtered":"","post_parent":0,"guid":"https:\/\/nuevaweb.cpl.es\/editorial\/cpl\/","menu_order":0,"post_type":"editorial","post_mime_type":"","comment_count":"0","filter":"raw"}],"coleccion_num":"248"},"yoast_head":"<!-- This site is optimized with the Yoast SEO plugin v27.3 - https:\/\/yoast.com\/product\/yoast-seo-wordpress\/ -->\n<title>El Sacerdocio ministerial - CPL<\/title>\n<meta name=\"robots\" content=\"index, follow, max-snippet:-1, max-image-preview:large, max-video-preview:-1\" \/>\n<link rel=\"canonical\" href=\"https:\/\/www.cpl.es\/producto\/el-sacerdocio-ministerial-9788491651918\/\" \/>\n<meta property=\"og:locale\" content=\"ca_ES\" \/>\n<meta property=\"og:type\" content=\"article\" \/>\n<meta property=\"og:title\" content=\"El Sacerdocio ministerial - CPL\" \/>\n<meta property=\"og:description\" content=\"Documentos Vaticano\" \/>\n<meta property=\"og:url\" content=\"https:\/\/www.cpl.es\/producto\/el-sacerdocio-ministerial-9788491651918\/\" \/>\n<meta property=\"og:site_name\" content=\"CPL\" \/>\n<meta property=\"article:modified_time\" content=\"2026-02-12T16:39:41+00:00\" \/>\n<meta property=\"og:image\" content=\"https:\/\/www.cpl.es\/wp-content\/uploads\/110248.jpg\" \/>\n\t<meta property=\"og:image:width\" content=\"281\" \/>\n\t<meta property=\"og:image:height\" content=\"422\" \/>\n\t<meta property=\"og:image:type\" content=\"image\/jpeg\" \/>\n<meta name=\"twitter:card\" content=\"summary_large_image\" \/>\n<meta name=\"twitter:label1\" content=\"Temps estimat de lectura\" \/>\n\t<meta name=\"twitter:data1\" content=\"1 minut\" \/>\n<script type=\"application\/ld+json\" class=\"yoast-schema-graph\">{\"@context\":\"https:\\\/\\\/schema.org\",\"@graph\":[{\"@type\":\"WebPage\",\"@id\":\"https:\\\/\\\/www.cpl.es\\\/producto\\\/el-sacerdocio-ministerial-9788491651918\\\/\",\"url\":\"https:\\\/\\\/www.cpl.es\\\/producto\\\/el-sacerdocio-ministerial-9788491651918\\\/\",\"name\":\"El Sacerdocio ministerial - CPL\",\"isPartOf\":{\"@id\":\"https:\\\/\\\/www.cpl.es\\\/#website\"},\"primaryImageOfPage\":{\"@id\":\"https:\\\/\\\/www.cpl.es\\\/producto\\\/el-sacerdocio-ministerial-9788491651918\\\/#primaryimage\"},\"image\":{\"@id\":\"https:\\\/\\\/www.cpl.es\\\/producto\\\/el-sacerdocio-ministerial-9788491651918\\\/#primaryimage\"},\"thumbnailUrl\":\"https:\\\/\\\/www.cpl.es\\\/wp-content\\\/uploads\\\/110248.jpg\",\"datePublished\":\"2023-10-03T23:07:17+00:00\",\"dateModified\":\"2026-02-12T16:39:41+00:00\",\"breadcrumb\":{\"@id\":\"https:\\\/\\\/www.cpl.es\\\/producto\\\/el-sacerdocio-ministerial-9788491651918\\\/#breadcrumb\"},\"inLanguage\":\"ca\",\"potentialAction\":[{\"@type\":\"ReadAction\",\"target\":[\"https:\\\/\\\/www.cpl.es\\\/producto\\\/el-sacerdocio-ministerial-9788491651918\\\/\"]}]},{\"@type\":\"ImageObject\",\"inLanguage\":\"ca\",\"@id\":\"https:\\\/\\\/www.cpl.es\\\/producto\\\/el-sacerdocio-ministerial-9788491651918\\\/#primaryimage\",\"url\":\"https:\\\/\\\/www.cpl.es\\\/wp-content\\\/uploads\\\/110248.jpg\",\"contentUrl\":\"https:\\\/\\\/www.cpl.es\\\/wp-content\\\/uploads\\\/110248.jpg\",\"width\":281,\"height\":422,\"caption\":\"110248.jpg\"},{\"@type\":\"BreadcrumbList\",\"@id\":\"https:\\\/\\\/www.cpl.es\\\/producto\\\/el-sacerdocio-ministerial-9788491651918\\\/#breadcrumb\",\"itemListElement\":[{\"@type\":\"ListItem\",\"position\":1,\"name\":\"Portada\",\"item\":\"https:\\\/\\\/www.cpl.es\\\/ca\\\/\"},{\"@type\":\"ListItem\",\"position\":2,\"name\":\"Cat\u00e0leg\",\"item\":\"https:\\\/\\\/www.cpl.es\\\/ca\\\/cataleg\\\/\"},{\"@type\":\"ListItem\",\"position\":3,\"name\":\"El Sacerdocio ministerial\"}]},{\"@type\":\"WebSite\",\"@id\":\"https:\\\/\\\/www.cpl.es\\\/#website\",\"url\":\"https:\\\/\\\/www.cpl.es\\\/\",\"name\":\"CPL\",\"description\":\"Centre de Pastoral Lit\u00fargica de Barcelona\",\"publisher\":{\"@id\":\"https:\\\/\\\/www.cpl.es\\\/#organization\"},\"alternateName\":\"Centre de Pastoral Lit\u00fargica\",\"potentialAction\":[{\"@type\":\"SearchAction\",\"target\":{\"@type\":\"EntryPoint\",\"urlTemplate\":\"https:\\\/\\\/www.cpl.es\\\/?s={search_term_string}\"},\"query-input\":{\"@type\":\"PropertyValueSpecification\",\"valueRequired\":true,\"valueName\":\"search_term_string\"}}],\"inLanguage\":\"ca\"},{\"@type\":\"Organization\",\"@id\":\"https:\\\/\\\/www.cpl.es\\\/#organization\",\"name\":\"Centre de Pastoral Lit\u00fargica\",\"alternateName\":\"Centre de Pastoral Lit\u00fargica de Barcelona\",\"url\":\"https:\\\/\\\/www.cpl.es\\\/\",\"logo\":{\"@type\":\"ImageObject\",\"inLanguage\":\"ca\",\"@id\":\"https:\\\/\\\/www.cpl.es\\\/#\\\/schema\\\/logo\\\/image\\\/\",\"url\":\"https:\\\/\\\/www.cpl.es\\\/wp-content\\\/uploads\\\/logo-cpl.svg\",\"contentUrl\":\"https:\\\/\\\/www.cpl.es\\\/wp-content\\\/uploads\\\/logo-cpl.svg\",\"caption\":\"Centre de Pastoral Lit\u00fargica\"},\"image\":{\"@id\":\"https:\\\/\\\/www.cpl.es\\\/#\\\/schema\\\/logo\\\/image\\\/\"}}]}<\/script>\n<!-- \/ Yoast SEO plugin. -->","yoast_head_json":{"title":"El Sacerdocio ministerial - CPL","robots":{"index":"index","follow":"follow","max-snippet":"max-snippet:-1","max-image-preview":"max-image-preview:large","max-video-preview":"max-video-preview:-1"},"canonical":"https:\/\/www.cpl.es\/producto\/el-sacerdocio-ministerial-9788491651918\/","og_locale":"ca_ES","og_type":"article","og_title":"El Sacerdocio ministerial - CPL","og_description":"Documentos Vaticano","og_url":"https:\/\/www.cpl.es\/producto\/el-sacerdocio-ministerial-9788491651918\/","og_site_name":"CPL","article_modified_time":"2026-02-12T16:39:41+00:00","og_image":[{"width":281,"height":422,"url":"https:\/\/www.cpl.es\/wp-content\/uploads\/110248.jpg","type":"image\/jpeg"}],"twitter_card":"summary_large_image","twitter_misc":{"Temps estimat de lectura":"1 minut"},"schema":{"@context":"https:\/\/schema.org","@graph":[{"@type":"WebPage","@id":"https:\/\/www.cpl.es\/producto\/el-sacerdocio-ministerial-9788491651918\/","url":"https:\/\/www.cpl.es\/producto\/el-sacerdocio-ministerial-9788491651918\/","name":"El Sacerdocio ministerial - CPL","isPartOf":{"@id":"https:\/\/www.cpl.es\/#website"},"primaryImageOfPage":{"@id":"https:\/\/www.cpl.es\/producto\/el-sacerdocio-ministerial-9788491651918\/#primaryimage"},"image":{"@id":"https:\/\/www.cpl.es\/producto\/el-sacerdocio-ministerial-9788491651918\/#primaryimage"},"thumbnailUrl":"https:\/\/www.cpl.es\/wp-content\/uploads\/110248.jpg","datePublished":"2023-10-03T23:07:17+00:00","dateModified":"2026-02-12T16:39:41+00:00","breadcrumb":{"@id":"https:\/\/www.cpl.es\/producto\/el-sacerdocio-ministerial-9788491651918\/#breadcrumb"},"inLanguage":"ca","potentialAction":[{"@type":"ReadAction","target":["https:\/\/www.cpl.es\/producto\/el-sacerdocio-ministerial-9788491651918\/"]}]},{"@type":"ImageObject","inLanguage":"ca","@id":"https:\/\/www.cpl.es\/producto\/el-sacerdocio-ministerial-9788491651918\/#primaryimage","url":"https:\/\/www.cpl.es\/wp-content\/uploads\/110248.jpg","contentUrl":"https:\/\/www.cpl.es\/wp-content\/uploads\/110248.jpg","width":281,"height":422,"caption":"110248.jpg"},{"@type":"BreadcrumbList","@id":"https:\/\/www.cpl.es\/producto\/el-sacerdocio-ministerial-9788491651918\/#breadcrumb","itemListElement":[{"@type":"ListItem","position":1,"name":"Portada","item":"https:\/\/www.cpl.es\/ca\/"},{"@type":"ListItem","position":2,"name":"Cat\u00e0leg","item":"https:\/\/www.cpl.es\/ca\/cataleg\/"},{"@type":"ListItem","position":3,"name":"El Sacerdocio ministerial"}]},{"@type":"WebSite","@id":"https:\/\/www.cpl.es\/#website","url":"https:\/\/www.cpl.es\/","name":"CPL","description":"Centre de Pastoral Lit\u00fargica de Barcelona","publisher":{"@id":"https:\/\/www.cpl.es\/#organization"},"alternateName":"Centre de Pastoral Lit\u00fargica","potentialAction":[{"@type":"SearchAction","target":{"@type":"EntryPoint","urlTemplate":"https:\/\/www.cpl.es\/?s={search_term_string}"},"query-input":{"@type":"PropertyValueSpecification","valueRequired":true,"valueName":"search_term_string"}}],"inLanguage":"ca"},{"@type":"Organization","@id":"https:\/\/www.cpl.es\/#organization","name":"Centre de Pastoral Lit\u00fargica","alternateName":"Centre de Pastoral Lit\u00fargica de Barcelona","url":"https:\/\/www.cpl.es\/","logo":{"@type":"ImageObject","inLanguage":"ca","@id":"https:\/\/www.cpl.es\/#\/schema\/logo\/image\/","url":"https:\/\/www.cpl.es\/wp-content\/uploads\/logo-cpl.svg","contentUrl":"https:\/\/www.cpl.es\/wp-content\/uploads\/logo-cpl.svg","caption":"Centre de Pastoral Lit\u00fargica"},"image":{"@id":"https:\/\/www.cpl.es\/#\/schema\/logo\/image\/"}}]}},"_links":{"self":[{"href":"https:\/\/www.cpl.es\/ca\/wp-json\/wp\/v2\/product\/1320","targetHints":{"allow":["GET"]}}],"collection":[{"href":"https:\/\/www.cpl.es\/ca\/wp-json\/wp\/v2\/product"}],"about":[{"href":"https:\/\/www.cpl.es\/ca\/wp-json\/wp\/v2\/types\/product"}],"wp:featuredmedia":[{"embeddable":true,"href":"https:\/\/www.cpl.es\/ca\/wp-json\/wp\/v2\/media\/1321"}],"wp:attachment":[{"href":"https:\/\/www.cpl.es\/ca\/wp-json\/wp\/v2\/media?parent=1320"}],"wp:term":[{"taxonomy":"product_brand","embeddable":true,"href":"https:\/\/www.cpl.es\/ca\/wp-json\/wp\/v2\/product_brand?post=1320"},{"taxonomy":"product_cat","embeddable":true,"href":"https:\/\/www.cpl.es\/ca\/wp-json\/wp\/v2\/product_cat?post=1320"},{"taxonomy":"product_tag","embeddable":true,"href":"https:\/\/www.cpl.es\/ca\/wp-json\/wp\/v2\/product_tag?post=1320"}],"curies":[{"name":"wp","href":"https:\/\/api.w.org\/{rel}","templated":true}]}}