{"id":1314,"date":"2023-10-04T01:07:07","date_gmt":"2023-10-03T23:07:07","guid":{"rendered":"https:\/\/nuevaweb.cpl.es\/producto\/alabanzas-al-senor-9788491651970\/"},"modified":"2026-02-12T17:47:42","modified_gmt":"2026-02-12T16:47:42","slug":"alabanzas-al-senor-9788491651970","status":"publish","type":"product","link":"https:\/\/www.cpl.es\/ca\/producto\/alabanzas-al-senor-9788491651970\/","title":{"rendered":"Alabanzas al Se\u00f1or"},"content":{"rendered":"<p>El libro de los Salmos es el \u00abcantoral\u00bb en el que Jes\u00fas fue educado en Nazaret, que le acompa\u00f1\u00f3 a lo largo de toda su vida y al que se referir\u00e1 en circunstancias muy diversas. En el libro de los Salmos se expresa, como en ning\u00fan otro lugar, la dimensi\u00f3n dialogal del ser humano con Dios. M\u00e1s all\u00e1 de la experiencia personal e individual, rezar con los salmos supone situarse en la solidaridad con toda la humanidad, en sus alegr\u00edas y esperanzas, en sus sufrimientos y gritos de auxilio. Rodolfo Puigdollers ha preparado esta edici\u00f3n, que comprende una excelente introducci\u00f3n a la forma literaria del libro de los Salmos, y que presenta el texto de los 150 salmos, abreviados y adaptados a un lenguaje de m\u00e1s f\u00e1cil comprensi\u00f3n espiritual para el creyente de la cultura actual, de modo que favorezcan la oraci\u00f3n de los  salmos en la vida diaria de personas y comunidades cristianas.<\/p>\n<p>Rodolfo Puigdollers (Barcelona 1948) es escolapio, doctor en teolog\u00eda y p\u00e1rroco de San Saturnino de la Roca del Vall\u00e9s y Santa Mar\u00eda del Jaire de la Torreta, en la di\u00f3cesis de Terrassa. Es autor de una amplia serie de publicaciones b\u00edblicas, catequ\u00e9ticas y pastorales, muchas de las cuales han sido editadas por el Centre de Pastoral Lit\u00fargica.<\/p>\n","protected":false},"excerpt":{"rendered":"<p>Puigdollers Noblom, Rodolf<\/p>\n","protected":false},"featured_media":1315,"template":"","meta":{"_acf_changed":false,"inline_featured_image":false},"product_brand":[],"product_cat":[82,59,73,49,65,88,63,86],"product_tag":[],"class_list":{"0":"post-1314","1":"product","2":"type-product","3":"status-publish","4":"has-post-thumbnail","6":"product_cat-biblia-per-temes-catala","7":"product_cat-biblia","8":"product_cat-emaus-colleccions-catala","9":"product_cat-emaus","10":"product_cat-espiritualidad","11":"product_cat-espiritualitat","12":"product_cat-oracion","13":"product_cat-pregaria","15":"first","16":"instock","17":"taxable","18":"shipping-taxable","19":"purchasable","20":"product-type-simple"},"acf":{"autor":"Puigdollers Noblom, Rodolf","codart":"108156","ediciones":"1","encuadernacion":"R\u00fastica","fecha_de_publicacion":"06\/02\/2019","novedad":false,"paginas":"240","subtitulo":"Salmos para la vida","orden":"999","portada":false,"idioma":"spa","editorial":[{"ID":6736,"post_author":"2","post_date":"2023-10-06 08:35:24","post_date_gmt":"2023-10-06 06:35:24","post_content":"","post_title":"CPL","post_excerpt":"","post_status":"publish","comment_status":"closed","ping_status":"closed","post_password":"","post_name":"cpl","to_ping":"","pinged":"","post_modified":"2023-10-06 08:35:24","post_modified_gmt":"2023-10-06 06:35:24","post_content_filtered":"","post_parent":0,"guid":"https:\/\/nuevaweb.cpl.es\/editorial\/cpl\/","menu_order":0,"post_type":"editorial","post_mime_type":"","comment_count":"0","filter":"raw"}],"coleccion_num":"156"},"yoast_head":"<!-- This site is optimized with the Yoast SEO plugin v27.3 - https:\/\/yoast.com\/product\/yoast-seo-wordpress\/ -->\n<title>Alabanzas al Se\u00f1or - CPL<\/title>\n<meta name=\"robots\" content=\"index, follow, max-snippet:-1, max-image-preview:large, max-video-preview:-1\" \/>\n<link rel=\"canonical\" href=\"https:\/\/www.cpl.es\/producto\/alabanzas-al-senor-9788491651970\/\" \/>\n<meta property=\"og:locale\" content=\"ca_ES\" \/>\n<meta property=\"og:type\" content=\"article\" \/>\n<meta property=\"og:title\" content=\"Alabanzas al Se\u00f1or - CPL\" \/>\n<meta property=\"og:description\" content=\"Puigdollers Noblom, Rodolf\" \/>\n<meta property=\"og:url\" content=\"https:\/\/www.cpl.es\/producto\/alabanzas-al-senor-9788491651970\/\" \/>\n<meta property=\"og:site_name\" content=\"CPL\" \/>\n<meta property=\"article:modified_time\" content=\"2026-02-12T16:47:42+00:00\" \/>\n<meta property=\"og:image\" content=\"https:\/\/www.cpl.es\/wp-content\/uploads\/108156.jpg\" \/>\n\t<meta property=\"og:image:width\" content=\"280\" \/>\n\t<meta property=\"og:image:height\" content=\"443\" \/>\n\t<meta property=\"og:image:type\" content=\"image\/jpeg\" \/>\n<meta name=\"twitter:card\" content=\"summary_large_image\" \/>\n<meta name=\"twitter:label1\" content=\"Temps estimat de lectura\" \/>\n\t<meta name=\"twitter:data1\" content=\"1 minut\" \/>\n<script type=\"application\/ld+json\" class=\"yoast-schema-graph\">{\"@context\":\"https:\\\/\\\/schema.org\",\"@graph\":[{\"@type\":\"WebPage\",\"@id\":\"https:\\\/\\\/www.cpl.es\\\/producto\\\/alabanzas-al-senor-9788491651970\\\/\",\"url\":\"https:\\\/\\\/www.cpl.es\\\/producto\\\/alabanzas-al-senor-9788491651970\\\/\",\"name\":\"Alabanzas al Se\u00f1or - CPL\",\"isPartOf\":{\"@id\":\"https:\\\/\\\/www.cpl.es\\\/#website\"},\"primaryImageOfPage\":{\"@id\":\"https:\\\/\\\/www.cpl.es\\\/producto\\\/alabanzas-al-senor-9788491651970\\\/#primaryimage\"},\"image\":{\"@id\":\"https:\\\/\\\/www.cpl.es\\\/producto\\\/alabanzas-al-senor-9788491651970\\\/#primaryimage\"},\"thumbnailUrl\":\"https:\\\/\\\/www.cpl.es\\\/wp-content\\\/uploads\\\/108156.jpg\",\"datePublished\":\"2023-10-03T23:07:07+00:00\",\"dateModified\":\"2026-02-12T16:47:42+00:00\",\"breadcrumb\":{\"@id\":\"https:\\\/\\\/www.cpl.es\\\/producto\\\/alabanzas-al-senor-9788491651970\\\/#breadcrumb\"},\"inLanguage\":\"ca\",\"potentialAction\":[{\"@type\":\"ReadAction\",\"target\":[\"https:\\\/\\\/www.cpl.es\\\/producto\\\/alabanzas-al-senor-9788491651970\\\/\"]}]},{\"@type\":\"ImageObject\",\"inLanguage\":\"ca\",\"@id\":\"https:\\\/\\\/www.cpl.es\\\/producto\\\/alabanzas-al-senor-9788491651970\\\/#primaryimage\",\"url\":\"https:\\\/\\\/www.cpl.es\\\/wp-content\\\/uploads\\\/108156.jpg\",\"contentUrl\":\"https:\\\/\\\/www.cpl.es\\\/wp-content\\\/uploads\\\/108156.jpg\",\"width\":280,\"height\":443,\"caption\":\"108156.jpg\"},{\"@type\":\"BreadcrumbList\",\"@id\":\"https:\\\/\\\/www.cpl.es\\\/producto\\\/alabanzas-al-senor-9788491651970\\\/#breadcrumb\",\"itemListElement\":[{\"@type\":\"ListItem\",\"position\":1,\"name\":\"Portada\",\"item\":\"https:\\\/\\\/www.cpl.es\\\/ca\\\/\"},{\"@type\":\"ListItem\",\"position\":2,\"name\":\"Cat\u00e0leg\",\"item\":\"https:\\\/\\\/www.cpl.es\\\/ca\\\/cataleg\\\/\"},{\"@type\":\"ListItem\",\"position\":3,\"name\":\"Alabanzas al Se\u00f1or\"}]},{\"@type\":\"WebSite\",\"@id\":\"https:\\\/\\\/www.cpl.es\\\/#website\",\"url\":\"https:\\\/\\\/www.cpl.es\\\/\",\"name\":\"CPL\",\"description\":\"Centre de Pastoral Lit\u00fargica de Barcelona\",\"publisher\":{\"@id\":\"https:\\\/\\\/www.cpl.es\\\/#organization\"},\"alternateName\":\"Centre de Pastoral Lit\u00fargica\",\"potentialAction\":[{\"@type\":\"SearchAction\",\"target\":{\"@type\":\"EntryPoint\",\"urlTemplate\":\"https:\\\/\\\/www.cpl.es\\\/?s={search_term_string}\"},\"query-input\":{\"@type\":\"PropertyValueSpecification\",\"valueRequired\":true,\"valueName\":\"search_term_string\"}}],\"inLanguage\":\"ca\"},{\"@type\":\"Organization\",\"@id\":\"https:\\\/\\\/www.cpl.es\\\/#organization\",\"name\":\"Centre de Pastoral Lit\u00fargica\",\"alternateName\":\"Centre de Pastoral Lit\u00fargica de Barcelona\",\"url\":\"https:\\\/\\\/www.cpl.es\\\/\",\"logo\":{\"@type\":\"ImageObject\",\"inLanguage\":\"ca\",\"@id\":\"https:\\\/\\\/www.cpl.es\\\/#\\\/schema\\\/logo\\\/image\\\/\",\"url\":\"https:\\\/\\\/www.cpl.es\\\/wp-content\\\/uploads\\\/logo-cpl.svg\",\"contentUrl\":\"https:\\\/\\\/www.cpl.es\\\/wp-content\\\/uploads\\\/logo-cpl.svg\",\"caption\":\"Centre de Pastoral Lit\u00fargica\"},\"image\":{\"@id\":\"https:\\\/\\\/www.cpl.es\\\/#\\\/schema\\\/logo\\\/image\\\/\"}}]}<\/script>\n<!-- \/ Yoast SEO plugin. -->","yoast_head_json":{"title":"Alabanzas al Se\u00f1or - CPL","robots":{"index":"index","follow":"follow","max-snippet":"max-snippet:-1","max-image-preview":"max-image-preview:large","max-video-preview":"max-video-preview:-1"},"canonical":"https:\/\/www.cpl.es\/producto\/alabanzas-al-senor-9788491651970\/","og_locale":"ca_ES","og_type":"article","og_title":"Alabanzas al Se\u00f1or - CPL","og_description":"Puigdollers Noblom, Rodolf","og_url":"https:\/\/www.cpl.es\/producto\/alabanzas-al-senor-9788491651970\/","og_site_name":"CPL","article_modified_time":"2026-02-12T16:47:42+00:00","og_image":[{"width":280,"height":443,"url":"https:\/\/www.cpl.es\/wp-content\/uploads\/108156.jpg","type":"image\/jpeg"}],"twitter_card":"summary_large_image","twitter_misc":{"Temps estimat de lectura":"1 minut"},"schema":{"@context":"https:\/\/schema.org","@graph":[{"@type":"WebPage","@id":"https:\/\/www.cpl.es\/producto\/alabanzas-al-senor-9788491651970\/","url":"https:\/\/www.cpl.es\/producto\/alabanzas-al-senor-9788491651970\/","name":"Alabanzas al Se\u00f1or - CPL","isPartOf":{"@id":"https:\/\/www.cpl.es\/#website"},"primaryImageOfPage":{"@id":"https:\/\/www.cpl.es\/producto\/alabanzas-al-senor-9788491651970\/#primaryimage"},"image":{"@id":"https:\/\/www.cpl.es\/producto\/alabanzas-al-senor-9788491651970\/#primaryimage"},"thumbnailUrl":"https:\/\/www.cpl.es\/wp-content\/uploads\/108156.jpg","datePublished":"2023-10-03T23:07:07+00:00","dateModified":"2026-02-12T16:47:42+00:00","breadcrumb":{"@id":"https:\/\/www.cpl.es\/producto\/alabanzas-al-senor-9788491651970\/#breadcrumb"},"inLanguage":"ca","potentialAction":[{"@type":"ReadAction","target":["https:\/\/www.cpl.es\/producto\/alabanzas-al-senor-9788491651970\/"]}]},{"@type":"ImageObject","inLanguage":"ca","@id":"https:\/\/www.cpl.es\/producto\/alabanzas-al-senor-9788491651970\/#primaryimage","url":"https:\/\/www.cpl.es\/wp-content\/uploads\/108156.jpg","contentUrl":"https:\/\/www.cpl.es\/wp-content\/uploads\/108156.jpg","width":280,"height":443,"caption":"108156.jpg"},{"@type":"BreadcrumbList","@id":"https:\/\/www.cpl.es\/producto\/alabanzas-al-senor-9788491651970\/#breadcrumb","itemListElement":[{"@type":"ListItem","position":1,"name":"Portada","item":"https:\/\/www.cpl.es\/ca\/"},{"@type":"ListItem","position":2,"name":"Cat\u00e0leg","item":"https:\/\/www.cpl.es\/ca\/cataleg\/"},{"@type":"ListItem","position":3,"name":"Alabanzas al Se\u00f1or"}]},{"@type":"WebSite","@id":"https:\/\/www.cpl.es\/#website","url":"https:\/\/www.cpl.es\/","name":"CPL","description":"Centre de Pastoral Lit\u00fargica de Barcelona","publisher":{"@id":"https:\/\/www.cpl.es\/#organization"},"alternateName":"Centre de Pastoral Lit\u00fargica","potentialAction":[{"@type":"SearchAction","target":{"@type":"EntryPoint","urlTemplate":"https:\/\/www.cpl.es\/?s={search_term_string}"},"query-input":{"@type":"PropertyValueSpecification","valueRequired":true,"valueName":"search_term_string"}}],"inLanguage":"ca"},{"@type":"Organization","@id":"https:\/\/www.cpl.es\/#organization","name":"Centre de Pastoral Lit\u00fargica","alternateName":"Centre de Pastoral Lit\u00fargica de Barcelona","url":"https:\/\/www.cpl.es\/","logo":{"@type":"ImageObject","inLanguage":"ca","@id":"https:\/\/www.cpl.es\/#\/schema\/logo\/image\/","url":"https:\/\/www.cpl.es\/wp-content\/uploads\/logo-cpl.svg","contentUrl":"https:\/\/www.cpl.es\/wp-content\/uploads\/logo-cpl.svg","caption":"Centre de Pastoral Lit\u00fargica"},"image":{"@id":"https:\/\/www.cpl.es\/#\/schema\/logo\/image\/"}}]}},"_links":{"self":[{"href":"https:\/\/www.cpl.es\/ca\/wp-json\/wp\/v2\/product\/1314","targetHints":{"allow":["GET"]}}],"collection":[{"href":"https:\/\/www.cpl.es\/ca\/wp-json\/wp\/v2\/product"}],"about":[{"href":"https:\/\/www.cpl.es\/ca\/wp-json\/wp\/v2\/types\/product"}],"wp:featuredmedia":[{"embeddable":true,"href":"https:\/\/www.cpl.es\/ca\/wp-json\/wp\/v2\/media\/1315"}],"wp:attachment":[{"href":"https:\/\/www.cpl.es\/ca\/wp-json\/wp\/v2\/media?parent=1314"}],"wp:term":[{"taxonomy":"product_brand","embeddable":true,"href":"https:\/\/www.cpl.es\/ca\/wp-json\/wp\/v2\/product_brand?post=1314"},{"taxonomy":"product_cat","embeddable":true,"href":"https:\/\/www.cpl.es\/ca\/wp-json\/wp\/v2\/product_cat?post=1314"},{"taxonomy":"product_tag","embeddable":true,"href":"https:\/\/www.cpl.es\/ca\/wp-json\/wp\/v2\/product_tag?post=1314"}],"curies":[{"name":"wp","href":"https:\/\/api.w.org\/{rel}","templated":true}]}}