{"id":1293,"date":"2023-10-04T01:06:26","date_gmt":"2023-10-03T23:06:26","guid":{"rendered":"https:\/\/nuevaweb.cpl.es\/producto\/nadie-durmiendo-en-la-calle-9788491652151\/"},"modified":"2026-02-12T17:47:49","modified_gmt":"2026-02-12T16:47:49","slug":"nadie-durmiendo-en-la-calle-9788491652151","status":"publish","type":"product","link":"https:\/\/www.cpl.es\/ca\/producto\/nadie-durmiendo-en-la-calle-9788491652151\/","title":{"rendered":"#Nadie durmiendo en la calle"},"content":{"rendered":"<p>Nadie deber\u00eda verse obligado a vivir en la calle. Las personas que viven en la calle constituyen un colectivo especial, con unas caracter\u00edsticas muy definidas dentro de nuestro imaginario, un imaginario que se ha construido paulatinamente. Para comprender su realidad, es bueno repasar c\u00f3mo las hemos definido a lo largo del tiempo, para darnos cuenta de c\u00f3mo las palabras con las que las hemos definido no son neutras. El pr\u00f3logo de Salvador Busquets aborda este repaso. Carme Navarro form\u00f3 parte durante m\u00e1s de once a\u00f1os de una asociaci\u00f3n para ayudar a las personas que viven en la calle, la asociaci\u00f3n Caliu, en Granollers. En este libro escribe sobre la triste y cruda realidad de las personas que ha conocido viviendo en estas condiciones, junto con textos b\u00edblicos y reflexiones personales.<\/p>\n<p>Carme Navarro i Morgades (Granollers 1947). Trabaj\u00f3 en un centro de salud a la atenci\u00f3n de personas enfermas. Despu\u00e9s de la muerte de su marido de muy joven, encontr\u00f3 su camino en la comunidad cristiana. Desde hace m\u00e1s de<br \/>cuarenta a\u00f1os est\u00e1 comprometida con la vida de la comunidad y parroquial. \u00abEn el a\u00f1o 2006 debido a que conoc\u00ed por casualidad una persona que viv\u00eda en la calle cerca de mi casa, y pocos d\u00edas despu\u00e9s, a otra dentro de un coche, me motiv\u00f3 a conocer la vida tan dura que llevan estas personas. Medit\u00e9 y junto a otras personas iniciamos una asociaci\u00f3n en Granollers para intentar ayudarlas, en especial sobre la vivienda. Le pusimos el nombre de asociaci\u00f3n Caliu\u00bb.<\/p>\n","protected":false},"excerpt":{"rendered":"<p>Navarro i Morgades, Carme<\/p>\n","protected":false},"featured_media":1294,"template":"","meta":{"_acf_changed":false,"inline_featured_image":false},"product_brand":[],"product_cat":[49,73,98,95],"product_tag":[],"class_list":{"0":"post-1293","1":"product","2":"type-product","3":"status-publish","4":"has-post-thumbnail","6":"product_cat-emaus","7":"product_cat-emaus-colleccions-catala","8":"product_cat-etica","9":"product_cat-humanidad","11":"first","12":"instock","13":"taxable","14":"shipping-taxable","15":"purchasable","16":"product-type-simple"},"acf":{"autor":"Navarro i Morgades, Carme","codart":"108158","ediciones":"1","encuadernacion":"R\u00fastica","fecha_de_publicacion":"08\/05\/2019","novedad":false,"paginas":"120","subtitulo":"Acompa\u00f1ando a las personas sin hogar","orden":"999","portada":false,"idioma":"spa","editorial":[{"ID":6736,"post_author":"2","post_date":"2023-10-06 08:35:24","post_date_gmt":"2023-10-06 06:35:24","post_content":"","post_title":"CPL","post_excerpt":"","post_status":"publish","comment_status":"closed","ping_status":"closed","post_password":"","post_name":"cpl","to_ping":"","pinged":"","post_modified":"2023-10-06 08:35:24","post_modified_gmt":"2023-10-06 06:35:24","post_content_filtered":"","post_parent":0,"guid":"https:\/\/nuevaweb.cpl.es\/editorial\/cpl\/","menu_order":0,"post_type":"editorial","post_mime_type":"","comment_count":"0","filter":"raw"}],"autores-libros":"","traductores-libros":"","ilustradores-libros":"","coleccion":"","coleccion_num":"158","formato":"","ficha":"","muestra":"","presentacion":"","booktrailer":"","Venta_ebook_1_url":"","Venta_ebook_1_tienda":"","Venta_ebook_1_precio":"","Venta_ebook_2_url":"","Venta_ebook_2_tienda":"","Venta_ebook_2_precio":"","Venta_ebook_3_url":"","Venta_ebook_3_tienda":"","Venta_ebook_3_precio":"","Venta_ebook_4_url":"","Venta_ebook_4_tienda":"","Venta_ebook_4_precio":"","Venta_ebook_5_url":"","Venta_ebook_5_tienda":"","Venta_ebook_5_precio":"","Venta_ebook_6_url":"","Venta_ebook_6_tienda":"","Venta_ebook_6_precio":"","recomendamos":"","mas_vendido":""},"yoast_head":"<!-- This site is optimized with the Yoast SEO plugin v27.3 - https:\/\/yoast.com\/product\/yoast-seo-wordpress\/ -->\n<title>#Nadie durmiendo en la calle - CPL<\/title>\n<meta name=\"robots\" content=\"index, follow, max-snippet:-1, max-image-preview:large, max-video-preview:-1\" \/>\n<link rel=\"canonical\" href=\"https:\/\/www.cpl.es\/producto\/nadie-durmiendo-en-la-calle-9788491652151\/\" \/>\n<meta property=\"og:locale\" content=\"ca_ES\" \/>\n<meta property=\"og:type\" content=\"article\" \/>\n<meta property=\"og:title\" content=\"#Nadie durmiendo en la calle - CPL\" \/>\n<meta property=\"og:description\" content=\"Navarro i Morgades, Carme\" \/>\n<meta property=\"og:url\" content=\"https:\/\/www.cpl.es\/producto\/nadie-durmiendo-en-la-calle-9788491652151\/\" \/>\n<meta property=\"og:site_name\" content=\"CPL\" \/>\n<meta property=\"article:modified_time\" content=\"2026-02-12T16:47:49+00:00\" \/>\n<meta property=\"og:image\" content=\"https:\/\/www.cpl.es\/wp-content\/uploads\/108158.jpg\" \/>\n\t<meta property=\"og:image:width\" content=\"280\" \/>\n\t<meta property=\"og:image:height\" content=\"443\" \/>\n\t<meta property=\"og:image:type\" content=\"image\/jpeg\" \/>\n<meta name=\"twitter:card\" content=\"summary_large_image\" \/>\n<meta name=\"twitter:label1\" content=\"Temps estimat de lectura\" \/>\n\t<meta name=\"twitter:data1\" content=\"1 minut\" \/>\n<script type=\"application\/ld+json\" class=\"yoast-schema-graph\">{\"@context\":\"https:\\\/\\\/schema.org\",\"@graph\":[{\"@type\":\"WebPage\",\"@id\":\"https:\\\/\\\/www.cpl.es\\\/producto\\\/nadie-durmiendo-en-la-calle-9788491652151\\\/\",\"url\":\"https:\\\/\\\/www.cpl.es\\\/producto\\\/nadie-durmiendo-en-la-calle-9788491652151\\\/\",\"name\":\"#Nadie durmiendo en la calle - CPL\",\"isPartOf\":{\"@id\":\"https:\\\/\\\/www.cpl.es\\\/#website\"},\"primaryImageOfPage\":{\"@id\":\"https:\\\/\\\/www.cpl.es\\\/producto\\\/nadie-durmiendo-en-la-calle-9788491652151\\\/#primaryimage\"},\"image\":{\"@id\":\"https:\\\/\\\/www.cpl.es\\\/producto\\\/nadie-durmiendo-en-la-calle-9788491652151\\\/#primaryimage\"},\"thumbnailUrl\":\"https:\\\/\\\/www.cpl.es\\\/wp-content\\\/uploads\\\/108158.jpg\",\"datePublished\":\"2023-10-03T23:06:26+00:00\",\"dateModified\":\"2026-02-12T16:47:49+00:00\",\"breadcrumb\":{\"@id\":\"https:\\\/\\\/www.cpl.es\\\/producto\\\/nadie-durmiendo-en-la-calle-9788491652151\\\/#breadcrumb\"},\"inLanguage\":\"ca\",\"potentialAction\":[{\"@type\":\"ReadAction\",\"target\":[\"https:\\\/\\\/www.cpl.es\\\/producto\\\/nadie-durmiendo-en-la-calle-9788491652151\\\/\"]}]},{\"@type\":\"ImageObject\",\"inLanguage\":\"ca\",\"@id\":\"https:\\\/\\\/www.cpl.es\\\/producto\\\/nadie-durmiendo-en-la-calle-9788491652151\\\/#primaryimage\",\"url\":\"https:\\\/\\\/www.cpl.es\\\/wp-content\\\/uploads\\\/108158.jpg\",\"contentUrl\":\"https:\\\/\\\/www.cpl.es\\\/wp-content\\\/uploads\\\/108158.jpg\",\"width\":280,\"height\":443,\"caption\":\"108158.jpg\"},{\"@type\":\"BreadcrumbList\",\"@id\":\"https:\\\/\\\/www.cpl.es\\\/producto\\\/nadie-durmiendo-en-la-calle-9788491652151\\\/#breadcrumb\",\"itemListElement\":[{\"@type\":\"ListItem\",\"position\":1,\"name\":\"Portada\",\"item\":\"https:\\\/\\\/www.cpl.es\\\/ca\\\/\"},{\"@type\":\"ListItem\",\"position\":2,\"name\":\"Cat\u00e0leg\",\"item\":\"https:\\\/\\\/www.cpl.es\\\/ca\\\/cataleg\\\/\"},{\"@type\":\"ListItem\",\"position\":3,\"name\":\"#Nadie durmiendo en la calle\"}]},{\"@type\":\"WebSite\",\"@id\":\"https:\\\/\\\/www.cpl.es\\\/#website\",\"url\":\"https:\\\/\\\/www.cpl.es\\\/\",\"name\":\"CPL\",\"description\":\"Centre de Pastoral Lit\u00fargica de Barcelona\",\"publisher\":{\"@id\":\"https:\\\/\\\/www.cpl.es\\\/#organization\"},\"alternateName\":\"Centre de Pastoral Lit\u00fargica\",\"potentialAction\":[{\"@type\":\"SearchAction\",\"target\":{\"@type\":\"EntryPoint\",\"urlTemplate\":\"https:\\\/\\\/www.cpl.es\\\/?s={search_term_string}\"},\"query-input\":{\"@type\":\"PropertyValueSpecification\",\"valueRequired\":true,\"valueName\":\"search_term_string\"}}],\"inLanguage\":\"ca\"},{\"@type\":\"Organization\",\"@id\":\"https:\\\/\\\/www.cpl.es\\\/#organization\",\"name\":\"Centre de Pastoral Lit\u00fargica\",\"alternateName\":\"Centre de Pastoral Lit\u00fargica de Barcelona\",\"url\":\"https:\\\/\\\/www.cpl.es\\\/\",\"logo\":{\"@type\":\"ImageObject\",\"inLanguage\":\"ca\",\"@id\":\"https:\\\/\\\/www.cpl.es\\\/#\\\/schema\\\/logo\\\/image\\\/\",\"url\":\"https:\\\/\\\/www.cpl.es\\\/wp-content\\\/uploads\\\/logo-cpl.svg\",\"contentUrl\":\"https:\\\/\\\/www.cpl.es\\\/wp-content\\\/uploads\\\/logo-cpl.svg\",\"caption\":\"Centre de Pastoral Lit\u00fargica\"},\"image\":{\"@id\":\"https:\\\/\\\/www.cpl.es\\\/#\\\/schema\\\/logo\\\/image\\\/\"}}]}<\/script>\n<!-- \/ Yoast SEO plugin. -->","yoast_head_json":{"title":"#Nadie durmiendo en la calle - CPL","robots":{"index":"index","follow":"follow","max-snippet":"max-snippet:-1","max-image-preview":"max-image-preview:large","max-video-preview":"max-video-preview:-1"},"canonical":"https:\/\/www.cpl.es\/producto\/nadie-durmiendo-en-la-calle-9788491652151\/","og_locale":"ca_ES","og_type":"article","og_title":"#Nadie durmiendo en la calle - CPL","og_description":"Navarro i Morgades, Carme","og_url":"https:\/\/www.cpl.es\/producto\/nadie-durmiendo-en-la-calle-9788491652151\/","og_site_name":"CPL","article_modified_time":"2026-02-12T16:47:49+00:00","og_image":[{"width":280,"height":443,"url":"https:\/\/www.cpl.es\/wp-content\/uploads\/108158.jpg","type":"image\/jpeg"}],"twitter_card":"summary_large_image","twitter_misc":{"Temps estimat de lectura":"1 minut"},"schema":{"@context":"https:\/\/schema.org","@graph":[{"@type":"WebPage","@id":"https:\/\/www.cpl.es\/producto\/nadie-durmiendo-en-la-calle-9788491652151\/","url":"https:\/\/www.cpl.es\/producto\/nadie-durmiendo-en-la-calle-9788491652151\/","name":"#Nadie durmiendo en la calle - CPL","isPartOf":{"@id":"https:\/\/www.cpl.es\/#website"},"primaryImageOfPage":{"@id":"https:\/\/www.cpl.es\/producto\/nadie-durmiendo-en-la-calle-9788491652151\/#primaryimage"},"image":{"@id":"https:\/\/www.cpl.es\/producto\/nadie-durmiendo-en-la-calle-9788491652151\/#primaryimage"},"thumbnailUrl":"https:\/\/www.cpl.es\/wp-content\/uploads\/108158.jpg","datePublished":"2023-10-03T23:06:26+00:00","dateModified":"2026-02-12T16:47:49+00:00","breadcrumb":{"@id":"https:\/\/www.cpl.es\/producto\/nadie-durmiendo-en-la-calle-9788491652151\/#breadcrumb"},"inLanguage":"ca","potentialAction":[{"@type":"ReadAction","target":["https:\/\/www.cpl.es\/producto\/nadie-durmiendo-en-la-calle-9788491652151\/"]}]},{"@type":"ImageObject","inLanguage":"ca","@id":"https:\/\/www.cpl.es\/producto\/nadie-durmiendo-en-la-calle-9788491652151\/#primaryimage","url":"https:\/\/www.cpl.es\/wp-content\/uploads\/108158.jpg","contentUrl":"https:\/\/www.cpl.es\/wp-content\/uploads\/108158.jpg","width":280,"height":443,"caption":"108158.jpg"},{"@type":"BreadcrumbList","@id":"https:\/\/www.cpl.es\/producto\/nadie-durmiendo-en-la-calle-9788491652151\/#breadcrumb","itemListElement":[{"@type":"ListItem","position":1,"name":"Portada","item":"https:\/\/www.cpl.es\/ca\/"},{"@type":"ListItem","position":2,"name":"Cat\u00e0leg","item":"https:\/\/www.cpl.es\/ca\/cataleg\/"},{"@type":"ListItem","position":3,"name":"#Nadie durmiendo en la calle"}]},{"@type":"WebSite","@id":"https:\/\/www.cpl.es\/#website","url":"https:\/\/www.cpl.es\/","name":"CPL","description":"Centre de Pastoral Lit\u00fargica de Barcelona","publisher":{"@id":"https:\/\/www.cpl.es\/#organization"},"alternateName":"Centre de Pastoral Lit\u00fargica","potentialAction":[{"@type":"SearchAction","target":{"@type":"EntryPoint","urlTemplate":"https:\/\/www.cpl.es\/?s={search_term_string}"},"query-input":{"@type":"PropertyValueSpecification","valueRequired":true,"valueName":"search_term_string"}}],"inLanguage":"ca"},{"@type":"Organization","@id":"https:\/\/www.cpl.es\/#organization","name":"Centre de Pastoral Lit\u00fargica","alternateName":"Centre de Pastoral Lit\u00fargica de Barcelona","url":"https:\/\/www.cpl.es\/","logo":{"@type":"ImageObject","inLanguage":"ca","@id":"https:\/\/www.cpl.es\/#\/schema\/logo\/image\/","url":"https:\/\/www.cpl.es\/wp-content\/uploads\/logo-cpl.svg","contentUrl":"https:\/\/www.cpl.es\/wp-content\/uploads\/logo-cpl.svg","caption":"Centre de Pastoral Lit\u00fargica"},"image":{"@id":"https:\/\/www.cpl.es\/#\/schema\/logo\/image\/"}}]}},"_links":{"self":[{"href":"https:\/\/www.cpl.es\/ca\/wp-json\/wp\/v2\/product\/1293","targetHints":{"allow":["GET"]}}],"collection":[{"href":"https:\/\/www.cpl.es\/ca\/wp-json\/wp\/v2\/product"}],"about":[{"href":"https:\/\/www.cpl.es\/ca\/wp-json\/wp\/v2\/types\/product"}],"wp:featuredmedia":[{"embeddable":true,"href":"https:\/\/www.cpl.es\/ca\/wp-json\/wp\/v2\/media\/1294"}],"wp:attachment":[{"href":"https:\/\/www.cpl.es\/ca\/wp-json\/wp\/v2\/media?parent=1293"}],"wp:term":[{"taxonomy":"product_brand","embeddable":true,"href":"https:\/\/www.cpl.es\/ca\/wp-json\/wp\/v2\/product_brand?post=1293"},{"taxonomy":"product_cat","embeddable":true,"href":"https:\/\/www.cpl.es\/ca\/wp-json\/wp\/v2\/product_cat?post=1293"},{"taxonomy":"product_tag","embeddable":true,"href":"https:\/\/www.cpl.es\/ca\/wp-json\/wp\/v2\/product_tag?post=1293"}],"curies":[{"name":"wp","href":"https:\/\/api.w.org\/{rel}","templated":true}]}}