{"id":1284,"date":"2023-10-04T01:06:09","date_gmt":"2023-10-03T23:06:09","guid":{"rendered":"https:\/\/nuevaweb.cpl.es\/producto\/el-ano-liturgico-fuente-de-espiritualidad-9788491652236\/"},"modified":"2026-02-12T17:39:44","modified_gmt":"2026-02-12T16:39:44","slug":"el-ano-liturgico-fuente-de-espiritualidad-9788491652236","status":"publish","type":"product","link":"https:\/\/www.cpl.es\/ca\/producto\/el-ano-liturgico-fuente-de-espiritualidad-9788491652236\/","title":{"rendered":"El a\u00f1o lit\u00fargico, fuente de espiritualidad"},"content":{"rendered":"<p>Este libro casi podr\u00eda titularse Compendio del a\u00f1o lit\u00fargico. Trata, pr\u00e1cticamente, todos los aspectos de los tiempos que configuran el a\u00f1o lit\u00fargico, o, al menos, de los principales. No faltan las notas hist\u00f3ricas de cada uno de ellos, para pasar a un comentario de las l\u00edneas b\u00e1sicas que los configuran. As\u00ed podemos hallar tanto comentarios teol\u00f3gicos como espirituales o pastorales, presentando cada una de estas facetas. Estos comentarios, adem\u00e1s, quedan a menudo justificados con textos de la misma liturgia.<\/p>\n<p>Alfonso Berlanga Gaona (1977) es sacerdote incardinado en la Prelatura del Opus Dei. Doctor en teolog\u00eda lit\u00fargica por el Istituto di Liturgia (Universit\u00e0 della Santa Croce, Roma 2009). Es profesor adjunto de Liturgia y Sacramentos en la Facultad de Teolog\u00eda de la Universidad de Navarra. Es miembro de la Asociaci\u00f3n Espa\u00f1ola de Profesores de Liturgia.<br \/>Adolfo Ivorra Robla (1979) es sacerdote de la di\u00f3cesis de Le\u00f3n. Doctor en teolog\u00eda lit\u00fargica por la Universidad San D\u00e1maso de Madrid, es profesor en el Centro de Estudios Teol\u00f3gicos de Le\u00f3n y Director del Archivo Hist\u00f3rico Diocesano de su di\u00f3cesis. Es miembro del Consejo de Redacci\u00f3n de la revista Liturgia y Espiritualidad y de la Asociaci\u00f3n Espa\u00f1ola de Profesores de Liturgia<\/p>\n","protected":false},"excerpt":{"rendered":"<p>Berlanga, Alfonso; Ivorra, Adolfo<\/p>\n","protected":false},"featured_media":1285,"template":"","meta":{"_acf_changed":false,"inline_featured_image":false},"product_brand":[],"product_cat":[148,149,69,54,65,88],"product_tag":[],"class_list":{"0":"post-1284","1":"product","2":"type-product","3":"status-publish","4":"has-post-thumbnail","6":"product_cat-ano-liturgico-ano-liturgico-por-temas","7":"product_cat-any-liturgic-any-liturgic-per-temes","8":"product_cat-cuadernos-phase-colleccions-catala","9":"product_cat-cuadernos-phase","10":"product_cat-espiritualidad","11":"product_cat-espiritualitat","13":"first","14":"instock","15":"taxable","16":"shipping-taxable","17":"purchasable","18":"product-type-simple"},"acf":{"autor":"Berlanga, Alfonso; Ivorra, Adolfo","codart":"110249","ediciones":"1","encuadernacion":"R\u00fastica","fecha_de_publicacion":"08\/05\/2019","novedad":false,"paginas":"108","subtitulo":"En la liturgia romana, las orientales, la hispano-moz\u00e1rabe","orden":"999","portada":false,"idioma":"spa","editorial":[{"ID":6736,"post_author":"2","post_date":"2023-10-06 08:35:24","post_date_gmt":"2023-10-06 06:35:24","post_content":"","post_title":"CPL","post_excerpt":"","post_status":"publish","comment_status":"closed","ping_status":"closed","post_password":"","post_name":"cpl","to_ping":"","pinged":"","post_modified":"2023-10-06 08:35:24","post_modified_gmt":"2023-10-06 06:35:24","post_content_filtered":"","post_parent":0,"guid":"https:\/\/nuevaweb.cpl.es\/editorial\/cpl\/","menu_order":0,"post_type":"editorial","post_mime_type":"","comment_count":"0","filter":"raw"}],"coleccion_num":"249"},"yoast_head":"<!-- This site is optimized with the Yoast SEO plugin v27.3 - https:\/\/yoast.com\/product\/yoast-seo-wordpress\/ -->\n<title>El a\u00f1o lit\u00fargico, fuente de espiritualidad - CPL<\/title>\n<meta name=\"robots\" content=\"index, follow, max-snippet:-1, max-image-preview:large, max-video-preview:-1\" \/>\n<link rel=\"canonical\" href=\"https:\/\/www.cpl.es\/producto\/el-ano-liturgico-fuente-de-espiritualidad-9788491652236\/\" \/>\n<meta property=\"og:locale\" content=\"ca_ES\" \/>\n<meta property=\"og:type\" content=\"article\" \/>\n<meta property=\"og:title\" content=\"El a\u00f1o lit\u00fargico, fuente de espiritualidad - CPL\" \/>\n<meta property=\"og:description\" content=\"Berlanga, Alfonso; Ivorra, Adolfo\" \/>\n<meta property=\"og:url\" content=\"https:\/\/www.cpl.es\/producto\/el-ano-liturgico-fuente-de-espiritualidad-9788491652236\/\" \/>\n<meta property=\"og:site_name\" content=\"CPL\" \/>\n<meta property=\"article:modified_time\" content=\"2026-02-12T16:39:44+00:00\" \/>\n<meta property=\"og:image\" content=\"https:\/\/www.cpl.es\/wp-content\/uploads\/110249.jpg\" \/>\n\t<meta property=\"og:image:width\" content=\"281\" \/>\n\t<meta property=\"og:image:height\" content=\"422\" \/>\n\t<meta property=\"og:image:type\" content=\"image\/jpeg\" \/>\n<meta name=\"twitter:card\" content=\"summary_large_image\" \/>\n<meta name=\"twitter:label1\" content=\"Temps estimat de lectura\" \/>\n\t<meta name=\"twitter:data1\" content=\"1 minut\" \/>\n<script type=\"application\/ld+json\" class=\"yoast-schema-graph\">{\"@context\":\"https:\\\/\\\/schema.org\",\"@graph\":[{\"@type\":\"WebPage\",\"@id\":\"https:\\\/\\\/www.cpl.es\\\/producto\\\/el-ano-liturgico-fuente-de-espiritualidad-9788491652236\\\/\",\"url\":\"https:\\\/\\\/www.cpl.es\\\/producto\\\/el-ano-liturgico-fuente-de-espiritualidad-9788491652236\\\/\",\"name\":\"El a\u00f1o lit\u00fargico, fuente de espiritualidad - CPL\",\"isPartOf\":{\"@id\":\"https:\\\/\\\/www.cpl.es\\\/#website\"},\"primaryImageOfPage\":{\"@id\":\"https:\\\/\\\/www.cpl.es\\\/producto\\\/el-ano-liturgico-fuente-de-espiritualidad-9788491652236\\\/#primaryimage\"},\"image\":{\"@id\":\"https:\\\/\\\/www.cpl.es\\\/producto\\\/el-ano-liturgico-fuente-de-espiritualidad-9788491652236\\\/#primaryimage\"},\"thumbnailUrl\":\"https:\\\/\\\/www.cpl.es\\\/wp-content\\\/uploads\\\/110249.jpg\",\"datePublished\":\"2023-10-03T23:06:09+00:00\",\"dateModified\":\"2026-02-12T16:39:44+00:00\",\"breadcrumb\":{\"@id\":\"https:\\\/\\\/www.cpl.es\\\/producto\\\/el-ano-liturgico-fuente-de-espiritualidad-9788491652236\\\/#breadcrumb\"},\"inLanguage\":\"ca\",\"potentialAction\":[{\"@type\":\"ReadAction\",\"target\":[\"https:\\\/\\\/www.cpl.es\\\/producto\\\/el-ano-liturgico-fuente-de-espiritualidad-9788491652236\\\/\"]}]},{\"@type\":\"ImageObject\",\"inLanguage\":\"ca\",\"@id\":\"https:\\\/\\\/www.cpl.es\\\/producto\\\/el-ano-liturgico-fuente-de-espiritualidad-9788491652236\\\/#primaryimage\",\"url\":\"https:\\\/\\\/www.cpl.es\\\/wp-content\\\/uploads\\\/110249.jpg\",\"contentUrl\":\"https:\\\/\\\/www.cpl.es\\\/wp-content\\\/uploads\\\/110249.jpg\",\"width\":281,\"height\":422,\"caption\":\"110249.jpg\"},{\"@type\":\"BreadcrumbList\",\"@id\":\"https:\\\/\\\/www.cpl.es\\\/producto\\\/el-ano-liturgico-fuente-de-espiritualidad-9788491652236\\\/#breadcrumb\",\"itemListElement\":[{\"@type\":\"ListItem\",\"position\":1,\"name\":\"Portada\",\"item\":\"https:\\\/\\\/www.cpl.es\\\/ca\\\/\"},{\"@type\":\"ListItem\",\"position\":2,\"name\":\"Cat\u00e0leg\",\"item\":\"https:\\\/\\\/www.cpl.es\\\/ca\\\/cataleg\\\/\"},{\"@type\":\"ListItem\",\"position\":3,\"name\":\"El a\u00f1o lit\u00fargico, fuente de espiritualidad\"}]},{\"@type\":\"WebSite\",\"@id\":\"https:\\\/\\\/www.cpl.es\\\/#website\",\"url\":\"https:\\\/\\\/www.cpl.es\\\/\",\"name\":\"CPL\",\"description\":\"Centre de Pastoral Lit\u00fargica de Barcelona\",\"publisher\":{\"@id\":\"https:\\\/\\\/www.cpl.es\\\/#organization\"},\"alternateName\":\"Centre de Pastoral Lit\u00fargica\",\"potentialAction\":[{\"@type\":\"SearchAction\",\"target\":{\"@type\":\"EntryPoint\",\"urlTemplate\":\"https:\\\/\\\/www.cpl.es\\\/?s={search_term_string}\"},\"query-input\":{\"@type\":\"PropertyValueSpecification\",\"valueRequired\":true,\"valueName\":\"search_term_string\"}}],\"inLanguage\":\"ca\"},{\"@type\":\"Organization\",\"@id\":\"https:\\\/\\\/www.cpl.es\\\/#organization\",\"name\":\"Centre de Pastoral Lit\u00fargica\",\"alternateName\":\"Centre de Pastoral Lit\u00fargica de Barcelona\",\"url\":\"https:\\\/\\\/www.cpl.es\\\/\",\"logo\":{\"@type\":\"ImageObject\",\"inLanguage\":\"ca\",\"@id\":\"https:\\\/\\\/www.cpl.es\\\/#\\\/schema\\\/logo\\\/image\\\/\",\"url\":\"https:\\\/\\\/www.cpl.es\\\/wp-content\\\/uploads\\\/logo-cpl.svg\",\"contentUrl\":\"https:\\\/\\\/www.cpl.es\\\/wp-content\\\/uploads\\\/logo-cpl.svg\",\"caption\":\"Centre de Pastoral Lit\u00fargica\"},\"image\":{\"@id\":\"https:\\\/\\\/www.cpl.es\\\/#\\\/schema\\\/logo\\\/image\\\/\"}}]}<\/script>\n<!-- \/ Yoast SEO plugin. -->","yoast_head_json":{"title":"El a\u00f1o lit\u00fargico, fuente de espiritualidad - CPL","robots":{"index":"index","follow":"follow","max-snippet":"max-snippet:-1","max-image-preview":"max-image-preview:large","max-video-preview":"max-video-preview:-1"},"canonical":"https:\/\/www.cpl.es\/producto\/el-ano-liturgico-fuente-de-espiritualidad-9788491652236\/","og_locale":"ca_ES","og_type":"article","og_title":"El a\u00f1o lit\u00fargico, fuente de espiritualidad - CPL","og_description":"Berlanga, Alfonso; Ivorra, Adolfo","og_url":"https:\/\/www.cpl.es\/producto\/el-ano-liturgico-fuente-de-espiritualidad-9788491652236\/","og_site_name":"CPL","article_modified_time":"2026-02-12T16:39:44+00:00","og_image":[{"width":281,"height":422,"url":"https:\/\/www.cpl.es\/wp-content\/uploads\/110249.jpg","type":"image\/jpeg"}],"twitter_card":"summary_large_image","twitter_misc":{"Temps estimat de lectura":"1 minut"},"schema":{"@context":"https:\/\/schema.org","@graph":[{"@type":"WebPage","@id":"https:\/\/www.cpl.es\/producto\/el-ano-liturgico-fuente-de-espiritualidad-9788491652236\/","url":"https:\/\/www.cpl.es\/producto\/el-ano-liturgico-fuente-de-espiritualidad-9788491652236\/","name":"El a\u00f1o lit\u00fargico, fuente de espiritualidad - CPL","isPartOf":{"@id":"https:\/\/www.cpl.es\/#website"},"primaryImageOfPage":{"@id":"https:\/\/www.cpl.es\/producto\/el-ano-liturgico-fuente-de-espiritualidad-9788491652236\/#primaryimage"},"image":{"@id":"https:\/\/www.cpl.es\/producto\/el-ano-liturgico-fuente-de-espiritualidad-9788491652236\/#primaryimage"},"thumbnailUrl":"https:\/\/www.cpl.es\/wp-content\/uploads\/110249.jpg","datePublished":"2023-10-03T23:06:09+00:00","dateModified":"2026-02-12T16:39:44+00:00","breadcrumb":{"@id":"https:\/\/www.cpl.es\/producto\/el-ano-liturgico-fuente-de-espiritualidad-9788491652236\/#breadcrumb"},"inLanguage":"ca","potentialAction":[{"@type":"ReadAction","target":["https:\/\/www.cpl.es\/producto\/el-ano-liturgico-fuente-de-espiritualidad-9788491652236\/"]}]},{"@type":"ImageObject","inLanguage":"ca","@id":"https:\/\/www.cpl.es\/producto\/el-ano-liturgico-fuente-de-espiritualidad-9788491652236\/#primaryimage","url":"https:\/\/www.cpl.es\/wp-content\/uploads\/110249.jpg","contentUrl":"https:\/\/www.cpl.es\/wp-content\/uploads\/110249.jpg","width":281,"height":422,"caption":"110249.jpg"},{"@type":"BreadcrumbList","@id":"https:\/\/www.cpl.es\/producto\/el-ano-liturgico-fuente-de-espiritualidad-9788491652236\/#breadcrumb","itemListElement":[{"@type":"ListItem","position":1,"name":"Portada","item":"https:\/\/www.cpl.es\/ca\/"},{"@type":"ListItem","position":2,"name":"Cat\u00e0leg","item":"https:\/\/www.cpl.es\/ca\/cataleg\/"},{"@type":"ListItem","position":3,"name":"El a\u00f1o lit\u00fargico, fuente de espiritualidad"}]},{"@type":"WebSite","@id":"https:\/\/www.cpl.es\/#website","url":"https:\/\/www.cpl.es\/","name":"CPL","description":"Centre de Pastoral Lit\u00fargica de Barcelona","publisher":{"@id":"https:\/\/www.cpl.es\/#organization"},"alternateName":"Centre de Pastoral Lit\u00fargica","potentialAction":[{"@type":"SearchAction","target":{"@type":"EntryPoint","urlTemplate":"https:\/\/www.cpl.es\/?s={search_term_string}"},"query-input":{"@type":"PropertyValueSpecification","valueRequired":true,"valueName":"search_term_string"}}],"inLanguage":"ca"},{"@type":"Organization","@id":"https:\/\/www.cpl.es\/#organization","name":"Centre de Pastoral Lit\u00fargica","alternateName":"Centre de Pastoral Lit\u00fargica de Barcelona","url":"https:\/\/www.cpl.es\/","logo":{"@type":"ImageObject","inLanguage":"ca","@id":"https:\/\/www.cpl.es\/#\/schema\/logo\/image\/","url":"https:\/\/www.cpl.es\/wp-content\/uploads\/logo-cpl.svg","contentUrl":"https:\/\/www.cpl.es\/wp-content\/uploads\/logo-cpl.svg","caption":"Centre de Pastoral Lit\u00fargica"},"image":{"@id":"https:\/\/www.cpl.es\/#\/schema\/logo\/image\/"}}]}},"_links":{"self":[{"href":"https:\/\/www.cpl.es\/ca\/wp-json\/wp\/v2\/product\/1284","targetHints":{"allow":["GET"]}}],"collection":[{"href":"https:\/\/www.cpl.es\/ca\/wp-json\/wp\/v2\/product"}],"about":[{"href":"https:\/\/www.cpl.es\/ca\/wp-json\/wp\/v2\/types\/product"}],"wp:featuredmedia":[{"embeddable":true,"href":"https:\/\/www.cpl.es\/ca\/wp-json\/wp\/v2\/media\/1285"}],"wp:attachment":[{"href":"https:\/\/www.cpl.es\/ca\/wp-json\/wp\/v2\/media?parent=1284"}],"wp:term":[{"taxonomy":"product_brand","embeddable":true,"href":"https:\/\/www.cpl.es\/ca\/wp-json\/wp\/v2\/product_brand?post=1284"},{"taxonomy":"product_cat","embeddable":true,"href":"https:\/\/www.cpl.es\/ca\/wp-json\/wp\/v2\/product_cat?post=1284"},{"taxonomy":"product_tag","embeddable":true,"href":"https:\/\/www.cpl.es\/ca\/wp-json\/wp\/v2\/product_tag?post=1284"}],"curies":[{"name":"wp","href":"https:\/\/api.w.org\/{rel}","templated":true}]}}