{"id":1251,"date":"2023-10-04T01:05:06","date_gmt":"2023-10-03T23:05:06","guid":{"rendered":"https:\/\/nuevaweb.cpl.es\/producto\/san-julian-de-toledo-obispo-de-la-iglesia-visigoda-9788491652489\/"},"modified":"2026-02-12T17:25:13","modified_gmt":"2026-02-12T16:25:13","slug":"san-julian-de-toledo-obispo-de-la-iglesia-visigoda-9788491652489","status":"publish","type":"product","link":"https:\/\/www.cpl.es\/ca\/producto\/san-julian-de-toledo-obispo-de-la-iglesia-visigoda-9788491652489\/","title":{"rendered":"San Juli\u00e1n de Toledo. Obispo de la Iglesia visigoda"},"content":{"rendered":"<p>San Juli\u00e1n naci\u00f3 en Toledo en la primera mitad del siglo VII. Ordenado sacerdote, alcanz\u00f3 buena fama como hombre  fiel y entregado a su misi\u00f3n, de modo que en el a\u00f1o 680 fue elegido obispo de su di\u00f3cesis. Como obispo trabaj\u00f3 con mucha dedicaci\u00f3n al servicio de la Iglesia y de sus diocesanos, y dej\u00f3 un buen n\u00famero de obras de explicaci\u00f3n de la fe cristiana. Muri\u00f3 en el a\u00f1o 690.<\/p>\n","protected":false},"excerpt":{"rendered":"<p>Sierra L\u00f3pez, Pablo<\/p>\n","protected":false},"featured_media":1252,"template":"","meta":{"_acf_changed":false,"inline_featured_image":false},"product_brand":[],"product_cat":[133,112,53,70,154],"product_tag":[],"class_list":{"0":"post-1251","1":"product","2":"type-product","3":"status-publish","4":"has-post-thumbnail","6":"product_cat-santoral-any-liturgic-per-temes","7":"product_cat-santoral","8":"product_cat-santos-y-santas","9":"product_cat-sants-i-santes","10":"product_cat-vida-de-santos","12":"first","13":"instock","14":"taxable","15":"shipping-taxable","16":"purchasable","17":"product-type-simple"},"acf":{"autor":"Sierra L\u00f3pez, Pablo","codart":"112271","ediciones":"1","encuadernacion":"Grapa","fecha_de_publicacion":"27\/02\/2020","novedad":false,"paginas":"28","subtitulo":"","orden":"999","portada":false,"idioma":"spa","editorial":[{"ID":6736,"post_author":"2","post_date":"2023-10-06 08:35:24","post_date_gmt":"2023-10-06 06:35:24","post_content":"","post_title":"CPL","post_excerpt":"","post_status":"publish","comment_status":"closed","ping_status":"closed","post_password":"","post_name":"cpl","to_ping":"","pinged":"","post_modified":"2023-10-06 08:35:24","post_modified_gmt":"2023-10-06 06:35:24","post_content_filtered":"","post_parent":0,"guid":"https:\/\/nuevaweb.cpl.es\/editorial\/cpl\/","menu_order":0,"post_type":"editorial","post_mime_type":"","comment_count":"0","filter":"raw"}],"coleccion_num":"271"},"yoast_head":"<!-- This site is optimized with the Yoast SEO plugin v27.5 - https:\/\/yoast.com\/product\/yoast-seo-wordpress\/ -->\n<title>San Juli\u00e1n de Toledo. Obispo de la Iglesia visigoda - CPL<\/title>\n<meta name=\"robots\" content=\"index, follow, max-snippet:-1, max-image-preview:large, max-video-preview:-1\" \/>\n<link rel=\"canonical\" href=\"https:\/\/www.cpl.es\/producto\/san-julian-de-toledo-obispo-de-la-iglesia-visigoda-9788491652489\/\" \/>\n<meta property=\"og:locale\" content=\"ca_ES\" \/>\n<meta property=\"og:type\" content=\"article\" \/>\n<meta property=\"og:title\" content=\"San Juli\u00e1n de Toledo. Obispo de la Iglesia visigoda - CPL\" \/>\n<meta property=\"og:description\" content=\"Sierra L\u00f3pez, Pablo\" \/>\n<meta property=\"og:url\" content=\"https:\/\/www.cpl.es\/producto\/san-julian-de-toledo-obispo-de-la-iglesia-visigoda-9788491652489\/\" \/>\n<meta property=\"og:site_name\" content=\"CPL\" \/>\n<meta property=\"article:modified_time\" content=\"2026-02-12T16:25:13+00:00\" \/>\n<meta property=\"og:image\" content=\"https:\/\/www.cpl.es\/wp-content\/uploads\/112271.jpg\" \/>\n\t<meta property=\"og:image:width\" content=\"280\" \/>\n\t<meta property=\"og:image:height\" content=\"411\" \/>\n\t<meta property=\"og:image:type\" content=\"image\/jpeg\" \/>\n<meta name=\"twitter:card\" content=\"summary_large_image\" \/>\n<script type=\"application\/ld+json\" class=\"yoast-schema-graph\">{\"@context\":\"https:\\\/\\\/schema.org\",\"@graph\":[{\"@type\":\"WebPage\",\"@id\":\"https:\\\/\\\/www.cpl.es\\\/producto\\\/san-julian-de-toledo-obispo-de-la-iglesia-visigoda-9788491652489\\\/\",\"url\":\"https:\\\/\\\/www.cpl.es\\\/producto\\\/san-julian-de-toledo-obispo-de-la-iglesia-visigoda-9788491652489\\\/\",\"name\":\"San Juli\u00e1n de Toledo. Obispo de la Iglesia visigoda - CPL\",\"isPartOf\":{\"@id\":\"https:\\\/\\\/www.cpl.es\\\/#website\"},\"primaryImageOfPage\":{\"@id\":\"https:\\\/\\\/www.cpl.es\\\/producto\\\/san-julian-de-toledo-obispo-de-la-iglesia-visigoda-9788491652489\\\/#primaryimage\"},\"image\":{\"@id\":\"https:\\\/\\\/www.cpl.es\\\/producto\\\/san-julian-de-toledo-obispo-de-la-iglesia-visigoda-9788491652489\\\/#primaryimage\"},\"thumbnailUrl\":\"https:\\\/\\\/www.cpl.es\\\/wp-content\\\/uploads\\\/112271.jpg\",\"datePublished\":\"2023-10-03T23:05:06+00:00\",\"dateModified\":\"2026-02-12T16:25:13+00:00\",\"breadcrumb\":{\"@id\":\"https:\\\/\\\/www.cpl.es\\\/producto\\\/san-julian-de-toledo-obispo-de-la-iglesia-visigoda-9788491652489\\\/#breadcrumb\"},\"inLanguage\":\"ca\",\"potentialAction\":[{\"@type\":\"ReadAction\",\"target\":[\"https:\\\/\\\/www.cpl.es\\\/producto\\\/san-julian-de-toledo-obispo-de-la-iglesia-visigoda-9788491652489\\\/\"]}]},{\"@type\":\"ImageObject\",\"inLanguage\":\"ca\",\"@id\":\"https:\\\/\\\/www.cpl.es\\\/producto\\\/san-julian-de-toledo-obispo-de-la-iglesia-visigoda-9788491652489\\\/#primaryimage\",\"url\":\"https:\\\/\\\/www.cpl.es\\\/wp-content\\\/uploads\\\/112271.jpg\",\"contentUrl\":\"https:\\\/\\\/www.cpl.es\\\/wp-content\\\/uploads\\\/112271.jpg\",\"width\":280,\"height\":411,\"caption\":\"112271.jpg\"},{\"@type\":\"BreadcrumbList\",\"@id\":\"https:\\\/\\\/www.cpl.es\\\/producto\\\/san-julian-de-toledo-obispo-de-la-iglesia-visigoda-9788491652489\\\/#breadcrumb\",\"itemListElement\":[{\"@type\":\"ListItem\",\"position\":1,\"name\":\"Portada\",\"item\":\"https:\\\/\\\/www.cpl.es\\\/ca\\\/\"},{\"@type\":\"ListItem\",\"position\":2,\"name\":\"Cat\u00e0leg\",\"item\":\"https:\\\/\\\/www.cpl.es\\\/ca\\\/cataleg\\\/\"},{\"@type\":\"ListItem\",\"position\":3,\"name\":\"San Juli\u00e1n de Toledo. Obispo de la Iglesia visigoda\"}]},{\"@type\":\"WebSite\",\"@id\":\"https:\\\/\\\/www.cpl.es\\\/#website\",\"url\":\"https:\\\/\\\/www.cpl.es\\\/\",\"name\":\"CPL\",\"description\":\"Centre de Pastoral Lit\u00fargica de Barcelona\",\"publisher\":{\"@id\":\"https:\\\/\\\/www.cpl.es\\\/#organization\"},\"alternateName\":\"Centre de Pastoral Lit\u00fargica\",\"potentialAction\":[{\"@type\":\"SearchAction\",\"target\":{\"@type\":\"EntryPoint\",\"urlTemplate\":\"https:\\\/\\\/www.cpl.es\\\/?s={search_term_string}\"},\"query-input\":{\"@type\":\"PropertyValueSpecification\",\"valueRequired\":true,\"valueName\":\"search_term_string\"}}],\"inLanguage\":\"ca\"},{\"@type\":\"Organization\",\"@id\":\"https:\\\/\\\/www.cpl.es\\\/#organization\",\"name\":\"Centre de Pastoral Lit\u00fargica\",\"alternateName\":\"Centre de Pastoral Lit\u00fargica de Barcelona\",\"url\":\"https:\\\/\\\/www.cpl.es\\\/\",\"logo\":{\"@type\":\"ImageObject\",\"inLanguage\":\"ca\",\"@id\":\"https:\\\/\\\/www.cpl.es\\\/#\\\/schema\\\/logo\\\/image\\\/\",\"url\":\"https:\\\/\\\/www.cpl.es\\\/wp-content\\\/uploads\\\/logo-cpl.svg\",\"contentUrl\":\"https:\\\/\\\/www.cpl.es\\\/wp-content\\\/uploads\\\/logo-cpl.svg\",\"caption\":\"Centre de Pastoral Lit\u00fargica\"},\"image\":{\"@id\":\"https:\\\/\\\/www.cpl.es\\\/#\\\/schema\\\/logo\\\/image\\\/\"}}]}<\/script>\n<!-- \/ Yoast SEO plugin. -->","yoast_head_json":{"title":"San Juli\u00e1n de Toledo. Obispo de la Iglesia visigoda - CPL","robots":{"index":"index","follow":"follow","max-snippet":"max-snippet:-1","max-image-preview":"max-image-preview:large","max-video-preview":"max-video-preview:-1"},"canonical":"https:\/\/www.cpl.es\/producto\/san-julian-de-toledo-obispo-de-la-iglesia-visigoda-9788491652489\/","og_locale":"ca_ES","og_type":"article","og_title":"San Juli\u00e1n de Toledo. Obispo de la Iglesia visigoda - CPL","og_description":"Sierra L\u00f3pez, Pablo","og_url":"https:\/\/www.cpl.es\/producto\/san-julian-de-toledo-obispo-de-la-iglesia-visigoda-9788491652489\/","og_site_name":"CPL","article_modified_time":"2026-02-12T16:25:13+00:00","og_image":[{"width":280,"height":411,"url":"https:\/\/www.cpl.es\/wp-content\/uploads\/112271.jpg","type":"image\/jpeg"}],"twitter_card":"summary_large_image","schema":{"@context":"https:\/\/schema.org","@graph":[{"@type":"WebPage","@id":"https:\/\/www.cpl.es\/producto\/san-julian-de-toledo-obispo-de-la-iglesia-visigoda-9788491652489\/","url":"https:\/\/www.cpl.es\/producto\/san-julian-de-toledo-obispo-de-la-iglesia-visigoda-9788491652489\/","name":"San Juli\u00e1n de Toledo. Obispo de la Iglesia visigoda - CPL","isPartOf":{"@id":"https:\/\/www.cpl.es\/#website"},"primaryImageOfPage":{"@id":"https:\/\/www.cpl.es\/producto\/san-julian-de-toledo-obispo-de-la-iglesia-visigoda-9788491652489\/#primaryimage"},"image":{"@id":"https:\/\/www.cpl.es\/producto\/san-julian-de-toledo-obispo-de-la-iglesia-visigoda-9788491652489\/#primaryimage"},"thumbnailUrl":"https:\/\/www.cpl.es\/wp-content\/uploads\/112271.jpg","datePublished":"2023-10-03T23:05:06+00:00","dateModified":"2026-02-12T16:25:13+00:00","breadcrumb":{"@id":"https:\/\/www.cpl.es\/producto\/san-julian-de-toledo-obispo-de-la-iglesia-visigoda-9788491652489\/#breadcrumb"},"inLanguage":"ca","potentialAction":[{"@type":"ReadAction","target":["https:\/\/www.cpl.es\/producto\/san-julian-de-toledo-obispo-de-la-iglesia-visigoda-9788491652489\/"]}]},{"@type":"ImageObject","inLanguage":"ca","@id":"https:\/\/www.cpl.es\/producto\/san-julian-de-toledo-obispo-de-la-iglesia-visigoda-9788491652489\/#primaryimage","url":"https:\/\/www.cpl.es\/wp-content\/uploads\/112271.jpg","contentUrl":"https:\/\/www.cpl.es\/wp-content\/uploads\/112271.jpg","width":280,"height":411,"caption":"112271.jpg"},{"@type":"BreadcrumbList","@id":"https:\/\/www.cpl.es\/producto\/san-julian-de-toledo-obispo-de-la-iglesia-visigoda-9788491652489\/#breadcrumb","itemListElement":[{"@type":"ListItem","position":1,"name":"Portada","item":"https:\/\/www.cpl.es\/ca\/"},{"@type":"ListItem","position":2,"name":"Cat\u00e0leg","item":"https:\/\/www.cpl.es\/ca\/cataleg\/"},{"@type":"ListItem","position":3,"name":"San Juli\u00e1n de Toledo. Obispo de la Iglesia visigoda"}]},{"@type":"WebSite","@id":"https:\/\/www.cpl.es\/#website","url":"https:\/\/www.cpl.es\/","name":"CPL","description":"Centre de Pastoral Lit\u00fargica de Barcelona","publisher":{"@id":"https:\/\/www.cpl.es\/#organization"},"alternateName":"Centre de Pastoral Lit\u00fargica","potentialAction":[{"@type":"SearchAction","target":{"@type":"EntryPoint","urlTemplate":"https:\/\/www.cpl.es\/?s={search_term_string}"},"query-input":{"@type":"PropertyValueSpecification","valueRequired":true,"valueName":"search_term_string"}}],"inLanguage":"ca"},{"@type":"Organization","@id":"https:\/\/www.cpl.es\/#organization","name":"Centre de Pastoral Lit\u00fargica","alternateName":"Centre de Pastoral Lit\u00fargica de Barcelona","url":"https:\/\/www.cpl.es\/","logo":{"@type":"ImageObject","inLanguage":"ca","@id":"https:\/\/www.cpl.es\/#\/schema\/logo\/image\/","url":"https:\/\/www.cpl.es\/wp-content\/uploads\/logo-cpl.svg","contentUrl":"https:\/\/www.cpl.es\/wp-content\/uploads\/logo-cpl.svg","caption":"Centre de Pastoral Lit\u00fargica"},"image":{"@id":"https:\/\/www.cpl.es\/#\/schema\/logo\/image\/"}}]}},"_links":{"self":[{"href":"https:\/\/www.cpl.es\/ca\/wp-json\/wp\/v2\/product\/1251","targetHints":{"allow":["GET"]}}],"collection":[{"href":"https:\/\/www.cpl.es\/ca\/wp-json\/wp\/v2\/product"}],"about":[{"href":"https:\/\/www.cpl.es\/ca\/wp-json\/wp\/v2\/types\/product"}],"wp:featuredmedia":[{"embeddable":true,"href":"https:\/\/www.cpl.es\/ca\/wp-json\/wp\/v2\/media\/1252"}],"wp:attachment":[{"href":"https:\/\/www.cpl.es\/ca\/wp-json\/wp\/v2\/media?parent=1251"}],"wp:term":[{"taxonomy":"product_brand","embeddable":true,"href":"https:\/\/www.cpl.es\/ca\/wp-json\/wp\/v2\/product_brand?post=1251"},{"taxonomy":"product_cat","embeddable":true,"href":"https:\/\/www.cpl.es\/ca\/wp-json\/wp\/v2\/product_cat?post=1251"},{"taxonomy":"product_tag","embeddable":true,"href":"https:\/\/www.cpl.es\/ca\/wp-json\/wp\/v2\/product_tag?post=1251"}],"curies":[{"name":"wp","href":"https:\/\/api.w.org\/{rel}","templated":true}]}}