{"id":1236,"date":"2023-10-04T01:04:38","date_gmt":"2023-10-03T23:04:38","guid":{"rendered":"https:\/\/nuevaweb.cpl.es\/producto\/i-la-papallona-va-volar-9788491652380\/"},"modified":"2023-10-04T01:04:42","modified_gmt":"2023-10-03T23:04:42","slug":"i-la-papallona-va-volar-9788491652380","status":"publish","type":"product","link":"https:\/\/www.cpl.es\/ca\/producto\/i-la-papallona-va-volar-9788491652380\/","title":{"rendered":"I la papallona va volar"},"content":{"rendered":"<p>\u00bfPer qu\u00e8 \u00abla papallona va volar\u00bb a Dossiers CPL? Doncs, almenys per tres motius. Perqu\u00e8 \u00e9s un llibre intel\u00b7ligent, suggeridor, que sobrepassa en molt all\u00f2 a qu\u00e8 estem amablement acostumats. S\u00f3n contes, rondalles, llegendes, faules&#8230;, de tipus ben diversos, fruit de la imaginaci\u00f3 privilegiada de Mons. Mario Delpini, d\u2019una creativitat molt potent, escrits magistralment, amb un envejable domini del llenguatge i dels recursos oratoris, textos breus, que s\u00f3n els que costa m\u00e9s de construir. Amb una fonamentaci\u00f3 b\u00edblica, sense que siguin pr\u00f2piament b\u00edblics. Carregats de bona teologia, sense ser cap tractat teol\u00f2gic. Plens de valors destil\u00b7lats de l\u2019Evangeli. N\u2019hi ha cinquanta-dos, un per a cada setmana de l\u2019any, sense que hagi de ser aix\u00ed. Poden servir per a preg\u00e0ries, com a reflexions, per a grups ben diversos, per a situacions impensades, per a ser divulgats i ajudar a obrir horitzons. Una manera nova -i de sempre!- de transmetre Evangeli. Fins i tot en les celebracions!<\/p>\n<p>Mario Delpini (Gallarate, Lombard\u00eda, 1951) \u00e9s arquebisbe de Mil\u00e0 des del juliol de 2017. Va estudiar literatura, teologia i patr\u00edstica i va ser rector del Seminari i professor de la Facultat de Teologia del Nord d\u2019It\u00e0lia. A m\u00e9s a m\u00e9s de la recerca cient\u00edfica dedicada a l\u2019estudi de la literatura antiga i la teologia dels Pares de l\u2019Esgl\u00e9sia, Mario Delpini \u00e9s autor de diverses obres sobre la vida cristiana, adre\u00e7ades en particular als joves, amb un estil esmolat i ir\u00f2nic.<\/p>\n","protected":false},"excerpt":{"rendered":"<p>Delpini, Mario<\/p>\n","protected":false},"featured_media":1237,"template":"","meta":{"_acf_changed":false,"inline_featured_image":false},"product_brand":[],"product_cat":[75,88],"product_tag":[],"class_list":{"0":"post-1236","1":"product","2":"type-product","3":"status-publish","4":"has-post-thumbnail","6":"product_cat-dossiers-cpl-colleccions-catala","7":"product_cat-espiritualitat","9":"first","10":"instock","11":"taxable","12":"shipping-taxable","13":"purchasable","14":"product-type-simple"},"acf":{"autor":"Delpini, Mario","codart":"201152","ediciones":"1","encuadernacion":"R\u00fastica","fecha_de_publicacion":"08\/10\/2019","novedad":false,"paginas":"128","subtitulo":"52 hist\u00f2ries sorprenents","orden":"999","portada":false,"idioma":"cat","editorial":[{"ID":6736,"post_author":"2","post_date":"2023-10-06 08:35:24","post_date_gmt":"2023-10-06 06:35:24","post_content":"","post_title":"CPL","post_excerpt":"","post_status":"publish","comment_status":"closed","ping_status":"closed","post_password":"","post_name":"cpl","to_ping":"","pinged":"","post_modified":"2023-10-06 08:35:24","post_modified_gmt":"2023-10-06 06:35:24","post_content_filtered":"","post_parent":0,"guid":"https:\/\/nuevaweb.cpl.es\/editorial\/cpl\/","menu_order":0,"post_type":"editorial","post_mime_type":"","comment_count":"0","filter":"raw"}]},"yoast_head":"<!-- This site is optimized with the Yoast SEO plugin v27.3 - https:\/\/yoast.com\/product\/yoast-seo-wordpress\/ -->\n<title>I la papallona va volar - CPL<\/title>\n<meta name=\"robots\" content=\"index, follow, max-snippet:-1, max-image-preview:large, max-video-preview:-1\" \/>\n<link rel=\"canonical\" href=\"https:\/\/www.cpl.es\/ca\/producto\/i-la-papallona-va-volar-9788491652380\/\" \/>\n<meta property=\"og:locale\" content=\"ca_ES\" \/>\n<meta property=\"og:type\" content=\"article\" \/>\n<meta property=\"og:title\" content=\"I la papallona va volar - CPL\" \/>\n<meta property=\"og:description\" content=\"Delpini, Mario\" \/>\n<meta property=\"og:url\" content=\"https:\/\/www.cpl.es\/ca\/producto\/i-la-papallona-va-volar-9788491652380\/\" \/>\n<meta property=\"og:site_name\" content=\"CPL\" \/>\n<meta property=\"article:modified_time\" content=\"2023-10-03T23:04:42+00:00\" \/>\n<meta property=\"og:image\" content=\"https:\/\/www.cpl.es\/wp-content\/uploads\/201152.jpg\" \/>\n\t<meta property=\"og:image:width\" content=\"280\" \/>\n\t<meta property=\"og:image:height\" content=\"391\" \/>\n\t<meta property=\"og:image:type\" content=\"image\/jpeg\" \/>\n<meta name=\"twitter:card\" content=\"summary_large_image\" \/>\n<meta name=\"twitter:label1\" content=\"Temps estimat de lectura\" \/>\n\t<meta name=\"twitter:data1\" content=\"1 minut\" \/>\n<script type=\"application\/ld+json\" class=\"yoast-schema-graph\">{\"@context\":\"https:\\\/\\\/schema.org\",\"@graph\":[{\"@type\":\"WebPage\",\"@id\":\"https:\\\/\\\/www.cpl.es\\\/ca\\\/producto\\\/i-la-papallona-va-volar-9788491652380\\\/\",\"url\":\"https:\\\/\\\/www.cpl.es\\\/ca\\\/producto\\\/i-la-papallona-va-volar-9788491652380\\\/\",\"name\":\"I la papallona va volar - CPL\",\"isPartOf\":{\"@id\":\"https:\\\/\\\/www.cpl.es\\\/#website\"},\"primaryImageOfPage\":{\"@id\":\"https:\\\/\\\/www.cpl.es\\\/ca\\\/producto\\\/i-la-papallona-va-volar-9788491652380\\\/#primaryimage\"},\"image\":{\"@id\":\"https:\\\/\\\/www.cpl.es\\\/ca\\\/producto\\\/i-la-papallona-va-volar-9788491652380\\\/#primaryimage\"},\"thumbnailUrl\":\"https:\\\/\\\/www.cpl.es\\\/wp-content\\\/uploads\\\/201152.jpg\",\"datePublished\":\"2023-10-03T23:04:38+00:00\",\"dateModified\":\"2023-10-03T23:04:42+00:00\",\"breadcrumb\":{\"@id\":\"https:\\\/\\\/www.cpl.es\\\/ca\\\/producto\\\/i-la-papallona-va-volar-9788491652380\\\/#breadcrumb\"},\"inLanguage\":\"ca\",\"potentialAction\":[{\"@type\":\"ReadAction\",\"target\":[\"https:\\\/\\\/www.cpl.es\\\/ca\\\/producto\\\/i-la-papallona-va-volar-9788491652380\\\/\"]}]},{\"@type\":\"ImageObject\",\"inLanguage\":\"ca\",\"@id\":\"https:\\\/\\\/www.cpl.es\\\/ca\\\/producto\\\/i-la-papallona-va-volar-9788491652380\\\/#primaryimage\",\"url\":\"https:\\\/\\\/www.cpl.es\\\/wp-content\\\/uploads\\\/201152.jpg\",\"contentUrl\":\"https:\\\/\\\/www.cpl.es\\\/wp-content\\\/uploads\\\/201152.jpg\",\"width\":280,\"height\":391,\"caption\":\"201152.jpg\"},{\"@type\":\"BreadcrumbList\",\"@id\":\"https:\\\/\\\/www.cpl.es\\\/ca\\\/producto\\\/i-la-papallona-va-volar-9788491652380\\\/#breadcrumb\",\"itemListElement\":[{\"@type\":\"ListItem\",\"position\":1,\"name\":\"Portada\",\"item\":\"https:\\\/\\\/www.cpl.es\\\/ca\\\/\"},{\"@type\":\"ListItem\",\"position\":2,\"name\":\"Cat\u00e0leg\",\"item\":\"https:\\\/\\\/www.cpl.es\\\/ca\\\/cataleg\\\/\"},{\"@type\":\"ListItem\",\"position\":3,\"name\":\"I la papallona va volar\"}]},{\"@type\":\"WebSite\",\"@id\":\"https:\\\/\\\/www.cpl.es\\\/#website\",\"url\":\"https:\\\/\\\/www.cpl.es\\\/\",\"name\":\"CPL\",\"description\":\"Centre de Pastoral Lit\u00fargica de Barcelona\",\"publisher\":{\"@id\":\"https:\\\/\\\/www.cpl.es\\\/#organization\"},\"alternateName\":\"Centre de Pastoral Lit\u00fargica\",\"potentialAction\":[{\"@type\":\"SearchAction\",\"target\":{\"@type\":\"EntryPoint\",\"urlTemplate\":\"https:\\\/\\\/www.cpl.es\\\/?s={search_term_string}\"},\"query-input\":{\"@type\":\"PropertyValueSpecification\",\"valueRequired\":true,\"valueName\":\"search_term_string\"}}],\"inLanguage\":\"ca\"},{\"@type\":\"Organization\",\"@id\":\"https:\\\/\\\/www.cpl.es\\\/#organization\",\"name\":\"Centre de Pastoral Lit\u00fargica\",\"alternateName\":\"Centre de Pastoral Lit\u00fargica de Barcelona\",\"url\":\"https:\\\/\\\/www.cpl.es\\\/\",\"logo\":{\"@type\":\"ImageObject\",\"inLanguage\":\"ca\",\"@id\":\"https:\\\/\\\/www.cpl.es\\\/#\\\/schema\\\/logo\\\/image\\\/\",\"url\":\"https:\\\/\\\/www.cpl.es\\\/wp-content\\\/uploads\\\/logo-cpl.svg\",\"contentUrl\":\"https:\\\/\\\/www.cpl.es\\\/wp-content\\\/uploads\\\/logo-cpl.svg\",\"caption\":\"Centre de Pastoral Lit\u00fargica\"},\"image\":{\"@id\":\"https:\\\/\\\/www.cpl.es\\\/#\\\/schema\\\/logo\\\/image\\\/\"}}]}<\/script>\n<!-- \/ Yoast SEO plugin. -->","yoast_head_json":{"title":"I la papallona va volar - CPL","robots":{"index":"index","follow":"follow","max-snippet":"max-snippet:-1","max-image-preview":"max-image-preview:large","max-video-preview":"max-video-preview:-1"},"canonical":"https:\/\/www.cpl.es\/ca\/producto\/i-la-papallona-va-volar-9788491652380\/","og_locale":"ca_ES","og_type":"article","og_title":"I la papallona va volar - CPL","og_description":"Delpini, Mario","og_url":"https:\/\/www.cpl.es\/ca\/producto\/i-la-papallona-va-volar-9788491652380\/","og_site_name":"CPL","article_modified_time":"2023-10-03T23:04:42+00:00","og_image":[{"width":280,"height":391,"url":"https:\/\/www.cpl.es\/wp-content\/uploads\/201152.jpg","type":"image\/jpeg"}],"twitter_card":"summary_large_image","twitter_misc":{"Temps estimat de lectura":"1 minut"},"schema":{"@context":"https:\/\/schema.org","@graph":[{"@type":"WebPage","@id":"https:\/\/www.cpl.es\/ca\/producto\/i-la-papallona-va-volar-9788491652380\/","url":"https:\/\/www.cpl.es\/ca\/producto\/i-la-papallona-va-volar-9788491652380\/","name":"I la papallona va volar - CPL","isPartOf":{"@id":"https:\/\/www.cpl.es\/#website"},"primaryImageOfPage":{"@id":"https:\/\/www.cpl.es\/ca\/producto\/i-la-papallona-va-volar-9788491652380\/#primaryimage"},"image":{"@id":"https:\/\/www.cpl.es\/ca\/producto\/i-la-papallona-va-volar-9788491652380\/#primaryimage"},"thumbnailUrl":"https:\/\/www.cpl.es\/wp-content\/uploads\/201152.jpg","datePublished":"2023-10-03T23:04:38+00:00","dateModified":"2023-10-03T23:04:42+00:00","breadcrumb":{"@id":"https:\/\/www.cpl.es\/ca\/producto\/i-la-papallona-va-volar-9788491652380\/#breadcrumb"},"inLanguage":"ca","potentialAction":[{"@type":"ReadAction","target":["https:\/\/www.cpl.es\/ca\/producto\/i-la-papallona-va-volar-9788491652380\/"]}]},{"@type":"ImageObject","inLanguage":"ca","@id":"https:\/\/www.cpl.es\/ca\/producto\/i-la-papallona-va-volar-9788491652380\/#primaryimage","url":"https:\/\/www.cpl.es\/wp-content\/uploads\/201152.jpg","contentUrl":"https:\/\/www.cpl.es\/wp-content\/uploads\/201152.jpg","width":280,"height":391,"caption":"201152.jpg"},{"@type":"BreadcrumbList","@id":"https:\/\/www.cpl.es\/ca\/producto\/i-la-papallona-va-volar-9788491652380\/#breadcrumb","itemListElement":[{"@type":"ListItem","position":1,"name":"Portada","item":"https:\/\/www.cpl.es\/ca\/"},{"@type":"ListItem","position":2,"name":"Cat\u00e0leg","item":"https:\/\/www.cpl.es\/ca\/cataleg\/"},{"@type":"ListItem","position":3,"name":"I la papallona va volar"}]},{"@type":"WebSite","@id":"https:\/\/www.cpl.es\/#website","url":"https:\/\/www.cpl.es\/","name":"CPL","description":"Centre de Pastoral Lit\u00fargica de Barcelona","publisher":{"@id":"https:\/\/www.cpl.es\/#organization"},"alternateName":"Centre de Pastoral Lit\u00fargica","potentialAction":[{"@type":"SearchAction","target":{"@type":"EntryPoint","urlTemplate":"https:\/\/www.cpl.es\/?s={search_term_string}"},"query-input":{"@type":"PropertyValueSpecification","valueRequired":true,"valueName":"search_term_string"}}],"inLanguage":"ca"},{"@type":"Organization","@id":"https:\/\/www.cpl.es\/#organization","name":"Centre de Pastoral Lit\u00fargica","alternateName":"Centre de Pastoral Lit\u00fargica de Barcelona","url":"https:\/\/www.cpl.es\/","logo":{"@type":"ImageObject","inLanguage":"ca","@id":"https:\/\/www.cpl.es\/#\/schema\/logo\/image\/","url":"https:\/\/www.cpl.es\/wp-content\/uploads\/logo-cpl.svg","contentUrl":"https:\/\/www.cpl.es\/wp-content\/uploads\/logo-cpl.svg","caption":"Centre de Pastoral Lit\u00fargica"},"image":{"@id":"https:\/\/www.cpl.es\/#\/schema\/logo\/image\/"}}]}},"_links":{"self":[{"href":"https:\/\/www.cpl.es\/ca\/wp-json\/wp\/v2\/product\/1236","targetHints":{"allow":["GET"]}}],"collection":[{"href":"https:\/\/www.cpl.es\/ca\/wp-json\/wp\/v2\/product"}],"about":[{"href":"https:\/\/www.cpl.es\/ca\/wp-json\/wp\/v2\/types\/product"}],"wp:featuredmedia":[{"embeddable":true,"href":"https:\/\/www.cpl.es\/ca\/wp-json\/wp\/v2\/media\/1237"}],"wp:attachment":[{"href":"https:\/\/www.cpl.es\/ca\/wp-json\/wp\/v2\/media?parent=1236"}],"wp:term":[{"taxonomy":"product_brand","embeddable":true,"href":"https:\/\/www.cpl.es\/ca\/wp-json\/wp\/v2\/product_brand?post=1236"},{"taxonomy":"product_cat","embeddable":true,"href":"https:\/\/www.cpl.es\/ca\/wp-json\/wp\/v2\/product_cat?post=1236"},{"taxonomy":"product_tag","embeddable":true,"href":"https:\/\/www.cpl.es\/ca\/wp-json\/wp\/v2\/product_tag?post=1236"}],"curies":[{"name":"wp","href":"https:\/\/api.w.org\/{rel}","templated":true}]}}