{"id":12347,"date":"2024-02-19T12:48:26","date_gmt":"2024-02-19T11:48:26","guid":{"rendered":"https:\/\/nuevaweb.cpl.es\/producto\/loracio-catequesis-del-papa-francesc-9788491656173\/"},"modified":"2025-10-03T11:13:52","modified_gmt":"2025-10-03T09:13:52","slug":"loracio-catequesis-del-papa-francesc-9788491656173","status":"publish","type":"product","link":"https:\/\/www.cpl.es\/ca\/producto\/loracio-catequesis-del-papa-francesc-9788491656173\/","title":{"rendered":"L&#8217;oraci\u00f3. Catequesis del papa Francesc"},"content":{"rendered":"<p> En aquest llibre, el bisbe de Roma Francesc, com a gran orant que \u00e9s, ens dona molts consells pr\u00e0ctics per millorar la nostra preg\u00e0ria. Per exemple: \u00bfCom pregar en el dia a dia? \u00bfQu\u00e8 he de fer amb les distraccions en la preg\u00e0ria? \u00bfQuins s\u00f3n els diversos tipus de preg\u00e0ria? \u00bfCom pregar perqu\u00e8 sigui un aut\u00e8ntic di\u00e0leg amb Jes\u00fas, el Pare i l\u2019Esperit Sant? \u00bfQu\u00e8 puc aprendre de l\u2019oraci\u00f3 de la Mare de D\u00e9u, model de preg\u00e0ria cristiana? Unes catequesis per ser assaborides fent-ne preg\u00e0ria, deixant-nos tocar pel que ensenyen. En el llibre que teniu a les mans trobareu les catequesis del papa Francesc sobre l\u2019oraci\u00f3 cristiana, pronunciades en les audi\u00e8ncies generals dels dimecres, entre el 6 de maig de 2020 i el 16 de juny de 2021.<\/p>\n","protected":false},"excerpt":{"rendered":"<p>Francesc, Papa<\/p>\n","protected":false},"featured_media":12363,"template":"","meta":{"_acf_changed":false,"inline_featured_image":false},"product_brand":[],"product_cat":[67,83,88,86],"product_tag":[],"class_list":{"0":"post-12347","1":"product","2":"type-product","3":"status-publish","4":"has-post-thumbnail","6":"product_cat-altres-publicacions","7":"product_cat-catequesi-liturgica","8":"product_cat-espiritualitat","9":"product_cat-pregaria","11":"first","12":"instock","13":"taxable","14":"shipping-taxable","15":"purchasable","16":"product-type-simple"},"acf":{"autor":"Francesc, Papa","codart":"213037","ediciones":"1","encuadernacion":"R\u00fastica","fecha_de_publicacion":"09\/02\/2024","novedad":false,"paginas":"144","subtitulo":"","orden":"80","portada":true,"idioma":"cat","editorial":[{"ID":6736,"post_author":"2","post_date":"2023-10-06 08:35:24","post_date_gmt":"2023-10-06 06:35:24","post_content":"","post_title":"CPL","post_excerpt":"","post_status":"publish","comment_status":"closed","ping_status":"closed","post_password":"","post_name":"cpl","to_ping":"","pinged":"","post_modified":"2023-10-06 08:35:24","post_modified_gmt":"2023-10-06 06:35:24","post_content_filtered":"","post_parent":0,"guid":"https:\/\/nuevaweb.cpl.es\/editorial\/cpl\/","menu_order":0,"post_type":"editorial","post_mime_type":"","comment_count":"0","filter":"raw"}],"booktrailer":"","ficha":"","muestra":"","presentacion":"","coleccion_num":"37"},"yoast_head":"<!-- This site is optimized with the Yoast SEO plugin v27.3 - https:\/\/yoast.com\/product\/yoast-seo-wordpress\/ -->\n<title>L&#039;oraci\u00f3. Catequesis del papa Francesc - CPL<\/title>\n<meta name=\"robots\" content=\"index, follow, max-snippet:-1, max-image-preview:large, max-video-preview:-1\" \/>\n<link rel=\"canonical\" href=\"https:\/\/www.cpl.es\/producto\/loracio-catequesis-del-papa-francesc-9788491656173\/\" \/>\n<meta property=\"og:locale\" content=\"ca_ES\" \/>\n<meta property=\"og:type\" content=\"article\" \/>\n<meta property=\"og:title\" content=\"L&#039;oraci\u00f3. Catequesis del papa Francesc - CPL\" \/>\n<meta property=\"og:description\" content=\"Francesc, Papa\" \/>\n<meta property=\"og:url\" content=\"https:\/\/www.cpl.es\/producto\/loracio-catequesis-del-papa-francesc-9788491656173\/\" \/>\n<meta property=\"og:site_name\" content=\"CPL\" \/>\n<meta property=\"article:modified_time\" content=\"2025-10-03T09:13:52+00:00\" \/>\n<meta property=\"og:image\" content=\"https:\/\/www.cpl.es\/wp-content\/uploads\/9788491656173.jpg\" \/>\n\t<meta property=\"og:image:width\" content=\"280\" \/>\n\t<meta property=\"og:image:height\" content=\"459\" \/>\n\t<meta property=\"og:image:type\" content=\"image\/jpeg\" \/>\n<meta name=\"twitter:card\" content=\"summary_large_image\" \/>\n<meta name=\"twitter:label1\" content=\"Temps estimat de lectura\" \/>\n\t<meta name=\"twitter:data1\" content=\"1 minut\" \/>\n<script type=\"application\/ld+json\" class=\"yoast-schema-graph\">{\"@context\":\"https:\\\/\\\/schema.org\",\"@graph\":[{\"@type\":\"WebPage\",\"@id\":\"https:\\\/\\\/www.cpl.es\\\/producto\\\/loracio-catequesis-del-papa-francesc-9788491656173\\\/\",\"url\":\"https:\\\/\\\/www.cpl.es\\\/producto\\\/loracio-catequesis-del-papa-francesc-9788491656173\\\/\",\"name\":\"L'oraci\u00f3. Catequesis del papa Francesc - CPL\",\"isPartOf\":{\"@id\":\"https:\\\/\\\/www.cpl.es\\\/#website\"},\"primaryImageOfPage\":{\"@id\":\"https:\\\/\\\/www.cpl.es\\\/producto\\\/loracio-catequesis-del-papa-francesc-9788491656173\\\/#primaryimage\"},\"image\":{\"@id\":\"https:\\\/\\\/www.cpl.es\\\/producto\\\/loracio-catequesis-del-papa-francesc-9788491656173\\\/#primaryimage\"},\"thumbnailUrl\":\"https:\\\/\\\/www.cpl.es\\\/wp-content\\\/uploads\\\/9788491656173.jpg\",\"datePublished\":\"2024-02-19T11:48:26+00:00\",\"dateModified\":\"2025-10-03T09:13:52+00:00\",\"breadcrumb\":{\"@id\":\"https:\\\/\\\/www.cpl.es\\\/producto\\\/loracio-catequesis-del-papa-francesc-9788491656173\\\/#breadcrumb\"},\"inLanguage\":\"ca\",\"potentialAction\":[{\"@type\":\"ReadAction\",\"target\":[\"https:\\\/\\\/www.cpl.es\\\/producto\\\/loracio-catequesis-del-papa-francesc-9788491656173\\\/\"]}]},{\"@type\":\"ImageObject\",\"inLanguage\":\"ca\",\"@id\":\"https:\\\/\\\/www.cpl.es\\\/producto\\\/loracio-catequesis-del-papa-francesc-9788491656173\\\/#primaryimage\",\"url\":\"https:\\\/\\\/www.cpl.es\\\/wp-content\\\/uploads\\\/9788491656173.jpg\",\"contentUrl\":\"https:\\\/\\\/www.cpl.es\\\/wp-content\\\/uploads\\\/9788491656173.jpg\",\"width\":280,\"height\":459,\"caption\":\"9788491656173.jpg\"},{\"@type\":\"BreadcrumbList\",\"@id\":\"https:\\\/\\\/www.cpl.es\\\/producto\\\/loracio-catequesis-del-papa-francesc-9788491656173\\\/#breadcrumb\",\"itemListElement\":[{\"@type\":\"ListItem\",\"position\":1,\"name\":\"Portada\",\"item\":\"https:\\\/\\\/www.cpl.es\\\/ca\\\/\"},{\"@type\":\"ListItem\",\"position\":2,\"name\":\"Cat\u00e0leg\",\"item\":\"https:\\\/\\\/www.cpl.es\\\/ca\\\/cataleg\\\/\"},{\"@type\":\"ListItem\",\"position\":3,\"name\":\"L&#8217;oraci\u00f3. Catequesis del papa Francesc\"}]},{\"@type\":\"WebSite\",\"@id\":\"https:\\\/\\\/www.cpl.es\\\/#website\",\"url\":\"https:\\\/\\\/www.cpl.es\\\/\",\"name\":\"CPL\",\"description\":\"Centre de Pastoral Lit\u00fargica de Barcelona\",\"publisher\":{\"@id\":\"https:\\\/\\\/www.cpl.es\\\/#organization\"},\"alternateName\":\"Centre de Pastoral Lit\u00fargica\",\"potentialAction\":[{\"@type\":\"SearchAction\",\"target\":{\"@type\":\"EntryPoint\",\"urlTemplate\":\"https:\\\/\\\/www.cpl.es\\\/?s={search_term_string}\"},\"query-input\":{\"@type\":\"PropertyValueSpecification\",\"valueRequired\":true,\"valueName\":\"search_term_string\"}}],\"inLanguage\":\"ca\"},{\"@type\":\"Organization\",\"@id\":\"https:\\\/\\\/www.cpl.es\\\/#organization\",\"name\":\"Centre de Pastoral Lit\u00fargica\",\"alternateName\":\"Centre de Pastoral Lit\u00fargica de Barcelona\",\"url\":\"https:\\\/\\\/www.cpl.es\\\/\",\"logo\":{\"@type\":\"ImageObject\",\"inLanguage\":\"ca\",\"@id\":\"https:\\\/\\\/www.cpl.es\\\/#\\\/schema\\\/logo\\\/image\\\/\",\"url\":\"https:\\\/\\\/www.cpl.es\\\/wp-content\\\/uploads\\\/logo-cpl.svg\",\"contentUrl\":\"https:\\\/\\\/www.cpl.es\\\/wp-content\\\/uploads\\\/logo-cpl.svg\",\"caption\":\"Centre de Pastoral Lit\u00fargica\"},\"image\":{\"@id\":\"https:\\\/\\\/www.cpl.es\\\/#\\\/schema\\\/logo\\\/image\\\/\"}}]}<\/script>\n<!-- \/ Yoast SEO plugin. -->","yoast_head_json":{"title":"L'oraci\u00f3. Catequesis del papa Francesc - CPL","robots":{"index":"index","follow":"follow","max-snippet":"max-snippet:-1","max-image-preview":"max-image-preview:large","max-video-preview":"max-video-preview:-1"},"canonical":"https:\/\/www.cpl.es\/producto\/loracio-catequesis-del-papa-francesc-9788491656173\/","og_locale":"ca_ES","og_type":"article","og_title":"L'oraci\u00f3. Catequesis del papa Francesc - CPL","og_description":"Francesc, Papa","og_url":"https:\/\/www.cpl.es\/producto\/loracio-catequesis-del-papa-francesc-9788491656173\/","og_site_name":"CPL","article_modified_time":"2025-10-03T09:13:52+00:00","og_image":[{"width":280,"height":459,"url":"https:\/\/www.cpl.es\/wp-content\/uploads\/9788491656173.jpg","type":"image\/jpeg"}],"twitter_card":"summary_large_image","twitter_misc":{"Temps estimat de lectura":"1 minut"},"schema":{"@context":"https:\/\/schema.org","@graph":[{"@type":"WebPage","@id":"https:\/\/www.cpl.es\/producto\/loracio-catequesis-del-papa-francesc-9788491656173\/","url":"https:\/\/www.cpl.es\/producto\/loracio-catequesis-del-papa-francesc-9788491656173\/","name":"L'oraci\u00f3. Catequesis del papa Francesc - CPL","isPartOf":{"@id":"https:\/\/www.cpl.es\/#website"},"primaryImageOfPage":{"@id":"https:\/\/www.cpl.es\/producto\/loracio-catequesis-del-papa-francesc-9788491656173\/#primaryimage"},"image":{"@id":"https:\/\/www.cpl.es\/producto\/loracio-catequesis-del-papa-francesc-9788491656173\/#primaryimage"},"thumbnailUrl":"https:\/\/www.cpl.es\/wp-content\/uploads\/9788491656173.jpg","datePublished":"2024-02-19T11:48:26+00:00","dateModified":"2025-10-03T09:13:52+00:00","breadcrumb":{"@id":"https:\/\/www.cpl.es\/producto\/loracio-catequesis-del-papa-francesc-9788491656173\/#breadcrumb"},"inLanguage":"ca","potentialAction":[{"@type":"ReadAction","target":["https:\/\/www.cpl.es\/producto\/loracio-catequesis-del-papa-francesc-9788491656173\/"]}]},{"@type":"ImageObject","inLanguage":"ca","@id":"https:\/\/www.cpl.es\/producto\/loracio-catequesis-del-papa-francesc-9788491656173\/#primaryimage","url":"https:\/\/www.cpl.es\/wp-content\/uploads\/9788491656173.jpg","contentUrl":"https:\/\/www.cpl.es\/wp-content\/uploads\/9788491656173.jpg","width":280,"height":459,"caption":"9788491656173.jpg"},{"@type":"BreadcrumbList","@id":"https:\/\/www.cpl.es\/producto\/loracio-catequesis-del-papa-francesc-9788491656173\/#breadcrumb","itemListElement":[{"@type":"ListItem","position":1,"name":"Portada","item":"https:\/\/www.cpl.es\/ca\/"},{"@type":"ListItem","position":2,"name":"Cat\u00e0leg","item":"https:\/\/www.cpl.es\/ca\/cataleg\/"},{"@type":"ListItem","position":3,"name":"L&#8217;oraci\u00f3. Catequesis del papa Francesc"}]},{"@type":"WebSite","@id":"https:\/\/www.cpl.es\/#website","url":"https:\/\/www.cpl.es\/","name":"CPL","description":"Centre de Pastoral Lit\u00fargica de Barcelona","publisher":{"@id":"https:\/\/www.cpl.es\/#organization"},"alternateName":"Centre de Pastoral Lit\u00fargica","potentialAction":[{"@type":"SearchAction","target":{"@type":"EntryPoint","urlTemplate":"https:\/\/www.cpl.es\/?s={search_term_string}"},"query-input":{"@type":"PropertyValueSpecification","valueRequired":true,"valueName":"search_term_string"}}],"inLanguage":"ca"},{"@type":"Organization","@id":"https:\/\/www.cpl.es\/#organization","name":"Centre de Pastoral Lit\u00fargica","alternateName":"Centre de Pastoral Lit\u00fargica de Barcelona","url":"https:\/\/www.cpl.es\/","logo":{"@type":"ImageObject","inLanguage":"ca","@id":"https:\/\/www.cpl.es\/#\/schema\/logo\/image\/","url":"https:\/\/www.cpl.es\/wp-content\/uploads\/logo-cpl.svg","contentUrl":"https:\/\/www.cpl.es\/wp-content\/uploads\/logo-cpl.svg","caption":"Centre de Pastoral Lit\u00fargica"},"image":{"@id":"https:\/\/www.cpl.es\/#\/schema\/logo\/image\/"}}]}},"_links":{"self":[{"href":"https:\/\/www.cpl.es\/ca\/wp-json\/wp\/v2\/product\/12347","targetHints":{"allow":["GET"]}}],"collection":[{"href":"https:\/\/www.cpl.es\/ca\/wp-json\/wp\/v2\/product"}],"about":[{"href":"https:\/\/www.cpl.es\/ca\/wp-json\/wp\/v2\/types\/product"}],"wp:featuredmedia":[{"embeddable":true,"href":"https:\/\/www.cpl.es\/ca\/wp-json\/wp\/v2\/media\/12363"}],"wp:attachment":[{"href":"https:\/\/www.cpl.es\/ca\/wp-json\/wp\/v2\/media?parent=12347"}],"wp:term":[{"taxonomy":"product_brand","embeddable":true,"href":"https:\/\/www.cpl.es\/ca\/wp-json\/wp\/v2\/product_brand?post=12347"},{"taxonomy":"product_cat","embeddable":true,"href":"https:\/\/www.cpl.es\/ca\/wp-json\/wp\/v2\/product_cat?post=12347"},{"taxonomy":"product_tag","embeddable":true,"href":"https:\/\/www.cpl.es\/ca\/wp-json\/wp\/v2\/product_tag?post=12347"}],"curies":[{"name":"wp","href":"https:\/\/api.w.org\/{rel}","templated":true}]}}