{"id":1230,"date":"2023-10-04T01:04:28","date_gmt":"2023-10-03T23:04:28","guid":{"rendered":"https:\/\/nuevaweb.cpl.es\/producto\/y-la-mariposa-volo-9788491652397\/"},"modified":"2024-10-16T12:18:15","modified_gmt":"2024-10-16T10:18:15","slug":"y-la-mariposa-volo-9788491652397","status":"publish","type":"product","link":"https:\/\/www.cpl.es\/ca\/producto\/y-la-mariposa-volo-9788491652397\/","title":{"rendered":"Y la mariposa vol\u00f3"},"content":{"rendered":"<p>\u00bfPor qu\u00e9 \u00abla mariposa vol\u00f3\u00bb en Dossiers CPL? Pues, por lo menos, por tres motivos. Porque es un libro inteligente y sugerente: cuentos, narraciones, leyendas, f\u00e1bulas&#8230; de contenido muy diverso, fruto de la imaginaci\u00f3n privilegiada de Mons. Mario Delpini, de una creatividad muy potente, escritos magistralmente, con un envidiable dominio del lenguaje y de los recursos oratorios. Con una fundamentaci\u00f3n b\u00edblica, sin que sean propiamente b\u00edblicos. Cargados de buena teolog\u00eda, sin ser ning\u00fan tratado teol\u00f3gico. Llenos de valores destilados del Evangelio. Hay cincuenta y dos textos, uno para cada semana del a\u00f1o, sin que tenga que ser as\u00ed. Pueden servir para rezar, como reflexiones, para utilizar en grupos diversos, para situaciones impensables, para ser divulgados y ayudar a abrir horizontes. Una manera nueva -\u00a1y de siempre!- de transmitir Evangelio. \u00a1Hasta para nuestras celebraciones!<\/p>\n<p>Mario Delpini (Gallarate, Lombard\u00eda, 1951) es arzobispo de Mil\u00e1n desde julio de 2017. Estudi\u00f3 literatura, teolog\u00eda y patr\u00edstica y fue rector del Seminario y profesor de la Facultad de Teolog\u00eda del Norte de Italia. Adem\u00e1s de la investigaci\u00f3n cient\u00edfica dedicada al estudio de la literatura antigua y la teolog\u00eda de los Padres de la Iglesia, Mario Delpini es autor de diversas obras sobre la vida cristiana, dirigidas en particular a los j\u00f3venes, con un estilo afilado e ir\u00f3nico.<\/p>\n","protected":false},"excerpt":{"rendered":"<p>Delpini, Mario<\/p>\n","protected":false},"featured_media":1231,"template":"","meta":{"_acf_changed":false,"inline_featured_image":false},"product_brand":[],"product_cat":[75,44,65,88],"product_tag":[],"class_list":{"0":"post-1230","1":"product","2":"type-product","3":"status-publish","4":"has-post-thumbnail","6":"product_cat-dossiers-cpl-colleccions-catala","7":"product_cat-dossiers-cpl","8":"product_cat-espiritualidad","9":"product_cat-espiritualitat","11":"first","12":"instock","13":"taxable","14":"shipping-taxable","15":"purchasable","16":"product-type-simple"},"acf":{"autor":"Delpini, Mario","codart":"101152","ediciones":"1","encuadernacion":"R\u00fastica","fecha_de_publicacion":"08\/10\/2019","novedad":false,"paginas":"128","subtitulo":"52 historias sorprendentes","orden":"999","portada":false,"idioma":"spa","editorial":[{"ID":6736,"post_author":"2","post_date":"2023-10-06 08:35:24","post_date_gmt":"2023-10-06 06:35:24","post_content":"","post_title":"CPL","post_excerpt":"","post_status":"publish","comment_status":"closed","ping_status":"closed","post_password":"","post_name":"cpl","to_ping":"","pinged":"","post_modified":"2023-10-06 08:35:24","post_modified_gmt":"2023-10-06 06:35:24","post_content_filtered":"","post_parent":0,"guid":"https:\/\/nuevaweb.cpl.es\/editorial\/cpl\/","menu_order":0,"post_type":"editorial","post_mime_type":"","comment_count":"0","filter":"raw"}],"coleccion_num":"152"},"yoast_head":"<!-- This site is optimized with the Yoast SEO plugin v27.3 - https:\/\/yoast.com\/product\/yoast-seo-wordpress\/ -->\n<title>Y la mariposa vol\u00f3 - CPL<\/title>\n<meta name=\"robots\" content=\"index, follow, max-snippet:-1, max-image-preview:large, max-video-preview:-1\" \/>\n<link rel=\"canonical\" href=\"https:\/\/www.cpl.es\/producto\/y-la-mariposa-volo-9788491652397\/\" \/>\n<meta property=\"og:locale\" content=\"ca_ES\" \/>\n<meta property=\"og:type\" content=\"article\" \/>\n<meta property=\"og:title\" content=\"Y la mariposa vol\u00f3 - CPL\" \/>\n<meta property=\"og:description\" content=\"Delpini, Mario\" \/>\n<meta property=\"og:url\" content=\"https:\/\/www.cpl.es\/producto\/y-la-mariposa-volo-9788491652397\/\" \/>\n<meta property=\"og:site_name\" content=\"CPL\" \/>\n<meta property=\"article:modified_time\" content=\"2024-10-16T10:18:15+00:00\" \/>\n<meta property=\"og:image\" content=\"https:\/\/www.cpl.es\/wp-content\/uploads\/101152.jpg\" \/>\n\t<meta property=\"og:image:width\" content=\"280\" \/>\n\t<meta property=\"og:image:height\" content=\"389\" \/>\n\t<meta property=\"og:image:type\" content=\"image\/jpeg\" \/>\n<meta name=\"twitter:card\" content=\"summary_large_image\" \/>\n<meta name=\"twitter:label1\" content=\"Temps estimat de lectura\" \/>\n\t<meta name=\"twitter:data1\" content=\"1 minut\" \/>\n<script type=\"application\/ld+json\" class=\"yoast-schema-graph\">{\"@context\":\"https:\\\/\\\/schema.org\",\"@graph\":[{\"@type\":\"WebPage\",\"@id\":\"https:\\\/\\\/www.cpl.es\\\/producto\\\/y-la-mariposa-volo-9788491652397\\\/\",\"url\":\"https:\\\/\\\/www.cpl.es\\\/producto\\\/y-la-mariposa-volo-9788491652397\\\/\",\"name\":\"Y la mariposa vol\u00f3 - CPL\",\"isPartOf\":{\"@id\":\"https:\\\/\\\/www.cpl.es\\\/#website\"},\"primaryImageOfPage\":{\"@id\":\"https:\\\/\\\/www.cpl.es\\\/producto\\\/y-la-mariposa-volo-9788491652397\\\/#primaryimage\"},\"image\":{\"@id\":\"https:\\\/\\\/www.cpl.es\\\/producto\\\/y-la-mariposa-volo-9788491652397\\\/#primaryimage\"},\"thumbnailUrl\":\"https:\\\/\\\/www.cpl.es\\\/wp-content\\\/uploads\\\/101152.jpg\",\"datePublished\":\"2023-10-03T23:04:28+00:00\",\"dateModified\":\"2024-10-16T10:18:15+00:00\",\"breadcrumb\":{\"@id\":\"https:\\\/\\\/www.cpl.es\\\/producto\\\/y-la-mariposa-volo-9788491652397\\\/#breadcrumb\"},\"inLanguage\":\"ca\",\"potentialAction\":[{\"@type\":\"ReadAction\",\"target\":[\"https:\\\/\\\/www.cpl.es\\\/producto\\\/y-la-mariposa-volo-9788491652397\\\/\"]}]},{\"@type\":\"ImageObject\",\"inLanguage\":\"ca\",\"@id\":\"https:\\\/\\\/www.cpl.es\\\/producto\\\/y-la-mariposa-volo-9788491652397\\\/#primaryimage\",\"url\":\"https:\\\/\\\/www.cpl.es\\\/wp-content\\\/uploads\\\/101152.jpg\",\"contentUrl\":\"https:\\\/\\\/www.cpl.es\\\/wp-content\\\/uploads\\\/101152.jpg\",\"width\":280,\"height\":389,\"caption\":\"101152.jpg\"},{\"@type\":\"BreadcrumbList\",\"@id\":\"https:\\\/\\\/www.cpl.es\\\/producto\\\/y-la-mariposa-volo-9788491652397\\\/#breadcrumb\",\"itemListElement\":[{\"@type\":\"ListItem\",\"position\":1,\"name\":\"Portada\",\"item\":\"https:\\\/\\\/www.cpl.es\\\/ca\\\/\"},{\"@type\":\"ListItem\",\"position\":2,\"name\":\"Cat\u00e0leg\",\"item\":\"https:\\\/\\\/www.cpl.es\\\/ca\\\/cataleg\\\/\"},{\"@type\":\"ListItem\",\"position\":3,\"name\":\"Y la mariposa vol\u00f3\"}]},{\"@type\":\"WebSite\",\"@id\":\"https:\\\/\\\/www.cpl.es\\\/#website\",\"url\":\"https:\\\/\\\/www.cpl.es\\\/\",\"name\":\"CPL\",\"description\":\"Centre de Pastoral Lit\u00fargica de Barcelona\",\"publisher\":{\"@id\":\"https:\\\/\\\/www.cpl.es\\\/#organization\"},\"alternateName\":\"Centre de Pastoral Lit\u00fargica\",\"potentialAction\":[{\"@type\":\"SearchAction\",\"target\":{\"@type\":\"EntryPoint\",\"urlTemplate\":\"https:\\\/\\\/www.cpl.es\\\/?s={search_term_string}\"},\"query-input\":{\"@type\":\"PropertyValueSpecification\",\"valueRequired\":true,\"valueName\":\"search_term_string\"}}],\"inLanguage\":\"ca\"},{\"@type\":\"Organization\",\"@id\":\"https:\\\/\\\/www.cpl.es\\\/#organization\",\"name\":\"Centre de Pastoral Lit\u00fargica\",\"alternateName\":\"Centre de Pastoral Lit\u00fargica de Barcelona\",\"url\":\"https:\\\/\\\/www.cpl.es\\\/\",\"logo\":{\"@type\":\"ImageObject\",\"inLanguage\":\"ca\",\"@id\":\"https:\\\/\\\/www.cpl.es\\\/#\\\/schema\\\/logo\\\/image\\\/\",\"url\":\"https:\\\/\\\/www.cpl.es\\\/wp-content\\\/uploads\\\/logo-cpl.svg\",\"contentUrl\":\"https:\\\/\\\/www.cpl.es\\\/wp-content\\\/uploads\\\/logo-cpl.svg\",\"caption\":\"Centre de Pastoral Lit\u00fargica\"},\"image\":{\"@id\":\"https:\\\/\\\/www.cpl.es\\\/#\\\/schema\\\/logo\\\/image\\\/\"}}]}<\/script>\n<!-- \/ Yoast SEO plugin. -->","yoast_head_json":{"title":"Y la mariposa vol\u00f3 - CPL","robots":{"index":"index","follow":"follow","max-snippet":"max-snippet:-1","max-image-preview":"max-image-preview:large","max-video-preview":"max-video-preview:-1"},"canonical":"https:\/\/www.cpl.es\/producto\/y-la-mariposa-volo-9788491652397\/","og_locale":"ca_ES","og_type":"article","og_title":"Y la mariposa vol\u00f3 - CPL","og_description":"Delpini, Mario","og_url":"https:\/\/www.cpl.es\/producto\/y-la-mariposa-volo-9788491652397\/","og_site_name":"CPL","article_modified_time":"2024-10-16T10:18:15+00:00","og_image":[{"width":280,"height":389,"url":"https:\/\/www.cpl.es\/wp-content\/uploads\/101152.jpg","type":"image\/jpeg"}],"twitter_card":"summary_large_image","twitter_misc":{"Temps estimat de lectura":"1 minut"},"schema":{"@context":"https:\/\/schema.org","@graph":[{"@type":"WebPage","@id":"https:\/\/www.cpl.es\/producto\/y-la-mariposa-volo-9788491652397\/","url":"https:\/\/www.cpl.es\/producto\/y-la-mariposa-volo-9788491652397\/","name":"Y la mariposa vol\u00f3 - CPL","isPartOf":{"@id":"https:\/\/www.cpl.es\/#website"},"primaryImageOfPage":{"@id":"https:\/\/www.cpl.es\/producto\/y-la-mariposa-volo-9788491652397\/#primaryimage"},"image":{"@id":"https:\/\/www.cpl.es\/producto\/y-la-mariposa-volo-9788491652397\/#primaryimage"},"thumbnailUrl":"https:\/\/www.cpl.es\/wp-content\/uploads\/101152.jpg","datePublished":"2023-10-03T23:04:28+00:00","dateModified":"2024-10-16T10:18:15+00:00","breadcrumb":{"@id":"https:\/\/www.cpl.es\/producto\/y-la-mariposa-volo-9788491652397\/#breadcrumb"},"inLanguage":"ca","potentialAction":[{"@type":"ReadAction","target":["https:\/\/www.cpl.es\/producto\/y-la-mariposa-volo-9788491652397\/"]}]},{"@type":"ImageObject","inLanguage":"ca","@id":"https:\/\/www.cpl.es\/producto\/y-la-mariposa-volo-9788491652397\/#primaryimage","url":"https:\/\/www.cpl.es\/wp-content\/uploads\/101152.jpg","contentUrl":"https:\/\/www.cpl.es\/wp-content\/uploads\/101152.jpg","width":280,"height":389,"caption":"101152.jpg"},{"@type":"BreadcrumbList","@id":"https:\/\/www.cpl.es\/producto\/y-la-mariposa-volo-9788491652397\/#breadcrumb","itemListElement":[{"@type":"ListItem","position":1,"name":"Portada","item":"https:\/\/www.cpl.es\/ca\/"},{"@type":"ListItem","position":2,"name":"Cat\u00e0leg","item":"https:\/\/www.cpl.es\/ca\/cataleg\/"},{"@type":"ListItem","position":3,"name":"Y la mariposa vol\u00f3"}]},{"@type":"WebSite","@id":"https:\/\/www.cpl.es\/#website","url":"https:\/\/www.cpl.es\/","name":"CPL","description":"Centre de Pastoral Lit\u00fargica de Barcelona","publisher":{"@id":"https:\/\/www.cpl.es\/#organization"},"alternateName":"Centre de Pastoral Lit\u00fargica","potentialAction":[{"@type":"SearchAction","target":{"@type":"EntryPoint","urlTemplate":"https:\/\/www.cpl.es\/?s={search_term_string}"},"query-input":{"@type":"PropertyValueSpecification","valueRequired":true,"valueName":"search_term_string"}}],"inLanguage":"ca"},{"@type":"Organization","@id":"https:\/\/www.cpl.es\/#organization","name":"Centre de Pastoral Lit\u00fargica","alternateName":"Centre de Pastoral Lit\u00fargica de Barcelona","url":"https:\/\/www.cpl.es\/","logo":{"@type":"ImageObject","inLanguage":"ca","@id":"https:\/\/www.cpl.es\/#\/schema\/logo\/image\/","url":"https:\/\/www.cpl.es\/wp-content\/uploads\/logo-cpl.svg","contentUrl":"https:\/\/www.cpl.es\/wp-content\/uploads\/logo-cpl.svg","caption":"Centre de Pastoral Lit\u00fargica"},"image":{"@id":"https:\/\/www.cpl.es\/#\/schema\/logo\/image\/"}}]}},"_links":{"self":[{"href":"https:\/\/www.cpl.es\/ca\/wp-json\/wp\/v2\/product\/1230","targetHints":{"allow":["GET"]}}],"collection":[{"href":"https:\/\/www.cpl.es\/ca\/wp-json\/wp\/v2\/product"}],"about":[{"href":"https:\/\/www.cpl.es\/ca\/wp-json\/wp\/v2\/types\/product"}],"wp:featuredmedia":[{"embeddable":true,"href":"https:\/\/www.cpl.es\/ca\/wp-json\/wp\/v2\/media\/1231"}],"wp:attachment":[{"href":"https:\/\/www.cpl.es\/ca\/wp-json\/wp\/v2\/media?parent=1230"}],"wp:term":[{"taxonomy":"product_brand","embeddable":true,"href":"https:\/\/www.cpl.es\/ca\/wp-json\/wp\/v2\/product_brand?post=1230"},{"taxonomy":"product_cat","embeddable":true,"href":"https:\/\/www.cpl.es\/ca\/wp-json\/wp\/v2\/product_cat?post=1230"},{"taxonomy":"product_tag","embeddable":true,"href":"https:\/\/www.cpl.es\/ca\/wp-json\/wp\/v2\/product_tag?post=1230"}],"curies":[{"name":"wp","href":"https:\/\/api.w.org\/{rel}","templated":true}]}}