{"id":1227,"date":"2023-10-04T01:04:22","date_gmt":"2023-10-03T23:04:22","guid":{"rendered":"https:\/\/nuevaweb.cpl.es\/producto\/la-liturgia-a-la-luz-de-su-reforma-9788491652519\/"},"modified":"2026-02-12T17:39:54","modified_gmt":"2026-02-12T16:39:54","slug":"la-liturgia-a-la-luz-de-su-reforma-9788491652519","status":"publish","type":"product","link":"https:\/\/www.cpl.es\/ca\/producto\/la-liturgia-a-la-luz-de-su-reforma-9788491652519\/","title":{"rendered":"La liturgia a la luz de su reforma"},"content":{"rendered":"<p>Dos textos del autor sobre la reforma lit\u00fargica del Concilio Vaticano II. Uno centra la atenci\u00f3n en la liturgia papal, mientras que el otro nos sit\u00faa frente a los planteamientos y reacciones pastorales desde el inicio del movimiento lit\u00fargico hasta nuestros d\u00edas, con una particular acentuaci\u00f3n de la problem\u00e1tica del uso de la lengua vern\u00e1cula en la liturgia y en los problemas que comportaba la traducci\u00f3n del lat\u00edn a dichas lenguas de los textos lit\u00fargicos. La unidad que permite unir ambos textos es la motivaci\u00f3n de la reforma lit\u00fargica que quiso realizar el Concilio Vaticano II. El  hecho de explicar c\u00f3mo ser fieles a esta reforma prestando atenci\u00f3n a la riqueza de su tradici\u00f3n y al mismo tiempo no descuidar el progreso que debe buscarse en el campo de la liturgia en la actualidad. Estas caracter\u00edsticas b\u00e1sicas de la reforma lit\u00fargica es lo que Mons. Piero Marini va poniendo de relieve en cada caso, a la vez que expone c\u00f3mo y  cu\u00e1ndo se han dado los pasos para que la reforma lit\u00fargica no sea solo unos libros, unos rituales nuevos, sino la fidelidad al esp\u00edritu conciliar, al esp\u00edritu que nos hace penetrar en la liturgia con toda la profundidad espiritual y eclesial que ella nos ofrece.<\/p>\n<p>Piero Marini, natural de Pavia, naci\u00f3 en el a\u00f1o 1947. Fue ordenado sacerdote en 1965 en Roma, ciudad donde estudi\u00f3 filosof\u00eda y liturgia y trabaj\u00f3 en la secretaria del Consilium, consejo encargado de aplicar la constituci\u00f3n Sacrosanctum Concilium del Vaticano II. En 1974 fue nombrado ceremoniero para ayudar en las celebraciones pontificias durante el a\u00f1o lit\u00fargico. En 1985 fue nombrado subsecretario de la Congregaci\u00f3n para el Culto Divino y en 1987 responsable de la Oficina de las Celebraciones Lit\u00fargicas del Papa. Dirigi\u00f3 la elaboraci\u00f3n, aprobaci\u00f3n y publicaci\u00f3n del Ordox exsequiarum romani pontificis, del Ordo rituum conclavis y del Ordo Rituum pro Ministerii Petrini initio Romae Episcopi. Fue ordenado obispo en 1998 por el papa Juan Pablo II, quien lo nombr\u00f3 arzobispo en 2003. Desde el a\u00f1o 2007 es presidente del Comit\u00e9 Pontificiopara los Congresos Eucar\u00edsticos Internacionales.<\/p>\n","protected":false},"excerpt":{"rendered":"<p>Marini, Piero<\/p>\n","protected":false},"featured_media":1228,"template":"","meta":{"_acf_changed":false,"inline_featured_image":false},"product_brand":[],"product_cat":[69,54,84,61],"product_tag":[],"class_list":{"0":"post-1227","1":"product","2":"type-product","3":"status-publish","4":"has-post-thumbnail","6":"product_cat-cuadernos-phase-colleccions-catala","7":"product_cat-cuadernos-phase","8":"product_cat-liturgia-i-teologia","9":"product_cat-liturgia-y-teologia","11":"first","12":"instock","13":"taxable","14":"shipping-taxable","15":"purchasable","16":"product-type-simple"},"acf":{"autor":"Marini, Piero","codart":"110252","ediciones":"1","encuadernacion":"R\u00fastica","fecha_de_publicacion":"08\/10\/2019","novedad":false,"paginas":"88","subtitulo":"","orden":"999","portada":false,"idioma":"spa","editorial":[{"ID":6736,"post_author":"2","post_date":"2023-10-06 08:35:24","post_date_gmt":"2023-10-06 06:35:24","post_content":"","post_title":"CPL","post_excerpt":"","post_status":"publish","comment_status":"closed","ping_status":"closed","post_password":"","post_name":"cpl","to_ping":"","pinged":"","post_modified":"2023-10-06 08:35:24","post_modified_gmt":"2023-10-06 06:35:24","post_content_filtered":"","post_parent":0,"guid":"https:\/\/nuevaweb.cpl.es\/editorial\/cpl\/","menu_order":0,"post_type":"editorial","post_mime_type":"","comment_count":"0","filter":"raw"}],"coleccion_num":"252"},"yoast_head":"<!-- This site is optimized with the Yoast SEO plugin v27.3 - https:\/\/yoast.com\/product\/yoast-seo-wordpress\/ -->\n<title>La liturgia a la luz de su reforma - CPL<\/title>\n<meta name=\"robots\" content=\"index, follow, max-snippet:-1, max-image-preview:large, max-video-preview:-1\" \/>\n<link rel=\"canonical\" href=\"https:\/\/www.cpl.es\/producto\/la-liturgia-a-la-luz-de-su-reforma-9788491652519\/\" \/>\n<meta property=\"og:locale\" content=\"ca_ES\" \/>\n<meta property=\"og:type\" content=\"article\" \/>\n<meta property=\"og:title\" content=\"La liturgia a la luz de su reforma - CPL\" \/>\n<meta property=\"og:description\" content=\"Marini, Piero\" \/>\n<meta property=\"og:url\" content=\"https:\/\/www.cpl.es\/producto\/la-liturgia-a-la-luz-de-su-reforma-9788491652519\/\" \/>\n<meta property=\"og:site_name\" content=\"CPL\" \/>\n<meta property=\"article:modified_time\" content=\"2026-02-12T16:39:54+00:00\" \/>\n<meta property=\"og:image\" content=\"https:\/\/www.cpl.es\/wp-content\/uploads\/110252.jpg\" \/>\n\t<meta property=\"og:image:width\" content=\"281\" \/>\n\t<meta property=\"og:image:height\" content=\"422\" \/>\n\t<meta property=\"og:image:type\" content=\"image\/jpeg\" \/>\n<meta name=\"twitter:card\" content=\"summary_large_image\" \/>\n<meta name=\"twitter:label1\" content=\"Temps estimat de lectura\" \/>\n\t<meta name=\"twitter:data1\" content=\"2 minuts\" \/>\n<script type=\"application\/ld+json\" class=\"yoast-schema-graph\">{\"@context\":\"https:\\\/\\\/schema.org\",\"@graph\":[{\"@type\":\"WebPage\",\"@id\":\"https:\\\/\\\/www.cpl.es\\\/producto\\\/la-liturgia-a-la-luz-de-su-reforma-9788491652519\\\/\",\"url\":\"https:\\\/\\\/www.cpl.es\\\/producto\\\/la-liturgia-a-la-luz-de-su-reforma-9788491652519\\\/\",\"name\":\"La liturgia a la luz de su reforma - CPL\",\"isPartOf\":{\"@id\":\"https:\\\/\\\/www.cpl.es\\\/#website\"},\"primaryImageOfPage\":{\"@id\":\"https:\\\/\\\/www.cpl.es\\\/producto\\\/la-liturgia-a-la-luz-de-su-reforma-9788491652519\\\/#primaryimage\"},\"image\":{\"@id\":\"https:\\\/\\\/www.cpl.es\\\/producto\\\/la-liturgia-a-la-luz-de-su-reforma-9788491652519\\\/#primaryimage\"},\"thumbnailUrl\":\"https:\\\/\\\/www.cpl.es\\\/wp-content\\\/uploads\\\/110252.jpg\",\"datePublished\":\"2023-10-03T23:04:22+00:00\",\"dateModified\":\"2026-02-12T16:39:54+00:00\",\"breadcrumb\":{\"@id\":\"https:\\\/\\\/www.cpl.es\\\/producto\\\/la-liturgia-a-la-luz-de-su-reforma-9788491652519\\\/#breadcrumb\"},\"inLanguage\":\"ca\",\"potentialAction\":[{\"@type\":\"ReadAction\",\"target\":[\"https:\\\/\\\/www.cpl.es\\\/producto\\\/la-liturgia-a-la-luz-de-su-reforma-9788491652519\\\/\"]}]},{\"@type\":\"ImageObject\",\"inLanguage\":\"ca\",\"@id\":\"https:\\\/\\\/www.cpl.es\\\/producto\\\/la-liturgia-a-la-luz-de-su-reforma-9788491652519\\\/#primaryimage\",\"url\":\"https:\\\/\\\/www.cpl.es\\\/wp-content\\\/uploads\\\/110252.jpg\",\"contentUrl\":\"https:\\\/\\\/www.cpl.es\\\/wp-content\\\/uploads\\\/110252.jpg\",\"width\":281,\"height\":422,\"caption\":\"110252.jpg\"},{\"@type\":\"BreadcrumbList\",\"@id\":\"https:\\\/\\\/www.cpl.es\\\/producto\\\/la-liturgia-a-la-luz-de-su-reforma-9788491652519\\\/#breadcrumb\",\"itemListElement\":[{\"@type\":\"ListItem\",\"position\":1,\"name\":\"Portada\",\"item\":\"https:\\\/\\\/www.cpl.es\\\/ca\\\/\"},{\"@type\":\"ListItem\",\"position\":2,\"name\":\"Cat\u00e0leg\",\"item\":\"https:\\\/\\\/www.cpl.es\\\/ca\\\/cataleg\\\/\"},{\"@type\":\"ListItem\",\"position\":3,\"name\":\"La liturgia a la luz de su reforma\"}]},{\"@type\":\"WebSite\",\"@id\":\"https:\\\/\\\/www.cpl.es\\\/#website\",\"url\":\"https:\\\/\\\/www.cpl.es\\\/\",\"name\":\"CPL\",\"description\":\"Centre de Pastoral Lit\u00fargica de Barcelona\",\"publisher\":{\"@id\":\"https:\\\/\\\/www.cpl.es\\\/#organization\"},\"alternateName\":\"Centre de Pastoral Lit\u00fargica\",\"potentialAction\":[{\"@type\":\"SearchAction\",\"target\":{\"@type\":\"EntryPoint\",\"urlTemplate\":\"https:\\\/\\\/www.cpl.es\\\/?s={search_term_string}\"},\"query-input\":{\"@type\":\"PropertyValueSpecification\",\"valueRequired\":true,\"valueName\":\"search_term_string\"}}],\"inLanguage\":\"ca\"},{\"@type\":\"Organization\",\"@id\":\"https:\\\/\\\/www.cpl.es\\\/#organization\",\"name\":\"Centre de Pastoral Lit\u00fargica\",\"alternateName\":\"Centre de Pastoral Lit\u00fargica de Barcelona\",\"url\":\"https:\\\/\\\/www.cpl.es\\\/\",\"logo\":{\"@type\":\"ImageObject\",\"inLanguage\":\"ca\",\"@id\":\"https:\\\/\\\/www.cpl.es\\\/#\\\/schema\\\/logo\\\/image\\\/\",\"url\":\"https:\\\/\\\/www.cpl.es\\\/wp-content\\\/uploads\\\/logo-cpl.svg\",\"contentUrl\":\"https:\\\/\\\/www.cpl.es\\\/wp-content\\\/uploads\\\/logo-cpl.svg\",\"caption\":\"Centre de Pastoral Lit\u00fargica\"},\"image\":{\"@id\":\"https:\\\/\\\/www.cpl.es\\\/#\\\/schema\\\/logo\\\/image\\\/\"}}]}<\/script>\n<!-- \/ Yoast SEO plugin. -->","yoast_head_json":{"title":"La liturgia a la luz de su reforma - CPL","robots":{"index":"index","follow":"follow","max-snippet":"max-snippet:-1","max-image-preview":"max-image-preview:large","max-video-preview":"max-video-preview:-1"},"canonical":"https:\/\/www.cpl.es\/producto\/la-liturgia-a-la-luz-de-su-reforma-9788491652519\/","og_locale":"ca_ES","og_type":"article","og_title":"La liturgia a la luz de su reforma - CPL","og_description":"Marini, Piero","og_url":"https:\/\/www.cpl.es\/producto\/la-liturgia-a-la-luz-de-su-reforma-9788491652519\/","og_site_name":"CPL","article_modified_time":"2026-02-12T16:39:54+00:00","og_image":[{"width":281,"height":422,"url":"https:\/\/www.cpl.es\/wp-content\/uploads\/110252.jpg","type":"image\/jpeg"}],"twitter_card":"summary_large_image","twitter_misc":{"Temps estimat de lectura":"2 minuts"},"schema":{"@context":"https:\/\/schema.org","@graph":[{"@type":"WebPage","@id":"https:\/\/www.cpl.es\/producto\/la-liturgia-a-la-luz-de-su-reforma-9788491652519\/","url":"https:\/\/www.cpl.es\/producto\/la-liturgia-a-la-luz-de-su-reforma-9788491652519\/","name":"La liturgia a la luz de su reforma - CPL","isPartOf":{"@id":"https:\/\/www.cpl.es\/#website"},"primaryImageOfPage":{"@id":"https:\/\/www.cpl.es\/producto\/la-liturgia-a-la-luz-de-su-reforma-9788491652519\/#primaryimage"},"image":{"@id":"https:\/\/www.cpl.es\/producto\/la-liturgia-a-la-luz-de-su-reforma-9788491652519\/#primaryimage"},"thumbnailUrl":"https:\/\/www.cpl.es\/wp-content\/uploads\/110252.jpg","datePublished":"2023-10-03T23:04:22+00:00","dateModified":"2026-02-12T16:39:54+00:00","breadcrumb":{"@id":"https:\/\/www.cpl.es\/producto\/la-liturgia-a-la-luz-de-su-reforma-9788491652519\/#breadcrumb"},"inLanguage":"ca","potentialAction":[{"@type":"ReadAction","target":["https:\/\/www.cpl.es\/producto\/la-liturgia-a-la-luz-de-su-reforma-9788491652519\/"]}]},{"@type":"ImageObject","inLanguage":"ca","@id":"https:\/\/www.cpl.es\/producto\/la-liturgia-a-la-luz-de-su-reforma-9788491652519\/#primaryimage","url":"https:\/\/www.cpl.es\/wp-content\/uploads\/110252.jpg","contentUrl":"https:\/\/www.cpl.es\/wp-content\/uploads\/110252.jpg","width":281,"height":422,"caption":"110252.jpg"},{"@type":"BreadcrumbList","@id":"https:\/\/www.cpl.es\/producto\/la-liturgia-a-la-luz-de-su-reforma-9788491652519\/#breadcrumb","itemListElement":[{"@type":"ListItem","position":1,"name":"Portada","item":"https:\/\/www.cpl.es\/ca\/"},{"@type":"ListItem","position":2,"name":"Cat\u00e0leg","item":"https:\/\/www.cpl.es\/ca\/cataleg\/"},{"@type":"ListItem","position":3,"name":"La liturgia a la luz de su reforma"}]},{"@type":"WebSite","@id":"https:\/\/www.cpl.es\/#website","url":"https:\/\/www.cpl.es\/","name":"CPL","description":"Centre de Pastoral Lit\u00fargica de Barcelona","publisher":{"@id":"https:\/\/www.cpl.es\/#organization"},"alternateName":"Centre de Pastoral Lit\u00fargica","potentialAction":[{"@type":"SearchAction","target":{"@type":"EntryPoint","urlTemplate":"https:\/\/www.cpl.es\/?s={search_term_string}"},"query-input":{"@type":"PropertyValueSpecification","valueRequired":true,"valueName":"search_term_string"}}],"inLanguage":"ca"},{"@type":"Organization","@id":"https:\/\/www.cpl.es\/#organization","name":"Centre de Pastoral Lit\u00fargica","alternateName":"Centre de Pastoral Lit\u00fargica de Barcelona","url":"https:\/\/www.cpl.es\/","logo":{"@type":"ImageObject","inLanguage":"ca","@id":"https:\/\/www.cpl.es\/#\/schema\/logo\/image\/","url":"https:\/\/www.cpl.es\/wp-content\/uploads\/logo-cpl.svg","contentUrl":"https:\/\/www.cpl.es\/wp-content\/uploads\/logo-cpl.svg","caption":"Centre de Pastoral Lit\u00fargica"},"image":{"@id":"https:\/\/www.cpl.es\/#\/schema\/logo\/image\/"}}]}},"_links":{"self":[{"href":"https:\/\/www.cpl.es\/ca\/wp-json\/wp\/v2\/product\/1227","targetHints":{"allow":["GET"]}}],"collection":[{"href":"https:\/\/www.cpl.es\/ca\/wp-json\/wp\/v2\/product"}],"about":[{"href":"https:\/\/www.cpl.es\/ca\/wp-json\/wp\/v2\/types\/product"}],"wp:featuredmedia":[{"embeddable":true,"href":"https:\/\/www.cpl.es\/ca\/wp-json\/wp\/v2\/media\/1228"}],"wp:attachment":[{"href":"https:\/\/www.cpl.es\/ca\/wp-json\/wp\/v2\/media?parent=1227"}],"wp:term":[{"taxonomy":"product_brand","embeddable":true,"href":"https:\/\/www.cpl.es\/ca\/wp-json\/wp\/v2\/product_brand?post=1227"},{"taxonomy":"product_cat","embeddable":true,"href":"https:\/\/www.cpl.es\/ca\/wp-json\/wp\/v2\/product_cat?post=1227"},{"taxonomy":"product_tag","embeddable":true,"href":"https:\/\/www.cpl.es\/ca\/wp-json\/wp\/v2\/product_tag?post=1227"}],"curies":[{"name":"wp","href":"https:\/\/api.w.org\/{rel}","templated":true}]}}